{"id":3,"date":"2022-07-28T10:35:48","date_gmt":"2022-07-28T10:35:48","guid":{"rendered":"https:\/\/fishfoodpelletmachine.com\/?page_id=3"},"modified":"2022-09-27T16:35:44","modified_gmt":"2022-09-27T08:35:44","slug":"about-us","status":"publish","type":"page","link":"https:\/\/fishfoodpelletmachine.com\/es\/about-us\/","title":{"rendered":"Sobre nosotros"},"content":{"rendered":"<h2 class=\"wp-block-heading\">\u00bfQuienes somos?<\/h2>    <div class=\"wp-block-media-text alignwide is-stacked-on-mobile\"><figure class=\"wp-block-media-text__media\"><img loading=\"lazy\" decoding=\"async\" width=\"720\" height=\"540\" src=\"https:\/\/fishfoodpelletmachine.com\/wp-content\/uploads\/2022\/09\/Taizy-factory-1-1.webp\" alt=\"\" class=\"wp-image-481 size-full\" title=\"\" srcset=\"https:\/\/fishfoodpelletmachine.com\/wp-content\/uploads\/2022\/09\/Taizy-factory-1-1.webp 720w, https:\/\/fishfoodpelletmachine.com\/wp-content\/uploads\/2022\/09\/Taizy-factory-1-1-300x225.webp 300w\" sizes=\"auto, (max-width: 720px) 100vw, 720px\" \/><\/figure><div class=\"wp-block-media-text__content\"> <p>Taizy\u00a0Machinery es un fabricante muy profesional y famoso de pellets de alimento para peces, pellets para mascotas y maquinaria relacionada. Desde su creaci\u00f3n, Taizy\u00a0Machinery ha estado en el negocio durante m\u00e1s de 20 a\u00f1os. Los principales productos que producimos son m\u00e1quinas peletizadoras para alimento para peces, m\u00e1quinas para alimento para mascotas, trituradoras de granos, mezcladoras, secadoras, m\u00e1quinas sazonadoras, etc. En el proceso de desarrollo, nos mantenemos al d\u00eda con el progreso de la ciencia y la tecnolog\u00eda para desarrollar maquinaria que satisfaga las necesidades de las personas en cuanto a pellets de alimento para peces y alimento para mascotas en diversos per\u00edodos. Estamos comprometidos a producir productos de maquinaria que satisfagan las necesidades del p\u00fablico y sean duraderos. Ahora nuestras m\u00e1quinas se exportan a muchos pa\u00edses. Por ejemplo, Per\u00fa, Ghana, N\u00edger, Angola, Malasia, B\u00e9lgica, etc. Debido a las frecuentes exportaciones a estos pa\u00edses, muchos de nuestros clientes se han convertido en nuestros clientes a largo plazo.<\/p> <\/div><\/div>    <p>Hoy en d\u00eda, hay muchos piscicultores en muchas zonas. Al mismo tiempo, debido al alto costo de comprar alimento para peces, que no conduce a aumentar los ingresos, ahora hay muchos piscicultores que optan por comprar su propia m\u00e1quina peletizadora de alimento para peces para fabricar su propio alimento para peces. De esta manera se puede garantizar la nutrici\u00f3n del alimento para peces mientras que el alimento para peces elaborado por s\u00ed mismo es limpio e higi\u00e9nico. Esto es m\u00e1s propicio para el crecimiento y desarrollo de los peces. Al mismo tiempo, ahorre costes y reduzca los gastos en la compra de alimentos para peces. Hoy en d\u00eda, muchas familias tienen mascotas, por lo que los alimentos para mascotas tambi\u00e9n tienen una gran demanda. Por eso, mucha gente compra la maquinaria necesaria para elaborar comida para mascotas.<\/p>    <h2 class=\"wp-block-heading\">\u00bfCu\u00e1les son nuestros servicios?<\/h2>    <p>1. Recomendar una m\u00e1quina adecuada a nuestros clientes. Antes de recomendar la m\u00e1quina adecuada, primero le pediremos determinar las necesidades espec\u00edficas del cliente, como materias primas, producci\u00f3n, efecto del producto, etc. Luego recomendaremos la m\u00e1quina adecuada de acuerdo con la respuesta del cliente. Los clientes tambi\u00e9n pueden elegir el equipo que quieran entre las m\u00e1quinas que recomendamos.<\/p>    <p>2. Proporcionar al cliente fotograf\u00edas y v\u00eddeos de la m\u00e1quina. Enviaremos las im\u00e1genes, videos y par\u00e1metros t\u00e9cnicos relevantes de la m\u00e1quina en el proceso de comunicaci\u00f3n con los clientes para que los clientes comprendan completamente la m\u00e1quina.<\/p>    <p>3. Admitimos m\u00e1quinas personalizadas. Personalizaremos la m\u00e1quina seg\u00fan las necesidades espec\u00edficas del cliente.<\/p>    <p>4. Contamos con varios m\u00e9todos de pago. Por ejemplo Trade Assurance, T\/T, Money Gram, L\/C, Pay Pal, Western Union, Efectivo, etc. Puede elegir el m\u00e9todo de pago m\u00e1s conveniente.<\/p>    <p>5. Le daremos un a\u00f1o de servicio postventa gratuito. Podemos guiar a nuestros clientes en l\u00ednea y ayudarlos a resolver diversos problemas.<\/p>    <figure class=\"wp-block-gallery has-nested-images columns-3 is-cropped wp-block-gallery-2 is-layout-flex wp-block-gallery-is-layout-flex\"> <figure class=\"wp-block-image size-large\"><img loading=\"lazy\" decoding=\"async\" width=\"720\" height=\"540\" data-id=\"482\" src=\"https:\/\/fishfoodpelletmachine.com\/wp-content\/uploads\/2022\/09\/fish-feed-pellet-machine-1-1.webp\" alt=\"embalaje de caja de madera\" class=\"wp-image-482\" title=\"embalaje de caja de madera\" srcset=\"https:\/\/fishfoodpelletmachine.com\/wp-content\/uploads\/2022\/09\/fish-feed-pellet-machine-1-1.webp 720w, https:\/\/fishfoodpelletmachine.com\/wp-content\/uploads\/2022\/09\/fish-feed-pellet-machine-1-1-300x225.webp 300w\" sizes=\"auto, (max-width: 720px) 100vw, 720px\" \/><figcaption>Embalaje de caja de madera<\/figcaption><\/figure>    <figure class=\"wp-block-image size-large\"><img loading=\"lazy\" decoding=\"async\" width=\"720\" height=\"540\" data-id=\"483\" src=\"https:\/\/fishfoodpelletmachine.com\/wp-content\/uploads\/2022\/09\/shipping-of-the-machine-.webp\" alt=\"env\u00edo de la m\u00e1quina\" class=\"wp-image-483\" title=\"env\u00edo de la m\u00e1quina\" srcset=\"https:\/\/fishfoodpelletmachine.com\/wp-content\/uploads\/2022\/09\/shipping-of-the-machine-.webp 720w, https:\/\/fishfoodpelletmachine.com\/wp-content\/uploads\/2022\/09\/shipping-of-the-machine--300x225.webp 300w\" sizes=\"auto, (max-width: 720px) 100vw, 720px\" \/><figcaption>Env\u00edo de la m\u00e1quina<\/figcaption><\/figure> <\/figure>    <p><\/p>    <p><\/p>    <p><\/p>    <p><\/p>","protected":false},"excerpt":{"rendered":"<p>Who we are? Taizy\u00a0Machinery is a very professional and famous manufacturer of fish food pellets, pet pellets, and related machinery. Since its establishment, Taizy\u00a0Machinery has been in business for more than 20 years. The main products we produce are fish food pellet machines, pet food machines, grain crushers, mixers, dryers, seasoning machines, and so on. [&hellip;]<\/p>\n","protected":false},"author":1,"featured_media":0,"parent":0,"menu_order":0,"comment_status":"closed","ping_status":"open","template":"","meta":{"footnotes":""},"class_list":["post-3","page","type-page","status-publish","hentry"],"_links":{"self":[{"href":"https:\/\/fishfoodpelletmachine.com\/es\/wp-json\/wp\/v2\/pages\/3","targetHints":{"allow":["GET"]}}],"collection":[{"href":"https:\/\/fishfoodpelletmachine.com\/es\/wp-json\/wp\/v2\/pages"}],"about":[{"href":"https:\/\/fishfoodpelletmachine.com\/es\/wp-json\/wp\/v2\/types\/page"}],"author":[{"embeddable":true,"href":"https:\/\/fishfoodpelletmachine.com\/es\/wp-json\/wp\/v2\/users\/1"}],"replies":[{"embeddable":true,"href":"https:\/\/fishfoodpelletmachine.com\/es\/wp-json\/wp\/v2\/comments?post=3"}],"version-history":[{"count":0,"href":"https:\/\/fishfoodpelletmachine.com\/es\/wp-json\/wp\/v2\/pages\/3\/revisions"}],"wp:attachment":[{"href":"https:\/\/fishfoodpelletmachine.com\/es\/wp-json\/wp\/v2\/media?parent=3"}],"curies":[{"name":"wp","href":"https:\/\/api.w.org\/{rel}","templated":true}]}}