{"id":1023,"date":"2025-10-21T11:25:41","date_gmt":"2025-10-21T03:25:41","guid":{"rendered":"https:\/\/fishfoodpelletmachine.com\/?post_type=product&#038;p=1023"},"modified":"2025-10-22T09:30:26","modified_gmt":"2025-10-22T01:30:26","slug":"chicken-feed-pellet-making-machine","status":"publish","type":"product","link":"https:\/\/fishfoodpelletmachine.com\/es\/product\/chicken-feed-pellet-making-machine\/","title":{"rendered":"M\u00e1quina para hacer pellets de pienso de pollo"},"content":{"rendered":"<p class=\"translation-block\">La <strong>m\u00e1quina para fabricar pellets de pienso para pollo<\/strong> procesa principalmente diversas materias primas, como harina de ma\u00edz, harina de pasto y salvado de trigo, en pellets de pienso para pollo. Los pellets suelen medir entre 2 y 10 cm y pueden personalizarse.<\/p>    <p>La m\u00e1quina de pellets de pollo Taizy es altamente eficiente, con una capacidad de producci\u00f3n de 120-1200 kg\/h. Es adecuada para la producci\u00f3n de todos los tama\u00f1os. Ya sea que seas un granjero individual o una f\u00e1brica de procesamiento de piensos, nuestras m\u00e1quinas pueden satisfacer tus necesidades.<\/p>    <figure class=\"wp-block-embed is-type-video is-provider-youtube wp-block-embed-youtube wp-embed-aspect-16-9 wp-has-aspect-ratio\"><div class=\"wp-block-embed__wrapper\"> <iframe loading=\"lazy\" title=\"M\u00e1quina de fabricar pellets de pienso para aves | Extrusora de pellets de pienso av\u00edcola para pollo, cabras, ganado\" width=\"500\" height=\"281\" src=\"https:\/\/www.youtube.com\/embed\/DM-smjv6fyo?feature=oembed\" frameborder=\"0\" allow=\"accelerometer; autoplay; clipboard-write; encrypted-media; gyroscope; picture-in-picture; web-share\" referrerpolicy=\"strict-origin-when-cross-origin\" allowfullscreen><\/iframe> <\/div><figcaption class=\"wp-element-caption\">proceso de trabajo de la m\u00e1quina de pellets de pienso para pollo<\/figcaption><\/figure>    <h2 class=\"wp-block-heading\"><strong>Caracter\u00edsticas de la m\u00e1quina de pellets de pienso para pollo<\/strong><\/h2>    <ul class=\"wp-block-list\"> <li>Nuestra m\u00e1quina de pellets para pienso de pollo es muy <strong>f\u00e1cil de operar<\/strong> y no requiere capacitaci\u00f3n especial. Normalmente, una persona puede operarlo.<\/li>    <li>La m\u00e1quina de fabricaci\u00f3n de pellets de pienso para pollo Taizy tiene un <strong>eficiencia de producci\u00f3n de 120-1200kg\/h<\/strong> y es adecuado para la producci\u00f3n de todos los tama\u00f1os.<\/li>    <li>Los pellets de pienso para pollo procesados por esta m\u00e1quina son <strong>de forma uniforme y no f\u00e1cil de romper<\/strong>.<\/li>    <li>El rango de aplicaci\u00f3n de nuestro equipo de procesamiento de pienso para pollo es muy amplio. No solo se puede usar para procesar pienso de pollo, sino tambi\u00e9n para procesar diversos <strong>piensos como ganado, ovejas y caballos<\/strong>.<\/li>    <li>Esta m\u00e1quina puede estar equipada con <strong>motor di\u00e9sel, motor de gasolina o motor el\u00e9ctrico<\/strong>. Es adecuado para su uso en varias regiones.<\/li>    <li>Su <strong>Las piezas de repuesto son f\u00e1ciles de instalar<\/strong>, y los rodillos y moldes son relativamente asequibles.<\/li> <\/ul>    <figure class=\"wp-block-gallery has-nested-images columns-default is-cropped wp-block-gallery-2 is-layout-flex wp-block-gallery-is-layout-flex\"> <figure class=\"wp-block-image size-large\"><img loading=\"lazy\" decoding=\"async\" width=\"720\" height=\"540\" data-id=\"1001\" src=\"https:\/\/fishfoodpelletmachine.com\/wp-content\/uploads\/2025\/08\/animal-feed-pelleting-machine.webp\" alt=\"m\u00e1quina para fabricar pellets de pienso para pollo\" class=\"wp-image-1001\" title=\"\" srcset=\"https:\/\/fishfoodpelletmachine.com\/wp-content\/uploads\/2025\/08\/animal-feed-pelleting-machine.webp 720w, https:\/\/fishfoodpelletmachine.com\/wp-content\/uploads\/2025\/08\/animal-feed-pelleting-machine-300x225.webp 300w, https:\/\/fishfoodpelletmachine.com\/wp-content\/uploads\/2025\/08\/animal-feed-pelleting-machine-16x12.webp 16w\" sizes=\"auto, (max-width: 720px) 100vw, 720px\" \/><figcaption class=\"wp-element-caption\">M\u00e1quina para fabricar pellets de pienso de pollo<\/figcaption><\/figure>    <figure class=\"wp-block-image size-large\"><img loading=\"lazy\" decoding=\"async\" width=\"284\" height=\"243\" data-id=\"1014\" src=\"https:\/\/fishfoodpelletmachine.com\/wp-content\/uploads\/2025\/09\/feed-pellet-making-machine.png\" alt=\"m\u00e1quina para fabricar pellets de alimentaci\u00f3n\" class=\"wp-image-1014\" title=\"\" srcset=\"https:\/\/fishfoodpelletmachine.com\/wp-content\/uploads\/2025\/09\/feed-pellet-making-machine.png 284w, https:\/\/fishfoodpelletmachine.com\/wp-content\/uploads\/2025\/09\/feed-pellet-making-machine-14x12.png 14w\" sizes=\"auto, (max-width: 284px) 100vw, 284px\" \/><figcaption class=\"wp-element-caption\">Fabricante de pellets de pollo<\/figcaption><\/figure> <\/figure>    <h2 class=\"wp-block-heading\"><strong>Estructura de la m\u00e1quina de pellets de pienso para pollo<\/strong><\/h2>    <p>La estructura de nuestra m\u00e1quina de pellets de pienso para pollo es muy simple. Consta de tolva de alimentaci\u00f3n, tuerca de ajuste, disco de molienda, rueda m\u00f3vil, etc. <\/p>   <div class=\"wp-block-image\"> <figure class=\"aligncenter size-full\"><img loading=\"lazy\" decoding=\"async\" width=\"720\" height=\"540\" src=\"https:\/\/fishfoodpelletmachine.com\/wp-content\/uploads\/2025\/07\/structure-animal-feed-pellet-mill.webp\" alt=\"estructura de la pelletizadora de pienso para pollo\" class=\"wp-image-965\" title=\"\" srcset=\"https:\/\/fishfoodpelletmachine.com\/wp-content\/uploads\/2025\/07\/structure-animal-feed-pellet-mill.webp 720w, https:\/\/fishfoodpelletmachine.com\/wp-content\/uploads\/2025\/07\/structure-animal-feed-pellet-mill-300x225.webp 300w, https:\/\/fishfoodpelletmachine.com\/wp-content\/uploads\/2025\/07\/structure-animal-feed-pellet-mill-16x12.webp 16w\" sizes=\"auto, (max-width: 720px) 100vw, 720px\" \/><figcaption class=\"wp-element-caption\">estructura de la pelletizadora de pienso para pollo<\/figcaption><\/figure> <\/div>   <h2 class=\"wp-block-heading\"><strong>Par\u00e1metros de la m\u00e1quina de pellets de pienso para pollo<\/strong><\/h2>    <figure class=\"wp-block-table\"><table><tbody><tr><td class=\"has-text-align-left\" data-align=\"left\">Modelo<\/td><td class=\"has-text-align-left\" data-align=\"left\">Fuerza<\/td><td class=\"has-text-align-left\" data-align=\"left\">Peso de la m\u00e1quina<\/td><td>Tama\u00f1o de la m\u00e1quina<\/td><td>Capacidad<\/td><\/tr><tr><td class=\"has-text-align-left\" data-align=\"left\">KL-120<\/td><td class=\"has-text-align-left\" data-align=\"left\">3kW<\/td><td class=\"has-text-align-left\" data-align=\"left\">100kg<\/td><td>0.75*0.32*0.61m<\/td><td>120kg\/h<\/td><\/tr><tr><td class=\"has-text-align-left\" data-align=\"left\">KL-150<\/td><td class=\"has-text-align-left\" data-align=\"left\">3kW<\/td><td class=\"has-text-align-left\" data-align=\"left\">190kg<\/td><td>0.75*0.35*0.65m<\/td><td>150kg\/hora<\/td><\/tr><tr><td class=\"has-text-align-left\" data-align=\"left\">KL-210<\/td><td class=\"has-text-align-left\" data-align=\"left\">7,5 kw<\/td><td class=\"has-text-align-left\" data-align=\"left\">230kg<\/td><td>1.0*0.45*0.96m<\/td><td>400kg\/h<\/td><\/tr><tr><td class=\"has-text-align-left\" data-align=\"left\">KL-260<\/td><td class=\"has-text-align-left\" data-align=\"left\">15kW<\/td><td class=\"has-text-align-left\" data-align=\"left\">360kg<\/td><td>1.46*0.46*1.15m<\/td><td>800kg\/h<\/td><\/tr><tr><td class=\"has-text-align-left\" data-align=\"left\">KL-300<\/td><td class=\"has-text-align-left\" data-align=\"left\">22kw<\/td><td class=\"has-text-align-left\" data-align=\"left\">450kg<\/td><td>1.06*0.57*1.15m<\/td><td>1000-1200kg\/h<\/td><\/tr><\/tbody><\/table><figcaption class=\"wp-element-caption\">par\u00e1metros del equipo de pellet de pienso para pollo<\/figcaption><\/figure>    <h2 class=\"wp-block-heading\"><strong>Principio de funcionamiento de la extrusora de pellets de pienso para pollo<\/strong><\/h2>    <ul class=\"wp-block-list\"> <li><strong>Preparaci\u00f3n previa al inicio<\/strong>: Primero, a\u00f1ada aceite de engranajes a la transmisi\u00f3n, ajuste la tensi\u00f3n de la correa y haga funcionar la m\u00e1quina sin carga para confirmar su funcionamiento normal antes de preparar la alimentaci\u00f3n.<\/li>    <li><strong>Lubricaci\u00f3n del dado y prueba de la m\u00e1quina<\/strong>: Antes del primer uso, utilice polvo de hierba mezclado con una peque\u00f1a cantidad de aceite vegetal como lubricante. Al comenzar la m\u00e1quina, a\u00f1ada gradualmente el material para lubricar completamente el orificio del dado hasta que las part\u00edculas salgan con suavidad.<\/li>    <li><strong>Producci\u00f3n formal<\/strong>: Despu\u00e9s de completar la lubricaci\u00f3n, la granulaci\u00f3n puede comenzar normalmente. La longitud de las part\u00edculas de alimento se puede ajustar reemplazando el disco de molienda.<\/li>    <li><strong>Apagado y limpieza<\/strong>: Despu\u00e9s de completar el procesamiento, afloje los tornillos de ajuste para liberar los rodillos. Despu\u00e9s de apagar, limpie la tolva y la bandeja del dado para evitar atascos o da\u00f1os en la m\u00e1quina.<\/li> <\/ul>    <figure class=\"wp-block-gallery has-nested-images columns-default is-cropped wp-block-gallery-3 is-layout-flex wp-block-gallery-is-layout-flex\"> <figure class=\"wp-block-image size-large\"><img loading=\"lazy\" decoding=\"async\" width=\"720\" height=\"540\" data-id=\"958\" src=\"https:\/\/fishfoodpelletmachine.com\/wp-content\/uploads\/2025\/07\/different-sizes-of-grinding-discs-for-feed-pelletizer.webp\" alt=\"los diferentes tama\u00f1os de discos de molienda para el pelletizador de alimento\" class=\"wp-image-958\" title=\"\" srcset=\"https:\/\/fishfoodpelletmachine.com\/wp-content\/uploads\/2025\/07\/different-sizes-of-grinding-discs-for-feed-pelletizer.webp 720w, https:\/\/fishfoodpelletmachine.com\/wp-content\/uploads\/2025\/07\/different-sizes-of-grinding-discs-for-feed-pelletizer-300x225.webp 300w, https:\/\/fishfoodpelletmachine.com\/wp-content\/uploads\/2025\/07\/different-sizes-of-grinding-discs-for-feed-pelletizer-16x12.webp 16w\" sizes=\"auto, (max-width: 720px) 100vw, 720px\" \/><figcaption class=\"wp-element-caption\">Los diferentes tama\u00f1os de discos de molienda para el pelletizador de pienso para pollo<\/figcaption><\/figure>    <figure class=\"wp-block-image size-large\"><img loading=\"lazy\" decoding=\"async\" width=\"720\" height=\"540\" data-id=\"964\" src=\"https:\/\/fishfoodpelletmachine.com\/wp-content\/uploads\/2025\/07\/roller-and-mill-plate-of-animal-feed-pelllet-machine-tuya.webp\" alt=\"rodillo y placa de molino de la m\u00e1quina de pellets de alimento animal\" class=\"wp-image-964\" title=\"\" srcset=\"https:\/\/fishfoodpelletmachine.com\/wp-content\/uploads\/2025\/07\/roller-and-mill-plate-of-animal-feed-pelllet-machine-tuya.webp 720w, https:\/\/fishfoodpelletmachine.com\/wp-content\/uploads\/2025\/07\/roller-and-mill-plate-of-animal-feed-pelllet-machine-tuya-300x225.webp 300w, https:\/\/fishfoodpelletmachine.com\/wp-content\/uploads\/2025\/07\/roller-and-mill-plate-of-animal-feed-pelllet-machine-tuya-16x12.webp 16w\" sizes=\"auto, (max-width: 720px) 100vw, 720px\" \/><figcaption class=\"wp-element-caption\">Rodillo y placa de molienda de la m\u00e1quina de pellet de pienso para pollo<\/figcaption><\/figure> <\/figure>    <h2 class=\"wp-block-heading\"><strong>Materias primas y productos terminados<\/strong><\/h2>    <p>Materias primas: Esta m\u00e1quina de fabricar pellets de pienso para pollo puede utilizar una variedad de materias primas, como ma\u00edz, cascarilla de arroz, tallos de algod\u00f3n, cascos de semilla de algod\u00f3n, salvado de trigo y varios polvos de granos.<\/p>    <figure class=\"wp-block-gallery has-nested-images columns-default is-cropped wp-block-gallery-4 is-layout-flex wp-block-gallery-is-layout-flex\"> <figure class=\"wp-block-image size-large\"><img loading=\"lazy\" decoding=\"async\" width=\"720\" height=\"540\" data-id=\"1025\" src=\"https:\/\/fishfoodpelletmachine.com\/wp-content\/uploads\/2025\/10\/raw-materials-for-chicken-feed-pellet-maker.webp\" alt=\"materias primas para la m\u00e1quina de pellet de pollo\" class=\"wp-image-1025\" title=\"\" srcset=\"https:\/\/fishfoodpelletmachine.com\/wp-content\/uploads\/2025\/10\/raw-materials-for-chicken-feed-pellet-maker.webp 720w, https:\/\/fishfoodpelletmachine.com\/wp-content\/uploads\/2025\/10\/raw-materials-for-chicken-feed-pellet-maker-300x225.webp 300w, https:\/\/fishfoodpelletmachine.com\/wp-content\/uploads\/2025\/10\/raw-materials-for-chicken-feed-pellet-maker-16x12.webp 16w\" sizes=\"auto, (max-width: 720px) 100vw, 720px\" \/><figcaption class=\"wp-element-caption\">Materias Primas para la Fabricaci\u00f3n de Pellet de Pollo<\/figcaption><\/figure>    <figure class=\"wp-block-image size-large\"><img loading=\"lazy\" decoding=\"async\" width=\"720\" height=\"540\" data-id=\"1026\" src=\"https:\/\/fishfoodpelletmachine.com\/wp-content\/uploads\/2025\/10\/raw-materials-for-chicken-feed-pellet-making-machine.webp\" alt=\"materias primas para la m\u00e1quina de pellets de pollo\" class=\"wp-image-1026\" title=\"\" srcset=\"https:\/\/fishfoodpelletmachine.com\/wp-content\/uploads\/2025\/10\/raw-materials-for-chicken-feed-pellet-making-machine.webp 720w, https:\/\/fishfoodpelletmachine.com\/wp-content\/uploads\/2025\/10\/raw-materials-for-chicken-feed-pellet-making-machine-300x225.webp 300w, https:\/\/fishfoodpelletmachine.com\/wp-content\/uploads\/2025\/10\/raw-materials-for-chicken-feed-pellet-making-machine-16x12.webp 16w\" sizes=\"auto, (max-width: 720px) 100vw, 720px\" \/><figcaption class=\"wp-element-caption\">Materias primas para la m\u00e1quina de pellets de pienso de pollo<\/figcaption><\/figure>    <figure class=\"wp-block-image size-large\"><img loading=\"lazy\" decoding=\"async\" width=\"720\" height=\"540\" data-id=\"1027\" src=\"https:\/\/fishfoodpelletmachine.com\/wp-content\/uploads\/2025\/10\/raw-materials-for-chicken-feed-pellet-mill.webp\" alt=\"materias primas para la m\u00e1quina de pellets de pollo\" class=\"wp-image-1027\" title=\"\" srcset=\"https:\/\/fishfoodpelletmachine.com\/wp-content\/uploads\/2025\/10\/raw-materials-for-chicken-feed-pellet-mill.webp 720w, https:\/\/fishfoodpelletmachine.com\/wp-content\/uploads\/2025\/10\/raw-materials-for-chicken-feed-pellet-mill-300x225.webp 300w, https:\/\/fishfoodpelletmachine.com\/wp-content\/uploads\/2025\/10\/raw-materials-for-chicken-feed-pellet-mill-16x12.webp 16w\" sizes=\"auto, (max-width: 720px) 100vw, 720px\" \/><figcaption class=\"wp-element-caption\">Materias primas para el Molinillo de Pienso de Pollo<\/figcaption><\/figure> <\/figure>    <p>Producto terminado: El producto final prensado por la m\u00e1quina de pellets de pienso para pollo es un alimento pellet cil\u00edndrico de 2-10 mm, con una apariencia ordenada, estructura compacta y nutrici\u00f3n equilibrada. Es una de las formas m\u00e1s populares de pienso para pollo en el mercado.<\/p>    <figure class=\"wp-block-gallery has-nested-images columns-default is-cropped wp-block-gallery-5 is-layout-flex wp-block-gallery-is-layout-flex\"> <figure class=\"wp-block-image size-large\"><img loading=\"lazy\" decoding=\"async\" width=\"720\" height=\"540\" data-id=\"1028\" src=\"https:\/\/fishfoodpelletmachine.com\/wp-content\/uploads\/2025\/10\/finished-products-of-chicken-feed-pellet-extruder.webp\" alt=\"productos terminados del equipo de fabricaci\u00f3n de pellets de pienso de pollo\" class=\"wp-image-1028\" title=\"\" srcset=\"https:\/\/fishfoodpelletmachine.com\/wp-content\/uploads\/2025\/10\/finished-products-of-chicken-feed-pellet-extruder.webp 720w, https:\/\/fishfoodpelletmachine.com\/wp-content\/uploads\/2025\/10\/finished-products-of-chicken-feed-pellet-extruder-300x225.webp 300w, https:\/\/fishfoodpelletmachine.com\/wp-content\/uploads\/2025\/10\/finished-products-of-chicken-feed-pellet-extruder-16x12.webp 16w\" sizes=\"auto, (max-width: 720px) 100vw, 720px\" \/><figcaption class=\"wp-element-caption\">Productos terminados de equipo de fabricaci\u00f3n de pellets de pienso para pollo<\/figcaption><\/figure>    <figure class=\"wp-block-image size-large\"><img loading=\"lazy\" decoding=\"async\" width=\"720\" height=\"540\" data-id=\"1029\" src=\"https:\/\/fishfoodpelletmachine.com\/wp-content\/uploads\/2025\/10\/finished-products-of-chicken-feed-pellet-machine.webp\" alt=\"producto terminado de la m\u00e1quina de pellets de pienso para pollo\" class=\"wp-image-1029\" title=\"\" srcset=\"https:\/\/fishfoodpelletmachine.com\/wp-content\/uploads\/2025\/10\/finished-products-of-chicken-feed-pellet-machine.webp 720w, https:\/\/fishfoodpelletmachine.com\/wp-content\/uploads\/2025\/10\/finished-products-of-chicken-feed-pellet-machine-300x225.webp 300w, https:\/\/fishfoodpelletmachine.com\/wp-content\/uploads\/2025\/10\/finished-products-of-chicken-feed-pellet-machine-16x12.webp 16w\" sizes=\"auto, (max-width: 720px) 100vw, 720px\" \/><figcaption class=\"wp-element-caption\">Producto terminado de la m\u00e1quina de pellets de pienso de pollo<\/figcaption><\/figure>    <figure class=\"wp-block-image size-large\"><img loading=\"lazy\" decoding=\"async\" width=\"720\" height=\"540\" data-id=\"1030\" src=\"https:\/\/fishfoodpelletmachine.com\/wp-content\/uploads\/2025\/10\/finished-products-of-chicken-feed-pellet-mill.webp\" alt=\"producto terminado del molino de pellets de pienso para pollo\" class=\"wp-image-1030\" title=\"\" srcset=\"https:\/\/fishfoodpelletmachine.com\/wp-content\/uploads\/2025\/10\/finished-products-of-chicken-feed-pellet-mill.webp 720w, https:\/\/fishfoodpelletmachine.com\/wp-content\/uploads\/2025\/10\/finished-products-of-chicken-feed-pellet-mill-300x225.webp 300w, https:\/\/fishfoodpelletmachine.com\/wp-content\/uploads\/2025\/10\/finished-products-of-chicken-feed-pellet-mill-16x12.webp 16w\" sizes=\"auto, (max-width: 720px) 100vw, 720px\" \/><figcaption class=\"wp-element-caption\">Producto terminado del molino de pellets de pienso para pollo<\/figcaption><\/figure> <\/figure>    <h2 class=\"wp-block-heading\"><strong>Beneficios de los pellets de pienso para pollo<\/strong><\/h2>    <p>En comparaci\u00f3n con el pienso en polvo tradicional, el pienso en forma de pellet producido por la m\u00e1quina de pellet de pienso para pollo ofrece ventajas significativas:<\/p>    <ul class=\"wp-block-list\"> <li><strong>Aumento en la ingesta de alimento<\/strong>: Los pellets son sabrosos, lo que los hace m\u00e1s apetitosos para las gallinas.<\/li>    <li><strong>Reducci\u00f3n de residuos<\/strong>: Los pellets tienen menos probabilidades de ser soplados o recogidos por las aves, lo que resulta en una alta utilizaci\u00f3n del alimento.<\/li>    <li><strong>Mejoras en la digesti\u00f3n y absorci\u00f3n<\/strong>: El prensado a alta temperatura mejora la estructura de la materia prima, haciendo que los nutrientes sean m\u00e1s f\u00e1cilmente absorbidos.<\/li>    <li><strong>Esterilizaci\u00f3n y desinfecci\u00f3n<\/strong>: Las altas temperaturas durante el proceso de prensado matan la mayor\u00eda de las bacterias da\u00f1inas.<\/li>    <li><strong>F\u00e1cil de almacenar y transportar<\/strong>: Los pellets son resistentes a moho, presi\u00f3n y humedad, extendiendo su vida \u00fatil.<\/li> <\/ul>    <h2 class=\"wp-block-heading\"><strong>Precio de la m\u00e1quina de pellets de pienso para pollo<\/strong><\/h2>    <p>El precio de la m\u00e1quina para fabricar pellets de pienso de pollo var\u00eda seg\u00fan factores como modelo, rendimiento, tipo de potencia, material y configuraci\u00f3n. En general, mayor rendimiento, mayor configuraci\u00f3n y mejor material de la matriz implicar\u00e1n precios m\u00e1s altos. <\/p>   <div class=\"wp-block-image\"> <figure class=\"aligncenter size-full\"><img loading=\"lazy\" decoding=\"async\" width=\"720\" height=\"540\" src=\"https:\/\/fishfoodpelletmachine.com\/wp-content\/uploads\/2025\/07\/animal-feed-pellet-machine-with-diesel-engine.webp\" alt=\"m\u00e1quina de pellets de alimento para animales con motor di\u00e9sel\" class=\"wp-image-957\" title=\"\" srcset=\"https:\/\/fishfoodpelletmachine.com\/wp-content\/uploads\/2025\/07\/animal-feed-pellet-machine-with-diesel-engine.webp 720w, https:\/\/fishfoodpelletmachine.com\/wp-content\/uploads\/2025\/07\/animal-feed-pellet-machine-with-diesel-engine-300x225.webp 300w, https:\/\/fishfoodpelletmachine.com\/wp-content\/uploads\/2025\/07\/animal-feed-pellet-machine-with-diesel-engine-16x12.webp 16w\" sizes=\"auto, (max-width: 720px) 100vw, 720px\" \/><figcaption class=\"wp-element-caption\">molinillo de pienso para pollo<\/figcaption><\/figure> <\/div>   <p>Al comprar, los compradores no deben centrarse \u00fanicamente en el precio, sino tambi\u00e9n en la estabilidad de la m\u00e1quina, su durabilidad y la calidad de la producci\u00f3n de pellets. Una m\u00e1quina de alta calidad puede mantener una operaci\u00f3n eficiente a largo plazo, reducir los costos de mantenimiento, asegurar una calidad de pienso estable y, en \u00faltima instancia, generar mayores retornos.<\/p>    <h2 class=\"wp-block-heading\"><strong>Caso de \u00e9xito de la m\u00e1quina de pellets de pienso para aves Taizy<\/strong><\/h2>    <p class=\"translation-block\"><strong>Cuatro m\u00e1quinas de pellets de pienso para pollo enviadas a Marruecos<\/strong><\/p>    <p>Recientemente, Taiz export\u00f3 con \u00e9xito cuatro m\u00e1quinas de pellets de pienso para pollo a Marruecos. Este equipo form\u00f3 parte de una licitaci\u00f3n local de equipos ganaderos. Despu\u00e9s de ganar la licitaci\u00f3n, el cliente compar\u00f3 varias opciones y finalmente eligi\u00f3 Taizy.<\/p>    <figure class=\"wp-block-gallery has-nested-images columns-default is-cropped wp-block-gallery-6 is-layout-flex wp-block-gallery-is-layout-flex\"> <figure class=\"wp-block-image size-large\"><img loading=\"lazy\" decoding=\"async\" width=\"720\" height=\"540\" data-id=\"1002\" src=\"https:\/\/fishfoodpelletmachine.com\/wp-content\/uploads\/2025\/08\/animal-feed-pelletizer.webp\" alt=\"peletizadora de alimento para aves\" class=\"wp-image-1002\" title=\"\" srcset=\"https:\/\/fishfoodpelletmachine.com\/wp-content\/uploads\/2025\/08\/animal-feed-pelletizer.webp 720w, https:\/\/fishfoodpelletmachine.com\/wp-content\/uploads\/2025\/08\/animal-feed-pelletizer-300x225.webp 300w, https:\/\/fishfoodpelletmachine.com\/wp-content\/uploads\/2025\/08\/animal-feed-pelletizer-16x12.webp 16w\" sizes=\"auto, (max-width: 720px) 100vw, 720px\" \/><figcaption class=\"wp-element-caption\">Pelletizador de aves<\/figcaption><\/figure>    <figure class=\"wp-block-image size-large\"><img loading=\"lazy\" decoding=\"async\" width=\"540\" height=\"720\" data-id=\"1017\" src=\"https:\/\/fishfoodpelletmachine.com\/wp-content\/uploads\/2025\/09\/feed-pellet-maker-machine.webp\" alt=\"m\u00e1quina fabricante de pellets de pollo\" class=\"wp-image-1017\" title=\"\" srcset=\"https:\/\/fishfoodpelletmachine.com\/wp-content\/uploads\/2025\/09\/feed-pellet-maker-machine.webp 540w, https:\/\/fishfoodpelletmachine.com\/wp-content\/uploads\/2025\/09\/feed-pellet-maker-machine-225x300.webp 225w, https:\/\/fishfoodpelletmachine.com\/wp-content\/uploads\/2025\/09\/feed-pellet-maker-machine-9x12.webp 9w\" sizes=\"auto, (max-width: 540px) 100vw, 540px\" \/><figcaption class=\"wp-element-caption\">M\u00e1quina fabricante de pellets de pienso para pollo<\/figcaption><\/figure> <\/figure>    <p>Proporcionamos el modelo adecuado seg\u00fan las necesidades de producci\u00f3n y est\u00e1ndares de voltaje del cliente. El equipo fue entregado y puesto en operaci\u00f3n con \u00e9xito. Las m\u00e1quinas funcionan de forma estable y el cliente est\u00e1 muy satisfecho con su rendimiento.<\/p>    <h2 class=\"wp-block-heading\"><strong>\u00a1Cont\u00e1ctanos ahora!<\/strong><\/h2>    <p>Como proveedor experimentado de m\u00e1quinas de pellets de pienso para animales, Taizy se compromete a proporcionar a nuestros clientes m\u00e1quinas de la m\u00e1s alta calidad y un servicio postventa integral.<\/p>    <p class=\"translation-block\">Adem\u00e1s de la m\u00e1quina para pellets de pienso de pollo, tambi\u00e9n ofrecemos <a href=\"https:\/\/fishfoodpelletmachine.com\/es\/product\/fish-pellet-making-machine\/\">m\u00e1quina de pellets de alimento para peces<\/a>, <a href=\"https:\/\/fishfoodpelletmachine.com\/es\/product\/pet-food-extruder\/\">m\u00e1quina de pellets de alimento para mascotas<\/a>, y m\u00e1s. Si tiene alguna pregunta, no dude en contactarnos y le proporcionaremos una soluci\u00f3n personalizada.<\/p>","protected":false},"excerpt":{"rendered":"<p>Este art\u00edculo se centra en la m\u00e1quina para fabricar pellets de pienso de pollo. Esta m\u00e1quina tiene una capacidad de producci\u00f3n de 120-1200 kg\/h. Puede procesar una variedad de materias primas, como harina de ma\u00edz, salvado de trigo y harina de cascarilla de arroz, en pellets de pienso para pollo. Adem\u00e1s de pienso para pollo, tambi\u00e9n puede usarse para hacer pienso para ganado, ovejas y m\u00e1s.<\/p>","protected":false},"author":1,"featured_media":1024,"parent":0,"template":"","tags":[76,51],"product-type":[4],"class_list":["post-1023","product","type-product","status-publish","has-post-thumbnail","hentry","tag-chicken-feed-pellet","tag-feed-pellet","product-type-feed-grinding-machine"],"_links":{"self":[{"href":"https:\/\/fishfoodpelletmachine.com\/es\/wp-json\/wp\/v2\/product\/1023","targetHints":{"allow":["GET"]}}],"collection":[{"href":"https:\/\/fishfoodpelletmachine.com\/es\/wp-json\/wp\/v2\/product"}],"about":[{"href":"https:\/\/fishfoodpelletmachine.com\/es\/wp-json\/wp\/v2\/types\/product"}],"author":[{"embeddable":true,"href":"https:\/\/fishfoodpelletmachine.com\/es\/wp-json\/wp\/v2\/users\/1"}],"wp:featuredmedia":[{"embeddable":true,"href":"https:\/\/fishfoodpelletmachine.com\/es\/wp-json\/wp\/v2\/media\/1024"}],"wp:attachment":[{"href":"https:\/\/fishfoodpelletmachine.com\/es\/wp-json\/wp\/v2\/media?parent=1023"}],"wp:term":[{"taxonomy":"post_tag","embeddable":true,"href":"https:\/\/fishfoodpelletmachine.com\/es\/wp-json\/wp\/v2\/tags?post=1023"},{"taxonomy":"product-type","embeddable":true,"href":"https:\/\/fishfoodpelletmachine.com\/es\/wp-json\/wp\/v2\/product-type?post=1023"}],"curies":[{"name":"wp","href":"https:\/\/api.w.org\/{rel}","templated":true}]}}