{"id":103,"date":"2022-08-03T08:46:51","date_gmt":"2022-08-03T08:46:51","guid":{"rendered":"https:\/\/fishfoodpelletmachine.com\/?post_type=product&#038;p=103"},"modified":"2024-02-26T18:08:31","modified_gmt":"2024-02-26T10:08:31","slug":"pet-food-production-line-2","status":"publish","type":"product","link":"https:\/\/fishfoodpelletmachine.com\/es\/product\/pet-food-production-line-2\/","title":{"rendered":"L\u00ednea de producci\u00f3n de alimentos para mascotas \u4e28 L\u00ednea de procesamiento de extrusoras de alimentos para mascotas"},"content":{"rendered":"<p>La l\u00ednea de producci\u00f3n de alimentos para mascotas es un equipo profesional que puede producir diversas formas de alimentos para mascotas. La l\u00ednea generalmente cuenta con varias m\u00e1quinas combinadas con un alto grado de automatizaci\u00f3n. Y diferentes modelos pueden producir diferentes resultados. Los clientes pueden elegir el modelo de m\u00e1quina adecuado seg\u00fan sus necesidades. <\/p>    <p>Adem\u00e1s, disponemos de diferentes moldes de descarga, por lo que podemos producir muchas formas diferentes. Hay muchas m\u00e1quinas incluidas en nuestra l\u00ednea de producci\u00f3n, por lo que los clientes pueden comprar el juego completo o elegir el equipo que necesitan.<\/p>    <h2 class=\"wp-block-heading\" id=\"h-using-scopes-of-pet-food-production-line\">Uso de alcances de la l\u00ednea de producci\u00f3n de alimentos para mascotas.<\/h2>    <h3 class=\"wp-block-heading\"><strong>1. Materias primas: <\/strong><\/h3>    <p>Materias primas de almid\u00f3n: prote\u00edna de ma\u00edz en polvo, copos de ma\u00edz, gluten, salvado de trigo o tipo malta. <\/p>    <p>Materias primas proteicas: harina de soja y harina gruesa de soja, harina de carne, harina de huesos, harina de ave y harina de pescado.<\/p>    <h3 class=\"wp-block-heading\"><strong>2. Mascotas aplicables: <\/strong><\/h3>    <p>Comida para perros, gatos, peces, p\u00e1jaros, etc.<\/p>    <h3 class=\"wp-block-heading\"><strong>3. Usuarios: <\/strong><\/h3>    <p>Productores profesionales de alimentos para mascotas.<\/p>    <figure class=\"wp-block-gallery has-nested-images columns-default is-cropped wp-block-gallery-2 is-layout-flex wp-block-gallery-is-layout-flex\"> <figure class=\"wp-block-image size-large\"><img loading=\"lazy\" decoding=\"async\" width=\"720\" height=\"540\" data-id=\"422\" src=\"https:\/\/fishfoodpelletmachine.com\/wp-content\/uploads\/2022\/09\/Using-scopes-of-pet-food-production-line-.webp\" alt=\"utilizando alcances de la l\u00ednea de producci\u00f3n de alimentos para mascotas\" class=\"wp-image-422\" title=\"utilizando alcances de la l\u00ednea de producci\u00f3n de alimentos para mascotas\" srcset=\"https:\/\/fishfoodpelletmachine.com\/wp-content\/uploads\/2022\/09\/Using-scopes-of-pet-food-production-line-.webp 720w, https:\/\/fishfoodpelletmachine.com\/wp-content\/uploads\/2022\/09\/Using-scopes-of-pet-food-production-line--300x225.webp 300w\" sizes=\"auto, (max-width: 720px) 100vw, 720px\" \/><figcaption class=\"wp-element-caption\">Uso de alcances de la l\u00ednea de producci\u00f3n de alimentos para mascotas<\/figcaption><\/figure>    <figure class=\"wp-block-image size-large\"><img loading=\"lazy\" decoding=\"async\" width=\"720\" height=\"540\" data-id=\"423\" src=\"https:\/\/fishfoodpelletmachine.com\/wp-content\/uploads\/2022\/09\/molds-of-the-pet-food-.webp\" alt=\"moldes de la comida para mascotas\" class=\"wp-image-423\" title=\"moldes de la comida para mascotas\" srcset=\"https:\/\/fishfoodpelletmachine.com\/wp-content\/uploads\/2022\/09\/molds-of-the-pet-food-.webp 720w, https:\/\/fishfoodpelletmachine.com\/wp-content\/uploads\/2022\/09\/molds-of-the-pet-food--300x225.webp 300w\" sizes=\"auto, (max-width: 720px) 100vw, 720px\" \/><figcaption class=\"wp-element-caption\">Moldes de la comida para mascotas<\/figcaption><\/figure> <\/figure>    <h2 class=\"wp-block-heading\">Componentes principales de la l\u00ednea de procesamiento de extrusoras de alimentos para mascotas. <\/h2>    <p>Hoy en d\u00eda, cada vez son m\u00e1s las personas que alimentan a sus mascotas. Por tanto, la demanda de alimentos para mascotas tambi\u00e9n est\u00e1 aumentando. Al mismo tiempo, las necesidades de las personas en cuanto a nutrici\u00f3n y calidad de los alimentos para mascotas son cada vez mayores. <\/p>    <p>Por lo tanto, el uso de equipos de producci\u00f3n de alimentos para mascotas profesionales y de alta calidad tambi\u00e9n es una demanda de los fabricantes.<\/p>    <p class=\"translation-block\">Nuestra <a href=\"https:\/\/pelletmillmachine.com\/pet-food-production-line\/\" target=\"_blank\" rel=\"noopener\">l\u00ednea de procesamiento de extrusoras de alimentos para mascotas<\/a> incluye un mezclador de harina, transportador espiral, extrusora de doble tornillo, transportador de aire, secador continuo tipo el\u00e9ctrico, transportador, m\u00e1quina de saborizaci\u00f3n, m\u00e1quina de pulverizaci\u00f3n de aceite, aditivo de condimentos, m\u00e1quina de enfriamiento, m\u00e1quina de embalaje, etc.<\/p>    <figure class=\"wp-block-image size-full\"><img loading=\"lazy\" decoding=\"async\" width=\"720\" height=\"540\" src=\"https:\/\/fishfoodpelletmachine.com\/wp-content\/uploads\/2022\/09\/pet-food-extruder-processing-line-.webp\" alt=\"L\u00ednea de procesamiento de extrusora de alimentos para mascotas\" class=\"wp-image-424\" title=\"L\u00ednea de procesamiento de extrusora de alimentos para mascotas\" srcset=\"https:\/\/fishfoodpelletmachine.com\/wp-content\/uploads\/2022\/09\/pet-food-extruder-processing-line-.webp 720w, https:\/\/fishfoodpelletmachine.com\/wp-content\/uploads\/2022\/09\/pet-food-extruder-processing-line--300x225.webp 300w\" sizes=\"auto, (max-width: 720px) 100vw, 720px\" \/><figcaption class=\"wp-element-caption\">L\u00ednea de procesamiento de extrusora de alimentos para mascotas<\/figcaption><\/figure>    <h2 class=\"wp-block-heading\">Flujo de trabajo de la producci\u00f3n de alimentos secos para mascotas. <\/h2>    <p>Flujo del proceso: composici\u00f3n de la materia prima \u2192 mezcla \u2192 transporte \u2192 extrusi\u00f3n e inflado \u2192 transporte \u2192 secado \u2192 pulverizaci\u00f3n de aceite \u2192 saborizante \u2192 embalaje. En este proceso, cada paso es manejado por equipo profesional.<\/p>    <h2 class=\"wp-block-heading\">Principales equipos y funciones de la l\u00ednea de procesamiento de alimentos para animales.<\/h2>    <h3 class=\"wp-block-heading\">1. Mezclador<\/h3>    <p>Esta mezcladora de harina se utiliza para mezclar materias primas como harina de ma\u00edz y harina de arroz con l\u00edquidos y otros aditivos. Es el segundo paso en la l\u00ednea de producci\u00f3n de alimentos para mascotas.<\/p>    <figure class=\"wp-block-image size-full\"><img loading=\"lazy\" decoding=\"async\" width=\"720\" height=\"540\" src=\"https:\/\/fishfoodpelletmachine.com\/wp-content\/uploads\/2022\/09\/mixer-1-1.webp\" alt=\"mezclador\" class=\"wp-image-426\" title=\"mezclador\" srcset=\"https:\/\/fishfoodpelletmachine.com\/wp-content\/uploads\/2022\/09\/mixer-1-1.webp 720w, https:\/\/fishfoodpelletmachine.com\/wp-content\/uploads\/2022\/09\/mixer-1-1-300x225.webp 300w\" sizes=\"auto, (max-width: 720px) 100vw, 720px\" \/><figcaption class=\"wp-element-caption\">Mezclador<\/figcaption><\/figure>    <figure class=\"wp-block-table\"><table><tbody><tr><td>Fuerza<strong>&nbsp;<\/strong><\/td><td>4kW<strong><\/strong><\/td><\/tr><tr><td>tiempo de mezcla<strong><\/strong><\/td><td>90-120 segundos\u00a0por vez<strong>&nbsp;<\/strong><\/td><\/tr><tr><td>Volumen del tanque<strong><\/strong><\/td><td>30 kg\/hora<strong>&nbsp;<\/strong><\/td><\/tr><tr><td>Dimensi\u00f3n<\/td><td>1100x1050x1400mm<strong>&nbsp;<\/strong><\/td><\/tr><tr><td>Voltaje<\/td><td>380V 50HZ trif\u00e1sico, o seg\u00fan el voltaje del comprador<\/td><\/tr><\/tbody><\/table><figcaption class=\"wp-element-caption\">Par\u00e1metro del mezclador<\/figcaption><\/figure>    <h3 class=\"wp-block-heading\">2. Transportador en espiral<\/h3>    <p>La m\u00e1quina puede transportar el material mezclado dentro de la extrusora de granos pet.<\/p>    <figure class=\"wp-block-image size-full\"><img loading=\"lazy\" decoding=\"async\" width=\"720\" height=\"540\" src=\"https:\/\/fishfoodpelletmachine.com\/wp-content\/uploads\/2022\/08\/screw-feeder-1-1.jpg\" alt=\"tornillo transportador\" class=\"wp-image-142\" title=\"tornillo transportador\" srcset=\"https:\/\/fishfoodpelletmachine.com\/wp-content\/uploads\/2022\/08\/screw-feeder-1-1.jpg 720w, https:\/\/fishfoodpelletmachine.com\/wp-content\/uploads\/2022\/08\/screw-feeder-1-1-300x225.jpg 300w\" sizes=\"auto, (max-width: 720px) 100vw, 720px\" \/><figcaption class=\"wp-element-caption\">Tornillo transportador<\/figcaption><\/figure>    <figure class=\"wp-block-table\"><table><tbody><tr><td>Fuerza:<strong><\/strong><\/td><td>0,75 KW<strong><\/strong><\/td><\/tr><tr><td>Dimensi\u00f3n<strong><\/strong><\/td><td>3100 x 800 x 2000 mm<strong><\/strong><\/td><\/tr><tr><td>Voltaje<strong><\/strong><\/td><td>380V 50HZ Trif\u00e1sico<strong><\/strong><\/td><\/tr><\/tbody><\/table><figcaption class=\"wp-element-caption\">Par\u00e1metro t\u00e9cnico del transportador.<\/figcaption><\/figure>    <h3 class=\"wp-block-heading\">3. <a href=\"https:\/\/fishfoodpelletmachine.com\/es\/product\/pet-food-extruder\/\">Extrusora de doble tornillo<\/a><\/h3>    <p>Esta m\u00e1quina se utiliza para el pegado autom\u00e1tico continuo de harina y almid\u00f3n. <\/p>    <p>Despu\u00e9s de la dosificaci\u00f3n, el material es trabajado por dos tornillos corrotativos compuestos por m\u00f3dulos segmentados con las siguientes funciones: transporte hacia adelante y hacia atr\u00e1s, mezcla, adici\u00f3n de aditivos, inyecci\u00f3n de l\u00edquidos, desgasificaci\u00f3n, cocci\u00f3n y conformaci\u00f3n. <\/p>    <p>Es la m\u00e1quina que produce el alimento para mascotas en la l\u00ednea de producci\u00f3n de alimentos para mascotas.<\/p>    <figure class=\"wp-block-image size-full\"><img loading=\"lazy\" decoding=\"async\" width=\"720\" height=\"540\" src=\"https:\/\/fishfoodpelletmachine.com\/wp-content\/uploads\/2022\/09\/Double-Screw-Extruder-0.webp\" alt=\"extrusora de doble tornillo\" class=\"wp-image-428\" title=\"extrusora de doble tornillo\" srcset=\"https:\/\/fishfoodpelletmachine.com\/wp-content\/uploads\/2022\/09\/Double-Screw-Extruder-0.webp 720w, https:\/\/fishfoodpelletmachine.com\/wp-content\/uploads\/2022\/09\/Double-Screw-Extruder-0-300x225.webp 300w\" sizes=\"auto, (max-width: 720px) 100vw, 720px\" \/><figcaption class=\"wp-element-caption\"><strong>extrusora de doble tornillo<\/strong><\/figcaption><\/figure>    <figure class=\"wp-block-table\"><table><tbody><tr><td>Producci\u00f3n<strong><\/strong><\/td><td>120-180kg\/hora<strong><\/strong><\/td><\/tr><tr><td>Alimentaci\u00f3n del alimentador<strong><\/strong><\/td><td>0,75 kw, control de frecuencia<strong><\/strong><\/td><\/tr><tr><td>Poder de extrusi\u00f3n&nbsp;<strong><\/strong><\/td><td>22kw, control de frecuenciacorte<\/td><\/tr><tr><td>Fuerza<strong><\/strong><\/td><td>0,75 kw, control de frecuencia<strong><\/strong><\/td><\/tr><tr><td>&nbsp;Potencia de la bomba de aceite<strong><\/strong><\/td><td>0,37 kw<strong><\/strong><\/td><\/tr><tr><td>&nbsp;Poder de calefacci\u00f3n<strong><\/strong><\/td><td>10kw, tres \u00e1reas controladas por separado<\/td><\/tr><tr><td>&nbsp;Control de velocidad <strong><\/strong><\/td><td>Velocidad de control de tres frecuencias<strong><\/strong><\/td><\/tr><tr><td>&nbsp;Dimensi\u00f3n<strong><\/strong><\/td><td>2700\u00d71500\u00d71800mm<strong><\/strong><\/td><\/tr><\/tbody><\/table><figcaption class=\"wp-element-caption\"><strong>Extrusora de doble tornillo<\/strong>el par\u00e1metro<\/figcaption><\/figure>    <h3 class=\"wp-block-heading\">4. Transportador a\u00e9reo<\/h3>    <figure class=\"wp-block-image size-full\"><img loading=\"lazy\" decoding=\"async\" width=\"720\" height=\"540\" src=\"https:\/\/fishfoodpelletmachine.com\/wp-content\/uploads\/2022\/09\/Air-conveyer-0.webp\" alt=\"transportador de aire\" class=\"wp-image-429\" title=\"transportador de aire\" srcset=\"https:\/\/fishfoodpelletmachine.com\/wp-content\/uploads\/2022\/09\/Air-conveyer-0.webp 720w, https:\/\/fishfoodpelletmachine.com\/wp-content\/uploads\/2022\/09\/Air-conveyer-0-300x225.webp 300w\" sizes=\"auto, (max-width: 720px) 100vw, 720px\" \/><figcaption class=\"wp-element-caption\"><strong>transportador de aire<\/strong><\/figcaption><\/figure>    <figure class=\"wp-block-table\"><table><tbody><tr><td>Fuerza<strong><\/strong><\/td><td>0,75 KW<strong><\/strong><\/td><\/tr><tr><td>Dimensi\u00f3n<\/td><td>2900 x 160 x 2300 mm<strong><\/strong><\/td><\/tr><tr><td>Voltaje<\/td><td>380V 50HZ Trif\u00e1sico<strong><\/strong><\/td><\/tr><\/tbody><\/table><figcaption class=\"wp-element-caption\">Par\u00e1metro del transportador de aire<\/figcaption><\/figure>    <h3 class=\"wp-block-heading\">5. Tipo de electricidad de secado continuo<\/h3>    <p>Este secador en la l\u00ednea de producci\u00f3n de alimentos para mascotas se utiliza para tostar el snack extruido, hacerlo m\u00e1s crujiente y secar el producto para reducir el porcentaje de humedad, de modo que el snack pueda durar m\u00e1s tiempo y tenga mejor sabor.<\/p>    <figure class=\"wp-block-image size-full\"><img loading=\"lazy\" decoding=\"async\" width=\"720\" height=\"540\" src=\"https:\/\/fishfoodpelletmachine.com\/wp-content\/uploads\/2022\/09\/continuousDryer-electricity-type-1.webp\" alt=\"tipo de electricidad secadora continua\" class=\"wp-image-430\" title=\"tipo de electricidad secadora continua\" srcset=\"https:\/\/fishfoodpelletmachine.com\/wp-content\/uploads\/2022\/09\/continuousDryer-electricity-type-1.webp 720w, https:\/\/fishfoodpelletmachine.com\/wp-content\/uploads\/2022\/09\/continuousDryer-electricity-type-1-300x225.webp 300w\" sizes=\"auto, (max-width: 720px) 100vw, 720px\" \/><figcaption class=\"wp-element-caption\"><strong>tipo de electricidad secadora continua<\/strong><\/figcaption><\/figure>    <figure class=\"wp-block-table\"><table><tbody><tr><td>Tipo de calefacci\u00f3n &nbsp;<\/td><td>Calefacci\u00f3n el\u00e9ctrica (si necesita calefacci\u00f3n a gas, di\u00e9sel o vapor, inf\u00f3rmenos con antelaci\u00f3n)&nbsp;<\/td><\/tr><tr><td>Fuerza de motor<\/td><td>Tipo de electricidad de 1,1 KW, potencia de calefacci\u00f3n el\u00e9ctrica: 54 kw si es de tipo gas, consumo de gas: 10-12 m\u00b3\/h si es de tipo di\u00e9sel, consumo de di\u00e9sel: 6-8 kg\/h<\/td><\/tr><tr><td>Capa<\/td><td>tres capas<\/td><\/tr><tr><td>Dimensi\u00f3n<\/td><td>5000 x 1100 x 1800 mm<strong><\/strong><\/td><\/tr><tr><td>Voltaje<\/td><td>380V 50HZ Trif\u00e1sico<\/td><\/tr><\/tbody><\/table><figcaption class=\"wp-element-caption\">Par\u00e1metro del tipo de electricidad del secador continuo<\/figcaption><\/figure>    <h3 class=\"wp-block-heading\">6. M\u00e1quina aromatizante de tambor \u00fanico<\/h3>    <p>La m\u00e1quina aromatizante mezcla el condimento, el aceite y el refrigerio en el tambor giratorio.<\/p>    <figure class=\"wp-block-table\"><table><tbody><tr><td>Energ\u00eda del elevador<strong>&nbsp;<\/strong><\/td><td>0,55 KW<\/td><\/tr><tr><td>Potencia de la tolva alimentadora<\/td><td>0,37 kw<\/td><\/tr><tr><td>Potencia del tambor giratorio<\/td><td>0,75 kw<\/td><\/tr><tr><td>Dimensi\u00f3n<\/td><td>3500 x 1100 x 1700 mm<\/td><\/tr><tr><td>Voltaje<\/td><td>380V 50HZ Trif\u00e1sico<\/td><\/tr><\/tbody><\/table><figcaption class=\"wp-element-caption\">Par\u00e1metro del tambor \u00fanico de la m\u00e1quina aromatizante<\/figcaption><\/figure>    <h3 class=\"wp-block-heading\">7. M\u00e1quina pulverizadora de aceite<\/h3>    <p>Esta m\u00e1quina se combina con la m\u00e1quina aromatizante, la bomba roc\u00eda el aceite sobre la superficie del snack.<\/p>    <figure class=\"wp-block-image size-full\"><img loading=\"lazy\" decoding=\"async\" width=\"720\" height=\"541\" src=\"https:\/\/fishfoodpelletmachine.com\/wp-content\/uploads\/2022\/09\/Oil-Spray-Machine-1.webp\" alt=\"m\u00e1quina de pulverizaci\u00f3n de aceite\" class=\"wp-image-431\" title=\"m\u00e1quina de pulverizaci\u00f3n de aceite\" srcset=\"https:\/\/fishfoodpelletmachine.com\/wp-content\/uploads\/2022\/09\/Oil-Spray-Machine-1.webp 720w, https:\/\/fishfoodpelletmachine.com\/wp-content\/uploads\/2022\/09\/Oil-Spray-Machine-1-300x225.webp 300w\" sizes=\"auto, (max-width: 720px) 100vw, 720px\" \/><figcaption class=\"wp-element-caption\">M\u00e1quina de pulverizaci\u00f3n de aceite<\/figcaption><\/figure>    <figure class=\"wp-block-table\"><table><tbody><tr><td>Potencia de la bomba<\/td><td>0,75 KW<\/td><\/tr><tr><td>Potencia de calefacci\u00f3n el\u00e9ctrica<\/td><td>3kW<\/td><\/tr><tr><td>Volumen del tanque<\/td><td>50L<\/td><\/tr><tr><td>Dimensi\u00f3n<\/td><td>1200x1100x1300mm<\/td><\/tr><tr><td>Voltaje<\/td><td>380V 50HZ Trif\u00e1sico<\/td><\/tr><\/tbody><\/table><figcaption class=\"wp-element-caption\"><strong>M\u00e1quina de pulverizaci\u00f3n de aceite<\/strong>el par\u00e1metro <\/figcaption><\/figure>    <h3 class=\"wp-block-heading\">8. Sumador de condimentos<\/h3>    <p>Se utiliza para agregar polvo en la superficie del producto, se puede ajustar la alimentaci\u00f3n por tornillo y la velocidad manual.<\/p>    <figure class=\"wp-block-image size-full\"><img loading=\"lazy\" decoding=\"async\" width=\"720\" height=\"540\" src=\"https:\/\/fishfoodpelletmachine.com\/wp-content\/uploads\/2022\/09\/Condiment-adder-1.webp\" alt=\"sumador de condimentos\" class=\"wp-image-433\" title=\"sumador de condimentos\" srcset=\"https:\/\/fishfoodpelletmachine.com\/wp-content\/uploads\/2022\/09\/Condiment-adder-1.webp 720w, https:\/\/fishfoodpelletmachine.com\/wp-content\/uploads\/2022\/09\/Condiment-adder-1-300x225.webp 300w\" sizes=\"auto, (max-width: 720px) 100vw, 720px\" \/><figcaption class=\"wp-element-caption\">Sumador de condimentos<\/figcaption><\/figure>    <figure class=\"wp-block-table\"><table><tbody><tr><td>Tensi\u00f3n de alimentaci\u00f3n<\/td><td>380V\/50HZ<\/td><\/tr><tr><td>Potencia instalada<\/td><td>0,37 KW<\/td><\/tr><tr><td>Volumen de tolva<\/td><td>10 kilos<\/td><\/tr><tr><td>Capacidad de producci\u00f3n<\/td><td>100-200 kg\/hora<\/td><\/tr><tr><td>Tama\u00f1o<\/td><td>0,7\u00d70,4\u00d70,4m<\/td><\/tr><\/tbody><\/table><figcaption class=\"wp-element-caption\">Par\u00e1metro del sumador de condimentos<\/figcaption><\/figure>    <h3 class=\"wp-block-heading\">9. M\u00e1quina de enfriamiento<\/h3>    <p>Se utiliza para el primer enfriamiento y transporte de productos.<\/p>    <figure class=\"wp-block-image size-full\"><img loading=\"lazy\" decoding=\"async\" width=\"720\" height=\"540\" src=\"https:\/\/fishfoodpelletmachine.com\/wp-content\/uploads\/2022\/09\/Cooling-machine-1-.webp\" alt=\"m\u00e1quina de enfriamiento\" class=\"wp-image-434\" title=\"m\u00e1quina de enfriamiento\" srcset=\"https:\/\/fishfoodpelletmachine.com\/wp-content\/uploads\/2022\/09\/Cooling-machine-1-.webp 720w, https:\/\/fishfoodpelletmachine.com\/wp-content\/uploads\/2022\/09\/Cooling-machine-1--300x225.webp 300w\" sizes=\"auto, (max-width: 720px) 100vw, 720px\" \/><figcaption class=\"wp-element-caption\">M\u00e1quina de enfriamiento<\/figcaption><\/figure>    <figure class=\"wp-block-table\"><table><tbody><tr><td>Tensi\u00f3n de alimentaci\u00f3n<\/td><td>380V\/50HZ<\/td><\/tr><tr><td>Potencia instalada<\/td><td>0,75 KW<\/td><\/tr><tr><td>Admirador<\/td><td>4 0,15 kw\/unidad<\/td><\/tr><tr><td>Capacidad de producci\u00f3n<\/td><td>100-300 kg\/hora<\/td><\/tr><tr><td>Tama\u00f1o<\/td><td>5,0\u00d70,4\u00d70,4m<\/td><\/tr><\/tbody><\/table><figcaption class=\"wp-element-caption\">Par\u00e1metro de la m\u00e1quina de enfriamiento<\/figcaption><\/figure>    <h2 class=\"wp-block-heading\">Caso exitoso<\/h2>    <p>La l\u00ednea de producci\u00f3n de alimentos para mascotas se vende a Italia. Hace alg\u00fan tiempo, un cliente nos envi\u00f3 una consulta para una l\u00ednea de producci\u00f3n de granos para mascotas de 150 kg-250 kg\/h. <\/p>    <p>Nos pusimos en contacto con el cliente inmediatamente. A trav\u00e9s de nuestra comunicaci\u00f3n entendimos que el cliente estaba interesado en la industria de producci\u00f3n de alimentos para mascotas y quer\u00eda adquirir las m\u00e1quinas adecuadas para su negocio. El cliente mir\u00f3 nuestro presupuesto y se decidi\u00f3 por algunas m\u00e1quinas que necesitaba. <\/p>    <p>Luego, nuestro gerente de ventas recre\u00f3 la cotizaci\u00f3n para el cliente. Despu\u00e9s de leerlo, el cliente dijo que har\u00eda un pedido la pr\u00f3xima semana. Luego, el cliente pag\u00f3 y organizamos el env\u00edo de la l\u00ednea de producci\u00f3n de alimentos para mascotas directamente a Italia.<\/p>    <figure class=\"wp-block-image size-full\"><img loading=\"lazy\" decoding=\"async\" width=\"720\" height=\"540\" src=\"https:\/\/fishfoodpelletmachine.com\/wp-content\/uploads\/2022\/09\/shipping-of-the-pet-food-making-machine-.webp\" alt=\"Env\u00edo de la m\u00e1quina para fabricar alimentos para mascotas.\" class=\"wp-image-435\" title=\"Env\u00edo de la m\u00e1quina para fabricar alimentos para mascotas.\" srcset=\"https:\/\/fishfoodpelletmachine.com\/wp-content\/uploads\/2022\/09\/shipping-of-the-pet-food-making-machine-.webp 720w, https:\/\/fishfoodpelletmachine.com\/wp-content\/uploads\/2022\/09\/shipping-of-the-pet-food-making-machine--300x225.webp 300w\" sizes=\"auto, (max-width: 720px) 100vw, 720px\" \/><figcaption class=\"wp-element-caption\">Env\u00edo de la m\u00e1quina para fabricar alimentos para mascotas<\/figcaption><\/figure>    <h2 class=\"wp-block-heading\">Preguntas frecuentes sobre la l\u00ednea de producci\u00f3n de alimentos para mascotas de Shuliy<\/h2>   <div id=\"rank-math-faq\" class=\"rank-math-block\"> <div class=\"rank-math-list\"> <div id=\"faq-question-1708934562366\" class=\"rank-math-list-item\"> <h3 class=\"rank-math-question\">1. \u00bfCu\u00e1l es el precio de la l\u00ednea de producci\u00f3n de alimentos para mascotas?<\/h3> <div class=\"rank-math-answer\">  <p>Nuestra l\u00ednea de producci\u00f3n de alimentos para mascotas contiene varias m\u00e1quinas, por lo que los clientes pueden comprarlas todas o seleccionar las que necesiten. <br \/>Por tanto, el precio de las m\u00e1quinas var\u00eda en funci\u00f3n de la combinaci\u00f3n de m\u00e1quinas. <br \/>Recomendaremos la combinaci\u00f3n correcta de m\u00e1quinas para nuestros clientes.<\/p>  <\/div> <\/div> <div id=\"faq-question-1708934575361\" class=\"rank-math-list-item\"> <h3 class=\"rank-math-question\">2. \u00bfCu\u00e1l es el material de la m\u00e1quina?<\/h3> <div class=\"rank-math-answer\">  <p>Como la m\u00e1quina produce alimentos, nuestras m\u00e1quinas est\u00e1n hechas de acero inoxidable y pueden entrar en contacto directo con el material alimentario de la m\u00e1quina. Los clientes pueden realizar pedidos con confianza.<\/p>  <\/div> <\/div> <div id=\"faq-question-1708935057252\" class=\"rank-math-list-item\"> <h3 class=\"rank-math-question\">3. \u00bfCu\u00e1l es el rendimiento de la l\u00ednea de producci\u00f3n de alimentos para mascotas?<\/h3> <div class=\"rank-math-answer\">  <p>Com\u00fanmente hemos vendido salidas de 150 KG\/H y 250 KG\/H.<\/p>  <\/div> <\/div> <div id=\"faq-question-1708935068618\" class=\"rank-math-list-item\"> <h3 class=\"rank-math-question\">4. \u00bfPuede la m\u00e1quina producir diferentes formas de alimento para mascotas?<\/h3> <div class=\"rank-math-answer\">  <p>S\u00ed, s\u00f3lo necesitas cambiar la forma del molde de descarga que necesites.<\/p>  <\/div> <\/div> <div id=\"faq-question-1708935082034\" class=\"rank-math-list-item\"> <h3 class=\"rank-math-question\">5. \u00bfPuede proporcionarnos el espacio y la distribuci\u00f3n de la l\u00ednea de producci\u00f3n de alimentos para mascotas?<\/h3> <div class=\"rank-math-answer\">  <p>S\u00ed tu puedes. Le proporcionaremos el espacio de planta correspondiente y el plano de distribuci\u00f3n si lo necesita.<\/p>  <\/div> <\/div> <\/div> <\/div>   <figure class=\"wp-block-image size-full\"><img loading=\"lazy\" decoding=\"async\" width=\"720\" height=\"540\" src=\"https:\/\/fishfoodpelletmachine.com\/wp-content\/uploads\/2022\/09\/pet-food-extruder-processing-line-2.webp\" alt=\"L\u00ednea de procesamiento de extrusora de alimentos para mascotas\" class=\"wp-image-437\" title=\"L\u00ednea de procesamiento de extrusora de alimentos para mascotas\" srcset=\"https:\/\/fishfoodpelletmachine.com\/wp-content\/uploads\/2022\/09\/pet-food-extruder-processing-line-2.webp 720w, https:\/\/fishfoodpelletmachine.com\/wp-content\/uploads\/2022\/09\/pet-food-extruder-processing-line-2-300x225.webp 300w\" sizes=\"auto, (max-width: 720px) 100vw, 720px\" \/><figcaption class=\"wp-element-caption\">L\u00ednea de procesamiento de extrusora de alimentos para mascotas<\/figcaption><\/figure>","protected":false},"excerpt":{"rendered":"<p>La l\u00ednea de producci\u00f3n de alimentos para mascotas es un equipo profesional que puede producir diversas formas de alimentos para mascotas. Est\u00e1 compuesto por muchas m\u00e1quinas.  <\/p>","protected":false},"author":1,"featured_media":417,"parent":0,"template":"","tags":[31,34,33],"product-type":[9],"class_list":["post-103","product","type-product","status-publish","has-post-thumbnail","hentry","tag-pet-food-extruder","tag-pet-food-extruder-processing-line","tag-pet-food-production-line","product-type-production-line"],"_links":{"self":[{"href":"https:\/\/fishfoodpelletmachine.com\/es\/wp-json\/wp\/v2\/product\/103","targetHints":{"allow":["GET"]}}],"collection":[{"href":"https:\/\/fishfoodpelletmachine.com\/es\/wp-json\/wp\/v2\/product"}],"about":[{"href":"https:\/\/fishfoodpelletmachine.com\/es\/wp-json\/wp\/v2\/types\/product"}],"author":[{"embeddable":true,"href":"https:\/\/fishfoodpelletmachine.com\/es\/wp-json\/wp\/v2\/users\/1"}],"wp:featuredmedia":[{"embeddable":true,"href":"https:\/\/fishfoodpelletmachine.com\/es\/wp-json\/wp\/v2\/media\/417"}],"wp:attachment":[{"href":"https:\/\/fishfoodpelletmachine.com\/es\/wp-json\/wp\/v2\/media?parent=103"}],"wp:term":[{"taxonomy":"post_tag","embeddable":true,"href":"https:\/\/fishfoodpelletmachine.com\/es\/wp-json\/wp\/v2\/tags?post=103"},{"taxonomy":"product-type","embeddable":true,"href":"https:\/\/fishfoodpelletmachine.com\/es\/wp-json\/wp\/v2\/product-type?post=103"}],"curies":[{"name":"wp","href":"https:\/\/api.w.org\/{rel}","templated":true}]}}