{"id":1034,"date":"2025-11-05T14:29:19","date_gmt":"2025-11-05T06:29:19","guid":{"rendered":"https:\/\/fishfoodpelletmachine.com\/?post_type=product&#038;p=1034"},"modified":"2025-11-05T16:42:09","modified_gmt":"2025-11-05T08:42:09","slug":"fish-feed-pellet-packing-machine","status":"publish","type":"product","link":"https:\/\/fishfoodpelletmachine.com\/es\/product\/fish-feed-pellet-packing-machine\/","title":{"rendered":"M\u00e1quina de envasado de pellets de alimento para peces"},"content":{"rendered":"<p class=\"translation-block\">La <strong>m\u00e1quina de envasado de pellets de alimento para peces<\/strong> es un dispositivo de embalaje automatizado de alta eficiencia que integra pesaje autom\u00e1tico, formaci\u00f3n de bolsas, llenado y sellado. Ofrece opciones de sellado en 3 lados, 4 lados y en la parte trasera. Opera con una alta eficiencia, logrando una velocidad de embalaje de hasta 80 bolsas\/min.<\/p>    <p>Adem\u00e1s de envasar pellets de comida para peces, esta m\u00e1quina de envasado de pellets de alimento para peces tambi\u00e9n puede usarse para envasar diversos materiales como cacahuetes, semillas de mel\u00f3n y az\u00facar granulada. Si lo necesita, cont\u00e1ctenos inmediatamente para m\u00e1s informaci\u00f3n.<\/p>    <figure class=\"wp-block-embed is-type-video is-provider-youtube wp-block-embed-youtube wp-embed-aspect-16-9 wp-has-aspect-ratio\"><div class=\"wp-block-embed__wrapper\"> <iframe loading=\"lazy\" title=\"\u00bfC\u00f3mo funciona la m\u00e1quina de llenado y envasado de pellets de alimento para peces?\" width=\"500\" height=\"281\" src=\"https:\/\/www.youtube.com\/embed\/lBx9_dQMcek?feature=oembed\" frameborder=\"0\" allow=\"accelerometer; autoplay; clipboard-write; encrypted-media; gyroscope; picture-in-picture; web-share\" referrerpolicy=\"strict-origin-when-cross-origin\" allowfullscreen><\/iframe> <\/div><figcaption class=\"wp-element-caption\">video de trabajo de la m\u00e1quina de envasado de pellets de alimento para peces<\/figcaption><\/figure>    <h2 class=\"wp-block-heading\"><strong>Caracter\u00edsticas del empacador de pellets de alimento para peces<\/strong> <strong>m\u00e1quina<\/strong><\/h2>    <p>Esta m\u00e1quina de envasado de pellets de alimento para peces no solo destaca en funcionalidad, sino que tambi\u00e9n ofrece ventajas significativas en rendimiento y dise\u00f1o.<\/p>    <ul class=\"wp-block-list\"> <li><strong>Sistema de control inteligente<\/strong>: Nuestra m\u00e1quina de envasado de alimento para peces utiliza un control avanzado con microchip, garantizando una operaci\u00f3n estable, precisa y eficiente.<\/li>    <li><strong>Operaci\u00f3n en pantalla grande de alta definici\u00f3n<\/strong>: Est\u00e1 equipado con una pantalla t\u00e1ctil LCD de 5 pulgadas; la interfaz es intuitiva y f\u00e1cil de operar, permitiendo a los usuarios comenzar r\u00e1pidamente.<\/li>    <li><strong>Detecci\u00f3n fotoel\u00e9ctrica de alta precisi\u00f3n<\/strong>: La m\u00e1quina de llenado de pellets de alimento para peces utiliza un sistema de seguimiento con ojo fotoel\u00e9ctrico para garantizar un sellado preciso entre cada par de bolsas, resultando en un embalaje est\u00e9ticamente agradable.<\/li>    <li><strong>Configuraciones multifuncionales opcionales<\/strong>: Puede estar equipada con una impresora de fecha, un dispositivo de escape o un dispositivo de inflado para satisfacer las necesidades de envasado de diferentes productos.<\/li>    <li><strong>Amplia aplicabilidad<\/strong>: La m\u00e1quina de pellets de alimento para peces Taizy no solo es adecuada para pellets de alimento para peces, sino que tambi\u00e9n puede usarse para envasar diversos materiales granulares como arroz y cacahuetes.<\/li>    <li><strong>Material de alta calidad<\/strong>: Su cuerpo est\u00e1 hecho de acero inoxidable, que es resistente a la corrosi\u00f3n, f\u00e1cil de limpiar y cumple con los est\u00e1ndares de seguridad e higiene alimentaria.<\/li>    <li><strong>Operaci\u00f3n y mantenimiento f\u00e1ciles<\/strong>: El dise\u00f1o estructural f\u00e1cil de usar resulta en bajos costos de operaci\u00f3n y mantenimiento, haci\u00e9ndola adecuada para la producci\u00f3n en diversas escalas.<\/li> <\/ul>    <figure class=\"wp-block-gallery has-nested-images columns-default is-cropped wp-block-gallery-2 is-layout-flex wp-block-gallery-is-layout-flex\"> <figure class=\"wp-block-image size-large\"><img loading=\"lazy\" decoding=\"async\" width=\"540\" height=\"720\" data-id=\"1036\" src=\"https:\/\/fishfoodpelletmachine.com\/wp-content\/uploads\/2025\/11\/fish-feed-packing-machine.webp\" alt=\"M\u00e1quina de embalaje de alimento para peces\" class=\"wp-image-1036\" title=\"\" srcset=\"https:\/\/fishfoodpelletmachine.com\/wp-content\/uploads\/2025\/11\/fish-feed-packing-machine.webp 540w, https:\/\/fishfoodpelletmachine.com\/wp-content\/uploads\/2025\/11\/fish-feed-packing-machine-225x300.webp 225w, https:\/\/fishfoodpelletmachine.com\/wp-content\/uploads\/2025\/11\/fish-feed-packing-machine-9x12.webp 9w\" sizes=\"auto, (max-width: 540px) 100vw, 540px\" \/><figcaption class=\"wp-element-caption\">M\u00e1quina de envasado de alimento para peces<\/figcaption><\/figure>    <figure class=\"wp-block-image size-large\"><img loading=\"lazy\" decoding=\"async\" width=\"540\" height=\"720\" data-id=\"1037\" src=\"https:\/\/fishfoodpelletmachine.com\/wp-content\/uploads\/2025\/11\/fish-feed-pellet-filling-and-sealing-machine.webp\" alt=\"M\u00e1quina de llenado y sellado de pellets de alimento para peces\" class=\"wp-image-1037\" title=\"\" srcset=\"https:\/\/fishfoodpelletmachine.com\/wp-content\/uploads\/2025\/11\/fish-feed-pellet-filling-and-sealing-machine.webp 540w, https:\/\/fishfoodpelletmachine.com\/wp-content\/uploads\/2025\/11\/fish-feed-pellet-filling-and-sealing-machine-225x300.webp 225w, https:\/\/fishfoodpelletmachine.com\/wp-content\/uploads\/2025\/11\/fish-feed-pellet-filling-and-sealing-machine-9x12.webp 9w\" sizes=\"auto, (max-width: 540px) 100vw, 540px\" \/><figcaption class=\"wp-element-caption\">M\u00e1quina de llenado y sellado de pellets de alimento para peces<\/figcaption><\/figure> <\/figure>    <h2 class=\"wp-block-heading\"><strong>Estructura de la m\u00e1quina de llenado de pellets de alimento para peces<\/strong><\/h2>    <p>Esta m\u00e1quina de envasado de pellets de alimento para peces presenta una estructura compacta, dise\u00f1o racional y operaci\u00f3n f\u00e1cil de usar. Nuestra m\u00e1quina de envasado de pellets de alimento para peces consiste principalmente en pantalla t\u00e1ctil de computadora, plato giratorio, diagrama de circuito de control, componentes de sellado y corte, y \u00e1rea de sellado cruzado.<\/p>   <div class=\"wp-block-image\"> <figure class=\"aligncenter size-full\"><img loading=\"lazy\" decoding=\"async\" width=\"720\" height=\"540\" src=\"https:\/\/fishfoodpelletmachine.com\/wp-content\/uploads\/2025\/11\/structure-of-fish-food-pellet-packer.webp\" alt=\"Estructura de la empacadora de pellets de comida para peces\" class=\"wp-image-1038\" title=\"\" srcset=\"https:\/\/fishfoodpelletmachine.com\/wp-content\/uploads\/2025\/11\/structure-of-fish-food-pellet-packer.webp 720w, https:\/\/fishfoodpelletmachine.com\/wp-content\/uploads\/2025\/11\/structure-of-fish-food-pellet-packer-300x225.webp 300w, https:\/\/fishfoodpelletmachine.com\/wp-content\/uploads\/2025\/11\/structure-of-fish-food-pellet-packer-16x12.webp 16w\" sizes=\"auto, (max-width: 720px) 100vw, 720px\" \/><figcaption class=\"wp-element-caption\">Estructura de la empacadora de pellets de comida para peces<\/figcaption><\/figure> <\/div>   <h2 class=\"wp-block-heading\"><strong>Principio de funcionamiento de la m\u00e1quina de envasado de pellets de comida para peces<\/strong><\/h2>    <p>El proceso de operaci\u00f3n de la m\u00e1quina de envasado de pellets de comida para peces es sencillo, compuesto principalmente por los siguientes cuatro pasos:<\/p>    <ol class=\"wp-block-list\"> <li><strong>Pesaje<\/strong>: Esta m\u00e1quina divide los materiales en pesos espec\u00edficos usando tazas medidoras; simplemente cambie la taza para lograr diferentes tama\u00f1os de porciones.<\/li>    <li><strong>Formador de bolsas<\/strong>g: El dispositivo de formaci\u00f3n da forma al rollo de pel\u00edcula en bolsas, asegurando bolsas uniformes y est\u00e9ticamente agradables.<\/li>    <li><strong>Detecci\u00f3n y corte autom\u00e1ticos<\/strong>: Un sistema de ojo fotoel\u00e9ctrico detecta la longitud de la bolsa en tiempo real, asegurando posiciones precisas de sellado y corte.<\/li>    <li><strong>Relleno y sellado<\/strong>: Un dispositivo de vibraci\u00f3n superficial ayuda a que los materiales entren en la bolsa m\u00e1s r\u00e1pido y de manera m\u00e1s uniforme, despu\u00e9s de lo cual la m\u00e1quina completa autom\u00e1ticamente el sellado y el corte.<\/li> <\/ol>    <figure class=\"wp-block-gallery has-nested-images columns-default is-cropped wp-block-gallery-3 is-layout-flex wp-block-gallery-is-layout-flex\"> <figure class=\"wp-block-image size-large\"><img loading=\"lazy\" decoding=\"async\" width=\"540\" height=\"720\" data-id=\"1041\" src=\"https:\/\/fishfoodpelletmachine.com\/wp-content\/uploads\/2025\/11\/measuring-cup-of-fish-feed-pellet-packing-machine.webp\" alt=\"Taza medidora de la m\u00e1quina de embalaje de pellets de alimento para peces\" class=\"wp-image-1041\" title=\"\" srcset=\"https:\/\/fishfoodpelletmachine.com\/wp-content\/uploads\/2025\/11\/measuring-cup-of-fish-feed-pellet-packing-machine.webp 540w, https:\/\/fishfoodpelletmachine.com\/wp-content\/uploads\/2025\/11\/measuring-cup-of-fish-feed-pellet-packing-machine-225x300.webp 225w, https:\/\/fishfoodpelletmachine.com\/wp-content\/uploads\/2025\/11\/measuring-cup-of-fish-feed-pellet-packing-machine-9x12.webp 9w\" sizes=\"auto, (max-width: 540px) 100vw, 540px\" \/><figcaption class=\"wp-element-caption\">Vaso medidor de m\u00e1quina de envasado de pellets de alimento para peces<\/figcaption><\/figure>    <figure class=\"wp-block-image size-large\"><img loading=\"lazy\" decoding=\"async\" width=\"540\" height=\"720\" data-id=\"1039\" src=\"https:\/\/fishfoodpelletmachine.com\/wp-content\/uploads\/2025\/11\/bag-former-of-fish-food-pellet-packer.webp\" alt=\"Formador de bolsas de pellet de alimento para peces\" class=\"wp-image-1039\" title=\"\" srcset=\"https:\/\/fishfoodpelletmachine.com\/wp-content\/uploads\/2025\/11\/bag-former-of-fish-food-pellet-packer.webp 540w, https:\/\/fishfoodpelletmachine.com\/wp-content\/uploads\/2025\/11\/bag-former-of-fish-food-pellet-packer-225x300.webp 225w, https:\/\/fishfoodpelletmachine.com\/wp-content\/uploads\/2025\/11\/bag-former-of-fish-food-pellet-packer-9x12.webp 9w\" sizes=\"auto, (max-width: 540px) 100vw, 540px\" \/><figcaption class=\"wp-element-caption\">Formador de bolsa de empacadora de pellets de alimento para peces<\/figcaption><\/figure>    <figure class=\"wp-block-image size-large\"><img loading=\"lazy\" decoding=\"async\" width=\"540\" height=\"720\" data-id=\"1040\" src=\"https:\/\/fishfoodpelletmachine.com\/wp-content\/uploads\/2025\/11\/cutter-of-fish-foo-pellet-packing-equipment.webp\" alt=\"Cortador del equipo de embalaje de pellets de alimento para peces\" class=\"wp-image-1040\" title=\"\" srcset=\"https:\/\/fishfoodpelletmachine.com\/wp-content\/uploads\/2025\/11\/cutter-of-fish-foo-pellet-packing-equipment.webp 540w, https:\/\/fishfoodpelletmachine.com\/wp-content\/uploads\/2025\/11\/cutter-of-fish-foo-pellet-packing-equipment-225x300.webp 225w, https:\/\/fishfoodpelletmachine.com\/wp-content\/uploads\/2025\/11\/cutter-of-fish-foo-pellet-packing-equipment-9x12.webp 9w\" sizes=\"auto, (max-width: 540px) 100vw, 540px\" \/><figcaption class=\"wp-element-caption\">Cortador de equipo de envasado de pellets de comida para peces<\/figcaption><\/figure> <\/figure>    <h2 class=\"wp-block-heading\"><strong>Aplicaciones de la m\u00e1quina de envasado de pellets de comida para peces<\/strong><\/h2>    <p>La m\u00e1quina de envasado de pellets de alimento para peces Taizy tiene una amplia gama de aplicaciones. Adem\u00e1s de envasar pellets de comida para peces, tambi\u00e9n puede usarse para envasar diversos materiales como semillas de mel\u00f3n, caramelos, az\u00facar, palomitas, cacao, sal y arroz.<\/p>   <div class=\"wp-block-image\"> <figure class=\"aligncenter size-full\"><img loading=\"lazy\" decoding=\"async\" width=\"720\" height=\"540\" src=\"https:\/\/fishfoodpelletmachine.com\/wp-content\/uploads\/2025\/11\/application-of-fish-feed-pellet-packer-machine.webp\" alt=\"Aplicaci\u00f3n de la m\u00e1quina de envasado de pellets de alimento para peces\" class=\"wp-image-1043\" title=\"\" srcset=\"https:\/\/fishfoodpelletmachine.com\/wp-content\/uploads\/2025\/11\/application-of-fish-feed-pellet-packer-machine.webp 720w, https:\/\/fishfoodpelletmachine.com\/wp-content\/uploads\/2025\/11\/application-of-fish-feed-pellet-packer-machine-300x225.webp 300w, https:\/\/fishfoodpelletmachine.com\/wp-content\/uploads\/2025\/11\/application-of-fish-feed-pellet-packer-machine-16x12.webp 16w\" sizes=\"auto, (max-width: 720px) 100vw, 720px\" \/><figcaption class=\"wp-element-caption\">Aplicaci\u00f3n de la m\u00e1quina de envasado de pellets de alimento para peces<\/figcaption><\/figure> <\/div>   <h2 class=\"wp-block-heading\"><strong>Especificaciones de la m\u00e1quina de llenado y envasado de pellets de comida para peces<\/strong><\/h2>    <p>Esta m\u00e1quina de envasado de pellets de alimento para peces est\u00e1 disponible en dos modelos: TZ-320 y TZ-450. Los par\u00e1metros espec\u00edficos son los siguientes: <\/p>    <figure class=\"wp-block-table\"><table class=\"has-fixed-layout\"><tbody><tr><td>Modelo<\/td><td>TZ-320<\/td><td>TZ-450<\/td><\/tr><tr><td>Estilo de bolsa<\/td><td>Cierre trasero, cierre en 3 lados, cierre en 4 lados<\/td><td>Cierre trasero, cierre en 3 lados, cierre en 4 lados<\/td><\/tr><tr><td>Ancho de bolsa<\/td><td>20-150mm<\/td><td>20-200mm<\/td><\/tr><tr><td>Longitud de la bolsa<\/td><td>30-180mm<\/td><td>30-180mm<\/td><\/tr><tr><td>Ancho de pel\u00edcula<\/td><td>300mm (m\u00e1x)<\/td><td>430mm (m\u00e1x)<\/td><\/tr><tr><td>Peso de envasado<\/td><td>0-200g<\/td><td>0-1000g<\/td><\/tr><tr><td>Velocidad de envasado<\/td><td>20-80 bolsas\/min<\/td><td>20-80 bolsas\/min<\/td><\/tr><tr><td>Consumo de energ\u00eda<\/td><td>1.8kw<\/td><td>2,2 kw<\/td><\/tr><tr><td>Peso de la m\u00e1quina<\/td><td>250kg<\/td><td>420kg<\/td><\/tr><tr><td>Dimensi\u00f3n<\/td><td>650*1050*1950mm<\/td><td>750*750*2100mm<\/td><\/tr><\/tbody><\/table><figcaption class=\"wp-element-caption\">Par\u00e1metros de la m\u00e1quina de envasado de pellets de alimento para peces<\/figcaption><\/figure>    <h2 class=\"wp-block-heading\"><strong>\u00bfCu\u00e1l es el precio de la m\u00e1quina de envasado de pellets de comida para peces?<\/strong><\/h2>    <p>El precio de las m\u00e1quinas de envasado de pellets de alimento para peces est\u00e1 influenciado por diversos factores, como la capacidad de producci\u00f3n, el nivel de automatizaci\u00f3n y las configuraciones adicionales. Al elegir la empacadora de pellets de alimento para peces, se deben considerar de manera integral factores como la escala de producci\u00f3n, la calidad de la m\u00e1quina y el precio.<\/p>   <div class=\"wp-block-image\"> <figure class=\"aligncenter size-full\"><img loading=\"lazy\" decoding=\"async\" width=\"720\" height=\"540\" src=\"https:\/\/fishfoodpelletmachine.com\/wp-content\/uploads\/2025\/11\/fish-food-pellet-packaging-machine.webp\" alt=\"m\u00e1quina de envasado de pellets de comida para peces\" class=\"wp-image-1042\" title=\"\" srcset=\"https:\/\/fishfoodpelletmachine.com\/wp-content\/uploads\/2025\/11\/fish-food-pellet-packaging-machine.webp 720w, https:\/\/fishfoodpelletmachine.com\/wp-content\/uploads\/2025\/11\/fish-food-pellet-packaging-machine-300x225.webp 300w, https:\/\/fishfoodpelletmachine.com\/wp-content\/uploads\/2025\/11\/fish-food-pellet-packaging-machine-16x12.webp 16w\" sizes=\"auto, (max-width: 720px) 100vw, 720px\" \/><figcaption class=\"wp-element-caption\">m\u00e1quina de envasado de pellets de comida para peces<\/figcaption><\/figure> <\/div>   <h2 class=\"wp-block-heading\">\u00bfPor qu\u00e9 elegir Taizy como su proveedor?<\/h2>    <p>Taizy, como proveedor profesional de equipos de embalaje, ofrece m\u00e1quinas de envasado de pellets de pescado que han recibido altas elogios de los clientes tanto por su calidad como por su servicio.<\/p>    <ul class=\"wp-block-list\"> <li>El equipo presenta un rendimiento estable, alta precisi\u00f3n y operaci\u00f3n confiable.<\/li>    <li>Disponibilidad de especificaciones y materiales de embalaje personalizables.<\/li>    <li>Se proporciona instalaci\u00f3n, puesta en marcha, orientaci\u00f3n t\u00e9cnica y soporte postventa.<\/li>    <li>El env\u00edo global est\u00e1 disponible, respaldado por una amplia experiencia en exportaci\u00f3n, con productos vendidos a Sudeste Asi\u00e1tico, \u00c1frica, Oriente Medio y otras regiones.<\/li> <\/ul>    <figure class=\"wp-block-gallery has-nested-images columns-default is-cropped wp-block-gallery-4 is-layout-flex wp-block-gallery-is-layout-flex\"> <figure class=\"wp-block-image size-large\"><img loading=\"lazy\" decoding=\"async\" width=\"720\" height=\"540\" data-id=\"1044\" src=\"https:\/\/fishfoodpelletmachine.com\/wp-content\/uploads\/2025\/11\/factory-of-fish-feed-pellet-filling-and-packing-machine.webp\" alt=\"f\u00e1brica de llenado y envasado de pellets de alimento para peces\" class=\"wp-image-1044\" title=\"\" srcset=\"https:\/\/fishfoodpelletmachine.com\/wp-content\/uploads\/2025\/11\/factory-of-fish-feed-pellet-filling-and-packing-machine.webp 720w, https:\/\/fishfoodpelletmachine.com\/wp-content\/uploads\/2025\/11\/factory-of-fish-feed-pellet-filling-and-packing-machine-300x225.webp 300w, https:\/\/fishfoodpelletmachine.com\/wp-content\/uploads\/2025\/11\/factory-of-fish-feed-pellet-filling-and-packing-machine-16x12.webp 16w\" sizes=\"auto, (max-width: 720px) 100vw, 720px\" \/><figcaption class=\"wp-element-caption\">F\u00e1brica de m\u00e1quina de llenado y envasado de pellets de alimento para peces<\/figcaption><\/figure>    <figure class=\"wp-block-image size-large\"><img loading=\"lazy\" decoding=\"async\" width=\"720\" height=\"540\" data-id=\"1011\" src=\"https:\/\/fishfoodpelletmachine.com\/wp-content\/uploads\/2025\/09\/our-company.webp\" alt=\"nuestra empresa\" class=\"wp-image-1011\" title=\"\" srcset=\"https:\/\/fishfoodpelletmachine.com\/wp-content\/uploads\/2025\/09\/our-company.webp 720w, https:\/\/fishfoodpelletmachine.com\/wp-content\/uploads\/2025\/09\/our-company-300x225.webp 300w, https:\/\/fishfoodpelletmachine.com\/wp-content\/uploads\/2025\/09\/our-company-16x12.webp 16w\" sizes=\"auto, (max-width: 720px) 100vw, 720px\" \/><figcaption class=\"wp-element-caption\">Nuestra empresa<\/figcaption><\/figure>    <figure class=\"wp-block-image size-large\"><img loading=\"lazy\" decoding=\"async\" width=\"720\" height=\"540\" data-id=\"1045\" src=\"https:\/\/fishfoodpelletmachine.com\/wp-content\/uploads\/2025\/11\/our-customer.webp\" alt=\"nuestro cliente\" class=\"wp-image-1045\" title=\"\" srcset=\"https:\/\/fishfoodpelletmachine.com\/wp-content\/uploads\/2025\/11\/our-customer.webp 720w, https:\/\/fishfoodpelletmachine.com\/wp-content\/uploads\/2025\/11\/our-customer-300x225.webp 300w, https:\/\/fishfoodpelletmachine.com\/wp-content\/uploads\/2025\/11\/our-customer-16x12.webp 16w\" sizes=\"auto, (max-width: 720px) 100vw, 720px\" \/><figcaption class=\"wp-element-caption\">Nuestro cliente<\/figcaption><\/figure> <\/figure>    <h2 class=\"wp-block-heading\"><strong>\u00a1P\u00f3ngase en contacto con nosotros ahora mismo!<\/strong><\/h2>    <p>La m\u00e1quina de envasado de pellets de alimento para peces mejora en gran medida la calidad y eficiencia del embalaje con su dise\u00f1o preciso e inteligente. Simplifica el proceso, ahorra mano de obra y ayuda a las empresas a construir una imagen de marca m\u00e1s profesional.<\/p>    <p class=\"translation-block\">Adem\u00e1s, Taizy ofrece la m\u00e1quina estable de fabricaci\u00f3n de pellets de alimento para peces  que puede combinarse con la m\u00e1quina de envasado para lograr una producci\u00f3n totalmente automatizada desde la pelletizaci\u00f3n hasta el envasado. \u00a1Cont\u00e1ctenos en cualquier momento si tiene alguna necesidad!<\/p>","protected":false},"excerpt":{"rendered":"<p>The fish feed pellet packing machine is a highly efficient automated packaging device that integrates automatic weighing, bag making, filling, and sealing. It offers 3-side seal, 4-side sealing, and back seal options. It operates at a high efficiency, achieving a packaging speed of up to 80bags\/min. In addition to packaging fish food pellets, this fish [&hellip;]<\/p>\n","protected":false},"author":1,"featured_media":1035,"parent":0,"template":"","tags":[52,77],"product-type":[5],"class_list":["post-1034","product","type-product","status-publish","has-post-thumbnail","hentry","tag-fish-feed","tag-fish-feed-pellet","product-type-fish-feed-pellet-machine"],"_links":{"self":[{"href":"https:\/\/fishfoodpelletmachine.com\/es\/wp-json\/wp\/v2\/product\/1034","targetHints":{"allow":["GET"]}}],"collection":[{"href":"https:\/\/fishfoodpelletmachine.com\/es\/wp-json\/wp\/v2\/product"}],"about":[{"href":"https:\/\/fishfoodpelletmachine.com\/es\/wp-json\/wp\/v2\/types\/product"}],"author":[{"embeddable":true,"href":"https:\/\/fishfoodpelletmachine.com\/es\/wp-json\/wp\/v2\/users\/1"}],"wp:featuredmedia":[{"embeddable":true,"href":"https:\/\/fishfoodpelletmachine.com\/es\/wp-json\/wp\/v2\/media\/1035"}],"wp:attachment":[{"href":"https:\/\/fishfoodpelletmachine.com\/es\/wp-json\/wp\/v2\/media?parent=1034"}],"wp:term":[{"taxonomy":"post_tag","embeddable":true,"href":"https:\/\/fishfoodpelletmachine.com\/es\/wp-json\/wp\/v2\/tags?post=1034"},{"taxonomy":"product-type","embeddable":true,"href":"https:\/\/fishfoodpelletmachine.com\/es\/wp-json\/wp\/v2\/product-type?post=1034"}],"curies":[{"name":"wp","href":"https:\/\/api.w.org\/{rel}","templated":true}]}}