{"id":1096,"date":"2026-04-24T14:00:48","date_gmt":"2026-04-24T06:00:48","guid":{"rendered":"https:\/\/fishfoodpelletmachine.com\/?post_type=product&#038;p=1096"},"modified":"2026-04-24T16:32:51","modified_gmt":"2026-04-24T08:32:51","slug":"pet-dog-food-pellet-machine","status":"publish","type":"product","link":"https:\/\/fishfoodpelletmachine.com\/es\/product\/pet-dog-food-pellet-machine\/","title":{"rendered":"M\u00e1quina de pellets para comida de mascotas para perros"},"content":{"rendered":"<p class=\"translation-block\">Nuestra<strong> m\u00e1quina de pellets para comida de perros<\/strong> utiliza tecnolog\u00eda de extrusi\u00f3n y inflado por tornillo. Puede procesar r\u00e1pidamente diversas materias primas, como harina de ma\u00edz, harina de soja y harina de carne, en pellets para comida de perros. Esta m\u00e1quina admite di\u00e1metros de pellet desde 1 mm hasta 13 mm (personalizables), siendo muy vers\u00e1til para producir comida para perros, gatos, peces y tortugas.<\/p>    <p>Dependiendo de los requisitos espec\u00edficos del entorno de producci\u00f3n, la m\u00e1quina para hacer comida para perros puede configurarse con un motor el\u00e9ctrico o un motor di\u00e9sel como fuente de energ\u00eda. Con su alta eficiencia y estabilidad excepcional, es una opci\u00f3n ideal para plantas de procesamiento de alimentos y granjas de ganado de tama\u00f1o peque\u00f1o y mediano.<\/p>    <figure class=\"wp-block-embed is-type-video is-provider-youtube wp-block-embed-youtube wp-embed-aspect-16-9 wp-has-aspect-ratio\"><div class=\"wp-block-embed__wrapper\"> <iframe loading=\"lazy\" title=\"M\u00e1quina para hacer pellets de comida para perros | \u00bfC\u00f3mo funciona la m\u00e1quina extrusora de pellets para comida de perros?#alimentaci\u00f3ndepets\" width=\"500\" height=\"281\" src=\"https:\/\/www.youtube.com\/embed\/ywivps7CGIU?feature=oembed\" frameborder=\"0\" allow=\"accelerometer; autoplay; clipboard-write; encrypted-media; gyroscope; picture-in-picture; web-share\" referrerpolicy=\"strict-origin-when-cross-origin\" allowfullscreen><\/iframe> <\/div><figcaption class=\"wp-element-caption\">Video de trabajo de la m\u00e1quina de pellets para alimentaci\u00f3n de perros<\/figcaption><\/figure>    <h2 class=\"wp-block-heading\"><strong>Ventajas principales y caracter\u00edsticas de rendimiento<\/strong><\/h2>    <ul class=\"wp-block-list\"> <li><strong>Producci\u00f3n de alta eficiencia<\/strong> <ul class=\"wp-block-list\"> <li>Desde la entrada de material hasta la salida, solo toma segundos.<\/li>    <li>El proceso de producci\u00f3n continua aumenta la capacidad total.<\/li> <\/ul> <\/li>    <li><strong>Amplio rango de producci\u00f3n<\/strong> <ul class=\"wp-block-list\"> <li>Cubre un amplio espectro de especificaciones, desde 40 kg\/h hasta 3.5 t\/h.<\/li>    <li>Adecuado para usuarios con diferentes escalas operativas.<\/li> <\/ul> <\/li>    <li><strong>Opciones de energ\u00eda flexibles<\/strong> <ul class=\"wp-block-list\"> <li>Admite motores el\u00e9ctricos y motores di\u00e9sel.<\/li>    <li>Apto para diversas condiciones de suministro el\u00e9ctrico regionales.<\/li> <\/ul> <\/li>    <li><strong>Estable y duradero<\/strong> <ul class=\"wp-block-list\"> <li>Presenta un dise\u00f1o estructural simple de tornillo \u00fanico.<\/li>    <li>Garantiza bajos costos de mantenimiento y una larga vida \u00fatil.<\/li> <\/ul> <\/li>    <li><strong>Operaci\u00f3n simple<\/strong> <ul class=\"wp-block-list\"> <li>Una sola persona puede gestionar todo el proceso.<\/li>    <li>Ayuda a reducir costos laborales.<\/li> <\/ul> <\/li> <\/ul>    <figure class=\"wp-block-gallery has-nested-images columns-default is-cropped wp-block-gallery-2 is-layout-flex wp-block-gallery-is-layout-flex\"> <figure class=\"wp-block-image size-large\"><img loading=\"lazy\" decoding=\"async\" width=\"720\" height=\"540\" data-id=\"1097\" src=\"https:\/\/fishfoodpelletmachine.com\/wp-content\/uploads\/2026\/04\/dog-food-pellet-extruder-machine.webp\" alt=\"m\u00e1quina de pellets para comida de perros\" class=\"wp-image-1097\" title=\"\" srcset=\"https:\/\/fishfoodpelletmachine.com\/wp-content\/uploads\/2026\/04\/dog-food-pellet-extruder-machine.webp 720w, https:\/\/fishfoodpelletmachine.com\/wp-content\/uploads\/2026\/04\/dog-food-pellet-extruder-machine-300x225.webp 300w, https:\/\/fishfoodpelletmachine.com\/wp-content\/uploads\/2026\/04\/dog-food-pellet-extruder-machine-16x12.webp 16w\" sizes=\"auto, (max-width: 720px) 100vw, 720px\" \/><figcaption class=\"wp-element-caption\">M\u00e1quina de pellets para comida de perros<\/figcaption><\/figure>    <figure class=\"wp-block-image size-large\"><img loading=\"lazy\" decoding=\"async\" width=\"720\" height=\"540\" data-id=\"1098\" src=\"https:\/\/fishfoodpelletmachine.com\/wp-content\/uploads\/2026\/04\/dog-food-pellet-maker-machine.webp\" alt=\"m\u00e1quina para hacer pellets de comida para perros\" class=\"wp-image-1098\" title=\"\" srcset=\"https:\/\/fishfoodpelletmachine.com\/wp-content\/uploads\/2026\/04\/dog-food-pellet-maker-machine.webp 720w, https:\/\/fishfoodpelletmachine.com\/wp-content\/uploads\/2026\/04\/dog-food-pellet-maker-machine-300x225.webp 300w, https:\/\/fishfoodpelletmachine.com\/wp-content\/uploads\/2026\/04\/dog-food-pellet-maker-machine-16x12.webp 16w\" sizes=\"auto, (max-width: 720px) 100vw, 720px\" \/><figcaption class=\"wp-element-caption\">M\u00e1quina para hacer pellets de comida para perros<\/figcaption><\/figure> <\/figure>    <h2 class=\"wp-block-heading\"><strong>Principio de funcionamiento de la m\u00e1quina de pellets para comida de perros<\/strong><\/h2>    <p>Esta m\u00e1quina para hacer comida para perros es una m\u00e1quina de extrusi\u00f3n de un solo tornillo que utiliza alta temperatura y alta presi\u00f3n para cocinar, inflar y dar forma instant\u00e1neamente a las materias primas:<\/p>    <ul class=\"wp-block-list\"> <li>Las materias primas ingresan al sistema de tornillos despu\u00e9s de la mezcla.<\/li>    <li>Pasar por extrusi\u00f3n y cocci\u00f3n en un entorno de alta temperatura y alta presi\u00f3n.<\/li>    <li>Se moldean mediante moldes.<\/li> <\/ul>    <p>Este m\u00e9todo de procesamiento no solo mejora la palatabilidad del alimento, sino que tambi\u00e9n esteriliza eficazmente el producto, mejorando su seguridad.<\/p>   <div class=\"wp-block-image\"> <figure class=\"aligncenter size-full\"><img loading=\"lazy\" decoding=\"async\" width=\"720\" height=\"540\" src=\"https:\/\/fishfoodpelletmachine.com\/wp-content\/uploads\/2026\/04\/dog-feed-pellet-machine.webp\" alt=\"M\u00e1quina de pellets para alimentaci\u00f3n de perros\" class=\"wp-image-1099\" title=\"\" srcset=\"https:\/\/fishfoodpelletmachine.com\/wp-content\/uploads\/2026\/04\/dog-feed-pellet-machine.webp 720w, https:\/\/fishfoodpelletmachine.com\/wp-content\/uploads\/2026\/04\/dog-feed-pellet-machine-300x225.webp 300w, https:\/\/fishfoodpelletmachine.com\/wp-content\/uploads\/2026\/04\/dog-feed-pellet-machine-16x12.webp 16w\" sizes=\"auto, (max-width: 720px) 100vw, 720px\" \/><figcaption class=\"wp-element-caption\">M\u00e1quina de pellets para alimentaci\u00f3n de perros<\/figcaption><\/figure> <\/div>   <h2 class=\"wp-block-heading\"><strong>Par\u00e1metros de la m\u00e1quina de pellets para comida de perros<\/strong><\/h2>    <p>Ofrecemos una amplia gama de modelos de m\u00e1quinas de pellets para comida de perros, con capacidades de producci\u00f3n que van desde 40 hasta 3,500 kg\/h. A continuaci\u00f3n, las especificaciones detalladas de nuestros modelos m\u00e1s vendidos, para su referencia.<\/p>    <figure class=\"wp-block-table\"><table><thead><tr><th>Modelo<\/th><th>Capacidad (kg\/h)<\/th><th>Potencia principal (kW)<\/th><th>Potencia del cortador (kW)<\/th><th>Potencia de alimentaci\u00f3n (kW)<\/th><th>Di\u00e1metro del tornillo (mm)<\/th><th>Tama\u00f1o (mm)<\/th><th>Peso (kg)<\/th><\/tr><\/thead><tbody><tr><td>DGP-60<\/td><td>120\u2013150<\/td><td>15<\/td><td>0.4<\/td><td>0.4<\/td><td>60<\/td><td>1450 \u00d7 950 \u00d7 1430<\/td><td>480<\/td><\/tr><tr><td>DGP-70<\/td><td>180\u2013250<\/td><td>18.5<\/td><td>0.4<\/td><td>0.4<\/td><td>70<\/td><td>1600 \u00d7 1400 \u00d7 1450<\/td><td>600<\/td><\/tr><tr><td>DGP-80<\/td><td>300\u2013350<\/td><td>22<\/td><td>0.4<\/td><td>0.4<\/td><td>80<\/td><td>1850 \u00d7 1470 \u00d7 1500<\/td><td>800<\/td><\/tr><tr><td>DGP-100<\/td><td>500\u2013550<\/td><td>37<\/td><td>1.1<\/td><td>1.5<\/td><td>100<\/td><td>2000 \u00d7 1600 \u00d7 1600<\/td><td>1500<\/td><\/tr><tr><td>DGP-120<\/td><td>600\u2013700<\/td><td>55<\/td><td>1.1<\/td><td>2.2<\/td><td>120<\/td><td>2200 \u00d7 2010 \u00d7 1700<\/td><td>1850<\/td><\/tr><\/tbody><\/table><figcaption class=\"wp-element-caption\">Especificaciones de la extrusora de pellets para comida de mascotas<\/figcaption><\/figure>    <h2 class=\"wp-block-heading\"><strong>Procesamiento de materias primas y alcance de aplicaci\u00f3n<\/strong><\/h2>    <p>Esta m\u00e1quina de pellets para comida de perros ofrece una amplia gama de aplicaciones y es capaz de procesar una variedad de materias primas:<\/p>    <ul class=\"wp-block-list\"> <li>Ingredientes de origen vegetal: Harina de ma\u00edz, harina de trigo, harina de soja, salvado de arroz<\/li>    <li>Prote\u00ednas animales: Harina de carne, harina de pescado, harina de hueso<\/li>    <li>Procesamiento de subproductos: Utilizaci\u00f3n de despojos y restos animales<\/li>    <li>Industria de grasas y aceites: Utilizado como equipo de preprocesamiento<\/li> <\/ul>    <p class=\"translation-block\"><strong>Los tipos de productos terminados incluyen:<\/strong><\/p>    <ul class=\"wp-block-list\"> <li>Pellets de comida para perros<\/li>    <li>Pellets de comida para gatos<\/li>    <li>Alimento para peces flotante \/ alimento para peces hundido<\/li>    <li>Alimentaci\u00f3n de tortugas, etc.<\/li> <\/ul>   <div class=\"wp-block-image\"> <figure class=\"aligncenter size-full is-resized\"><img loading=\"lazy\" decoding=\"async\" width=\"720\" height=\"540\" src=\"https:\/\/fishfoodpelletmachine.com\/wp-content\/uploads\/2026\/04\/widely-used-of-dog-food-making-machine.webp\" alt=\"widely used of dog food making machine\" class=\"wp-image-1100\" style=\"width:720px;height:auto\" title=\"\" srcset=\"https:\/\/fishfoodpelletmachine.com\/wp-content\/uploads\/2026\/04\/widely-used-of-dog-food-making-machine.webp 720w, https:\/\/fishfoodpelletmachine.com\/wp-content\/uploads\/2026\/04\/widely-used-of-dog-food-making-machine-300x225.webp 300w, https:\/\/fishfoodpelletmachine.com\/wp-content\/uploads\/2026\/04\/widely-used-of-dog-food-making-machine-16x12.webp 16w\" sizes=\"auto, (max-width: 720px) 100vw, 720px\" \/><figcaption class=\"wp-element-caption\">Amplia aplicaci\u00f3n de la m\u00e1quina para hacer comida para perros<\/figcaption><\/figure> <\/div>   <p>Nuestra m\u00e1quina de pellets para comida de perros puede producir alimentos en varias formas para mascotas caninas; esto se logra simplemente cambiando el molde. Las formas comunes incluyen:<\/p>    <ul class=\"wp-block-list\"> <li>Pellets redondos<\/li>    <li>Formas de hueso<\/li>    <li>Formas creativas como corazones, estrellas, etc.<\/li> <\/ul>    <p>Se pueden personalizar tama\u00f1os y formas especiales a pedido, permitiendo a los usuarios ajustar de manera flexible los tipos de productos en respuesta a las demandas del mercado y mejorar su competitividad.<\/p>    <figure class=\"wp-block-gallery has-nested-images columns-default is-cropped wp-block-gallery-3 is-layout-flex wp-block-gallery-is-layout-flex\"> <figure class=\"wp-block-image size-large\"><img loading=\"lazy\" decoding=\"async\" width=\"540\" height=\"720\" data-id=\"1101\" src=\"https:\/\/fishfoodpelletmachine.com\/wp-content\/uploads\/2026\/04\/dog-food-pellet-machine.webp\" alt=\"m\u00e1quina de pellets para comida de perros\" class=\"wp-image-1101\" title=\"\" srcset=\"https:\/\/fishfoodpelletmachine.com\/wp-content\/uploads\/2026\/04\/dog-food-pellet-machine.webp 540w, https:\/\/fishfoodpelletmachine.com\/wp-content\/uploads\/2026\/04\/dog-food-pellet-machine-225x300.webp 225w, https:\/\/fishfoodpelletmachine.com\/wp-content\/uploads\/2026\/04\/dog-food-pellet-machine-9x12.webp 9w\" sizes=\"auto, (max-width: 540px) 100vw, 540px\" \/><figcaption class=\"wp-element-caption\">M\u00e1quina de pellets para comida de perros<\/figcaption><\/figure>    <figure class=\"wp-block-image size-large\"><img loading=\"lazy\" decoding=\"async\" width=\"540\" height=\"720\" data-id=\"1102\" src=\"https:\/\/fishfoodpelletmachine.com\/wp-content\/uploads\/2026\/04\/mold-types-of-dog-feed-pellet-machine.webp\" alt=\"tipos de moldes de la m\u00e1quina de pellets para alimentaci\u00f3n de perros\" class=\"wp-image-1102\" title=\"\" srcset=\"https:\/\/fishfoodpelletmachine.com\/wp-content\/uploads\/2026\/04\/mold-types-of-dog-feed-pellet-machine.webp 540w, https:\/\/fishfoodpelletmachine.com\/wp-content\/uploads\/2026\/04\/mold-types-of-dog-feed-pellet-machine-225x300.webp 225w, https:\/\/fishfoodpelletmachine.com\/wp-content\/uploads\/2026\/04\/mold-types-of-dog-feed-pellet-machine-9x12.webp 9w\" sizes=\"auto, (max-width: 540px) 100vw, 540px\" \/><figcaption class=\"wp-element-caption\">Tipos de moldes de la m\u00e1quina de pellets para alimentaci\u00f3n de perros<\/figcaption><\/figure> <\/figure>    <h2 class=\"wp-block-heading\"><strong>Formulaciones comunes de comida para perros<\/strong><\/h2>    <p>Los alimentos para perros con diferentes posicionamientos en el mercado var\u00edan significativamente en sus formulaciones. A continuaci\u00f3n, se presentan formulaciones de referencia comunes, que pueden usarse para la puesta en marcha y producci\u00f3n de m\u00e1quinas de pellets para comida de perros:<\/p>    <p class=\"translation-block\"><strong>F\u00f3rmula para perros adultos<\/strong><\/p>    <ul class=\"wp-block-list\"> <li>Harina de ma\u00edz: 30%<\/li>    <li>Harina de ma\u00edz extruida: 20%<\/li>    <li>Harina de salvado: 30%<\/li>    <li>Harina de soja: 10%<\/li>    <li>Harina de carne: 10%<\/li> <\/ul>    <p class=\"translation-block\"><strong>F\u00f3rmula b\u00e1sica para cachorros<\/strong><\/p>    <ul class=\"wp-block-list\"> <li>Harina de ma\u00edz: 40%<\/li>    <li>Harina de ma\u00edz extruida: 20%<\/li>    <li>Harina de salvado: 20%<\/li>    <li>Harina de carne y hueso: 15%<\/li>    <li>Harina de arroz: 5%<\/li> <\/ul>    <p class=\"translation-block\"><strong>F\u00f3rmula para cachorros de gama media<\/strong><\/p>    <ul class=\"wp-block-list\"> <li>Harina de ma\u00edz: 30%<\/li>    <li>Harina de salvado: 20%<\/li>    <li>Harina de trigo: 5%<\/li>    <li>Harina de ma\u00edz extruida: 30%<\/li>    <li>Harina de soja: 5%<\/li>    <li>Harina de carne: 10%<\/li> <\/ul>    <p class=\"translation-block\"><strong>F\u00f3rmula para cachorros de gama alta<\/strong><\/p>    <ul class=\"wp-block-list\"> <li>Harina de ma\u00edz: 20%<\/li>    <li>Harina de ma\u00edz extruida: 15%<\/li>    <li>Harina de salvado: 20%<\/li>    <li>Harina de trigo: 5%<\/li>    <li>Harina de soja: 5%<\/li>    <li>Harina de carne: 10%<\/li>    <li>Leche en polvo: 3%<\/li>    <li>Harina de arroz: 12%<\/li>    <li>Harina de pescado: 5%<\/li>    <li>Harina de hueso: 5%<\/li> <\/ul>    <figure class=\"wp-block-gallery has-nested-images columns-default is-cropped wp-block-gallery-4 is-layout-flex wp-block-gallery-is-layout-flex\"> <figure class=\"wp-block-image size-large\"><img loading=\"lazy\" decoding=\"async\" width=\"720\" height=\"540\" data-id=\"1103\" src=\"https:\/\/fishfoodpelletmachine.com\/wp-content\/uploads\/2026\/04\/dog-feed-pellets.webp\" alt=\"dog feed pellets\" class=\"wp-image-1103\" title=\"\" srcset=\"https:\/\/fishfoodpelletmachine.com\/wp-content\/uploads\/2026\/04\/dog-feed-pellets.webp 720w, https:\/\/fishfoodpelletmachine.com\/wp-content\/uploads\/2026\/04\/dog-feed-pellets-300x225.webp 300w, https:\/\/fishfoodpelletmachine.com\/wp-content\/uploads\/2026\/04\/dog-feed-pellets-16x12.webp 16w\" sizes=\"auto, (max-width: 720px) 100vw, 720px\" \/><figcaption class=\"wp-element-caption\">Pellets para alimentaci\u00f3n de perros<\/figcaption><\/figure>    <figure class=\"wp-block-image size-large\"><img loading=\"lazy\" decoding=\"async\" width=\"720\" height=\"540\" data-id=\"1104\" src=\"https:\/\/fishfoodpelletmachine.com\/wp-content\/uploads\/2026\/04\/pet-dog-food-pellets.webp\" alt=\"pet dog food pellets\" class=\"wp-image-1104\" title=\"\" srcset=\"https:\/\/fishfoodpelletmachine.com\/wp-content\/uploads\/2026\/04\/pet-dog-food-pellets.webp 720w, https:\/\/fishfoodpelletmachine.com\/wp-content\/uploads\/2026\/04\/pet-dog-food-pellets-300x225.webp 300w, https:\/\/fishfoodpelletmachine.com\/wp-content\/uploads\/2026\/04\/pet-dog-food-pellets-16x12.webp 16w\" sizes=\"auto, (max-width: 720px) 100vw, 720px\" \/><figcaption class=\"wp-element-caption\">Pellets para alimentaci\u00f3n de mascotas<\/figcaption><\/figure>    <figure class=\"wp-block-image size-large\"><img loading=\"lazy\" decoding=\"async\" width=\"720\" height=\"540\" data-id=\"1105\" src=\"https:\/\/fishfoodpelletmachine.com\/wp-content\/uploads\/2026\/04\/dog-food-pellets.webp\" alt=\"dog food pellets\" class=\"wp-image-1105\" title=\"\" srcset=\"https:\/\/fishfoodpelletmachine.com\/wp-content\/uploads\/2026\/04\/dog-food-pellets.webp 720w, https:\/\/fishfoodpelletmachine.com\/wp-content\/uploads\/2026\/04\/dog-food-pellets-300x225.webp 300w, https:\/\/fishfoodpelletmachine.com\/wp-content\/uploads\/2026\/04\/dog-food-pellets-16x12.webp 16w\" sizes=\"auto, (max-width: 720px) 100vw, 720px\" \/><figcaption class=\"wp-element-caption\">Pellets para comida de perros<\/figcaption><\/figure> <\/figure>    <h2 class=\"wp-block-heading\"><strong>\u00bfCu\u00e1nto cuesta la m\u00e1quina de pellets para comida de perros?<\/strong><\/h2>    <p>El precio de una extrusora de pellets para comida de perros no es fijo; est\u00e1 influenciado por diversos factores. Al seleccionar el equipo, es recomendable considerar los siguientes puntos clave:<\/p>    <ul class=\"wp-block-list\"> <li><strong>Capacidad de producci\u00f3n<\/strong>: Requisitos de mayor producci\u00f3n requieren configuraciones de equipo m\u00e1s grandes y mayor capacidad de potencia, resultando en un precio proporcionalmente m\u00e1s alto.<\/li>    <li><strong>Fuente de energ\u00eda<\/strong>: El precio variar\u00e1 dependiendo de si la m\u00e1quina funciona con un motor el\u00e9ctrico o un motor di\u00e9sel.<\/li>    <li><strong>Materiales y configuraci\u00f3n<\/strong>: Factores como el uso de materiales de alta calidad y la inclusi\u00f3n de funciones, como un sistema de alimentaci\u00f3n autom\u00e1tica, influir\u00e1n en el costo final.<\/li> <\/ul>    <p>Selecciona un modelo que se ajuste a tu volumen de producci\u00f3n y presupuesto reales para evitar elegir una configuraci\u00f3n excesiva o insuficiente para tus necesidades.<\/p>    <h2 class=\"wp-block-heading\"><strong>\u00bfC\u00f3mo elegir la m\u00e1quina de pellets para comida de perros?<\/strong><\/h2>    <p>Al seleccionar una m\u00e1quina de pellets para comida de perros, se recomienda priorizar los siguientes factores:<\/p>    <ul class=\"wp-block-list\"> <li><strong>Requisitos de producci\u00f3n<\/strong>: Las granjas a peque\u00f1a escala deben optar por el modelo DGP-60\/70, mientras que las operaciones de producci\u00f3n a gran escala deben seleccionar modelos de la serie DGP-100 o superiores.<\/li>    <li><strong>Fuente de energ\u00eda<\/strong>: \u00bfSe requiere una versi\u00f3n con motor di\u00e9sel?<\/li>    <li><strong>Especificaciones de pellets<\/strong>: Eval\u00fae si necesita moldes personalizados para cumplir con requisitos espec\u00edficos de tama\u00f1o de pellet.<\/li>    <li><strong>Rango de presupuesto<\/strong>: Haga una selecci\u00f3n racional basada en la escala de su inversi\u00f3n.<\/li> <\/ul>    <figure class=\"wp-block-gallery has-nested-images columns-default is-cropped wp-block-gallery-5 is-layout-flex wp-block-gallery-is-layout-flex\"> <figure class=\"wp-block-image size-large\"><img loading=\"lazy\" decoding=\"async\" width=\"540\" height=\"720\" data-id=\"1106\" src=\"https:\/\/fishfoodpelletmachine.com\/wp-content\/uploads\/2026\/04\/pet-dog-feed-making-machine.webp\" alt=\"pet dog feed making machine\" class=\"wp-image-1106\" title=\"\" srcset=\"https:\/\/fishfoodpelletmachine.com\/wp-content\/uploads\/2026\/04\/pet-dog-feed-making-machine.webp 540w, https:\/\/fishfoodpelletmachine.com\/wp-content\/uploads\/2026\/04\/pet-dog-feed-making-machine-225x300.webp 225w, https:\/\/fishfoodpelletmachine.com\/wp-content\/uploads\/2026\/04\/pet-dog-feed-making-machine-9x12.webp 9w\" sizes=\"auto, (max-width: 540px) 100vw, 540px\" \/><figcaption class=\"wp-element-caption\">M\u00e1quina para hacer comida para perros<\/figcaption><\/figure>    <figure class=\"wp-block-image size-large\"><img loading=\"lazy\" decoding=\"async\" width=\"540\" height=\"720\" data-id=\"1107\" src=\"https:\/\/fishfoodpelletmachine.com\/wp-content\/uploads\/2026\/04\/dog-feed-pelletizer-machine.webp\" alt=\"dog feed pelletizer machine\" class=\"wp-image-1107\" title=\"\" srcset=\"https:\/\/fishfoodpelletmachine.com\/wp-content\/uploads\/2026\/04\/dog-feed-pelletizer-machine.webp 540w, https:\/\/fishfoodpelletmachine.com\/wp-content\/uploads\/2026\/04\/dog-feed-pelletizer-machine-225x300.webp 225w, https:\/\/fishfoodpelletmachine.com\/wp-content\/uploads\/2026\/04\/dog-feed-pelletizer-machine-9x12.webp 9w\" sizes=\"auto, (max-width: 540px) 100vw, 540px\" \/><figcaption class=\"wp-element-caption\">M\u00e1quina de pellets para alimentaci\u00f3n de perros<\/figcaption><\/figure>    <figure class=\"wp-block-image size-large\"><img loading=\"lazy\" decoding=\"async\" width=\"540\" height=\"720\" data-id=\"1108\" src=\"https:\/\/fishfoodpelletmachine.com\/wp-content\/uploads\/2026\/04\/dog-feed-pellet-extruder.webp\" alt=\"dog feed pellet extruder\" class=\"wp-image-1108\" title=\"\" srcset=\"https:\/\/fishfoodpelletmachine.com\/wp-content\/uploads\/2026\/04\/dog-feed-pellet-extruder.webp 540w, https:\/\/fishfoodpelletmachine.com\/wp-content\/uploads\/2026\/04\/dog-feed-pellet-extruder-225x300.webp 225w, https:\/\/fishfoodpelletmachine.com\/wp-content\/uploads\/2026\/04\/dog-feed-pellet-extruder-9x12.webp 9w\" sizes=\"auto, (max-width: 540px) 100vw, 540px\" \/><figcaption class=\"wp-element-caption\">Extrusora de pellets para alimentaci\u00f3n de perros<\/figcaption><\/figure> <\/figure>    <h2 class=\"wp-block-heading\"><strong>\u00bfPor qu\u00e9 elegir Taizy como su proveedor?<\/strong><\/h2>    <ul class=\"wp-block-list\"> <li>Amplia gama de modelos de equipos disponibles; admite personalizaci\u00f3n<\/li>    <li>Amplia experiencia en exportaci\u00f3n; garantiza calidad constante<\/li>    <li>Soporta configuraci\u00f3n de l\u00ednea de producci\u00f3n completa<\/li>    <li>Brinda orientaci\u00f3n t\u00e9cnica y servicio postventa<\/li> <\/ul>    <h2 class=\"wp-block-heading\"><strong>\u00a1Cont\u00e1ctanos para comenzar tu producci\u00f3n!<\/strong><\/h2>    <p class=\"translation-block\">Ya sea para producci\u00f3n a peque\u00f1a o gran escala, nuestras m\u00e1quinas de pellets para comida de perros ofrecen rendimiento estable, capacidad flexible y soluciones personalizables. Tambi\u00e9n ofrecemos <a href=\"https:\/\/fishfoodpelletmachine.com\/es\/product\/animal-feed-pellet-making-machine\/\">m\u00e1quina de pellets para alimentaci\u00f3n av\u00edcola <\/a>soluciones para necesidades m\u00e1s amplias de procesamiento de alimentos.<\/p>    <p>Comparta sus materias primas y requisitos de producci\u00f3n con nosotros; le recomendaremos el modelo adecuado y le ayudaremos a comenzar la producci\u00f3n r\u00e1pidamente.<\/p>","protected":false},"excerpt":{"rendered":"<p>This article outlines the working principles, suitable raw materials, and diverse application scenarios of dog food pellet machines, covering the production of dog food, cat food, and fish feed. The equipment supports the interchangeability of various molds and allows for pellet customization, offering key advantages such as high efficiency, robust stability, and versatile processing capabilities.<\/p>","protected":false},"author":1,"featured_media":1109,"parent":0,"template":"","tags":[51],"product-type":[79],"class_list":["post-1096","product","type-product","status-publish","has-post-thumbnail","hentry","tag-feed-pellet","product-type-pet-feed-pellet-machine"],"_links":{"self":[{"href":"https:\/\/fishfoodpelletmachine.com\/es\/wp-json\/wp\/v2\/product\/1096","targetHints":{"allow":["GET"]}}],"collection":[{"href":"https:\/\/fishfoodpelletmachine.com\/es\/wp-json\/wp\/v2\/product"}],"about":[{"href":"https:\/\/fishfoodpelletmachine.com\/es\/wp-json\/wp\/v2\/types\/product"}],"author":[{"embeddable":true,"href":"https:\/\/fishfoodpelletmachine.com\/es\/wp-json\/wp\/v2\/users\/1"}],"wp:featuredmedia":[{"embeddable":true,"href":"https:\/\/fishfoodpelletmachine.com\/es\/wp-json\/wp\/v2\/media\/1109"}],"wp:attachment":[{"href":"https:\/\/fishfoodpelletmachine.com\/es\/wp-json\/wp\/v2\/media?parent=1096"}],"wp:term":[{"taxonomy":"post_tag","embeddable":true,"href":"https:\/\/fishfoodpelletmachine.com\/es\/wp-json\/wp\/v2\/tags?post=1096"},{"taxonomy":"product-type","embeddable":true,"href":"https:\/\/fishfoodpelletmachine.com\/es\/wp-json\/wp\/v2\/product-type?post=1096"}],"curies":[{"name":"wp","href":"https:\/\/api.w.org\/{rel}","templated":true}]}}