{"id":178,"date":"2022-08-08T07:27:58","date_gmt":"2022-08-08T07:27:58","guid":{"rendered":"https:\/\/fishfoodpelletmachine.com\/?post_type=product&#038;p=178"},"modified":"2024-06-03T17:36:32","modified_gmt":"2024-06-03T09:36:32","slug":"automatic-hammer-mill","status":"publish","type":"product","link":"https:\/\/fishfoodpelletmachine.com\/es\/product\/automatic-hammer-mill\/","title":{"rendered":"Molino de martillos autom\u00e1tico | Molinillo de alimentaci\u00f3n"},"content":{"rendered":"<p>El molino de martillos autom\u00e1tico es una m\u00e1quina que la gente usa com\u00fanmente para triturar granos. Los granos triturados se utilizan generalmente para fabricar materias primas para diversos piensos. Es el equipo de procesamiento de piensos ideal para plantas reproductoras y una buena ayuda para que los agricultores hagan una fortuna. <\/p>    <p class=\"translation-block\">La trituradora de grano tiene una estructura simple, es f\u00e1cil de mantener y de usar. La m\u00e1quina viene con ruedas, lo que facilita su desplazamiento. La trituradora de grano se combinar\u00e1 con nuestra <a href=\"https:\/\/fishfoodpelletmachine.com\/es\/product\/floating-fish-feed-production-line\/\">l\u00ednea de producci\u00f3n de extrusora de pienso flotante para peces<\/a>. Es una m\u00e1quina de trituraci\u00f3n esencial para producir piensos para peces y procesar materias primas.<\/p>    <figure class=\"wp-block-embed is-type-video is-provider-youtube wp-block-embed-youtube wp-embed-aspect-16-9 wp-has-aspect-ratio\"><div class=\"wp-block-embed__wrapper\"> <iframe loading=\"lazy\" title=\"Muele de manera m\u00e1s inteligente, no m\u00e1s dif\u00edcil: Maximizando la producci\u00f3n con el molino de martillos #corn #maize #agriculture\" width=\"500\" height=\"281\" src=\"https:\/\/www.youtube.com\/embed\/-pw7YuA7Z_E?feature=oembed\" frameborder=\"0\" allow=\"accelerometer; autoplay; clipboard-write; encrypted-media; gyroscope; picture-in-picture; web-share\" referrerpolicy=\"strict-origin-when-cross-origin\" allowfullscreen><\/iframe> <\/div><figcaption class=\"wp-element-caption\">V\u00eddeo de funcionamiento del molino de martillos autom\u00e1tico.<\/figcaption><\/figure>    <h2 class=\"wp-block-heading\" id=\"h-what-s-the-automatic-hammer-mill\">\u00bfQu\u00e9 es el molino de martillos autom\u00e1tico?<\/h2>    <p class=\"translation-block\">Producimos varios modelos de <a href=\"https:\/\/taizyfarmequipment.com\/product\/hammer-mill-grinder\/\" data-type=\"link\" data-id=\"https:\/\/taizyfarmequipment.com\/product\/hammer-mill-grinder\/\" target=\"_blank\" rel=\"noopener\">trituradoras de grano<\/a>, y los diferentes modelos tienen diferentes producciones. Los clientes pueden elegir el modelo adecuado seg\u00fan sus necesidades. En cuanto a la potencia, la trituradora de grano puede funcionar con motores di\u00e9sel, motores el\u00e9ctricos y tractores. <\/p>    <p>El motor di\u00e9sel es adecuado para su uso en zonas donde no hay electricidad. El molino de martillos autom\u00e1tico tiene una criba dentro de la c\u00e1mara de trituraci\u00f3n y el usuario puede elegir diferentes tama\u00f1os de malla para producir diferentes granos en polvo.<\/p>    <figure class=\"wp-block-image size-full\"><img loading=\"lazy\" decoding=\"async\" width=\"720\" height=\"540\" src=\"https:\/\/fishfoodpelletmachine.com\/wp-content\/uploads\/2022\/08\/Automatic-hammer-mill-for-sale.webp\" alt=\"Venta de molino de martillos automatico\" class=\"wp-image-818\" title=\"\" srcset=\"https:\/\/fishfoodpelletmachine.com\/wp-content\/uploads\/2022\/08\/Automatic-hammer-mill-for-sale.webp 720w, https:\/\/fishfoodpelletmachine.com\/wp-content\/uploads\/2022\/08\/Automatic-hammer-mill-for-sale-300x225.webp 300w, https:\/\/fishfoodpelletmachine.com\/wp-content\/uploads\/2022\/08\/Automatic-hammer-mill-for-sale-16x12.webp 16w\" sizes=\"auto, (max-width: 720px) 100vw, 720px\" \/><figcaption class=\"wp-element-caption\">molino de martillos automatico para la venta<\/figcaption><\/figure>    <p>Adem\u00e1s, nuestras trituradoras de cereales est\u00e1n equipadas con un cicl\u00f3n. Esta configuraci\u00f3n recoge el polvo y las impurezas que produce la m\u00e1quina durante su trabajo. De esta forma, el entorno de trabajo ser\u00e1 m\u00e1s limpio, seguro e higi\u00e9nico. <\/p>    <p>Actualmente contamos con un total de ocho modelos de trituradoras de granos. Cada modelo se puede utilizar en combinaci\u00f3n con una prensa de pellets para alimento para peces.<\/p>    <figure class=\"wp-block-gallery has-nested-images columns-default is-cropped wp-block-gallery-2 is-layout-flex wp-block-gallery-is-layout-flex\"> <figure class=\"wp-block-image size-large\"><img loading=\"lazy\" decoding=\"async\" width=\"720\" height=\"540\" data-id=\"308\" src=\"https:\/\/fishfoodpelletmachine.com\/wp-content\/uploads\/2022\/09\/320-hammer-mill-crusher0.webp\" alt=\"trituradora de martillo 320\" class=\"wp-image-308\" title=\"trituradora de martillo 320\" srcset=\"https:\/\/fishfoodpelletmachine.com\/wp-content\/uploads\/2022\/09\/320-hammer-mill-crusher0.webp 720w, https:\/\/fishfoodpelletmachine.com\/wp-content\/uploads\/2022\/09\/320-hammer-mill-crusher0-300x225.webp 300w\" sizes=\"auto, (max-width: 720px) 100vw, 720px\" \/><figcaption class=\"wp-element-caption\">trituradora de martillo 320<\/figcaption><\/figure>    <figure class=\"wp-block-image size-large\"><img loading=\"lazy\" decoding=\"async\" width=\"720\" height=\"540\" data-id=\"309\" src=\"https:\/\/fishfoodpelletmachine.com\/wp-content\/uploads\/2022\/09\/corn-crusher-.webp\" alt=\"trituradora de maiz\" class=\"wp-image-309\" title=\"trituradora de maiz\" srcset=\"https:\/\/fishfoodpelletmachine.com\/wp-content\/uploads\/2022\/09\/corn-crusher-.webp 720w, https:\/\/fishfoodpelletmachine.com\/wp-content\/uploads\/2022\/09\/corn-crusher--300x225.webp 300w\" sizes=\"auto, (max-width: 720px) 100vw, 720px\" \/><figcaption class=\"wp-element-caption\">Trituradora de ma\u00edz<\/figcaption><\/figure>    <figure class=\"wp-block-image size-large\"><img loading=\"lazy\" decoding=\"async\" width=\"720\" height=\"540\" data-id=\"310\" src=\"https:\/\/fishfoodpelletmachine.com\/wp-content\/uploads\/2022\/09\/420-hammer-mill-grinder0.webp\" alt=\"molino de martillos 420\" class=\"wp-image-310\" title=\"molino de martillos 420\" srcset=\"https:\/\/fishfoodpelletmachine.com\/wp-content\/uploads\/2022\/09\/420-hammer-mill-grinder0.webp 720w, https:\/\/fishfoodpelletmachine.com\/wp-content\/uploads\/2022\/09\/420-hammer-mill-grinder0-300x225.webp 300w\" sizes=\"auto, (max-width: 720px) 100vw, 720px\" \/><figcaption class=\"wp-element-caption\">Molino de martillo 420<\/figcaption><\/figure>    <figure class=\"wp-block-image size-large\"><img loading=\"lazy\" decoding=\"async\" width=\"720\" height=\"540\" data-id=\"312\" src=\"https:\/\/fishfoodpelletmachine.com\/wp-content\/uploads\/2022\/09\/500-high-speed-hammer-mill-0.webp\" alt=\"molino de martillos de alta velocidad 500\" class=\"wp-image-312\" title=\"molino de martillos de alta velocidad 500\" srcset=\"https:\/\/fishfoodpelletmachine.com\/wp-content\/uploads\/2022\/09\/500-high-speed-hammer-mill-0.webp 720w, https:\/\/fishfoodpelletmachine.com\/wp-content\/uploads\/2022\/09\/500-high-speed-hammer-mill-0-300x225.webp 300w\" sizes=\"auto, (max-width: 720px) 100vw, 720px\" \/><figcaption class=\"wp-element-caption\">Molino de martillos de alta velocidad 500<\/figcaption><\/figure>    <figure class=\"wp-block-image size-large\"><img loading=\"lazy\" decoding=\"async\" width=\"720\" height=\"540\" data-id=\"313\" src=\"https:\/\/fishfoodpelletmachine.com\/wp-content\/uploads\/2022\/09\/600-grain-grinder-.webp\" alt=\"molinillo de 600 granos\" class=\"wp-image-313\" title=\"molinillo de 600 granos\" srcset=\"https:\/\/fishfoodpelletmachine.com\/wp-content\/uploads\/2022\/09\/600-grain-grinder-.webp 720w, https:\/\/fishfoodpelletmachine.com\/wp-content\/uploads\/2022\/09\/600-grain-grinder--300x225.webp 300w\" sizes=\"auto, (max-width: 720px) 100vw, 720px\" \/><figcaption class=\"wp-element-caption\">Molinillo de 600 granos<\/figcaption><\/figure>    <figure class=\"wp-block-image size-large\"><img loading=\"lazy\" decoding=\"async\" width=\"720\" height=\"540\" data-id=\"315\" src=\"https:\/\/fishfoodpelletmachine.com\/wp-content\/uploads\/2022\/09\/700-feed-grinder-.webp\" alt=\"trituradora de alimentaci\u00f3n 700\" class=\"wp-image-315\" title=\"trituradora de alimentaci\u00f3n 700\" srcset=\"https:\/\/fishfoodpelletmachine.com\/wp-content\/uploads\/2022\/09\/700-feed-grinder-.webp 720w, https:\/\/fishfoodpelletmachine.com\/wp-content\/uploads\/2022\/09\/700-feed-grinder--300x225.webp 300w\" sizes=\"auto, (max-width: 720px) 100vw, 720px\" \/><figcaption class=\"wp-element-caption\">Molinillo de alimentaci\u00f3n 700<\/figcaption><\/figure> <\/figure>    <h2 class=\"wp-block-heading\">Uso de alcances del molinillo de alimentaci\u00f3n.<\/h2>    <p>El molinillo de alimento se puede utilizar en una amplia gama de aplicaciones, como ma\u00edz, sorgo, trigo, frijoles, tallos de ma\u00edz, pl\u00e1ntulas de man\u00ed, pl\u00e1ntulas de camote, c\u00e1scaras de man\u00ed, malezas secas y otros tipos de alimento seco y tortas trituradas en trozos grandes. . <\/p>    <p>Los materiales triturados se pueden utilizar para alimentar caballos, vacas, ovejas, cerdos, conejos, gallinas, patos, etc.<\/p>    <p>La m\u00e1quina es resistente y duradera, segura y confiable, f\u00e1cil de instalar y adecuada para varias f\u00e1bricas de piensos solas o compatibles con su uso.<\/p>    <figure class=\"wp-block-image size-full\"><img loading=\"lazy\" decoding=\"async\" width=\"720\" height=\"540\" src=\"https:\/\/fishfoodpelletmachine.com\/wp-content\/uploads\/2022\/09\/application-of-the-feed-grinder.webp\" alt=\"aplicaci\u00f3n de la trituradora de alimentaci\u00f3n\" class=\"wp-image-316\" title=\"aplicaci\u00f3n de la trituradora de alimentaci\u00f3n\" srcset=\"https:\/\/fishfoodpelletmachine.com\/wp-content\/uploads\/2022\/09\/application-of-the-feed-grinder.webp 720w, https:\/\/fishfoodpelletmachine.com\/wp-content\/uploads\/2022\/09\/application-of-the-feed-grinder-300x225.webp 300w\" sizes=\"auto, (max-width: 720px) 100vw, 720px\" \/><figcaption class=\"wp-element-caption\">Aplicaci\u00f3n de la trituradora de alimentaci\u00f3n<\/figcaption><\/figure>    <h2 class=\"wp-block-heading\">Componentes del molino de martillos para aves<\/h2>    <p>Excepto en los modelos 320, el mecanismo de la m\u00e1quina es el mismo. Incluye principalmente entrada, cicl\u00f3n, c\u00e1mara de trituraci\u00f3n, martillo, criba, ventilador, etc. La m\u00e1quina tiene una estructura razonable, f\u00e1cil de operar, adecuada para todo tipo de f\u00e1bricas de piensos o uso dom\u00e9stico.<\/p>    <figure class=\"wp-block-gallery has-nested-images columns-default is-cropped wp-block-gallery-3 is-layout-flex wp-block-gallery-is-layout-flex\"> <figure class=\"wp-block-image size-large\"><img loading=\"lazy\" decoding=\"async\" width=\"720\" height=\"540\" data-id=\"317\" src=\"https:\/\/fishfoodpelletmachine.com\/wp-content\/uploads\/2022\/09\/Automatic-hammer-mill-.webp\" alt=\"molino de martillos automatico\" class=\"wp-image-317\" title=\"molino de martillos automatico\" srcset=\"https:\/\/fishfoodpelletmachine.com\/wp-content\/uploads\/2022\/09\/Automatic-hammer-mill-.webp 720w, https:\/\/fishfoodpelletmachine.com\/wp-content\/uploads\/2022\/09\/Automatic-hammer-mill--300x225.webp 300w\" sizes=\"auto, (max-width: 720px) 100vw, 720px\" \/><figcaption class=\"wp-element-caption\">Molino de martillos autom\u00e1tico<\/figcaption><\/figure>    <figure class=\"wp-block-image size-large\"><img loading=\"lazy\" decoding=\"async\" width=\"720\" height=\"540\" data-id=\"318\" src=\"https:\/\/fishfoodpelletmachine.com\/wp-content\/uploads\/2022\/09\/structure-poultry-hammer-mill.webp\" alt=\"molino de martillos para aves de corral\" class=\"wp-image-318\" title=\"molino de martillos para aves de corral\" srcset=\"https:\/\/fishfoodpelletmachine.com\/wp-content\/uploads\/2022\/09\/structure-poultry-hammer-mill.webp 720w, https:\/\/fishfoodpelletmachine.com\/wp-content\/uploads\/2022\/09\/structure-poultry-hammer-mill-300x225.webp 300w\" sizes=\"auto, (max-width: 720px) 100vw, 720px\" \/><figcaption class=\"wp-element-caption\">Molino de martillos para aves de corral<\/figcaption><\/figure> <\/figure>    <h2 class=\"wp-block-heading\">\u00bfCu\u00e1l es el principio de funcionamiento de la trituradora de granos?<\/h2>    <p>La carcasa de la trituradora de granos est\u00e1 soldada con material de alta calidad, la entrada se encuentra en la parte superior de la trituradora. Y puede combinarse con diversas formas de estructuras de alimentaci\u00f3n. Y las hojas del martillo est\u00e1n dispuestas sim\u00e9tricamente. <\/p>    <p>Cuando la trituradora funciona, el material ingresa a la c\u00e1mara de trituraci\u00f3n. Se tritura gradualmente bajo la acci\u00f3n de la hoja del martillo giratoria de alta velocidad y la fricci\u00f3n de la placa de criba. Bajo la acci\u00f3n de la fuerza centr\u00edfuga y el flujo de aire, el material se descarga a trav\u00e9s del puerto de descarga inferior.<\/p>    <figure class=\"wp-block-gallery has-nested-images columns-default is-cropped wp-block-gallery-4 is-layout-flex wp-block-gallery-is-layout-flex\"> <figure class=\"wp-block-image size-large\"><img loading=\"lazy\" decoding=\"async\" width=\"720\" height=\"540\" data-id=\"816\" src=\"https:\/\/fishfoodpelletmachine.com\/wp-content\/uploads\/2022\/08\/9FQ-crushing-machine.webp\" alt=\"trituradora 9FQ\" class=\"wp-image-816\" title=\"\" srcset=\"https:\/\/fishfoodpelletmachine.com\/wp-content\/uploads\/2022\/08\/9FQ-crushing-machine.webp 720w, https:\/\/fishfoodpelletmachine.com\/wp-content\/uploads\/2022\/08\/9FQ-crushing-machine-300x225.webp 300w, https:\/\/fishfoodpelletmachine.com\/wp-content\/uploads\/2022\/08\/9FQ-crushing-machine-16x12.webp 16w\" sizes=\"auto, (max-width: 720px) 100vw, 720px\" \/><figcaption class=\"wp-element-caption\">M\u00e1quina trituradora 9Fq<\/figcaption><\/figure>    <figure class=\"wp-block-image size-large\"><img loading=\"lazy\" decoding=\"async\" width=\"720\" height=\"540\" data-id=\"817\" src=\"https:\/\/fishfoodpelletmachine.com\/wp-content\/uploads\/2022\/08\/Automatic-hammer-mill-for-business.webp\" alt=\"Molino de martillos autom\u00e1tico para empresas.\" class=\"wp-image-817\" title=\"\" srcset=\"https:\/\/fishfoodpelletmachine.com\/wp-content\/uploads\/2022\/08\/Automatic-hammer-mill-for-business.webp 720w, https:\/\/fishfoodpelletmachine.com\/wp-content\/uploads\/2022\/08\/Automatic-hammer-mill-for-business-300x225.webp 300w, https:\/\/fishfoodpelletmachine.com\/wp-content\/uploads\/2022\/08\/Automatic-hammer-mill-for-business-16x12.webp 16w\" sizes=\"auto, (max-width: 720px) 100vw, 720px\" \/><figcaption class=\"wp-element-caption\">Molino de martillos autom\u00e1tico para empresas<\/figcaption><\/figure> <\/figure>    <h2 class=\"wp-block-heading\">\u00bfC\u00f3mo funciona la trituradora de ma\u00edz?<\/h2>    <figure class=\"wp-block-embed is-type-video is-provider-youtube wp-block-embed-youtube wp-embed-aspect-16-9 wp-has-aspect-ratio\"><div class=\"wp-block-embed__wrapper\"> <iframe loading=\"lazy\" title=\"\u00a1Gran m\u00e1quina! F\u00e1brica de m\u00e1quinas cortadoras de c\u00e9sped\/molino de martillos\/trituradora de ma\u00edz\" width=\"500\" height=\"281\" src=\"https:\/\/www.youtube.com\/embed\/6ij2mPeRQ9I?feature=oembed\" frameborder=\"0\" allow=\"accelerometer; autoplay; clipboard-write; encrypted-media; gyroscope; picture-in-picture; web-share\" referrerpolicy=\"strict-origin-when-cross-origin\" allowfullscreen><\/iframe> <\/div><figcaption class=\"wp-element-caption\">proceso de trabajo del molino de martillos automatico<\/figcaption><\/figure>    <h2 class=\"wp-block-heading\">Par\u00e1metros t\u00e9cnicos del molino de martillos.<\/h2>    <figure class=\"wp-block-table\"><table><tbody><tr><td><strong>Modelo<\/strong><strong><\/strong><\/td><td><strong>Fuerza<\/strong><strong><\/strong><\/td><td><strong>Peso<\/strong><strong><\/strong><\/td><td><strong>Capacidad<\/strong><strong><\/strong><\/td><td><strong>Martillo<\/strong><strong><\/strong><\/td><td><strong>dia<\/strong><strong>&nbsp;<\/strong><strong>de<\/strong><strong>&nbsp;<\/strong><strong>tamiz<\/strong><strong><\/strong><\/td><td><strong>Tama\u00f1o (mm)<\/strong><strong><\/strong><\/td><\/tr><tr><td>9FQ-320<\/td><td>2,2 kw<\/td><td>85kg<\/td><td>200kg\/h<\/td><td>12 piezas<\/td><td>0,5-5mm<\/td><td>1200*500*1000<\/td><\/tr><tr><td>9FQ-360<\/td><td>5,5 kw<\/td><td>130kg<\/td><td>600kg\/hora<\/td><td>12 piezas<\/td><td>0,5-5mm<\/td><td>1200*600*1100<\/td><\/tr><tr><td>9FQ-400<\/td><td>7,5 kw<\/td><td>170 kilos<\/td><td>800kg\/h<\/td><td>12 piezas<\/td><td>1,2-3 mm<\/td><td>1500*800*1400<\/td><\/tr><tr><td>9FQ-420<\/td><td>7,5\/11kw<\/td><td>220 kilos<\/td><td>1000kg\/hora<\/td><td>16 piezas<\/td><td>1,2-3 mm<\/td><td>1500*800*1400<\/td><\/tr><tr><td>9FQ-500<\/td><td>11\/15kw<\/td><td>270 kilos<\/td><td>1500kg\/h<\/td><td>16 piezas<\/td><td>1,2-3 mm<\/td><td>1500*1000*1600<\/td><\/tr><tr><td>9FQ-600<\/td><td>15\/18,5 kw<\/td><td>300 kilos<\/td><td>2000kg\/h<\/td><td>24 piezas<\/td><td>1,2-3 mm<\/td><td>1600*1000*1600<\/td><\/tr><tr><td>9FQ-750<\/td><td>22kw<\/td><td>320 kilos<\/td><td>3000kg\/h<\/td><td>36 piezas<\/td><td>1,2-3 mm<\/td><td>1600*1100*1700<\/td><\/tr><\/tbody><\/table><figcaption class=\"wp-element-caption\">par\u00e1metros del molino de martillos<\/figcaption><\/figure>    <figure class=\"wp-block-image size-full\"><img loading=\"lazy\" decoding=\"async\" width=\"720\" height=\"540\" src=\"https:\/\/fishfoodpelletmachine.com\/wp-content\/uploads\/2022\/08\/straw-crushing-machine-for-sale.webp\" alt=\"maquina trituradora de paja para la venta\" class=\"wp-image-820\" title=\"\" srcset=\"https:\/\/fishfoodpelletmachine.com\/wp-content\/uploads\/2022\/08\/straw-crushing-machine-for-sale.webp 720w, https:\/\/fishfoodpelletmachine.com\/wp-content\/uploads\/2022\/08\/straw-crushing-machine-for-sale-300x225.webp 300w, https:\/\/fishfoodpelletmachine.com\/wp-content\/uploads\/2022\/08\/straw-crushing-machine-for-sale-16x12.webp 16w\" sizes=\"auto, (max-width: 720px) 100vw, 720px\" \/><figcaption class=\"wp-element-caption\">maquina trituradora de paja para la venta<\/figcaption><\/figure>    <h2 class=\"wp-block-heading\">Aspectos destacados del molino de martillos de alta velocidad<\/h2>    <ol class=\"wp-block-list\"> <li>Una m\u00e1quina para m\u00faltiples usos. La m\u00e1quina puede triturar una variedad de granos y tambi\u00e9n puede procesar paja, pl\u00e1ntulas de man\u00ed, c\u00e1scaras de man\u00ed, malezas, etc.<\/li>    <li>F\u00e1cil de operar y usar. El personal solo necesita colocar el material en el puerto de alimentaci\u00f3n de la m\u00e1quina. Del aplastamiento a la descarga sin manos de la gente.<\/li>    <li>La trituradora de granos es resistente al desgaste y duradera, su larga vida \u00fatil es el equipo ideal para que las personas trabajen con granos. El martillo de nuestro molino de cereales est\u00e1 fabricado de material de alta calidad.<\/li>    <li>Nuestra trituradora de granos es una m\u00e1quina trituradora de granos de alta calidad con baja vibraci\u00f3n, bajo consumo de energ\u00eda y bajo nivel de ruido.<\/li> <\/ol>    <figure class=\"wp-block-image size-full\"><img loading=\"lazy\" decoding=\"async\" width=\"720\" height=\"540\" src=\"https:\/\/fishfoodpelletmachine.com\/wp-content\/uploads\/2022\/09\/manufacturer-of-the-grain-hammer-mill-.webp\" alt=\"fabricante del molino de martillos para granos\" class=\"wp-image-321\" title=\"fabricante del molino de martillos para granos\" srcset=\"https:\/\/fishfoodpelletmachine.com\/wp-content\/uploads\/2022\/09\/manufacturer-of-the-grain-hammer-mill-.webp 720w, https:\/\/fishfoodpelletmachine.com\/wp-content\/uploads\/2022\/09\/manufacturer-of-the-grain-hammer-mill--300x225.webp 300w\" sizes=\"auto, (max-width: 720px) 100vw, 720px\" \/><figcaption class=\"wp-element-caption\">fabricante del molino de martillos de grano<\/figcaption><\/figure>    <h2 class=\"wp-block-heading\">Trituradora de granos en la l\u00ednea de producci\u00f3n de molinos de pellets para alimentos para peces<\/h2>    <p>Dado que la mayor\u00eda de los pellets de comida para peces son cereales en polvo. Por lo tanto, el requisito previo para fabricar pellets de alimento para peces debe ser triturar varios granos. La parte frontal de nuestra l\u00ednea de producci\u00f3n de peletizadoras de pescado es la trituradora de granos. <\/p>    <p>Decidiremos el modelo de trituradora de granos de acuerdo con el tama\u00f1o de salida de la l\u00ednea de producci\u00f3n. Adem\u00e1s de la 9FQ, tambi\u00e9n se pueden utilizar otras m\u00e1quinas, como el molino peque\u00f1o y el molino de grano vertical.<\/p>    <figure class=\"wp-block-image size-full\"><img loading=\"lazy\" decoding=\"async\" width=\"720\" height=\"540\" src=\"https:\/\/fishfoodpelletmachine.com\/wp-content\/uploads\/2022\/08\/hammer-crushing-machine.webp\" alt=\"trituradora de martillo\" class=\"wp-image-819\" title=\"\" srcset=\"https:\/\/fishfoodpelletmachine.com\/wp-content\/uploads\/2022\/08\/hammer-crushing-machine.webp 720w, https:\/\/fishfoodpelletmachine.com\/wp-content\/uploads\/2022\/08\/hammer-crushing-machine-300x225.webp 300w, https:\/\/fishfoodpelletmachine.com\/wp-content\/uploads\/2022\/08\/hammer-crushing-machine-16x12.webp 16w\" sizes=\"auto, (max-width: 720px) 100vw, 720px\" \/><figcaption class=\"wp-element-caption\">M\u00e1quina trituradora de martillo<\/figcaption><\/figure>    <h2 class=\"wp-block-heading\">El caso exitoso del molino de martillos autom\u00e1tico<\/h2>    <p>9FQ exportado a Nueva Zelanda La semana pasada nuestro cliente nos pidi\u00f3 un modelo 9FQ 9FQ-320. El cliente es due\u00f1o de una granja de pollos y quer\u00eda fabricar su propio alimento para pollos. Busc\u00f3 en nuestro sitio web y estaba interesado en el 9FQ. Entonces nos contact\u00f3. Nuestro gerente de ventas recomend\u00f3 diferentes modelos de m\u00e1quina al cliente. <\/p>    <p>El cliente eligi\u00f3 la 9FQ-320, que no es muy productiva pero que tambi\u00e9n puede satisfacer las necesidades de peque\u00f1as explotaciones y uso dom\u00e9stico. Posteriormente se determin\u00f3 el voltaje de la m\u00e1quina y la potencia del motor. Despu\u00e9s de que el cliente pag\u00f3, comenzamos a preparar la m\u00e1quina para el transporte.<\/p>    <figure class=\"wp-block-gallery has-nested-images columns-default is-cropped wp-block-gallery-5 is-layout-flex wp-block-gallery-is-layout-flex\"> <figure class=\"wp-block-image size-large\"><img loading=\"lazy\" decoding=\"async\" width=\"720\" height=\"540\" data-id=\"322\" src=\"https:\/\/fishfoodpelletmachine.com\/wp-content\/uploads\/2022\/09\/automatic-hammer-mill.webp\" alt=\"molino de martillos automatico\" class=\"wp-image-322\" title=\"molino de martillos automatico\" srcset=\"https:\/\/fishfoodpelletmachine.com\/wp-content\/uploads\/2022\/09\/automatic-hammer-mill.webp 720w, https:\/\/fishfoodpelletmachine.com\/wp-content\/uploads\/2022\/09\/automatic-hammer-mill-300x225.webp 300w\" sizes=\"auto, (max-width: 720px) 100vw, 720px\" \/><figcaption class=\"wp-element-caption\">Molino de martillos autom\u00e1tico<\/figcaption><\/figure>    <figure class=\"wp-block-image size-large\"><img loading=\"lazy\" decoding=\"async\" width=\"720\" height=\"540\" data-id=\"202\" src=\"https:\/\/fishfoodpelletmachine.com\/wp-content\/uploads\/2022\/08\/wooden-case-packing-of-the-grain-crusher-.jpg\" alt=\"Embalaje en caja de madera de la trituradora de granos. \" class=\"wp-image-202\" title=\"Embalaje en caja de madera de la trituradora de granos. \" srcset=\"https:\/\/fishfoodpelletmachine.com\/wp-content\/uploads\/2022\/08\/wooden-case-packing-of-the-grain-crusher-.jpg 720w, https:\/\/fishfoodpelletmachine.com\/wp-content\/uploads\/2022\/08\/wooden-case-packing-of-the-grain-crusher--300x225.jpg 300w\" sizes=\"auto, (max-width: 720px) 100vw, 720px\" \/><figcaption class=\"wp-element-caption\">Embalaje de caja de madera de la trituradora de granos<\/figcaption><\/figure> <\/figure>","protected":false},"excerpt":{"rendered":"<p>Molino de martillos autom\u00e1tico que puede triturar varios granos. Los granos triturados se utilizan para fabricar materias primas para m\u00faltiples piensos.<\/p>","protected":false},"author":1,"featured_media":323,"parent":0,"template":"","tags":[28,16,29],"product-type":[4],"class_list":["post-178","product","type-product","status-publish","has-post-thumbnail","hentry","tag-automatic-hammer-mill","tag-dry-type-fish-feed-extruder","tag-feed-grinder","product-type-feed-grinding-machine"],"_links":{"self":[{"href":"https:\/\/fishfoodpelletmachine.com\/es\/wp-json\/wp\/v2\/product\/178","targetHints":{"allow":["GET"]}}],"collection":[{"href":"https:\/\/fishfoodpelletmachine.com\/es\/wp-json\/wp\/v2\/product"}],"about":[{"href":"https:\/\/fishfoodpelletmachine.com\/es\/wp-json\/wp\/v2\/types\/product"}],"author":[{"embeddable":true,"href":"https:\/\/fishfoodpelletmachine.com\/es\/wp-json\/wp\/v2\/users\/1"}],"wp:featuredmedia":[{"embeddable":true,"href":"https:\/\/fishfoodpelletmachine.com\/es\/wp-json\/wp\/v2\/media\/323"}],"wp:attachment":[{"href":"https:\/\/fishfoodpelletmachine.com\/es\/wp-json\/wp\/v2\/media?parent=178"}],"wp:term":[{"taxonomy":"post_tag","embeddable":true,"href":"https:\/\/fishfoodpelletmachine.com\/es\/wp-json\/wp\/v2\/tags?post=178"},{"taxonomy":"product-type","embeddable":true,"href":"https:\/\/fishfoodpelletmachine.com\/es\/wp-json\/wp\/v2\/product-type?post=178"}],"curies":[{"name":"wp","href":"https:\/\/api.w.org\/{rel}","templated":true}]}}