{"id":213,"date":"2022-08-09T07:14:49","date_gmt":"2022-08-09T07:14:49","guid":{"rendered":"https:\/\/fishfoodpelletmachine.com\/?post_type=product&#038;p=213"},"modified":"2022-09-26T18:32:59","modified_gmt":"2022-09-26T10:32:59","slug":"feed-grinder-and-mixer","status":"publish","type":"product","link":"https:\/\/fishfoodpelletmachine.com\/es\/product\/feed-grinder-and-mixer\/","title":{"rendered":"Trituradora y mezcladora de pienso \u4e28M\u00e1quina mezcladora de pienso para aves de corral"},"content":{"rendered":"<p>La trituradora y mezcladora de alimentos es una m\u00e1quina que puede triturar y mezclar varios granos. La m\u00e1quina integra elevaci\u00f3n vertical, recipiente de mezcla y alimentaci\u00f3n horizontal en uno. Por lo tanto, tiene las ventajas de una estructura compacta, una peque\u00f1a inversi\u00f3n \u00fanica, econ\u00f3mica y pr\u00e1ctica, un tama\u00f1o reducido, etc.<\/p>    <h2 class=\"wp-block-heading\" id=\"h-what-are-the-feed-grinder-and-mixer\">\u00bfQu\u00e9 son la picadora de pienso y la mezcladora?<\/h2>    <p class=\"translation-block\">Hay dos partes en una trituradora y mezcladora de pienso, una es triturar el grano y la otra es mezclar el polvo de grano. Los materiales procesados pasan por el triturado primero y luego ingresan a la parte de mezcla. El producto final es un polvo de grano bien mezclado. Producimos diferentes modelos de mezcladoras-trituradoras de pienso. Puede satisfacer las diferentes necesidades de salida de las personas. Adem\u00e1s, tenemos la <a href=\"https:\/\/www.agriculture-machine.com\/hammer-mill-machine\/\" target=\"_blank\" rel=\"noopener\">9FQ<\/a>, que tambi\u00e9n es la m\u00e1quina que puede triturar la materia prima.  <\/p>    <figure class=\"wp-block-image size-full\"><img loading=\"lazy\" decoding=\"async\" width=\"720\" height=\"540\" src=\"https:\/\/fishfoodpelletmachine.com\/wp-content\/uploads\/2022\/09\/poultry-feed-mixer-machine-.webp\" alt=\"m\u00e1quina mezcladora de alimento para aves\" class=\"wp-image-341\" title=\"m\u00e1quina mezcladora de alimento para aves\" srcset=\"https:\/\/fishfoodpelletmachine.com\/wp-content\/uploads\/2022\/09\/poultry-feed-mixer-machine-.webp 720w, https:\/\/fishfoodpelletmachine.com\/wp-content\/uploads\/2022\/09\/poultry-feed-mixer-machine--300x225.webp 300w\" sizes=\"auto, (max-width: 720px) 100vw, 720px\" \/><figcaption>M\u00e1quina mezcladora de alimento para aves de corral<\/figcaption><\/figure>    <h2 class=\"wp-block-heading\">Informaci\u00f3n detallada sobre la m\u00e1quina mezcladora de pienso para aves.<\/h2>    <figure class=\"wp-block-table\"><table><tbody><tr><td>Modelo<\/td><td>poder de la trituradora<\/td><td>Potencia del mezclador<\/td><td>Capacidad (kg\/h)<\/td><td>Tama\u00f1o (mm)<\/td><td>Peso (kg)<\/td><\/tr><tr><td>FJ-500<\/td><td>7,5-11kw<\/td><td>3kW<\/td><td>500-700<\/td><td>2300*1050*2500<\/td><td>430<\/td><\/tr><tr><td>FJ-750<\/td><td>7,5-11kw<\/td><td>3kW<\/td><td>700-900<\/td><td>2350*1160*2600<\/td><td>460<\/td><\/tr><tr><td>FJ-1000<\/td><td>7,5-15 kw<\/td><td>3-4 kw<\/td><td>1000-1500<\/td><td>2400*1300*2900<\/td><td>540<\/td><\/tr><tr><td>FJ-1500<\/td><td>11-15kw<\/td><td>4kW<\/td><td>1500-2000<\/td><td>2798*1200*3020<\/td><td>800<\/td><\/tr><tr><td>FJ-2000<\/td><td>11-15kw<\/td><td>4kW<\/td><td>2000-2500<\/td><td>2800*1750*3100<\/td><td>1000<\/td><\/tr><\/tbody><\/table><figcaption>Par\u00e1metro de la m\u00e1quina mezcladora de alimento para aves<\/figcaption><\/figure>    <h2 class=\"wp-block-heading\">\u00bfCu\u00e1l es la potencia de la m\u00e1quina mezcladora de pienso?<\/h2>    <p>La potencia de esta trituradora y mezcladora de pienso puede ser un motor el\u00e9ctrico y un motor di\u00e9sel. La m\u00e1quina consta de dos partes, ambas pueden utilizar un motor el\u00e9ctrico o un motor di\u00e9sel. Los clientes pueden elegir seg\u00fan sus necesidades.<\/p>    <figure class=\"wp-block-gallery has-nested-images columns-default is-cropped wp-block-gallery-2 is-layout-flex wp-block-gallery-is-layout-flex\"> <figure class=\"wp-block-image size-large\"><img loading=\"lazy\" decoding=\"async\" width=\"720\" height=\"540\" data-id=\"241\" src=\"https:\/\/fishfoodpelletmachine.com\/wp-content\/uploads\/2022\/08\/feed-grinder-and-mixer-1-1.jpg\" alt=\"\" class=\"wp-image-241\" title=\"\" srcset=\"https:\/\/fishfoodpelletmachine.com\/wp-content\/uploads\/2022\/08\/feed-grinder-and-mixer-1-1.jpg 720w, https:\/\/fishfoodpelletmachine.com\/wp-content\/uploads\/2022\/08\/feed-grinder-and-mixer-1-1-300x225.jpg 300w\" sizes=\"auto, (max-width: 720px) 100vw, 720px\" \/><\/figure>    <figure class=\"wp-block-image size-large\"><img loading=\"lazy\" decoding=\"async\" width=\"720\" height=\"540\" data-id=\"242\" src=\"https:\/\/fishfoodpelletmachine.com\/wp-content\/uploads\/2022\/08\/feed-mixer-machine-.jpg\" alt=\"\u00bfCu\u00e1l es la potencia de la m\u00e1quina mezcladora de pienso?\" class=\"wp-image-242\" title=\"\u00bfCu\u00e1l es la potencia de la m\u00e1quina mezcladora de pienso?\" srcset=\"https:\/\/fishfoodpelletmachine.com\/wp-content\/uploads\/2022\/08\/feed-mixer-machine-.jpg 720w, https:\/\/fishfoodpelletmachine.com\/wp-content\/uploads\/2022\/08\/feed-mixer-machine--300x225.jpg 300w\" sizes=\"auto, (max-width: 720px) 100vw, 720px\" \/><figcaption>\u00bfCu\u00e1l es la potencia de la m\u00e1quina mezcladora de pienso?<\/figcaption><\/figure> <\/figure>    <h2 class=\"wp-block-heading\">Uso del alcance de la m\u00e1quina mezcladora de alimento para aves<\/h2>    <p class=\"translation-block\"><strong>Material: <\/strong>La trituradora y mezcladora de pienso es un equipo profesional de procesamiento de piensos para que pueda procesar ma\u00edz, frijoles, trigo, arroz, sorgo y otros granos.<br><strong>Uso: <\/strong>El material procesado puede usarse para criar cerdos, vacas, caballos, roedores, pollos, peces, y as\u00ed sucesivamente.<br><strong>Usuarios: <\/strong>La m\u00e1quina es econ\u00f3mica y adecuada para alimentadores rurales, peque\u00f1os corrales de piensos y peque\u00f1as y medianas plantas de piensos compuestos.<\/p>    <h2 class=\"wp-block-heading\">\u00bfCu\u00e1l es la estructura de la m\u00e1quina mezcladora de pienso?<\/h2>    <p>El mezclador triturador contiene la entrada de alimentaci\u00f3n, la trituradora, el mezclador, la entrada, la salida y la potencia de granos diversos. La estructura general es simple, f\u00e1cil de operar y cubre un \u00e1rea peque\u00f1a.<\/p>    <figure class=\"wp-block-image size-full\"><img loading=\"lazy\" decoding=\"async\" width=\"720\" height=\"540\" src=\"https:\/\/fishfoodpelletmachine.com\/wp-content\/uploads\/2022\/09\/structure-of-the-feed-mixer-machine-.webp\" alt=\"estructura de la m\u00e1quina mezcladora de pienso\" class=\"wp-image-339\" title=\"estructura de la m\u00e1quina mezcladora de pienso\" srcset=\"https:\/\/fishfoodpelletmachine.com\/wp-content\/uploads\/2022\/09\/structure-of-the-feed-mixer-machine-.webp 720w, https:\/\/fishfoodpelletmachine.com\/wp-content\/uploads\/2022\/09\/structure-of-the-feed-mixer-machine--300x225.webp 300w\" sizes=\"auto, (max-width: 720px) 100vw, 720px\" \/><figcaption>Estructura de la m\u00e1quina mezcladora de alimentaci\u00f3n<\/figcaption><\/figure>    <h2 class=\"wp-block-heading\">\u00bfC\u00f3mo funciona la picadora y mezcladora de pienso?<\/h2>    <ol class=\"wp-block-list\" id=\"block-99763d7b-84c6-4ed3-94e1-4bf04f7dcea9\"><li><strong>Parte trituradora: <\/strong>Cuando el material es succionado o enviado a la c\u00e1mara de trituraci\u00f3n rota, la hoja del martillo golpear\u00e1 y chocar\u00e1 continuamente con el material. Por lo tanto, el material se romper\u00e1 r\u00e1pidamente en polvo o granulado. Luego, mediante fuerza centr\u00edfuga o flujo de aire, el material se descarga en la c\u00e1mara del impulsor debajo de la trituradora a trav\u00e9s de la criba.<\/li><li><strong>Mecanismo de mezcla:<\/strong> Cuando la h\u00e9lice del material gira para elevar el material a la parte superior del barril de mezcla. En este momento, el material se arroja uniformemente al cilindro mezclador, y el cilindro mezclador trabaja para mezclar el material completamente.<\/li><\/ol>    <h2 class=\"wp-block-heading\">\u00bfQu\u00e9 m\u00e1quinas pueden funcionar con la trituradora y mezcladora de piensos?<\/h2>    <p class=\"translation-block\">La m\u00e1quina es el equipo de pretratamiento para el procesamiento de piensos. Por lo tanto, la m\u00e1quina puede trabajar con una m\u00e1quina de fabricaci\u00f3n de piensos. Por ejemplo, <a href=\"https:\/\/fishfoodpelletmachine.com\/es\/product\/fish-feed-mill-machine\/\">molienda de piensos para peces<\/a> y m\u00e1quina de pienso av\u00edcola. <\/p>    <figure class=\"wp-block-image size-full\"><img loading=\"lazy\" decoding=\"async\" width=\"720\" height=\"540\" src=\"https:\/\/fishfoodpelletmachine.com\/wp-content\/uploads\/2022\/09\/Fish-feed-pelletizer-.webp\" alt=\"Peletizadora de alimento para peces\" class=\"wp-image-343\" title=\"Peletizadora de alimento para peces\" srcset=\"https:\/\/fishfoodpelletmachine.com\/wp-content\/uploads\/2022\/09\/Fish-feed-pelletizer-.webp 720w, https:\/\/fishfoodpelletmachine.com\/wp-content\/uploads\/2022\/09\/Fish-feed-pelletizer--300x225.webp 300w\" sizes=\"auto, (max-width: 720px) 100vw, 720px\" \/><figcaption>Peletizadora de alimento para peces<\/figcaption><\/figure>    <h2 class=\"wp-block-heading\">Ventajas de la picadora y mezcladora de pienso.<\/h2>    <ol class=\"wp-block-list\" id=\"block-9a4cdc48-df70-47f8-b262-f6bac4ccd71d\"><li>Alta eficiencia del triturador y mezclador de pienso. La trituraci\u00f3n y la mezcla est\u00e1n interconectadas y podemos utilizar el material procesado directamente para fabricar piensos granulados.<\/li><li>La trituradora puede cambiar la pantalla para obtener diferentes finuras del polvo. El mezclador mezcla de manera uniforme y completa y puede mezclar completamente diferentes materiales.<\/li><li>La parte mezcladora tambi\u00e9n tiene una entrada desde la cual el usuario puede agregar otros materiales.<\/li><li>La m\u00e1quina es resistente al desgaste, duradera y tiene una larga vida \u00fatil.<\/li><\/ol>    <figure class=\"wp-block-image size-full\"><img loading=\"lazy\" decoding=\"async\" width=\"720\" height=\"540\" src=\"https:\/\/fishfoodpelletmachine.com\/wp-content\/uploads\/2022\/09\/feed-grinding-and-mixing-machine-.webp\" alt=\"m\u00e1quina mezcladora y trituradora de piensos\" class=\"wp-image-344\" title=\"m\u00e1quina mezcladora y trituradora de piensos\" srcset=\"https:\/\/fishfoodpelletmachine.com\/wp-content\/uploads\/2022\/09\/feed-grinding-and-mixing-machine-.webp 720w, https:\/\/fishfoodpelletmachine.com\/wp-content\/uploads\/2022\/09\/feed-grinding-and-mixing-machine--300x225.webp 300w\" sizes=\"auto, (max-width: 720px) 100vw, 720px\" \/><figcaption>M\u00e1quina mezcladora y trituradora de piensos<\/figcaption><\/figure>    <h2 class=\"wp-block-heading\">Precauciones de seguridad<\/h2>    <ol class=\"wp-block-list\" id=\"block-bc7ac00b-0736-4b96-83f8-a3f21caa8b6b\"><li>La unidad debe contar con dispositivos de protecci\u00f3n contra fugas y puesta a tierra para garantizar la seguridad personal del personal.<\/li><li>No fuerce la alimentaci\u00f3n del material con la mano, palo, barra de hierro, etc. cuando la abertura de alimentaci\u00f3n est\u00e9 bloqueada. <\/li><li>Debemos instalar la m\u00e1quina en un lugar alejado del fuego, ventilaci\u00f3n y luz.<\/li><li>El operador de la picadora y mezcladora de pienso debe someterse a una estricta formaci\u00f3n profesional y estar familiarizado con las diversas funciones y precauciones de la m\u00e1quina de preparaci\u00f3n. En el proceso de operaci\u00f3n y uso, el operador debe cumplir estrictamente con los procedimientos de operaci\u00f3n y no debe violar las reglas.<\/li><\/ol>    <figure class=\"wp-block-image size-full\"><img loading=\"lazy\" decoding=\"async\" width=\"720\" height=\"540\" src=\"https:\/\/fishfoodpelletmachine.com\/wp-content\/uploads\/2022\/09\/crushed-corn-.webp\" alt=\"ma\u00edz triturado\" class=\"wp-image-346\" title=\"ma\u00edz triturado\" srcset=\"https:\/\/fishfoodpelletmachine.com\/wp-content\/uploads\/2022\/09\/crushed-corn-.webp 720w, https:\/\/fishfoodpelletmachine.com\/wp-content\/uploads\/2022\/09\/crushed-corn--300x225.webp 300w\" sizes=\"auto, (max-width: 720px) 100vw, 720px\" \/><figcaption>Ma\u00edz Triturado<\/figcaption><\/figure>","protected":false},"excerpt":{"rendered":"<p>La trituradora y mezcladora de alimentos pueden triturar y mezclar varios granos. La m\u00e1quina integra elevaci\u00f3n vertical, recipiente de mezcla y alimentaci\u00f3n horizontal en uno.<\/p>","protected":false},"author":1,"featured_media":337,"parent":0,"template":"","tags":[26,23,27],"product-type":[4],"class_list":["post-213","product","type-product","status-publish","has-post-thumbnail","hentry","tag-feed-grinder-and-mixer","tag-fish-feed-mill-machine","tag-poultry-feed-mixer-machine","product-type-feed-grinding-machine"],"_links":{"self":[{"href":"https:\/\/fishfoodpelletmachine.com\/es\/wp-json\/wp\/v2\/product\/213","targetHints":{"allow":["GET"]}}],"collection":[{"href":"https:\/\/fishfoodpelletmachine.com\/es\/wp-json\/wp\/v2\/product"}],"about":[{"href":"https:\/\/fishfoodpelletmachine.com\/es\/wp-json\/wp\/v2\/types\/product"}],"author":[{"embeddable":true,"href":"https:\/\/fishfoodpelletmachine.com\/es\/wp-json\/wp\/v2\/users\/1"}],"wp:featuredmedia":[{"embeddable":true,"href":"https:\/\/fishfoodpelletmachine.com\/es\/wp-json\/wp\/v2\/media\/337"}],"wp:attachment":[{"href":"https:\/\/fishfoodpelletmachine.com\/es\/wp-json\/wp\/v2\/media?parent=213"}],"wp:term":[{"taxonomy":"post_tag","embeddable":true,"href":"https:\/\/fishfoodpelletmachine.com\/es\/wp-json\/wp\/v2\/tags?post=213"},{"taxonomy":"product-type","embeddable":true,"href":"https:\/\/fishfoodpelletmachine.com\/es\/wp-json\/wp\/v2\/product-type?post=213"}],"curies":[{"name":"wp","href":"https:\/\/api.w.org\/{rel}","templated":true}]}}