{"id":237,"date":"2022-08-10T08:39:14","date_gmt":"2022-08-10T08:39:14","guid":{"rendered":"https:\/\/fishfoodpelletmachine.com\/?post_type=product&#038;p=237"},"modified":"2022-09-26T18:37:02","modified_gmt":"2022-09-26T10:37:02","slug":"pet-food-extruder","status":"publish","type":"product","link":"https:\/\/fishfoodpelletmachine.com\/es\/product\/pet-food-extruder\/","title":{"rendered":"Extrusora de alimentos para mascotas \u4e28 m\u00e1quina extrusora de dos tornillos"},"content":{"rendered":"<p class=\"translation-block\">Pet food extruder es una m\u00e1quina que puede procesar varios granos en diversas formas. Un extrusor para comida de mascotas tambi\u00e9n se llama m\u00e1quina de inflado por extrusi\u00f3n de tornillo doble. La m\u00e1quina puede producir varios snacks inflados, harina de arroz, cereales, etc., adem\u00e1s de comida para mascotas. Tambi\u00e9n existe una m\u00e1quina de inflado de tornillo \u00fanico, que se utiliza principalmente para inflar alimentos, piensos para ganado y aves de corral, o para inflar una \u00fanica materia prima. Y las m\u00e1quinas de inflado por extrusi\u00f3n de dos tornillos se utilizan principalmente para materiales acu\u00e1ticos de alto grado, producci\u00f3n de comida para mascotas y procesamiento, especialmente para materiales viscosos. Y los clientes pueden elegir la <a href=\"https:\/\/fishfoodpelletmachine.com\/es\/product\/pet-food-production-line-2\/\">l\u00ednea de producci\u00f3n de comida para mascotas<\/a> para ahorrar mucho tiempo y energ\u00eda. <\/p>    <h2 class=\"wp-block-heading\" id=\"h-what-is-a-pet-food-extruder\">\u00bfQu\u00e9 es una extrusora de alimentos para mascotas?<\/h2>    <p>Disponemos de diferentes modelos de extrusoras de alimentos para mascotas. Y cuatro de ellos son productos de moda. Se diferencian principalmente en la producci\u00f3n. La m\u00e1quina est\u00e1 altamente automatizada, solo una persona es suficiente desde la alimentaci\u00f3n hasta el producto terminado. Adem\u00e1s, tiene una estructura compacta y ocupa poco espacio. Y su operaci\u00f3n f\u00e1cil de aprender y el control preciso de los par\u00e1metros garantizan que el producto se termine a una temperatura, presi\u00f3n, humedad y tiempo espec\u00edficos.<\/p>    <figure class=\"wp-block-image size-full\"><img loading=\"lazy\" decoding=\"async\" width=\"720\" height=\"540\" src=\"https:\/\/fishfoodpelletmachine.com\/wp-content\/uploads\/2022\/09\/Pet-food-extruder-2.webp\" alt=\"extrusora de comida para mascotas\" class=\"wp-image-407\" title=\"extrusora de comida para mascotas\" srcset=\"https:\/\/fishfoodpelletmachine.com\/wp-content\/uploads\/2022\/09\/Pet-food-extruder-2.webp 720w, https:\/\/fishfoodpelletmachine.com\/wp-content\/uploads\/2022\/09\/Pet-food-extruder-2-300x225.webp 300w\" sizes=\"auto, (max-width: 720px) 100vw, 720px\" \/><figcaption>Extrusora de alimentos para mascotas<\/figcaption><\/figure>    <h2 class=\"wp-block-heading\">Rango de aplicaci\u00f3n de la m\u00e1quina extrusora de dos tornillos.<\/h2>    <p class=\"translation-block\"><strong>Materia prima:<\/strong> Soja, sorgo, mijo, trigo, ma\u00edz y otros granos.<br><strong>Uso:<\/strong> Los piensos terminados son adecuados para diferentes mascotas como perros, gatos, peces, aves, conejos, gambas, perros, gatos, visones, zorros, etc. Es adecuado para criadores y f\u00e1bricas de piensos de tama\u00f1o peque\u00f1o y mediano.<\/p>    <p>En el caso de la misma f\u00f3rmula de pienso, el coste del pienso inflado casero es inferior al precio de mercado de 60%-80%. <\/p>    <h2 class=\"wp-block-heading\">Estructura de la extrusora de doble tornillo.<\/h2>    <p>La m\u00e1quina incluye principalmente un sistema de alimentaci\u00f3n, un sistema de extrusi\u00f3n, un sistema de corte giratorio, un sistema de calefacci\u00f3n, un sistema de transmisi\u00f3n y un sistema de control. Y la m\u00e1quina cuenta con tecnolog\u00eda avanzada de extrusi\u00f3n de tornillo. Adem\u00e1s, tiene alta temperatura y presi\u00f3n para cocinar el material y darle forma. Adem\u00e1s, la m\u00e1quina principal adopta una regulaci\u00f3n de velocidad de conversi\u00f3n de frecuencia para garantizar la estabilidad del proceso de producci\u00f3n.<\/p>    <figure class=\"wp-block-image size-full\"><img loading=\"lazy\" decoding=\"async\" width=\"720\" height=\"540\" src=\"https:\/\/fishfoodpelletmachine.com\/wp-content\/uploads\/2022\/09\/double-screw-extruder-.webp\" alt=\"extrusora de doble tornillo\" class=\"wp-image-408\" title=\"extrusora de doble tornillo\" srcset=\"https:\/\/fishfoodpelletmachine.com\/wp-content\/uploads\/2022\/09\/double-screw-extruder-.webp 720w, https:\/\/fishfoodpelletmachine.com\/wp-content\/uploads\/2022\/09\/double-screw-extruder--300x225.webp 300w\" sizes=\"auto, (max-width: 720px) 100vw, 720px\" \/><figcaption>Extrusora de doble tornillo<\/figcaption><\/figure>    <h2 class=\"wp-block-heading\">Par\u00e1metros t\u00e9cnicos de la extrusora de alimentos de doble tornillo.<\/h2>    <figure class=\"wp-block-table\"><table><tbody><tr><td><strong>Modelo<\/strong><strong><\/strong><\/td><td><strong>DL<\/strong><strong>65<\/strong><strong>-iii<\/strong><strong><\/strong><\/td><td><strong>DL65-II<\/strong><strong><\/strong><\/td><td><strong>DL70-II<\/strong><strong><\/strong><\/td><td><strong>DL8<\/strong><strong>0<\/strong><strong>-II<\/strong><strong><\/strong><\/td><\/tr><tr><td><strong>Voltaje de entrada<\/strong><strong><\/strong><\/td><td><strong>380V\/50HZ<\/strong><strong><\/strong><\/td><td><strong>380V\/50HZ<\/strong><strong><\/strong><\/td><td><strong>380V\/50HZ<\/strong><strong><\/strong><\/td><td><strong>380V\/50HZ<\/strong><strong><\/strong><\/td><\/tr><tr><td><strong>Capacidad instalada<\/strong><strong><\/strong><\/td><td><strong>35<\/strong><strong>kilovatios<\/strong><strong><\/strong><\/td><td><strong>46kW<\/strong><strong><\/strong><\/td><td><strong>46<\/strong><strong>kilovatios<\/strong><strong><\/strong><\/td><td><strong>90<\/strong><strong>kilovatios<\/strong><strong><\/strong><\/td><\/tr><tr><td><strong>El consumo de energ\u00eda<\/strong><strong><\/strong><\/td><td><strong>22kW<\/strong><strong><\/strong><\/td><td><strong>30kW<\/strong><strong><\/strong><\/td><td><strong>30 kilovatios<\/strong><strong><\/strong><\/td><td><strong>55kW<\/strong><strong><\/strong><\/td><\/tr><tr><td><strong>Producci\u00f3n<\/strong><strong><\/strong><\/td><td><strong>1<\/strong><strong>0<\/strong><strong>0-<\/strong><strong>15<\/strong><strong>0Kg\/hora<\/strong><strong><\/strong><\/td><td><strong>150-200 kg\/hora<\/strong><strong><\/strong><\/td><td><strong>20<\/strong><strong>0<\/strong><strong>\u2013<\/strong><strong>2<\/strong><strong>6<\/strong><strong>0<\/strong><strong>kg\/h<\/strong><strong><\/strong><\/td><td><strong>300<\/strong><strong>\u2013<\/strong><strong>50<\/strong><strong>0Kg\/hora<\/strong><strong><\/strong><\/td><\/tr><tr><td><strong>Tama\u00f1o<\/strong><\/td><td><strong>2,5\u00d70,8\u00d71,8m<\/strong><strong><\/strong><\/td><td><strong>3,2\u00d71,0\u00d71,7m<\/strong><strong><\/strong><\/td><td><strong>3,6\u00d71,0\u00d72m<\/strong><strong><\/strong><\/td><td><strong>4,5\u00d71,2\u00d72,3m<\/strong><strong><\/strong><\/td><\/tr><tr><td><strong>Espesor del acero inoxidable<\/strong><strong><\/strong><\/td><td><strong>1,2 mm<\/strong><strong><\/strong><\/td><td><strong>1,2 mm<\/strong><strong><\/strong><\/td><td><strong>1,2 mm<\/strong><strong><\/strong><\/td><td><strong>1,2 mm<\/strong><strong><\/strong><\/td><\/tr><tr><td><strong>Material de los tornillos<\/strong><strong><\/strong><\/td><td><strong>38CrMoAL\/38<\/strong><strong><\/strong><\/td><td><strong>38CrMoAL\/38<\/strong><strong><\/strong><\/td><td><strong>38CrMoAL\/38<\/strong><strong><\/strong><\/td><td><strong>38CrMoAL\/38<\/strong><strong><\/strong><\/td><\/tr><tr><td><strong>Longitud del tornillo<\/strong><strong><\/strong><\/td><td><strong>1050 mm<\/strong><strong><\/strong><\/td><td><strong>1520 mm<\/strong><strong><\/strong><\/td><td><strong>1520 mm<\/strong><strong><\/strong><\/td><td><strong>1563mm<\/strong><strong><\/strong><\/td><\/tr><tr><td><strong>Di\u00e1metro del tornillo<\/strong><strong><\/strong><\/td><td><strong>65mm<\/strong><strong><\/strong><\/td><td><strong>65mm<\/strong><strong><\/strong><\/td><td><strong>70mm<\/strong><strong><\/strong><\/td><td><strong>80mm<\/strong><strong><\/strong><\/td><\/tr><tr><td><strong>Fuerza de motor<\/strong><strong><\/strong><\/td><td><strong>22kw<\/strong><strong><\/strong><\/td><td><strong>30kw<\/strong><strong><\/strong><\/td><td><strong>30kw<\/strong><strong><\/strong><\/td><td><strong>55kw<\/strong><strong><\/strong><\/td><\/tr><tr><td><strong>Poder de calefacci\u00f3n<\/strong><strong><\/strong><\/td><td><strong>2kW*5 10kW<\/strong><strong><\/strong><\/td><td><strong>2kw*5\u00a010kw<\/strong><strong><\/strong><\/td><td><strong>2kw*6\u00a012kw<\/strong><strong><\/strong><\/td><td><strong>3kw*6 18 kilovatios<\/strong><strong><\/strong><\/td><\/tr><tr><td><strong>Poder de alimentaci\u00f3n<\/strong><strong><\/strong><\/td><td><strong>0,75 kw<\/strong><strong><\/strong><\/td><td><strong>0.75&nbsp;<\/strong><strong>kilovatios<\/strong><strong><\/strong><\/td><td><strong>0,75 kw<\/strong><strong><\/strong><\/td><td><strong>&nbsp;1,5 kw<\/strong><strong><\/strong><\/td><\/tr><tr><td><strong>Poder de corte<\/strong><\/td><td><strong>0,75 kw<\/strong><strong><\/strong><\/td><td><strong>0.75&nbsp;<\/strong><strong>kilovatios<\/strong><strong><\/strong><\/td><td><strong>0,75 kw<\/strong><strong><\/strong><\/td><td><strong>&nbsp;1,5 kw<\/strong><strong><\/strong><\/td><\/tr><tr><td><strong>Potencia de la bomba de aceite<\/strong><\/td><td><strong>0,37 kw<\/strong><strong><\/strong><\/td><td><strong>0,37 kw<\/strong><strong><\/strong><\/td><td><strong>0,37 kw<\/strong><strong><\/strong><\/td><td><strong>0,37 kilovatios<\/strong><strong><\/strong><\/td><\/tr><\/tbody><\/table><figcaption> Par\u00e1metro de la extrusora de alimentos de doble tornillo<\/figcaption><\/figure>    <h2 class=\"wp-block-heading\">\u00bfC\u00f3mo funciona la extrusora de tornillo?<\/h2>    <p>La extrusora de alimentaci\u00f3n por tornillo tiene dos pares de tornillos que se engranan entre s\u00ed y giran en la misma direcci\u00f3n. As\u00ed, juntos desempe\u00f1an el papel de transporte, extrusi\u00f3n por fricci\u00f3n y calentamiento. Entonces, el tornillo extruye, corta y mezcla las materias primas en el barril. Y luego, la alta temperatura y presi\u00f3n cocinar\u00e1n el material y el troquel de salida los expandir\u00e1 en varias formas.<\/p>    <figure class=\"wp-block-image size-full\"><img loading=\"lazy\" decoding=\"async\" width=\"720\" height=\"540\" src=\"https:\/\/fishfoodpelletmachine.com\/wp-content\/uploads\/2022\/09\/screw-feed-extruder-.webp\" alt=\"extrusora de alimentaci\u00f3n de tornillo\" class=\"wp-image-410\" title=\"extrusora de alimentaci\u00f3n de tornillo\" srcset=\"https:\/\/fishfoodpelletmachine.com\/wp-content\/uploads\/2022\/09\/screw-feed-extruder-.webp 720w, https:\/\/fishfoodpelletmachine.com\/wp-content\/uploads\/2022\/09\/screw-feed-extruder--300x225.webp 300w\" sizes=\"auto, (max-width: 720px) 100vw, 720px\" \/><figcaption>Extrusora de alimentaci\u00f3n por tornillo<\/figcaption><\/figure>    <h2 class=\"wp-block-heading\">\u00bfCu\u00e1les son las caracter\u00edsticas del equipo de extrusi\u00f3n de alimentos para mascotas?<\/h2>    <ol class=\"wp-block-list\"><li>Adoptando tecnolog\u00eda de control de velocidad del convertidor de frecuencia, lo que hace que el equipo funcione m\u00e1s suavemente y ahorra electricidad.<\/li><li>Adem\u00e1s, el tornillo y el cilindro est\u00e1n tratados t\u00e9rmicamente con acero aleado, de alta dureza y larga vida \u00fatil. Y podemos combinar la estructura combinada de bloques de construcci\u00f3n a voluntad.<\/li><li>Adem\u00e1s, el sistema de lubricaci\u00f3n forzada garantiza que la parte de transmisi\u00f3n del equipo tenga una vida m\u00e1s larga.<\/li><li>Luego, el sistema de control autom\u00e1tico de temperatura hace que el control de temperatura sea m\u00e1s intuitivo y los par\u00e1metros m\u00e1s precisos.<\/li><li>Adem\u00e1s, con la funci\u00f3n de autolimpieza del tornillo, no es necesario desmontar el tornillo para limpiarlo despu\u00e9s de detenerlo.<\/li><\/ol>    <figure class=\"wp-block-image size-full\"><img loading=\"lazy\" decoding=\"async\" width=\"720\" height=\"540\" src=\"https:\/\/fishfoodpelletmachine.com\/wp-content\/uploads\/2022\/09\/pet-food-extrusion-equipment-.webp\" alt=\"equipo de extrusi\u00f3n de alimentos para mascotas\" class=\"wp-image-411\" title=\"equipo de extrusi\u00f3n de alimentos para mascotas\" srcset=\"https:\/\/fishfoodpelletmachine.com\/wp-content\/uploads\/2022\/09\/pet-food-extrusion-equipment-.webp 720w, https:\/\/fishfoodpelletmachine.com\/wp-content\/uploads\/2022\/09\/pet-food-extrusion-equipment--300x225.webp 300w\" sizes=\"auto, (max-width: 720px) 100vw, 720px\" \/><figcaption>Equipos de extrusi\u00f3n de alimentos para mascotas<\/figcaption><\/figure>    <h2 class=\"wp-block-heading\">Caso exitoso <\/h2>    <p class=\"translation-block\">Un cliente de Lesotho quer\u00eda establecer una planta de fabricaci\u00f3n de alimentos para mascotas. As\u00ed que nos envi\u00f3 una consulta sobre la m\u00e1quina al visitar nuestro sitio web. Y a trav\u00e9s de la comunicaci\u00f3n, entendimos que el cliente quer\u00eda comprar una <a href=\"https:\/\/pelletmillmachine.com\/pet-food-production-line\/\" target=\"_blank\" rel=\"noopener\">l\u00ednea de producci\u00f3n de alimentos para mascotas<\/a>. As\u00ed que, bas\u00e1ndonos en los requisitos de producci\u00f3n del cliente, le enviamos la PI para los modelos DL65-III y DL65-II. Y despu\u00e9s de navegar, el cliente expres\u00f3 su satisfacci\u00f3n con los par\u00e1metros de la m\u00e1quina. M\u00e1s tarde, dijo que el precio de la m\u00e1quina era alto y que necesitaba tiempo para reunir el dinero. Y despu\u00e9s de dos meses, el cliente se puso en contacto con nosotros. Dijo que pod\u00eda comprar la m\u00e1quina. <\/p>    <figure class=\"wp-block-image size-full\"><img loading=\"lazy\" decoding=\"async\" width=\"720\" height=\"540\" src=\"https:\/\/fishfoodpelletmachine.com\/wp-content\/uploads\/2022\/09\/twin-screw-pet-food-extruder-.webp\" alt=\"extrusora de alimentos para mascotas de doble tornillo\" class=\"wp-image-412\" title=\"extrusora de alimentos para mascotas de doble tornillo\" srcset=\"https:\/\/fishfoodpelletmachine.com\/wp-content\/uploads\/2022\/09\/twin-screw-pet-food-extruder-.webp 720w, https:\/\/fishfoodpelletmachine.com\/wp-content\/uploads\/2022\/09\/twin-screw-pet-food-extruder--300x225.webp 300w\" sizes=\"auto, (max-width: 720px) 100vw, 720px\" \/><figcaption>Extrusora de alimentos para mascotas de doble tornillo<\/figcaption><\/figure>","protected":false},"excerpt":{"rendered":"<p>La extrusora de alimentos para mascotas puede procesar varios granos en varias formas. Una extrusora de alimentos para mascotas tambi\u00e9n se llama m\u00e1quina infladora de extrusi\u00f3n de doble tornillo.<\/p>","protected":false},"author":1,"featured_media":405,"parent":0,"template":"","tags":[26,31,32],"product-type":[5],"class_list":["post-237","product","type-product","status-publish","has-post-thumbnail","hentry","tag-feed-grinder-and-mixer","tag-pet-food-extruder","tag-two-screw-extruder-machine","product-type-fish-feed-pellet-machine"],"_links":{"self":[{"href":"https:\/\/fishfoodpelletmachine.com\/es\/wp-json\/wp\/v2\/product\/237","targetHints":{"allow":["GET"]}}],"collection":[{"href":"https:\/\/fishfoodpelletmachine.com\/es\/wp-json\/wp\/v2\/product"}],"about":[{"href":"https:\/\/fishfoodpelletmachine.com\/es\/wp-json\/wp\/v2\/types\/product"}],"author":[{"embeddable":true,"href":"https:\/\/fishfoodpelletmachine.com\/es\/wp-json\/wp\/v2\/users\/1"}],"wp:featuredmedia":[{"embeddable":true,"href":"https:\/\/fishfoodpelletmachine.com\/es\/wp-json\/wp\/v2\/media\/405"}],"wp:attachment":[{"href":"https:\/\/fishfoodpelletmachine.com\/es\/wp-json\/wp\/v2\/media?parent=237"}],"wp:term":[{"taxonomy":"post_tag","embeddable":true,"href":"https:\/\/fishfoodpelletmachine.com\/es\/wp-json\/wp\/v2\/tags?post=237"},{"taxonomy":"product-type","embeddable":true,"href":"https:\/\/fishfoodpelletmachine.com\/es\/wp-json\/wp\/v2\/product-type?post=237"}],"curies":[{"name":"wp","href":"https:\/\/api.w.org\/{rel}","templated":true}]}}