{"id":24,"date":"2022-07-29T09:54:40","date_gmt":"2022-07-29T09:54:40","guid":{"rendered":"https:\/\/fishfoodpelletmachine.com\/?post_type=product&#038;p=24"},"modified":"2024-06-06T10:09:21","modified_gmt":"2024-06-06T02:09:21","slug":"fish-pellet-making-machine","status":"publish","type":"product","link":"https:\/\/fishfoodpelletmachine.com\/es\/product\/fish-pellet-making-machine\/","title":{"rendered":"M\u00e1quina para fabricar pellets de pescado | M\u00e1quina para fabricar alimentos flotantes para peces"},"content":{"rendered":"<p>La m\u00e1quina para fabricar pellets de pescado puede procesar el material directamente para convertirlo en pellets de alimento. Los productos terminados despu\u00e9s del procesamiento pueden flotar o hundirse y pueden tener varias formas. Y estos gr\u00e1nulos se cocinan, lo que es bueno para que el pescado los digiera y absorba.<\/p>    <p class=\"translation-block\">Ahora hay muchos criadores de peces que poseen varios estanques. Entonces pueden elegir usar la <a href=\"https:\/\/pelletmillmachine.com\/fish-feed-pellet-making-machine\/\" target=\"_blank\" rel=\"noopener\">m\u00e1quina de pellets de alimento para peces<\/a> para hacer su propio alimento para peces. Hacerlo uno mismo es bueno para la nutrici\u00f3n e higiene del alimento para peces, y ahorra el gasto de comprar alimento para peces.<\/p>    <figure class=\"wp-block-image size-full\"><img loading=\"lazy\" decoding=\"async\" width=\"720\" height=\"540\" src=\"https:\/\/fishfoodpelletmachine.com\/wp-content\/uploads\/2024\/03\/Fish-feed-pellet-mill-in-stock.webp\" alt=\"m\u00e1quina de pellets de f\u00e1brica de piensos\" class=\"wp-image-781\" title=\"\" srcset=\"https:\/\/fishfoodpelletmachine.com\/wp-content\/uploads\/2024\/03\/Fish-feed-pellet-mill-in-stock.webp 720w, https:\/\/fishfoodpelletmachine.com\/wp-content\/uploads\/2024\/03\/Fish-feed-pellet-mill-in-stock-300x225.webp 300w\" sizes=\"auto, (max-width: 720px) 100vw, 720px\" \/><figcaption class=\"wp-element-caption\">M\u00e1quina de pellets de molino de alimentaci\u00f3n<\/figcaption><\/figure>    <h2 class=\"wp-block-heading\" id=\"h-what-is-a-fish-pellet-making-machine\">\u00bfQu\u00e9 es una m\u00e1quina para fabricar pellets de pescado?<\/h2>    <p>Una m\u00e1quina para fabricar pellets de pescado es un dispositivo que puede procesar varios granos en polvo para convertirlos en pellets de alimento para peces maduros. Estas materias primas pueden ser harina de soja, ma\u00edz, harina de man\u00ed, harina de algod\u00f3n, salvado de arroz, salvado, etc. Y deber\u00edamos poner una proporci\u00f3n de agua en estos materiales energ\u00e9ticos. <\/p>    <p class=\"translation-block\">El alimento puede mezclarse con una mezcladora o procesarse directamente con un <a href=\"https:\/\/fishfoodpelletmachine.com\/es\/product\/feed-grinder-and-mixer\/\">trituradora vertical de alimento<\/a>. Luego podemos colocar el alimento procesado directamente en la m\u00e1quina de fabricaci\u00f3n de alimento para peces.<\/p>    <p>La potencia de la m\u00e1quina fabricadora de pellets de pescado puede ser un motor el\u00e9ctrico y un motor di\u00e9sel, que pueden satisfacer la demanda de energ\u00eda de diferentes clientes. La m\u00e1quina flotante de alimentaci\u00f3n para peces tiene una estructura simple, f\u00e1cil operaci\u00f3n y alta eficiencia de trabajo, lo cual es el equipo preferido por los piscicultores.<\/p>    <figure class=\"wp-block-image size-full is-resized\"><img loading=\"lazy\" decoding=\"async\" width=\"720\" height=\"540\" src=\"https:\/\/fishfoodpelletmachine.com\/wp-content\/uploads\/2022\/09\/fish-food-making-machine-1-.webp\" alt=\"m\u00e1quina para hacer comida para peces\" class=\"wp-image-380\" title=\"m\u00e1quina para hacer comida para peces\" srcset=\"https:\/\/fishfoodpelletmachine.com\/wp-content\/uploads\/2022\/09\/fish-food-making-machine-1-.webp 720w, https:\/\/fishfoodpelletmachine.com\/wp-content\/uploads\/2022\/09\/fish-food-making-machine-1--300x225.webp 300w\" sizes=\"auto, (max-width: 720px) 100vw, 720px\" \/><figcaption class=\"wp-element-caption\">M\u00e1quina para hacer alimentos para peces<\/figcaption><\/figure>    <h2 class=\"wp-block-heading\" id=\"h-features-of-the-floating-fish-feed-making-machine\">Caracter\u00edsticas de la m\u00e1quina productora de alimento flotante para peces.<\/h2>    <ol class=\"wp-block-list\"> <li>La m\u00e1quina de alimento para peces tiene una alta eficiencia de trabajo, desde la introducci\u00f3n del material hasta el producto terminado, solo toma unos segundos.<\/li>    <li>Nuestra m\u00e1quina productora de alimento flotante para peces puede producir diferentes formas de pellets a trav\u00e9s de diferentes moldes. Los clientes pueden elegir moldes seg\u00fan sus necesidades.<\/li>    <li>Los modelos de m\u00e1quinas peletizadoras de pescado son completos desde 400KG por hora hasta 2 toneladas por hora, contamos con diferentes modelos para satisfacer las necesidades de los clientes.<\/li>    <li>El dispositivo de calentamiento el\u00e9ctrico se utiliza para mejorar la tasa de expansi\u00f3n y el tiempo de flotaci\u00f3n del alimento.<\/li> <\/ol>    <figure class=\"wp-block-image size-full\"><img loading=\"lazy\" decoding=\"async\" width=\"720\" height=\"540\" src=\"https:\/\/fishfoodpelletmachine.com\/wp-content\/uploads\/2022\/09\/fish-feed-extruder-2.webp\" alt=\"El stock de extrusora de pellets de alimento para peces.\" class=\"wp-image-381\" title=\"El stock de extrusora de pellets de alimento para peces.\" srcset=\"https:\/\/fishfoodpelletmachine.com\/wp-content\/uploads\/2022\/09\/fish-feed-extruder-2.webp 720w, https:\/\/fishfoodpelletmachine.com\/wp-content\/uploads\/2022\/09\/fish-feed-extruder-2-300x225.webp 300w\" sizes=\"auto, (max-width: 720px) 100vw, 720px\" \/><figcaption class=\"wp-element-caption\">El stock de extrusora de pellets de alimento para peces<\/figcaption><\/figure>    <h2 class=\"wp-block-heading\" id=\"h-raw-materials-scope-of-the-fish-food-making-machine\">Alcance de las materias primas de la m\u00e1quina productora de alimentos para peces.<\/h2>    <p>En t\u00e9rminos generales, la materia prima de las m\u00e1quinas para fabricar pellets de pescado contiene harina de ma\u00edz, harina de trigo, harina de arroz, harina de soja, harina de vegetales, harina de soja, harina de algod\u00f3n, harina de man\u00ed, salvado, harina de pasto, etc.<\/p>    <p>Adem\u00e1s, podemos agregar harina de pescado, harina de camarones, harina de cangrejo y otras prote\u00ednas animales a la comida para peces. Estos dos nutrientes juntos pueden aumentar la nutrici\u00f3n de los pellets de alimento para peces.<\/p>    <figure class=\"wp-block-image size-full\"><img loading=\"lazy\" decoding=\"async\" width=\"720\" height=\"540\" src=\"https:\/\/fishfoodpelletmachine.com\/wp-content\/uploads\/2022\/08\/fish-feed-making-machine-for-sale.webp\" alt=\"M\u00e1quina para fabricar alimentos para peces a la venta\" class=\"wp-image-757\" title=\"\" srcset=\"https:\/\/fishfoodpelletmachine.com\/wp-content\/uploads\/2022\/08\/fish-feed-making-machine-for-sale.webp 720w, https:\/\/fishfoodpelletmachine.com\/wp-content\/uploads\/2022\/08\/fish-feed-making-machine-for-sale-300x225.webp 300w\" sizes=\"auto, (max-width: 720px) 100vw, 720px\" \/><figcaption class=\"wp-element-caption\">M\u00e1quina para fabricar alimentos para peces a la venta<\/figcaption><\/figure>    <h2 class=\"wp-block-heading\" id=\"h-how-does-the-small-fish-feed-pellet-machine-work\">\u00bfC\u00f3mo funciona la m\u00e1quina de pellets para alimentaci\u00f3n de peces peque\u00f1os?<\/h2>    <p>Colocamos la materia prima en la m\u00e1quina para fabricar pellets de pescado. Luego, el tornillo de extrusi\u00f3n empuja la materia prima desde la caja de alimentaci\u00f3n a la c\u00e1mara de compresi\u00f3n y recibe la extrusi\u00f3n y el calentamiento preliminares. <\/p>    <p>Despu\u00e9s de eso, el material ser\u00e1 extruido y calentado continuamente en diferentes grados. Finalmente, el material extruido saldr\u00e1 por el troquel.<\/p>    <h2 class=\"wp-block-heading\" id=\"h-working-video-of-extruder-machine-for-fish-feed\">Video de trabajo de la m\u00e1quina extrusora para alimento para peces.<\/h2>    <figure class=\"wp-block-embed is-type-video is-provider-youtube wp-block-embed-youtube wp-embed-aspect-16-9 wp-has-aspect-ratio\"><div class=\"wp-block-embed__wrapper\"> <iframe loading=\"lazy\" title=\"\u00a1C\u00f3mo hacer alimento para peces haciendo pellets de alimento flotante con m\u00e1quina! \u00a1F\u00e1brica de pellets de alimento flotante para peces!\" width=\"500\" height=\"281\" src=\"https:\/\/www.youtube.com\/embed\/ZQwA47TvjyQ?feature=oembed\" frameborder=\"0\" allow=\"accelerometer; autoplay; clipboard-write; encrypted-media; gyroscope; picture-in-picture; web-share\" referrerpolicy=\"strict-origin-when-cross-origin\" allowfullscreen><\/iframe> <\/div><figcaption class=\"wp-element-caption\">Video de trabajo de la m\u00e1quina para fabricar pellets de pescado<\/figcaption><\/figure>    <h2 class=\"wp-block-heading\" id=\"h-detailed-technical-of-floating-fish-food-machine\">T\u00e9cnica detallada de la m\u00e1quina flotante de alimento para peces.<\/h2>    <figure class=\"wp-block-table\"><table><tbody><tr><td>Modelo<\/td><td>DGP40<\/td><\/tr><tr><td>Capacidad (t\/h)<\/td><td>0.04-0.05<\/td><\/tr><tr><td>Potencia principal (kW)<\/td><td>5.5-7.5<\/td><\/tr><tr><td>Potencia de alimentaci\u00f3n (kW)<\/td><td>0.4<\/td><\/tr><tr><td>Di\u00e1metro espiral (mm)<\/td><td>\u03a640<\/td><\/tr><tr><td>Potencia de corte (kW)<\/td><td>0.4<\/td><\/tr><\/tbody><\/table><figcaption class=\"wp-element-caption\">m\u00e1quina flotante de comida para peces<\/figcaption><\/figure>    <h2 class=\"wp-block-heading\" id=\"h-main-structure-of-the-fish-feed-extruder-machine\">Estructura principal de la m\u00e1quina extrusora de alimento para peces.<\/h2>    <p>Las m\u00e1quinas para fabricar pellets de pescado incluyen principalmente un alimentador, un dispositivo de extrusi\u00f3n y expansi\u00f3n, un sistema de transmisi\u00f3n y potencia, un marco, un sistema de control el\u00e9ctrico, etc. Toda la m\u00e1quina tiene una estructura compacta y sencilla. Y hay un gabinete de control el\u00e9ctrico independiente, que es f\u00e1cil de operar.<\/p>    <figure class=\"wp-block-image size-full\"><img loading=\"lazy\" decoding=\"async\" width=\"720\" height=\"540\" src=\"https:\/\/fishfoodpelletmachine.com\/wp-content\/uploads\/2022\/09\/fish-feed-extruder-machine-.webp\" alt=\"m\u00e1quina extrusora de alimento para peces\" class=\"wp-image-383\" title=\"m\u00e1quina extrusora de alimento para peces\" srcset=\"https:\/\/fishfoodpelletmachine.com\/wp-content\/uploads\/2022\/09\/fish-feed-extruder-machine-.webp 720w, https:\/\/fishfoodpelletmachine.com\/wp-content\/uploads\/2022\/09\/fish-feed-extruder-machine--300x225.webp 300w\" sizes=\"auto, (max-width: 720px) 100vw, 720px\" \/><figcaption class=\"wp-element-caption\">M\u00e1quina extrusora de alimento para peces<\/figcaption><\/figure>    <h2 class=\"wp-block-heading\">Invierta en nuestra m\u00e1quina para fabricar pellets de pescado<\/h2>    <p>Invierta en nuestra m\u00e1quina para fabricar pellets de pescado para una producci\u00f3n eficiente y de alta calidad de alimento para peces. Con funciones avanzadas y f\u00e1cil operaci\u00f3n, nuestra m\u00e1quina elevar\u00e1 su operaci\u00f3n acu\u00edcola a nuevos niveles de \u00e9xito.<\/p>    <figure class=\"wp-block-image size-full\"><img loading=\"lazy\" decoding=\"async\" width=\"720\" height=\"540\" src=\"https:\/\/fishfoodpelletmachine.com\/wp-content\/uploads\/2022\/08\/fish-feed-pellet-machine.webp\" alt=\"f\u00e1brica de piensos para peces para empresas\" class=\"wp-image-756\" title=\"\" srcset=\"https:\/\/fishfoodpelletmachine.com\/wp-content\/uploads\/2022\/08\/fish-feed-pellet-machine.webp 720w, https:\/\/fishfoodpelletmachine.com\/wp-content\/uploads\/2022\/08\/fish-feed-pellet-machine-300x225.webp 300w\" sizes=\"auto, (max-width: 720px) 100vw, 720px\" \/><figcaption class=\"wp-element-caption\">Molino de piensos para peces para empresas<\/figcaption><\/figure>","protected":false},"excerpt":{"rendered":"<p>La m\u00e1quina para fabricar pellets de pescado puede procesar el material para convertirlo en pellets de alimento. Los productos terminados pueden ser pellets flotantes o hundidos. <\/p>","protected":false},"author":1,"featured_media":378,"parent":0,"template":"","tags":[14,24,30],"product-type":[5],"class_list":["post-24","product","type-product","status-publish","has-post-thumbnail","hentry","tag-fish-food-pellet-production-line","tag-fish-pellet-making-machine","tag-floating-fish-feed-making-machine","product-type-fish-feed-pellet-machine"],"_links":{"self":[{"href":"https:\/\/fishfoodpelletmachine.com\/es\/wp-json\/wp\/v2\/product\/24","targetHints":{"allow":["GET"]}}],"collection":[{"href":"https:\/\/fishfoodpelletmachine.com\/es\/wp-json\/wp\/v2\/product"}],"about":[{"href":"https:\/\/fishfoodpelletmachine.com\/es\/wp-json\/wp\/v2\/types\/product"}],"author":[{"embeddable":true,"href":"https:\/\/fishfoodpelletmachine.com\/es\/wp-json\/wp\/v2\/users\/1"}],"wp:featuredmedia":[{"embeddable":true,"href":"https:\/\/fishfoodpelletmachine.com\/es\/wp-json\/wp\/v2\/media\/378"}],"wp:attachment":[{"href":"https:\/\/fishfoodpelletmachine.com\/es\/wp-json\/wp\/v2\/media?parent=24"}],"wp:term":[{"taxonomy":"post_tag","embeddable":true,"href":"https:\/\/fishfoodpelletmachine.com\/es\/wp-json\/wp\/v2\/tags?post=24"},{"taxonomy":"product-type","embeddable":true,"href":"https:\/\/fishfoodpelletmachine.com\/es\/wp-json\/wp\/v2\/product-type?post=24"}],"curies":[{"name":"wp","href":"https:\/\/api.w.org\/{rel}","templated":true}]}}