{"id":516,"date":"2022-11-24T15:28:51","date_gmt":"2022-11-24T07:28:51","guid":{"rendered":"https:\/\/fishfoodpelletmachine.com\/?post_type=product&#038;p=516"},"modified":"2024-06-03T17:58:06","modified_gmt":"2024-06-03T09:58:06","slug":"maize-meal-grinding-machine","status":"publish","type":"product","link":"https:\/\/fishfoodpelletmachine.com\/es\/product\/maize-meal-grinding-machine\/","title":{"rendered":"M\u00e1quina trituradora de harina de ma\u00edz | M\u00e1quina trituradora de granos"},"content":{"rendered":"<p>Con el desarrollo de la maquinaria agr\u00edcola, las m\u00e1quinas trituradoras de harina de ma\u00edz son cada vez m\u00e1s comunes. Muchas familias ahora cultivan diversos cereales, como ma\u00edz, trigo, soja, arroz, etc. Algunas familias necesitan un peque\u00f1o molinillo de cereales para hacer su propio grano en polvo. <\/p>    <p class=\"translation-block\">Fabricamos molinillos de grano comerciales en muchos modelos y formas. Por ejemplo, hay trituradoras de garra con dientes, trituradoras de grano con ciclones, refinadores de molienda, etc. Adem\u00e1s, tambi\u00e9n tenemos la <a href=\"https:\/\/fishfoodpelletmachine.com\/es\/product\/automatic-hammer-mill\/\">m\u00e1quina de molino de martillos<\/a>, que puede moler granos y triturar tallos.<\/p>    <figure class=\"wp-block-image size-full\"><img loading=\"lazy\" decoding=\"async\" width=\"720\" height=\"540\" src=\"https:\/\/fishfoodpelletmachine.com\/wp-content\/uploads\/2022\/11\/disk-mill-machine.webp\" alt=\"m\u00e1quina de molino de disco\" class=\"wp-image-823\" title=\"\" srcset=\"https:\/\/fishfoodpelletmachine.com\/wp-content\/uploads\/2022\/11\/disk-mill-machine.webp 720w, https:\/\/fishfoodpelletmachine.com\/wp-content\/uploads\/2022\/11\/disk-mill-machine-300x225.webp 300w, https:\/\/fishfoodpelletmachine.com\/wp-content\/uploads\/2022\/11\/disk-mill-machine-16x12.webp 16w\" sizes=\"auto, (max-width: 720px) 100vw, 720px\" \/><figcaption class=\"wp-element-caption\">M\u00e1quina de molino de discos<\/figcaption><\/figure>    <h2 class=\"wp-block-heading\">Tipo 1: trituradora de garras de dientes<\/h2>    <p>La m\u00e1quina trituradora de harina de ma\u00edz tiene una amplia gama de procesamiento. No s\u00f3lo puede triturar ma\u00edz, trigo, frijoles, cereales diversos y otros cereales y piensos. Y tambi\u00e9n puede triturar minerales de baja dureza como yeso, polvo, productos qu\u00edmicos, arcilla, carb\u00f3n, etc. <\/p>    <p>La m\u00e1quina trituradora de ma\u00edz es simple y f\u00e1cil de operar y es una de las m\u00e1quinas necesarias para uso dom\u00e9stico y comercial. En cuanto a la finura de los productos terminados procesados, contamos con cribas con diferentes tama\u00f1os de malla. As\u00ed, los clientes pueden elegir seg\u00fan sus necesidades.<\/p>    <figure class=\"wp-block-gallery has-nested-images columns-default is-cropped wp-block-gallery-2 is-layout-flex wp-block-gallery-is-layout-flex\"> <figure class=\"wp-block-image size-large\"><img loading=\"lazy\" decoding=\"async\" width=\"720\" height=\"540\" data-id=\"521\" src=\"https:\/\/fishfoodpelletmachine.com\/wp-content\/uploads\/2022\/11\/maize-meal-grinding-machine-1-1.webp\" alt=\"maquina para moler harina de maiz\" class=\"wp-image-521\" title=\"maquina para moler harina de maiz\" srcset=\"https:\/\/fishfoodpelletmachine.com\/wp-content\/uploads\/2022\/11\/maize-meal-grinding-machine-1-1.webp 720w, https:\/\/fishfoodpelletmachine.com\/wp-content\/uploads\/2022\/11\/maize-meal-grinding-machine-1-1-300x225.webp 300w\" sizes=\"auto, (max-width: 720px) 100vw, 720px\" \/><figcaption class=\"wp-element-caption\">M\u00e1quina trituradora de harina de ma\u00edz<\/figcaption><\/figure>    <figure class=\"wp-block-image size-large\"><img loading=\"lazy\" decoding=\"async\" width=\"720\" height=\"540\" data-id=\"522\" src=\"https:\/\/fishfoodpelletmachine.com\/wp-content\/uploads\/2022\/11\/corn-grinder.webp\" alt=\"molinillo de ma\u00edz\" class=\"wp-image-522\" title=\"molinillo de ma\u00edz\" srcset=\"https:\/\/fishfoodpelletmachine.com\/wp-content\/uploads\/2022\/11\/corn-grinder.webp 720w, https:\/\/fishfoodpelletmachine.com\/wp-content\/uploads\/2022\/11\/corn-grinder-300x225.webp 300w\" sizes=\"auto, (max-width: 720px) 100vw, 720px\" \/><figcaption class=\"wp-element-caption\">Molinillo de ma\u00edz<\/figcaption><\/figure> <\/figure>    <h3 class=\"wp-block-heading\">\u00bfQu\u00e9 materias primas puede manejar la m\u00e1quina trituradora de harina de ma\u00edz?<\/h3>    <p>Puede triturar arroz, ma\u00edz seco (fresco), trigo, pimienta seca (fresca), materiales medicinales chinos, cereales integrales, piensos, etc. Es una opci\u00f3n ideal para la molienda dom\u00e9stica y comercial.<\/p>    <figure class=\"wp-block-image size-full\"><img loading=\"lazy\" decoding=\"async\" width=\"720\" height=\"540\" src=\"https:\/\/fishfoodpelletmachine.com\/wp-content\/uploads\/2022\/11\/raw-materials-.jpg\" alt=\"materias primas\" class=\"wp-image-523\" title=\"materias primas\" srcset=\"https:\/\/fishfoodpelletmachine.com\/wp-content\/uploads\/2022\/11\/raw-materials-.jpg 720w, https:\/\/fishfoodpelletmachine.com\/wp-content\/uploads\/2022\/11\/raw-materials--300x225.jpg 300w\" sizes=\"auto, (max-width: 720px) 100vw, 720px\" \/><figcaption class=\"wp-element-caption\">Materias primas<\/figcaption><\/figure>    <h3 class=\"wp-block-heading\">\u00bfCu\u00e1l es la estructura de la m\u00e1quina trituradora de ma\u00edz?<\/h3>    <p>La m\u00e1quina trituradora de harina de ma\u00edz de garras consta principalmente de seis partes: el cuerpo superior, la cubierta de la m\u00e1quina, el conjunto del rotor, la criba, el dispositivo de alimentaci\u00f3n y el marco. <\/p>    <p>El cuerpo de la m\u00e1quina y el rotor forman juntos una c\u00e1mara de trituraci\u00f3n. La trituraci\u00f3n de materiales se completa en la c\u00e1mara de trituraci\u00f3n.<\/p>    <figure class=\"wp-block-image size-full\"><img loading=\"lazy\" decoding=\"async\" width=\"720\" height=\"540\" src=\"https:\/\/fishfoodpelletmachine.com\/wp-content\/uploads\/2022\/11\/maize-grinder-machine-.jpg\" alt=\"m\u00e1quina trituradora de ma\u00edz\" class=\"wp-image-524\" title=\"m\u00e1quina trituradora de ma\u00edz\" srcset=\"https:\/\/fishfoodpelletmachine.com\/wp-content\/uploads\/2022\/11\/maize-grinder-machine-.jpg 720w, https:\/\/fishfoodpelletmachine.com\/wp-content\/uploads\/2022\/11\/maize-grinder-machine--300x225.jpg 300w\" sizes=\"auto, (max-width: 720px) 100vw, 720px\" \/><figcaption class=\"wp-element-caption\">M\u00e1quina trituradora de ma\u00edz<\/figcaption><\/figure>    <h3 class=\"wp-block-heading\">\u00bfC\u00f3mo funciona la trituradora de ma\u00edz?<\/h3>    <p>Cuando el material ingresa a la c\u00e1mara de trituraci\u00f3n, se tritura r\u00e1pidamente hasta convertirlo en un polvo fino bajo el impacto continuo de los dientes redondos y planos. al mismo tiempo<\/p>    <p>Bajo la acci\u00f3n de la fuerza centr\u00edfuga y el flujo de aire, pasa a trav\u00e9s del orificio del tamiz y se descarga a trav\u00e9s del puerto de descarga. La m\u00e1quina tiene una estructura simple y es f\u00e1cil de instalar, usar y mantener.<\/p>    <figure class=\"wp-block-image size-full\"><img loading=\"lazy\" decoding=\"async\" width=\"720\" height=\"540\" src=\"https:\/\/fishfoodpelletmachine.com\/wp-content\/uploads\/2022\/11\/corn-grinding-machine-.webp\" alt=\"maquina para moler maiz\" class=\"wp-image-525\" title=\"maquina para moler maiz\" srcset=\"https:\/\/fishfoodpelletmachine.com\/wp-content\/uploads\/2022\/11\/corn-grinding-machine-.webp 720w, https:\/\/fishfoodpelletmachine.com\/wp-content\/uploads\/2022\/11\/corn-grinding-machine--300x225.webp 300w\" sizes=\"auto, (max-width: 720px) 100vw, 720px\" \/><figcaption class=\"wp-element-caption\">M\u00e1quina trituradora de ma\u00edz<\/figcaption><\/figure>    <h3 class=\"wp-block-heading\">\u00bfCu\u00e1les son las ventajas de un molinillo de ma\u00edz casero con garra y dientes?<\/h3>    <ol class=\"wp-block-list\"> <li>Amplia gama de aplicaciones. El molinillo de granos puede procesar diversos materiales, como granos, granos diversos, papas secas y frescas, minerales de baja dureza, hierbas medicinales chinas, etc.<\/li>    <li>Tama\u00f1o peque\u00f1o y menos espacio.<\/li>    <li>La m\u00e1quina modificada tiene una estructura simple y es c\u00f3moda de usar y mantener.<\/li> <\/ol>    <figure class=\"wp-block-embed is-type-video is-provider-youtube wp-block-embed-youtube wp-embed-aspect-16-9 wp-has-aspect-ratio\"><div class=\"wp-block-embed__wrapper\"> <iframe loading=\"lazy\" title=\"polvo muy fino! M\u00e1quina trituradora de ma\u00edz con disco o molino de disco\/trituradora de ma\u00edz\/m\u00e1quina trituradora de ma\u00edz\" width=\"500\" height=\"281\" src=\"https:\/\/www.youtube.com\/embed\/GpSOvkaJMOE?feature=oembed\" frameborder=\"0\" allow=\"accelerometer; autoplay; clipboard-write; encrypted-media; gyroscope; picture-in-picture; web-share\" referrerpolicy=\"strict-origin-when-cross-origin\" allowfullscreen><\/iframe> <\/div><figcaption class=\"wp-element-caption\">V\u00eddeo de trabajo del molino de discos.<\/figcaption><\/figure>    <h2 class=\"wp-block-heading\">Tipo 2: Trituradora de granos con cicl\u00f3n<\/h2>    <p>La m\u00e1quina trituradora de harina de ma\u00edz con Cyclone tambi\u00e9n es un peque\u00f1o molino de granos dom\u00e9stico. Tambi\u00e9n se puede utilizar para condimentar triturando ceniza espinosa china, chile, an\u00eds estrellado, etc., en una m\u00e1quina con m\u00faltiples funciones. El molino dispone de un tubo de aspiraci\u00f3n de grano y un cicl\u00f3n. <\/p>    <p>El funcionamiento de la m\u00e1quina es que el tubo de succi\u00f3n de grano succionar\u00e1 autom\u00e1ticamente el material hacia la c\u00e1mara de trituraci\u00f3n. El cicl\u00f3n recoger\u00e1 el polvo que se produce cuando la m\u00e1quina est\u00e1 funcionando, previniendo eficazmente la contaminaci\u00f3n por polvo.<\/p>    <figure class=\"wp-block-gallery has-nested-images columns-default is-cropped wp-block-gallery-3 is-layout-flex wp-block-gallery-is-layout-flex\"> <figure class=\"wp-block-image size-large\"><img loading=\"lazy\" decoding=\"async\" width=\"720\" height=\"540\" data-id=\"526\" src=\"https:\/\/fishfoodpelletmachine.com\/wp-content\/uploads\/2022\/11\/maize-meal-grinding-machine-1-2.webp\" alt=\"maquina para moler harina de maiz\" class=\"wp-image-526\" title=\"maquina para moler harina de maiz\" srcset=\"https:\/\/fishfoodpelletmachine.com\/wp-content\/uploads\/2022\/11\/maize-meal-grinding-machine-1-2.webp 720w, https:\/\/fishfoodpelletmachine.com\/wp-content\/uploads\/2022\/11\/maize-meal-grinding-machine-1-2-300x225.webp 300w\" sizes=\"auto, (max-width: 720px) 100vw, 720px\" \/><figcaption class=\"wp-element-caption\">M\u00e1quina trituradora de harina de ma\u00edz<\/figcaption><\/figure>    <figure class=\"wp-block-image size-large\"><img loading=\"lazy\" decoding=\"async\" width=\"720\" height=\"540\" data-id=\"527\" src=\"https:\/\/fishfoodpelletmachine.com\/wp-content\/uploads\/2022\/11\/Grain-crusher-with-cyclone-.webp\" alt=\"Trituradora de granos con cicl\u00f3n\" class=\"wp-image-527\" title=\"Trituradora de granos con cicl\u00f3n\" srcset=\"https:\/\/fishfoodpelletmachine.com\/wp-content\/uploads\/2022\/11\/Grain-crusher-with-cyclone-.webp 720w, https:\/\/fishfoodpelletmachine.com\/wp-content\/uploads\/2022\/11\/Grain-crusher-with-cyclone--300x225.webp 300w\" sizes=\"auto, (max-width: 720px) 100vw, 720px\" \/><figcaption class=\"wp-element-caption\">Trituradora de granos con cicl\u00f3n<\/figcaption><\/figure> <\/figure>    <h3 class=\"wp-block-heading\">\u00bfCu\u00e1l es el campo aplicable de los molinos de granos?<\/h3>    <p class=\"translation-block\"><strong>Campo:<\/strong> La m\u00e1quina trituradora de granos multifuncional se utiliza ampliamente en f\u00e1bricas de alimentos, tiendas de verduras secas, f\u00e1bricas de condimentos y agricultura familiar aut\u00f3noma.<\/p>    <p class=\"translation-block\"><strong>Materiales espec\u00edficos:<\/strong> Trigo, arroz, mijo, ma\u00edz, soja, s\u00e9samo, soja, sorgo, cebada de alta monta\u00f1a y otros granos, as\u00ed como otras materias primas qu\u00edmicas. El grosor del procesamiento del material tambi\u00e9n se puede ajustar.<\/p>    <h3 class=\"wp-block-heading\">\u00bfC\u00f3mo funciona la trituradora de ma\u00edz? <\/h3>    <figure class=\"wp-block-embed is-type-video is-provider-youtube wp-block-embed-youtube wp-embed-aspect-16-9 wp-has-aspect-ratio\"><div class=\"wp-block-embed__wrapper\"> <iframe loading=\"lazy\" title=\"\u00a1Gran rendimiento de la m\u00e1quina trituradora de granos! Peque\u00f1a m\u00e1quina trituradora de ma\u00edz para uso dom\u00e9stico\" width=\"500\" height=\"281\" src=\"https:\/\/www.youtube.com\/embed\/YV17pcRxD9Q?feature=oembed\" frameborder=\"0\" allow=\"accelerometer; autoplay; clipboard-write; encrypted-media; gyroscope; picture-in-picture; web-share\" referrerpolicy=\"strict-origin-when-cross-origin\" allowfullscreen><\/iframe> <\/div><figcaption class=\"wp-element-caption\">trituradora de ma\u00edz en el trabajo<\/figcaption><\/figure>    <h3 class=\"wp-block-heading\">Estructura de la m\u00e1quina trituradora de granos.<\/h3>    <p>La estructura de esta m\u00e1quina trituradora de harina de ma\u00edz es b\u00e1sicamente la misma que la del Tipo 1. Consta de un molino c\u00f3nico, de alimentaci\u00f3n y un sistema de separaci\u00f3n, excepto que tiene una tuber\u00eda de autosucci\u00f3n m\u00e1s y un cicl\u00f3n m\u00e1s que el Tipo 1. <\/p>    <p>La m\u00e1quina tiene una estructura simple, procesamiento de sonido y tecnolog\u00eda de instalaci\u00f3n, y es un pulverizador con excelente rendimiento.<\/p>    <figure class=\"wp-block-gallery has-nested-images columns-default is-cropped wp-block-gallery-4 is-layout-flex wp-block-gallery-is-layout-flex\"> <figure class=\"wp-block-image size-large\"><img loading=\"lazy\" decoding=\"async\" width=\"720\" height=\"540\" data-id=\"529\" src=\"https:\/\/fishfoodpelletmachine.com\/wp-content\/uploads\/2022\/11\/wheat-grinder\u2018s-structure-1-1.webp\" alt=\"Estructura de la m\u00e1quina trituradora de trigo.\" class=\"wp-image-529\" title=\"Estructura de la m\u00e1quina trituradora de trigo.\" srcset=\"https:\/\/fishfoodpelletmachine.com\/wp-content\/uploads\/2022\/11\/wheat-grinder\u2018s-structure-1-1.webp 720w, https:\/\/fishfoodpelletmachine.com\/wp-content\/uploads\/2022\/11\/wheat-grinder\u2018s-structure-1-1-300x225.webp 300w\" sizes=\"auto, (max-width: 720px) 100vw, 720px\" \/><figcaption class=\"wp-element-caption\">Estructura de la m\u00e1quina trituradora de trigo<\/figcaption><\/figure>    <figure class=\"wp-block-image size-large\"><img loading=\"lazy\" decoding=\"async\" width=\"720\" height=\"540\" data-id=\"530\" src=\"https:\/\/fishfoodpelletmachine.com\/wp-content\/uploads\/2022\/11\/inner-structure-of-the-bean-mill-machine-.webp\" alt=\"La estructura interna de la m\u00e1quina de molino de frijoles.\" class=\"wp-image-530\" title=\"Estructura interna de la m\u00e1quina de molino de frijoles.\" srcset=\"https:\/\/fishfoodpelletmachine.com\/wp-content\/uploads\/2022\/11\/inner-structure-of-the-bean-mill-machine-.webp 720w, https:\/\/fishfoodpelletmachine.com\/wp-content\/uploads\/2022\/11\/inner-structure-of-the-bean-mill-machine--300x225.webp 300w\" sizes=\"auto, (max-width: 720px) 100vw, 720px\" \/><figcaption class=\"wp-element-caption\">Estructura interna del molino de granos<\/figcaption><\/figure> <\/figure>    <h2 class=\"wp-block-heading\">Tipo 3: M\u00e1quina trituradora y despulpadora de granos<\/h2>    <p>La m\u00e1quina trituradora de harina de ma\u00edz es un equipo de molienda h\u00fameda. La parte trituradora de la m\u00e1quina est\u00e1 fabricada en acero inoxidable. Se puede utilizar para la molienda h\u00fameda de cereales como arroz, soja, ma\u00edz y patatas. <\/p>    <p>Dado que la parte material de la m\u00e1quina est\u00e1 hecha de acero inoxidable, el producto final se puede comer directamente.<\/p>    <figure class=\"wp-block-gallery has-nested-images columns-default is-cropped wp-block-gallery-5 is-layout-flex wp-block-gallery-is-layout-flex\"> <figure class=\"wp-block-image size-large\"><img loading=\"lazy\" decoding=\"async\" width=\"720\" height=\"540\" data-id=\"531\" src=\"https:\/\/fishfoodpelletmachine.com\/wp-content\/uploads\/2022\/11\/commercial-grain-grinder0.jpg\" alt=\"M\u00e1quina trituradora y despulpadora de granos\" class=\"wp-image-531\" title=\"M\u00e1quina trituradora y despulpadora de granos\" srcset=\"https:\/\/fishfoodpelletmachine.com\/wp-content\/uploads\/2022\/11\/commercial-grain-grinder0.jpg 720w, https:\/\/fishfoodpelletmachine.com\/wp-content\/uploads\/2022\/11\/commercial-grain-grinder0-300x225.jpg 300w\" sizes=\"auto, (max-width: 720px) 100vw, 720px\" \/><figcaption class=\"wp-element-caption\">M\u00e1quina de molienda y pulpa de granos<\/figcaption><\/figure>    <figure class=\"wp-block-image size-large\"><img loading=\"lazy\" decoding=\"async\" width=\"720\" height=\"540\" data-id=\"532\" src=\"https:\/\/fishfoodpelletmachine.com\/wp-content\/uploads\/2022\/11\/grain-grinder-machine0.jpg\" alt=\"maquina para moler arroz \" class=\"wp-image-532\" title=\"maquina para moler arroz \" srcset=\"https:\/\/fishfoodpelletmachine.com\/wp-content\/uploads\/2022\/11\/grain-grinder-machine0.jpg 720w, https:\/\/fishfoodpelletmachine.com\/wp-content\/uploads\/2022\/11\/grain-grinder-machine0-300x225.jpg 300w\" sizes=\"auto, (max-width: 720px) 100vw, 720px\" \/><figcaption class=\"wp-element-caption\">M\u00e1quina de molienda de arroz <\/figcaption><\/figure> <\/figure>    <h3 class=\"wp-block-heading\">Las personas adecuadas para la m\u00e1quina de molienda y refinaci\u00f3n.<\/h3>    <p>Esta m\u00e1quina trituradora de harina de ma\u00edz es adecuada para f\u00e1bricas de productos de frijol, servicios de catering, comedores, restaurantes y empresas individuales. En cuanto a los materiales de solicitud, se inclina hacia todo tipo de alimentos, medicinas, etc.<\/p>    <h3 class=\"wp-block-heading\">\u00bfC\u00f3mo funciona la trituradora de granos?<\/h3>    <figure class=\"wp-block-embed is-type-video is-provider-youtube wp-block-embed-youtube wp-embed-aspect-16-9 wp-has-aspect-ratio\"><div class=\"wp-block-embed__wrapper\"> <iframe loading=\"lazy\" title=\"V\u00eddeo de trabajo del molino de martillos el\u00e9ctrico para granos | molinillo de grano\" width=\"500\" height=\"281\" src=\"https:\/\/www.youtube.com\/embed\/LrGfvzii4tI?feature=oembed\" frameborder=\"0\" allow=\"accelerometer; autoplay; clipboard-write; encrypted-media; gyroscope; picture-in-picture; web-share\" referrerpolicy=\"strict-origin-when-cross-origin\" allowfullscreen><\/iframe> <\/div><figcaption class=\"wp-element-caption\">proceso de trabajo del molino de martillos de grano<\/figcaption><\/figure>    <h3 class=\"wp-block-heading\">Principio de funcionamiento del molino de granos con cicl\u00f3n.<\/h3>    <p>Cuando los materiales pretratados, como la limpieza y el remojo, ingresan al molino desde la tolva. Entran entre los discos de arena superiores e inferiores que se mueven relativamente bajo la acci\u00f3n de la fuerza centr\u00edfuga. El impacto mutuo y la extrusi\u00f3n de materiales y el cizallamiento. <\/p>    <p>La acci\u00f3n integral de frotamiento y desgarro hace que el material se muela de adentro hacia afuera, de grueso a fino a lo largo del plano del disco de arena.<\/p>    <h3 class=\"wp-block-heading\">\u00bfCu\u00e1l es la estructura de la trituradora de granos de ma\u00edz y trigo?<\/h3>    <p>Los componentes principales de la m\u00e1quina trituradora de harina de ma\u00edz son la tolva de alimentaci\u00f3n, el bot\u00f3n de ajuste de finura, la c\u00e1mara de trituraci\u00f3n, la alimentaci\u00f3n, el interruptor, el marco, etc.<\/p>    <figure class=\"wp-block-image size-full\"><img loading=\"lazy\" decoding=\"async\" width=\"720\" height=\"540\" src=\"https:\/\/fishfoodpelletmachine.com\/wp-content\/uploads\/2022\/11\/electric-grain-mill-structure-.webp\" alt=\"estructura de molino de grano el\u00e9ctrico\" class=\"wp-image-534\" title=\"estructura de molino de grano el\u00e9ctrico\" srcset=\"https:\/\/fishfoodpelletmachine.com\/wp-content\/uploads\/2022\/11\/electric-grain-mill-structure-.webp 720w, https:\/\/fishfoodpelletmachine.com\/wp-content\/uploads\/2022\/11\/electric-grain-mill-structure--300x225.webp 300w\" sizes=\"auto, (max-width: 720px) 100vw, 720px\" \/><figcaption class=\"wp-element-caption\">Estructura del molino de grano el\u00e9ctrico<\/figcaption><\/figure>    <h2 class=\"wp-block-heading\">\u00bfCu\u00e1les son los aspectos m\u00e1s destacados del molinillo de cereales de alta calidad?<\/h2>    <ol class=\"wp-block-list\"> <li>Si se utiliza para moler polvo, la finura de molienda puede alcanzar 80-100 mesh.<\/li>    <li>El mecanismo de puerta de material exclusivo y la c\u00e1mara de molienda resuelven eficazmente el problema de las fugas de agua del equipo.<\/li>    <li>La c\u00e1mara de molienda bien dise\u00f1ada puede hacer que la lechada fluya suavemente, con menos acumulaci\u00f3n de material y f\u00e1cil limpieza.<\/li>    <li>Pastillas de arena comestibles con f\u00f3rmula especial, de alto rendimiento.<\/li>    <li>Limpio e higi\u00e9nico, todo el canal de trabajo, desde la alimentaci\u00f3n y la molienda hasta la descarga, est\u00e1 hecho de acero inoxidable.<\/li> <\/ol>    <h2 class=\"wp-block-heading\">M\u00e1quinas trituradoras de granos \u2013 Taizy Tu Mejor Opci\u00f3n<\/h2>    <ol class=\"wp-block-list\"> <li>Somos un fabricante profesional de maquinaria agr\u00edcola. El dise\u00f1o, estructura y forma de la m\u00e1quina est\u00e1n todos acordes a las necesidades del p\u00fablico.<\/li>    <li>La m\u00e1quina trituradora de harina de ma\u00edz para fabricaci\u00f3n adopta material de alta calidad. Todo el proceso de producci\u00f3n est\u00e1 estrictamente supervisado y las m\u00e1quinas fabricadas son de alta calidad y alto nivel.<\/li>    <li>Contamos con personal de ventas profesional para brindar a los clientes soluciones de m\u00e1quinas profesionales.<\/li>    <li>Despu\u00e9s de que el cliente compre la m\u00e1quina, actualizaremos el estado de log\u00edstica al cliente en tiempo real, para que pueda estar tranquilo.<\/li> <\/ol>    <figure class=\"wp-block-gallery has-nested-images columns-default is-cropped wp-block-gallery-6 is-layout-flex wp-block-gallery-is-layout-flex\"> <figure class=\"wp-block-image size-large\"><img loading=\"lazy\" decoding=\"async\" width=\"720\" height=\"540\" data-id=\"535\" src=\"https:\/\/fishfoodpelletmachine.com\/wp-content\/uploads\/2022\/11\/our-factory-of-the-grain-grinder0.webp\" alt=\"nuestra f\u00e1brica de molinillo de granos\" class=\"wp-image-535\" title=\"nuestra f\u00e1brica de molinillo de granos\" srcset=\"https:\/\/fishfoodpelletmachine.com\/wp-content\/uploads\/2022\/11\/our-factory-of-the-grain-grinder0.webp 720w, https:\/\/fishfoodpelletmachine.com\/wp-content\/uploads\/2022\/11\/our-factory-of-the-grain-grinder0-300x225.webp 300w\" sizes=\"auto, (max-width: 720px) 100vw, 720px\" \/><figcaption class=\"wp-element-caption\">Nuestra f\u00e1brica de molinillo de granos<\/figcaption><\/figure>    <figure class=\"wp-block-image size-large\"><img loading=\"lazy\" decoding=\"async\" width=\"720\" height=\"540\" data-id=\"536\" src=\"https:\/\/fishfoodpelletmachine.com\/wp-content\/uploads\/2022\/11\/stock-of-the-disk-mill-machine0.webp\" alt=\"Stock de la m\u00e1quina fresadora de discos.\" class=\"wp-image-536\" title=\"Stock de la m\u00e1quina fresadora de discos.\" srcset=\"https:\/\/fishfoodpelletmachine.com\/wp-content\/uploads\/2022\/11\/stock-of-the-disk-mill-machine0.webp 720w, https:\/\/fishfoodpelletmachine.com\/wp-content\/uploads\/2022\/11\/stock-of-the-disk-mill-machine0-300x225.webp 300w\" sizes=\"auto, (max-width: 720px) 100vw, 720px\" \/><figcaption class=\"wp-element-caption\">Stock de la m\u00e1quina de molino de discos<\/figcaption><\/figure> <\/figure>    <h2 class=\"wp-block-heading\">M\u00e1quina trituradora de granos peque\u00f1a vendida a Suecia<\/h2>    <p class=\"translation-block\">Nuestro cliente de Suecia compr\u00f3 una <a href=\"https:\/\/taizyfarmequipment.com\/product\/soybean-peeling-machine\/\" target=\"_blank\" rel=\"noopener\">m\u00e1quina peladora de soja<\/a> y una peque\u00f1a trituradora de granos. Tras comunicarme con el cliente, supe que el cliente quer\u00eda hacer harina de soja por s\u00ed mismo para venderla. Dado que los ingredientes de la soja necesitan ser descascarillados, el cliente necesita una m\u00e1quina trituradora de harina de ma\u00edz.<\/p>    <p>Despu\u00e9s de comprender las necesidades del cliente, le proporcionamos im\u00e1genes, videos y par\u00e1metros de la m\u00e1quina trituradora de harina de ma\u00edz. Finalmente, el cliente eligi\u00f3 la m\u00e1quina trituradora de harina de ma\u00edz Tipo 1. Despu\u00e9s de que el cliente paga, organizamos inmediatamente la m\u00e1quina de embalaje y env\u00edo para el cliente.<\/p>    <figure class=\"wp-block-image size-full\"><img loading=\"lazy\" decoding=\"async\" width=\"720\" height=\"540\" src=\"https:\/\/fishfoodpelletmachine.com\/wp-content\/uploads\/2022\/11\/packing-and-shipping-of-the-corn-shredding-machine-.webp\" alt=\"Embalaje y env\u00edo de la m\u00e1quina trituradora de ma\u00edz.\" class=\"wp-image-537\" title=\"Embalaje y env\u00edo de la m\u00e1quina trituradora de ma\u00edz.\" srcset=\"https:\/\/fishfoodpelletmachine.com\/wp-content\/uploads\/2022\/11\/packing-and-shipping-of-the-corn-shredding-machine-.webp 720w, https:\/\/fishfoodpelletmachine.com\/wp-content\/uploads\/2022\/11\/packing-and-shipping-of-the-corn-shredding-machine--300x225.webp 300w\" sizes=\"auto, (max-width: 720px) 100vw, 720px\" \/><figcaption class=\"wp-element-caption\">Embalaje y env\u00edo de la m\u00e1quina trituradora de ma\u00edz.<\/figcaption><\/figure>","protected":false},"excerpt":{"rendered":"<p>Con el desarrollo de la maquinaria agr\u00edcola, las m\u00e1quinas trituradoras de harina de ma\u00edz son cada vez m\u00e1s comunes. <\/p>","protected":false},"author":1,"featured_media":520,"parent":0,"template":"","tags":[47,48,49,50,46],"product-type":[4],"class_list":["post-516","product","type-product","status-publish","has-post-thumbnail","hentry","tag-corn","tag-grain","tag-grinder","tag-grinding-machine","tag-maize","product-type-feed-grinding-machine"],"_links":{"self":[{"href":"https:\/\/fishfoodpelletmachine.com\/es\/wp-json\/wp\/v2\/product\/516","targetHints":{"allow":["GET"]}}],"collection":[{"href":"https:\/\/fishfoodpelletmachine.com\/es\/wp-json\/wp\/v2\/product"}],"about":[{"href":"https:\/\/fishfoodpelletmachine.com\/es\/wp-json\/wp\/v2\/types\/product"}],"author":[{"embeddable":true,"href":"https:\/\/fishfoodpelletmachine.com\/es\/wp-json\/wp\/v2\/users\/1"}],"wp:featuredmedia":[{"embeddable":true,"href":"https:\/\/fishfoodpelletmachine.com\/es\/wp-json\/wp\/v2\/media\/520"}],"wp:attachment":[{"href":"https:\/\/fishfoodpelletmachine.com\/es\/wp-json\/wp\/v2\/media?parent=516"}],"wp:term":[{"taxonomy":"post_tag","embeddable":true,"href":"https:\/\/fishfoodpelletmachine.com\/es\/wp-json\/wp\/v2\/tags?post=516"},{"taxonomy":"product-type","embeddable":true,"href":"https:\/\/fishfoodpelletmachine.com\/es\/wp-json\/wp\/v2\/product-type?post=516"}],"curies":[{"name":"wp","href":"https:\/\/api.w.org\/{rel}","templated":true}]}}