{"id":54,"date":"2022-08-01T07:59:12","date_gmt":"2022-08-01T07:59:12","guid":{"rendered":"https:\/\/fishfoodpelletmachine.com\/?post_type=product&#038;p=54"},"modified":"2024-03-18T09:50:59","modified_gmt":"2024-03-18T01:50:59","slug":"dry-type-fish-feed-extruder","status":"publish","type":"product","link":"https:\/\/fishfoodpelletmachine.com\/es\/product\/dry-type-fish-feed-extruder\/","title":{"rendered":"Extrusora de alimento para peces de tipo seco \u4e28 M\u00e1quina granuladora de alimento para peces"},"content":{"rendered":"<p>La extrusora de alimento para peces de tipo seco es una m\u00e1quina ampliamente utilizada para preparar alimento para peces. La extrusora de alimento para peces hace que el material tenga una determinada forma mediante el proceso de extrusi\u00f3n en espiral. <\/p>    <p>Esta extrusora de alimento para peces de tipo seco tiene una combinaci\u00f3n de una o m\u00e1s funciones como mezclar, madurar, amasar, cortar y formar. Coloque las materias primas trituradas en la tolva y la m\u00e1quina peletizadora de alimento para peces producir\u00e1 gr\u00e1nulos redondos y lisos. <\/p>    <p class=\"translation-block\">Los pellets de alimento para peces terminados se pueden alimentar directamente a los peces peque\u00f1os. Este pasaje trata principalmente sobre el DGP60-B, y tambi\u00e9n tenemos un tipo m\u00e1s peque\u00f1o de <a href=\"https:\/\/fishfoodpelletmachine.com\/es\/product\/fish-pellet-making-machine\/\">m\u00e1quinas para peletizar alimento para peces<\/a>.  <\/p>    <figure class=\"wp-block-embed is-type-video is-provider-youtube wp-block-embed-youtube wp-embed-aspect-16-9 wp-has-aspect-ratio\"><div class=\"wp-block-embed__wrapper\"> <iframe loading=\"lazy\" title=\"Ampliaci\u00f3n de la acuicultura: el papel de las m\u00e1quinas procesadoras de alimentos para peces de alto rendimiento #fish #fishfeed #feed\" width=\"500\" height=\"281\" src=\"https:\/\/www.youtube.com\/embed\/HuZCsCn3OpY?feature=oembed\" frameborder=\"0\" allow=\"accelerometer; autoplay; clipboard-write; encrypted-media; gyroscope; picture-in-picture; web-share\" referrerpolicy=\"strict-origin-when-cross-origin\" allowfullscreen><\/iframe> <\/div><figcaption class=\"wp-element-caption\">Video de trabajo de la extrusora de alimento para peces de tipo seco<\/figcaption><\/figure>    <h2 class=\"wp-block-heading\" id=\"h-what-are-the-dry-type-fish-feed-extruder-advantages\">\u00bfCu\u00e1les son las ventajas de la extrusora de alimento para peces de tipo seco?<\/h2>    <ol class=\"wp-block-list\"> <li>El alimento prensado por la extrusora de alimento para peces de tipo seco tiene cierta dureza. Por tanto, la comida para peces se puede conservar en el agua durante mucho tiempo. Puede mejorar tan la tasa de utilizaci\u00f3n y prevenir la contaminaci\u00f3n del agua.<\/li>    <li>Cuando la materia prima se extruye mediante la extrusora de alimento para peces de tipo seco, la temperatura es moderada, lo que puede mantener bien los oligoelementos en la materia prima. Y los gr\u00e1nulos tienen un aroma cocinado naturalmente y una palatabilidad excelente, y se comen como pescado y camarones.<\/li>    <li>Podemos utilizar diferentes moldes de descarga para fabricar pellets de alimento para peces de diferentes tama\u00f1os. Por lo tanto, podemos alimentar diferentes tama\u00f1os de pellets de alimento para peces de manera razonable de acuerdo con las necesidades de cada etapa de crecimiento de los peces.<\/li>    <li>Podemos fabricar pellets seg\u00fan la temporada de enfermedades de los peces mezclando los medicamentos de control correspondientes con materias primas. Esto puede prevenir y controlar las enfermedades de los peces, a fin de mejorar la tasa de supervivencia de los productos acu\u00e1ticos.<\/li> <\/ol>    <figure class=\"wp-block-image size-full\"><img loading=\"lazy\" decoding=\"async\" width=\"720\" height=\"540\" src=\"https:\/\/fishfoodpelletmachine.com\/wp-content\/uploads\/2022\/08\/stock-of-dry-type-fish-feed-extruder-2.jpg\" alt=\"Stock de extrusora de alimento para peces de tipo seco.\" class=\"wp-image-59\" title=\"Stock de extrusora de alimento para peces de tipo seco.\" srcset=\"https:\/\/fishfoodpelletmachine.com\/wp-content\/uploads\/2022\/08\/stock-of-dry-type-fish-feed-extruder-2.jpg 720w, https:\/\/fishfoodpelletmachine.com\/wp-content\/uploads\/2022\/08\/stock-of-dry-type-fish-feed-extruder-2-300x225.jpg 300w\" sizes=\"auto, (max-width: 720px) 100vw, 720px\" \/><figcaption class=\"wp-element-caption\">Stock de extrusora de alimento para peces de tipo seco<\/figcaption><\/figure>    <h2 class=\"wp-block-heading\">Caracter\u00edsticas de la m\u00e1quina granuladora de alimento para peces<\/h2>    <ol class=\"wp-block-list\"> <li>Conformaci\u00f3n suave. La superficie de los gr\u00e1nulos de alimento para peces formados es lisa, hermosa y no rugosa. <\/li>    <li>Los pellets flotan durante mucho tiempo, flotando en el agua durante m\u00e1s de 12 horas sin hundirse.<\/li>    <li>Los gr\u00e1nulos de alimento para peces no se dispersar\u00e1n ni se hundir\u00e1n r\u00e1pidamente hasta el fondo. Entonces no hay contaminaci\u00f3n en el agua.<\/li>    <li>Los pellets de alimento para peces tratados se procesan a altas temperaturas. Por lo tanto, los gr\u00e1nulos de alimento para peces terminados est\u00e1n libres de bacterias, lo que reduce a\u00fan m\u00e1s las enfermedades de los peces.<\/li> <\/ol>    <h2 class=\"wp-block-heading\">V\u00eddeo de trabajo de la peletizadora de alimento para peces.<\/h2>    <figure class=\"wp-block-embed is-type-video is-provider-youtube wp-block-embed-youtube wp-embed-aspect-16-9 wp-has-aspect-ratio\"><div class=\"wp-block-embed__wrapper\"> <iframe loading=\"lazy\" title=\"\u00a1C\u00f3mo hacer alimento para peces haciendo pellets de alimento flotante con m\u00e1quina! \u00a1F\u00e1brica de pellets de alimento flotante para peces!\" width=\"500\" height=\"281\" src=\"https:\/\/www.youtube.com\/embed\/ZQwA47TvjyQ?feature=oembed\" frameborder=\"0\" allow=\"accelerometer; autoplay; clipboard-write; encrypted-media; gyroscope; picture-in-picture; web-share\" referrerpolicy=\"strict-origin-when-cross-origin\" allowfullscreen><\/iframe> <\/div><figcaption class=\"wp-element-caption\">Proceso de trabajo de la m\u00e1quina granuladora de alimento para peces<\/figcaption><\/figure>    <h2 class=\"wp-block-heading\">\u00bfC\u00f3mo funciona la m\u00e1quina granuladora de alimento para peces?<\/h2>    <p>La peletizadora de alimento para peces funciona de manera eficiente y efectiva. Primero, las materias primas se mezclan minuciosamente antes de ingresar a la m\u00e1quina, donde se someten a extrusi\u00f3n y peletizaci\u00f3n para formar gr\u00e1nulos. Posteriormente, los pellets se secan y se enfr\u00edan hasta alcanzar el estado deseado. <\/p>    <p>Nuestra m\u00e1quina peletizadora de alimento para peces puede producir de manera r\u00e1pida y confiable alimento de alta calidad, brindando una gran comodidad a nuestros clientes. \u00a1No dude en contactarnos para m\u00e1s detalles y una cotizaci\u00f3n!<\/p>    <h2 class=\"wp-block-heading\">Par\u00e1metros t\u00e9cnicos de la extrusora de alimento para peces.<\/h2>    <figure class=\"wp-block-table\"><table><tbody><tr><td>Modelo<\/td><td>DGP60-B<\/td><\/tr><tr><td>Capacidad (t\/h)<\/td><td>0.10-0.12<\/td><\/tr><tr><td>Potencia principal (kW)<\/td><td>15<\/td><\/tr><tr><td>Potencia de alimentaci\u00f3n (kW)<\/td><td>0.4<\/td><\/tr><tr><td>Di\u00e1metro espiral (mm)<\/td><td>\u03a660<\/td><\/tr><tr><td>poder de corte<\/td><td>0.4<\/td><\/tr><\/tbody><\/table><figcaption class=\"wp-element-caption\">Par\u00e1metro de la extrusora de alimento para peces<\/figcaption><\/figure>    <h2 class=\"wp-block-heading\">\u00c1mbito de aplicaci\u00f3n de la m\u00e1quina para fabricar pellets de pescado<\/h2>    <p class=\"translation-block\">El <a href=\"https:\/\/pelletmillmachine.com\/animal-fish-feed-pellet-making-machine\/\" target=\"_blank\" rel=\"noopener\">extrusor de alimento para peces de tipo seco<\/a> utiliza ma\u00edz, soja, harina de soja, salvado de trigo, harina de pescado, etc. como materias primas. Los extrusores de alimento para peces de tipo seco pueden producir pellets de alimento para peces en diferentes estados y formas. Por ejemplo, pellets de alimento para peces que flotan y se hunden; y pellets para mascotas de diferentes formas. Los productos terminados son sabrosos y ricos en nutrientes.<\/p>    <p>Los productos finales del pienso son adecuados para perros, gatos, peces, p\u00e1jaros, conejos, camarones, perros, gatos, etc.<br>Generalmente, la m\u00e1quina tambi\u00e9n es adecuada para criadores profesionales, f\u00e1bricas de piensos peque\u00f1as y medianas e institutos de investigaci\u00f3n.<\/p>    <figure class=\"wp-block-image size-full\"><img loading=\"lazy\" decoding=\"async\" width=\"720\" height=\"540\" src=\"https:\/\/fishfoodpelletmachine.com\/wp-content\/uploads\/2022\/08\/using-acope-of-the-fish-food-pelleting-machine-1.jpg\" alt=\"Aplicaciones de la m\u00e1quina granuladora de alimentos para peces.\" class=\"wp-image-60\" title=\"Usando una acope de la m\u00e1quina granuladora de alimentos para peces.\" srcset=\"https:\/\/fishfoodpelletmachine.com\/wp-content\/uploads\/2022\/08\/using-acope-of-the-fish-food-pelleting-machine-1.jpg 720w, https:\/\/fishfoodpelletmachine.com\/wp-content\/uploads\/2022\/08\/using-acope-of-the-fish-food-pelleting-machine-1-300x225.jpg 300w\" sizes=\"auto, (max-width: 720px) 100vw, 720px\" \/><figcaption class=\"wp-element-caption\">Aplicaciones de la m\u00e1quina granuladora de alimentos para peces<\/figcaption><\/figure>    <h2 class=\"wp-block-heading\">Las m\u00e1quinas de pellets flotantes para alimento de peces mueren y piezas de desgaste<\/h2>    <p>Las piezas de desgaste de la extrusora de alimento para peces de tipo seco incluyen principalmente el tornillo, el casquillo y la cuchilla. Cada m\u00e1quina que vendemos entregar\u00e1 seis moldes a nuestros clientes, para que puedan elegir el m\u00e1s adecuado seg\u00fan sus necesidades.<\/p>    <figure class=\"wp-block-image size-full is-resized\"><img loading=\"lazy\" decoding=\"async\" width=\"720\" height=\"540\" src=\"https:\/\/fishfoodpelletmachine.com\/wp-content\/uploads\/2022\/08\/models-of-fish-feed-extruder-2.jpg\" alt=\"modelos de extrusora de alimento para peces\" class=\"wp-image-57\" title=\"modelos de extrusora de alimento para peces \" srcset=\"https:\/\/fishfoodpelletmachine.com\/wp-content\/uploads\/2022\/08\/models-of-fish-feed-extruder-2.jpg 720w, https:\/\/fishfoodpelletmachine.com\/wp-content\/uploads\/2022\/08\/models-of-fish-feed-extruder-2-300x225.jpg 300w\" sizes=\"auto, (max-width: 720px) 100vw, 720px\" \/><figcaption class=\"wp-element-caption\">Modelos de extrusora de alimento para peces<\/figcaption><\/figure>    <h2 class=\"wp-block-heading\">\u00bfPor qu\u00e9 elegir nuestra m\u00e1quina procesadora de alimento para peces?<\/h2>    <ol class=\"wp-block-list\"> <li>Somos un fabricante profesional de m\u00e1quinas procesadoras de alimentos para peces. Desde el dise\u00f1o de la m\u00e1quina hasta el material utilizado, en la producci\u00f3n, contamos con un equipo profesional y un sistema de supervisi\u00f3n. Por lo tanto, la extrusora de alimento para peces de tipo seco producida tiene una estructura razonable, es duradera y funciona bien.<\/li>    <li>Nuestro servicio considerado. Recomendaremos la m\u00e1quina adecuada para nuestros clientes y responderemos sus preguntas a tiempo. Proporcionar cualquier informaci\u00f3n que los clientes necesiten.<\/li>    <li>El precio que se puede pagar. El precio de nuestra extrusora de alimento seco para peces no es alto, est\u00e1 en l\u00ednea con las necesidades del p\u00fablico y la mayor\u00eda de los clientes pueden pagarlo.<\/li>    <li>Un a\u00f1o de servicio postventa. Proporcionaremos un a\u00f1o de servicio postventa gratuito a nuestros clientes. Ayudar a los clientes a resolver sus problemas.<\/li> <\/ol>    <figure class=\"wp-block-image size-full\"><img loading=\"lazy\" decoding=\"async\" width=\"720\" height=\"540\" src=\"https:\/\/fishfoodpelletmachine.com\/wp-content\/uploads\/2022\/08\/fish-feed-pelleting-machine1-.jpg\" alt=\"m\u00e1quina granuladora de alimento para peces\" class=\"wp-image-58\" title=\"m\u00e1quina granuladora de alimento para peces\" srcset=\"https:\/\/fishfoodpelletmachine.com\/wp-content\/uploads\/2022\/08\/fish-feed-pelleting-machine1-.jpg 720w, https:\/\/fishfoodpelletmachine.com\/wp-content\/uploads\/2022\/08\/fish-feed-pelleting-machine1--300x225.jpg 300w\" sizes=\"auto, (max-width: 720px) 100vw, 720px\" \/><figcaption class=\"wp-element-caption\">M\u00e1quina granuladora de alimento para peces<\/figcaption><\/figure>","protected":false},"excerpt":{"rendered":"<p>La extrusora de alimento para peces de tipo seco se usa ampliamente. Hace que la materia prima tenga una determinada forma a trav\u00e9s de la extrusi\u00f3n en espiral.<\/p>","protected":false},"author":1,"featured_media":336,"parent":0,"template":"","tags":[16,18,20],"product-type":[5],"class_list":["post-54","product","type-product","status-publish","has-post-thumbnail","hentry","tag-dry-type-fish-feed-extruder","tag-fish-feed-pellet-machine","tag-fish-feed-pelleting-machine-2","product-type-fish-feed-pellet-machine"],"_links":{"self":[{"href":"https:\/\/fishfoodpelletmachine.com\/es\/wp-json\/wp\/v2\/product\/54","targetHints":{"allow":["GET"]}}],"collection":[{"href":"https:\/\/fishfoodpelletmachine.com\/es\/wp-json\/wp\/v2\/product"}],"about":[{"href":"https:\/\/fishfoodpelletmachine.com\/es\/wp-json\/wp\/v2\/types\/product"}],"author":[{"embeddable":true,"href":"https:\/\/fishfoodpelletmachine.com\/es\/wp-json\/wp\/v2\/users\/1"}],"wp:featuredmedia":[{"embeddable":true,"href":"https:\/\/fishfoodpelletmachine.com\/es\/wp-json\/wp\/v2\/media\/336"}],"wp:attachment":[{"href":"https:\/\/fishfoodpelletmachine.com\/es\/wp-json\/wp\/v2\/media?parent=54"}],"wp:term":[{"taxonomy":"post_tag","embeddable":true,"href":"https:\/\/fishfoodpelletmachine.com\/es\/wp-json\/wp\/v2\/tags?post=54"},{"taxonomy":"product-type","embeddable":true,"href":"https:\/\/fishfoodpelletmachine.com\/es\/wp-json\/wp\/v2\/product-type?post=54"}],"curies":[{"name":"wp","href":"https:\/\/api.w.org\/{rel}","templated":true}]}}