{"id":62,"date":"2022-08-01T10:24:47","date_gmt":"2022-08-01T10:24:47","guid":{"rendered":"https:\/\/fishfoodpelletmachine.com\/?post_type=product&#038;p=62"},"modified":"2024-01-12T17:25:32","modified_gmt":"2024-01-12T09:25:32","slug":"fish-feed-mill-machine","status":"publish","type":"product","link":"https:\/\/fishfoodpelletmachine.com\/es\/product\/fish-feed-mill-machine\/","title":{"rendered":"M\u00e1quina para fabricar piensos para peces \u4e28 M\u00e1quina para fabricar pellets de pescado"},"content":{"rendered":"<p>La m\u00e1quina procesadora de alimentos para peces DGP70-B representa un punto de inflexi\u00f3n en el \u00e1mbito de la extrusi\u00f3n de pellets para peces. Con una mayor producci\u00f3n y un mayor di\u00e1metro de tornillo en comparaci\u00f3n con otras m\u00e1quinas extrusoras de alimento para peces, este modelo es excepcionalmente adecuado para fabricantes de pellets de pescado de diferentes escalas, ya sean operaciones peque\u00f1as, medianas o grandes. <\/p>    <p>Lo que distingue al DGP70-B es su versatilidad, lo que lo convierte en la opci\u00f3n preferida en un espectro de empresas acu\u00edcolas. Especialmente destacable es su perfecta integraci\u00f3n con m\u00e1quinas complementarias como trituradoras y mezcladoras. <\/p>    <p>Esta sinergia permite que el DGP70-B procese eficientemente grandes cantidades de materias primas, satisfaciendo las demandas de la producci\u00f3n de alimentos para peces de alta capacidad con una precisi\u00f3n y eficacia incomparables.<\/p>    <figure class=\"wp-block-embed is-type-video is-provider-youtube wp-block-embed-youtube wp-embed-aspect-16-9 wp-has-aspect-ratio\"><div class=\"wp-block-embed__wrapper\"> <iframe loading=\"lazy\" title=\"Ampliaci\u00f3n de la acuicultura: el papel de las m\u00e1quinas procesadoras de alimentos para peces de alto rendimiento #fish #fishfeed #feed\" width=\"500\" height=\"281\" src=\"https:\/\/www.youtube.com\/embed\/HuZCsCn3OpY?feature=oembed\" frameborder=\"0\" allow=\"accelerometer; autoplay; clipboard-write; encrypted-media; gyroscope; picture-in-picture; web-share\" referrerpolicy=\"strict-origin-when-cross-origin\" allowfullscreen><\/iframe> <\/div><figcaption class=\"wp-element-caption\">Video de trabajo de la extrusora de alimento para peces.<\/figcaption><\/figure>    <h2 class=\"wp-block-heading\" id=\"h-how-does-the-fish-feed-mill-machine-work\">\u00bfC\u00f3mo funciona la m\u00e1quina procesadora de alimentos para peces?<\/h2>   <div id=\"rank-math-howto\" class=\"rank-math-block\" > <div class=\"rank-math-howto-description\">  <\/div>  <div class=\"rank-math-steps\"> <div id=\"howto-step-1705041036391\" class=\"rank-math-step\"> <h3 class=\"rank-math-step-title\">1. <strong>Introducci\u00f3n de materiales:<\/strong><\/h3> <div class=\"rank-math-step-content\"><p>El proceso comienza con la introducci\u00f3n de las materias primas en la m\u00e1quina del molino de alimento para peces.<\/p> <\/div> <\/div> <div id=\"howto-step-1705041062609\" class=\"rank-math-step\"> <h3 class=\"rank-math-step-title\">2. <strong>Mezclar y Amasar:<\/strong><\/h3> <div class=\"rank-math-step-content\"><p>Dentro de la m\u00e1quina, un tornillo y un manguito trabajan en colaboraci\u00f3n para mezclar y amasar bien las materias primas.<\/p> <\/div> <\/div> <div id=\"howto-step-1705041078549\" class=\"rank-math-step\"> <h3 class=\"rank-math-step-title\">3. <strong>Extrusi\u00f3n, frotamiento y cizallamiento:<\/strong><\/h3> <div class=\"rank-math-step-content\"><p>A medida que la materia prima ingresa a la cavidad de inflado, sufre acciones de extrusi\u00f3n, frotamiento y corte. Esto conduce a un aumento continuo de la presi\u00f3n y la temperatura internas, lo que induce cambios en la estructura del material.<\/p> <\/div> <\/div> <div id=\"howto-step-1705041096205\" class=\"rank-math-step\"> <h3 class=\"rank-math-step-title\">4. <strong>Pegado de almid\u00f3n:<\/strong><\/h3> <div class=\"rank-math-step-content\"><img loading=\"lazy\" decoding=\"async\" width=\"720\" height=\"540\" src=\"https:\/\/fishfoodpelletmachine.com\/wp-content\/uploads\/2022\/08\/fish-pellet-making-machine-with-a-good-price.webp\" class=\"attachment-full size-full\" alt=\"M\u00e1quina para fabricar pellets de alimentaci\u00f3n\" srcset=\"https:\/\/fishfoodpelletmachine.com\/wp-content\/uploads\/2022\/08\/fish-pellet-making-machine-with-a-good-price.webp 720w, https:\/\/fishfoodpelletmachine.com\/wp-content\/uploads\/2022\/08\/fish-pellet-making-machine-with-a-good-price-300x225.webp 300w\" sizes=\"auto, (max-width: 720px) 100vw, 720px\" title=\"\"><p>El aumento de la temperatura y la presi\u00f3n facilitan a\u00fan m\u00e1s el pegado del almid\u00f3n, alterando fundamentalmente la composici\u00f3n del material.<\/p> <\/div> <\/div> <div id=\"howto-step-1705041119797\" class=\"rank-math-step\"> <h3 class=\"rank-math-step-title\">5. <strong>Extrusi\u00f3n a alta temperatura:<\/strong><\/h3> <div class=\"rank-math-step-content\"><p>Luego, el material a alta temperatura y alta presi\u00f3n se expulsa del puerto de descarga. Durante este proceso, el agua sufre parcialmente una evaporaci\u00f3n repentina.<\/p> <\/div> <\/div> <div id=\"howto-step-1705041137915\" class=\"rank-math-step\"> <h3 class=\"rank-math-step-title\">6. <strong>Etapa de enfriamiento:<\/strong><\/h3> <div class=\"rank-math-step-content\"><p>Despu\u00e9s de la extrusi\u00f3n, el material pasa por una etapa de enfriamiento. Esto da como resultado una estructura suelta y porosa, y el material hinchado toma la forma de masa, floculento o migajas gruesas.<\/p> <\/div> <\/div> <div id=\"howto-step-1705041157438\" class=\"rank-math-step\"> <h3 class=\"rank-math-step-title\">7. <strong>Formaci\u00f3n de pellets:<\/strong><\/h3> <div class=\"rank-math-step-content\"><p>El material, ahora en un estado \u00f3ptimo, se moldea en varios pellets de alimento a medida que sale por el molde.<\/p> <\/div> <\/div> <\/div> <\/div>       <figure class=\"wp-block-image size-full\"><img loading=\"lazy\" decoding=\"async\" width=\"720\" height=\"540\" src=\"https:\/\/fishfoodpelletmachine.com\/wp-content\/uploads\/2022\/09\/floating-fish-feed-pellet-machines-structure_.webp\" alt=\"Estructura de la m\u00e1quina para fabricar pellets de pescado.\" class=\"wp-image-356\" title=\"Estructura de la m\u00e1quina para fabricar pellets de pescado\" srcset=\"https:\/\/fishfoodpelletmachine.com\/wp-content\/uploads\/2022\/09\/floating-fish-feed-pellet-machines-structure_.webp 720w, https:\/\/fishfoodpelletmachine.com\/wp-content\/uploads\/2022\/09\/floating-fish-feed-pellet-machines-structure_-300x225.webp 300w\" sizes=\"auto, (max-width: 720px) 100vw, 720px\" \/><figcaption class=\"wp-element-caption\">Estructura de la m\u00e1quina para fabricar pellets de pescado<\/figcaption><\/figure>    <h2 class=\"wp-block-heading\">Informaci\u00f3n detallada sobre la m\u00e1quina para fabricar pellets de pescado.<\/h2>    <figure class=\"wp-block-table\"><table><tbody><tr><td>Modelo<\/td><td>DGP70-B<\/td><\/tr><tr><td>Capacidad (t\/h)<\/td><td>0.18-0.20<\/td><\/tr><tr><td>Potencia principal (kW)<\/td><td>18.5<\/td><\/tr><tr><td>Potencia de alimentaci\u00f3n (kW)<\/td><td>0.4<\/td><\/tr><tr><td>Di\u00e1metro espiral (mm)<\/td><td>\u03c670<\/td><\/tr><tr><td>poder de corte<\/td><td>0.4<\/td><\/tr><\/tbody><\/table><figcaption class=\"wp-element-caption\">Par\u00e1metro de la m\u00e1quina para fabricar pellets de alimento para peces<\/figcaption><\/figure>    <figure class=\"wp-block-image size-full\"><img loading=\"lazy\" decoding=\"async\" width=\"720\" height=\"540\" src=\"https:\/\/fishfoodpelletmachine.com\/wp-content\/uploads\/2022\/09\/Fish-feed-mill-machine-.webp\" alt=\"Molino de alimento para peces\" class=\"wp-image-355\" title=\"Molino de alimento para peces\" srcset=\"https:\/\/fishfoodpelletmachine.com\/wp-content\/uploads\/2022\/09\/Fish-feed-mill-machine-.webp 720w, https:\/\/fishfoodpelletmachine.com\/wp-content\/uploads\/2022\/09\/Fish-feed-mill-machine--300x225.webp 300w\" sizes=\"auto, (max-width: 720px) 100vw, 720px\" \/><figcaption class=\"wp-element-caption\">M\u00e1quina de molino de alimento para peces<\/figcaption><\/figure>    <h2 class=\"wp-block-heading\">Materias primas para la elaboraci\u00f3n de pellets de pienso.<\/h2>    <p>La selecci\u00f3n de materias primas juega un papel fundamental en la calidad y composici\u00f3n nutricional de los pellets de alimento para peces. Nuestra m\u00e1quina peletizadora de alimento demuestra una adaptabilidad excepcional, capaz de procesar una amplia gama de materiales para garantizar una nutrici\u00f3n integral y equilibrada en el alimento.<\/p>    <p>Entre las materias primas aplicables se encuentran las v\u00edsceras, el polvo de huesos y el polvo de pescado, hasta las semillas de algod\u00f3n, el ma\u00edz, la paja de trigo y el polvo de arroz. Esta flexibilidad le permite ajustar la composici\u00f3n del alimento para satisfacer los requisitos nutricionales espec\u00edficos de diferentes especies de peces y etapas de crecimiento.<\/p>    <figure class=\"wp-block-image size-full\"><img loading=\"lazy\" decoding=\"async\" width=\"720\" height=\"540\" src=\"https:\/\/fishfoodpelletmachine.com\/wp-content\/uploads\/2022\/08\/finished-products-of-feed-pellet-maker.webp\" alt=\"Productos terminados del fabricante de pellets de pienso.\" class=\"wp-image-766\" title=\"\" srcset=\"https:\/\/fishfoodpelletmachine.com\/wp-content\/uploads\/2022\/08\/finished-products-of-feed-pellet-maker.webp 720w, https:\/\/fishfoodpelletmachine.com\/wp-content\/uploads\/2022\/08\/finished-products-of-feed-pellet-maker-300x225.webp 300w\" sizes=\"auto, (max-width: 720px) 100vw, 720px\" \/><figcaption class=\"wp-element-caption\">Productos terminados del fabricante de pellets de pienso<\/figcaption><\/figure>    <p>Las entra\u00f1as de animales y el polvo de huesos proporcionan prote\u00ednas y minerales ricos, mientras que el polvo de pescado aporta grasas y prote\u00ednas esenciales. Los materiales a base de cereales, como las semillas de algod\u00f3n, el ma\u00edz, la paja de trigo y el polvo de arroz, ofrecen carbohidratos y fibra, lo que garantiza un perfil nutricional completo.<\/p>    <p>Nuestra m\u00e1quina peletizadora de alimento, que utiliza procesos de extrusi\u00f3n avanzados, transforma eficientemente estas materias primas en gr\u00e1nulos uniformes y f\u00e1cilmente digeribles. Ya sea que se dedique a la agricultura a peque\u00f1a escala o a la acuicultura a gran escala, nuestros equipos satisfacen la demanda de alimentos personalizados y de alta calidad. Elegir la combinaci\u00f3n adecuada de materias primas garantiza un soporte nutricional \u00f3ptimo para sus peces en cada etapa de crecimiento.<\/p>    <h2 class=\"wp-block-heading\">Caracter\u00edsticas destacadas de las m\u00e1quinas infladoras de alimento para peces<\/h2>    <p>1. Puede adaptarse a diferentes requisitos de producci\u00f3n. <\/p>    <p>Las f\u00e1bricas de piensos grandes y medianas pueden utilizarlo para el procesamiento de materias primas o la producci\u00f3n de piensos especiales. Como el tratamiento de desintoxicaci\u00f3n de soja entera inflada, ma\u00edz inflado y harina de algod\u00f3n. <\/p>    <p>Adem\u00e1s, la m\u00e1quina infladora de alimentos para peces puede inflar alimentos para mascotas, alimentos acu\u00e1ticos, alimentos para zorros, etc. Las f\u00e1bricas de alimentos peque\u00f1as o las granjas grandes y medianas tambi\u00e9n pueden utilizar esta m\u00e1quina procesadora de alimentos para peces como equipo principal, para la producci\u00f3n de precio completo. pienso inflado.<\/p>    <figure class=\"wp-block-image size-full\"><img loading=\"lazy\" decoding=\"async\" width=\"720\" height=\"540\" src=\"https:\/\/fishfoodpelletmachine.com\/wp-content\/uploads\/2022\/08\/automatic-fish-pellet-making-machine.webp\" alt=\"m\u00e1quina autom\u00e1tica para fabricar pellets de pescado\" class=\"wp-image-761\" title=\"\" srcset=\"https:\/\/fishfoodpelletmachine.com\/wp-content\/uploads\/2022\/08\/automatic-fish-pellet-making-machine.webp 720w, https:\/\/fishfoodpelletmachine.com\/wp-content\/uploads\/2022\/08\/automatic-fish-pellet-making-machine-300x225.webp 300w\" sizes=\"auto, (max-width: 720px) 100vw, 720px\" \/><figcaption class=\"wp-element-caption\">M\u00e1quina autom\u00e1tica para fabricar pellets de pescado<\/figcaption><\/figure>    <p>2. La m\u00e1quina infladora de alimento para peces puede adaptarse a diferentes materiales y diferentes condiciones de producci\u00f3n. <\/p>    <p>La m\u00e1quina dispone de un alimentador de velocidad autom\u00e1tica. Y la m\u00e1quina puede cambiar el volumen de alimentaci\u00f3n seg\u00fan la situaci\u00f3n. El tornillo de extrusi\u00f3n es una estructura combinada tipo manguito y el manguito de tornillo adopta una estructura tipo cilindro interior. <\/p>    <p>Por lo tanto, de acuerdo con los diferentes requisitos de inflado, la composici\u00f3n flexible del correspondiente grupo de tornillos de extrusi\u00f3n, y luego equipado con diferentes piezas de exportaci\u00f3n, puede adaptarse a diferentes condiciones de procesamiento.<\/p>    <p>3. La estructura de la f\u00e1brica de pellets para alimento para peces es simple, pr\u00e1ctica y f\u00e1cil de operar y mantener.<\/p>    <figure class=\"wp-block-image size-full\"><img loading=\"lazy\" decoding=\"async\" width=\"720\" height=\"540\" src=\"https:\/\/fishfoodpelletmachine.com\/wp-content\/uploads\/2022\/09\/molds-and-finished-product-.webp\" alt=\"Diferentes moldes de peletizadora de alimento para peces.\" class=\"wp-image-352\" title=\"moldes y producto terminado\" srcset=\"https:\/\/fishfoodpelletmachine.com\/wp-content\/uploads\/2022\/09\/molds-and-finished-product-.webp 720w, https:\/\/fishfoodpelletmachine.com\/wp-content\/uploads\/2022\/09\/molds-and-finished-product--300x225.webp 300w\" sizes=\"auto, (max-width: 720px) 100vw, 720px\" \/><figcaption class=\"wp-element-caption\">Diferentes moldes de peletizadores de alimento para peces<\/figcaption><\/figure>    <h2 class=\"wp-block-heading\">M\u00e1quinas que pueden componer una l\u00ednea de producci\u00f3n de alimentos para peces.<\/h2>    <p>Debido a la gran producci\u00f3n del DGP70-B de la f\u00e1brica de pellets de alimento para peces, procesar manualmente las materias primas y los pellets de alimento para peces reci\u00e9n salidos de la m\u00e1quina requiere mucho tiempo y es laborioso. <\/p>    <p>Por lo tanto, puede equiparse con otros equipos profesionales para formar una l\u00ednea de producci\u00f3n que ahorre tiempo de procesamiento y mejore la calidad de los pellets de pescado. <\/p>    <p class=\"translation-block\">Las m\u00e1quinas incluyen un <a href=\"https:\/\/taizyfarmequipment.com\/product\/hammer-mill-grinder\/\" target=\"_blank\" rel=\"noopener\">trituradora de granos<\/a>, mezcladora, elevador de tornillo, secador, elevador de cubos, enfriador, m\u00e1quina de sazonar, etc. Recomendaremos la combinaci\u00f3n adecuada de l\u00edneas de molino de pellets de alimento para peces seg\u00fan las necesidades espec\u00edficas de nuestros clientes.<\/p>    <figure class=\"wp-block-image size-full\"><img loading=\"lazy\" decoding=\"async\" width=\"720\" height=\"540\" src=\"https:\/\/fishfoodpelletmachine.com\/wp-content\/uploads\/2022\/08\/fish-feed-mill-machine-for-sale.webp\" alt=\"Molino de alimento para peces a la venta\" class=\"wp-image-762\" title=\"\" srcset=\"https:\/\/fishfoodpelletmachine.com\/wp-content\/uploads\/2022\/08\/fish-feed-mill-machine-for-sale.webp 720w, https:\/\/fishfoodpelletmachine.com\/wp-content\/uploads\/2022\/08\/fish-feed-mill-machine-for-sale-300x225.webp 300w\" sizes=\"auto, (max-width: 720px) 100vw, 720px\" \/><figcaption class=\"wp-element-caption\">Molino de alimento para peces a la venta<\/figcaption><\/figure>    <h2 class=\"wp-block-heading\">Se env\u00eda una f\u00e1brica de pellets de pescado a B\u00e9lgica<\/h2>    <p class=\"translation-block\">Nuestro cliente de B\u00e9lgica compr\u00f3 una <a href=\"https:\/\/fishfoodpelletmachine.com\/es\/product\/fish-pellet-making-machine\/\">m\u00e1quina de molino de alimento para peces DGP40<\/a> de nosotros la semana pasada. Tiene varios estanques para criar peces. Su amigo est\u00e1 en la misma industria que \u00e9l y ahora est\u00e1 utilizando el molino de pellets de alimento para peces para hacer alimento. As\u00ed que \u00e9l tambi\u00e9n quer\u00eda hacer sus pellets de alimento para peces. <\/p>    <p>Al buscar, encontr\u00f3 nuestro sitio web y nos envi\u00f3 una consulta. Por eso recomendamos la peletizadora de alimento para peces modelo 40 de acuerdo con el rendimiento que necesita el cliente. Y estaba equipado con motor di\u00e9sel seg\u00fan la situaci\u00f3n del cliente. Una vez confirmada toda la informaci\u00f3n, comenzamos la producci\u00f3n de la m\u00e1quina. <\/p>    <figure class=\"wp-block-gallery has-nested-images columns-default is-cropped wp-block-gallery-2 is-layout-flex wp-block-gallery-is-layout-flex\"> <figure class=\"wp-block-image size-large\"><img loading=\"lazy\" decoding=\"async\" width=\"720\" height=\"540\" data-id=\"358\" src=\"https:\/\/fishfoodpelletmachine.com\/wp-content\/uploads\/2022\/09\/fish-feed-pelletizer-0.webp\" alt=\"paquete de peletizadora de alimento para peces\" class=\"wp-image-358\" title=\"peletizadora de alimento para peces\" srcset=\"https:\/\/fishfoodpelletmachine.com\/wp-content\/uploads\/2022\/09\/fish-feed-pelletizer-0.webp 720w, https:\/\/fishfoodpelletmachine.com\/wp-content\/uploads\/2022\/09\/fish-feed-pelletizer-0-300x225.webp 300w\" sizes=\"auto, (max-width: 720px) 100vw, 720px\" \/><figcaption class=\"wp-element-caption\">Paquete de peletizadora de alimento para peces<\/figcaption><\/figure>    <figure class=\"wp-block-image size-large\"><img loading=\"lazy\" decoding=\"async\" width=\"720\" height=\"540\" data-id=\"360\" src=\"https:\/\/fishfoodpelletmachine.com\/wp-content\/uploads\/2022\/09\/wooden-case-packing-of-the-fish-feed-mill-machine-.webp\" alt=\"Embalaje en caja de madera de la m\u00e1quina trituradora de alimento para peces\" class=\"wp-image-360\" title=\"Embalaje en caja de madera de la m\u00e1quina trituradora de alimento para peces\" srcset=\"https:\/\/fishfoodpelletmachine.com\/wp-content\/uploads\/2022\/09\/wooden-case-packing-of-the-fish-feed-mill-machine-.webp 720w, https:\/\/fishfoodpelletmachine.com\/wp-content\/uploads\/2022\/09\/wooden-case-packing-of-the-fish-feed-mill-machine--300x225.webp 300w\" sizes=\"auto, (max-width: 720px) 100vw, 720px\" \/><figcaption class=\"wp-element-caption\">Embalaje de cajas de madera de la m\u00e1quina trituradora de piensos para peces<\/figcaption><\/figure> <\/figure>    <h2 class=\"wp-block-heading\">Invierta en nuestra m\u00e1quina procesadora de alimentos para peces<\/h2>    <p>En el \u00e1mbito del procesamiento de alimentos, nuestra m\u00e1quina trituradora de alimentos para peces est\u00e1 dise\u00f1ada para ofrecer soluciones superiores para su negocio de acuicultura. Elegir nuestro equipo no s\u00f3lo significa una producci\u00f3n de alimento de alta calidad, sino que tambi\u00e9n representa un compromiso con el \u00e9xito de su negocio.<\/p>    <p>Nuestro equipo profesional est\u00e1 listo para brindarle soporte. Ya sea que tenga necesidades espec\u00edficas o requisitos de personalizaci\u00f3n, le recomendaremos la configuraci\u00f3n de m\u00e1quina m\u00e1s adecuada en funci\u00f3n de sus demandas espec\u00edficas. <\/p>    <p>Cont\u00e1ctenos ahora para obtener m\u00e1s informaci\u00f3n sobre la m\u00e1quina trituradora de alimento para peces y embarcarse en un viaje hacia la producci\u00f3n de alimento personalizado, eficiente y sostenible. Haga clic en el bot\u00f3n de consulta a continuaci\u00f3n para iniciar el camino hacia una pr\u00f3spera empresa acu\u00edcola.<\/p>    <figure class=\"wp-block-gallery has-nested-images columns-default is-cropped wp-block-gallery-3 is-layout-flex wp-block-gallery-is-layout-flex\"> <figure class=\"wp-block-image size-large\"><img loading=\"lazy\" decoding=\"async\" width=\"720\" height=\"540\" data-id=\"763\" src=\"https:\/\/fishfoodpelletmachine.com\/wp-content\/uploads\/2022\/08\/exported-fish-feed-mill-machine.webp\" alt=\"m\u00e1quina exportada del molino de alimento para peces\" class=\"wp-image-763\" title=\"\" srcset=\"https:\/\/fishfoodpelletmachine.com\/wp-content\/uploads\/2022\/08\/exported-fish-feed-mill-machine.webp 720w, https:\/\/fishfoodpelletmachine.com\/wp-content\/uploads\/2022\/08\/exported-fish-feed-mill-machine-300x225.webp 300w\" sizes=\"auto, (max-width: 720px) 100vw, 720px\" \/><figcaption class=\"wp-element-caption\">M\u00e1quina exportada del molino de alimento para peces<\/figcaption><\/figure>    <figure class=\"wp-block-image size-large\"><img loading=\"lazy\" decoding=\"async\" width=\"720\" height=\"540\" data-id=\"764\" src=\"https:\/\/fishfoodpelletmachine.com\/wp-content\/uploads\/2022\/08\/fish-feed-mill-machine-in-stock.webp\" alt=\"Molino de alimento para peces en stock\" class=\"wp-image-764\" title=\"\" srcset=\"https:\/\/fishfoodpelletmachine.com\/wp-content\/uploads\/2022\/08\/fish-feed-mill-machine-in-stock.webp 720w, https:\/\/fishfoodpelletmachine.com\/wp-content\/uploads\/2022\/08\/fish-feed-mill-machine-in-stock-300x225.webp 300w\" sizes=\"auto, (max-width: 720px) 100vw, 720px\" \/><figcaption class=\"wp-element-caption\">M\u00e1quina de molino de alimento para peces en stock<\/figcaption><\/figure> <\/figure>","protected":false},"excerpt":{"rendered":"<p>La m\u00e1quina procesadora de alimento para peces DGP70-B tiene una mayor producci\u00f3n y di\u00e1metro de tornillo. Por lo tanto, es adecuado para fabricantes de pellets de pescado peque\u00f1os, medianos y grandes. <\/p>","protected":false},"author":1,"featured_media":353,"parent":0,"template":"","tags":[23,24,25],"product-type":[5],"class_list":["post-62","product","type-product","status-publish","has-post-thumbnail","hentry","tag-fish-feed-mill-machine","tag-fish-pellet-making-machine","tag-small-fish-feed-pellet-machine","product-type-fish-feed-pellet-machine"],"_links":{"self":[{"href":"https:\/\/fishfoodpelletmachine.com\/es\/wp-json\/wp\/v2\/product\/62","targetHints":{"allow":["GET"]}}],"collection":[{"href":"https:\/\/fishfoodpelletmachine.com\/es\/wp-json\/wp\/v2\/product"}],"about":[{"href":"https:\/\/fishfoodpelletmachine.com\/es\/wp-json\/wp\/v2\/types\/product"}],"author":[{"embeddable":true,"href":"https:\/\/fishfoodpelletmachine.com\/es\/wp-json\/wp\/v2\/users\/1"}],"wp:featuredmedia":[{"embeddable":true,"href":"https:\/\/fishfoodpelletmachine.com\/es\/wp-json\/wp\/v2\/media\/353"}],"wp:attachment":[{"href":"https:\/\/fishfoodpelletmachine.com\/es\/wp-json\/wp\/v2\/media?parent=62"}],"wp:term":[{"taxonomy":"post_tag","embeddable":true,"href":"https:\/\/fishfoodpelletmachine.com\/es\/wp-json\/wp\/v2\/tags?post=62"},{"taxonomy":"product-type","embeddable":true,"href":"https:\/\/fishfoodpelletmachine.com\/es\/wp-json\/wp\/v2\/product-type?post=62"}],"curies":[{"name":"wp","href":"https:\/\/api.w.org\/{rel}","templated":true}]}}