{"id":81,"date":"2022-08-02T07:15:39","date_gmt":"2022-08-02T07:15:39","guid":{"rendered":"https:\/\/fishfoodpelletmachine.com\/?post_type=product&#038;p=81"},"modified":"2024-06-06T10:13:11","modified_gmt":"2024-06-06T02:13:11","slug":"fish-feed-pelletizer","status":"publish","type":"product","link":"https:\/\/fishfoodpelletmachine.com\/es\/product\/fish-feed-pelletizer\/","title":{"rendered":"Peletizadora de alimento para peces | Extrusora flotante de alimento para peces"},"content":{"rendered":"<p>El peletizador de alimento para peces es el ep\u00edtome de la precisi\u00f3n y eficiencia en la producci\u00f3n de alimento nutricionalmente equilibrado para especies acu\u00e1ticas. Esta m\u00e1quina de vanguardia ocupa un lugar central en la industria de la acuicultura y ofrece un enfoque perfecto y personalizado para transformar materias primas en pellets de alta calidad.<\/p>    <p>Dise\u00f1ado para satisfacer los requisitos nutricionales espec\u00edficos de varias especies de peces, el peletizador de alimento para peces establece un nuevo est\u00e1ndar para el procesamiento de alimentos, garantizando consistencia, calidad y crecimiento \u00f3ptimo en operaciones acu\u00edcolas de todas las escalas.<\/p>    <figure class=\"wp-block-embed is-type-video is-provider-youtube wp-block-embed-youtube wp-embed-aspect-16-9 wp-has-aspect-ratio\"><div class=\"wp-block-embed__wrapper\"> <iframe loading=\"lazy\" title=\"Transformando granjas: \u00a1El impacto de nuestra m\u00e1quina peletizadora de pienso en la nutrici\u00f3n del ganado! #feedpelletmachine\" width=\"500\" height=\"281\" src=\"https:\/\/www.youtube.com\/embed\/EmfAHr_INNg?feature=oembed\" frameborder=\"0\" allow=\"accelerometer; autoplay; clipboard-write; encrypted-media; gyroscope; picture-in-picture; web-share\" referrerpolicy=\"strict-origin-when-cross-origin\" allowfullscreen><\/iframe> <\/div><figcaption class=\"wp-element-caption\">Proceso de trabajo de la m\u00e1quina trituradora de piensos para peces.<\/figcaption><\/figure>    <h2 class=\"wp-block-heading\" id=\"h-what-s-the-fish-feed-pelletizer-s-structure\">\u00bfCu\u00e1l es la estructura del peletizador de alimento para peces?<\/h2>    <p>El peletizador de alimento para peces contiene principalmente una tolva, un panel de control, una caja el\u00e9ctrica, un sistema de calefacci\u00f3n, un motor de cuchilla cortadora, una cuchilla cortadora, etc. <\/p>    <p>Toda la m\u00e1quina es simple, compacta, ocupa poco espacio y es f\u00e1cil de operar.<\/p>    <figure class=\"wp-block-image size-full\"><img loading=\"lazy\" decoding=\"async\" width=\"720\" height=\"540\" src=\"https:\/\/fishfoodpelletmachine.com\/wp-content\/uploads\/2022\/09\/structure-of-the-fish-feed-pelletizer-.webp\" alt=\"Estructura del peletizador de alimento para peces.\" class=\"wp-image-365\" title=\"Estructura del peletizador de alimento para peces.\" srcset=\"https:\/\/fishfoodpelletmachine.com\/wp-content\/uploads\/2022\/09\/structure-of-the-fish-feed-pelletizer-.webp 720w, https:\/\/fishfoodpelletmachine.com\/wp-content\/uploads\/2022\/09\/structure-of-the-fish-feed-pelletizer--300x225.webp 300w\" sizes=\"auto, (max-width: 720px) 100vw, 720px\" \/><figcaption class=\"wp-element-caption\">Estructura del peletizador de alimento para peces<\/figcaption><\/figure>    <h2 class=\"wp-block-heading\">\u00bfPor qu\u00e9 utilizar la extrusora de alimento flotante para peces?<\/h2>    <ul class=\"wp-block-list\"> <li>El calor generado por la extrusora flotante de alimento para peces en el proceso de granulaci\u00f3n puede romper el almid\u00f3n de la materia prima, haciendo que el material alimenticio sea m\u00e1s digerible.<\/li>    <li>El alimento procesado por un peletizador de alimento para peces no es f\u00e1cil de estratificar, lo que puede reducir el desperdicio de alimento. Tambi\u00e9n puede mejorar la palatabilidad del alimento y acortar el tiempo de alimentaci\u00f3n.<\/li>    <li>El peletizador de alimento para peces puede matar algunas bacterias pat\u00f3genas y la mayor\u00eda de los virus en el proceso de inflado y calentamiento, reduciendo as\u00ed el nivel de toxinas en las materias primas del alimento para peces.<\/li>    <li>Las m\u00e1quinas infladoras de alimento para peces pueden producir diferentes tama\u00f1os y formas de diferentes alimentos acu\u00e1ticos.<\/li>    <li>El alimento producido por la m\u00e1quina productora de alimentos para peces no es fr\u00e1gil, por lo que puede reducir la cantidad de finos producidos durante el transporte.<\/li> <\/ul>    <figure class=\"wp-block-gallery has-nested-images columns-default is-cropped wp-block-gallery-2 is-layout-flex wp-block-gallery-is-layout-flex\"> <figure class=\"wp-block-image size-large\"><img loading=\"lazy\" decoding=\"async\" width=\"720\" height=\"540\" data-id=\"362\" src=\"https:\/\/fishfoodpelletmachine.com\/wp-content\/uploads\/2022\/09\/floating-fish-feed-extruder.webp\" alt=\"extrusora flotante de alimento para peces\" class=\"wp-image-362\" title=\"extrusora flotante de alimento para peces\" srcset=\"https:\/\/fishfoodpelletmachine.com\/wp-content\/uploads\/2022\/09\/floating-fish-feed-extruder.webp 720w, https:\/\/fishfoodpelletmachine.com\/wp-content\/uploads\/2022\/09\/floating-fish-feed-extruder-300x225.webp 300w\" sizes=\"auto, (max-width: 720px) 100vw, 720px\" \/><figcaption class=\"wp-element-caption\">Extrusora flotante de alimento para peces<\/figcaption><\/figure>    <figure class=\"wp-block-image size-large\"><img loading=\"lazy\" decoding=\"async\" width=\"720\" height=\"540\" data-id=\"363\" src=\"https:\/\/fishfoodpelletmachine.com\/wp-content\/uploads\/2022\/09\/Fish-feed-pelletizer-1-1.webp\" alt=\"Venta de peletizadora de alimento para peces\" class=\"wp-image-363\" title=\"Peletizadora de alimento para peces\" srcset=\"https:\/\/fishfoodpelletmachine.com\/wp-content\/uploads\/2022\/09\/Fish-feed-pelletizer-1-1.webp 720w, https:\/\/fishfoodpelletmachine.com\/wp-content\/uploads\/2022\/09\/Fish-feed-pelletizer-1-1-300x225.webp 300w\" sizes=\"auto, (max-width: 720px) 100vw, 720px\" \/><figcaption class=\"wp-element-caption\">Peletizadora de alimento para peces a la venta<\/figcaption><\/figure> <\/figure>    <h2 class=\"wp-block-heading\">Ventajas clave de la peletizadora de alimento para peces<\/h2>    <ol class=\"wp-block-list\"> <li>Conversi\u00f3n Eficiente del Alimento: El equipo asegura la transformaci\u00f3n efectiva de las materias primas en pellets de primera calidad, maximizando el valor nutricional del alimento.<\/li>    <li>Personalizaci\u00f3n de formulaciones de alimentos: los usuarios tienen la flexibilidad de adaptar f\u00e1cilmente las formulaciones de alimentos para satisfacer las necesidades nutricionales espec\u00edficas de diversas especies de peces y etapas de crecimiento, optimizando la salud y el desarrollo generales.<\/li>    <li>Calidad constante de los pellets: la m\u00e1quina mantiene la consistencia en el tama\u00f1o, la forma y la densidad de los pellets, lo que garantiza una calidad uniforme del alimento y fomenta una nutrici\u00f3n bien equilibrada para las especies acu\u00e1ticas.<\/li>    <li>Retenci\u00f3n de nutrientes mejorada: a trav\u00e9s de su proceso de extrusi\u00f3n, la m\u00e1quina salvaguarda la integridad nutricional de los ingredientes del alimento, lo que resulta en una mayor retenci\u00f3n de nutrientes y una mejor absorci\u00f3n por parte de los peces.<\/li>    <li>Producci\u00f3n higi\u00e9nica y est\u00e9ril: la producci\u00f3n de pellets que implica un procesamiento a alta temperatura esteriliza el alimento, mitigando el riesgo de enfermedades y contaminantes en ambientes acu\u00e1ticos.<\/li>    <li>Rentabilidad y productividad: al optimizar el proceso de producci\u00f3n de piensos, la m\u00e1quina contribuye a operaciones rentables y optimizadas, mejorando la productividad de las empresas acu\u00edcolas de diferentes escalas.<\/li> <\/ol>    <figure class=\"wp-block-image size-full\"><img loading=\"lazy\" decoding=\"async\" width=\"720\" height=\"540\" src=\"https:\/\/fishfoodpelletmachine.com\/wp-content\/uploads\/2022\/08\/fish-feed-pellet-machine.webp\" alt=\"peletizadora de alimento para peces\" class=\"wp-image-756\" title=\"\" srcset=\"https:\/\/fishfoodpelletmachine.com\/wp-content\/uploads\/2022\/08\/fish-feed-pellet-machine.webp 720w, https:\/\/fishfoodpelletmachine.com\/wp-content\/uploads\/2022\/08\/fish-feed-pellet-machine-300x225.webp 300w\" sizes=\"auto, (max-width: 720px) 100vw, 720px\" \/><figcaption class=\"wp-element-caption\">M\u00e1quina de pellets de alimentaci\u00f3n para peces<\/figcaption><\/figure>    <h2 class=\"wp-block-heading\">Especificaciones t\u00e9cnicas de la peletizadora de alimento para peces. <\/h2>    <figure class=\"wp-block-table\"><table><tbody><tr><td>Modelo<\/td><td>DGP80-B<\/td><\/tr><tr><td>Capacidad (t\/h)<\/td><td>0.2-0.3<\/td><\/tr><tr><td>Potencia principal (kW)<\/td><td>22<\/td><\/tr><tr><td>Potencia de alimentaci\u00f3n (kW)<\/td><td>0.6<\/td><\/tr><tr><td>Di\u00e1metro espiral (mm)<\/td><td>\u03c680<\/td><\/tr><tr><td>Potencia de corte (kW)<\/td><td>0.6<\/td><\/tr><tr><td>Tama\u00f1o (mm)<\/td><td>1800*1450*1300<\/td><\/tr><tr><td>Peso (kg)<\/td><td>695<\/td><\/tr><\/tbody><\/table><figcaption class=\"wp-element-caption\">Par\u00e1metros de la f\u00e1brica de pellets de alimento para peces<\/figcaption><\/figure>    <figure class=\"wp-block-image size-full\"><img loading=\"lazy\" decoding=\"async\" width=\"720\" height=\"540\" src=\"https:\/\/fishfoodpelletmachine.com\/wp-content\/uploads\/2023\/07\/Fish-feed-pellet-making-machine-.webp\" alt=\"M\u00e1quina para fabricar pellets de alimento para peces\" class=\"wp-image-655\" title=\"\" srcset=\"https:\/\/fishfoodpelletmachine.com\/wp-content\/uploads\/2023\/07\/Fish-feed-pellet-making-machine-.webp 720w, https:\/\/fishfoodpelletmachine.com\/wp-content\/uploads\/2023\/07\/Fish-feed-pellet-making-machine--300x225.webp 300w\" sizes=\"auto, (max-width: 720px) 100vw, 720px\" \/><figcaption class=\"wp-element-caption\">M\u00e1quina para fabricar pellets de alimento para peces<\/figcaption><\/figure>    <h2 class=\"wp-block-heading\">M\u00e1quina de pellets flotante para alimento de peces enviada a Ghana<\/h2>    <p>Nuestro cliente de Ghana, que se dedica a la cr\u00eda de peces, necesita una m\u00e1quina para fabricar una f\u00e1brica de pellets flotante para alimento para peces. <\/p>    <p class=\"translation-block\">\u00c9l est\u00e1 criando 20,000 peces. Necesita 1500-2000 kg de pellet de alimento para peces por d\u00eda. Bas\u00e1ndonos en las necesidades del cliente recomendamos la <a href=\"https:\/\/fishfoodpelletmachine.com\/es\/product\/fish-feed-mill-machine\/\">DGP70-B m\u00e1quina de molino de alimento para peces<\/a>. La salida de la m\u00e1quina de alimento para peces flotante es 0.18-0.20t\/h. <\/p>    <p>Al cliente le preocupa que la m\u00e1quina deba funcionar con un motor di\u00e9sel. Entonces nuestro gerente de ventas proporcion\u00f3 el PI del motor di\u00e9sel al cliente, y el cliente qued\u00f3 satisfecho con todos los aspectos y decidi\u00f3 pagar. Y enviaremos 6 moldes al cliente. <\/p>    <p>Luego confirmamos el puerto de Tema al cliente. Inmediatamente despu\u00e9s de fabricar la peletizadora de alimento para peces, acordamos enviar la m\u00e1quina al puerto de Tema.<\/p>    <figure class=\"wp-block-gallery has-nested-images columns-default is-cropped wp-block-gallery-3 is-layout-flex wp-block-gallery-is-layout-flex\"> <figure class=\"wp-block-image size-large\"><img loading=\"lazy\" decoding=\"async\" width=\"720\" height=\"540\" data-id=\"367\" src=\"https:\/\/fishfoodpelletmachine.com\/wp-content\/uploads\/2022\/09\/fish-feed-pelleting-machine-.webp\" alt=\"M\u00e1quina granuladora de alimento para peces a buen precio\" class=\"wp-image-367\" title=\"m\u00e1quina granuladora de alimento para peces\" srcset=\"https:\/\/fishfoodpelletmachine.com\/wp-content\/uploads\/2022\/09\/fish-feed-pelleting-machine-.webp 720w, https:\/\/fishfoodpelletmachine.com\/wp-content\/uploads\/2022\/09\/fish-feed-pelleting-machine--300x225.webp 300w\" sizes=\"auto, (max-width: 720px) 100vw, 720px\" \/><figcaption class=\"wp-element-caption\">M\u00e1quina granuladora de alimento para peces a buen precio<\/figcaption><\/figure>    <figure class=\"wp-block-image size-large\"><img loading=\"lazy\" decoding=\"async\" width=\"720\" height=\"540\" data-id=\"369\" src=\"https:\/\/fishfoodpelletmachine.com\/wp-content\/uploads\/2022\/09\/floating-fish-feed-extruder1.webp\" alt=\"extrusora de alimento para peces flotante exportada\" class=\"wp-image-369\" title=\"extrusora flotante de alimento para peces\" srcset=\"https:\/\/fishfoodpelletmachine.com\/wp-content\/uploads\/2022\/09\/floating-fish-feed-extruder1.webp 720w, https:\/\/fishfoodpelletmachine.com\/wp-content\/uploads\/2022\/09\/floating-fish-feed-extruder1-300x225.webp 300w\" sizes=\"auto, (max-width: 720px) 100vw, 720px\" \/><figcaption class=\"wp-element-caption\">Extrusora de alimento para peces flotante exportada<\/figcaption><\/figure> <\/figure>    <h2 class=\"wp-block-heading\">\u00bfC\u00f3mo operar la m\u00e1quina flotante de alimentaci\u00f3n para peces de forma segura?<\/h2>   <div id=\"rank-math-howto\" class=\"rank-math-block\" > <div class=\"rank-math-howto-description\">  <\/div>  <div class=\"rank-math-steps\"> <div id=\"howto-step-1704964502468\" class=\"rank-math-step\"> <h3 class=\"rank-math-step-title\"><strong>Advertencia de seguridad<\/strong><\/h3> <div class=\"rank-math-step-content\"><p>Cuando los peces alimentan el material de salida del peletizador, el puerto de descarga de la m\u00e1quina de inflado frente a las personas tiene prohibido permanecer de pie.<\/p> <\/div> <\/div> <div id=\"howto-step-1704964520421\" class=\"rank-math-step\"> <h3 class=\"rank-math-step-title\"><strong>Ropa protectora<\/strong><\/h3> <div class=\"rank-math-step-content\"><p>Los operadores deben usar guantes resistentes a altas temperaturas para evitar quemaduras.<\/p> <\/div> <\/div> <div id=\"howto-step-1704964540221\" class=\"rank-math-step\"> <h3 class=\"rank-math-step-title\"><strong>Preparaci\u00f3n del equipo<\/strong><\/h3> <div class=\"rank-math-step-content\"><p>Antes de iniciar el peletizador de alimento para peces, se debe confirmar que se hayan retirado las herramientas y otros elementos de la m\u00e1quina infladora.<\/p> <\/div> <\/div> <div id=\"howto-step-1704964562548\" class=\"rank-math-step\"> <h3 class=\"rank-math-step-title\"><strong>Inspecci\u00f3n regular<\/strong><\/h3> <div class=\"rank-math-step-content\"><p>Durante la operaci\u00f3n del equipo, el operador a menudo debe inspeccionar toda la operaci\u00f3n de la unidad y detectar anormalidades a tiempo para realizar ajustes.<\/p> <\/div> <\/div> <div id=\"howto-step-1704964571042\" class=\"rank-math-step\"> <h3 class=\"rank-math-step-title\"><strong>Apagado seguro<\/strong><\/h3> <div class=\"rank-math-step-content\"><p>Despu\u00e9s de la parada, el desmontaje de la caja de descarga evita la presi\u00f3n interna de modo que el material inflado junto con la caja de descarga se eliminan por lavado.<\/p> <\/div> <\/div> <\/div> <\/div>       <figure class=\"wp-block-gallery has-nested-images columns-default is-cropped wp-block-gallery-4 is-layout-flex wp-block-gallery-is-layout-flex\"> <figure class=\"wp-block-image size-large\"><img loading=\"lazy\" decoding=\"async\" width=\"720\" height=\"540\" data-id=\"371\" src=\"https:\/\/fishfoodpelletmachine.com\/wp-content\/uploads\/2022\/09\/fish-food-pellet-mill-.webp\" alt=\"molino de pellets para alimento para peces\" class=\"wp-image-371\" title=\"molino de pellets para alimento para peces\" srcset=\"https:\/\/fishfoodpelletmachine.com\/wp-content\/uploads\/2022\/09\/fish-food-pellet-mill-.webp 720w, https:\/\/fishfoodpelletmachine.com\/wp-content\/uploads\/2022\/09\/fish-food-pellet-mill--300x225.webp 300w\" sizes=\"auto, (max-width: 720px) 100vw, 720px\" \/><figcaption class=\"wp-element-caption\">Molino de pellets de alimento para peces<\/figcaption><\/figure>    <figure class=\"wp-block-image size-large\"><img loading=\"lazy\" decoding=\"async\" width=\"720\" height=\"540\" data-id=\"373\" src=\"https:\/\/fishfoodpelletmachine.com\/wp-content\/uploads\/2022\/09\/floating-fish-feed-making-machine-.webp\" alt=\"m\u00e1quina para fabricar alimentos flotantes para peces\" class=\"wp-image-373\" title=\"m\u00e1quina para fabricar alimentos flotantes para peces\" srcset=\"https:\/\/fishfoodpelletmachine.com\/wp-content\/uploads\/2022\/09\/floating-fish-feed-making-machine-.webp 720w, https:\/\/fishfoodpelletmachine.com\/wp-content\/uploads\/2022\/09\/floating-fish-feed-making-machine--300x225.webp 300w\" sizes=\"auto, (max-width: 720px) 100vw, 720px\" \/><figcaption class=\"wp-element-caption\">M\u00e1quina para fabricar alimentos flotantes para peces<\/figcaption><\/figure> <\/figure>    <h2 class=\"wp-block-heading\">Preguntas frecuentes sobre la m\u00e1quina para fabricar pellets de pescado<\/h2>   <div id=\"rank-math-faq\" class=\"rank-math-block\"> <div class=\"rank-math-list\"> <div id=\"faq-question-1704964769197\" class=\"rank-math-list-item\"> <h3 class=\"rank-math-question\">Materiales hinchados cuando el tubo de descarga no descarga. <\/h3> <div class=\"rank-math-answer\">  <p class=\"translation-block\"><strong>Raz\u00f3n: <\/strong>la configuraci\u00f3n es demasiado ajustada, ajustar la holgura c\u00f3nica entre el tap\u00f3n y el cono de la bala es demasiado peque\u00f1o.<br \/><strong>M\u00e9todo:<\/strong> Afloje el tornillo, apriete el tap\u00f3n de ajuste de nuevo a 3-4 giros y reemplace el tap\u00f3n de aire.<\/p>  <\/div> <\/div> <div id=\"faq-question-1704964787268\" class=\"rank-math-list-item\"> <h3 class=\"rank-math-question\">La temperatura de inflaci\u00f3n no puede cumplir con los requisitos especificados. <\/h3> <div class=\"rank-math-answer\">  <p class=\"translation-block\"><strong>Raz\u00f3n:<\/strong> La configuraci\u00f3n de la mangas resistente al desgaste del pelletizador de alimento para peces no es adecuada, las piezas de desgaste est\u00e1n serias.<br \/><strong>M\u00e9todo: <\/strong>Vuelva a configurar la manga resistente al desgaste; reemplace las piezas de desgaste.<\/p>  <\/div> <\/div> <div id=\"faq-question-1704964813532\" class=\"rank-math-list-item\"> <h3 class=\"rank-math-question\">La temperatura de inflaci\u00f3n no es estable. <\/h3> <div class=\"rank-math-answer\">  <p class=\"translation-block\"><strong>Raz\u00f3n:<\/strong> Material pringoso en el tolva de alimentaci\u00f3n, el volumen de alimentaci\u00f3n es inestable.<br \/><strong>M\u00e9todo: <\/strong>Revise la tolva y la torniller\u00eda.<\/p>  <\/div> <\/div> <div id=\"faq-question-1704964833179\" class=\"rank-math-list-item\"> <h3 class=\"rank-math-question\">De repente no hay material despu\u00e9s del funcionamiento normal. <\/h3> <div class=\"rank-math-answer\">  <p class=\"translation-block\"><strong>Raz\u00f3n:<\/strong> El orificio de descarga del pelletizador de alimento para peces est\u00e1 bloqueado por metal y otros objetos extra\u00f1os.<br \/><strong>M\u00e9todo:<\/strong> Pare la m\u00e1quina y limpie el orificio de descarga.<\/p>  <\/div> <\/div> <div id=\"faq-question-1704964851676\" class=\"rank-math-list-item\"> <h3 class=\"rank-math-question\">Espray de material posterior. Alimentar demasiado r\u00e1pido, demasiado en el peletizador de alimento para peces.<\/h3> <div class=\"rank-math-answer\">  <p class=\"translation-block\"><strong>Raz\u00f3n:<\/strong> El material no se descarga suavemente y se bloquea.<br \/><strong>M\u00e9todo: <\/strong>Controle la velocidad de alimentaci\u00f3n. Seg\u00fan el material procesado vuelva a leerjustar las piezas de extrusi\u00f3n y expansi\u00f3n.<\/p>  <\/div> <\/div> <\/div> <\/div>   <figure class=\"wp-block-image size-full\"><img loading=\"lazy\" decoding=\"async\" width=\"720\" height=\"540\" src=\"https:\/\/fishfoodpelletmachine.com\/wp-content\/uploads\/2022\/08\/fish-feed-making-machine-for-sale.webp\" alt=\"M\u00e1quina para fabricar alimentos para peces a la venta\" class=\"wp-image-757\" title=\"\" srcset=\"https:\/\/fishfoodpelletmachine.com\/wp-content\/uploads\/2022\/08\/fish-feed-making-machine-for-sale.webp 720w, https:\/\/fishfoodpelletmachine.com\/wp-content\/uploads\/2022\/08\/fish-feed-making-machine-for-sale-300x225.webp 300w\" sizes=\"auto, (max-width: 720px) 100vw, 720px\" \/><figcaption class=\"wp-element-caption\">M\u00e1quina para fabricar alimentos para peces a la venta<\/figcaption><\/figure>    <h2 class=\"wp-block-heading\">Cont\u00e1ctenos<\/h2>    <p class=\"translation-block\">A medida que inicias tu viaje acu\u00edcola, nuestro <a href=\"https:\/\/taizyfarmequipment.com\/product\/fish-feed-pelleting-machine\/\" data-type=\"link\" data-id=\"https:\/\/taizyfarmequipment.com\/product\/fish-feed-pelleting-machine\/\" target=\"_blank\" rel=\"noopener\">Extrusora de alimento para peces flotante<\/a> est\u00e1 lista para ser tu compa\u00f1ero de confianza, impulsando tu negocio a nuevas alturas. Con su notable flotabilidad, producci\u00f3n de alimento eficiente y notable adaptabilidad, emerge como un jugador destacado en el mercado ferozmente competitivo.<\/p>    <p>\u00a1Cont\u00e1ctenos ahora para desbloquear un nuevo potencial en la acuicultura! Esperamos poder brindarle soluciones personalizadas para satisfacer sus necesidades comerciales en constante crecimiento. Haga clic en el bot\u00f3n de consulta a continuaci\u00f3n para conectarse con nuestro equipo dedicado y allanar el camino para un futuro pr\u00f3spero.<\/p>    <figure class=\"wp-block-image size-full\"><img loading=\"lazy\" decoding=\"async\" width=\"720\" height=\"540\" src=\"https:\/\/fishfoodpelletmachine.com\/wp-content\/uploads\/2022\/08\/automatic-fish-feed-pelletizer.webp\" alt=\"peletizadora autom\u00e1tica de alimento para peces\" class=\"wp-image-758\" title=\"\" srcset=\"https:\/\/fishfoodpelletmachine.com\/wp-content\/uploads\/2022\/08\/automatic-fish-feed-pelletizer.webp 720w, https:\/\/fishfoodpelletmachine.com\/wp-content\/uploads\/2022\/08\/automatic-fish-feed-pelletizer-300x225.webp 300w\" sizes=\"auto, (max-width: 720px) 100vw, 720px\" \/><figcaption class=\"wp-element-caption\">Peletizadora autom\u00e1tica de alimento para peces<\/figcaption><\/figure>","protected":false},"excerpt":{"rendered":"<p>El peletizador de alimento para peces es el ep\u00edtome de la precisi\u00f3n y eficiencia en la producci\u00f3n de alimento nutricionalmente equilibrado para especies acu\u00e1ticas. <\/p>","protected":false},"author":1,"featured_media":361,"parent":0,"template":"","tags":[18,22,21],"product-type":[5],"class_list":["post-81","product","type-product","status-publish","has-post-thumbnail","hentry","tag-fish-feed-pellet-machine","tag-fish-feed-pelletizer","tag-floating-fish-feed-extruder","product-type-fish-feed-pellet-machine"],"_links":{"self":[{"href":"https:\/\/fishfoodpelletmachine.com\/es\/wp-json\/wp\/v2\/product\/81","targetHints":{"allow":["GET"]}}],"collection":[{"href":"https:\/\/fishfoodpelletmachine.com\/es\/wp-json\/wp\/v2\/product"}],"about":[{"href":"https:\/\/fishfoodpelletmachine.com\/es\/wp-json\/wp\/v2\/types\/product"}],"author":[{"embeddable":true,"href":"https:\/\/fishfoodpelletmachine.com\/es\/wp-json\/wp\/v2\/users\/1"}],"wp:featuredmedia":[{"embeddable":true,"href":"https:\/\/fishfoodpelletmachine.com\/es\/wp-json\/wp\/v2\/media\/361"}],"wp:attachment":[{"href":"https:\/\/fishfoodpelletmachine.com\/es\/wp-json\/wp\/v2\/media?parent=81"}],"wp:term":[{"taxonomy":"post_tag","embeddable":true,"href":"https:\/\/fishfoodpelletmachine.com\/es\/wp-json\/wp\/v2\/tags?post=81"},{"taxonomy":"product-type","embeddable":true,"href":"https:\/\/fishfoodpelletmachine.com\/es\/wp-json\/wp\/v2\/product-type?post=81"}],"curies":[{"name":"wp","href":"https:\/\/api.w.org\/{rel}","templated":true}]}}