{"id":956,"date":"2025-07-31T09:31:35","date_gmt":"2025-07-31T01:31:35","guid":{"rendered":"https:\/\/fishfoodpelletmachine.com\/?post_type=product&#038;p=956"},"modified":"2025-08-01T09:33:44","modified_gmt":"2025-08-01T01:33:44","slug":"animal-feed-pellet-making-machine","status":"publish","type":"product","link":"https:\/\/fishfoodpelletmachine.com\/es\/product\/animal-feed-pellet-making-machine\/","title":{"rendered":"M\u00e1quina de fabricaci\u00f3n de pellets de alimento para animales para aves de corral"},"content":{"rendered":"<p>La m\u00e1quina para hacer pellets de alimento animal se utiliza principalmente para procesar pellets de comida para pollos, patos, vacas y otros animales. El tama\u00f1o de los pellets es uniforme y la superficie es lisa. El di\u00e1metro de los pellets se puede dividir en: \u03c62, \u03c62.5, \u03c63, \u03c63.5, \u03c64, \u03c65, \u03c66, \u03c67, \u03c68, etc. Tiene una alta eficiencia de procesamiento con una capacidad de procesamiento de 120-1200 kg\/h.<\/p>    <p>El molino de pellets de alimentaci\u00f3n es principalmente adecuado para la agricultura rural, granjas de cerdos y otras familias y peque\u00f1as granjas. Hay muchos tipos de materias primas disponibles, como aserr\u00edn, c\u00e1scaras de arroz, tallos de algod\u00f3n, c\u00e1scaras de semillas de algod\u00f3n, salvado de trigo, todo tipo de harina de cereales, etc.<\/p>    <figure class=\"wp-block-embed is-type-video is-provider-youtube wp-block-embed-youtube wp-embed-aspect-16-9 wp-has-aspect-ratio\"><div class=\"wp-block-embed__wrapper\"> <iframe loading=\"lazy\" title=\"M\u00e1quina de fabricaci\u00f3n de pellets de alimento animal | C\u00f3mo funciona la m\u00e1quina de fabricaci\u00f3n de pellets de alimento animal?#feedpelletmachine\" width=\"500\" height=\"281\" src=\"https:\/\/www.youtube.com\/embed\/RGDEkrAa6dg?feature=oembed\" frameborder=\"0\" allow=\"accelerometer; autoplay; clipboard-write; encrypted-media; gyroscope; picture-in-picture; web-share\" referrerpolicy=\"strict-origin-when-cross-origin\" allowfullscreen><\/iframe> <\/div><figcaption class=\"wp-element-caption\">el proceso de trabajo de la m\u00e1quina de pellets de alimentaci\u00f3n<\/figcaption><\/figure>    <h2 class=\"wp-block-heading\"><strong>Modelos de molinos de pellets de alimentaci\u00f3n y sus par\u00e1metros<\/strong><\/h2>    <p>Las m\u00e1quinas para fabricar pellets de alimento animal vienen en diferentes modelos con diferentes capacidades de producci\u00f3n para satisfacer diversas necesidades. Entre ellas, los modelos KL-150 y KL-210 son los m\u00e1s vendidos, y son muy populares entre los clientes. Estos dos modelos satisfacen las necesidades de la mayor\u00eda de las escalas de producci\u00f3n.<\/p>    <figure class=\"wp-block-table\"><table class=\"has-fixed-layout\"><tbody><tr><td class=\"has-text-align-center\" data-align=\"center\">Modelo<\/td><td class=\"has-text-align-center\" data-align=\"center\">Fuerza<\/td><td class=\"has-text-align-center\" data-align=\"center\">Peso<\/td><td class=\"has-text-align-center\" data-align=\"center\">Tama\u00f1o<\/td><td class=\"has-text-align-center\" data-align=\"center\">Capacidad<\/td><\/tr><tr><td class=\"has-text-align-center\" data-align=\"center\">KL-120<\/td><td class=\"has-text-align-center\" data-align=\"center\">3kW<\/td><td class=\"has-text-align-center\" data-align=\"center\">100kg<\/td><td class=\"has-text-align-center\" data-align=\"center\">0.75*0.32*0.61m<\/td><td class=\"has-text-align-center\" data-align=\"center\">120kg\/h<\/td><\/tr><tr><td class=\"has-text-align-center\" data-align=\"center\">KL-150<\/td><td class=\"has-text-align-center\" data-align=\"center\">3kW<\/td><td class=\"has-text-align-center\" data-align=\"center\">190kg<\/td><td class=\"has-text-align-center\" data-align=\"center\">0.75*0.35*0.65m<\/td><td class=\"has-text-align-center\" data-align=\"center\">150kg\/hora<\/td><\/tr><tr><td class=\"has-text-align-center\" data-align=\"center\">KL-210<\/td><td class=\"has-text-align-center\" data-align=\"center\">7,5 kw<\/td><td class=\"has-text-align-center\" data-align=\"center\">230kg<\/td><td class=\"has-text-align-center\" data-align=\"center\">1.0*0.45*0.96m<\/td><td class=\"has-text-align-center\" data-align=\"center\">400kg\/h<\/td><\/tr><tr><td class=\"has-text-align-center\" data-align=\"center\">KL-260<\/td><td class=\"has-text-align-center\" data-align=\"center\">15kW<\/td><td class=\"has-text-align-center\" data-align=\"center\">360kg<\/td><td class=\"has-text-align-center\" data-align=\"center\">1.46*0.46*1.15m<\/td><td class=\"has-text-align-center\" data-align=\"center\">800kg\/h<\/td><\/tr><tr><td class=\"has-text-align-center\" data-align=\"center\">KL-300<\/td><td class=\"has-text-align-center\" data-align=\"center\">22kw<\/td><td class=\"has-text-align-center\" data-align=\"center\">450kg<\/td><td class=\"has-text-align-center\" data-align=\"center\">1.06*0.57*1.15m<\/td><td class=\"has-text-align-center\" data-align=\"center\">1000-1200kg\/h<\/td><\/tr><\/tbody><\/table><figcaption class=\"wp-element-caption\"><strong>modelos de molinos de pellets de alimentaci\u00f3n y sus par\u00e1metros<\/strong><\/figcaption><\/figure>    <h2 class=\"wp-block-heading\"><strong>Materias primas y aplicaciones de la m\u00e1quina para hacer pellets de alimento.<\/strong><\/h2>    <p>Materias primas para la m\u00e1quina de hacer pellets de alimento animal: varias harinas de grano, alfalfa, tallos de ma\u00edz, salvado de arroz, c\u00e1scaras de semillas de algod\u00f3n, salvado de trigo, etc.<\/p>    <p>Aplicaci\u00f3n de la m\u00e1quina de molienda de pellets de alimento: puede procesar las materias primas en varios alimentos para animales como pollo, pato, vaca, cerdo, etc.<\/p>   <div class=\"wp-block-image\"> <figure class=\"aligncenter size-full\"><img loading=\"lazy\" decoding=\"async\" width=\"720\" height=\"540\" src=\"https:\/\/fishfoodpelletmachine.com\/wp-content\/uploads\/2025\/07\/feed-pellet-making-.webp\" alt=\" las materias primas y los productos terminados de la m\u00e1quina de pellets de alimento\" class=\"wp-image-961\" title=\"\" srcset=\"https:\/\/fishfoodpelletmachine.com\/wp-content\/uploads\/2025\/07\/feed-pellet-making-.webp 720w, https:\/\/fishfoodpelletmachine.com\/wp-content\/uploads\/2025\/07\/feed-pellet-making--300x225.webp 300w, https:\/\/fishfoodpelletmachine.com\/wp-content\/uploads\/2025\/07\/feed-pellet-making--16x12.webp 16w\" sizes=\"auto, (max-width: 720px) 100vw, 720px\" \/><figcaption class=\"wp-element-caption\">materias primas y productos terminados del molino de pellets de alimento.<\/figcaption><\/figure> <\/div>   <h2 class=\"wp-block-heading\"><strong>Construcci\u00f3n de la prensa de pellets de matriz plana<\/strong><\/h2>    <p>Est\u00e1 compuesto principalmente por un embudo de alimentaci\u00f3n, una tuerca de ajuste, un motor, una rueda m\u00f3vil, etc. La m\u00e1quina de pellets de alimentaci\u00f3n est\u00e1 bien dise\u00f1ada; no solo la eficiencia de producci\u00f3n es muy buena, sino que la operaci\u00f3n tambi\u00e9n es muy simple. \u00a1Puede ayudarte a ahorrar mucho tiempo y energ\u00eda!<\/p>   <div class=\"wp-block-image\"> <figure class=\"aligncenter size-full\"><img loading=\"lazy\" decoding=\"async\" width=\"720\" height=\"540\" src=\"https:\/\/fishfoodpelletmachine.com\/wp-content\/uploads\/2025\/07\/structure-animal-feed-pellet-mill.webp\" alt=\"estructura - molino de pellets de alimento para animales\" class=\"wp-image-965\" title=\"\" srcset=\"https:\/\/fishfoodpelletmachine.com\/wp-content\/uploads\/2025\/07\/structure-animal-feed-pellet-mill.webp 720w, https:\/\/fishfoodpelletmachine.com\/wp-content\/uploads\/2025\/07\/structure-animal-feed-pellet-mill-300x225.webp 300w, https:\/\/fishfoodpelletmachine.com\/wp-content\/uploads\/2025\/07\/structure-animal-feed-pellet-mill-16x12.webp 16w\" sizes=\"auto, (max-width: 720px) 100vw, 720px\" \/><figcaption class=\"wp-element-caption\">estructura de la prensa de pellets de alimento para animales<\/figcaption><\/figure> <\/div>   <p>Esta m\u00e1quina para hacer pellets de alimento animal puede equiparse con un motor di\u00e9sel, motor de gasolina, toma de fuerza (PTO) y motor el\u00e9ctrico. Es adecuada para todo tipo de \u00e1reas y no est\u00e1 limitada por el suministro de energ\u00eda.<\/p>    <figure class=\"wp-block-gallery has-nested-images columns-default is-cropped wp-block-gallery-2 is-layout-flex wp-block-gallery-is-layout-flex\"> <figure class=\"wp-block-image size-large\"><img loading=\"lazy\" decoding=\"async\" width=\"720\" height=\"540\" data-id=\"963\" src=\"https:\/\/fishfoodpelletmachine.com\/wp-content\/uploads\/2025\/07\/food-pellet-maker-with-petrol-engine.webp\" alt=\"fabricante de pellets de comida con motor de gasolina\" class=\"wp-image-963\" title=\"\" srcset=\"https:\/\/fishfoodpelletmachine.com\/wp-content\/uploads\/2025\/07\/food-pellet-maker-with-petrol-engine.webp 720w, https:\/\/fishfoodpelletmachine.com\/wp-content\/uploads\/2025\/07\/food-pellet-maker-with-petrol-engine-300x225.webp 300w, https:\/\/fishfoodpelletmachine.com\/wp-content\/uploads\/2025\/07\/food-pellet-maker-with-petrol-engine-16x12.webp 16w\" sizes=\"auto, (max-width: 720px) 100vw, 720px\" \/><figcaption class=\"wp-element-caption\">Fabricante de pellets de comida con motor de gasolina<\/figcaption><\/figure>    <figure class=\"wp-block-image size-large\"><img loading=\"lazy\" decoding=\"async\" width=\"720\" height=\"540\" data-id=\"960\" src=\"https:\/\/fishfoodpelletmachine.com\/wp-content\/uploads\/2025\/07\/feed-pellet-making-machine-with-pto.webp\" alt=\"m\u00e1quina para hacer pellets de alimento con toma de fuerza\" class=\"wp-image-960\" title=\"\" srcset=\"https:\/\/fishfoodpelletmachine.com\/wp-content\/uploads\/2025\/07\/feed-pellet-making-machine-with-pto.webp 720w, https:\/\/fishfoodpelletmachine.com\/wp-content\/uploads\/2025\/07\/feed-pellet-making-machine-with-pto-300x225.webp 300w, https:\/\/fishfoodpelletmachine.com\/wp-content\/uploads\/2025\/07\/feed-pellet-making-machine-with-pto-16x12.webp 16w\" sizes=\"auto, (max-width: 720px) 100vw, 720px\" \/><figcaption class=\"wp-element-caption\">M\u00e1quina para hacer pellets de alimento con toma de fuerza<\/figcaption><\/figure> <\/figure>    <figure class=\"wp-block-gallery has-nested-images columns-default is-cropped wp-block-gallery-3 is-layout-flex wp-block-gallery-is-layout-flex\"> <figure class=\"wp-block-image size-large\"><img loading=\"lazy\" decoding=\"async\" width=\"720\" height=\"540\" data-id=\"959\" src=\"https:\/\/fishfoodpelletmachine.com\/wp-content\/uploads\/2025\/07\/feed-pellet-machinewith-electric-motors.webp\" alt=\"m\u00e1quina de pellets de alimento con motores el\u00e9ctricos\" class=\"wp-image-959\" title=\"\" srcset=\"https:\/\/fishfoodpelletmachine.com\/wp-content\/uploads\/2025\/07\/feed-pellet-machinewith-electric-motors.webp 720w, https:\/\/fishfoodpelletmachine.com\/wp-content\/uploads\/2025\/07\/feed-pellet-machinewith-electric-motors-300x225.webp 300w, https:\/\/fishfoodpelletmachine.com\/wp-content\/uploads\/2025\/07\/feed-pellet-machinewith-electric-motors-16x12.webp 16w\" sizes=\"auto, (max-width: 720px) 100vw, 720px\" \/><figcaption class=\"wp-element-caption\">M\u00e1quina de pellets de alimento con motores el\u00e9ctricos<\/figcaption><\/figure>    <figure class=\"wp-block-image size-large\"><img loading=\"lazy\" decoding=\"async\" width=\"720\" height=\"540\" data-id=\"957\" src=\"https:\/\/fishfoodpelletmachine.com\/wp-content\/uploads\/2025\/07\/animal-feed-pellet-machine-with-diesel-engine.webp\" alt=\"m\u00e1quina de pellets de alimento para animales con motor di\u00e9sel\" class=\"wp-image-957\" title=\"\" srcset=\"https:\/\/fishfoodpelletmachine.com\/wp-content\/uploads\/2025\/07\/animal-feed-pellet-machine-with-diesel-engine.webp 720w, https:\/\/fishfoodpelletmachine.com\/wp-content\/uploads\/2025\/07\/animal-feed-pellet-machine-with-diesel-engine-300x225.webp 300w, https:\/\/fishfoodpelletmachine.com\/wp-content\/uploads\/2025\/07\/animal-feed-pellet-machine-with-diesel-engine-16x12.webp 16w\" sizes=\"auto, (max-width: 720px) 100vw, 720px\" \/><figcaption class=\"wp-element-caption\">M\u00e1quina de pellets de alimento para animales con motor di\u00e9sel<\/figcaption><\/figure> <\/figure>    <h2 class=\"wp-block-heading\"><strong>Accesorios de la m\u00e1quina para hacer pellets de alimento<\/strong><\/h2>    <p>Los principales accesorios de la m\u00e1quina para hacer pellets de alimento animal son el disco de molienda y el rodillo de presi\u00f3n.<\/p>    <p>El disco de molienda se utiliza principalmente para determinar el di\u00e1metro de las part\u00edculas de alimento. El di\u00e1metro de los pellets terminados se puede dividir en: \u03c62, \u03c62.5, \u03c63, \u03c63.5, \u03c64, \u03c65, \u03c66, \u03c67, \u03c68, y as\u00ed sucesivamente. Puedes cambiar la placa de molienda seg\u00fan tus necesidades.<\/p>    <figure class=\"wp-block-gallery has-nested-images columns-default is-cropped wp-block-gallery-4 is-layout-flex wp-block-gallery-is-layout-flex\"> <figure class=\"wp-block-image size-large\"><img loading=\"lazy\" decoding=\"async\" width=\"720\" height=\"540\" data-id=\"964\" src=\"https:\/\/fishfoodpelletmachine.com\/wp-content\/uploads\/2025\/07\/roller-and-mill-plate-of-animal-feed-pelllet-machine-tuya.webp\" alt=\"rodillo y placa de molino de la m\u00e1quina de pellets de alimento animal\" class=\"wp-image-964\" title=\"\" srcset=\"https:\/\/fishfoodpelletmachine.com\/wp-content\/uploads\/2025\/07\/roller-and-mill-plate-of-animal-feed-pelllet-machine-tuya.webp 720w, https:\/\/fishfoodpelletmachine.com\/wp-content\/uploads\/2025\/07\/roller-and-mill-plate-of-animal-feed-pelllet-machine-tuya-300x225.webp 300w, https:\/\/fishfoodpelletmachine.com\/wp-content\/uploads\/2025\/07\/roller-and-mill-plate-of-animal-feed-pelllet-machine-tuya-16x12.webp 16w\" sizes=\"auto, (max-width: 720px) 100vw, 720px\" \/><figcaption class=\"wp-element-caption\">Rodillo y disco de molienda de la m\u00e1quina de pellets de alimento animal.<\/figcaption><\/figure>    <figure class=\"wp-block-image size-large\"><img loading=\"lazy\" decoding=\"async\" width=\"720\" height=\"540\" data-id=\"958\" src=\"https:\/\/fishfoodpelletmachine.com\/wp-content\/uploads\/2025\/07\/different-sizes-of-grinding-discs-for-feed-pelletizer.webp\" alt=\"los diferentes tama\u00f1os de discos de molienda para el pelletizador de alimento\" class=\"wp-image-958\" title=\"\" srcset=\"https:\/\/fishfoodpelletmachine.com\/wp-content\/uploads\/2025\/07\/different-sizes-of-grinding-discs-for-feed-pelletizer.webp 720w, https:\/\/fishfoodpelletmachine.com\/wp-content\/uploads\/2025\/07\/different-sizes-of-grinding-discs-for-feed-pelletizer-300x225.webp 300w, https:\/\/fishfoodpelletmachine.com\/wp-content\/uploads\/2025\/07\/different-sizes-of-grinding-discs-for-feed-pelletizer-16x12.webp 16w\" sizes=\"auto, (max-width: 720px) 100vw, 720px\" \/><figcaption class=\"wp-element-caption\">Los diferentes tama\u00f1os de discos de molienda para el pelletizador de alimento.<\/figcaption><\/figure> <\/figure>    <h2 class=\"wp-block-heading\"><strong>Ventajas de la m\u00e1quina para hacer pellets de alimento animal Taiy.<\/strong><\/h2>    <ul class=\"wp-block-list\"> <li><strong>Operaci\u00f3n simple<\/strong>: la operaci\u00f3n es simple y puede ser realizada por una sola persona, no se necesita un t\u00e9cnico profesional.<\/li>    <li><strong>Alta eficiencia de producci\u00f3n<\/strong>: tiene una capacidad de producci\u00f3n de 120kg-200kg\/h, lo que puede satisfacer las necesidades de diferentes escalas de producci\u00f3n.<\/li>    <li><strong>Amplia gama de aplicaciones<\/strong>: la mayor\u00eda de los materiales de alimentaci\u00f3n, como granos de ma\u00edz, paja, tallos, arroz, trigo y astillas de madera, son adecuados para nuestro molino de pellets.<\/li>    <li><strong>Disponible con cuatro fuentes de energ\u00eda<\/strong>: hemos dise\u00f1ado nuestros modelos de molino de pellets con motor de gasolina, motor di\u00e9sel, motor el\u00e9ctrico y salida de potencia de toma de fuerza.<\/li>    <li><strong>Bajo costo de mantenimiento<\/strong>tiene un f\u00e1cil reemplazo de piezas de repuesto y bajo costo de rollos y moldes.<\/li>    <li><strong>Ventaja de precio<\/strong>: somos productores propios y tenemos una ventaja de precio en el mismo mercado.<\/li>    <li><strong>Garant\u00eda postventa<\/strong>: la pelletizadora de piensos Taizy cuenta con un fuerte equipo de postventa y soporte t\u00e9cnico profesional para resolver sus problemas a tiempo.<\/li> <\/ul>    <figure class=\"wp-block-gallery has-nested-images columns-default is-cropped wp-block-gallery-5 is-layout-flex wp-block-gallery-is-layout-flex\"> <figure class=\"wp-block-image size-large\"><img loading=\"lazy\" decoding=\"async\" width=\"720\" height=\"540\" data-id=\"962\" src=\"https:\/\/fishfoodpelletmachine.com\/wp-content\/uploads\/2025\/07\/flat-die-pellet-mill.webp\" alt=\"la pantalla del molino de pellets de matriz plana\" class=\"wp-image-962\" title=\"\" srcset=\"https:\/\/fishfoodpelletmachine.com\/wp-content\/uploads\/2025\/07\/flat-die-pellet-mill.webp 720w, https:\/\/fishfoodpelletmachine.com\/wp-content\/uploads\/2025\/07\/flat-die-pellet-mill-300x225.webp 300w, https:\/\/fishfoodpelletmachine.com\/wp-content\/uploads\/2025\/07\/flat-die-pellet-mill-16x12.webp 16w\" sizes=\"auto, (max-width: 720px) 100vw, 720px\" \/><figcaption class=\"wp-element-caption\">Molino de pellets de matriz plana<\/figcaption><\/figure> <\/figure>    <h2 class=\"wp-block-heading\"><strong>Sobre el precio de la m\u00e1quina de pellets de alimentaci\u00f3n animal<\/strong><\/h2>    <p>El precio de un molino de pellets de alimentaci\u00f3n puede verse afectado por una serie de factores. Dos de los principales factores influyentes se muestran a continuaci\u00f3n:<\/p>    <p>Precio diferente para diferentes modelos: el precio de la m\u00e1quina para fabricar pellets de alimento ser\u00e1 diferente para diferentes modelos. En t\u00e9rminos generales, el precio es m\u00e1s alto para los modelos con mayor capacidad. Por ejemplo, el precio del KL-210 es m\u00e1s alto que el del KL-150.<\/p>    <p>Precios diferentes para diferentes accesorios: por un lado, el n\u00famero de accesorios afectar\u00e1 el precio. El precio ser\u00e1 m\u00e1s alto si hay m\u00e1s demanda de accesorios. Por otro lado, los accesorios personalizados ser\u00e1n m\u00e1s caros.<\/p>    <h2 class=\"wp-block-heading\"><strong>L\u00edneas de producci\u00f3n para la m\u00e1quina peletizadora de piensos<\/strong><\/h2>    <p class=\"translation-block\">Para satisfacer las necesidades de diferentes clientes, tambi\u00e9n ofrecemos la <a href=\"https:\/\/fishfoodpelletmachine.com\/es\/product\/animal-feed-pellet-production-line\/\">l\u00ednea de producci\u00f3n para la m\u00e1quina de hacer pellets de alimento para animales<\/a>. Estos incluyen molino de martillos, transportador de tornillo, mezcladora, m\u00e1quina de hacer pellets de alimentaci\u00f3n, m\u00e1quina de enfriamiento, m\u00e1quina de pesaje y empaquetado, etc.<\/p>    <p>La l\u00ednea de producci\u00f3n puede ahorrar en gran medida mano de obra y mejorar la eficiencia de producci\u00f3n. Te permite realizar un procesamiento integral. Ya sea que desees iniciar un negocio de producci\u00f3n de pellets de aves de corral o continuar expandiendo tu producci\u00f3n, \u00a1esta l\u00ednea de producci\u00f3n es una excelente opci\u00f3n!<\/p>   <div class=\"wp-block-image\"> <figure class=\"aligncenter size-full\"><img loading=\"lazy\" decoding=\"async\" width=\"720\" height=\"540\" src=\"https:\/\/fishfoodpelletmachine.com\/wp-content\/uploads\/2025\/07\/production-lines-for-the-feed-pelletizer-machine.webp\" alt=\"las l\u00edneas de producci\u00f3n para la m\u00e1quina pelletizadora de alimento\" class=\"wp-image-968\" title=\"\" srcset=\"https:\/\/fishfoodpelletmachine.com\/wp-content\/uploads\/2025\/07\/production-lines-for-the-feed-pelletizer-machine.webp 720w, https:\/\/fishfoodpelletmachine.com\/wp-content\/uploads\/2025\/07\/production-lines-for-the-feed-pelletizer-machine-300x225.webp 300w, https:\/\/fishfoodpelletmachine.com\/wp-content\/uploads\/2025\/07\/production-lines-for-the-feed-pelletizer-machine-16x12.webp 16w\" sizes=\"auto, (max-width: 720px) 100vw, 720px\" \/><figcaption class=\"wp-element-caption\">l\u00edneas de producci\u00f3n para la m\u00e1quina peletizadora de piensos<\/figcaption><\/figure> <\/div>   <h2 class=\"wp-block-heading\"><strong>El caso exitoso de la m\u00e1quina de molino de piensos en pellet Taizy<\/strong><\/h2>    <p>En abril, un cliente en la Rep\u00fablica Democr\u00e1tica del Congo pidi\u00f3 una m\u00e1quina para fabricar pellets de alimento animal KL-210. A trav\u00e9s de la comunicaci\u00f3n, supimos que este cliente tiene una granja. Necesita una m\u00e1quina de pellets de alimento animal con una capacidad de 300-400 kg\/h. Y espera recibir la m\u00e1quina en un plazo de 15 d\u00edas.<\/p>    <p>Basado en las necesidades del cliente. Recomendamos esta m\u00e1quina de fabricaci\u00f3n de pellets de alimento al cliente. Para permitir que el cliente reciba los productos lo antes posible, trabajamos horas extras durante la noche para producir. Diez d\u00edas despu\u00e9s, terminamos la producci\u00f3n y enviamos las fotos del producto al cliente. El cliente estaba muy satisfecho y realiz\u00f3 el pago final.<\/p>    <p>\u00a1Despu\u00e9s de recibir la m\u00e1quina de peletizado de alimento, dijo que estaba muy satisfecho y esperaba tener m\u00e1s cooperaci\u00f3n en el futuro! Si necesita un molino de pellets de matriz plana, \u00a1cont\u00e1ctenos de inmediato! \u00a1Le proporcionaremos el servicio y el equipo m\u00e1s profesional!<\/p>","protected":false},"excerpt":{"rendered":"<p>Este art\u00edculo trata sobre las ventajas, modelos y sus par\u00e1metros de la m\u00e1quina para hacer pellets de alimento para animales. Esta es principalmente adecuada para la agricultura rural, granjas de conejos y otras granjas familiares y peque\u00f1as, su capacidad es de 120 kg-1200 kg\/h.<\/p>","protected":false},"author":1,"featured_media":967,"parent":0,"template":"","tags":[51],"product-type":[4],"class_list":["post-956","product","type-product","status-publish","has-post-thumbnail","hentry","tag-feed-pellet","product-type-feed-grinding-machine"],"_links":{"self":[{"href":"https:\/\/fishfoodpelletmachine.com\/es\/wp-json\/wp\/v2\/product\/956","targetHints":{"allow":["GET"]}}],"collection":[{"href":"https:\/\/fishfoodpelletmachine.com\/es\/wp-json\/wp\/v2\/product"}],"about":[{"href":"https:\/\/fishfoodpelletmachine.com\/es\/wp-json\/wp\/v2\/types\/product"}],"author":[{"embeddable":true,"href":"https:\/\/fishfoodpelletmachine.com\/es\/wp-json\/wp\/v2\/users\/1"}],"wp:featuredmedia":[{"embeddable":true,"href":"https:\/\/fishfoodpelletmachine.com\/es\/wp-json\/wp\/v2\/media\/967"}],"wp:attachment":[{"href":"https:\/\/fishfoodpelletmachine.com\/es\/wp-json\/wp\/v2\/media?parent=956"}],"wp:term":[{"taxonomy":"post_tag","embeddable":true,"href":"https:\/\/fishfoodpelletmachine.com\/es\/wp-json\/wp\/v2\/tags?post=956"},{"taxonomy":"product-type","embeddable":true,"href":"https:\/\/fishfoodpelletmachine.com\/es\/wp-json\/wp\/v2\/product-type?post=956"}],"curies":[{"name":"wp","href":"https:\/\/api.w.org\/{rel}","templated":true}]}}