{"id":3,"date":"2022-07-28T10:35:48","date_gmt":"2022-07-28T10:35:48","guid":{"rendered":"https:\/\/fishfoodpelletmachine.com\/?page_id=3"},"modified":"2022-09-27T16:35:44","modified_gmt":"2022-09-27T08:35:44","slug":"about-us","status":"publish","type":"page","link":"https:\/\/fishfoodpelletmachine.com\/fr\/about-us\/","title":{"rendered":"\u00c0 propos de nous"},"content":{"rendered":"<h2 class=\"wp-block-heading\">Qui nous sommes?<\/h2>    <div class=\"wp-block-media-text alignwide is-stacked-on-mobile\"><figure class=\"wp-block-media-text__media\"><img loading=\"lazy\" decoding=\"async\" width=\"720\" height=\"540\" src=\"https:\/\/fishfoodpelletmachine.com\/wp-content\/uploads\/2022\/09\/Taizy-factory-1-1.webp\" alt=\"\" class=\"wp-image-481 size-full\" title=\"\" srcset=\"https:\/\/fishfoodpelletmachine.com\/wp-content\/uploads\/2022\/09\/Taizy-factory-1-1.webp 720w, https:\/\/fishfoodpelletmachine.com\/wp-content\/uploads\/2022\/09\/Taizy-factory-1-1-300x225.webp 300w\" sizes=\"auto, (max-width: 720px) 100vw, 720px\" \/><\/figure><div class=\"wp-block-media-text__content\"> <p>Taizy\u00a0Machinery est un fabricant tr\u00e8s professionnel et c\u00e9l\u00e8bre de granul\u00e9s d'aliments pour poissons, de granul\u00e9s pour animaux de compagnie et de machines connexes. Depuis sa cr\u00e9ation, Taizy\u00a0Machinery est en activit\u00e9 depuis plus de 20 ans. Les principaux produits que nous produisons sont les machines \u00e0 granul\u00e9s d'aliments pour poissons, les machines \u00e0 aliments pour animaux de compagnie, les broyeurs de grains, les m\u00e9langeurs, les s\u00e9choirs, les machines d'assaisonnement, etc. Dans le processus de d\u00e9veloppement, nous suivons les progr\u00e8s de la science et de la technologie pour d\u00e9velopper des machines qui r\u00e9pondent aux besoins des gens en granul\u00e9s de nourriture pour poissons et en aliments pour animaux de compagnie \u00e0 diff\u00e9rentes p\u00e9riodes. Nous nous engageons \u00e0 fabriquer des produits de machines qui r\u00e9pondent aux besoins du public et qui sont durables. D\u00e9sormais, nos machines sont export\u00e9es vers de nombreux pays. Par exemple, le P\u00e9rou, le Ghana, le Niger, l'Angola, la Malaisie, la Belgique, etc. En raison des exportations fr\u00e9quentes vers ces pays, nombre de nos clients sont devenus nos clients \u00e0 long terme.<\/p> <\/div><\/div>    <p>De nos jours, il existe de nombreux pisciculteurs dans de nombreuses r\u00e9gions. Dans le m\u00eame temps, en raison du co\u00fbt \u00e9lev\u00e9 d\u2019achat des aliments pour poissons, qui n\u2019est pas propice \u00e0 l\u2019augmentation des revenus, de nombreux pisciculteurs choisissent d\u00e9sormais d\u2019acheter leur propre machine \u00e0 granul\u00e9s d\u2019aliments pour poissons pour fabriquer leur propre nourriture pour poissons. De cette fa\u00e7on, la nutrition de la nourriture pour poisson peut \u00eatre garantie tandis que la nourriture pour poisson pr\u00e9par\u00e9e elle-m\u00eame est propre et hygi\u00e9nique. Ceci est plus propice \u00e0 la croissance et au d\u00e9veloppement du poisson. En m\u00eame temps, \u00e9conomisez des co\u00fbts et r\u00e9duisez les d\u00e9penses d'achat de nourriture pour poissons. De nos jours, de nombreuses familles ont des animaux de compagnie, c'est pourquoi la nourriture pour animaux est \u00e9galement tr\u00e8s demand\u00e9e. Par cons\u00e9quent, de nombreuses personnes ach\u00e8tent les machines n\u00e9cessaires pour fabriquer de la nourriture pour animaux de compagnie.<\/p>    <h2 class=\"wp-block-heading\">Quelles sont nos prestations ?<\/h2>    <p>1. Recommander une machine adapt\u00e9e \u00e0 nos clients. Avant de recommander la bonne machine, nous demanderons d'abord de d\u00e9terminer les besoins sp\u00e9cifiques du client, tels que les mati\u00e8res premi\u00e8res, le rendement, l'effet du produit, etc. Nous recommandons ensuite la machine appropri\u00e9e en fonction de la r\u00e9ponse du client. Les clients peuvent \u00e9galement choisir l\u2019\u00e9quipement qu\u2019ils souhaitent parmi les machines que nous recommandons.<\/p>    <p>2. Fournissez au client des photos et des vid\u00e9os de la machine. Nous enverrons les photos, vid\u00e9os et param\u00e8tres techniques pertinents de la machine dans le processus de communication avec les clients afin que ceux-ci aient une compr\u00e9hension compl\u00e8te de la machine.<\/p>    <p>3. Nous prenons en charge les machines personnalis\u00e9es. Nous personnaliserons la machine en fonction des besoins sp\u00e9cifiques du client.<\/p>    <p>4. Nous disposons de diff\u00e9rentes m\u00e9thodes de paiement. Par exemple Trade Assurance, T\/T, Money Gram, L\/C, Pay Pal, Western Union, Cash, etc. Vous pouvez choisir le mode de paiement le plus pratique.<\/p>    <p>5. Nous vous offrirons un an de service apr\u00e8s-vente gratuit. Nous pouvons guider nos clients en ligne et les aider \u00e0 r\u00e9soudre divers probl\u00e8mes.<\/p>    <figure class=\"wp-block-gallery has-nested-images columns-3 is-cropped wp-block-gallery-2 is-layout-flex wp-block-gallery-is-layout-flex\"> <figure class=\"wp-block-image size-large\"><img loading=\"lazy\" decoding=\"async\" width=\"720\" height=\"540\" data-id=\"482\" src=\"https:\/\/fishfoodpelletmachine.com\/wp-content\/uploads\/2022\/09\/fish-feed-pellet-machine-1-1.webp\" alt=\"emballage de caisse en bois\" class=\"wp-image-482\" title=\"emballage de caisse en bois\" srcset=\"https:\/\/fishfoodpelletmachine.com\/wp-content\/uploads\/2022\/09\/fish-feed-pellet-machine-1-1.webp 720w, https:\/\/fishfoodpelletmachine.com\/wp-content\/uploads\/2022\/09\/fish-feed-pellet-machine-1-1-300x225.webp 300w\" sizes=\"auto, (max-width: 720px) 100vw, 720px\" \/><figcaption>Emballage de caisse en bois<\/figcaption><\/figure>    <figure class=\"wp-block-image size-large\"><img loading=\"lazy\" decoding=\"async\" width=\"720\" height=\"540\" data-id=\"483\" src=\"https:\/\/fishfoodpelletmachine.com\/wp-content\/uploads\/2022\/09\/shipping-of-the-machine-.webp\" alt=\"exp\u00e9dition de la machine\" class=\"wp-image-483\" title=\"exp\u00e9dition de la machine\" srcset=\"https:\/\/fishfoodpelletmachine.com\/wp-content\/uploads\/2022\/09\/shipping-of-the-machine-.webp 720w, https:\/\/fishfoodpelletmachine.com\/wp-content\/uploads\/2022\/09\/shipping-of-the-machine--300x225.webp 300w\" sizes=\"auto, (max-width: 720px) 100vw, 720px\" \/><figcaption>Exp\u00e9dition de la machine<\/figcaption><\/figure> <\/figure>    <p><\/p>    <p><\/p>    <p><\/p>    <p><\/p>","protected":false},"excerpt":{"rendered":"<p>Who we are? Taizy\u00a0Machinery is a very professional and famous manufacturer of fish food pellets, pet pellets, and related machinery. Since its establishment, Taizy\u00a0Machinery has been in business for more than 20 years. The main products we produce are fish food pellet machines, pet food machines, grain crushers, mixers, dryers, seasoning machines, and so on. [&hellip;]<\/p>\n","protected":false},"author":1,"featured_media":0,"parent":0,"menu_order":0,"comment_status":"closed","ping_status":"open","template":"","meta":{"footnotes":""},"class_list":["post-3","page","type-page","status-publish","hentry"],"_links":{"self":[{"href":"https:\/\/fishfoodpelletmachine.com\/fr\/wp-json\/wp\/v2\/pages\/3","targetHints":{"allow":["GET"]}}],"collection":[{"href":"https:\/\/fishfoodpelletmachine.com\/fr\/wp-json\/wp\/v2\/pages"}],"about":[{"href":"https:\/\/fishfoodpelletmachine.com\/fr\/wp-json\/wp\/v2\/types\/page"}],"author":[{"embeddable":true,"href":"https:\/\/fishfoodpelletmachine.com\/fr\/wp-json\/wp\/v2\/users\/1"}],"replies":[{"embeddable":true,"href":"https:\/\/fishfoodpelletmachine.com\/fr\/wp-json\/wp\/v2\/comments?post=3"}],"version-history":[{"count":0,"href":"https:\/\/fishfoodpelletmachine.com\/fr\/wp-json\/wp\/v2\/pages\/3\/revisions"}],"wp:attachment":[{"href":"https:\/\/fishfoodpelletmachine.com\/fr\/wp-json\/wp\/v2\/media?parent=3"}],"curies":[{"name":"wp","href":"https:\/\/api.w.org\/{rel}","templated":true}]}}