{"id":1023,"date":"2025-10-21T11:25:41","date_gmt":"2025-10-21T03:25:41","guid":{"rendered":"https:\/\/fishfoodpelletmachine.com\/?post_type=product&#038;p=1023"},"modified":"2025-10-22T09:30:26","modified_gmt":"2025-10-22T01:30:26","slug":"chicken-feed-pellet-making-machine","status":"publish","type":"product","link":"https:\/\/fishfoodpelletmachine.com\/fr\/product\/chicken-feed-pellet-making-machine\/","title":{"rendered":"Machine \u00e0 fabriquer des pellets d'aliments pour poulets"},"content":{"rendered":"<p class=\"translation-block\">La <strong>machine \u00e0 fabriquer des pellets d'aliments pour poulets<\/strong> transforme principalement diverses mati\u00e8res premi\u00e8res, telles que la semoule de ma\u00efs, la farine d'herbe et le son de bl\u00e9, en pellets d'aliments pour poulets. Les pellets mesurent g\u00e9n\u00e9ralement de 2 \u00e0 10 cm et peuvent \u00eatre personnalis\u00e9s.<\/p>    <p>La machine \u00e0 pellets pour volailles Taizy est tr\u00e8s efficace, avec une capacit\u00e9 de production de 120-1200 kg\/h. Elle convient \u00e0 la production de toutes tailles. Que vous soyez un agriculteur individuel ou une usine de transformation d'aliments, nos machines peuvent r\u00e9pondre \u00e0 vos besoins.<\/p>    <figure class=\"wp-block-embed is-type-video is-provider-youtube wp-block-embed-youtube wp-embed-aspect-16-9 wp-has-aspect-ratio\"><div class=\"wp-block-embed__wrapper\"> <iframe loading=\"lazy\" title=\"Machine \u00e0 fabriquer des pellets d&#039;aliments pour poulets | Extrudeuse \u00e0 pellets d&#039;aliments pour volaille pour poulets, dinde, b\u00e9tail\" width=\"500\" height=\"281\" src=\"https:\/\/www.youtube.com\/embed\/DM-smjv6fyo?feature=oembed\" frameborder=\"0\" allow=\"accelerometer; autoplay; clipboard-write; encrypted-media; gyroscope; picture-in-picture; web-share\" referrerpolicy=\"strict-origin-when-cross-origin\" allowfullscreen><\/iframe> <\/div><figcaption class=\"wp-element-caption\">Processus de travail de la machine \u00e0 pellets d'aliments pour poulets<\/figcaption><\/figure>    <h2 class=\"wp-block-heading\"><strong>Caract\u00e9ristiques de la machine \u00e0 pellets d'aliments pour poulets<\/strong><\/h2>    <ul class=\"wp-block-list\"> <li>Notre machine \u00e0 pellets pour alimentation de poulet est tr\u00e8s <strong>Facile \u00e0 utiliser<\/strong> et ne n\u00e9cessite pas de formation sp\u00e9ciale. En g\u00e9n\u00e9ral, une personne peut l'utiliser.<\/li>    <li>La machine \u00e0 pellets pour poulet Taizy poss\u00e8de un <strong>Efficacit\u00e9 de production de 120-1200kg\/h<\/strong> et convient \u00e0 la production de toutes tailles.<\/li>    <li>Les granul\u00e9s d'aliments pour poulets trait\u00e9s par cette machine sont <strong>De forme uniforme et difficile \u00e0 casser<\/strong>.<\/li>    <li>La gamme d'applications de notre \u00e9quipement de transformation de l'alimentation pour poulets est tr\u00e8s large. Elle peut non seulement \u00eatre utilis\u00e9e pour traiter l'alimentation pour poulets, mais aussi pour traiter diverses <strong>aliments tels que le b\u00e9tail, les moutons et les chevaux<\/strong>.<\/li>    <li>Cette machine peut \u00eatre \u00e9quip\u00e9e de <strong>moteur diesel, moteur \u00e0 essence ou moteur \u00e9lectrique<\/strong>. Il convient \u00e0 une utilisation dans diverses r\u00e9gions.<\/li>    <li>Son <strong>Les pi\u00e8ces de rechange sont faciles \u00e0 installer<\/strong>, et les rouleaux et moules sont relativement abordables.<\/li> <\/ul>    <figure class=\"wp-block-gallery has-nested-images columns-default is-cropped wp-block-gallery-2 is-layout-flex wp-block-gallery-is-layout-flex\"> <figure class=\"wp-block-image size-large\"><img loading=\"lazy\" decoding=\"async\" width=\"720\" height=\"540\" data-id=\"1001\" src=\"https:\/\/fishfoodpelletmachine.com\/wp-content\/uploads\/2025\/08\/animal-feed-pelleting-machine.webp\" alt=\"machine \u00e0 fabriquer des pellets d&#039;aliments pour poulets\" class=\"wp-image-1001\" title=\"\" srcset=\"https:\/\/fishfoodpelletmachine.com\/wp-content\/uploads\/2025\/08\/animal-feed-pelleting-machine.webp 720w, https:\/\/fishfoodpelletmachine.com\/wp-content\/uploads\/2025\/08\/animal-feed-pelleting-machine-300x225.webp 300w, https:\/\/fishfoodpelletmachine.com\/wp-content\/uploads\/2025\/08\/animal-feed-pelleting-machine-16x12.webp 16w\" sizes=\"auto, (max-width: 720px) 100vw, 720px\" \/><figcaption class=\"wp-element-caption\">Machine \u00e0 fabriquer des pellets d'aliments pour poulets<\/figcaption><\/figure>    <figure class=\"wp-block-image size-large\"><img loading=\"lazy\" decoding=\"async\" width=\"284\" height=\"243\" data-id=\"1014\" src=\"https:\/\/fishfoodpelletmachine.com\/wp-content\/uploads\/2025\/09\/feed-pellet-making-machine.png\" alt=\"machine de fabrication de granul\u00e9s alimentaires\" class=\"wp-image-1014\" title=\"\" srcset=\"https:\/\/fishfoodpelletmachine.com\/wp-content\/uploads\/2025\/09\/feed-pellet-making-machine.png 284w, https:\/\/fishfoodpelletmachine.com\/wp-content\/uploads\/2025\/09\/feed-pellet-making-machine-14x12.png 14w\" sizes=\"auto, (max-width: 284px) 100vw, 284px\" \/><figcaption class=\"wp-element-caption\">Fabricant de pellets d'aliments pour poulets<\/figcaption><\/figure> <\/figure>    <h2 class=\"wp-block-heading\"><strong>Structure du fabricant de pellets d'aliments pour poulets<\/strong><\/h2>    <p>La structure de notre machine \u00e0 pellets d'aliments pour poulets est tr\u00e8s simple. Elle se compose d'un entonnoir d'alimentation, d'un \u00e9crou de r\u00e9glage, d'un disque de broyage, d'une roue mobile, etc. <\/p>   <div class=\"wp-block-image\"> <figure class=\"aligncenter size-full\"><img loading=\"lazy\" decoding=\"async\" width=\"720\" height=\"540\" src=\"https:\/\/fishfoodpelletmachine.com\/wp-content\/uploads\/2025\/07\/structure-animal-feed-pellet-mill.webp\" alt=\"Structure du moulin \u00e0 pellets d&#039;aliments pour poulets\" class=\"wp-image-965\" title=\"\" srcset=\"https:\/\/fishfoodpelletmachine.com\/wp-content\/uploads\/2025\/07\/structure-animal-feed-pellet-mill.webp 720w, https:\/\/fishfoodpelletmachine.com\/wp-content\/uploads\/2025\/07\/structure-animal-feed-pellet-mill-300x225.webp 300w, https:\/\/fishfoodpelletmachine.com\/wp-content\/uploads\/2025\/07\/structure-animal-feed-pellet-mill-16x12.webp 16w\" sizes=\"auto, (max-width: 720px) 100vw, 720px\" \/><figcaption class=\"wp-element-caption\">Structure du moulin \u00e0 pellets d'aliments pour poulets<\/figcaption><\/figure> <\/div>   <h2 class=\"wp-block-heading\"><strong>Param\u00e8tres de la machine \u00e0 fabriquer des pellets d'aliments pour poulets<\/strong><\/h2>    <figure class=\"wp-block-table\"><table><tbody><tr><td class=\"has-text-align-left\" data-align=\"left\">Mod\u00e8le<\/td><td class=\"has-text-align-left\" data-align=\"left\">Pouvoir<\/td><td class=\"has-text-align-left\" data-align=\"left\">Poids de la machine<\/td><td>Taille de la machine<\/td><td>Capacit\u00e9<\/td><\/tr><tr><td class=\"has-text-align-left\" data-align=\"left\">KL-120<\/td><td class=\"has-text-align-left\" data-align=\"left\">3kw<\/td><td class=\"has-text-align-left\" data-align=\"left\">100kg<\/td><td>0,75*0,32*0,61m<\/td><td>120kg\/h<\/td><\/tr><tr><td class=\"has-text-align-left\" data-align=\"left\">KL-150<\/td><td class=\"has-text-align-left\" data-align=\"left\">3kw<\/td><td class=\"has-text-align-left\" data-align=\"left\">190kg<\/td><td>0,75*0,35*0,65m<\/td><td>150kg\/h<\/td><\/tr><tr><td class=\"has-text-align-left\" data-align=\"left\">KL-210<\/td><td class=\"has-text-align-left\" data-align=\"left\">7,5 kW<\/td><td class=\"has-text-align-left\" data-align=\"left\">230kg<\/td><td>1,0*0,45*0,96m<\/td><td>400kg\/h<\/td><\/tr><tr><td class=\"has-text-align-left\" data-align=\"left\">KL-260<\/td><td class=\"has-text-align-left\" data-align=\"left\">15kw<\/td><td class=\"has-text-align-left\" data-align=\"left\">360kg<\/td><td>1.46*0.46*1.15m<\/td><td>800kg\/heure<\/td><\/tr><tr><td class=\"has-text-align-left\" data-align=\"left\">KL-300<\/td><td class=\"has-text-align-left\" data-align=\"left\">22kw<\/td><td class=\"has-text-align-left\" data-align=\"left\">450kg<\/td><td>1,06*0,57*1,15m<\/td><td>1000-1200kg\/h<\/td><\/tr><\/tbody><\/table><figcaption class=\"wp-element-caption\">param\u00e8tres de l'\u00e9quipement \u00e0 pellets d'aliments pour poulets<\/figcaption><\/figure>    <h2 class=\"wp-block-heading\"><strong>Principe de fonctionnement de l'extrudeuse \u00e0 pellets d'aliments pour poulets<\/strong><\/h2>    <ul class=\"wp-block-list\"> <li><strong>Pr\u00e9paration avant d\u00e9marrage<\/strong>: Tout d'abord, ajoutez de l'huile de transmission dans la bo\u00eete de vitesses, ajustez la tension de la courroie, et faites fonctionner la machine \u00e0 vide pour confirmer le bon fonctionnement avant de pr\u00e9parer l'alimentation.<\/li>    <li><strong>Lubrification de la matrice et test de la machine<\/strong>: Avant la premi\u00e8re utilisation, utilisez de la poudre d'herbe m\u00e9lang\u00e9e \u00e0 une petite quantit\u00e9 d'huile v\u00e9g\u00e9tale comme lubrifiant. Lors du d\u00e9marrage de la machine, ajoutez progressivement la mati\u00e8re pour lubrifier compl\u00e8tement le trou de la matrice jusqu'\u00e0 ce que les particules soient expuls\u00e9es en douceur.<\/li>    <li><strong>Production formelle<\/strong>: Apr\u00e8s avoir termin\u00e9 la lubrification, la granulation peut commencer normalement. La longueur des particules alimentaires peut \u00eatre ajust\u00e9e en rempla\u00e7ant le disque de broyage.<\/li>    <li><strong>Arr\u00eat et nettoyage<\/strong>: Apr\u00e8s l'ach\u00e8vement du traitement, desserrez les vis de r\u00e9glage pour lib\u00e9rer les rouleaux. Apr\u00e8s l'arr\u00eat, nettoyez la tr\u00e9mie et le plateau de la matrice pour \u00e9viter les obstructions ou les dommages \u00e0 la machine.<\/li> <\/ul>    <figure class=\"wp-block-gallery has-nested-images columns-default is-cropped wp-block-gallery-3 is-layout-flex wp-block-gallery-is-layout-flex\"> <figure class=\"wp-block-image size-large\"><img loading=\"lazy\" decoding=\"async\" width=\"720\" height=\"540\" data-id=\"958\" src=\"https:\/\/fishfoodpelletmachine.com\/wp-content\/uploads\/2025\/07\/different-sizes-of-grinding-discs-for-feed-pelletizer.webp\" alt=\"les diff\u00e9rentes tailles de disques de broyage pour granulateur d&#039;alimentation\" class=\"wp-image-958\" title=\"\" srcset=\"https:\/\/fishfoodpelletmachine.com\/wp-content\/uploads\/2025\/07\/different-sizes-of-grinding-discs-for-feed-pelletizer.webp 720w, https:\/\/fishfoodpelletmachine.com\/wp-content\/uploads\/2025\/07\/different-sizes-of-grinding-discs-for-feed-pelletizer-300x225.webp 300w, https:\/\/fishfoodpelletmachine.com\/wp-content\/uploads\/2025\/07\/different-sizes-of-grinding-discs-for-feed-pelletizer-16x12.webp 16w\" sizes=\"auto, (max-width: 720px) 100vw, 720px\" \/><figcaption class=\"wp-element-caption\">Les diff\u00e9rentes tailles des disques de broyage pour le pelletiseur d'aliments pour poulets<\/figcaption><\/figure>    <figure class=\"wp-block-image size-large\"><img loading=\"lazy\" decoding=\"async\" width=\"720\" height=\"540\" data-id=\"964\" src=\"https:\/\/fishfoodpelletmachine.com\/wp-content\/uploads\/2025\/07\/roller-and-mill-plate-of-animal-feed-pelllet-machine-tuya.webp\" alt=\"rouleau et plaque de moulin de machine \u00e0 pellets pour animaux\" class=\"wp-image-964\" title=\"\" srcset=\"https:\/\/fishfoodpelletmachine.com\/wp-content\/uploads\/2025\/07\/roller-and-mill-plate-of-animal-feed-pelllet-machine-tuya.webp 720w, https:\/\/fishfoodpelletmachine.com\/wp-content\/uploads\/2025\/07\/roller-and-mill-plate-of-animal-feed-pelllet-machine-tuya-300x225.webp 300w, https:\/\/fishfoodpelletmachine.com\/wp-content\/uploads\/2025\/07\/roller-and-mill-plate-of-animal-feed-pelllet-machine-tuya-16x12.webp 16w\" sizes=\"auto, (max-width: 720px) 100vw, 720px\" \/><figcaption class=\"wp-element-caption\">Rouleau et plaque de moulin de la machine \u00e0 pellets d'aliments pour poulets<\/figcaption><\/figure> <\/figure>    <h2 class=\"wp-block-heading\"><strong>Mati\u00e8res premi\u00e8res et produits finis<\/strong><\/h2>    <p>Mati\u00e8res premi\u00e8res : Cette machine \u00e0 fabriquer des pellets d'aliments pour poulets peut utiliser une vari\u00e9t\u00e9 de mati\u00e8res premi\u00e8res, telles que le ma\u00efs, les ballettes de riz, les tiges de coton, les coques de coton, le son de bl\u00e9 et diverses poudres de c\u00e9r\u00e9ales.<\/p>    <figure class=\"wp-block-gallery has-nested-images columns-default is-cropped wp-block-gallery-4 is-layout-flex wp-block-gallery-is-layout-flex\"> <figure class=\"wp-block-image size-large\"><img loading=\"lazy\" decoding=\"async\" width=\"720\" height=\"540\" data-id=\"1025\" src=\"https:\/\/fishfoodpelletmachine.com\/wp-content\/uploads\/2025\/10\/raw-materials-for-chicken-feed-pellet-maker.webp\" alt=\"mati\u00e8res premi\u00e8res pour la machine \u00e0 pellets d&#039;aliments pour volailles\" class=\"wp-image-1025\" title=\"\" srcset=\"https:\/\/fishfoodpelletmachine.com\/wp-content\/uploads\/2025\/10\/raw-materials-for-chicken-feed-pellet-maker.webp 720w, https:\/\/fishfoodpelletmachine.com\/wp-content\/uploads\/2025\/10\/raw-materials-for-chicken-feed-pellet-maker-300x225.webp 300w, https:\/\/fishfoodpelletmachine.com\/wp-content\/uploads\/2025\/10\/raw-materials-for-chicken-feed-pellet-maker-16x12.webp 16w\" sizes=\"auto, (max-width: 720px) 100vw, 720px\" \/><figcaption class=\"wp-element-caption\">Mati\u00e8res premi\u00e8res pour le fabricant de pellets d'aliments pour poulets<\/figcaption><\/figure>    <figure class=\"wp-block-image size-large\"><img loading=\"lazy\" decoding=\"async\" width=\"720\" height=\"540\" data-id=\"1026\" src=\"https:\/\/fishfoodpelletmachine.com\/wp-content\/uploads\/2025\/10\/raw-materials-for-chicken-feed-pellet-making-machine.webp\" alt=\"mati\u00e8res premi\u00e8res pour la machine \u00e0 pellets d&#039;aliments pour volailles\" class=\"wp-image-1026\" title=\"\" srcset=\"https:\/\/fishfoodpelletmachine.com\/wp-content\/uploads\/2025\/10\/raw-materials-for-chicken-feed-pellet-making-machine.webp 720w, https:\/\/fishfoodpelletmachine.com\/wp-content\/uploads\/2025\/10\/raw-materials-for-chicken-feed-pellet-making-machine-300x225.webp 300w, https:\/\/fishfoodpelletmachine.com\/wp-content\/uploads\/2025\/10\/raw-materials-for-chicken-feed-pellet-making-machine-16x12.webp 16w\" sizes=\"auto, (max-width: 720px) 100vw, 720px\" \/><figcaption class=\"wp-element-caption\">Mati\u00e8res premi\u00e8res pour la fabrication de pellets d'aliments pour poulets<\/figcaption><\/figure>    <figure class=\"wp-block-image size-large\"><img loading=\"lazy\" decoding=\"async\" width=\"720\" height=\"540\" data-id=\"1027\" src=\"https:\/\/fishfoodpelletmachine.com\/wp-content\/uploads\/2025\/10\/raw-materials-for-chicken-feed-pellet-mill.webp\" alt=\"mati\u00e8res premi\u00e8res pour la machine \u00e0 pellets d&#039;aliments pour volailles\" class=\"wp-image-1027\" title=\"\" srcset=\"https:\/\/fishfoodpelletmachine.com\/wp-content\/uploads\/2025\/10\/raw-materials-for-chicken-feed-pellet-mill.webp 720w, https:\/\/fishfoodpelletmachine.com\/wp-content\/uploads\/2025\/10\/raw-materials-for-chicken-feed-pellet-mill-300x225.webp 300w, https:\/\/fishfoodpelletmachine.com\/wp-content\/uploads\/2025\/10\/raw-materials-for-chicken-feed-pellet-mill-16x12.webp 16w\" sizes=\"auto, (max-width: 720px) 100vw, 720px\" \/><figcaption class=\"wp-element-caption\">Mati\u00e8res premi\u00e8res pour le moulin \u00e0 pellets d'aliments pour poulets<\/figcaption><\/figure> <\/figure>    <p>Produit fini : Le produit fini press\u00e9 par le fabricant de pellets d'aliments pour poulets est un aliment-f\u00e9vrier cylindrique de 2-10 mm, qui a une apparence soign\u00e9e, une structure compacte et une nutrition \u00e9quilibr\u00e9e. C'est l'une des formes d'aliments pour poulets les plus populaires sur le march\u00e9.<\/p>    <figure class=\"wp-block-gallery has-nested-images columns-default is-cropped wp-block-gallery-5 is-layout-flex wp-block-gallery-is-layout-flex\"> <figure class=\"wp-block-image size-large\"><img loading=\"lazy\" decoding=\"async\" width=\"720\" height=\"540\" data-id=\"1028\" src=\"https:\/\/fishfoodpelletmachine.com\/wp-content\/uploads\/2025\/10\/finished-products-of-chicken-feed-pellet-extruder.webp\" alt=\"produits finis de l&#039;\u00e9quipement de fabrication de pellets d&#039;aliments pour volailles\" class=\"wp-image-1028\" title=\"\" srcset=\"https:\/\/fishfoodpelletmachine.com\/wp-content\/uploads\/2025\/10\/finished-products-of-chicken-feed-pellet-extruder.webp 720w, https:\/\/fishfoodpelletmachine.com\/wp-content\/uploads\/2025\/10\/finished-products-of-chicken-feed-pellet-extruder-300x225.webp 300w, https:\/\/fishfoodpelletmachine.com\/wp-content\/uploads\/2025\/10\/finished-products-of-chicken-feed-pellet-extruder-16x12.webp 16w\" sizes=\"auto, (max-width: 720px) 100vw, 720px\" \/><figcaption class=\"wp-element-caption\">Produits finis de l'\u00e9quipement de fabrication de pellets d'aliments pour poulets<\/figcaption><\/figure>    <figure class=\"wp-block-image size-large\"><img loading=\"lazy\" decoding=\"async\" width=\"720\" height=\"540\" data-id=\"1029\" src=\"https:\/\/fishfoodpelletmachine.com\/wp-content\/uploads\/2025\/10\/finished-products-of-chicken-feed-pellet-machine.webp\" alt=\"produit fini de la machine \u00e0 pellets d&#039;aliments pour volailles\" class=\"wp-image-1029\" title=\"\" srcset=\"https:\/\/fishfoodpelletmachine.com\/wp-content\/uploads\/2025\/10\/finished-products-of-chicken-feed-pellet-machine.webp 720w, https:\/\/fishfoodpelletmachine.com\/wp-content\/uploads\/2025\/10\/finished-products-of-chicken-feed-pellet-machine-300x225.webp 300w, https:\/\/fishfoodpelletmachine.com\/wp-content\/uploads\/2025\/10\/finished-products-of-chicken-feed-pellet-machine-16x12.webp 16w\" sizes=\"auto, (max-width: 720px) 100vw, 720px\" \/><figcaption class=\"wp-element-caption\">Produit fini de la machine \u00e0 pellets d'aliments pour poulets<\/figcaption><\/figure>    <figure class=\"wp-block-image size-large\"><img loading=\"lazy\" decoding=\"async\" width=\"720\" height=\"540\" data-id=\"1030\" src=\"https:\/\/fishfoodpelletmachine.com\/wp-content\/uploads\/2025\/10\/finished-products-of-chicken-feed-pellet-mill.webp\" alt=\"produit fini de la machine \u00e0 pellets d&#039;aliments pour volailles\" class=\"wp-image-1030\" title=\"\" srcset=\"https:\/\/fishfoodpelletmachine.com\/wp-content\/uploads\/2025\/10\/finished-products-of-chicken-feed-pellet-mill.webp 720w, https:\/\/fishfoodpelletmachine.com\/wp-content\/uploads\/2025\/10\/finished-products-of-chicken-feed-pellet-mill-300x225.webp 300w, https:\/\/fishfoodpelletmachine.com\/wp-content\/uploads\/2025\/10\/finished-products-of-chicken-feed-pellet-mill-16x12.webp 16w\" sizes=\"auto, (max-width: 720px) 100vw, 720px\" \/><figcaption class=\"wp-element-caption\">Produit fini de laMachine \u00e0 pelletiser d'aliments pour poulets<\/figcaption><\/figure> <\/figure>    <h2 class=\"wp-block-heading\"><strong>Avantages des pellets d'aliments pour poulets<\/strong><\/h2>    <p>Par rapport \u00e0 l'aliment en poudre traditionnel, les pellets produits par la machine \u00e0 fabriquer des pellets d'aliments pour poulets pr\u00e9sentent des avantages significatifs :<\/p>    <ul class=\"wp-block-list\"> <li><strong>Augmentation de la consommation d'aliments<\/strong>: Les granul\u00e9s sont savoureux, ce qui les rend plus app\u00e9tissants pour les poulets.<\/li>    <li><strong>R\u00e9duction des d\u00e9chets<\/strong>: Les granul\u00e9s ont moins de chances d'\u00eatre souffl\u00e9s ou ramass\u00e9s par les oiseaux, ce qui entra\u00eene une utilisation \u00e9lev\u00e9e de l'alimentation.<\/li>    <li><strong>Am\u00e9lioration de la digestion et de l'absorption<\/strong>: La pression \u00e0 haute temp\u00e9rature am\u00e9liore la structure de la mati\u00e8re premi\u00e8re, rendant les nutriments plus facilement absorb\u00e9s.<\/li>    <li><strong>St\u00e9rilisation et d\u00e9sinfection<\/strong>: Les temp\u00e9ratures \u00e9lev\u00e9es lors du processus de pressage tuent la plupart des bact\u00e9ries nocives.<\/li>    <li><strong>Facile \u00e0 stocker et \u00e0 transporter<\/strong>: Les granul\u00e9s r\u00e9sistent \u00e0 la moisissure, \u00e0 la pression et \u00e0 l'humidit\u00e9, prolongeant leur dur\u00e9e de vie.<\/li> <\/ul>    <h2 class=\"wp-block-heading\"><strong>Prix de la machine \u00e0 pellets d'aliments pour poulets<\/strong><\/h2>    <p>Le prix de la machine \u00e0 fabriquer des pellets d'aliments pour poulets varie en fonction de facteurs tels que le mod\u00e8le, le d\u00e9bit, le type de puissance, le mat\u00e9riau et la configuration. En g\u00e9n\u00e9ral, un d\u00e9bit plus \u00e9lev\u00e9, une configuration sup\u00e9rieure et un meilleur mat\u00e9riau de moule entra\u00eeneront des prix plus \u00e9lev\u00e9s. <\/p>   <div class=\"wp-block-image\"> <figure class=\"aligncenter size-full\"><img loading=\"lazy\" decoding=\"async\" width=\"720\" height=\"540\" src=\"https:\/\/fishfoodpelletmachine.com\/wp-content\/uploads\/2025\/07\/animal-feed-pellet-machine-with-diesel-engine.webp\" alt=\"machine \u00e0 granul\u00e9s d&#039;alimentation animale avec moteur diesel\" class=\"wp-image-957\" title=\"\" srcset=\"https:\/\/fishfoodpelletmachine.com\/wp-content\/uploads\/2025\/07\/animal-feed-pellet-machine-with-diesel-engine.webp 720w, https:\/\/fishfoodpelletmachine.com\/wp-content\/uploads\/2025\/07\/animal-feed-pellet-machine-with-diesel-engine-300x225.webp 300w, https:\/\/fishfoodpelletmachine.com\/wp-content\/uploads\/2025\/07\/animal-feed-pellet-machine-with-diesel-engine-16x12.webp 16w\" sizes=\"auto, (max-width: 720px) 100vw, 720px\" \/><figcaption class=\"wp-element-caption\">machine \u00e0 pellets d'aliments pour poulets<\/figcaption><\/figure> <\/div>   <p>Lors de l'achat, les acheteurs ne doivent pas seulement se concentrer sur le prix, mais aussi sur la stabilit\u00e9, la durabilit\u00e9 de la machine et la qualit\u00e9 de la production de pellets. Une machine de haute qualit\u00e9 peut maintenir une op\u00e9ration efficace \u00e0 long terme, r\u00e9duire les co\u00fbts de maintenance, assurer une qualit\u00e9 stable de l'alimentation, et finalement g\u00e9n\u00e9rer des rendements plus \u00e9lev\u00e9s.<\/p>    <h2 class=\"wp-block-heading\"><strong>Cas de r\u00e9ussite de la machine \u00e0 pellets pour volailles Taizy<\/strong><\/h2>    <p class=\"translation-block\"><strong>Quatre machines \u00e0 pellets d'aliments pour poulets envoy\u00e9es au Maroc<\/strong><\/p>    <p>R\u00e9cemment, Taiz a export\u00e9 avec succ\u00e8s quatre machines \u00e0 pellets pour poulets vers le Maroc. Cet \u00e9quipement faisait partie d'un appel d'offres local d'\u00e9quipement d'\u00e9levage. Apr\u00e8s avoir remport\u00e9 l'offre, le client a compar\u00e9 plusieurs options et a finalement choisi Taizy.<\/p>    <figure class=\"wp-block-gallery has-nested-images columns-default is-cropped wp-block-gallery-6 is-layout-flex wp-block-gallery-is-layout-flex\"> <figure class=\"wp-block-image size-large\"><img loading=\"lazy\" decoding=\"async\" width=\"720\" height=\"540\" data-id=\"1002\" src=\"https:\/\/fishfoodpelletmachine.com\/wp-content\/uploads\/2025\/08\/animal-feed-pelletizer.webp\" alt=\"pelletiseur pour volailles\" class=\"wp-image-1002\" title=\"\" srcset=\"https:\/\/fishfoodpelletmachine.com\/wp-content\/uploads\/2025\/08\/animal-feed-pelletizer.webp 720w, https:\/\/fishfoodpelletmachine.com\/wp-content\/uploads\/2025\/08\/animal-feed-pelletizer-300x225.webp 300w, https:\/\/fishfoodpelletmachine.com\/wp-content\/uploads\/2025\/08\/animal-feed-pelletizer-16x12.webp 16w\" sizes=\"auto, (max-width: 720px) 100vw, 720px\" \/><figcaption class=\"wp-element-caption\">Pelletiseur d'aliments aviaires<\/figcaption><\/figure>    <figure class=\"wp-block-image size-large\"><img loading=\"lazy\" decoding=\"async\" width=\"540\" height=\"720\" data-id=\"1017\" src=\"https:\/\/fishfoodpelletmachine.com\/wp-content\/uploads\/2025\/09\/feed-pellet-maker-machine.webp\" alt=\"machine \u00e0 pellets d&#039;aliments pour volailles\" class=\"wp-image-1017\" title=\"\" srcset=\"https:\/\/fishfoodpelletmachine.com\/wp-content\/uploads\/2025\/09\/feed-pellet-maker-machine.webp 540w, https:\/\/fishfoodpelletmachine.com\/wp-content\/uploads\/2025\/09\/feed-pellet-maker-machine-225x300.webp 225w, https:\/\/fishfoodpelletmachine.com\/wp-content\/uploads\/2025\/09\/feed-pellet-maker-machine-9x12.webp 9w\" sizes=\"auto, (max-width: 540px) 100vw, 540px\" \/><figcaption class=\"wp-element-caption\">Machine \u00e0 fabriquer des pellets d'aliments pour poulets<\/figcaption><\/figure> <\/figure>    <p>Nous avons fourni le mod\u00e8le appropri\u00e9 en fonction des besoins de production du client et des normes de tension. L'\u00e9quipement a \u00e9t\u00e9 livr\u00e9 avec succ\u00e8s et mis en service. Les machines fonctionnent de mani\u00e8re stable, et le client est tr\u00e8s satisfait de leur performance.<\/p>    <h2 class=\"wp-block-heading\"><strong>Contactez-nous maintenant !<\/strong><\/h2>    <p>En tant que fournisseur exp\u00e9riment\u00e9 de machines \u00e0 pellets d'aliments pour animaux, Taizy s'engage \u00e0 fournir \u00e0 nos clients des machines de la plus haute qualit\u00e9 et un service apr\u00e8s-vente complet.<\/p>    <p class=\"translation-block\">En plus de la machine \u00e0 pellets d'aliments pour volailles, nous proposons \u00e9galement <a href=\"https:\/\/fishfoodpelletmachine.com\/fr\/product\/fish-pellet-making-machine\/\">machine \u00e0 pellets pour poissons<\/a>, <a href=\"https:\/\/fishfoodpelletmachine.com\/fr\/product\/pet-food-extruder\/\">extrudeuse pour aliments pour animaux<\/a>, et plus encore. Si vous avez des questions, n'h\u00e9sitez pas \u00e0 nous contacter, et nous vous fournirons une solution personnalis\u00e9e.<\/p>","protected":false},"excerpt":{"rendered":"<p>Cet article se concentre sur la machine \u00e0 pellets d'aliments pour volailles. Cette machine a une capacit\u00e9 de production de 120-1200 kg\/h. Elle peut traiter une vari\u00e9t\u00e9 de mati\u00e8res premi\u00e8res, telles que la farine de ma\u00efs, le son de bl\u00e9 et la poudre de balle de riz, en pellets d'aliments pour volailles. En plus des aliments pour volailles, elle peut \u00e9galement \u00eatre utilis\u00e9e pour fabriquer des aliments pour bovins, moutons, et plus encore.<\/p>","protected":false},"author":1,"featured_media":1024,"parent":0,"template":"","tags":[76,51],"product-type":[4],"class_list":["post-1023","product","type-product","status-publish","has-post-thumbnail","hentry","tag-chicken-feed-pellet","tag-feed-pellet","product-type-feed-grinding-machine"],"_links":{"self":[{"href":"https:\/\/fishfoodpelletmachine.com\/fr\/wp-json\/wp\/v2\/product\/1023","targetHints":{"allow":["GET"]}}],"collection":[{"href":"https:\/\/fishfoodpelletmachine.com\/fr\/wp-json\/wp\/v2\/product"}],"about":[{"href":"https:\/\/fishfoodpelletmachine.com\/fr\/wp-json\/wp\/v2\/types\/product"}],"author":[{"embeddable":true,"href":"https:\/\/fishfoodpelletmachine.com\/fr\/wp-json\/wp\/v2\/users\/1"}],"wp:featuredmedia":[{"embeddable":true,"href":"https:\/\/fishfoodpelletmachine.com\/fr\/wp-json\/wp\/v2\/media\/1024"}],"wp:attachment":[{"href":"https:\/\/fishfoodpelletmachine.com\/fr\/wp-json\/wp\/v2\/media?parent=1023"}],"wp:term":[{"taxonomy":"post_tag","embeddable":true,"href":"https:\/\/fishfoodpelletmachine.com\/fr\/wp-json\/wp\/v2\/tags?post=1023"},{"taxonomy":"product-type","embeddable":true,"href":"https:\/\/fishfoodpelletmachine.com\/fr\/wp-json\/wp\/v2\/product-type?post=1023"}],"curies":[{"name":"wp","href":"https:\/\/api.w.org\/{rel}","templated":true}]}}