{"id":103,"date":"2022-08-03T08:46:51","date_gmt":"2022-08-03T08:46:51","guid":{"rendered":"https:\/\/fishfoodpelletmachine.com\/?post_type=product&#038;p=103"},"modified":"2024-02-26T18:08:31","modified_gmt":"2024-02-26T10:08:31","slug":"pet-food-production-line-2","status":"publish","type":"product","link":"https:\/\/fishfoodpelletmachine.com\/fr\/product\/pet-food-production-line-2\/","title":{"rendered":"Ligne de production d'aliments pour animaux de compagnie \u4e28 Ligne de traitement d'extrudeuse d'aliments pour animaux de compagnie"},"content":{"rendered":"<p>La ligne de production d\u2019aliments pour animaux de compagnie est un \u00e9quipement professionnel capable de produire diverses formes d\u2019aliments pour animaux de compagnie. La ligne dispose g\u00e9n\u00e9ralement de plusieurs machines combin\u00e9es \u00e0 un haut degr\u00e9 d'automatisation. Et diff\u00e9rents mod\u00e8les peuvent produire diff\u00e9rents r\u00e9sultats. Les clients peuvent choisir le bon mod\u00e8le de machine en fonction de leurs besoins. <\/p>    <p>En outre, nous disposons de diff\u00e9rents moules de d\u00e9chargement, ce qui nous permet de produire de nombreuses formes diff\u00e9rentes. De nombreuses machines sont incluses dans notre ligne de production, afin que les clients puissent acheter l'ensemble ou choisir l'\u00e9quipement dont ils ont besoin.<\/p>    <h2 class=\"wp-block-heading\" id=\"h-using-scopes-of-pet-food-production-line\">Utilisation des \u00e9tendues de la cha\u00eene de production d'aliments pour animaux de compagnie<\/h2>    <h3 class=\"wp-block-heading\"><strong>1. Mati\u00e8res premi\u00e8res : <\/strong><\/h3>    <p>Mati\u00e8res premi\u00e8res d'amidon : poudre de prot\u00e9ine de ma\u00efs, flocons de ma\u00efs, gluten, son de bl\u00e9 ou type malt. <\/p>    <p>Mati\u00e8res premi\u00e8res prot\u00e9iques\u00a0: farine de soja et farine grossi\u00e8re de soja, farine d'os de viande, farine de volaille et farine de poisson.<\/p>    <h3 class=\"wp-block-heading\"><strong>2. Animaux applicables: <\/strong><\/h3>    <p>Nourriture pour chiens, chats, poissons, oiseaux, etc.<\/p>    <h3 class=\"wp-block-heading\"><strong>3. Utilisateurs\u00a0: <\/strong><\/h3>    <p>Producteurs professionnels d\u2019aliments pour animaux de compagnie.<\/p>    <figure class=\"wp-block-gallery has-nested-images columns-default is-cropped wp-block-gallery-2 is-layout-flex wp-block-gallery-is-layout-flex\"> <figure class=\"wp-block-image size-large\"><img loading=\"lazy\" decoding=\"async\" width=\"720\" height=\"540\" data-id=\"422\" src=\"https:\/\/fishfoodpelletmachine.com\/wp-content\/uploads\/2022\/09\/Using-scopes-of-pet-food-production-line-.webp\" alt=\"en utilisant les \u00e9tendues de la cha\u00eene de production d&#039;aliments pour animaux de compagnie\" class=\"wp-image-422\" title=\"en utilisant les \u00e9tendues de la cha\u00eene de production d&#039;aliments pour animaux de compagnie\" srcset=\"https:\/\/fishfoodpelletmachine.com\/wp-content\/uploads\/2022\/09\/Using-scopes-of-pet-food-production-line-.webp 720w, https:\/\/fishfoodpelletmachine.com\/wp-content\/uploads\/2022\/09\/Using-scopes-of-pet-food-production-line--300x225.webp 300w\" sizes=\"auto, (max-width: 720px) 100vw, 720px\" \/><figcaption class=\"wp-element-caption\">Utilisation des \u00e9tendues de la cha\u00eene de production d'aliments pour animaux de compagnie<\/figcaption><\/figure>    <figure class=\"wp-block-image size-large\"><img loading=\"lazy\" decoding=\"async\" width=\"720\" height=\"540\" data-id=\"423\" src=\"https:\/\/fishfoodpelletmachine.com\/wp-content\/uploads\/2022\/09\/molds-of-the-pet-food-.webp\" alt=\"moules de nourriture pour animaux de compagnie\" class=\"wp-image-423\" title=\"moules de nourriture pour animaux de compagnie\" srcset=\"https:\/\/fishfoodpelletmachine.com\/wp-content\/uploads\/2022\/09\/molds-of-the-pet-food-.webp 720w, https:\/\/fishfoodpelletmachine.com\/wp-content\/uploads\/2022\/09\/molds-of-the-pet-food--300x225.webp 300w\" sizes=\"auto, (max-width: 720px) 100vw, 720px\" \/><figcaption class=\"wp-element-caption\">Moules de la nourriture pour animaux de compagnie<\/figcaption><\/figure> <\/figure>    <h2 class=\"wp-block-heading\">Principaux composants de la ligne de traitement de l'extrudeuse d'aliments pour animaux de compagnie <\/h2>    <p>De nos jours, de plus en plus de personnes nourrissent leurs animaux de compagnie. Par cons\u00e9quent, la demande d\u2019aliments pour animaux de compagnie augmente \u00e9galement. Dans le m\u00eame temps, les besoins des gens en mati\u00e8re de nutrition et de qualit\u00e9 des aliments pour animaux de compagnie sont de plus en plus \u00e9lev\u00e9s. <\/p>    <p>Par cons\u00e9quent, l\u2019utilisation d\u2019\u00e9quipements de production d\u2019aliments pour animaux de compagnie professionnels et de haute qualit\u00e9 est \u00e9galement une demande des fabricants.<\/p>    <p class=\"translation-block\">Notre <a href=\"https:\/\/pelletmillmachine.com\/pet-food-production-line\/\" target=\"_blank\" rel=\"noopener\">ligne de production d'aliments pour animaux de compagnie<\/a> comprend un m\u00e9langeur de farine, un convoyeur \u00e0 vis, une extrudeuse \u00e0 double vis, un convoyeur \u00e0 air, un s\u00e9choir continu de type \u00e9lectrique, un convoyeur, une machine d'aromatisation, une machine de pulv\u00e9risation d'huile, un ajout d'assaisonnement, une machine de refroidissement, une machine d'emballage, etc.<\/p>    <figure class=\"wp-block-image size-full\"><img loading=\"lazy\" decoding=\"async\" width=\"720\" height=\"540\" src=\"https:\/\/fishfoodpelletmachine.com\/wp-content\/uploads\/2022\/09\/pet-food-extruder-processing-line-.webp\" alt=\"ligne de traitement d&#039;extrudeuse d&#039;aliments pour animaux de compagnie\" class=\"wp-image-424\" title=\"ligne de traitement d&#039;extrudeuse d&#039;aliments pour animaux de compagnie\" srcset=\"https:\/\/fishfoodpelletmachine.com\/wp-content\/uploads\/2022\/09\/pet-food-extruder-processing-line-.webp 720w, https:\/\/fishfoodpelletmachine.com\/wp-content\/uploads\/2022\/09\/pet-food-extruder-processing-line--300x225.webp 300w\" sizes=\"auto, (max-width: 720px) 100vw, 720px\" \/><figcaption class=\"wp-element-caption\">Ligne de traitement d'extrudeuse d'aliments pour animaux de compagnie<\/figcaption><\/figure>    <h2 class=\"wp-block-heading\">Flux de travail de production d\u2019aliments secs pour animaux de compagnie <\/h2>    <p>Flux de processus\u00a0: composition des mati\u00e8res premi\u00e8res \u2192 m\u00e9lange \u2192 transport \u2192 extrusion et soufflage \u2192 transport \u2192 s\u00e9chage \u2192 pulv\u00e9risation d'huile \u2192 ar\u00f4me \u2192 emballage. Dans ce processus, chaque \u00e9tape est g\u00e9r\u00e9e par un \u00e9quipement professionnel.<\/p>    <h2 class=\"wp-block-heading\">Principaux \u00e9quipements et fonctions de la ligne de transformation des aliments pour animaux<\/h2>    <h3 class=\"wp-block-heading\">1. M\u00e9langeur<\/h3>    <p>Ce m\u00e9langeur de farine est utilis\u00e9 pour m\u00e9langer des mati\u00e8res premi\u00e8res telles que la farine de ma\u00efs et la farine de riz avec du liquide et d'autres additifs. Il s'agit de la deuxi\u00e8me \u00e9tape de la cha\u00eene de production d'aliments pour animaux de compagnie.<\/p>    <figure class=\"wp-block-image size-full\"><img loading=\"lazy\" decoding=\"async\" width=\"720\" height=\"540\" src=\"https:\/\/fishfoodpelletmachine.com\/wp-content\/uploads\/2022\/09\/mixer-1-1.webp\" alt=\"mixer\" class=\"wp-image-426\" title=\"mixer\" srcset=\"https:\/\/fishfoodpelletmachine.com\/wp-content\/uploads\/2022\/09\/mixer-1-1.webp 720w, https:\/\/fishfoodpelletmachine.com\/wp-content\/uploads\/2022\/09\/mixer-1-1-300x225.webp 300w\" sizes=\"auto, (max-width: 720px) 100vw, 720px\" \/><figcaption class=\"wp-element-caption\">Mixer<\/figcaption><\/figure>    <figure class=\"wp-block-table\"><table><tbody><tr><td>Pouvoir<strong>&nbsp;<\/strong><\/td><td>4KW<strong><\/strong><\/td><\/tr><tr><td>Temps de m\u00e9lange<strong><\/strong><\/td><td>90 \u00e0 120\u00a0secondes par fois<strong>&nbsp;<\/strong><\/td><\/tr><tr><td>Volume du r\u00e9servoir<strong><\/strong><\/td><td>30kg\/heure<strong>&nbsp;<\/strong><\/td><\/tr><tr><td>Dimension<\/td><td>1 100 x 1 050 x 1 400 mm<strong>&nbsp;<\/strong><\/td><\/tr><tr><td>Tension<\/td><td>380V 50HZ triphas\u00e9, ou selon la tension de l'acheteur<\/td><\/tr><\/tbody><\/table><figcaption class=\"wp-element-caption\">Param\u00e8tre du mixeur<\/figcaption><\/figure>    <h3 class=\"wp-block-heading\">2. Convoyeur en spirale<\/h3>    <p>La machine peut transporter le mat\u00e9riau m\u00e9lang\u00e9 \u00e0 l'int\u00e9rieur de l'extrudeuse de grains pour animaux de compagnie.<\/p>    <figure class=\"wp-block-image size-full\"><img loading=\"lazy\" decoding=\"async\" width=\"720\" height=\"540\" src=\"https:\/\/fishfoodpelletmachine.com\/wp-content\/uploads\/2022\/08\/screw-feeder-1-1.jpg\" alt=\"convoyeur \u00e0 vis\" class=\"wp-image-142\" title=\"convoyeur \u00e0 vis\" srcset=\"https:\/\/fishfoodpelletmachine.com\/wp-content\/uploads\/2022\/08\/screw-feeder-1-1.jpg 720w, https:\/\/fishfoodpelletmachine.com\/wp-content\/uploads\/2022\/08\/screw-feeder-1-1-300x225.jpg 300w\" sizes=\"auto, (max-width: 720px) 100vw, 720px\" \/><figcaption class=\"wp-element-caption\">Convoyeur \u00e0 vis<\/figcaption><\/figure>    <figure class=\"wp-block-table\"><table><tbody><tr><td>Pouvoir:<strong><\/strong><\/td><td>0,75 kW<strong><\/strong><\/td><\/tr><tr><td>Dimension<strong><\/strong><\/td><td>3100x800x2000mm<strong><\/strong><\/td><\/tr><tr><td>Tension<strong><\/strong><\/td><td>380V 50HZ triphas\u00e9<strong><\/strong><\/td><\/tr><\/tbody><\/table><figcaption class=\"wp-element-caption\">Param\u00e8tre technique du convoyeur<\/figcaption><\/figure>    <h3 class=\"wp-block-heading\">3. <a href=\"https:\/\/fishfoodpelletmachine.com\/fr\/product\/pet-food-extruder\/\">Extrudeuse \u00e0 double vis<\/a><\/h3>    <p>Cette machine est utilis\u00e9e pour le collage automatique continu de farine et d'amidon. <\/p>    <p>Apr\u00e8s dosage, le mat\u00e9riau est travaill\u00e9 par deux vis co-rotatives compos\u00e9es de modules segment\u00e9s avec les fonctions suivantes : acheminement aller et retour, m\u00e9lange, ajout d'additifs, injection de liquides, d\u00e9gazage, cuisson et formage. <\/p>    <p>C'est la machine qui produit la nourriture pour animaux de compagnie dans la cha\u00eene de production d'aliments pour animaux de compagnie.<\/p>    <figure class=\"wp-block-image size-full\"><img loading=\"lazy\" decoding=\"async\" width=\"720\" height=\"540\" src=\"https:\/\/fishfoodpelletmachine.com\/wp-content\/uploads\/2022\/09\/Double-Screw-Extruder-0.webp\" alt=\"extrudeuse \u00e0 double vis\" class=\"wp-image-428\" title=\"extrudeuse \u00e0 double vis\" srcset=\"https:\/\/fishfoodpelletmachine.com\/wp-content\/uploads\/2022\/09\/Double-Screw-Extruder-0.webp 720w, https:\/\/fishfoodpelletmachine.com\/wp-content\/uploads\/2022\/09\/Double-Screw-Extruder-0-300x225.webp 300w\" sizes=\"auto, (max-width: 720px) 100vw, 720px\" \/><figcaption class=\"wp-element-caption\"><strong>extrudeuse \u00e0 double vis<\/strong><\/figcaption><\/figure>    <figure class=\"wp-block-table\"><table><tbody><tr><td>Sortir<strong><\/strong><\/td><td>120-180kg\/heure<strong><\/strong><\/td><\/tr><tr><td>Puissance d'alimentation<strong><\/strong><\/td><td>0,75 kW, contr\u00f4le de fr\u00e9quence<strong><\/strong><\/td><\/tr><tr><td>Puissance d'extrusion&nbsp;<strong><\/strong><\/td><td>22kw, contr\u00f4le de fr\u00e9quence<\/td><\/tr><tr><td>Pouvoir<strong><\/strong><\/td><td>0,75 kW, contr\u00f4le de fr\u00e9quence<strong><\/strong><\/td><\/tr><tr><td>&nbsp;Puissance de la pompe \u00e0 huile<strong><\/strong><\/td><td>0,37 kW<strong><\/strong><\/td><\/tr><tr><td>&nbsp;Puissance de chauffage<strong><\/strong><\/td><td>10 kW, trois zones contr\u00f4l\u00e9es s\u00e9par\u00e9ment<\/td><\/tr><tr><td>&nbsp;Contr\u00f4le de vitesse <strong><\/strong><\/td><td>Vitesse de contr\u00f4le \u00e0 trois fr\u00e9quences<strong><\/strong><\/td><\/tr><tr><td>&nbsp;Dimension<strong><\/strong><\/td><td>2700\u00d71500\u00d71800mm<strong><\/strong><\/td><\/tr><\/tbody><\/table><figcaption class=\"wp-element-caption\"><strong>Extrudeuse \u00e0 double vis<\/strong>le param\u00e8tre<\/figcaption><\/figure>    <h3 class=\"wp-block-heading\">4. Convoyeur a\u00e9rien<\/h3>    <figure class=\"wp-block-image size-full\"><img loading=\"lazy\" decoding=\"async\" width=\"720\" height=\"540\" src=\"https:\/\/fishfoodpelletmachine.com\/wp-content\/uploads\/2022\/09\/Air-conveyer-0.webp\" alt=\"Convoyeur a\u00e9rien\" class=\"wp-image-429\" title=\"Convoyeur a\u00e9rien\" srcset=\"https:\/\/fishfoodpelletmachine.com\/wp-content\/uploads\/2022\/09\/Air-conveyer-0.webp 720w, https:\/\/fishfoodpelletmachine.com\/wp-content\/uploads\/2022\/09\/Air-conveyer-0-300x225.webp 300w\" sizes=\"auto, (max-width: 720px) 100vw, 720px\" \/><figcaption class=\"wp-element-caption\"><strong>Convoyeur a\u00e9rien<\/strong><\/figcaption><\/figure>    <figure class=\"wp-block-table\"><table><tbody><tr><td>Pouvoir<strong><\/strong><\/td><td>0,75 kW<strong><\/strong><\/td><\/tr><tr><td>Dimension<\/td><td>2900x160x2300mm<strong><\/strong><\/td><\/tr><tr><td>Tension<\/td><td>380V 50HZ triphas\u00e9<strong><\/strong><\/td><\/tr><\/tbody><\/table><figcaption class=\"wp-element-caption\">Param\u00e8tre du convoyeur d'air<\/figcaption><\/figure>    <h3 class=\"wp-block-heading\">5. Type de s\u00e9cheur-\u00e9lectricit\u00e9 continu<\/h3>    <p>Ce s\u00e9choir dans la cha\u00eene de production d'aliments pour animaux de compagnie est utilis\u00e9 pour r\u00f4tir la collation extrud\u00e9e, la rendre plus croustillante et s\u00e9cher le produit\u00a0pour r\u00e9duire le pourcentage d'humidit\u00e9, afin que la collation puisse avoir une longue dur\u00e9e de conservation et un meilleur go\u00fbt.<\/p>    <figure class=\"wp-block-image size-full\"><img loading=\"lazy\" decoding=\"async\" width=\"720\" height=\"540\" src=\"https:\/\/fishfoodpelletmachine.com\/wp-content\/uploads\/2022\/09\/continuousDryer-electricity-type-1.webp\" alt=\"type de s\u00e9choir-\u00e9lectricit\u00e9 continu\" class=\"wp-image-430\" title=\"type de s\u00e9choir-\u00e9lectricit\u00e9 continu\" srcset=\"https:\/\/fishfoodpelletmachine.com\/wp-content\/uploads\/2022\/09\/continuousDryer-electricity-type-1.webp 720w, https:\/\/fishfoodpelletmachine.com\/wp-content\/uploads\/2022\/09\/continuousDryer-electricity-type-1-300x225.webp 300w\" sizes=\"auto, (max-width: 720px) 100vw, 720px\" \/><figcaption class=\"wp-element-caption\"><strong>type de s\u00e9choir-\u00e9lectricit\u00e9 continu<\/strong><\/figcaption><\/figure>    <figure class=\"wp-block-table\"><table><tbody><tr><td>Type de chauffage &nbsp;<\/td><td>chauffage \u00e9lectrique (si besoin de type de chauffage au gaz, au diesel ou \u00e0 la vapeur, pr\u00e9venez-nous \u00e0 l'avance)&nbsp;<\/td><\/tr><tr><td>Puissance du moteur<\/td><td>1,1KWType d'\u00e9lectricit\u00e9\uff0cPuissance de chauffage \u00e9lectrique\uff1a54kwSi type de gaz, consommation de gaz\uff1a10-12m\u00b3\/hSi type diesel, consommation de diesel\uff1a6-8kg\/h<\/td><\/tr><tr><td>Couche<\/td><td>trois couches<\/td><\/tr><tr><td>Dimension<\/td><td>5000x1100x1800mm<strong><\/strong><\/td><\/tr><tr><td>Tension<\/td><td>380V 50HZ triphas\u00e9<\/td><\/tr><\/tbody><\/table><figcaption class=\"wp-element-caption\">Param\u00e8tre du type de s\u00e9choir-\u00e9lectricit\u00e9 continu<\/figcaption><\/figure>    <h3 class=\"wp-block-heading\">6. Machine \u00e0 aromatiser \u00e0 tambour unique<\/h3>    <p>La machine \u00e0 aromatiser m\u00e9lange l'assaisonnement, l'huile et le snack dans le tambour rotatif.<\/p>    <figure class=\"wp-block-table\"><table><tbody><tr><td>Puissance du palan<strong>&nbsp;<\/strong><\/td><td>0,55 kW<\/td><\/tr><tr><td>Puissance de la tr\u00e9mie d'alimentation<\/td><td>0,37 kW<\/td><\/tr><tr><td>Puissance du tambour rotatif<\/td><td>0,75 kW<\/td><\/tr><tr><td>Dimension<\/td><td>3500x1100x1700mm<\/td><\/tr><tr><td>Tension<\/td><td>380V 50HZ triphas\u00e9<\/td><\/tr><\/tbody><\/table><figcaption class=\"wp-element-caption\">Param\u00e8tres de la machine aromatisante \u00e0 tambour unique<\/figcaption><\/figure>    <h3 class=\"wp-block-heading\">7. Machine de pulv\u00e9risation d'huile<\/h3>    <p>Cette machine est combin\u00e9e avec la machine \u00e0 aromatiser, la pompe pulv\u00e9rise l'huile sur la surface du snack.<\/p>    <figure class=\"wp-block-image size-full\"><img loading=\"lazy\" decoding=\"async\" width=\"720\" height=\"541\" src=\"https:\/\/fishfoodpelletmachine.com\/wp-content\/uploads\/2022\/09\/Oil-Spray-Machine-1.webp\" alt=\"machine de pulv\u00e9risation d&#039;huile\" class=\"wp-image-431\" title=\"machine de pulv\u00e9risation d&#039;huile\" srcset=\"https:\/\/fishfoodpelletmachine.com\/wp-content\/uploads\/2022\/09\/Oil-Spray-Machine-1.webp 720w, https:\/\/fishfoodpelletmachine.com\/wp-content\/uploads\/2022\/09\/Oil-Spray-Machine-1-300x225.webp 300w\" sizes=\"auto, (max-width: 720px) 100vw, 720px\" \/><figcaption class=\"wp-element-caption\">Machine de pulv\u00e9risation d'huile<\/figcaption><\/figure>    <figure class=\"wp-block-table\"><table><tbody><tr><td>Puissance de la pompe<\/td><td>0,75 kW<\/td><\/tr><tr><td>Puissance de chauffage \u00e9lectrique<\/td><td>3kw<\/td><\/tr><tr><td>Volume du r\u00e9servoir<\/td><td>50L<\/td><\/tr><tr><td>Dimension<\/td><td>1200x1100x1300mm<\/td><\/tr><tr><td>Tension<\/td><td>380V 50HZ triphas\u00e9<\/td><\/tr><\/tbody><\/table><figcaption class=\"wp-element-caption\"><strong>Machine de pulv\u00e9risation d'huile<\/strong>le param\u00e8tre <\/figcaption><\/figure>    <h3 class=\"wp-block-heading\">8. Additionneur de condiments<\/h3>    <p>Il est utilis\u00e9 pour ajouter de la poudre sur la surface du produit, l'alimentation par vis et la vitesse manuelle peut \u00eatre ajust\u00e9e<\/p>    <figure class=\"wp-block-image size-full\"><img loading=\"lazy\" decoding=\"async\" width=\"720\" height=\"540\" src=\"https:\/\/fishfoodpelletmachine.com\/wp-content\/uploads\/2022\/09\/Condiment-adder-1.webp\" alt=\"additionneur de condiments\" class=\"wp-image-433\" title=\"additionneur de condiments\" srcset=\"https:\/\/fishfoodpelletmachine.com\/wp-content\/uploads\/2022\/09\/Condiment-adder-1.webp 720w, https:\/\/fishfoodpelletmachine.com\/wp-content\/uploads\/2022\/09\/Condiment-adder-1-300x225.webp 300w\" sizes=\"auto, (max-width: 720px) 100vw, 720px\" \/><figcaption class=\"wp-element-caption\">Additionneur de condiments<\/figcaption><\/figure>    <figure class=\"wp-block-table\"><table><tbody><tr><td>Tension d'alimentation<\/td><td>380 V\/50 Hz<\/td><\/tr><tr><td>Alimentation branch\u00e9e<\/td><td>0,37 kW<\/td><\/tr><tr><td>Volume de la tr\u00e9mie<\/td><td>10 kg<\/td><\/tr><tr><td>Capacit\u00e9 de production<\/td><td>100-200Kg\/h<\/td><\/tr><tr><td>Taille<\/td><td>0,7 \u00d7 0,4 \u00d7 0,4 m<\/td><\/tr><\/tbody><\/table><figcaption class=\"wp-element-caption\">Param\u00e8tre de l'additionneur de condiments<\/figcaption><\/figure>    <h3 class=\"wp-block-heading\">9. Machine de refroidissement<\/h3>    <p>Utilis\u00e9 pour le premier refroidissement et le transport des produits<\/p>    <figure class=\"wp-block-image size-full\"><img loading=\"lazy\" decoding=\"async\" width=\"720\" height=\"540\" src=\"https:\/\/fishfoodpelletmachine.com\/wp-content\/uploads\/2022\/09\/Cooling-machine-1-.webp\" alt=\"machine de refroidissement\" class=\"wp-image-434\" title=\"machine de refroidissement\" srcset=\"https:\/\/fishfoodpelletmachine.com\/wp-content\/uploads\/2022\/09\/Cooling-machine-1-.webp 720w, https:\/\/fishfoodpelletmachine.com\/wp-content\/uploads\/2022\/09\/Cooling-machine-1--300x225.webp 300w\" sizes=\"auto, (max-width: 720px) 100vw, 720px\" \/><figcaption class=\"wp-element-caption\">Machine de refroidissement<\/figcaption><\/figure>    <figure class=\"wp-block-table\"><table><tbody><tr><td>Tension d'alimentation<\/td><td>380 V\/50 Hz<\/td><\/tr><tr><td>Alimentation branch\u00e9e<\/td><td>0,75 kW<\/td><\/tr><tr><td>Ventilateur<\/td><td>4 0,15 kW\/pi\u00e8ce<\/td><\/tr><tr><td>Capacit\u00e9 de production<\/td><td>100-300Kg\/h<\/td><\/tr><tr><td>Taille<\/td><td>5,0 \u00d7 0,4 \u00d7 0,4 m<\/td><\/tr><\/tbody><\/table><figcaption class=\"wp-element-caption\">Param\u00e8tre de la machine de refroidissement<\/figcaption><\/figure>    <h2 class=\"wp-block-heading\">Cas r\u00e9ussi<\/h2>    <p>La ligne de production d'aliments pour animaux de compagnie est vendue en Italie. Il y a quelque temps, un client nous a envoy\u00e9 une demande concernant une ligne de production de c\u00e9r\u00e9ales pour animaux de compagnie de 150 kg \u00e0 250 kg\/h. <\/p>    <p>Nous avons imm\u00e9diatement contact\u00e9 le client. Gr\u00e2ce \u00e0 notre communication, nous avons compris que le client \u00e9tait int\u00e9ress\u00e9 par le secteur de la production d'aliments pour animaux de compagnie et souhaitait acheter les machines correspondantes pour son entreprise. Le client a examin\u00e9 notre devis et a choisi quelques machines dont il avait besoin. <\/p>    <p>Notre responsable commercial a ensuite recr\u00e9\u00e9 le devis pour le client. Apr\u00e8s l'avoir lu, le client a indiqu\u00e9 qu'il passerait une commande la semaine prochaine. Le client a ensuite pay\u00e9 et nous avons fait en sorte que la ligne de production d'aliments pour animaux de compagnie soit exp\u00e9di\u00e9e directement en Italie.<\/p>    <figure class=\"wp-block-image size-full\"><img loading=\"lazy\" decoding=\"async\" width=\"720\" height=\"540\" src=\"https:\/\/fishfoodpelletmachine.com\/wp-content\/uploads\/2022\/09\/shipping-of-the-pet-food-making-machine-.webp\" alt=\"exp\u00e9dition de la machine de fabrication d&#039;aliments pour animaux de compagnie\" class=\"wp-image-435\" title=\"exp\u00e9dition de la machine de fabrication d&#039;aliments pour animaux de compagnie\" srcset=\"https:\/\/fishfoodpelletmachine.com\/wp-content\/uploads\/2022\/09\/shipping-of-the-pet-food-making-machine-.webp 720w, https:\/\/fishfoodpelletmachine.com\/wp-content\/uploads\/2022\/09\/shipping-of-the-pet-food-making-machine--300x225.webp 300w\" sizes=\"auto, (max-width: 720px) 100vw, 720px\" \/><figcaption class=\"wp-element-caption\">Exp\u00e9dition de la machine de fabrication d'aliments pour animaux de compagnie<\/figcaption><\/figure>    <h2 class=\"wp-block-heading\">FAQ sur la ligne de production d'aliments pour animaux de compagnie de Shuliy<\/h2>   <div id=\"rank-math-faq\" class=\"rank-math-block\"> <div class=\"rank-math-list\"> <div id=\"faq-question-1708934562366\" class=\"rank-math-list-item\"> <h3 class=\"rank-math-question\">1. Quel est le prix de la ligne de production d\u2019aliments pour animaux de compagnie ?<\/h3> <div class=\"rank-math-answer\">  <p>Notre ligne de production d'aliments pour animaux de compagnie comprend plusieurs machines, afin que les clients puissent toutes les acheter ou s\u00e9lectionner celles dont ils ont besoin. <br \/>Le prix des machines varie donc en fonction de la combinaison de machines. <br \/>Nous recommanderons la bonne combinaison de machines \u00e0 nos clients.<\/p>  <\/div> <\/div> <div id=\"faq-question-1708934575361\" class=\"rank-math-list-item\"> <h3 class=\"rank-math-question\">2. Quel est le mat\u00e9riau de la machine ?<\/h3> <div class=\"rank-math-answer\">  <p>Comme la machine pr\u00e9pare des aliments, nos machines sont en acier inoxydable et peuvent entrer directement en contact avec le mat\u00e9riau alimentaire de la machine. Les clients peuvent passer des commandes en toute confiance.<\/p>  <\/div> <\/div> <div id=\"faq-question-1708935057252\" class=\"rank-math-list-item\"> <h3 class=\"rank-math-question\">3. Quel est le rendement de la cha\u00eene de production d\u2019aliments pour animaux de compagnie\u00a0?<\/h3> <div class=\"rank-math-answer\">  <p>Nous vendons couramment une sortie de 150 KG\/H et 250 KG\/H.<\/p>  <\/div> <\/div> <div id=\"faq-question-1708935068618\" class=\"rank-math-list-item\"> <h3 class=\"rank-math-question\">4. La machine peut-elle produire diff\u00e9rentes formes d\u2019aliments pour animaux de compagnie ?<\/h3> <div class=\"rank-math-answer\">  <p>Oui, il vous suffit de modifier la forme du moule de d\u00e9charge dont vous avez besoin.<\/p>  <\/div> <\/div> <div id=\"faq-question-1708935082034\" class=\"rank-math-list-item\"> <h3 class=\"rank-math-question\">5. Pouvez-vous fournir l'espace au sol et l'agencement de la cha\u00eene de production d'aliments pour animaux de compagnie\u00a0?<\/h3> <div class=\"rank-math-answer\">  <p>Oui, vous pouvez. Nous vous fournirons la surface au sol et le plan d'am\u00e9nagement correspondants si vous en avez besoin.<\/p>  <\/div> <\/div> <\/div> <\/div>   <figure class=\"wp-block-image size-full\"><img loading=\"lazy\" decoding=\"async\" width=\"720\" height=\"540\" src=\"https:\/\/fishfoodpelletmachine.com\/wp-content\/uploads\/2022\/09\/pet-food-extruder-processing-line-2.webp\" alt=\"ligne de traitement d&#039;extrudeuse d&#039;aliments pour animaux de compagnie\" class=\"wp-image-437\" title=\"ligne de traitement d&#039;extrudeuse d&#039;aliments pour animaux de compagnie\" srcset=\"https:\/\/fishfoodpelletmachine.com\/wp-content\/uploads\/2022\/09\/pet-food-extruder-processing-line-2.webp 720w, https:\/\/fishfoodpelletmachine.com\/wp-content\/uploads\/2022\/09\/pet-food-extruder-processing-line-2-300x225.webp 300w\" sizes=\"auto, (max-width: 720px) 100vw, 720px\" \/><figcaption class=\"wp-element-caption\">Ligne de traitement d'extrudeuse d'aliments pour animaux de compagnie<\/figcaption><\/figure>","protected":false},"excerpt":{"rendered":"<p>La ligne de production d\u2019aliments pour animaux de compagnie est un \u00e9quipement professionnel capable de produire diverses formes d\u2019aliments pour animaux de compagnie. Il est compos\u00e9 de nombreuses machines.  <\/p>","protected":false},"author":1,"featured_media":417,"parent":0,"template":"","tags":[31,34,33],"product-type":[9],"class_list":["post-103","product","type-product","status-publish","has-post-thumbnail","hentry","tag-pet-food-extruder","tag-pet-food-extruder-processing-line","tag-pet-food-production-line","product-type-production-line"],"_links":{"self":[{"href":"https:\/\/fishfoodpelletmachine.com\/fr\/wp-json\/wp\/v2\/product\/103","targetHints":{"allow":["GET"]}}],"collection":[{"href":"https:\/\/fishfoodpelletmachine.com\/fr\/wp-json\/wp\/v2\/product"}],"about":[{"href":"https:\/\/fishfoodpelletmachine.com\/fr\/wp-json\/wp\/v2\/types\/product"}],"author":[{"embeddable":true,"href":"https:\/\/fishfoodpelletmachine.com\/fr\/wp-json\/wp\/v2\/users\/1"}],"wp:featuredmedia":[{"embeddable":true,"href":"https:\/\/fishfoodpelletmachine.com\/fr\/wp-json\/wp\/v2\/media\/417"}],"wp:attachment":[{"href":"https:\/\/fishfoodpelletmachine.com\/fr\/wp-json\/wp\/v2\/media?parent=103"}],"wp:term":[{"taxonomy":"post_tag","embeddable":true,"href":"https:\/\/fishfoodpelletmachine.com\/fr\/wp-json\/wp\/v2\/tags?post=103"},{"taxonomy":"product-type","embeddable":true,"href":"https:\/\/fishfoodpelletmachine.com\/fr\/wp-json\/wp\/v2\/product-type?post=103"}],"curies":[{"name":"wp","href":"https:\/\/api.w.org\/{rel}","templated":true}]}}