{"id":1034,"date":"2025-11-05T14:29:19","date_gmt":"2025-11-05T06:29:19","guid":{"rendered":"https:\/\/fishfoodpelletmachine.com\/?post_type=product&#038;p=1034"},"modified":"2025-11-05T16:42:09","modified_gmt":"2025-11-05T08:42:09","slug":"fish-feed-pellet-packing-machine","status":"publish","type":"product","link":"https:\/\/fishfoodpelletmachine.com\/fr\/product\/fish-feed-pellet-packing-machine\/","title":{"rendered":"Machine d'emballage de granul\u00e9s pour aliments pour poissons"},"content":{"rendered":"<p class=\"translation-block\">La<strong>machine d'emballage de granul\u00e9s pour aliments pour poissons<\/strong>est un dispositif d'emballage automatis\u00e9 tr\u00e8s efficace qui int\u00e8gre le pesage automatique, la fabrication de sacs, le remplissage et le scellement. Elle offre des options de scellement \u00e0 3 c\u00f4t\u00e9s, 4 c\u00f4t\u00e9s et \u00e0 l'arri\u00e8re. Elle fonctionne \u00e0 haute efficacit\u00e9, atteignant une vitesse d'emballage jusqu'\u00e0 80 sacs\/min.<\/p>    <p>En plus d'emballer des granul\u00e9s pour aliments pour poissons, cette machine peut \u00e9galement emballer divers mat\u00e9riaux tels que les arachides, les graines de melon et le sucre granul\u00e9. Si vous en avez besoin, contactez-nous imm\u00e9diatement pour plus d'informations.<\/p>    <figure class=\"wp-block-embed is-type-video is-provider-youtube wp-block-embed-youtube wp-embed-aspect-16-9 wp-has-aspect-ratio\"><div class=\"wp-block-embed__wrapper\"> <iframe loading=\"lazy\" title=\"Machine d&#039;emballage de granul\u00e9s d&#039;alimentation pour poissons | Comment fonctionne la machine de remplissage et d&#039;emballage de granul\u00e9s d&#039;alimentation pour poissons ?\" width=\"500\" height=\"281\" src=\"https:\/\/www.youtube.com\/embed\/lBx9_dQMcek?feature=oembed\" frameborder=\"0\" allow=\"accelerometer; autoplay; clipboard-write; encrypted-media; gyroscope; picture-in-picture; web-share\" referrerpolicy=\"strict-origin-when-cross-origin\" allowfullscreen><\/iframe> <\/div><figcaption class=\"wp-element-caption\">vid\u00e9o de travail de la machine d'emballage de granul\u00e9s d'alimentation pour poissons<\/figcaption><\/figure>    <h2 class=\"wp-block-heading\"><strong>Caract\u00e9ristiques du formateur de pellets d'aliments pour poissons<\/strong> <strong>machine<\/strong><\/h2>    <p>Cette machine d'emballage de granul\u00e9s pour aliments pour poissons ne se distingue pas seulement par ses fonctionnalit\u00e9s mais aussi par ses avantages significatifs en termes de performance et de conception.<\/p>    <ul class=\"wp-block-list\"> <li><strong>Syst\u00e8me de contr\u00f4le intelligent<\/strong>: Notre machine d'emballage pour aliment pour poissons utilise un contr\u00f4le par microprocesseur avanc\u00e9, assurant un fonctionnement stable, pr\u00e9cis et efficace.<\/li>    <li><strong>Op\u00e9ration sur grand \u00e9cran haute d\u00e9finition<\/strong>Il est \u00e9quip\u00e9 d'un \u00e9cran tactile LCD de 5 pouces; l'interface est intuitive et facile \u00e0 utiliser, permettant aux utilisateurs de commencer rapidement.<\/li>    <li><strong>D\u00e9tection photo\u00e9lectrique de haute pr\u00e9cision<\/strong>La machine de remplissage des granul\u00e9s d'aliments pour poissons utilise un syst\u00e8me de suivi par vision photo\u00e9lectrique pour assurer un scellement pr\u00e9cis entre chaque paire de sacs, donnant un emballage esth\u00e9tiquement agr\u00e9able.<\/li>    <li><strong>Configurations optionnelles multifonctions<\/strong>Il peut \u00eatre \u00e9quip\u00e9 d'une imprimante de date, d'un dispositif d'\u00e9vacuation ou d'un dispositif d'inflation pour r\u00e9pondre aux besoins d'emballage de diff\u00e9rents produits.<\/li>    <li><strong>Large applicability<\/strong>La machine Taizy de pellets d\u2019aliments pour poissons convient non seulement aux pellets pour poissons, mais peut \u00e9galement \u00eatre utilis\u00e9e pour emballer divers mat\u00e9riaux granuleux tels que le riz et les arachides.<\/li>    <li><strong>Mat\u00e9riau de haute qualit\u00e9<\/strong>Son corps est en acier inoxydable, r\u00e9sistant \u00e0 la corrosion, facile \u00e0 nettoyer et r\u00e9pond aux normes de s\u00e9curit\u00e9 et d'hygi\u00e8ne alimentaire.<\/li>    <li><strong>Op\u00e9ration et maintenance faciles<\/strong>La conception structurelle conviviale entra\u00eene des co\u00fbts de fonctionnement et d'entretien r\u00e9duits, ce qui la rend adapt\u00e9e \u00e0 la production \u00e0 diff\u00e9rentes \u00e9chelles.<\/li> <\/ul>    <figure class=\"wp-block-gallery has-nested-images columns-default is-cropped wp-block-gallery-2 is-layout-flex wp-block-gallery-is-layout-flex\"> <figure class=\"wp-block-image size-large\"><img loading=\"lazy\" decoding=\"async\" width=\"540\" height=\"720\" data-id=\"1036\" src=\"https:\/\/fishfoodpelletmachine.com\/wp-content\/uploads\/2025\/11\/fish-feed-packing-machine.webp\" alt=\"machine d&#039;emballage pour aliments pour poissons\" class=\"wp-image-1036\" title=\"\" srcset=\"https:\/\/fishfoodpelletmachine.com\/wp-content\/uploads\/2025\/11\/fish-feed-packing-machine.webp 540w, https:\/\/fishfoodpelletmachine.com\/wp-content\/uploads\/2025\/11\/fish-feed-packing-machine-225x300.webp 225w, https:\/\/fishfoodpelletmachine.com\/wp-content\/uploads\/2025\/11\/fish-feed-packing-machine-9x12.webp 9w\" sizes=\"auto, (max-width: 540px) 100vw, 540px\" \/><figcaption class=\"wp-element-caption\">Machine d'emballage pour aliments pour poissons<\/figcaption><\/figure>    <figure class=\"wp-block-image size-large\"><img loading=\"lazy\" decoding=\"async\" width=\"540\" height=\"720\" data-id=\"1037\" src=\"https:\/\/fishfoodpelletmachine.com\/wp-content\/uploads\/2025\/11\/fish-feed-pellet-filling-and-sealing-machine.webp\" alt=\"machine de remplissage et de scellage de granul\u00e9s pour poissons\" class=\"wp-image-1037\" title=\"\" srcset=\"https:\/\/fishfoodpelletmachine.com\/wp-content\/uploads\/2025\/11\/fish-feed-pellet-filling-and-sealing-machine.webp 540w, https:\/\/fishfoodpelletmachine.com\/wp-content\/uploads\/2025\/11\/fish-feed-pellet-filling-and-sealing-machine-225x300.webp 225w, https:\/\/fishfoodpelletmachine.com\/wp-content\/uploads\/2025\/11\/fish-feed-pellet-filling-and-sealing-machine-9x12.webp 9w\" sizes=\"auto, (max-width: 540px) 100vw, 540px\" \/><figcaption class=\"wp-element-caption\">Machine de remplissage et de scellement de granul\u00e9s pour aliments pour poissons<\/figcaption><\/figure> <\/figure>    <h2 class=\"wp-block-heading\"><strong>Structure de la machine de remplissage de granul\u00e9s pour aliments pour poissons<\/strong><\/h2>    <p>Cette machine d'emballage de granul\u00e9s d'alimentation pour poissons pr\u00e9sente une structure compacte, un design rationnel et une utilisation conviviale. Notre machine d'emballage de granul\u00e9s d'alimentation pour poissons se compose principalement d'un \u00e9cran tactile d'ordinateur, d'un plateau tournant, d'un sch\u00e9ma de circuit de contr\u00f4le, de composants de scellage et de d\u00e9coupe, et d'une zone de scellage crois\u00e9.<\/p>   <div class=\"wp-block-image\"> <figure class=\"aligncenter size-full\"><img loading=\"lazy\" decoding=\"async\" width=\"720\" height=\"540\" src=\"https:\/\/fishfoodpelletmachine.com\/wp-content\/uploads\/2025\/11\/structure-of-fish-food-pellet-packer.webp\" alt=\"structure de l&#039;emballeuse de granul\u00e9s pour aliments pour poissons\" class=\"wp-image-1038\" title=\"\" srcset=\"https:\/\/fishfoodpelletmachine.com\/wp-content\/uploads\/2025\/11\/structure-of-fish-food-pellet-packer.webp 720w, https:\/\/fishfoodpelletmachine.com\/wp-content\/uploads\/2025\/11\/structure-of-fish-food-pellet-packer-300x225.webp 300w, https:\/\/fishfoodpelletmachine.com\/wp-content\/uploads\/2025\/11\/structure-of-fish-food-pellet-packer-16x12.webp 16w\" sizes=\"auto, (max-width: 720px) 100vw, 720px\" \/><figcaption class=\"wp-element-caption\">structure de l'emballeuse de granul\u00e9s pour aliments pour poissons<\/figcaption><\/figure> <\/div>   <h2 class=\"wp-block-heading\"><strong>Principe de fonctionnement de la machine d'emballage de granul\u00e9s pour aliments pour poissons<\/strong><\/h2>    <p>Le processus d'op\u00e9ration de la machine d'emballage de granul\u00e9s pour aliments pour poissons est simple, comprenant principalement les quatre \u00e9tapes suivantes:<\/p>    <ol class=\"wp-block-list\"> <li><strong>Pesage<\/strong>: Cette machine portions les mat\u00e9riaux en poids sp\u00e9cifi\u00e9s \u00e0 l'aide de gobelets doseurs; il suffit de remplacer le gobelet doseur pour obtenir diff\u00e9rentes tailles de portions.<\/li>    <li><strong>Formage de sac<\/strong>g : Le dispositif de formage fa\u00e7onne le rouleau de film en sacs, assurant des sacs uniformes et esth\u00e9tiques.<\/li>    <li><strong>D\u00e9tection et coupe automatiques<\/strong>Un syst\u00e8me de cellule photo\u00e9lectrique d\u00e9tecte la longueur du sac en temps r\u00e9el, garantissant des positions de scellement et de coupe pr\u00e9cises.<\/li>    <li><strong>Remplissage et fermeture<\/strong>Un dispositif de vibration superficiel aide les mat\u00e9riaux \u00e0 entrer dans le sac plus rapidement et plus uniform\u00e9ment, puis la machine effectue automatiquement le scellement et la coupe.<\/li> <\/ol>    <figure class=\"wp-block-gallery has-nested-images columns-default is-cropped wp-block-gallery-3 is-layout-flex wp-block-gallery-is-layout-flex\"> <figure class=\"wp-block-image size-large\"><img loading=\"lazy\" decoding=\"async\" width=\"540\" height=\"720\" data-id=\"1041\" src=\"https:\/\/fishfoodpelletmachine.com\/wp-content\/uploads\/2025\/11\/measuring-cup-of-fish-feed-pellet-packing-machine.webp\" alt=\"tasse de mesure de la machine d&#039;emballage de granul\u00e9s pour poissons\" class=\"wp-image-1041\" title=\"\" srcset=\"https:\/\/fishfoodpelletmachine.com\/wp-content\/uploads\/2025\/11\/measuring-cup-of-fish-feed-pellet-packing-machine.webp 540w, https:\/\/fishfoodpelletmachine.com\/wp-content\/uploads\/2025\/11\/measuring-cup-of-fish-feed-pellet-packing-machine-225x300.webp 225w, https:\/\/fishfoodpelletmachine.com\/wp-content\/uploads\/2025\/11\/measuring-cup-of-fish-feed-pellet-packing-machine-9x12.webp 9w\" sizes=\"auto, (max-width: 540px) 100vw, 540px\" \/><figcaption class=\"wp-element-caption\">Tasse de mesure de la machine d'emballage de granul\u00e9s pour aliments pour poissons<\/figcaption><\/figure>    <figure class=\"wp-block-image size-large\"><img loading=\"lazy\" decoding=\"async\" width=\"540\" height=\"720\" data-id=\"1039\" src=\"https:\/\/fishfoodpelletmachine.com\/wp-content\/uploads\/2025\/11\/bag-former-of-fish-food-pellet-packer.webp\" alt=\"formeur de sacs de la machine d&#039;emballage de granul\u00e9s pour poissons\" class=\"wp-image-1039\" title=\"\" srcset=\"https:\/\/fishfoodpelletmachine.com\/wp-content\/uploads\/2025\/11\/bag-former-of-fish-food-pellet-packer.webp 540w, https:\/\/fishfoodpelletmachine.com\/wp-content\/uploads\/2025\/11\/bag-former-of-fish-food-pellet-packer-225x300.webp 225w, https:\/\/fishfoodpelletmachine.com\/wp-content\/uploads\/2025\/11\/bag-former-of-fish-food-pellet-packer-9x12.webp 9w\" sizes=\"auto, (max-width: 540px) 100vw, 540px\" \/><figcaption class=\"wp-element-caption\">Formeuse de sacs pour l'emballeuse de granul\u00e9s pour aliments pour poissons<\/figcaption><\/figure>    <figure class=\"wp-block-image size-large\"><img loading=\"lazy\" decoding=\"async\" width=\"540\" height=\"720\" data-id=\"1040\" src=\"https:\/\/fishfoodpelletmachine.com\/wp-content\/uploads\/2025\/11\/cutter-of-fish-foo-pellet-packing-equipment.webp\" alt=\"cutter de l&#039;\u00e9quipement d&#039;emballage de granul\u00e9s pour poissons\" class=\"wp-image-1040\" title=\"\" srcset=\"https:\/\/fishfoodpelletmachine.com\/wp-content\/uploads\/2025\/11\/cutter-of-fish-foo-pellet-packing-equipment.webp 540w, https:\/\/fishfoodpelletmachine.com\/wp-content\/uploads\/2025\/11\/cutter-of-fish-foo-pellet-packing-equipment-225x300.webp 225w, https:\/\/fishfoodpelletmachine.com\/wp-content\/uploads\/2025\/11\/cutter-of-fish-foo-pellet-packing-equipment-9x12.webp 9w\" sizes=\"auto, (max-width: 540px) 100vw, 540px\" \/><figcaption class=\"wp-element-caption\">Coupeur de l'\u00e9quipement d'emballage de granul\u00e9s pour aliments pour poissons<\/figcaption><\/figure> <\/figure>    <h2 class=\"wp-block-heading\"><strong>Applications de la machine d'emballage de granul\u00e9s pour aliments pour poissons<\/strong><\/h2>    <p>La machine d'emballage de granul\u00e9s pour aliments pour poissons Taizy a une large gamme d'applications. En plus d'emballer des granul\u00e9s pour poissons, elle peut \u00e9galement emballer divers mat\u00e9riaux tels que graines de melon, bonbons, sucre, popcorn, f\u00e8ves de cacao, sel et riz.<\/p>   <div class=\"wp-block-image\"> <figure class=\"aligncenter size-full\"><img loading=\"lazy\" decoding=\"async\" width=\"720\" height=\"540\" src=\"https:\/\/fishfoodpelletmachine.com\/wp-content\/uploads\/2025\/11\/application-of-fish-feed-pellet-packer-machine.webp\" alt=\"application de la machine d&#039;emballage de granul\u00e9s pour aliments pour poissons\" class=\"wp-image-1043\" title=\"\" srcset=\"https:\/\/fishfoodpelletmachine.com\/wp-content\/uploads\/2025\/11\/application-of-fish-feed-pellet-packer-machine.webp 720w, https:\/\/fishfoodpelletmachine.com\/wp-content\/uploads\/2025\/11\/application-of-fish-feed-pellet-packer-machine-300x225.webp 300w, https:\/\/fishfoodpelletmachine.com\/wp-content\/uploads\/2025\/11\/application-of-fish-feed-pellet-packer-machine-16x12.webp 16w\" sizes=\"auto, (max-width: 720px) 100vw, 720px\" \/><figcaption class=\"wp-element-caption\">application de la machine d'emballage de granul\u00e9s pour aliments pour poissons<\/figcaption><\/figure> <\/div>   <h2 class=\"wp-block-heading\"><strong>Sp\u00e9cifications de la machine de remplissage et d'emballage de granul\u00e9s pour aliments pour poissons<\/strong><\/h2>    <p>Cette machine d'emballage de granul\u00e9s pour aliments pour poissons est disponible en deux mod\u00e8les : TZ-320 et TZ-450. Les param\u00e8tres sp\u00e9cifiques sont les suivants : <\/p>    <figure class=\"wp-block-table\"><table class=\"has-fixed-layout\"><tbody><tr><td>Mod\u00e8le<\/td><td>TZ-320<\/td><td>TZ-450<\/td><\/tr><tr><td>Style de sac<\/td><td>Sceau arri\u00e8re, scellement 3 c\u00f4t\u00e9s, scellement 4 c\u00f4t\u00e9s<\/td><td>Sceau arri\u00e8re, scellement 3 c\u00f4t\u00e9s, scellement 4 c\u00f4t\u00e9s<\/td><\/tr><tr><td>Largeur du sac<\/td><td>20-150mm<\/td><td>20-200mm<\/td><\/tr><tr><td>Longueur du sac<\/td><td>30-180mm<\/td><td>30-180mm<\/td><\/tr><tr><td>Largeur du film<\/td><td>300mm(max)<\/td><td>430mm(max\uff09<\/td><\/tr><tr><td>Poids d'emballage<\/td><td>0-200g<\/td><td>0-1000g<\/td><\/tr><tr><td>Vitesse d'emballage<\/td><td>20-80 sacs\/min<\/td><td>20-80 sacs\/min<\/td><\/tr><tr><td>Consommation d'\u00e9nergie<\/td><td>1.8kw<\/td><td>2,2 kW<\/td><\/tr><tr><td>Poids de la machine<\/td><td>250kg<\/td><td>420kg<\/td><\/tr><tr><td>Dimension<\/td><td>650*1050*1950mm<\/td><td>750*750*2100mm<\/td><\/tr><\/tbody><\/table><figcaption class=\"wp-element-caption\">param\u00e8tres de la machine d'emballage de granul\u00e9s pour aliments pour poissons<\/figcaption><\/figure>    <h2 class=\"wp-block-heading\"><strong>Quel est le prix de la machine d'emballage de granul\u00e9s pour aliments pour poissons ?<\/strong><\/h2>    <p>Le prix des machines d'emballage de granul\u00e9s d'alimentation pour poissons est influenc\u00e9 par divers facteurs, tels que la capacit\u00e9 de production, le niveau d'automatisation et les configurations suppl\u00e9mentaires. Lors du choix du conditionneur de granul\u00e9s d'alimentation pour poissons, des facteurs tels que l'\u00e9chelle de production, la qualit\u00e9 de la machine et le prix doivent \u00eatre pris en compte de mani\u00e8re globale.<\/p>   <div class=\"wp-block-image\"> <figure class=\"aligncenter size-full\"><img loading=\"lazy\" decoding=\"async\" width=\"720\" height=\"540\" src=\"https:\/\/fishfoodpelletmachine.com\/wp-content\/uploads\/2025\/11\/fish-food-pellet-packaging-machine.webp\" alt=\"Machine d&#039;emballage de granul\u00e9s pour aliments pour poissons\" class=\"wp-image-1042\" title=\"\" srcset=\"https:\/\/fishfoodpelletmachine.com\/wp-content\/uploads\/2025\/11\/fish-food-pellet-packaging-machine.webp 720w, https:\/\/fishfoodpelletmachine.com\/wp-content\/uploads\/2025\/11\/fish-food-pellet-packaging-machine-300x225.webp 300w, https:\/\/fishfoodpelletmachine.com\/wp-content\/uploads\/2025\/11\/fish-food-pellet-packaging-machine-16x12.webp 16w\" sizes=\"auto, (max-width: 720px) 100vw, 720px\" \/><figcaption class=\"wp-element-caption\">Machine d'emballage de granul\u00e9s pour aliments pour poissons<\/figcaption><\/figure> <\/div>   <h2 class=\"wp-block-heading\">Pourquoi choisir Taizy comme fournisseur ?<\/h2>    <p>Taizy, en tant que fournisseur professionnel d'\u00e9quipements d'emballage, propose des machines d'emballage de granul\u00e9s pour poissons qui ont re\u00e7u de nombreux \u00e9loges de la part des clients pour leur qualit\u00e9 et leur service.<\/p>    <ul class=\"wp-block-list\"> <li>L'\u00e9quipement offre une performance stable, une haute pr\u00e9cision et une op\u00e9ration fiable.<\/li>    <li>Des sp\u00e9cifications et mat\u00e9riaux d'emballage personnalisables sont disponibles.<\/li>    <li>Une installation, une mise en service, une assistance technique et un support apr\u00e8s-vente sont fournis.<\/li>    <li>Une exp\u00e9dition mondiale est disponible, soutenue par une vaste exp\u00e9rience d'exportation, avec des produits vendus en Asie du Sud-Est, en Afrique, au Moyen-Orient et dans d'autres r\u00e9gions.<\/li> <\/ul>    <figure class=\"wp-block-gallery has-nested-images columns-default is-cropped wp-block-gallery-4 is-layout-flex wp-block-gallery-is-layout-flex\"> <figure class=\"wp-block-image size-large\"><img loading=\"lazy\" decoding=\"async\" width=\"720\" height=\"540\" data-id=\"1044\" src=\"https:\/\/fishfoodpelletmachine.com\/wp-content\/uploads\/2025\/11\/factory-of-fish-feed-pellet-filling-and-packing-machine.webp\" alt=\"usine de remplissage et d&#039;emballage de granul\u00e9s pour aliments pour poissons\" class=\"wp-image-1044\" title=\"\" srcset=\"https:\/\/fishfoodpelletmachine.com\/wp-content\/uploads\/2025\/11\/factory-of-fish-feed-pellet-filling-and-packing-machine.webp 720w, https:\/\/fishfoodpelletmachine.com\/wp-content\/uploads\/2025\/11\/factory-of-fish-feed-pellet-filling-and-packing-machine-300x225.webp 300w, https:\/\/fishfoodpelletmachine.com\/wp-content\/uploads\/2025\/11\/factory-of-fish-feed-pellet-filling-and-packing-machine-16x12.webp 16w\" sizes=\"auto, (max-width: 720px) 100vw, 720px\" \/><figcaption class=\"wp-element-caption\">Usine de remplissage et d'emballage de granul\u00e9s pour aliments pour poissons<\/figcaption><\/figure>    <figure class=\"wp-block-image size-large\"><img loading=\"lazy\" decoding=\"async\" width=\"720\" height=\"540\" data-id=\"1011\" src=\"https:\/\/fishfoodpelletmachine.com\/wp-content\/uploads\/2025\/09\/our-company.webp\" alt=\"notre entreprise\" class=\"wp-image-1011\" title=\"\" srcset=\"https:\/\/fishfoodpelletmachine.com\/wp-content\/uploads\/2025\/09\/our-company.webp 720w, https:\/\/fishfoodpelletmachine.com\/wp-content\/uploads\/2025\/09\/our-company-300x225.webp 300w, https:\/\/fishfoodpelletmachine.com\/wp-content\/uploads\/2025\/09\/our-company-16x12.webp 16w\" sizes=\"auto, (max-width: 720px) 100vw, 720px\" \/><figcaption class=\"wp-element-caption\">Notre entreprise<\/figcaption><\/figure>    <figure class=\"wp-block-image size-large\"><img loading=\"lazy\" decoding=\"async\" width=\"720\" height=\"540\" data-id=\"1045\" src=\"https:\/\/fishfoodpelletmachine.com\/wp-content\/uploads\/2025\/11\/our-customer.webp\" alt=\"notre client\" class=\"wp-image-1045\" title=\"\" srcset=\"https:\/\/fishfoodpelletmachine.com\/wp-content\/uploads\/2025\/11\/our-customer.webp 720w, https:\/\/fishfoodpelletmachine.com\/wp-content\/uploads\/2025\/11\/our-customer-300x225.webp 300w, https:\/\/fishfoodpelletmachine.com\/wp-content\/uploads\/2025\/11\/our-customer-16x12.webp 16w\" sizes=\"auto, (max-width: 720px) 100vw, 720px\" \/><figcaption class=\"wp-element-caption\">Notre client<\/figcaption><\/figure> <\/figure>    <h2 class=\"wp-block-heading\"><strong>Contactez-nous d\u00e8s maintenant\uff01<\/strong><\/h2>    <p>La machine d'emballage de granul\u00e9s pour aliments pour poissons am\u00e9liore consid\u00e9rablement la qualit\u00e9 et l'efficacit\u00e9 de l'emballage gr\u00e2ce \u00e0 sa conception pr\u00e9cise et intelligente. Elle rationalise le processus, r\u00e9duit la main-d'\u0153uvre et aide les entreprises \u00e0 construire une image de marque plus professionnelle.<\/p>    <p class=\"translation-block\">De plus, Taizy propose la machine \u00e0 granul\u00e9s pour aliments pour poissons \u00e0 performance stable qui peut \u00eatre associ\u00e9e \u00e0 la machine d'emballage pour r\u00e9aliser une production enti\u00e8rement automatis\u00e9e, de la granul\u00e9s \u00e0 l'emballage. Contactez-nous \u00e0 tout moment si vous avez des besoins !<\/p>","protected":false},"excerpt":{"rendered":"<p>The fish feed pellet packing machine is a highly efficient automated packaging device that integrates automatic weighing, bag making, filling, and sealing. It offers 3-side seal, 4-side sealing, and back seal options. It operates at a high efficiency, achieving a packaging speed of up to 80bags\/min. In addition to packaging fish food pellets, this fish [&hellip;]<\/p>\n","protected":false},"author":1,"featured_media":1035,"parent":0,"template":"","tags":[52,77],"product-type":[5],"class_list":["post-1034","product","type-product","status-publish","has-post-thumbnail","hentry","tag-fish-feed","tag-fish-feed-pellet","product-type-fish-feed-pellet-machine"],"_links":{"self":[{"href":"https:\/\/fishfoodpelletmachine.com\/fr\/wp-json\/wp\/v2\/product\/1034","targetHints":{"allow":["GET"]}}],"collection":[{"href":"https:\/\/fishfoodpelletmachine.com\/fr\/wp-json\/wp\/v2\/product"}],"about":[{"href":"https:\/\/fishfoodpelletmachine.com\/fr\/wp-json\/wp\/v2\/types\/product"}],"author":[{"embeddable":true,"href":"https:\/\/fishfoodpelletmachine.com\/fr\/wp-json\/wp\/v2\/users\/1"}],"wp:featuredmedia":[{"embeddable":true,"href":"https:\/\/fishfoodpelletmachine.com\/fr\/wp-json\/wp\/v2\/media\/1035"}],"wp:attachment":[{"href":"https:\/\/fishfoodpelletmachine.com\/fr\/wp-json\/wp\/v2\/media?parent=1034"}],"wp:term":[{"taxonomy":"post_tag","embeddable":true,"href":"https:\/\/fishfoodpelletmachine.com\/fr\/wp-json\/wp\/v2\/tags?post=1034"},{"taxonomy":"product-type","embeddable":true,"href":"https:\/\/fishfoodpelletmachine.com\/fr\/wp-json\/wp\/v2\/product-type?post=1034"}],"curies":[{"name":"wp","href":"https:\/\/api.w.org\/{rel}","templated":true}]}}