{"id":1096,"date":"2026-04-24T14:00:48","date_gmt":"2026-04-24T06:00:48","guid":{"rendered":"https:\/\/fishfoodpelletmachine.com\/?post_type=product&#038;p=1096"},"modified":"2026-04-24T16:32:51","modified_gmt":"2026-04-24T08:32:51","slug":"pet-dog-food-pellet-machine","status":"publish","type":"product","link":"https:\/\/fishfoodpelletmachine.com\/fr\/product\/pet-dog-food-pellet-machine\/","title":{"rendered":"Machine \u00e0 pellets pour chien"},"content":{"rendered":"<p class=\"translation-block\">Notre<strong> machine \u00e0 pellets pour aliments pour chiens<\/strong> utilise la technologie d'extrusion \u00e0 vis et de gonflement. Elle peut traiter rapidement une vari\u00e9t\u00e9 de mati\u00e8res premi\u00e8res, telles que la farine de ma\u00efs, le tourteau de soja et la viande en poudre, en pellets pour chiens. Cette machine supporte des diam\u00e8tres de pellet allant de 1 mm \u00e0 13 mm (personnalisable), ce qui la rend tr\u00e8s polyvalente pour la production d'aliments pour chiens, chats, poissons et tortues.<\/p>    <p>Selon les exigences sp\u00e9cifiques de l'environnement de production, la machine \u00e0 fabriquer des aliments pour chiens peut \u00eatre configur\u00e9e avec un moteur \u00e9lectrique ou un moteur diesel comme source d'\u00e9nergie. Avec sa haute efficacit\u00e9 et sa stabilit\u00e9 exceptionnelle, elle constitue un choix id\u00e9al pour les petites et moyennes usines de transformation d'aliments et les fermes d'\u00e9levage.<\/p>    <figure class=\"wp-block-embed is-type-video is-provider-youtube wp-block-embed-youtube wp-embed-aspect-16-9 wp-has-aspect-ratio\"><div class=\"wp-block-embed__wrapper\"> <iframe loading=\"lazy\" title=\"Machine \u00e0 fabriquer des pellets pour aliments pour chiens | Comment fonctionne la machine \u00e0 extruder pour pellets pour chiens ?#alimentationcanine\" width=\"500\" height=\"281\" src=\"https:\/\/www.youtube.com\/embed\/ywivps7CGIU?feature=oembed\" frameborder=\"0\" allow=\"accelerometer; autoplay; clipboard-write; encrypted-media; gyroscope; picture-in-picture; web-share\" referrerpolicy=\"strict-origin-when-cross-origin\" allowfullscreen><\/iframe> <\/div><figcaption class=\"wp-element-caption\">Vid\u00e9o de fonctionnement de la machine \u00e0 pellets pour aliments pour chiens<\/figcaption><\/figure>    <h2 class=\"wp-block-heading\"><strong>Principaux avantages et caract\u00e9ristiques de performance<\/strong><\/h2>    <ul class=\"wp-block-list\"> <li><strong>Production \u00e0 haute efficacit\u00e9<\/strong> <ul class=\"wp-block-list\"> <li>De l'entr\u00e9e du mat\u00e9riau \u00e0 la sortie en quelques secondes.<\/li>    <li>Le processus de production continue augmente la capacit\u00e9 globale.<\/li> <\/ul> <\/li>    <li><strong>Large gamme de production<\/strong> <ul class=\"wp-block-list\"> <li>Couvre un large spectre de sp\u00e9cifications, allant de 40 kg\/h \u00e0 3,5 t\/h.<\/li>    <li>Convient aux utilisateurs de diff\u00e9rentes \u00e9chelles op\u00e9rationnelles.<\/li> <\/ul> <\/li>    <li><strong>Options d'alimentation flexibles<\/strong> <ul class=\"wp-block-list\"> <li>Prend en charge \u00e0 la fois les moteurs \u00e9lectriques et les moteurs diesel.<\/li>    <li>Adapt\u00e9 aux conditions d'alimentation \u00e9lectrique r\u00e9gionales diverses.<\/li> <\/ul> <\/li>    <li><strong>Stable et durable<\/strong> <ul class=\"wp-block-list\"> <li>Caract\u00e9ristique d'une conception simple \u00e0 vis unique.<\/li>    <li>Assure des co\u00fbts de maintenance faibles et une longue dur\u00e9e de vie.<\/li> <\/ul> <\/li>    <li><strong>Fonctionnement simple<\/strong> <ul class=\"wp-block-list\"> <li>Une seule personne peut g\u00e9rer l'ensemble du processus.<\/li>    <li>Aide \u00e0 r\u00e9duire les co\u00fbts de main-d'\u0153uvre.<\/li> <\/ul> <\/li> <\/ul>    <figure class=\"wp-block-gallery has-nested-images columns-default is-cropped wp-block-gallery-2 is-layout-flex wp-block-gallery-is-layout-flex\"> <figure class=\"wp-block-image size-large\"><img loading=\"lazy\" decoding=\"async\" width=\"720\" height=\"540\" data-id=\"1097\" src=\"https:\/\/fishfoodpelletmachine.com\/wp-content\/uploads\/2026\/04\/dog-food-pellet-extruder-machine.webp\" alt=\"Machine \u00e0 extruder pour pellets pour aliments pour chiens\" class=\"wp-image-1097\" title=\"\" srcset=\"https:\/\/fishfoodpelletmachine.com\/wp-content\/uploads\/2026\/04\/dog-food-pellet-extruder-machine.webp 720w, https:\/\/fishfoodpelletmachine.com\/wp-content\/uploads\/2026\/04\/dog-food-pellet-extruder-machine-300x225.webp 300w, https:\/\/fishfoodpelletmachine.com\/wp-content\/uploads\/2026\/04\/dog-food-pellet-extruder-machine-16x12.webp 16w\" sizes=\"auto, (max-width: 720px) 100vw, 720px\" \/><figcaption class=\"wp-element-caption\">Machine \u00e0 extruder pour pellets pour aliments pour chiens<\/figcaption><\/figure>    <figure class=\"wp-block-image size-large\"><img loading=\"lazy\" decoding=\"async\" width=\"720\" height=\"540\" data-id=\"1098\" src=\"https:\/\/fishfoodpelletmachine.com\/wp-content\/uploads\/2026\/04\/dog-food-pellet-maker-machine.webp\" alt=\"Machine \u00e0 fabriquer des pellets pour aliments pour chiens\" class=\"wp-image-1098\" title=\"\" srcset=\"https:\/\/fishfoodpelletmachine.com\/wp-content\/uploads\/2026\/04\/dog-food-pellet-maker-machine.webp 720w, https:\/\/fishfoodpelletmachine.com\/wp-content\/uploads\/2026\/04\/dog-food-pellet-maker-machine-300x225.webp 300w, https:\/\/fishfoodpelletmachine.com\/wp-content\/uploads\/2026\/04\/dog-food-pellet-maker-machine-16x12.webp 16w\" sizes=\"auto, (max-width: 720px) 100vw, 720px\" \/><figcaption class=\"wp-element-caption\">Machine \u00e0 fabriquer des pellets pour aliments pour chiens<\/figcaption><\/figure> <\/figure>    <h2 class=\"wp-block-heading\"><strong>Principe de fonctionnement de la machine \u00e0 pellets pour aliments pour chiens<\/strong><\/h2>    <p>Cette machine \u00e0 fabriquer des aliments pour chiens est une machine d'extrusion \u00e0 vis unique qui utilise une haute temp\u00e9rature et une haute pression pour cuire, gonfler et fa\u00e7onner instantan\u00e9ment les mati\u00e8res premi\u00e8res :<\/p>    <ul class=\"wp-block-list\"> <li>Les mati\u00e8res premi\u00e8res entrent dans le syst\u00e8me de vis apr\u00e8s m\u00e9lange.<\/li>    <li>Ils subissent une extrusion et une cuisson dans un environnement \u00e0 haute temp\u00e9rature et haute pression.<\/li>    <li>Ils sont fa\u00e7onn\u00e9s via des moules.<\/li> <\/ul>    <p>Cette m\u00e9thode de traitement am\u00e9liore non seulement la palatabilit\u00e9 de l'aliment mais aussi st\u00e9rilise efficacement le produit, renfor\u00e7ant ainsi sa s\u00e9curit\u00e9.<\/p>   <div class=\"wp-block-image\"> <figure class=\"aligncenter size-full\"><img loading=\"lazy\" decoding=\"async\" width=\"720\" height=\"540\" src=\"https:\/\/fishfoodpelletmachine.com\/wp-content\/uploads\/2026\/04\/dog-feed-pellet-machine.webp\" alt=\"Machine \u00e0 pellets pour aliments pour chiens\" class=\"wp-image-1099\" title=\"\" srcset=\"https:\/\/fishfoodpelletmachine.com\/wp-content\/uploads\/2026\/04\/dog-feed-pellet-machine.webp 720w, https:\/\/fishfoodpelletmachine.com\/wp-content\/uploads\/2026\/04\/dog-feed-pellet-machine-300x225.webp 300w, https:\/\/fishfoodpelletmachine.com\/wp-content\/uploads\/2026\/04\/dog-feed-pellet-machine-16x12.webp 16w\" sizes=\"auto, (max-width: 720px) 100vw, 720px\" \/><figcaption class=\"wp-element-caption\">Machine \u00e0 pellets pour aliments pour chiens<\/figcaption><\/figure> <\/div>   <h2 class=\"wp-block-heading\"><strong>Param\u00e8tres de la machine \u00e0 pellets pour aliments pour chiens<\/strong><\/h2>    <p>Nous proposons une large gamme de mod\u00e8les de pellets pour aliments pour chiens, avec des capacit\u00e9s de production allant de 40 \u00e0 3 500 kg\/h. Voici les sp\u00e9cifications d\u00e9taill\u00e9es de nos mod\u00e8les de machines \u00e0 pellets pour aliments pour chiens les plus vendus, \u00e0 titre de r\u00e9f\u00e9rence.<\/p>    <figure class=\"wp-block-table\"><table><thead><tr><th>Mod\u00e8le<\/th><th>Capacit\u00e9 (kg\/h)<\/th><th>Puissance principale (kW)<\/th><th>Puissance du coupeur (kW)<\/th><th>Puissance d'alimentation (kW)<\/th><th>Diam\u00e8tre de la vis (mm)<\/th><th>Taille (mm)<\/th><th>Poids (kg)<\/th><\/tr><\/thead><tbody><tr><td>DGP-60<\/td><td>120\u2013150<\/td><td>15<\/td><td>0.4<\/td><td>0.4<\/td><td>60<\/td><td>1450 \u00d7 950 \u00d7 1430<\/td><td>480<\/td><\/tr><tr><td>DGP-70<\/td><td>180\u2013250<\/td><td>18.5<\/td><td>0.4<\/td><td>0.4<\/td><td>70<\/td><td>1600 \u00d7 1400 \u00d7 1450<\/td><td>600<\/td><\/tr><tr><td>DGP-80<\/td><td>300\u2013350<\/td><td>22<\/td><td>0.4<\/td><td>0.4<\/td><td>80<\/td><td>1850 \u00d7 1470 \u00d7 1500<\/td><td>800<\/td><\/tr><tr><td>DGP-100<\/td><td>500\u2013550<\/td><td>37<\/td><td>1.1<\/td><td>1.5<\/td><td>100<\/td><td>2000 \u00d7 1600 \u00d7 1600<\/td><td>1500<\/td><\/tr><tr><td>DGP-120<\/td><td>600\u2013700<\/td><td>55<\/td><td>1.1<\/td><td>2.2<\/td><td>120<\/td><td>2200 \u00d7 2010 \u00d7 1700<\/td><td>1850<\/td><\/tr><\/tbody><\/table><figcaption class=\"wp-element-caption\">Sp\u00e9cifications de la machine \u00e0 extruder pour pellets d'aliments pour chiens<\/figcaption><\/figure>    <h2 class=\"wp-block-heading\"><strong>Traitement des mati\u00e8res premi\u00e8res et champ d'application<\/strong><\/h2>    <p>Cette machine \u00e0 pellets pour aliments pour chiens offre une large gamme d'applications et peut traiter une vari\u00e9t\u00e9 de mati\u00e8res premi\u00e8res :<\/p>    <ul class=\"wp-block-list\"> <li>Ingr\u00e9dients d'origine v\u00e9g\u00e9tale : farine de ma\u00efs, farine de bl\u00e9, tourteau de soja, son de riz<\/li>    <li>Prot\u00e9ines animales : viande, poisson, os<\/li>    <li>Transformation des sous-produits : utilisation des abats et des d\u00e9chets animaux<\/li>    <li>Industrie des graisses et huiles : utilis\u00e9 comme \u00e9quipement de pr\u00e9-traitement<\/li> <\/ul>    <p class=\"translation-block\"><strong>Les types de produits finis incluent :<\/strong><\/p>    <ul class=\"wp-block-list\"> <li>Pellets pour chiens<\/li>    <li>Pellets pour chats<\/li>    <li>Aliments pour poissons flottants \/ aliments pour poissons coulants<\/li>    <li>Aliments pour tortues, etc.<\/li> <\/ul>   <div class=\"wp-block-image\"> <figure class=\"aligncenter size-full is-resized\"><img loading=\"lazy\" decoding=\"async\" width=\"720\" height=\"540\" src=\"https:\/\/fishfoodpelletmachine.com\/wp-content\/uploads\/2026\/04\/widely-used-of-dog-food-making-machine.webp\" alt=\"widely used of dog food making machine\" class=\"wp-image-1100\" style=\"width:720px;height:auto\" title=\"\" srcset=\"https:\/\/fishfoodpelletmachine.com\/wp-content\/uploads\/2026\/04\/widely-used-of-dog-food-making-machine.webp 720w, https:\/\/fishfoodpelletmachine.com\/wp-content\/uploads\/2026\/04\/widely-used-of-dog-food-making-machine-300x225.webp 300w, https:\/\/fishfoodpelletmachine.com\/wp-content\/uploads\/2026\/04\/widely-used-of-dog-food-making-machine-16x12.webp 16w\" sizes=\"auto, (max-width: 720px) 100vw, 720px\" \/><figcaption class=\"wp-element-caption\">Application \u00e9tendue de la machine \u00e0 fabriquer des aliments pour chiens<\/figcaption><\/figure> <\/div>   <p>Notre machine \u00e0 pellets pour aliments pour chiens peut produire des aliments pour chiens de diff\u00e9rentes formes ; cela est simplement r\u00e9alis\u00e9 en changeant le moule. Les formes de moules courantes incluent :<\/p>    <ul class=\"wp-block-list\"> <li>Pellets ronds<\/li>    <li>Formes d'os<\/li>    <li>Formes cr\u00e9atives telles que c\u0153urs, \u00e9toiles, etc.<\/li> <\/ul>    <p>Des tailles et formes sp\u00e9ciales peuvent \u00eatre personnalis\u00e9es sur demande, permettant aux utilisateurs d'ajuster de mani\u00e8re flexible les types de produits en fonction des demandes du march\u00e9 et d'am\u00e9liorer leur comp\u00e9titivit\u00e9.<\/p>    <figure class=\"wp-block-gallery has-nested-images columns-default is-cropped wp-block-gallery-3 is-layout-flex wp-block-gallery-is-layout-flex\"> <figure class=\"wp-block-image size-large\"><img loading=\"lazy\" decoding=\"async\" width=\"540\" height=\"720\" data-id=\"1101\" src=\"https:\/\/fishfoodpelletmachine.com\/wp-content\/uploads\/2026\/04\/dog-food-pellet-machine.webp\" alt=\"Machine \u00e0 pellets pour aliments pour chiens\" class=\"wp-image-1101\" title=\"\" srcset=\"https:\/\/fishfoodpelletmachine.com\/wp-content\/uploads\/2026\/04\/dog-food-pellet-machine.webp 540w, https:\/\/fishfoodpelletmachine.com\/wp-content\/uploads\/2026\/04\/dog-food-pellet-machine-225x300.webp 225w, https:\/\/fishfoodpelletmachine.com\/wp-content\/uploads\/2026\/04\/dog-food-pellet-machine-9x12.webp 9w\" sizes=\"auto, (max-width: 540px) 100vw, 540px\" \/><figcaption class=\"wp-element-caption\">Machine \u00e0 pellets pour aliments pour chiens<\/figcaption><\/figure>    <figure class=\"wp-block-image size-large\"><img loading=\"lazy\" decoding=\"async\" width=\"540\" height=\"720\" data-id=\"1102\" src=\"https:\/\/fishfoodpelletmachine.com\/wp-content\/uploads\/2026\/04\/mold-types-of-dog-feed-pellet-machine.webp\" alt=\"Types de moules pour machine \u00e0 pellets pour aliments pour chiens\" class=\"wp-image-1102\" title=\"\" srcset=\"https:\/\/fishfoodpelletmachine.com\/wp-content\/uploads\/2026\/04\/mold-types-of-dog-feed-pellet-machine.webp 540w, https:\/\/fishfoodpelletmachine.com\/wp-content\/uploads\/2026\/04\/mold-types-of-dog-feed-pellet-machine-225x300.webp 225w, https:\/\/fishfoodpelletmachine.com\/wp-content\/uploads\/2026\/04\/mold-types-of-dog-feed-pellet-machine-9x12.webp 9w\" sizes=\"auto, (max-width: 540px) 100vw, 540px\" \/><figcaption class=\"wp-element-caption\">Types de moules pour machine \u00e0 pellets pour aliments pour chiens<\/figcaption><\/figure> <\/figure>    <h2 class=\"wp-block-heading\"><strong>Formules courantes pour aliments pour chiens<\/strong><\/h2>    <p>Les aliments pour chiens avec diff\u00e9rents positionnements sur le march\u00e9 varient consid\u00e9rablement dans leur formulation. Voici des formulations de r\u00e9f\u00e9rence courantes, qui peuvent \u00eatre utilis\u00e9es pour la mise en service et la production de la machine \u00e0 pellets pour aliments pour chiens :<\/p>    <p class=\"translation-block\"><strong>Formule pour chiens adultes<\/strong><\/p>    <ul class=\"wp-block-list\"> <li>Farine de ma\u00efs : 30%<\/li>    <li>Farine de ma\u00efs extrud\u00e9e : 20%<\/li>    <li>Bran : 30%<\/li>    <li>Tourteau de soja : 10%<\/li>    <li>Farine de viande : 10%<\/li> <\/ul>    <p class=\"translation-block\"><strong>Formule de base pour chiots<\/strong><\/p>    <ul class=\"wp-block-list\"> <li>Farine de ma\u00efs : 40%<\/li>    <li>Farine de ma\u00efs extrud\u00e9e : 20%<\/li>    <li>Bran : 20%<\/li>    <li>Tourteau de viande et d'os : 15%<\/li>    <li>Farine de riz : 5%<\/li> <\/ul>    <p class=\"translation-block\"><strong>Formule pour chiots de gamme moyenne<\/strong><\/p>    <ul class=\"wp-block-list\"> <li>Farine de ma\u00efs : 30%<\/li>    <li>Bran : 20%<\/li>    <li>Farine de bl\u00e9 : 5%<\/li>    <li>Farine de ma\u00efs extrud\u00e9e : 30%<\/li>    <li>Tourteau de soja : 5%<\/li>    <li>Farine de viande : 10%<\/li> <\/ul>    <p class=\"translation-block\"><strong>Formule pour chiots haut de gamme<\/strong><\/p>    <ul class=\"wp-block-list\"> <li>Farine de ma\u00efs : 20%<\/li>    <li>Farine de ma\u00efs extrud\u00e9e : 15%<\/li>    <li>Bran : 20%<\/li>    <li>Farine de bl\u00e9 : 5%<\/li>    <li>Tourteau de soja : 5%<\/li>    <li>Farine de viande : 10%<\/li>    <li>Lait en poudre : 3%<\/li>    <li>Farine de riz : 12%<\/li>    <li>Poisson de farine : 5%<\/li>    <li>Farine d'os : 5%<\/li> <\/ul>    <figure class=\"wp-block-gallery has-nested-images columns-default is-cropped wp-block-gallery-4 is-layout-flex wp-block-gallery-is-layout-flex\"> <figure class=\"wp-block-image size-large\"><img loading=\"lazy\" decoding=\"async\" width=\"720\" height=\"540\" data-id=\"1103\" src=\"https:\/\/fishfoodpelletmachine.com\/wp-content\/uploads\/2026\/04\/dog-feed-pellets.webp\" alt=\"dog feed pellets\" class=\"wp-image-1103\" title=\"\" srcset=\"https:\/\/fishfoodpelletmachine.com\/wp-content\/uploads\/2026\/04\/dog-feed-pellets.webp 720w, https:\/\/fishfoodpelletmachine.com\/wp-content\/uploads\/2026\/04\/dog-feed-pellets-300x225.webp 300w, https:\/\/fishfoodpelletmachine.com\/wp-content\/uploads\/2026\/04\/dog-feed-pellets-16x12.webp 16w\" sizes=\"auto, (max-width: 720px) 100vw, 720px\" \/><figcaption class=\"wp-element-caption\">Pellets pour aliments pour chiens<\/figcaption><\/figure>    <figure class=\"wp-block-image size-large\"><img loading=\"lazy\" decoding=\"async\" width=\"720\" height=\"540\" data-id=\"1104\" src=\"https:\/\/fishfoodpelletmachine.com\/wp-content\/uploads\/2026\/04\/pet-dog-food-pellets.webp\" alt=\"pet dog food pellets\" class=\"wp-image-1104\" title=\"\" srcset=\"https:\/\/fishfoodpelletmachine.com\/wp-content\/uploads\/2026\/04\/pet-dog-food-pellets.webp 720w, https:\/\/fishfoodpelletmachine.com\/wp-content\/uploads\/2026\/04\/pet-dog-food-pellets-300x225.webp 300w, https:\/\/fishfoodpelletmachine.com\/wp-content\/uploads\/2026\/04\/pet-dog-food-pellets-16x12.webp 16w\" sizes=\"auto, (max-width: 720px) 100vw, 720px\" \/><figcaption class=\"wp-element-caption\">Pellets pour aliments pour chiens<\/figcaption><\/figure>    <figure class=\"wp-block-image size-large\"><img loading=\"lazy\" decoding=\"async\" width=\"720\" height=\"540\" data-id=\"1105\" src=\"https:\/\/fishfoodpelletmachine.com\/wp-content\/uploads\/2026\/04\/dog-food-pellets.webp\" alt=\"dog food pellets\" class=\"wp-image-1105\" title=\"\" srcset=\"https:\/\/fishfoodpelletmachine.com\/wp-content\/uploads\/2026\/04\/dog-food-pellets.webp 720w, https:\/\/fishfoodpelletmachine.com\/wp-content\/uploads\/2026\/04\/dog-food-pellets-300x225.webp 300w, https:\/\/fishfoodpelletmachine.com\/wp-content\/uploads\/2026\/04\/dog-food-pellets-16x12.webp 16w\" sizes=\"auto, (max-width: 720px) 100vw, 720px\" \/><figcaption class=\"wp-element-caption\">Pellets pour aliments pour chiens<\/figcaption><\/figure> <\/figure>    <h2 class=\"wp-block-heading\"><strong>Combien co\u00fbte une machine \u00e0 pellets pour aliments pour chiens ?<\/strong><\/h2>    <p>Le prix d'une extrudeuse \u00e0 pellets pour aliments pour chiens n'est pas fixe ; il est influenc\u00e9 par divers facteurs. Lors du choix de l'\u00e9quipement, il est conseill\u00e9 de consid\u00e9rer de mani\u00e8re globale les points cl\u00e9s suivants :<\/p>    <ul class=\"wp-block-list\"> <li><strong>Capacit\u00e9 de production<\/strong>: Les exigences de production plus \u00e9lev\u00e9es n\u00e9cessitent des configurations d'\u00e9quipement plus grandes et une capacit\u00e9 \u00e9lectrique accrue, ce qui entra\u00eene un prix plus \u00e9lev\u00e9.<\/li>    <li><strong>Source d'\u00e9nergie<\/strong>Le prix variera selon que la machine est aliment\u00e9e par un moteur \u00e9lectrique ou un moteur diesel.<\/li>    <li><strong>Mat\u00e9riaux et configuration<\/strong>: Des facteurs tels que l'utilisation de mat\u00e9riaux de haute qualit\u00e9 et l'inclusion de fonctionnalit\u00e9s, comme un syst\u00e8me d'alimentation automatique, influenceront le co\u00fbt final.<\/li> <\/ul>    <p>Choisissez un mod\u00e8le qui correspond \u00e0 votre volume de production r\u00e9el et \u00e0 votre budget pour \u00e9viter de choisir une configuration excessive ou insuffisante pour vos besoins.<\/p>    <h2 class=\"wp-block-heading\"><strong>Comment choisir une machine \u00e0 pellets pour aliments pour chiens ?<\/strong><\/h2>    <p>Lors du choix d'une machine \u00e0 pellets pour aliments pour chiens, il est recommand\u00e9 de privil\u00e9gier les facteurs suivants :<\/p>    <ul class=\"wp-block-list\"> <li><strong>Exigences de production<\/strong>: Les petites exploitations doivent opter pour le mod\u00e8le DGP-60\/70, tandis que les op\u00e9rations de production \u00e0 grande \u00e9chelle doivent choisir des mod\u00e8les de la s\u00e9rie DGP-100 ou plus.<\/li>    <li><strong>Source d'\u00e9nergie<\/strong>: D\u00e9terminer si une version \u00e0 moteur diesel est n\u00e9cessaire.<\/li>    <li><strong>Sp\u00e9cifications des pellets<\/strong>: \u00c9valuer si des moules personnalis\u00e9s sont n\u00e9cessaires pour r\u00e9pondre \u00e0 des exigences sp\u00e9cifiques de taille de pellet.<\/li>    <li><strong>Fourchette budg\u00e9taire<\/strong>Faites une s\u00e9lection rationnelle en fonction de l'ampleur de votre investissement.<\/li> <\/ul>    <figure class=\"wp-block-gallery has-nested-images columns-default is-cropped wp-block-gallery-5 is-layout-flex wp-block-gallery-is-layout-flex\"> <figure class=\"wp-block-image size-large\"><img loading=\"lazy\" decoding=\"async\" width=\"540\" height=\"720\" data-id=\"1106\" src=\"https:\/\/fishfoodpelletmachine.com\/wp-content\/uploads\/2026\/04\/pet-dog-feed-making-machine.webp\" alt=\"pet dog feed making machine\" class=\"wp-image-1106\" title=\"\" srcset=\"https:\/\/fishfoodpelletmachine.com\/wp-content\/uploads\/2026\/04\/pet-dog-feed-making-machine.webp 540w, https:\/\/fishfoodpelletmachine.com\/wp-content\/uploads\/2026\/04\/pet-dog-feed-making-machine-225x300.webp 225w, https:\/\/fishfoodpelletmachine.com\/wp-content\/uploads\/2026\/04\/pet-dog-feed-making-machine-9x12.webp 9w\" sizes=\"auto, (max-width: 540px) 100vw, 540px\" \/><figcaption class=\"wp-element-caption\">Machine \u00e0 fabriquer des aliments pour chiens<\/figcaption><\/figure>    <figure class=\"wp-block-image size-large\"><img loading=\"lazy\" decoding=\"async\" width=\"540\" height=\"720\" data-id=\"1107\" src=\"https:\/\/fishfoodpelletmachine.com\/wp-content\/uploads\/2026\/04\/dog-feed-pelletizer-machine.webp\" alt=\"dog feed pelletizer machine\" class=\"wp-image-1107\" title=\"\" srcset=\"https:\/\/fishfoodpelletmachine.com\/wp-content\/uploads\/2026\/04\/dog-feed-pelletizer-machine.webp 540w, https:\/\/fishfoodpelletmachine.com\/wp-content\/uploads\/2026\/04\/dog-feed-pelletizer-machine-225x300.webp 225w, https:\/\/fishfoodpelletmachine.com\/wp-content\/uploads\/2026\/04\/dog-feed-pelletizer-machine-9x12.webp 9w\" sizes=\"auto, (max-width: 540px) 100vw, 540px\" \/><figcaption class=\"wp-element-caption\">Machine \u00e0 pellets pour aliments pour chiens<\/figcaption><\/figure>    <figure class=\"wp-block-image size-large\"><img loading=\"lazy\" decoding=\"async\" width=\"540\" height=\"720\" data-id=\"1108\" src=\"https:\/\/fishfoodpelletmachine.com\/wp-content\/uploads\/2026\/04\/dog-feed-pellet-extruder.webp\" alt=\"dog feed pellet extruder\" class=\"wp-image-1108\" title=\"\" srcset=\"https:\/\/fishfoodpelletmachine.com\/wp-content\/uploads\/2026\/04\/dog-feed-pellet-extruder.webp 540w, https:\/\/fishfoodpelletmachine.com\/wp-content\/uploads\/2026\/04\/dog-feed-pellet-extruder-225x300.webp 225w, https:\/\/fishfoodpelletmachine.com\/wp-content\/uploads\/2026\/04\/dog-feed-pellet-extruder-9x12.webp 9w\" sizes=\"auto, (max-width: 540px) 100vw, 540px\" \/><figcaption class=\"wp-element-caption\">Extrudeuse \u00e0 pellets pour aliments pour chiens<\/figcaption><\/figure> <\/figure>    <h2 class=\"wp-block-heading\"><strong>Pourquoi choisir Taizy comme fournisseur ?<\/strong><\/h2>    <ul class=\"wp-block-list\"> <li>Gamme compl\u00e8te de mod\u00e8les d'\u00e9quipements disponibles ; supporte la personnalisation<\/li>    <li>Exp\u00e9rience extensive en exportation ; garantit une qualit\u00e9 constante<\/li>    <li>Prend en charge la configuration de la ligne de production compl\u00e8te<\/li>    <li>Fournit une assistance technique et un service apr\u00e8s-vente<\/li> <\/ul>    <h2 class=\"wp-block-heading\"><strong>Contactez-nous pour d\u00e9marrer votre production !<\/strong><\/h2>    <p class=\"translation-block\">Que ce soit pour une production \u00e0 petite ou grande \u00e9chelle, nos machines \u00e0 pellets pour aliments pour chiens offrent une performance stable, une capacit\u00e9 flexible et des solutions personnalisables. Nous proposons \u00e9galement <a href=\"https:\/\/fishfoodpelletmachine.com\/fr\/product\/animal-feed-pellet-making-machine\/\">machine \u00e0 pellets pour alimentation avicole <\/a> pour r\u00e9pondre \u00e0 des besoins de traitement d'aliments plus larges.<\/p>    <p>Partagez vos mati\u00e8res premi\u00e8res et votre production requise avec nous \u2014 nous recommanderons le bon mod\u00e8le et vous aiderons \u00e0 d\u00e9marrer rapidement la production.<\/p>","protected":false},"excerpt":{"rendered":"<p>This article outlines the working principles, suitable raw materials, and diverse application scenarios of dog food pellet machines, covering the production of dog food, cat food, and fish feed. The equipment supports the interchangeability of various molds and allows for pellet customization, offering key advantages such as high efficiency, robust stability, and versatile processing capabilities.<\/p>","protected":false},"author":1,"featured_media":1109,"parent":0,"template":"","tags":[51],"product-type":[79],"class_list":["post-1096","product","type-product","status-publish","has-post-thumbnail","hentry","tag-feed-pellet","product-type-pet-feed-pellet-machine"],"_links":{"self":[{"href":"https:\/\/fishfoodpelletmachine.com\/fr\/wp-json\/wp\/v2\/product\/1096","targetHints":{"allow":["GET"]}}],"collection":[{"href":"https:\/\/fishfoodpelletmachine.com\/fr\/wp-json\/wp\/v2\/product"}],"about":[{"href":"https:\/\/fishfoodpelletmachine.com\/fr\/wp-json\/wp\/v2\/types\/product"}],"author":[{"embeddable":true,"href":"https:\/\/fishfoodpelletmachine.com\/fr\/wp-json\/wp\/v2\/users\/1"}],"wp:featuredmedia":[{"embeddable":true,"href":"https:\/\/fishfoodpelletmachine.com\/fr\/wp-json\/wp\/v2\/media\/1109"}],"wp:attachment":[{"href":"https:\/\/fishfoodpelletmachine.com\/fr\/wp-json\/wp\/v2\/media?parent=1096"}],"wp:term":[{"taxonomy":"post_tag","embeddable":true,"href":"https:\/\/fishfoodpelletmachine.com\/fr\/wp-json\/wp\/v2\/tags?post=1096"},{"taxonomy":"product-type","embeddable":true,"href":"https:\/\/fishfoodpelletmachine.com\/fr\/wp-json\/wp\/v2\/product-type?post=1096"}],"curies":[{"name":"wp","href":"https:\/\/api.w.org\/{rel}","templated":true}]}}