{"id":178,"date":"2022-08-08T07:27:58","date_gmt":"2022-08-08T07:27:58","guid":{"rendered":"https:\/\/fishfoodpelletmachine.com\/?post_type=product&#038;p=178"},"modified":"2024-06-03T17:36:32","modified_gmt":"2024-06-03T09:36:32","slug":"automatic-hammer-mill","status":"publish","type":"product","link":"https:\/\/fishfoodpelletmachine.com\/fr\/product\/automatic-hammer-mill\/","title":{"rendered":"Broyeur \u00e0 marteaux automatique | Broyeur d'aliments"},"content":{"rendered":"<p>Le broyeur \u00e0 marteaux automatique est une machine que les gens utilisent couramment pour broyer les grains. Les grains broy\u00e9s sont g\u00e9n\u00e9ralement utilis\u00e9s pour fabriquer des mati\u00e8res premi\u00e8res pour divers aliments pour animaux. C'est l'\u00e9quipement de traitement des aliments id\u00e9al pour les plantes de s\u00e9lection et une bonne aide pour les agriculteurs qui souhaitent faire fortune. <\/p>    <p class=\"translation-block\">Le concasseur de c\u00e9r\u00e9ales a une structure simple, facile \u00e0 entretenir et est facile \u00e0 utiliser. De plus, la machine est \u00e9quip\u00e9e de roues, ce qui facilite son d\u00e9placement. Le concasseur de c\u00e9r\u00e9ales sera associ\u00e9 \u00e0 notre <a href=\"https:\/\/fishfoodpelletmachine.com\/fr\/product\/floating-fish-feed-production-line\/\">ligne de production de granul\u00e9s d'aliments pour poissons<\/a>. C'est une machine de concassage essentielle pour la production de granul\u00e9s d'aliments pour poissons afin de traiter les mati\u00e8res premi\u00e8res.<\/p>    <figure class=\"wp-block-embed is-type-video is-provider-youtube wp-block-embed-youtube wp-embed-aspect-16-9 wp-has-aspect-ratio\"><div class=\"wp-block-embed__wrapper\"> <iframe loading=\"lazy\" title=\"Moudre plus intelligemment, pas plus fort\u00a0: maximiser le rendement avec le broyeur \u00e0 marteaux #corn #maize #agriculture\" width=\"500\" height=\"281\" src=\"https:\/\/www.youtube.com\/embed\/-pw7YuA7Z_E?feature=oembed\" frameborder=\"0\" allow=\"accelerometer; autoplay; clipboard-write; encrypted-media; gyroscope; picture-in-picture; web-share\" referrerpolicy=\"strict-origin-when-cross-origin\" allowfullscreen><\/iframe> <\/div><figcaption class=\"wp-element-caption\">Vid\u00e9o de travail du broyeur \u00e0 marteaux automatique<\/figcaption><\/figure>    <h2 class=\"wp-block-heading\" id=\"h-what-s-the-automatic-hammer-mill\">Qu'est-ce que le broyeur \u00e0 marteaux automatique ?<\/h2>    <p class=\"translation-block\">Nous produisons divers mod\u00e8les de <a href=\"https:\/\/taizyfarmequipment.com\/product\/hammer-mill-grinder\/\" data-type=\"link\" data-id=\"https:\/\/taizyfarmequipment.com\/product\/hammer-mill-grinder\/\" target=\"_blank\" rel=\"noopener\">concasseurs de c\u00e9r\u00e9ales<\/a>, et diff\u00e9rents mod\u00e8les ont des d\u00e9bits diff\u00e9rents. Les clients peuvent choisir le bon mod\u00e8le en fonction de leurs besoins. En ce qui concerne la puissance, le broyeur de c\u00e9r\u00e9ales peut fonctionner avec des moteurs diesel, des moteurs \u00e9lectriques et des tracteurs. <\/p>    <p>Le moteur diesel convient \u00e0 une utilisation dans les zones sans \u00e9lectricit\u00e9. Le broyeur \u00e0 marteaux automatique dispose d'un tamis \u00e0 l'int\u00e9rieur de la chambre de concassage et l'utilisateur peut choisir diff\u00e9rentes tailles de maille pour fabriquer diff\u00e9rentes poudres de grains.<\/p>    <figure class=\"wp-block-image size-full\"><img loading=\"lazy\" decoding=\"async\" width=\"720\" height=\"540\" src=\"https:\/\/fishfoodpelletmachine.com\/wp-content\/uploads\/2022\/08\/Automatic-hammer-mill-for-sale.webp\" alt=\"Broyeur \u00e0 marteaux automatique \u00e0 vendre\" class=\"wp-image-818\" title=\"\" srcset=\"https:\/\/fishfoodpelletmachine.com\/wp-content\/uploads\/2022\/08\/Automatic-hammer-mill-for-sale.webp 720w, https:\/\/fishfoodpelletmachine.com\/wp-content\/uploads\/2022\/08\/Automatic-hammer-mill-for-sale-300x225.webp 300w, https:\/\/fishfoodpelletmachine.com\/wp-content\/uploads\/2022\/08\/Automatic-hammer-mill-for-sale-16x12.webp 16w\" sizes=\"auto, (max-width: 720px) 100vw, 720px\" \/><figcaption class=\"wp-element-caption\">Broyeur \u00e0 marteaux automatique \u00e0 vendre<\/figcaption><\/figure>    <p>De plus, nos broyeurs \u00e0 grains sont \u00e9quip\u00e9s d'un cyclone. Cette configuration collecte la poussi\u00e8re et les impuret\u00e9s produites par la machine pendant son travail. De cette fa\u00e7on, l\u2019environnement de travail sera plus propre, plus s\u00fbr et plus hygi\u00e9nique. <\/p>    <p>Nous disposons d\u00e9sormais d\u2019un total de huit mod\u00e8les de broyeurs \u00e0 grains. Chaque mod\u00e8le peut \u00eatre utilis\u00e9 en combinaison avec un broyeur \u00e0 granul\u00e9s pour aliments pour poissons.<\/p>    <figure class=\"wp-block-gallery has-nested-images columns-default is-cropped wp-block-gallery-2 is-layout-flex wp-block-gallery-is-layout-flex\"> <figure class=\"wp-block-image size-large\"><img loading=\"lazy\" decoding=\"async\" width=\"720\" height=\"540\" data-id=\"308\" src=\"https:\/\/fishfoodpelletmachine.com\/wp-content\/uploads\/2022\/09\/320-hammer-mill-crusher0.webp\" alt=\"Concasseur \u00e0 marteaux 320\" class=\"wp-image-308\" title=\"Concasseur \u00e0 marteaux 320\" srcset=\"https:\/\/fishfoodpelletmachine.com\/wp-content\/uploads\/2022\/09\/320-hammer-mill-crusher0.webp 720w, https:\/\/fishfoodpelletmachine.com\/wp-content\/uploads\/2022\/09\/320-hammer-mill-crusher0-300x225.webp 300w\" sizes=\"auto, (max-width: 720px) 100vw, 720px\" \/><figcaption class=\"wp-element-caption\">Broyeur \u00e0 marteaux 320<\/figcaption><\/figure>    <figure class=\"wp-block-image size-large\"><img loading=\"lazy\" decoding=\"async\" width=\"720\" height=\"540\" data-id=\"309\" src=\"https:\/\/fishfoodpelletmachine.com\/wp-content\/uploads\/2022\/09\/corn-crusher-.webp\" alt=\"broyeur de ma\u00efs\" class=\"wp-image-309\" title=\"broyeur de ma\u00efs\" srcset=\"https:\/\/fishfoodpelletmachine.com\/wp-content\/uploads\/2022\/09\/corn-crusher-.webp 720w, https:\/\/fishfoodpelletmachine.com\/wp-content\/uploads\/2022\/09\/corn-crusher--300x225.webp 300w\" sizes=\"auto, (max-width: 720px) 100vw, 720px\" \/><figcaption class=\"wp-element-caption\">Broyeur de ma\u00efs<\/figcaption><\/figure>    <figure class=\"wp-block-image size-large\"><img loading=\"lazy\" decoding=\"async\" width=\"720\" height=\"540\" data-id=\"310\" src=\"https:\/\/fishfoodpelletmachine.com\/wp-content\/uploads\/2022\/09\/420-hammer-mill-grinder0.webp\" alt=\"Broyeur \u00e0 marteaux 420\" class=\"wp-image-310\" title=\"Broyeur \u00e0 marteaux 420\" srcset=\"https:\/\/fishfoodpelletmachine.com\/wp-content\/uploads\/2022\/09\/420-hammer-mill-grinder0.webp 720w, https:\/\/fishfoodpelletmachine.com\/wp-content\/uploads\/2022\/09\/420-hammer-mill-grinder0-300x225.webp 300w\" sizes=\"auto, (max-width: 720px) 100vw, 720px\" \/><figcaption class=\"wp-element-caption\">Broyeur \u00e0 marteaux 420<\/figcaption><\/figure>    <figure class=\"wp-block-image size-large\"><img loading=\"lazy\" decoding=\"async\" width=\"720\" height=\"540\" data-id=\"312\" src=\"https:\/\/fishfoodpelletmachine.com\/wp-content\/uploads\/2022\/09\/500-high-speed-hammer-mill-0.webp\" alt=\"Broyeur \u00e0 marteaux 500 \u00e0 grande vitesse\" class=\"wp-image-312\" title=\"Broyeur \u00e0 marteaux 500 \u00e0 grande vitesse\" srcset=\"https:\/\/fishfoodpelletmachine.com\/wp-content\/uploads\/2022\/09\/500-high-speed-hammer-mill-0.webp 720w, https:\/\/fishfoodpelletmachine.com\/wp-content\/uploads\/2022\/09\/500-high-speed-hammer-mill-0-300x225.webp 300w\" sizes=\"auto, (max-width: 720px) 100vw, 720px\" \/><figcaption class=\"wp-element-caption\">Broyeur \u00e0 marteaux \u00e0 grande vitesse 500<\/figcaption><\/figure>    <figure class=\"wp-block-image size-large\"><img loading=\"lazy\" decoding=\"async\" width=\"720\" height=\"540\" data-id=\"313\" src=\"https:\/\/fishfoodpelletmachine.com\/wp-content\/uploads\/2022\/09\/600-grain-grinder-.webp\" alt=\"Broyeur 600 grains\" class=\"wp-image-313\" title=\"Broyeur 600 grains\" srcset=\"https:\/\/fishfoodpelletmachine.com\/wp-content\/uploads\/2022\/09\/600-grain-grinder-.webp 720w, https:\/\/fishfoodpelletmachine.com\/wp-content\/uploads\/2022\/09\/600-grain-grinder--300x225.webp 300w\" sizes=\"auto, (max-width: 720px) 100vw, 720px\" \/><figcaption class=\"wp-element-caption\">Broyeur \u00e0 grains 600<\/figcaption><\/figure>    <figure class=\"wp-block-image size-large\"><img loading=\"lazy\" decoding=\"async\" width=\"720\" height=\"540\" data-id=\"315\" src=\"https:\/\/fishfoodpelletmachine.com\/wp-content\/uploads\/2022\/09\/700-feed-grinder-.webp\" alt=\"Broyeur d&#039;aliments 700\" class=\"wp-image-315\" title=\"Broyeur d&#039;aliments 700\" srcset=\"https:\/\/fishfoodpelletmachine.com\/wp-content\/uploads\/2022\/09\/700-feed-grinder-.webp 720w, https:\/\/fishfoodpelletmachine.com\/wp-content\/uploads\/2022\/09\/700-feed-grinder--300x225.webp 300w\" sizes=\"auto, (max-width: 720px) 100vw, 720px\" \/><figcaption class=\"wp-element-caption\">Broyeur d'aliments 700<\/figcaption><\/figure> <\/figure>    <h2 class=\"wp-block-heading\">Utilisation des oscilloscopes du broyeur d'aliments<\/h2>    <p>Le broyeur d'aliments peut \u00eatre utilis\u00e9 dans une large gamme d'applications, telles que le ma\u00efs, le sorgho, le bl\u00e9, les haricots, les tiges de ma\u00efs, les plants d'arachide, les plants de patates douces, les peaux d'arachide, les mauvaises herbes s\u00e8ches et d'autres types d'aliments secs et les g\u00e2teaux grossi\u00e8rement broy\u00e9s. . <\/p>    <p>Les mat\u00e9riaux broy\u00e9s peuvent \u00eatre utilis\u00e9s pour nourrir les chevaux, les bovins, les moutons, les porcs, les lapins, les poules, les canards, etc.<\/p>    <p>La machine est solide et durable, s\u00fbre et fiable, facile \u00e0 installer et adapt\u00e9e \u00e0 diverses meuneries d'aliments, seule ou en supportant l'utilisation.<\/p>    <figure class=\"wp-block-image size-full\"><img loading=\"lazy\" decoding=\"async\" width=\"720\" height=\"540\" src=\"https:\/\/fishfoodpelletmachine.com\/wp-content\/uploads\/2022\/09\/application-of-the-feed-grinder.webp\" alt=\"application du broyeur d&#039;aliments\" class=\"wp-image-316\" title=\"application du broyeur d&#039;aliments\" srcset=\"https:\/\/fishfoodpelletmachine.com\/wp-content\/uploads\/2022\/09\/application-of-the-feed-grinder.webp 720w, https:\/\/fishfoodpelletmachine.com\/wp-content\/uploads\/2022\/09\/application-of-the-feed-grinder-300x225.webp 300w\" sizes=\"auto, (max-width: 720px) 100vw, 720px\" \/><figcaption class=\"wp-element-caption\">Application du broyeur d'aliments<\/figcaption><\/figure>    <h2 class=\"wp-block-heading\">Composants du broyeur \u00e0 marteaux pour volailles<\/h2>    <p>Sauf pour les mod\u00e8les 320, le m\u00e9canisme de la machine est le m\u00eame. Comprend principalement une entr\u00e9e, un cyclone, une chambre de concassage, un marteau, un tamis, un ventilateur, etc. La machine a une structure raisonnable, facile \u00e0 utiliser, adapt\u00e9e \u00e0 tous les types de meuneries d'aliments ou \u00e0 un usage domestique.<\/p>    <figure class=\"wp-block-gallery has-nested-images columns-default is-cropped wp-block-gallery-3 is-layout-flex wp-block-gallery-is-layout-flex\"> <figure class=\"wp-block-image size-large\"><img loading=\"lazy\" decoding=\"async\" width=\"720\" height=\"540\" data-id=\"317\" src=\"https:\/\/fishfoodpelletmachine.com\/wp-content\/uploads\/2022\/09\/Automatic-hammer-mill-.webp\" alt=\"broyeur \u00e0 marteaux automatique\" class=\"wp-image-317\" title=\"broyeur \u00e0 marteaux automatique\" srcset=\"https:\/\/fishfoodpelletmachine.com\/wp-content\/uploads\/2022\/09\/Automatic-hammer-mill-.webp 720w, https:\/\/fishfoodpelletmachine.com\/wp-content\/uploads\/2022\/09\/Automatic-hammer-mill--300x225.webp 300w\" sizes=\"auto, (max-width: 720px) 100vw, 720px\" \/><figcaption class=\"wp-element-caption\">Broyeur \u00e0 marteaux automatique<\/figcaption><\/figure>    <figure class=\"wp-block-image size-large\"><img loading=\"lazy\" decoding=\"async\" width=\"720\" height=\"540\" data-id=\"318\" src=\"https:\/\/fishfoodpelletmachine.com\/wp-content\/uploads\/2022\/09\/structure-poultry-hammer-mill.webp\" alt=\"broyeur \u00e0 marteaux de volaille de structure\" class=\"wp-image-318\" title=\"broyeur \u00e0 marteaux de volaille de structure\" srcset=\"https:\/\/fishfoodpelletmachine.com\/wp-content\/uploads\/2022\/09\/structure-poultry-hammer-mill.webp 720w, https:\/\/fishfoodpelletmachine.com\/wp-content\/uploads\/2022\/09\/structure-poultry-hammer-mill-300x225.webp 300w\" sizes=\"auto, (max-width: 720px) 100vw, 720px\" \/><figcaption class=\"wp-element-caption\">Broyeur \u00e0 marteaux de volaille de structure<\/figcaption><\/figure> <\/figure>    <h2 class=\"wp-block-heading\">Quel est le principe de fonctionnement du broyeur \u00e0 grains ?<\/h2>    <p>Le bo\u00eetier du broyeur \u00e0 grains est soud\u00e9 avec un mat\u00e9riau de haute qualit\u00e9, l'entr\u00e9e se trouve en haut du broyeur. Et il peut correspondre \u00e0 diverses formes de structures d\u2019alimentation. Et les lames du marteau sont dispos\u00e9es sym\u00e9triquement. <\/p>    <p>Lorsque le concasseur fonctionne, le mat\u00e9riau entre dans la chambre de concassage. Il est progressivement \u00e9cras\u00e9 sous l'action de la lame du marteau tournant \u00e0 grande vitesse et du frottement de la plaque de criblage. Sous l'action de la force centrifuge et du flux d'air, le mat\u00e9riau est \u00e9vacu\u00e9 par l'orifice de d\u00e9charge inf\u00e9rieur.<\/p>    <figure class=\"wp-block-gallery has-nested-images columns-default is-cropped wp-block-gallery-4 is-layout-flex wp-block-gallery-is-layout-flex\"> <figure class=\"wp-block-image size-large\"><img loading=\"lazy\" decoding=\"async\" width=\"720\" height=\"540\" data-id=\"816\" src=\"https:\/\/fishfoodpelletmachine.com\/wp-content\/uploads\/2022\/08\/9FQ-crushing-machine.webp\" alt=\"Concasseur 9FQ\" class=\"wp-image-816\" title=\"\" srcset=\"https:\/\/fishfoodpelletmachine.com\/wp-content\/uploads\/2022\/08\/9FQ-crushing-machine.webp 720w, https:\/\/fishfoodpelletmachine.com\/wp-content\/uploads\/2022\/08\/9FQ-crushing-machine-300x225.webp 300w, https:\/\/fishfoodpelletmachine.com\/wp-content\/uploads\/2022\/08\/9FQ-crushing-machine-16x12.webp 16w\" sizes=\"auto, (max-width: 720px) 100vw, 720px\" \/><figcaption class=\"wp-element-caption\">Machine de concassage 9Fq<\/figcaption><\/figure>    <figure class=\"wp-block-image size-large\"><img loading=\"lazy\" decoding=\"async\" width=\"720\" height=\"540\" data-id=\"817\" src=\"https:\/\/fishfoodpelletmachine.com\/wp-content\/uploads\/2022\/08\/Automatic-hammer-mill-for-business.webp\" alt=\"Broyeur \u00e0 marteaux automatique pour entreprise\" class=\"wp-image-817\" title=\"\" srcset=\"https:\/\/fishfoodpelletmachine.com\/wp-content\/uploads\/2022\/08\/Automatic-hammer-mill-for-business.webp 720w, https:\/\/fishfoodpelletmachine.com\/wp-content\/uploads\/2022\/08\/Automatic-hammer-mill-for-business-300x225.webp 300w, https:\/\/fishfoodpelletmachine.com\/wp-content\/uploads\/2022\/08\/Automatic-hammer-mill-for-business-16x12.webp 16w\" sizes=\"auto, (max-width: 720px) 100vw, 720px\" \/><figcaption class=\"wp-element-caption\">Broyeur \u00e0 marteaux automatique pour les entreprises<\/figcaption><\/figure> <\/figure>    <h2 class=\"wp-block-heading\">Comment fonctionne la rectifieuse de ma\u00efs ?<\/h2>    <figure class=\"wp-block-embed is-type-video is-provider-youtube wp-block-embed-youtube wp-embed-aspect-16-9 wp-has-aspect-ratio\"><div class=\"wp-block-embed__wrapper\"> <iframe loading=\"lazy\" title=\"Super machine ! Usine de machine de d\u00e9coupe d&#039;herbe\/broyeur \u00e0 marteaux\/broyeur de ma\u00efs broyeur de ma\u00efs\" width=\"500\" height=\"281\" src=\"https:\/\/www.youtube.com\/embed\/6ij2mPeRQ9I?feature=oembed\" frameborder=\"0\" allow=\"accelerometer; autoplay; clipboard-write; encrypted-media; gyroscope; picture-in-picture; web-share\" referrerpolicy=\"strict-origin-when-cross-origin\" allowfullscreen><\/iframe> <\/div><figcaption class=\"wp-element-caption\">processus de travail du broyeur \u00e0 marteaux automatique<\/figcaption><\/figure>    <h2 class=\"wp-block-heading\">Param\u00e8tres techniques du broyeur \u00e0 marteaux<\/h2>    <figure class=\"wp-block-table\"><table><tbody><tr><td><strong>Mod\u00e8le<\/strong><strong><\/strong><\/td><td><strong>Pouvoir<\/strong><strong><\/strong><\/td><td><strong>Poids<\/strong><strong><\/strong><\/td><td><strong>Capacit\u00e9<\/strong><strong><\/strong><\/td><td><strong>Marteau<\/strong><strong><\/strong><\/td><td><strong>Dia<\/strong><strong>&nbsp;<\/strong><strong>de<\/strong><strong>&nbsp;<\/strong><strong>tamis<\/strong><strong><\/strong><\/td><td><strong>Taille (mm)<\/strong><strong><\/strong><\/td><\/tr><tr><td>9FQ-320<\/td><td>2,2 kW<\/td><td>85 kg<\/td><td>200kg\/h<\/td><td>12 pi\u00e8ces<\/td><td>0,5-5 mm<\/td><td>1200*500*1000<\/td><\/tr><tr><td>9FQ-360<\/td><td>5,5 kW<\/td><td>130 kg<\/td><td>600kg\/heure<\/td><td>12 pi\u00e8ces<\/td><td>0,5-5 mm<\/td><td>1200*600*1100<\/td><\/tr><tr><td>9FQ-400<\/td><td>7,5 kW<\/td><td>170 kg<\/td><td>800kg\/heure<\/td><td>12 pi\u00e8ces<\/td><td>1,2-3 mm<\/td><td>1500*800*1400<\/td><\/tr><tr><td>9FQ-420<\/td><td>7,5\/11 kW<\/td><td>220 kg<\/td><td>1000kg\/heure<\/td><td>16 pi\u00e8ces<\/td><td>1,2-3 mm<\/td><td>1500*800*1400<\/td><\/tr><tr><td>9FQ-500<\/td><td>11\/15kw<\/td><td>270 kg<\/td><td>1500kg\/heure<\/td><td>16 pi\u00e8ces<\/td><td>1,2-3 mm<\/td><td>1500*1000*1600<\/td><\/tr><tr><td>9FQ-600<\/td><td>15\/18,5 kW<\/td><td>300 kg<\/td><td>2000kg\/heure<\/td><td>24 pi\u00e8ces<\/td><td>1,2-3 mm<\/td><td>1600*1000*1600<\/td><\/tr><tr><td>9FQ-750<\/td><td>22kw<\/td><td>320 kg<\/td><td>3000kg\/heure<\/td><td>36 pi\u00e8ces<\/td><td>1,2-3 mm<\/td><td>1600*1100*1700<\/td><\/tr><\/tbody><\/table><figcaption class=\"wp-element-caption\">param\u00e8tre du broyeur \u00e0 marteaux<\/figcaption><\/figure>    <figure class=\"wp-block-image size-full\"><img loading=\"lazy\" decoding=\"async\" width=\"720\" height=\"540\" src=\"https:\/\/fishfoodpelletmachine.com\/wp-content\/uploads\/2022\/08\/straw-crushing-machine-for-sale.webp\" alt=\"machine de concassage de paille \u00e0 vendre\" class=\"wp-image-820\" title=\"\" srcset=\"https:\/\/fishfoodpelletmachine.com\/wp-content\/uploads\/2022\/08\/straw-crushing-machine-for-sale.webp 720w, https:\/\/fishfoodpelletmachine.com\/wp-content\/uploads\/2022\/08\/straw-crushing-machine-for-sale-300x225.webp 300w, https:\/\/fishfoodpelletmachine.com\/wp-content\/uploads\/2022\/08\/straw-crushing-machine-for-sale-16x12.webp 16w\" sizes=\"auto, (max-width: 720px) 100vw, 720px\" \/><figcaption class=\"wp-element-caption\">Machine de concassage de paille \u00e0 vendre<\/figcaption><\/figure>    <h2 class=\"wp-block-heading\">Points forts du broyeur \u00e0 marteaux \u00e0 grande vitesse<\/h2>    <ol class=\"wp-block-list\"> <li>Une machine pour plusieurs usages. La machine peut broyer une vari\u00e9t\u00e9 de grains et peut \u00e9galement manipuler de la paille, des plants d'arachide, des coquilles d'arachide, des mauvaises herbes, etc.<\/li>    <li>Facile \u00e0 utiliser et \u00e0 utiliser. Le personnel n'a qu'\u00e0 mettre le mat\u00e9riau dans le port d'alimentation de la machine. De l\u2019\u00e9crasement \u00e0 la d\u00e9charge sans intervention humaine.<\/li>    <li>Le broyeur \u00e0 grains est r\u00e9sistant \u00e0 l'usure et durable, sa longue dur\u00e9e de vie est l'\u00e9quipement id\u00e9al pour traiter les grains. Le marteau de notre moulin \u00e0 grains est fabriqu\u00e9 dans un mat\u00e9riau de haute qualit\u00e9.<\/li>    <li>Notre broyeur \u00e0 grains est une machine de concassage de grains de haute qualit\u00e9 avec de faibles vibrations, une faible consommation d'\u00e9nergie et un faible bruit.<\/li> <\/ol>    <figure class=\"wp-block-image size-full\"><img loading=\"lazy\" decoding=\"async\" width=\"720\" height=\"540\" src=\"https:\/\/fishfoodpelletmachine.com\/wp-content\/uploads\/2022\/09\/manufacturer-of-the-grain-hammer-mill-.webp\" alt=\"fabricant du broyeur \u00e0 marteaux \u00e0 grains\" class=\"wp-image-321\" title=\"fabricant du broyeur \u00e0 marteaux \u00e0 grains\" srcset=\"https:\/\/fishfoodpelletmachine.com\/wp-content\/uploads\/2022\/09\/manufacturer-of-the-grain-hammer-mill-.webp 720w, https:\/\/fishfoodpelletmachine.com\/wp-content\/uploads\/2022\/09\/manufacturer-of-the-grain-hammer-mill--300x225.webp 300w\" sizes=\"auto, (max-width: 720px) 100vw, 720px\" \/><figcaption class=\"wp-element-caption\">Fabricant du broyeur \u00e0 marteaux \u00e0 grains<\/figcaption><\/figure>    <h2 class=\"wp-block-heading\">Broyeur de grains dans la ligne de production de broyeur \u00e0 granul\u00e9s d'aliments pour poissons<\/h2>    <p>\u00c9tant donn\u00e9 que la plupart des granul\u00e9s de nourriture pour poissons sont de la poudre de c\u00e9r\u00e9ales. Par cons\u00e9quent, la condition pr\u00e9alable \u00e0 la fabrication de granul\u00e9s de nourriture pour poissons doit \u00eatre le broyage de diverses c\u00e9r\u00e9ales. L\u2019extr\u00e9mit\u00e9 avant de notre ligne de production de broyeurs \u00e0 granul\u00e9s de poisson est le broyeur \u00e0 grains. <\/p>    <p>Nous d\u00e9ciderons du mod\u00e8le du broyeur \u00e0 grains en fonction de la taille de sortie de la ligne de production. En plus du 9FQ, d'autres machines peuvent \u00e9galement \u00eatre utilis\u00e9es, comme le petit moulin et le moulin \u00e0 grains vertical.<\/p>    <figure class=\"wp-block-image size-full\"><img loading=\"lazy\" decoding=\"async\" width=\"720\" height=\"540\" src=\"https:\/\/fishfoodpelletmachine.com\/wp-content\/uploads\/2022\/08\/hammer-crushing-machine.webp\" alt=\"machine de concassage \u00e0 marteau\" class=\"wp-image-819\" title=\"\" srcset=\"https:\/\/fishfoodpelletmachine.com\/wp-content\/uploads\/2022\/08\/hammer-crushing-machine.webp 720w, https:\/\/fishfoodpelletmachine.com\/wp-content\/uploads\/2022\/08\/hammer-crushing-machine-300x225.webp 300w, https:\/\/fishfoodpelletmachine.com\/wp-content\/uploads\/2022\/08\/hammer-crushing-machine-16x12.webp 16w\" sizes=\"auto, (max-width: 720px) 100vw, 720px\" \/><figcaption class=\"wp-element-caption\">Machine de concassage \u00e0 marteaux<\/figcaption><\/figure>    <h2 class=\"wp-block-heading\">Le cas r\u00e9ussi du broyeur \u00e0 marteaux automatique<\/h2>    <p>9FQ export\u00e9 vers la Nouvelle-Z\u00e9lande La semaine derni\u00e8re, notre client nous a command\u00e9 un mod\u00e8le 9FQ-320 9FQ. Le client poss\u00e8de un \u00e9levage de poulets et souhaitait fabriquer ses propres aliments pour poulets. Il a effectu\u00e9 une recherche sur notre site Web et s'est int\u00e9ress\u00e9 au 9FQ. Il nous a donc contact\u00e9. Notre responsable commercial a recommand\u00e9 diff\u00e9rents mod\u00e8les de machine au client. <\/p>    <p>Le client a choisi le 9FQ-320, qui n'est pas tr\u00e8s productif mais peut \u00e9galement satisfaire les petites exploitations agricoles et un usage domestique. Ensuite, la tension de la machine et la puissance du moteur ont \u00e9t\u00e9 d\u00e9termin\u00e9es. Apr\u00e8s le paiement du client, nous avons commenc\u00e9 \u00e0 pr\u00e9parer la machine pour le transport.<\/p>    <figure class=\"wp-block-gallery has-nested-images columns-default is-cropped wp-block-gallery-5 is-layout-flex wp-block-gallery-is-layout-flex\"> <figure class=\"wp-block-image size-large\"><img loading=\"lazy\" decoding=\"async\" width=\"720\" height=\"540\" data-id=\"322\" src=\"https:\/\/fishfoodpelletmachine.com\/wp-content\/uploads\/2022\/09\/automatic-hammer-mill.webp\" alt=\"broyeur \u00e0 marteaux automatique\" class=\"wp-image-322\" title=\"broyeur \u00e0 marteaux automatique\" srcset=\"https:\/\/fishfoodpelletmachine.com\/wp-content\/uploads\/2022\/09\/automatic-hammer-mill.webp 720w, https:\/\/fishfoodpelletmachine.com\/wp-content\/uploads\/2022\/09\/automatic-hammer-mill-300x225.webp 300w\" sizes=\"auto, (max-width: 720px) 100vw, 720px\" \/><figcaption class=\"wp-element-caption\">Broyeur \u00e0 marteaux automatique<\/figcaption><\/figure>    <figure class=\"wp-block-image size-large\"><img loading=\"lazy\" decoding=\"async\" width=\"720\" height=\"540\" data-id=\"202\" src=\"https:\/\/fishfoodpelletmachine.com\/wp-content\/uploads\/2022\/08\/wooden-case-packing-of-the-grain-crusher-.jpg\" alt=\"caisse en bois d&#039;emballage du broyeur \u00e0 grains \" class=\"wp-image-202\" title=\"caisse en bois d&#039;emballage du broyeur \u00e0 grains \" srcset=\"https:\/\/fishfoodpelletmachine.com\/wp-content\/uploads\/2022\/08\/wooden-case-packing-of-the-grain-crusher-.jpg 720w, https:\/\/fishfoodpelletmachine.com\/wp-content\/uploads\/2022\/08\/wooden-case-packing-of-the-grain-crusher--300x225.jpg 300w\" sizes=\"auto, (max-width: 720px) 100vw, 720px\" \/><figcaption class=\"wp-element-caption\">Emballage de caisse en bois du broyeur \u00e0 grains<\/figcaption><\/figure> <\/figure>","protected":false},"excerpt":{"rendered":"<p>Broyeur \u00e0 marteaux automatique capable de broyer divers grains. Les grains broy\u00e9s sont utilis\u00e9s pour fabriquer des mati\u00e8res premi\u00e8res destin\u00e9es \u00e0 plusieurs aliments pour animaux.<\/p>","protected":false},"author":1,"featured_media":323,"parent":0,"template":"","tags":[28,16,29],"product-type":[4],"class_list":["post-178","product","type-product","status-publish","has-post-thumbnail","hentry","tag-automatic-hammer-mill","tag-dry-type-fish-feed-extruder","tag-feed-grinder","product-type-feed-grinding-machine"],"_links":{"self":[{"href":"https:\/\/fishfoodpelletmachine.com\/fr\/wp-json\/wp\/v2\/product\/178","targetHints":{"allow":["GET"]}}],"collection":[{"href":"https:\/\/fishfoodpelletmachine.com\/fr\/wp-json\/wp\/v2\/product"}],"about":[{"href":"https:\/\/fishfoodpelletmachine.com\/fr\/wp-json\/wp\/v2\/types\/product"}],"author":[{"embeddable":true,"href":"https:\/\/fishfoodpelletmachine.com\/fr\/wp-json\/wp\/v2\/users\/1"}],"wp:featuredmedia":[{"embeddable":true,"href":"https:\/\/fishfoodpelletmachine.com\/fr\/wp-json\/wp\/v2\/media\/323"}],"wp:attachment":[{"href":"https:\/\/fishfoodpelletmachine.com\/fr\/wp-json\/wp\/v2\/media?parent=178"}],"wp:term":[{"taxonomy":"post_tag","embeddable":true,"href":"https:\/\/fishfoodpelletmachine.com\/fr\/wp-json\/wp\/v2\/tags?post=178"},{"taxonomy":"product-type","embeddable":true,"href":"https:\/\/fishfoodpelletmachine.com\/fr\/wp-json\/wp\/v2\/product-type?post=178"}],"curies":[{"name":"wp","href":"https:\/\/api.w.org\/{rel}","templated":true}]}}