{"id":213,"date":"2022-08-09T07:14:49","date_gmt":"2022-08-09T07:14:49","guid":{"rendered":"https:\/\/fishfoodpelletmachine.com\/?post_type=product&#038;p=213"},"modified":"2022-09-26T18:32:59","modified_gmt":"2022-09-26T10:32:59","slug":"feed-grinder-and-mixer","status":"publish","type":"product","link":"https:\/\/fishfoodpelletmachine.com\/fr\/product\/feed-grinder-and-mixer\/","title":{"rendered":"Broyeur et m\u00e9langeur d'aliments, m\u00e9langeur d'aliments pour volailles"},"content":{"rendered":"<p>Le broyeur et m\u00e9langeur d'aliments est une machine qui peut \u00e9craser et m\u00e9langer divers grains. La machine int\u00e8gre le levage vertical, le bac de m\u00e9lange et l'alimentation horizontale en un seul. Par cons\u00e9quent, il pr\u00e9sente les avantages d\u2019une structure compacte, d\u2019un petit investissement ponctuel, \u00e9conomique et pratique, d\u2019un faible encombrement, etc.<\/p>    <h2 class=\"wp-block-heading\" id=\"h-what-are-the-feed-grinder-and-mixer\">Que sont le broyeur et le m\u00e9langeur d'aliments ?<\/h2>    <p class=\"translation-block\">Il y a deux parties d'un broyeur-m\u00e9langeur d'aliments, l'une sert \u00e0 broyer le grain et l'autre \u00e0 m\u00e9langer la poudre de grain. Les mat\u00e9riaux trait\u00e9s passent d'abord par le broyeur, puis entrent dans la partie m\u00e9langeuse. Le produit fini final est une poudre de grain bien m\u00e9lang\u00e9e. Nous produisons diff\u00e9rents mod\u00e8les de broyeurs-m\u00e9langeurs d'aliments. Il peut r\u00e9pondre aux diff\u00e9rents besoins des gens en mati\u00e8re de production. De plus, nous avons le <a href=\"https:\/\/www.agriculture-machine.com\/hammer-mill-machine\/\" target=\"_blank\" rel=\"noopener\">9FQ<\/a>, qui est \u00e9galement la machine qui peut broyer la mati\u00e8re premi\u00e8re.  <\/p>    <figure class=\"wp-block-image size-full\"><img loading=\"lazy\" decoding=\"async\" width=\"720\" height=\"540\" src=\"https:\/\/fishfoodpelletmachine.com\/wp-content\/uploads\/2022\/09\/poultry-feed-mixer-machine-.webp\" alt=\"m\u00e9langeur d&#039;aliments pour volailles\" class=\"wp-image-341\" title=\"m\u00e9langeur d&#039;aliments pour volailles\" srcset=\"https:\/\/fishfoodpelletmachine.com\/wp-content\/uploads\/2022\/09\/poultry-feed-mixer-machine-.webp 720w, https:\/\/fishfoodpelletmachine.com\/wp-content\/uploads\/2022\/09\/poultry-feed-mixer-machine--300x225.webp 300w\" sizes=\"auto, (max-width: 720px) 100vw, 720px\" \/><figcaption>M\u00e9langeur d'aliments pour volailles<\/figcaption><\/figure>    <h2 class=\"wp-block-heading\">Informations d\u00e9taill\u00e9es sur la machine de m\u00e9lange d'aliments pour volailles<\/h2>    <figure class=\"wp-block-table\"><table><tbody><tr><td>Mod\u00e8le<\/td><td>Puissance du concasseur<\/td><td>Puissance du mixeur<\/td><td>Capacit\u00e9 (kg\/h)<\/td><td>Taille (mm)<\/td><td>Poids (kg)<\/td><\/tr><tr><td>FJ-500<\/td><td>7,5-11 kW<\/td><td>3kw<\/td><td>500-700<\/td><td>2300*1050*2500<\/td><td>430<\/td><\/tr><tr><td>FJ-750<\/td><td>7,5-11 kW<\/td><td>3kw<\/td><td>700-900<\/td><td>2350*1160*2600<\/td><td>460<\/td><\/tr><tr><td>FJ-1000<\/td><td>7,5-15 kW<\/td><td>3-4kw<\/td><td>1000-1500<\/td><td>2400*1300*2900<\/td><td>540<\/td><\/tr><tr><td>FJ-1500<\/td><td>11-15kw<\/td><td>4kw<\/td><td>1500-2000<\/td><td>2798*1200*3020<\/td><td>800<\/td><\/tr><tr><td>FJ-2000<\/td><td>11-15kw<\/td><td>4kw<\/td><td>2000-2500<\/td><td>2800*1750*3100<\/td><td>1000<\/td><\/tr><\/tbody><\/table><figcaption>Param\u00e8tre de la machine de m\u00e9lange d'aliments pour volailles<\/figcaption><\/figure>    <h2 class=\"wp-block-heading\">Quelle est la puissance de la machine \u00e0 m\u00e9langer les aliments ?<\/h2>    <p>La puissance de ce broyeur et m\u00e9langeur d'aliments peut \u00eatre un moteur \u00e9lectrique et un moteur diesel. La machine est compos\u00e9e de deux parties, elles peuvent toutes deux utiliser un moteur \u00e9lectrique ou un moteur diesel. Les clients peuvent choisir en fonction de leurs besoins.<\/p>    <figure class=\"wp-block-gallery has-nested-images columns-default is-cropped wp-block-gallery-2 is-layout-flex wp-block-gallery-is-layout-flex\"> <figure class=\"wp-block-image size-large\"><img loading=\"lazy\" decoding=\"async\" width=\"720\" height=\"540\" data-id=\"241\" src=\"https:\/\/fishfoodpelletmachine.com\/wp-content\/uploads\/2022\/08\/feed-grinder-and-mixer-1-1.jpg\" alt=\"\" class=\"wp-image-241\" title=\"\" srcset=\"https:\/\/fishfoodpelletmachine.com\/wp-content\/uploads\/2022\/08\/feed-grinder-and-mixer-1-1.jpg 720w, https:\/\/fishfoodpelletmachine.com\/wp-content\/uploads\/2022\/08\/feed-grinder-and-mixer-1-1-300x225.jpg 300w\" sizes=\"auto, (max-width: 720px) 100vw, 720px\" \/><\/figure>    <figure class=\"wp-block-image size-large\"><img loading=\"lazy\" decoding=\"async\" width=\"720\" height=\"540\" data-id=\"242\" src=\"https:\/\/fishfoodpelletmachine.com\/wp-content\/uploads\/2022\/08\/feed-mixer-machine-.jpg\" alt=\"Quelle est la puissance de la machine \u00e0 m\u00e9langer les aliments ?\" class=\"wp-image-242\" title=\"Quelle est la puissance de la machine \u00e0 m\u00e9langer les aliments ?\" srcset=\"https:\/\/fishfoodpelletmachine.com\/wp-content\/uploads\/2022\/08\/feed-mixer-machine-.jpg 720w, https:\/\/fishfoodpelletmachine.com\/wp-content\/uploads\/2022\/08\/feed-mixer-machine--300x225.jpg 300w\" sizes=\"auto, (max-width: 720px) 100vw, 720px\" \/><figcaption>Quelle est la puissance de la machine de m\u00e9lange d\u2019aliments ?<\/figcaption><\/figure> <\/figure>    <h2 class=\"wp-block-heading\">Utilisation de la port\u00e9e de la machine de m\u00e9lange d'aliments pour volailles<\/h2>    <p class=\"translation-block\"><strong>Mati\u00e8re : <\/strong>Le broyeur-m\u00e9langeur d'aliments est un \u00e9quipement professionnel de traitement des aliments qui peut traiter le ma\u00efs, les haricots, le bl\u00e9, le riz, le sorgho et d'autres grains.<br><strong>Utilisation : <\/strong>Le mat\u00e9riau trait\u00e9 peut \u00eatre utilis\u00e9 pour \u00e9lever des porcs, des vaches, des chevaux, des lapins, des poulets, des poissons, etc.<br><strong>Utilisateurs : <\/strong>La machine est \u00e9conomique et convient aux \u00e9leveurs ruraux, aux petits parcs d'engraissement et aux usines d'aliments compos\u00e9s de petite et moyenne taille.<\/p>    <h2 class=\"wp-block-heading\">Quelle est la structure de la machine de m\u00e9lange d\u2019aliments ?<\/h2>    <p>Le m\u00e9langeur broyeur contient l'entr\u00e9e d'alimentation, le broyeur, le m\u00e9langeur, l'entr\u00e9e, la sortie et l'alimentation des grains divers. La structure globale est simple, facile \u00e0 utiliser et couvre une petite zone.<\/p>    <figure class=\"wp-block-image size-full\"><img loading=\"lazy\" decoding=\"async\" width=\"720\" height=\"540\" src=\"https:\/\/fishfoodpelletmachine.com\/wp-content\/uploads\/2022\/09\/structure-of-the-feed-mixer-machine-.webp\" alt=\"structure de la machine de m\u00e9lange d&#039;aliments\" class=\"wp-image-339\" title=\"structure de la machine de m\u00e9lange d&#039;aliments\" srcset=\"https:\/\/fishfoodpelletmachine.com\/wp-content\/uploads\/2022\/09\/structure-of-the-feed-mixer-machine-.webp 720w, https:\/\/fishfoodpelletmachine.com\/wp-content\/uploads\/2022\/09\/structure-of-the-feed-mixer-machine--300x225.webp 300w\" sizes=\"auto, (max-width: 720px) 100vw, 720px\" \/><figcaption>Structure de la machine de m\u00e9lange d'aliments<\/figcaption><\/figure>    <h2 class=\"wp-block-heading\">Comment fonctionnent le broyeur et le m\u00e9langeur d'aliments ?<\/h2>    <ol class=\"wp-block-list\" id=\"block-99763d7b-84c6-4ed3-94e1-4bf04f7dcea9\"><li><strong>Partie concasseur\u00a0: <\/strong>Lorsque le mat\u00e9riau est aspir\u00e9 ou envoy\u00e9 dans la chambre de concassage cass\u00e9e, la lame du marteau frappe et entre en collision en continu avec le mat\u00e9riau. Par cons\u00e9quent, le mat\u00e9riau sera rapidement divis\u00e9 en poudre ou en granul\u00e9s. Ensuite, par force centrifuge ou flux d'air, le mat\u00e9riau est d\u00e9charg\u00e9 dans la chambre de la turbine sous le concasseur \u00e0 travers le tamis.<\/li><li><strong>M\u00e9canisme de m\u00e9lange\u00a0:<\/strong> Lorsque l'h\u00e9lice du mat\u00e9riau tourne pour soulever le mat\u00e9riau vers le haut du baril de m\u00e9lange. \u00c0 ce moment, le mat\u00e9riau est uniform\u00e9ment jet\u00e9 dans le baril de m\u00e9lange, et le baril de m\u00e9lange travaille pour m\u00e9langer soigneusement le mat\u00e9riau.<\/li><\/ol>    <h2 class=\"wp-block-heading\">Quelles machines peuvent fonctionner avec le broyeur et le m\u00e9langeur d'aliments\u00a0?<\/h2>    <p class=\"translation-block\">La machine est l'\u00e9quipement frontal pour le traitement des aliments. Ainsi, la machine peut fonctionner avec une machine de fabrication d'aliments. Par exemple, le <a href=\"https:\/\/fishfoodpelletmachine.com\/fr\/product\/fish-feed-mill-machine\/\">broyeur d'aliments pour poissons<\/a> et la machine d'aliments pour volailles. <\/p>    <figure class=\"wp-block-image size-full\"><img loading=\"lazy\" decoding=\"async\" width=\"720\" height=\"540\" src=\"https:\/\/fishfoodpelletmachine.com\/wp-content\/uploads\/2022\/09\/Fish-feed-pelletizer-.webp\" alt=\"Granul\u00e9s pour aliments pour poissons\" class=\"wp-image-343\" title=\"Granul\u00e9s pour aliments pour poissons\" srcset=\"https:\/\/fishfoodpelletmachine.com\/wp-content\/uploads\/2022\/09\/Fish-feed-pelletizer-.webp 720w, https:\/\/fishfoodpelletmachine.com\/wp-content\/uploads\/2022\/09\/Fish-feed-pelletizer--300x225.webp 300w\" sizes=\"auto, (max-width: 720px) 100vw, 720px\" \/><figcaption>Pelletiseur d'aliments pour poissons<\/figcaption><\/figure>    <h2 class=\"wp-block-heading\">Avantages du broyeur et du m\u00e9langeur d'aliments<\/h2>    <ol class=\"wp-block-list\" id=\"block-9a4cdc48-df70-47f8-b262-f6bac4ccd71d\"><li>Haute efficacit\u00e9 du broyeur et du m\u00e9langeur d'aliments. Le concassage et le m\u00e9lange sont li\u00e9s, et nous pouvons utiliser le mat\u00e9riau trait\u00e9 directement pour fabriquer des granul\u00e9s alimentaires.<\/li><li>Le broyeur peut changer le tamis pour obtenir une finesse diff\u00e9rente de la poudre. Le m\u00e9langeur m\u00e9lange uniform\u00e9ment et soigneusement et peut m\u00e9langer compl\u00e8tement diff\u00e9rents mat\u00e9riaux.<\/li><li>La partie m\u00e9langeuse dispose \u00e9galement d'une entr\u00e9e \u00e0 partir de laquelle l'utilisateur peut ajouter d'autres mat\u00e9riaux.<\/li><li>La machine est r\u00e9sistante \u00e0 l'usure, durable et a une longue dur\u00e9e de vie.<\/li><\/ol>    <figure class=\"wp-block-image size-full\"><img loading=\"lazy\" decoding=\"async\" width=\"720\" height=\"540\" src=\"https:\/\/fishfoodpelletmachine.com\/wp-content\/uploads\/2022\/09\/feed-grinding-and-mixing-machine-.webp\" alt=\"machine de broyage et de m\u00e9lange d&#039;aliments\" class=\"wp-image-344\" title=\"machine de broyage et de m\u00e9lange d&#039;aliments\" srcset=\"https:\/\/fishfoodpelletmachine.com\/wp-content\/uploads\/2022\/09\/feed-grinding-and-mixing-machine-.webp 720w, https:\/\/fishfoodpelletmachine.com\/wp-content\/uploads\/2022\/09\/feed-grinding-and-mixing-machine--300x225.webp 300w\" sizes=\"auto, (max-width: 720px) 100vw, 720px\" \/><figcaption>Machine de broyage et de m\u00e9lange d'aliments<\/figcaption><\/figure>    <h2 class=\"wp-block-heading\">Pr\u00e9cautions de s\u00e9curit\u00e9<\/h2>    <ol class=\"wp-block-list\" id=\"block-bc7ac00b-0736-4b96-83f8-a3f21caa8b6b\"><li>L'unit\u00e9 doit disposer de dispositifs de mise \u00e0 la terre et de protection contre les fuites pour assurer la s\u00e9curit\u00e9 personnelle du personnel.<\/li><li>Ne forcez pas l'alimentation du mat\u00e9riau \u00e0 la main, avec un b\u00e2ton, une barre de fer, etc. lorsque l'ouverture d'alimentation est bloqu\u00e9e. <\/li><li>Nous devons installer la machine dans un endroit \u00e9loign\u00e9 du feu, de la ventilation et de la lumi\u00e8re.<\/li><li>L'op\u00e9rateur du broyeur et du m\u00e9langeur d'aliments doit suivre une formation professionnelle stricte et conna\u00eetre les diff\u00e9rentes fonctions et pr\u00e9cautions de la machine de pr\u00e9paration. Lors du fonctionnement et de l'utilisation, l'op\u00e9rateur doit respecter strictement les proc\u00e9dures de fonctionnement et ne doit pas enfreindre les r\u00e8gles.<\/li><\/ol>    <figure class=\"wp-block-image size-full\"><img loading=\"lazy\" decoding=\"async\" width=\"720\" height=\"540\" src=\"https:\/\/fishfoodpelletmachine.com\/wp-content\/uploads\/2022\/09\/crushed-corn-.webp\" alt=\"ma\u00efs concass\u00e9\" class=\"wp-image-346\" title=\"ma\u00efs concass\u00e9\" srcset=\"https:\/\/fishfoodpelletmachine.com\/wp-content\/uploads\/2022\/09\/crushed-corn-.webp 720w, https:\/\/fishfoodpelletmachine.com\/wp-content\/uploads\/2022\/09\/crushed-corn--300x225.webp 300w\" sizes=\"auto, (max-width: 720px) 100vw, 720px\" \/><figcaption>Ma\u00efs concass\u00e9<\/figcaption><\/figure>","protected":false},"excerpt":{"rendered":"<p>Le broyeur et le m\u00e9langeur d'aliments peuvent \u00e9craser et m\u00e9langer divers grains. La machine int\u00e8gre le levage vertical, le bac de m\u00e9lange et l'alimentation horizontale en un seul.<\/p>","protected":false},"author":1,"featured_media":337,"parent":0,"template":"","tags":[26,23,27],"product-type":[4],"class_list":["post-213","product","type-product","status-publish","has-post-thumbnail","hentry","tag-feed-grinder-and-mixer","tag-fish-feed-mill-machine","tag-poultry-feed-mixer-machine","product-type-feed-grinding-machine"],"_links":{"self":[{"href":"https:\/\/fishfoodpelletmachine.com\/fr\/wp-json\/wp\/v2\/product\/213","targetHints":{"allow":["GET"]}}],"collection":[{"href":"https:\/\/fishfoodpelletmachine.com\/fr\/wp-json\/wp\/v2\/product"}],"about":[{"href":"https:\/\/fishfoodpelletmachine.com\/fr\/wp-json\/wp\/v2\/types\/product"}],"author":[{"embeddable":true,"href":"https:\/\/fishfoodpelletmachine.com\/fr\/wp-json\/wp\/v2\/users\/1"}],"wp:featuredmedia":[{"embeddable":true,"href":"https:\/\/fishfoodpelletmachine.com\/fr\/wp-json\/wp\/v2\/media\/337"}],"wp:attachment":[{"href":"https:\/\/fishfoodpelletmachine.com\/fr\/wp-json\/wp\/v2\/media?parent=213"}],"wp:term":[{"taxonomy":"post_tag","embeddable":true,"href":"https:\/\/fishfoodpelletmachine.com\/fr\/wp-json\/wp\/v2\/tags?post=213"},{"taxonomy":"product-type","embeddable":true,"href":"https:\/\/fishfoodpelletmachine.com\/fr\/wp-json\/wp\/v2\/product-type?post=213"}],"curies":[{"name":"wp","href":"https:\/\/api.w.org\/{rel}","templated":true}]}}