{"id":237,"date":"2022-08-10T08:39:14","date_gmt":"2022-08-10T08:39:14","guid":{"rendered":"https:\/\/fishfoodpelletmachine.com\/?post_type=product&#038;p=237"},"modified":"2022-09-26T18:37:02","modified_gmt":"2022-09-26T10:37:02","slug":"pet-food-extruder","status":"publish","type":"product","link":"https:\/\/fishfoodpelletmachine.com\/fr\/product\/pet-food-extruder\/","title":{"rendered":"Extrudeuse d'aliments pour animaux de compagnie, extrudeuse \u00e0 deux vis"},"content":{"rendered":"<p class=\"translation-block\">La extrusora de alimentos para mascotas es una m\u00e1quina que puede procesar varios granos en varias formas. Una extrusora de alimentos para mascotas tambi\u00e9n se llama m\u00e1quina de extrusi\u00f3n de doble tornillo. La m\u00e1quina puede producir varios snacks inflados, harina de arroz, cereales, etc., adem\u00e1s de alimentos para mascotas. Tambi\u00e9n existe una m\u00e1quina de inflado de un solo tornillo, que se utiliza principalmente para inflar alimentos, piensos para el ganado y las aves de corral, o para inflar una sola materia prima. Y las m\u00e1quinas de extrusi\u00f3n de doble tornillo se utilizan principalmente para materiales acu\u00e1ticos de alta calidad, producci\u00f3n y procesamiento de alimentos para mascotas, especialmente procesamiento de materiales viscosos. Y los clientes pueden elegir la <a href=\"https:\/\/fishfoodpelletmachine.com\/fr\/product\/pet-food-production-line-2\/\">l\u00ednea de producci\u00f3n de alimentos para mascotas<\/a> para ahorrar mucho tiempo y energ\u00eda. <\/p>    <h2 class=\"wp-block-heading\" id=\"h-what-is-a-pet-food-extruder\">Qu'est-ce qu'une extrudeuse d'aliments pour animaux de compagnie ?<\/h2>    <p>Nous disposons de diff\u00e9rents mod\u00e8les d\u2019extrudeuses d\u2019aliments pour animaux de compagnie. Et quatre d\u2019entre eux sont des produits phares. Ils diff\u00e8rent principalement par leur rendement. La machine est hautement automatis\u00e9e, une seule personne suffit de l'alimentation au produit fini. De plus, il pr\u00e9sente une structure compacte et un faible encombrement. Et c'est une op\u00e9ration facile \u00e0 apprendre et un contr\u00f4le pr\u00e9cis des param\u00e8tres garantit que le produit est fini \u00e0 une temp\u00e9rature, une pression, une humidit\u00e9 et une dur\u00e9e sp\u00e9cifiques.<\/p>    <figure class=\"wp-block-image size-full\"><img loading=\"lazy\" decoding=\"async\" width=\"720\" height=\"540\" src=\"https:\/\/fishfoodpelletmachine.com\/wp-content\/uploads\/2022\/09\/Pet-food-extruder-2.webp\" alt=\"Extrudeuse d&#039;aliments pour animaux de compagnie\" class=\"wp-image-407\" title=\"Extrudeuse d&#039;aliments pour animaux de compagnie\" srcset=\"https:\/\/fishfoodpelletmachine.com\/wp-content\/uploads\/2022\/09\/Pet-food-extruder-2.webp 720w, https:\/\/fishfoodpelletmachine.com\/wp-content\/uploads\/2022\/09\/Pet-food-extruder-2-300x225.webp 300w\" sizes=\"auto, (max-width: 720px) 100vw, 720px\" \/><figcaption>Extrudeuse d'aliments pour animaux de compagnie<\/figcaption><\/figure>    <h2 class=\"wp-block-heading\">Gamme d'applications de la machine d'extrudeuse \u00e0 deux vis<\/h2>    <p class=\"translation-block\"><strong>Materia prima:<\/strong> Soja, sorgo, mijo, trigo, ma\u00edz y otros cereales.<br><strong>Uso:<\/strong> Los piensos terminados son adecuados para diferentes mascotas como perros, gatos, peces, p\u00e1jaros, conejos, camarones, perros, gatos, visones, zorros, etc. Es adecuado para criadores y f\u00e1bricas de piensos peque\u00f1as y medianas.<\/p>    <p>Dans le cas de la m\u00eame formule alimentaire, de sorte que le co\u00fbt de l'aliment souffl\u00e9 maison soit inf\u00e9rieur au prix du march\u00e9 de 60%-80%. <\/p>    <h2 class=\"wp-block-heading\">Structure de l'extrudeuse double vis<\/h2>    <p>La machine comprend principalement un syst\u00e8me d'alimentation, un syst\u00e8me d'extrusion, un syst\u00e8me de d\u00e9coupe rotatif, un syst\u00e8me de chauffage, un syst\u00e8me de transmission et un syst\u00e8me de contr\u00f4le. Et la machine dispose d'une technologie avanc\u00e9e de soufflage par extrusion de vis. En outre, il a une temp\u00e9rature et une pression \u00e9lev\u00e9es pour cuire le mat\u00e9riau en forme. De plus, la machine principale adopte une r\u00e9gulation de la vitesse de conversion de fr\u00e9quence pour assurer la stabilit\u00e9 du processus de production.<\/p>    <figure class=\"wp-block-image size-full\"><img loading=\"lazy\" decoding=\"async\" width=\"720\" height=\"540\" src=\"https:\/\/fishfoodpelletmachine.com\/wp-content\/uploads\/2022\/09\/double-screw-extruder-.webp\" alt=\"extrudeuse \u00e0 double vis\" class=\"wp-image-408\" title=\"extrudeuse \u00e0 double vis\" srcset=\"https:\/\/fishfoodpelletmachine.com\/wp-content\/uploads\/2022\/09\/double-screw-extruder-.webp 720w, https:\/\/fishfoodpelletmachine.com\/wp-content\/uploads\/2022\/09\/double-screw-extruder--300x225.webp 300w\" sizes=\"auto, (max-width: 720px) 100vw, 720px\" \/><figcaption>Extrudeuse \u00e0 double vis<\/figcaption><\/figure>    <h2 class=\"wp-block-heading\">Param\u00e8tres techniques de l'extrudeuse alimentaire \u00e0 double vis<\/h2>    <figure class=\"wp-block-table\"><table><tbody><tr><td><strong>Mod\u00e8le<\/strong><strong><\/strong><\/td><td><strong>DL<\/strong><strong>65<\/strong><strong>-III<\/strong><strong><\/strong><\/td><td><strong>DL65-II<\/strong><strong><\/strong><\/td><td><strong>DL70-II<\/strong><strong><\/strong><\/td><td><strong>DL8<\/strong><strong>0<\/strong><strong>-II<\/strong><strong><\/strong><\/td><\/tr><tr><td><strong>Tension d'entr\u00e9e<\/strong><strong><\/strong><\/td><td><strong>380 V\/50 Hz<\/strong><strong><\/strong><\/td><td><strong>380 V\/50 Hz<\/strong><strong><\/strong><\/td><td><strong>380 V\/50 Hz<\/strong><strong><\/strong><\/td><td><strong>380 V\/50 Hz<\/strong><strong><\/strong><\/td><\/tr><tr><td><strong>Capacit\u00e9 install\u00e9e<\/strong><strong><\/strong><\/td><td><strong>35<\/strong><strong>KW<\/strong><strong><\/strong><\/td><td><strong>46KW<\/strong><strong><\/strong><\/td><td><strong>46<\/strong><strong>KW<\/strong><strong><\/strong><\/td><td><strong>90<\/strong><strong>KW<\/strong><strong><\/strong><\/td><\/tr><tr><td><strong>Consommation d'\u00e9nergie<\/strong><strong><\/strong><\/td><td><strong>22KW<\/strong><strong><\/strong><\/td><td><strong>30KW<\/strong><strong><\/strong><\/td><td><strong>30 kilowatts<\/strong><strong><\/strong><\/td><td><strong>55KW<\/strong><strong><\/strong><\/td><\/tr><tr><td><strong>Sortir<\/strong><strong><\/strong><\/td><td><strong>1<\/strong><strong>0<\/strong><strong>0-<\/strong><strong>15<\/strong><strong>0Kg\/heure<\/strong><strong><\/strong><\/td><td><strong>150-200Kg\/h<\/strong><strong><\/strong><\/td><td><strong>20<\/strong><strong>0<\/strong><strong>\u2013<\/strong><strong>2<\/strong><strong>6<\/strong><strong>0<\/strong><strong>Kg\/h<\/strong><strong><\/strong><\/td><td><strong>300<\/strong><strong>\u2013<\/strong><strong>50<\/strong><strong>0Kg\/heure<\/strong><strong><\/strong><\/td><\/tr><tr><td><strong>Taille<\/strong><\/td><td><strong>2,5 \u00d7 0,8 \u00d7 1,8 m<\/strong><strong><\/strong><\/td><td><strong>3,2 \u00d7 1,0 \u00d7 1,7 m<\/strong><strong><\/strong><\/td><td><strong>3,6 \u00d7 1,0 \u00d7 2 m<\/strong><strong><\/strong><\/td><td><strong>4,5 \u00d7 1,2 \u00d7 2,3 m<\/strong><strong><\/strong><\/td><\/tr><tr><td><strong>\u00c9paisseur de l'acier inoxydable<\/strong><strong><\/strong><\/td><td><strong>1,2 mm<\/strong><strong><\/strong><\/td><td><strong>1,2 mm<\/strong><strong><\/strong><\/td><td><strong>1,2 mm<\/strong><strong><\/strong><\/td><td><strong>1,2 mm<\/strong><strong><\/strong><\/td><\/tr><tr><td><strong>Mat\u00e9riau des vis<\/strong><strong><\/strong><\/td><td><strong>38CrMoAL\/38<\/strong><strong><\/strong><\/td><td><strong>38CrMoAL\/38<\/strong><strong><\/strong><\/td><td><strong>38CrMoAL\/38<\/strong><strong><\/strong><\/td><td><strong>38CrMoAL\/38<\/strong><strong><\/strong><\/td><\/tr><tr><td><strong>Longueur de vis<\/strong><strong><\/strong><\/td><td><strong>1050mm<\/strong><strong><\/strong><\/td><td><strong>1520mm<\/strong><strong><\/strong><\/td><td><strong>1520mm<\/strong><strong><\/strong><\/td><td><strong>1563mm<\/strong><strong><\/strong><\/td><\/tr><tr><td><strong>Diam\u00e8tre de la vis<\/strong><strong><\/strong><\/td><td><strong>65mm<\/strong><strong><\/strong><\/td><td><strong>65mm<\/strong><strong><\/strong><\/td><td><strong>70mm<\/strong><strong><\/strong><\/td><td><strong>80mm<\/strong><strong><\/strong><\/td><\/tr><tr><td><strong>Puissance du moteur<\/strong><strong><\/strong><\/td><td><strong>22kw<\/strong><strong><\/strong><\/td><td><strong>30kw<\/strong><strong><\/strong><\/td><td><strong>30kw<\/strong><strong><\/strong><\/td><td><strong>55kw<\/strong><strong><\/strong><\/td><\/tr><tr><td><strong>Puissance de chauffage<\/strong><strong><\/strong><\/td><td><strong>2kw*5 10kw<\/strong><strong><\/strong><\/td><td><strong>2 kW * 5\u00a010\u00a0kw<\/strong><strong><\/strong><\/td><td><strong>2kw*6\u00a012kw<\/strong><strong><\/strong><\/td><td><strong>3kw*6 18 kilowatts<\/strong><strong><\/strong><\/td><\/tr><tr><td><strong>Puissance alimentaire<\/strong><strong><\/strong><\/td><td><strong>0,75 kW<\/strong><strong><\/strong><\/td><td><strong>0.75&nbsp;<\/strong><strong>kW<\/strong><strong><\/strong><\/td><td><strong>0,75 kW<\/strong><strong><\/strong><\/td><td><strong>&nbsp;1,5 kW<\/strong><strong><\/strong><\/td><\/tr><tr><td><strong>Puissance de coupe<\/strong><\/td><td><strong>0,75 kW<\/strong><strong><\/strong><\/td><td><strong>0.75&nbsp;<\/strong><strong>kW<\/strong><strong><\/strong><\/td><td><strong>0,75 kW<\/strong><strong><\/strong><\/td><td><strong>&nbsp;1,5 kW<\/strong><strong><\/strong><\/td><\/tr><tr><td><strong>Puissance de la pompe \u00e0 huile<\/strong><\/td><td><strong>0,37 kW<\/strong><strong><\/strong><\/td><td><strong>0,37 kW<\/strong><strong><\/strong><\/td><td><strong>0,37 kW<\/strong><strong><\/strong><\/td><td><strong>0,37 kW<\/strong><strong><\/strong><\/td><\/tr><\/tbody><\/table><figcaption> param\u00e8tre de l'extrudeuse alimentaire \u00e0 double vis<\/figcaption><\/figure>    <h2 class=\"wp-block-heading\">Comment fonctionne l'extrudeuse \u00e0 vis ?<\/h2>    <p>L'extrudeuse \u00e0 vis comporte deux paires de vis qui s'engr\u00e8nent l'une dans l'autre et tournent dans le m\u00eame sens. Ainsi, ensemble, ils jouent le r\u00f4le de transport, d\u2019extrusion par friction et de chauffage. Ainsi, la vis extrude, cisaille et m\u00e9lange les mati\u00e8res premi\u00e8res dans le f\u00fbt. Et puis la temp\u00e9rature et la pression \u00e9lev\u00e9es cuiront le mat\u00e9riau et la matrice de sortie les dilatera en diff\u00e9rentes formes.<\/p>    <figure class=\"wp-block-image size-full\"><img loading=\"lazy\" decoding=\"async\" width=\"720\" height=\"540\" src=\"https:\/\/fishfoodpelletmachine.com\/wp-content\/uploads\/2022\/09\/screw-feed-extruder-.webp\" alt=\"extrudeuse \u00e0 vis\" class=\"wp-image-410\" title=\"extrudeuse \u00e0 vis\" srcset=\"https:\/\/fishfoodpelletmachine.com\/wp-content\/uploads\/2022\/09\/screw-feed-extruder-.webp 720w, https:\/\/fishfoodpelletmachine.com\/wp-content\/uploads\/2022\/09\/screw-feed-extruder--300x225.webp 300w\" sizes=\"auto, (max-width: 720px) 100vw, 720px\" \/><figcaption>Extrudeuse \u00e0 vis<\/figcaption><\/figure>    <h2 class=\"wp-block-heading\">Quelles sont les caract\u00e9ristiques de l\u2019\u00e9quipement d\u2019extrusion d\u2019aliments pour animaux de compagnie\u00a0?<\/h2>    <ol class=\"wp-block-list\"><li>Adopter la technologie de contr\u00f4le de vitesse du convertisseur de fr\u00e9quence, ce qui permet \u00e0 l'\u00e9quipement de fonctionner plus facilement et d'\u00e9conomiser de l'\u00e9lectricit\u00e9.<\/li><li>De plus, la vis et le canon sont trait\u00e9s thermiquement avec de l'acier alli\u00e9, avec une duret\u00e9 \u00e9lev\u00e9e et une longue dur\u00e9e de vie. Et nous pouvons combiner la structure de combinaison de blocs de construction \u00e0 volont\u00e9.<\/li><li>De plus, le syst\u00e8me de lubrification forc\u00e9e garantit une dur\u00e9e de vie plus longue \u00e0 la partie transmission de l\u2019\u00e9quipement.<\/li><li>Ensuite, le syst\u00e8me de contr\u00f4le automatique de la temp\u00e9rature rend le contr\u00f4le de la temp\u00e9rature plus intuitif et les param\u00e8tres plus pr\u00e9cis.<\/li><li>De plus, gr\u00e2ce \u00e0 la fonction autonettoyante de la vis, pas besoin de d\u00e9monter la vis pour la nettoyer apr\u00e8s l'arr\u00eat.<\/li><\/ol>    <figure class=\"wp-block-image size-full\"><img loading=\"lazy\" decoding=\"async\" width=\"720\" height=\"540\" src=\"https:\/\/fishfoodpelletmachine.com\/wp-content\/uploads\/2022\/09\/pet-food-extrusion-equipment-.webp\" alt=\"\u00e9quipement d&#039;extrusion d&#039;aliments pour animaux de compagnie\" class=\"wp-image-411\" title=\"\u00e9quipement d&#039;extrusion d&#039;aliments pour animaux de compagnie\" srcset=\"https:\/\/fishfoodpelletmachine.com\/wp-content\/uploads\/2022\/09\/pet-food-extrusion-equipment-.webp 720w, https:\/\/fishfoodpelletmachine.com\/wp-content\/uploads\/2022\/09\/pet-food-extrusion-equipment--300x225.webp 300w\" sizes=\"auto, (max-width: 720px) 100vw, 720px\" \/><figcaption>\u00c9quipement d'extrusion d'aliments pour animaux de compagnie<\/figcaption><\/figure>    <h2 class=\"wp-block-heading\">Cas r\u00e9ussi <\/h2>    <p class=\"translation-block\">Un cliente de Lesoto quer\u00eda montar una planta de fabricaci\u00f3n de alimentos para mascotas. Por lo tanto, nos envi\u00f3 una consulta sobre la m\u00e1quina visitando nuestro sitio web. Y a trav\u00e9s de la comunicaci\u00f3n, entendimos que el cliente quer\u00eda comprar una <a href=\"https:\/\/pelletmillmachine.com\/pet-food-production-line\/\" target=\"_blank\" rel=\"noopener\">l\u00ednea de producci\u00f3n de alimentos para mascotas<\/a>. As\u00ed que, bas\u00e1ndonos en los requisitos de producci\u00f3n del cliente, le enviamos al cliente la PI para los modelos DL65-III y DL65-II. Y despu\u00e9s de examinarla, el cliente expres\u00f3 su satisfacci\u00f3n con los par\u00e1metros de la m\u00e1quina. M\u00e1s tarde, dijo que el precio de la m\u00e1quina era alto y que necesitaba tiempo para recaudar el dinero. Y despu\u00e9s de dos meses, el cliente se puso en contacto con nosotros. Dijo que pod\u00eda comprar la m\u00e1quina. <\/p>    <figure class=\"wp-block-image size-full\"><img loading=\"lazy\" decoding=\"async\" width=\"720\" height=\"540\" src=\"https:\/\/fishfoodpelletmachine.com\/wp-content\/uploads\/2022\/09\/twin-screw-pet-food-extruder-.webp\" alt=\"extrudeuse \u00e0 double vis d&#039;aliments pour animaux familiers\" class=\"wp-image-412\" title=\"extrudeuse \u00e0 double vis d&#039;aliments pour animaux familiers\" srcset=\"https:\/\/fishfoodpelletmachine.com\/wp-content\/uploads\/2022\/09\/twin-screw-pet-food-extruder-.webp 720w, https:\/\/fishfoodpelletmachine.com\/wp-content\/uploads\/2022\/09\/twin-screw-pet-food-extruder--300x225.webp 300w\" sizes=\"auto, (max-width: 720px) 100vw, 720px\" \/><figcaption>Extrudeuse d'aliments pour animaux \u00e0 double vis<\/figcaption><\/figure>","protected":false},"excerpt":{"rendered":"<p>L'extrudeuse d'aliments pour animaux de compagnie peut transformer divers grains en diff\u00e9rentes formes. Une extrudeuse d\u2019aliments pour animaux de compagnie est \u00e9galement appel\u00e9e machine de soufflage d\u2019extrusion \u00e0 double vis.<\/p>","protected":false},"author":1,"featured_media":405,"parent":0,"template":"","tags":[26,31,32],"product-type":[5],"class_list":["post-237","product","type-product","status-publish","has-post-thumbnail","hentry","tag-feed-grinder-and-mixer","tag-pet-food-extruder","tag-two-screw-extruder-machine","product-type-fish-feed-pellet-machine"],"_links":{"self":[{"href":"https:\/\/fishfoodpelletmachine.com\/fr\/wp-json\/wp\/v2\/product\/237","targetHints":{"allow":["GET"]}}],"collection":[{"href":"https:\/\/fishfoodpelletmachine.com\/fr\/wp-json\/wp\/v2\/product"}],"about":[{"href":"https:\/\/fishfoodpelletmachine.com\/fr\/wp-json\/wp\/v2\/types\/product"}],"author":[{"embeddable":true,"href":"https:\/\/fishfoodpelletmachine.com\/fr\/wp-json\/wp\/v2\/users\/1"}],"wp:featuredmedia":[{"embeddable":true,"href":"https:\/\/fishfoodpelletmachine.com\/fr\/wp-json\/wp\/v2\/media\/405"}],"wp:attachment":[{"href":"https:\/\/fishfoodpelletmachine.com\/fr\/wp-json\/wp\/v2\/media?parent=237"}],"wp:term":[{"taxonomy":"post_tag","embeddable":true,"href":"https:\/\/fishfoodpelletmachine.com\/fr\/wp-json\/wp\/v2\/tags?post=237"},{"taxonomy":"product-type","embeddable":true,"href":"https:\/\/fishfoodpelletmachine.com\/fr\/wp-json\/wp\/v2\/product-type?post=237"}],"curies":[{"name":"wp","href":"https:\/\/api.w.org\/{rel}","templated":true}]}}