{"id":24,"date":"2022-07-29T09:54:40","date_gmt":"2022-07-29T09:54:40","guid":{"rendered":"https:\/\/fishfoodpelletmachine.com\/?post_type=product&#038;p=24"},"modified":"2024-06-06T10:09:21","modified_gmt":"2024-06-06T02:09:21","slug":"fish-pellet-making-machine","status":"publish","type":"product","link":"https:\/\/fishfoodpelletmachine.com\/fr\/product\/fish-pellet-making-machine\/","title":{"rendered":"Machine de fabrication de granul\u00e9s de poisson | Machine de fabrication d'aliments pour poissons flottants"},"content":{"rendered":"<p>La machine de fabrication de granul\u00e9s de poisson peut transformer le mat\u00e9riau directement en granul\u00e9s alimentaires. Les produits finis apr\u00e8s traitement peuvent flotter ou couler et peuvent avoir diff\u00e9rentes formes. Et ces granul\u00e9s sont cuits, ce qui est bon \u00e0 dig\u00e9rer et \u00e0 absorber pour les poissons.<\/p>    <p class=\"translation-block\">Il y a maintenant de nombreux \u00e9leveurs de poissons qui poss\u00e8dent plusieurs \u00e9tangs. Ils peuvent alors choisir d'utiliser la <a href=\"https:\/\/pelletmillmachine.com\/fish-feed-pellet-making-machine\/\" target=\"_blank\" rel=\"noopener\">machine \u00e0 granul\u00e9s de nourriture pour poissons<\/a> pour fabriquer eux-m\u00eames la nourriture pour poissons. Le faire soi-m\u00eame est b\u00e9n\u00e9fique pour la nutrition et l'hygi\u00e8ne de la nourriture pour poissons, et permet d'\u00e9conomiser les frais d'achat de nourriture pour poissons.<\/p>    <figure class=\"wp-block-image size-full\"><img loading=\"lazy\" decoding=\"async\" width=\"720\" height=\"540\" src=\"https:\/\/fishfoodpelletmachine.com\/wp-content\/uploads\/2024\/03\/Fish-feed-pellet-mill-in-stock.webp\" alt=\"machine \u00e0 granul\u00e9s pour moulin \u00e0 aliments\" class=\"wp-image-781\" title=\"\" srcset=\"https:\/\/fishfoodpelletmachine.com\/wp-content\/uploads\/2024\/03\/Fish-feed-pellet-mill-in-stock.webp 720w, https:\/\/fishfoodpelletmachine.com\/wp-content\/uploads\/2024\/03\/Fish-feed-pellet-mill-in-stock-300x225.webp 300w\" sizes=\"auto, (max-width: 720px) 100vw, 720px\" \/><figcaption class=\"wp-element-caption\">Machine \u00e0 granul\u00e9s pour moulin \u00e0 aliments<\/figcaption><\/figure>    <h2 class=\"wp-block-heading\" id=\"h-what-is-a-fish-pellet-making-machine\">Qu'est-ce qu'une machine de fabrication de granul\u00e9s de poisson ?<\/h2>    <p>Une machine de fabrication de granul\u00e9s de poisson est un appareil qui peut transformer diverses poudres de c\u00e9r\u00e9ales en granul\u00e9s de nourriture pour poissons matures. Ces mati\u00e8res premi\u00e8res peuvent \u00eatre de la farine de soja, du ma\u00efs, de la farine d'arachide, de la farine de coton, du son de riz, du son, etc. Et nous devrions mettre une certaine proportion d\u2019eau dans ces mat\u00e9riaux \u00e9nerg\u00e9tiques. <\/p>    <p class=\"translation-block\">L'alimentation peut \u00eatre m\u00e9lang\u00e9e avec un m\u00e9langeur ou directement trait\u00e9e avec un <a href=\"https:\/\/fishfoodpelletmachine.com\/fr\/product\/feed-grinder-and-mixer\/\">broyeur d'alimentation vertical<\/a>. Nous pouvons ensuite mettre l'alimentation trait\u00e9e directement dans la machine \u00e0 fabriquer de la nourriture pour poissons.<\/p>    <p>La puissance de la machine de fabrication de granul\u00e9s de poisson peut \u00eatre un moteur \u00e9lectrique et un moteur diesel, qui peuvent r\u00e9pondre \u00e0 la demande d'\u00e9nergie de diff\u00e9rents clients. La machine flottante d'alimentation pour poissons a une structure simple, une utilisation facile et une efficacit\u00e9 de travail \u00e9lev\u00e9e, qui est l'\u00e9quipement pr\u00e9f\u00e9r\u00e9 des pisciculteurs.<\/p>    <figure class=\"wp-block-image size-full is-resized\"><img loading=\"lazy\" decoding=\"async\" width=\"720\" height=\"540\" src=\"https:\/\/fishfoodpelletmachine.com\/wp-content\/uploads\/2022\/09\/fish-food-making-machine-1-.webp\" alt=\"machine de fabrication de nourriture pour poisson\" class=\"wp-image-380\" title=\"machine de fabrication de nourriture pour poisson\" srcset=\"https:\/\/fishfoodpelletmachine.com\/wp-content\/uploads\/2022\/09\/fish-food-making-machine-1-.webp 720w, https:\/\/fishfoodpelletmachine.com\/wp-content\/uploads\/2022\/09\/fish-food-making-machine-1--300x225.webp 300w\" sizes=\"auto, (max-width: 720px) 100vw, 720px\" \/><figcaption class=\"wp-element-caption\">Machine de fabrication d'aliments pour poissons<\/figcaption><\/figure>    <h2 class=\"wp-block-heading\" id=\"h-features-of-the-floating-fish-feed-making-machine\">Caract\u00e9ristiques de la machine flottante de fabrication d'aliments pour poissons<\/h2>    <ol class=\"wp-block-list\"> <li>La machine \u00e0 aliments pour poissons a une efficacit\u00e9 de travail \u00e9lev\u00e9e, de la mise en place du mat\u00e9riau au produit fini, cela ne prend que quelques secondes.<\/li>    <li>Notre machine flottante de fabrication d'aliments pour poissons peut produire diff\u00e9rentes formes de granul\u00e9s \u00e0 travers diff\u00e9rents moules. Les clients peuvent choisir des moules en fonction de leurs besoins.<\/li>    <li>Les mod\u00e8les de machines de fabrication de granul\u00e9s de poisson sont complets de 400 kg par heure \u00e0 2 tonnes par heure, nous avons diff\u00e9rents mod\u00e8les pour r\u00e9pondre aux besoins des clients.<\/li>    <li>Le dispositif de chauffage \u00e9lectrique est utilis\u00e9 pour am\u00e9liorer le taux d\u2019expansion et le temps de flottement de l\u2019alimentation.<\/li> <\/ol>    <figure class=\"wp-block-image size-full\"><img loading=\"lazy\" decoding=\"async\" width=\"720\" height=\"540\" src=\"https:\/\/fishfoodpelletmachine.com\/wp-content\/uploads\/2022\/09\/fish-feed-extruder-2.webp\" alt=\"le stock d&#039;extrudeuse de granul\u00e9s d&#039;aliments pour poissons\" class=\"wp-image-381\" title=\"le stock d&#039;extrudeuse de granul\u00e9s d&#039;aliments pour poissons\" srcset=\"https:\/\/fishfoodpelletmachine.com\/wp-content\/uploads\/2022\/09\/fish-feed-extruder-2.webp 720w, https:\/\/fishfoodpelletmachine.com\/wp-content\/uploads\/2022\/09\/fish-feed-extruder-2-300x225.webp 300w\" sizes=\"auto, (max-width: 720px) 100vw, 720px\" \/><figcaption class=\"wp-element-caption\">Le stock d\u2019extrudeuse de granul\u00e9s d\u2019aliments pour poissons<\/figcaption><\/figure>    <h2 class=\"wp-block-heading\" id=\"h-raw-materials-scope-of-the-fish-food-making-machine\">Port\u00e9e des mati\u00e8res premi\u00e8res de la machine de fabrication d'aliments pour poissons<\/h2>    <p>D'une mani\u00e8re g\u00e9n\u00e9rale, la mati\u00e8re premi\u00e8re des machines de fabrication de granul\u00e9s de poisson contient de la farine de ma\u00efs, de la farine de bl\u00e9, de la farine de riz, de la farine de soja, de la farine de l\u00e9gumes, de la farine de soja, de la farine de coton, de la farine d'arachide, du son, de la farine d'herbe, etc.<\/p>    <p>De plus, nous pouvons ajouter de la farine de poisson, de la farine de crevettes, de la farine de crabe et d'autres prot\u00e9ines animales \u00e0 la nourriture pour poissons. Ensemble, ces deux nutriments peuvent augmenter la valeur nutritive des granul\u00e9s de nourriture pour poissons.<\/p>    <figure class=\"wp-block-image size-full\"><img loading=\"lazy\" decoding=\"async\" width=\"720\" height=\"540\" src=\"https:\/\/fishfoodpelletmachine.com\/wp-content\/uploads\/2022\/08\/fish-feed-making-machine-for-sale.webp\" alt=\"machine de fabrication d&#039;aliments pour poissons \u00e0 vendre\" class=\"wp-image-757\" title=\"\" srcset=\"https:\/\/fishfoodpelletmachine.com\/wp-content\/uploads\/2022\/08\/fish-feed-making-machine-for-sale.webp 720w, https:\/\/fishfoodpelletmachine.com\/wp-content\/uploads\/2022\/08\/fish-feed-making-machine-for-sale-300x225.webp 300w\" sizes=\"auto, (max-width: 720px) 100vw, 720px\" \/><figcaption class=\"wp-element-caption\">Machine de fabrication d'aliments pour poissons \u00e0 vendre<\/figcaption><\/figure>    <h2 class=\"wp-block-heading\" id=\"h-how-does-the-small-fish-feed-pellet-machine-work\">Comment fonctionne la petite machine \u00e0 granul\u00e9s d'aliments pour poissons\u00a0?<\/h2>    <p>Nous mettons la mati\u00e8re premi\u00e8re dans la machine de fabrication de granul\u00e9s de poisson. Ensuite, la vis d'extrusion pousse la mati\u00e8re premi\u00e8re de la bo\u00eete d'alimentation vers la chambre de compression et obtient une extrusion et un chauffage pr\u00e9liminaires. <\/p>    <p>Apr\u00e8s cela, le mat\u00e9riau sera extrud\u00e9 et chauff\u00e9 en continu \u00e0 diff\u00e9rents degr\u00e9s. Finalement, le mat\u00e9riau extrud\u00e9 sortira par la fili\u00e8re.<\/p>    <h2 class=\"wp-block-heading\" id=\"h-working-video-of-extruder-machine-for-fish-feed\">Vid\u00e9o de travail d'une extrudeuse pour aliments pour poissons<\/h2>    <figure class=\"wp-block-embed is-type-video is-provider-youtube wp-block-embed-youtube wp-embed-aspect-16-9 wp-has-aspect-ratio\"><div class=\"wp-block-embed__wrapper\"> <iframe loading=\"lazy\" title=\"Comment fabriquer des aliments pour poissons en fabriquant des granul\u00e9s flottants avec une machine\u00a0! Fabricant de granul\u00e9s d&#039;aliments pour poissons flottants\u00a0!\" width=\"500\" height=\"281\" src=\"https:\/\/www.youtube.com\/embed\/ZQwA47TvjyQ?feature=oembed\" frameborder=\"0\" allow=\"accelerometer; autoplay; clipboard-write; encrypted-media; gyroscope; picture-in-picture; web-share\" referrerpolicy=\"strict-origin-when-cross-origin\" allowfullscreen><\/iframe> <\/div><figcaption class=\"wp-element-caption\">Vid\u00e9o de fonctionnement de la machine de fabrication de granul\u00e9s de poisson<\/figcaption><\/figure>    <h2 class=\"wp-block-heading\" id=\"h-detailed-technical-of-floating-fish-food-machine\">Technique d\u00e9taill\u00e9e de la machine flottante pour la nourriture pour poissons<\/h2>    <figure class=\"wp-block-table\"><table><tbody><tr><td>Mod\u00e8le<\/td><td>DGP40<\/td><\/tr><tr><td>Capacit\u00e9 (t\/h)<\/td><td>0.04-0.05<\/td><\/tr><tr><td>Puissance principale (kW)<\/td><td>5.5-7.5<\/td><\/tr><tr><td>Puissance d'alimentation (kW)<\/td><td>0.4<\/td><\/tr><tr><td>Diam\u00e8tre de la spirale (mm)<\/td><td>\u03a640<\/td><\/tr><tr><td>Puissance de coupe (kW)<\/td><td>0.4<\/td><\/tr><\/tbody><\/table><figcaption class=\"wp-element-caption\">machine flottante pour la nourriture pour poissons<\/figcaption><\/figure>    <h2 class=\"wp-block-heading\" id=\"h-main-structure-of-the-fish-feed-extruder-machine\">Structure principale de l'extrudeuse d'aliments pour poissons<\/h2>    <p>Les machines de fabrication de granul\u00e9s de poisson comprennent principalement un dispositif d'alimentation, d'extrusion et d'expansion, un syst\u00e8me d'alimentation et de transmission, un cadre, un syst\u00e8me de commande \u00e9lectrique, etc. L'ensemble de la machine a une structure compacte et simple. Et il existe une armoire de commande \u00e9lectrique ind\u00e9pendante, facile \u00e0 utiliser.<\/p>    <figure class=\"wp-block-image size-full\"><img loading=\"lazy\" decoding=\"async\" width=\"720\" height=\"540\" src=\"https:\/\/fishfoodpelletmachine.com\/wp-content\/uploads\/2022\/09\/fish-feed-extruder-machine-.webp\" alt=\"extrudeuse d&#039;aliments pour poissons\" class=\"wp-image-383\" title=\"extrudeuse d&#039;aliments pour poissons\" srcset=\"https:\/\/fishfoodpelletmachine.com\/wp-content\/uploads\/2022\/09\/fish-feed-extruder-machine-.webp 720w, https:\/\/fishfoodpelletmachine.com\/wp-content\/uploads\/2022\/09\/fish-feed-extruder-machine--300x225.webp 300w\" sizes=\"auto, (max-width: 720px) 100vw, 720px\" \/><figcaption class=\"wp-element-caption\">Machine d'extrudeuse d'aliments pour poissons<\/figcaption><\/figure>    <h2 class=\"wp-block-heading\">Investissez dans notre machine de fabrication de granul\u00e9s de poisson<\/h2>    <p>Investissez dans notre machine de fabrication de granul\u00e9s de poisson pour une production d'aliments pour poissons efficace et de haute qualit\u00e9. Avec des fonctionnalit\u00e9s avanc\u00e9es et une utilisation facile, notre machine \u00e9l\u00e8vera votre op\u00e9ration aquacole \u00e0 de nouveaux niveaux de r\u00e9ussite.<\/p>    <figure class=\"wp-block-image size-full\"><img loading=\"lazy\" decoding=\"async\" width=\"720\" height=\"540\" src=\"https:\/\/fishfoodpelletmachine.com\/wp-content\/uploads\/2022\/08\/fish-feed-pellet-machine.webp\" alt=\"usine d&#039;aliments pour poissons pour les entreprises\" class=\"wp-image-756\" title=\"\" srcset=\"https:\/\/fishfoodpelletmachine.com\/wp-content\/uploads\/2022\/08\/fish-feed-pellet-machine.webp 720w, https:\/\/fishfoodpelletmachine.com\/wp-content\/uploads\/2022\/08\/fish-feed-pellet-machine-300x225.webp 300w\" sizes=\"auto, (max-width: 720px) 100vw, 720px\" \/><figcaption class=\"wp-element-caption\">Usine d\u2019aliments pour poissons pour les entreprises<\/figcaption><\/figure>","protected":false},"excerpt":{"rendered":"<p>La machine de fabrication de granul\u00e9s de poisson peut transformer le mat\u00e9riau en granul\u00e9s alimentaires. Les produits finis peuvent \u00eatre des pellets flottants ou coulants. <\/p>","protected":false},"author":1,"featured_media":378,"parent":0,"template":"","tags":[14,24,30],"product-type":[5],"class_list":["post-24","product","type-product","status-publish","has-post-thumbnail","hentry","tag-fish-food-pellet-production-line","tag-fish-pellet-making-machine","tag-floating-fish-feed-making-machine","product-type-fish-feed-pellet-machine"],"_links":{"self":[{"href":"https:\/\/fishfoodpelletmachine.com\/fr\/wp-json\/wp\/v2\/product\/24","targetHints":{"allow":["GET"]}}],"collection":[{"href":"https:\/\/fishfoodpelletmachine.com\/fr\/wp-json\/wp\/v2\/product"}],"about":[{"href":"https:\/\/fishfoodpelletmachine.com\/fr\/wp-json\/wp\/v2\/types\/product"}],"author":[{"embeddable":true,"href":"https:\/\/fishfoodpelletmachine.com\/fr\/wp-json\/wp\/v2\/users\/1"}],"wp:featuredmedia":[{"embeddable":true,"href":"https:\/\/fishfoodpelletmachine.com\/fr\/wp-json\/wp\/v2\/media\/378"}],"wp:attachment":[{"href":"https:\/\/fishfoodpelletmachine.com\/fr\/wp-json\/wp\/v2\/media?parent=24"}],"wp:term":[{"taxonomy":"post_tag","embeddable":true,"href":"https:\/\/fishfoodpelletmachine.com\/fr\/wp-json\/wp\/v2\/tags?post=24"},{"taxonomy":"product-type","embeddable":true,"href":"https:\/\/fishfoodpelletmachine.com\/fr\/wp-json\/wp\/v2\/product-type?post=24"}],"curies":[{"name":"wp","href":"https:\/\/api.w.org\/{rel}","templated":true}]}}