{"id":54,"date":"2022-08-01T07:59:12","date_gmt":"2022-08-01T07:59:12","guid":{"rendered":"https:\/\/fishfoodpelletmachine.com\/?post_type=product&#038;p=54"},"modified":"2024-03-18T09:50:59","modified_gmt":"2024-03-18T01:50:59","slug":"dry-type-fish-feed-extruder","status":"publish","type":"product","link":"https:\/\/fishfoodpelletmachine.com\/fr\/product\/dry-type-fish-feed-extruder\/","title":{"rendered":"Extrudeuse d'aliments pour poissons de type sec \u4e28 Machine de granulation d'aliments pour poissons"},"content":{"rendered":"<p>L'extrudeuse d'aliments pour poissons de type sec est une machine largement utilis\u00e9e pour fabriquer des aliments pour poissons. L'extrudeuse de nourriture pour poisson donne au mat\u00e9riau une certaine forme gr\u00e2ce au processus d'extrusion en spirale. <\/p>    <p>Cette extrudeuse d'aliments pour poissons de type sec combine une ou plusieurs fonctions telles que le m\u00e9lange, la maturation, le p\u00e9trissage, le cisaillement et le formage. Mettez les mati\u00e8res premi\u00e8res broy\u00e9es dans la tr\u00e9mie et la machine \u00e0 granul\u00e9s de nourriture pour poisson produira des granul\u00e9s ronds et lisses. <\/p>    <p class=\"translation-block\">Les billes finale de nourriture pour poissons peuvent \u00eatre directement donn\u00e9es aux petits poissons. Ce passage concerne principalement le DGP60-B, et nous avons \u00e9galement des mod\u00e8les plus petits <a href=\"https:\/\/fishfoodpelletmachine.com\/fr\/product\/fish-pellet-making-machine\/\">machines de pelletage de nourriture pour poissons<\/a>.  <\/p>    <figure class=\"wp-block-embed is-type-video is-provider-youtube wp-block-embed-youtube wp-embed-aspect-16-9 wp-has-aspect-ratio\"><div class=\"wp-block-embed__wrapper\"> <iframe loading=\"lazy\" title=\"D\u00e9velopper l&#039;aquaculture\u00a0: le r\u00f4le des machines de production d&#039;aliments pour poissons \u00e0 haut rendement #fish #fishfeed #feed\" width=\"500\" height=\"281\" src=\"https:\/\/www.youtube.com\/embed\/HuZCsCn3OpY?feature=oembed\" frameborder=\"0\" allow=\"accelerometer; autoplay; clipboard-write; encrypted-media; gyroscope; picture-in-picture; web-share\" referrerpolicy=\"strict-origin-when-cross-origin\" allowfullscreen><\/iframe> <\/div><figcaption class=\"wp-element-caption\">Vid\u00e9o de travail de l'extrudeuse d'aliments pour poissons de type sec<\/figcaption><\/figure>    <h2 class=\"wp-block-heading\" id=\"h-what-are-the-dry-type-fish-feed-extruder-advantages\">Quels sont les avantages de l\u2019extrudeuse d\u2019aliments pour poissons de type sec\u00a0?<\/h2>    <ol class=\"wp-block-list\"> <li>L'aliment press\u00e9 par l'extrudeuse d'aliments pour poissons de type sec a une certaine duret\u00e9. Par cons\u00e9quent, la nourriture pour poissons peut \u00eatre conserv\u00e9e longtemps dans l\u2019eau. Cela peut donc am\u00e9liorer le taux d\u2019utilisation et pr\u00e9venir la pollution de l\u2019eau.<\/li>    <li>Lorsque la mati\u00e8re premi\u00e8re est extrud\u00e9e par l'extrudeuse d'aliments pour poissons de type sec, la temp\u00e9rature est mod\u00e9r\u00e9e, ce qui permet de bien conserver les oligo-\u00e9l\u00e9ments dans la mati\u00e8re premi\u00e8re. Et les granul\u00e9s ont un ar\u00f4me naturellement cuit et une excellente app\u00e9tence, et ressemblent \u00e0 du poisson et des crevettes \u00e0 manger.<\/li>    <li>Nous pouvons utiliser diff\u00e9rents moules de d\u00e9charge pour fabriquer diff\u00e9rentes tailles de granul\u00e9s de nourriture pour poissons. Nous pouvons donc nourrir raisonnablement diff\u00e9rentes tailles de granul\u00e9s de nourriture pour poissons en fonction des besoins de chaque stade de croissance du poisson.<\/li>    <li>Nous pouvons fabriquer des granul\u00e9s en fonction de la saison des maladies des poissons en m\u00e9langeant les m\u00e9dicaments de contr\u00f4le correspondants avec les mati\u00e8res premi\u00e8res. Cela peut pr\u00e9venir et contr\u00f4ler les maladies des poissons, afin d'am\u00e9liorer le taux de survie des produits aquatiques.<\/li> <\/ol>    <figure class=\"wp-block-image size-full\"><img loading=\"lazy\" decoding=\"async\" width=\"720\" height=\"540\" src=\"https:\/\/fishfoodpelletmachine.com\/wp-content\/uploads\/2022\/08\/stock-of-dry-type-fish-feed-extruder-2.jpg\" alt=\"stock d&#039;extrudeuse d&#039;aliments pour poissons de type sec\" class=\"wp-image-59\" title=\"stock d&#039;extrudeuse d&#039;aliments pour poissons de type sec\" srcset=\"https:\/\/fishfoodpelletmachine.com\/wp-content\/uploads\/2022\/08\/stock-of-dry-type-fish-feed-extruder-2.jpg 720w, https:\/\/fishfoodpelletmachine.com\/wp-content\/uploads\/2022\/08\/stock-of-dry-type-fish-feed-extruder-2-300x225.jpg 300w\" sizes=\"auto, (max-width: 720px) 100vw, 720px\" \/><figcaption class=\"wp-element-caption\">Stock d'extrudeuse d'aliments pour poissons de type sec<\/figcaption><\/figure>    <h2 class=\"wp-block-heading\">Caract\u00e9ristiques de la machine \u00e0 granuler les aliments pour poissons<\/h2>    <ol class=\"wp-block-list\"> <li>Formage en douceur. La surface des granul\u00e9s de nourriture pour poissons form\u00e9s est lisse, belle et non rugueuse. <\/li>    <li>Les pellets flottent longtemps, flottant dans l'eau pendant plus de 12 heures sans couler.<\/li>    <li>Les granul\u00e9s de nourriture pour poissons ne se disperseront pas rapidement et ne couleront pas au fond. Il n\u2019y a donc aucune pollution dans l\u2019eau.<\/li>    <li>Les granul\u00e9s de nourriture pour poissons trait\u00e9s sont trait\u00e9s \u00e0 haute temp\u00e9rature. Par cons\u00e9quent, les granul\u00e9s de nourriture pour poissons finis sont exempts de bact\u00e9ries, r\u00e9duisant ainsi davantage les maladies des poissons.<\/li> <\/ol>    <h2 class=\"wp-block-heading\">Vid\u00e9o de travail de la machine \u00e0 granul\u00e9s d'aliments pour poissons<\/h2>    <figure class=\"wp-block-embed is-type-video is-provider-youtube wp-block-embed-youtube wp-embed-aspect-16-9 wp-has-aspect-ratio\"><div class=\"wp-block-embed__wrapper\"> <iframe loading=\"lazy\" title=\"Comment fabriquer des aliments pour poissons en fabriquant des granul\u00e9s flottants avec une machine\u00a0! Fabricant de granul\u00e9s d&#039;aliments pour poissons flottants\u00a0!\" width=\"500\" height=\"281\" src=\"https:\/\/www.youtube.com\/embed\/ZQwA47TvjyQ?feature=oembed\" frameborder=\"0\" allow=\"accelerometer; autoplay; clipboard-write; encrypted-media; gyroscope; picture-in-picture; web-share\" referrerpolicy=\"strict-origin-when-cross-origin\" allowfullscreen><\/iframe> <\/div><figcaption class=\"wp-element-caption\">Processus de travail de la machine \u00e0 granuler les aliments pour poissons<\/figcaption><\/figure>    <h2 class=\"wp-block-heading\">Comment fonctionne la machine \u00e0 granuler les aliments pour poissons\u00a0?<\/h2>    <p>La machine \u00e0 granul\u00e9s d'aliments pour poissons fonctionne de mani\u00e8re efficace et efficiente. Tout d\u2019abord, les mati\u00e8res premi\u00e8res sont soigneusement m\u00e9lang\u00e9es avant d\u2019entrer dans la machine, o\u00f9 elles subissent une extrusion et une granulation pour former des granul\u00e9s. Ensuite, les pellets sont s\u00e9ch\u00e9s et refroidis pour atteindre l\u2019\u00e9tat souhait\u00e9. <\/p>    <p>Notre machine \u00e0 granul\u00e9s d'aliments pour poissons peut produire rapidement et de mani\u00e8re fiable des aliments de haute qualit\u00e9, offrant ainsi une grande commodit\u00e9 \u00e0 nos clients. N'h\u00e9sitez pas \u00e0 nous contacter pour plus de d\u00e9tails et un devis !<\/p>    <h2 class=\"wp-block-heading\">Param\u00e8tres techniques de l'extrudeuse d'aliments pour poissons<\/h2>    <figure class=\"wp-block-table\"><table><tbody><tr><td>Mod\u00e8le<\/td><td>DGP60-B<\/td><\/tr><tr><td>Capacit\u00e9 (t\/h)<\/td><td>0.10-0.12<\/td><\/tr><tr><td>Puissance principale (kW)<\/td><td>15<\/td><\/tr><tr><td>Puissance d'alimentation (kW)<\/td><td>0.4<\/td><\/tr><tr><td>Diam\u00e8tre de la spirale (mm)<\/td><td>\u03a660<\/td><\/tr><tr><td>Pouvoir de coupe<\/td><td>0.4<\/td><\/tr><\/tbody><\/table><figcaption class=\"wp-element-caption\">param\u00e8tre de l'extrudeuse d'aliments pour poissons<\/figcaption><\/figure>    <h2 class=\"wp-block-heading\">Champ d'application de la machine de fabrication de granul\u00e9s de poisson<\/h2>    <p class=\"translation-block\">L'<a href=\"https:\/\/pelletmillmachine.com\/animal-fish-feed-pellet-making-machine\/\" target=\"_blank\" rel=\"noopener\">extrudeuse s\u00e8che de nourriture pour poissons<\/a> prend comme mati\u00e8res premi\u00e8res le ma\u00efs, le soja, les tourteaux de soja, la son de bl\u00e9, la farine de poisson, et ainsi de suite. Les extrudeuses s\u00e8ches de nourriture pour poissons peuvent produire des pellets pour poissons sous diff\u00e9rentes \u00e9tats et formes. Par exemple, des pellets flottants et coulants; et des pellets pour animaux domestiques de formes diff\u00e9rentes. Les produits finis obtenus sont savoureux et riches en nutrition.<\/p>    <p>Les produits finis d'alimentation finale conviennent aux chiens, chats, poissons, oiseaux, lapins, crevettes, chiens, chats, etc.<br>De mani\u00e8re g\u00e9n\u00e9rale, la machine convient \u00e9galement aux \u00e9leveurs professionnels, aux petites et moyennes usines d'aliments pour animaux et aux instituts de recherche.<\/p>    <figure class=\"wp-block-image size-full\"><img loading=\"lazy\" decoding=\"async\" width=\"720\" height=\"540\" src=\"https:\/\/fishfoodpelletmachine.com\/wp-content\/uploads\/2022\/08\/using-acope-of-the-fish-food-pelleting-machine-1.jpg\" alt=\"applications de la machine \u00e0 granuler les aliments pour poissons\" class=\"wp-image-60\" title=\"en utilisant un cadre de la machine \u00e0 granuler les aliments pour poissons-\" srcset=\"https:\/\/fishfoodpelletmachine.com\/wp-content\/uploads\/2022\/08\/using-acope-of-the-fish-food-pelleting-machine-1.jpg 720w, https:\/\/fishfoodpelletmachine.com\/wp-content\/uploads\/2022\/08\/using-acope-of-the-fish-food-pelleting-machine-1-300x225.jpg 300w\" sizes=\"auto, (max-width: 720px) 100vw, 720px\" \/><figcaption class=\"wp-element-caption\">Applications de la machine \u00e0 granuler les aliments pour poissons<\/figcaption><\/figure>    <h2 class=\"wp-block-heading\">Machines flottantes \u00e0 granul\u00e9s d'aliments pour poissons, matrices et pi\u00e8ces d'usure<\/h2>    <p>Les pi\u00e8ces d'usure de l'extrudeuse d'aliments pour poissons de type sec comprennent principalement la vis, la bague et la lame. Chaque machine que nous vendons donnera six moules \u00e0 nos clients, afin qu'ils puissent choisir celui qui convient en fonction de leurs besoins.<\/p>    <figure class=\"wp-block-image size-full is-resized\"><img loading=\"lazy\" decoding=\"async\" width=\"720\" height=\"540\" src=\"https:\/\/fishfoodpelletmachine.com\/wp-content\/uploads\/2022\/08\/models-of-fish-feed-extruder-2.jpg\" alt=\"mod\u00e8les d&#039;extrudeuse d&#039;aliments pour poissons\" class=\"wp-image-57\" title=\"mod\u00e8les d&#039;extrudeuse d&#039;aliments pour poissons \" srcset=\"https:\/\/fishfoodpelletmachine.com\/wp-content\/uploads\/2022\/08\/models-of-fish-feed-extruder-2.jpg 720w, https:\/\/fishfoodpelletmachine.com\/wp-content\/uploads\/2022\/08\/models-of-fish-feed-extruder-2-300x225.jpg 300w\" sizes=\"auto, (max-width: 720px) 100vw, 720px\" \/><figcaption class=\"wp-element-caption\">Mod\u00e8les d'extrudeuse d'aliments pour poissons<\/figcaption><\/figure>    <h2 class=\"wp-block-heading\">Pourquoi choisir notre machine de traitement d'aliments pour poissons\u00a0?<\/h2>    <ol class=\"wp-block-list\"> <li>Nous sommes un fabricant professionnel de machines de traitement d'aliments pour poissons. De la conception de la machine au mat\u00e9riau utilis\u00e9, en passant par la production, nous disposons d\u2019une \u00e9quipe professionnelle et d\u2019un syst\u00e8me de supervision. Par cons\u00e9quent, l\u2019extrudeuse d\u2019aliments pour poissons de type sec produite est de structure raisonnable, durable et fonctionne bien.<\/li>    <li>Notre service attentionn\u00e9. Nous recommanderons la bonne machine \u00e0 nos clients et r\u00e9pondrons \u00e0 leurs questions \u00e0 temps. Fournissez toutes les informations dont les clients ont besoin.<\/li>    <li>Le prix qui peut \u00eatre pay\u00e9. Le prix de notre extrudeuse d'aliments pour poissons de type sec n'est pas \u00e9lev\u00e9, conforme aux besoins du public, et la plupart des clients peuvent se le permettre.<\/li>    <li>Service apr\u00e8s-vente d'un an. Nous fournirons un service apr\u00e8s-vente gratuit d'un an \u00e0 nos clients. Aidez les clients \u00e0 r\u00e9soudre leurs probl\u00e8mes.<\/li> <\/ol>    <figure class=\"wp-block-image size-full\"><img loading=\"lazy\" decoding=\"async\" width=\"720\" height=\"540\" src=\"https:\/\/fishfoodpelletmachine.com\/wp-content\/uploads\/2022\/08\/fish-feed-pelleting-machine1-.jpg\" alt=\"machine de granulation d&#039;aliments pour poissons\" class=\"wp-image-58\" title=\"machine de granulation d&#039;aliments pour poissons\" srcset=\"https:\/\/fishfoodpelletmachine.com\/wp-content\/uploads\/2022\/08\/fish-feed-pelleting-machine1-.jpg 720w, https:\/\/fishfoodpelletmachine.com\/wp-content\/uploads\/2022\/08\/fish-feed-pelleting-machine1--300x225.jpg 300w\" sizes=\"auto, (max-width: 720px) 100vw, 720px\" \/><figcaption class=\"wp-element-caption\">Machine de granulation d'aliments pour poissons<\/figcaption><\/figure>","protected":false},"excerpt":{"rendered":"<p>L'extrudeuse d'aliments pour poissons de type sec est largement utilis\u00e9e. Cela donne \u00e0 la mati\u00e8re premi\u00e8re une certaine forme gr\u00e2ce \u00e0 l\u2019extrusion en spirale.<\/p>","protected":false},"author":1,"featured_media":336,"parent":0,"template":"","tags":[16,18,20],"product-type":[5],"class_list":["post-54","product","type-product","status-publish","has-post-thumbnail","hentry","tag-dry-type-fish-feed-extruder","tag-fish-feed-pellet-machine","tag-fish-feed-pelleting-machine-2","product-type-fish-feed-pellet-machine"],"_links":{"self":[{"href":"https:\/\/fishfoodpelletmachine.com\/fr\/wp-json\/wp\/v2\/product\/54","targetHints":{"allow":["GET"]}}],"collection":[{"href":"https:\/\/fishfoodpelletmachine.com\/fr\/wp-json\/wp\/v2\/product"}],"about":[{"href":"https:\/\/fishfoodpelletmachine.com\/fr\/wp-json\/wp\/v2\/types\/product"}],"author":[{"embeddable":true,"href":"https:\/\/fishfoodpelletmachine.com\/fr\/wp-json\/wp\/v2\/users\/1"}],"wp:featuredmedia":[{"embeddable":true,"href":"https:\/\/fishfoodpelletmachine.com\/fr\/wp-json\/wp\/v2\/media\/336"}],"wp:attachment":[{"href":"https:\/\/fishfoodpelletmachine.com\/fr\/wp-json\/wp\/v2\/media?parent=54"}],"wp:term":[{"taxonomy":"post_tag","embeddable":true,"href":"https:\/\/fishfoodpelletmachine.com\/fr\/wp-json\/wp\/v2\/tags?post=54"},{"taxonomy":"product-type","embeddable":true,"href":"https:\/\/fishfoodpelletmachine.com\/fr\/wp-json\/wp\/v2\/product-type?post=54"}],"curies":[{"name":"wp","href":"https:\/\/api.w.org\/{rel}","templated":true}]}}