{"id":62,"date":"2022-08-01T10:24:47","date_gmt":"2022-08-01T10:24:47","guid":{"rendered":"https:\/\/fishfoodpelletmachine.com\/?post_type=product&#038;p=62"},"modified":"2024-01-12T17:25:32","modified_gmt":"2024-01-12T09:25:32","slug":"fish-feed-mill-machine","status":"publish","type":"product","link":"https:\/\/fishfoodpelletmachine.com\/fr\/product\/fish-feed-mill-machine\/","title":{"rendered":"Machine de fabrication d'aliments pour poissons \u4e28Machine de fabrication de granul\u00e9s de poisson"},"content":{"rendered":"<p>La machine de broyage d'aliments pour poissons DGP70-B change la donne dans le domaine de l'extrusion de granul\u00e9s de poisson. Avec un rendement plus important et un diam\u00e8tre de vis accru par rapport aux autres extrudeuses d'aliments pour poissons, ce mod\u00e8le est exceptionnellement bien adapt\u00e9 aux fabricants de granul\u00e9s de poisson de diff\u00e9rentes \u00e9chelles, qu'il s'agisse d'op\u00e9rations petites, moyennes ou grandes. <\/p>    <p>Ce qui distingue le DGP70-B, c'est sa polyvalence, ce qui en fait un choix privil\u00e9gi\u00e9 dans un large \u00e9ventail d'entreprises aquacoles. Il convient particuli\u00e8rement de noter son int\u00e9gration transparente avec des machines compl\u00e9mentaires telles que des broyeurs et des m\u00e9langeurs. <\/p>    <p>Cette synergie permet au DGP70-B de traiter efficacement de grandes quantit\u00e9s de mati\u00e8res premi\u00e8res, r\u00e9pondant ainsi aux exigences de production d'aliments pour poissons de grande capacit\u00e9 avec une pr\u00e9cision et une efficacit\u00e9 in\u00e9gal\u00e9es.<\/p>    <figure class=\"wp-block-embed is-type-video is-provider-youtube wp-block-embed-youtube wp-embed-aspect-16-9 wp-has-aspect-ratio\"><div class=\"wp-block-embed__wrapper\"> <iframe loading=\"lazy\" title=\"D\u00e9velopper l&#039;aquaculture\u00a0: le r\u00f4le des machines de production d&#039;aliments pour poissons \u00e0 haut rendement #fish #fishfeed #feed\" width=\"500\" height=\"281\" src=\"https:\/\/www.youtube.com\/embed\/HuZCsCn3OpY?feature=oembed\" frameborder=\"0\" allow=\"accelerometer; autoplay; clipboard-write; encrypted-media; gyroscope; picture-in-picture; web-share\" referrerpolicy=\"strict-origin-when-cross-origin\" allowfullscreen><\/iframe> <\/div><figcaption class=\"wp-element-caption\">vid\u00e9o de travail de l'extrudeuse d'aliments pour poissons<\/figcaption><\/figure>    <h2 class=\"wp-block-heading\" id=\"h-how-does-the-fish-feed-mill-machine-work\">Comment fonctionne la machine de moulin \u00e0 aliments pour poissons\u00a0?<\/h2>   <div id=\"rank-math-howto\" class=\"rank-math-block\" > <div class=\"rank-math-howto-description\">  <\/div>  <div class=\"rank-math-steps\"> <div id=\"howto-step-1705041036391\" class=\"rank-math-step\"> <h3 class=\"rank-math-step-title\">1. <strong>Pr\u00e9sentation mat\u00e9rielle\u00a0:<\/strong><\/h3> <div class=\"rank-math-step-content\"><p>Le processus commence par l\u2019introduction des mati\u00e8res premi\u00e8res dans la machine du moulin \u00e0 aliments pour poissons.<\/p> <\/div> <\/div> <div id=\"howto-step-1705041062609\" class=\"rank-math-step\"> <h3 class=\"rank-math-step-title\">2. <strong>M\u00e9langer et p\u00e9trir\u00a0:<\/strong><\/h3> <div class=\"rank-math-step-content\"><p>Au sein de la machine, une vis et un manchon travaillent en collaboration pour m\u00e9langer et p\u00e9trir soigneusement les mati\u00e8res premi\u00e8res.<\/p> <\/div> <\/div> <div id=\"howto-step-1705041078549\" class=\"rank-math-step\"> <h3 class=\"rank-math-step-title\">3. <strong>Extrusion, frottement et cisaillement\u00a0:<\/strong><\/h3> <div class=\"rank-math-step-content\"><p>Lorsque la mati\u00e8re premi\u00e8re p\u00e9n\u00e8tre dans la cavit\u00e9 de soufflage, elle subit des actions d\u2019extrusion, de frottement et de cisaillement. Cela entra\u00eene une augmentation continue de la pression et de la temp\u00e9rature internes, induisant des changements dans la structure du mat\u00e9riau.<\/p> <\/div> <\/div> <div id=\"howto-step-1705041096205\" class=\"rank-math-step\"> <h3 class=\"rank-math-step-title\">4. <strong>Collage d'amidon\u00a0:<\/strong><\/h3> <div class=\"rank-math-step-content\"><img loading=\"lazy\" decoding=\"async\" width=\"720\" height=\"540\" src=\"https:\/\/fishfoodpelletmachine.com\/wp-content\/uploads\/2022\/08\/fish-pellet-making-machine-with-a-good-price.webp\" class=\"attachment-full size-full\" alt=\"Machine de fabrication de granul\u00e9s d&#039;alimentation\" srcset=\"https:\/\/fishfoodpelletmachine.com\/wp-content\/uploads\/2022\/08\/fish-pellet-making-machine-with-a-good-price.webp 720w, https:\/\/fishfoodpelletmachine.com\/wp-content\/uploads\/2022\/08\/fish-pellet-making-machine-with-a-good-price-300x225.webp 300w\" sizes=\"auto, (max-width: 720px) 100vw, 720px\" title=\"\"><p>L\u2019augmentation de la temp\u00e9rature et de la pression facilite encore davantage l\u2019emp\u00e2tage de l\u2019amidon, modifiant fondamentalement la composition du mat\u00e9riau.<\/p> <\/div> <\/div> <div id=\"howto-step-1705041119797\" class=\"rank-math-step\"> <h3 class=\"rank-math-step-title\">5. <strong>Extrusion \u00e0 haute temp\u00e9rature\u00a0:<\/strong><\/h3> <div class=\"rank-math-step-content\"><p>Le mat\u00e9riau \u00e0 haute temp\u00e9rature et haute pression est ensuite expuls\u00e9 de l'orifice de d\u00e9charge. Au cours de ce processus, l\u2019eau subit partiellement une \u00e9vaporation flash.<\/p> <\/div> <\/div> <div id=\"howto-step-1705041137915\" class=\"rank-math-step\"> <h3 class=\"rank-math-step-title\">6. <strong>\u00c9tape de refroidissement\u00a0:<\/strong><\/h3> <div class=\"rank-math-step-content\"><p>Apr\u00e8s l'extrusion, le mat\u00e9riau subit une \u00e9tape de refroidissement. Il en r\u00e9sulte une structure l\u00e2che et poreuse, et le mat\u00e9riau gonfl\u00e9 prend la forme de p\u00e2te, de flocons ou de miettes grossi\u00e8res.<\/p> <\/div> <\/div> <div id=\"howto-step-1705041157438\" class=\"rank-math-step\"> <h3 class=\"rank-math-step-title\">7. <strong>Formation de pellets\u00a0:<\/strong><\/h3> <div class=\"rank-math-step-content\"><p>Le mat\u00e9riau, d\u00e9sormais dans un \u00e9tat optimal, est transform\u00e9 en diverses granul\u00e9s alimentaires \u00e0 sa sortie du moule.<\/p> <\/div> <\/div> <\/div> <\/div>       <figure class=\"wp-block-image size-full\"><img loading=\"lazy\" decoding=\"async\" width=\"720\" height=\"540\" src=\"https:\/\/fishfoodpelletmachine.com\/wp-content\/uploads\/2022\/09\/floating-fish-feed-pellet-machines-structure_.webp\" alt=\"structure de la machine de fabrication de granul\u00e9s de poisson\" class=\"wp-image-356\" title=\"structure de la machine de fabrication de granul\u00e9s de poisson\" srcset=\"https:\/\/fishfoodpelletmachine.com\/wp-content\/uploads\/2022\/09\/floating-fish-feed-pellet-machines-structure_.webp 720w, https:\/\/fishfoodpelletmachine.com\/wp-content\/uploads\/2022\/09\/floating-fish-feed-pellet-machines-structure_-300x225.webp 300w\" sizes=\"auto, (max-width: 720px) 100vw, 720px\" \/><figcaption class=\"wp-element-caption\">Structure de la machine de fabrication de granul\u00e9s de poisson<\/figcaption><\/figure>    <h2 class=\"wp-block-heading\">Informations d\u00e9taill\u00e9es sur la machine de fabrication de granul\u00e9s de poisson<\/h2>    <figure class=\"wp-block-table\"><table><tbody><tr><td>Mod\u00e8le<\/td><td>DGP70-B<\/td><\/tr><tr><td>Capacit\u00e9 (t\/h)<\/td><td>0.18-0.20<\/td><\/tr><tr><td>Puissance principale (kW)<\/td><td>18.5<\/td><\/tr><tr><td>Puissance d'alimentation (kW)<\/td><td>0.4<\/td><\/tr><tr><td>Diam\u00e8tre de la spirale (mm)<\/td><td>\u03c670<\/td><\/tr><tr><td>Pouvoir de coupe<\/td><td>0.4<\/td><\/tr><\/tbody><\/table><figcaption class=\"wp-element-caption\">Param\u00e8tres de la machine de fabrication de granul\u00e9s d'aliments pour poissons<\/figcaption><\/figure>    <figure class=\"wp-block-image size-full\"><img loading=\"lazy\" decoding=\"async\" width=\"720\" height=\"540\" src=\"https:\/\/fishfoodpelletmachine.com\/wp-content\/uploads\/2022\/09\/Fish-feed-mill-machine-.webp\" alt=\"Machine de moulin d&#039;aliments pour poissons\" class=\"wp-image-355\" title=\"Machine de moulin d&#039;aliments pour poissons\" srcset=\"https:\/\/fishfoodpelletmachine.com\/wp-content\/uploads\/2022\/09\/Fish-feed-mill-machine-.webp 720w, https:\/\/fishfoodpelletmachine.com\/wp-content\/uploads\/2022\/09\/Fish-feed-mill-machine--300x225.webp 300w\" sizes=\"auto, (max-width: 720px) 100vw, 720px\" \/><figcaption class=\"wp-element-caption\">Machine de moulin d'alimentation pour poissons<\/figcaption><\/figure>    <h2 class=\"wp-block-heading\">Mati\u00e8res premi\u00e8res pour la fabrication de granul\u00e9s alimentaires<\/h2>    <p>La s\u00e9lection des mati\u00e8res premi\u00e8res joue un r\u00f4le central dans la qualit\u00e9 et la composition nutritionnelle des granul\u00e9s alimentaires pour poissons. Notre machine \u00e0 granul\u00e9s alimentaires fait preuve d'une adaptabilit\u00e9 exceptionnelle, capable de traiter une large gamme de mat\u00e9riaux pour garantir une nutrition compl\u00e8te et \u00e9quilibr\u00e9e dans l'aliment.<\/p>    <p>Les entrailles, la poudre d'os et la poudre de poisson, les graines de coton, le ma\u00efs, les balles de bl\u00e9 et la poussi\u00e8re de riz sont toutes des mati\u00e8res premi\u00e8res applicables. Cette flexibilit\u00e9 vous permet d\u2019ajuster la composition de l\u2019aliment pour r\u00e9pondre aux besoins nutritionnels sp\u00e9cifiques des diff\u00e9rentes esp\u00e8ces de poissons et stades de croissance.<\/p>    <figure class=\"wp-block-image size-full\"><img loading=\"lazy\" decoding=\"async\" width=\"720\" height=\"540\" src=\"https:\/\/fishfoodpelletmachine.com\/wp-content\/uploads\/2022\/08\/finished-products-of-feed-pellet-maker.webp\" alt=\"produits finis du fabricant de granul\u00e9s alimentaires\" class=\"wp-image-766\" title=\"\" srcset=\"https:\/\/fishfoodpelletmachine.com\/wp-content\/uploads\/2022\/08\/finished-products-of-feed-pellet-maker.webp 720w, https:\/\/fishfoodpelletmachine.com\/wp-content\/uploads\/2022\/08\/finished-products-of-feed-pellet-maker-300x225.webp 300w\" sizes=\"auto, (max-width: 720px) 100vw, 720px\" \/><figcaption class=\"wp-element-caption\">Produits finis du fabricant de granul\u00e9s alimentaires<\/figcaption><\/figure>    <p>Les entrailles d'animaux et la poudre d'os fournissent des prot\u00e9ines et des min\u00e9raux riches, tandis que la poudre de poisson apporte des graisses et des prot\u00e9ines essentielles. Les mati\u00e8res \u00e0 base de c\u00e9r\u00e9ales telles que les graines de coton, le ma\u00efs, les balles de bl\u00e9 et la poussi\u00e8re de riz offrent des glucides et des fibres, garantissant un profil nutritionnel \u00e9quilibr\u00e9.<\/p>    <p>Notre machine \u00e0 granul\u00e9s alimentaires, utilisant des processus d'extrusion avanc\u00e9s, transforme efficacement ces mati\u00e8res premi\u00e8res en granul\u00e9s uniformes et facilement digestibles. Que vous soyez engag\u00e9 dans une agriculture \u00e0 petite \u00e9chelle ou dans une aquaculture \u00e0 grande \u00e9chelle, nos \u00e9quipements r\u00e9pondent \u00e0 la demande d\u2019aliments personnalis\u00e9s de haute qualit\u00e9. Choisir la bonne combinaison de mati\u00e8res premi\u00e8res garantit un soutien nutritionnel optimal \u00e0 vos poissons \u00e0 chaque \u00e9tape de leur croissance.<\/p>    <h2 class=\"wp-block-heading\">Caract\u00e9ristiques exceptionnelles des machines de gonflement d'aliments pour poissons<\/h2>    <p>1. Peut s'adapter \u00e0 diff\u00e9rentes exigences de production. <\/p>    <p>Les usines d'aliments de grande et moyenne taille peuvent l'utiliser pour le traitement des mati\u00e8res premi\u00e8res ou la production d'aliments sp\u00e9ciaux. Tels que le traitement de d\u00e9sintoxication au soja entier souffl\u00e9, au ma\u00efs souffl\u00e9 et \u00e0 la farine de coton. <\/p>    <p>En outre, la machine de soufflage d'aliments pour poissons peut gonfler des aliments pour animaux de compagnie, des aliments aquatiques, des aliments pour renards, etc. Les petites usines d'aliments ou les fermes de grande et moyenne taille peuvent \u00e9galement utiliser cette machine d'alimentation pour poissons comme \u00e9quipement principal, pour la production de produits \u00e0 plein prix. nourriture souffl\u00e9e.<\/p>    <figure class=\"wp-block-image size-full\"><img loading=\"lazy\" decoding=\"async\" width=\"720\" height=\"540\" src=\"https:\/\/fishfoodpelletmachine.com\/wp-content\/uploads\/2022\/08\/automatic-fish-pellet-making-machine.webp\" alt=\"machine automatique de fabrication de granul\u00e9s de poisson\" class=\"wp-image-761\" title=\"\" srcset=\"https:\/\/fishfoodpelletmachine.com\/wp-content\/uploads\/2022\/08\/automatic-fish-pellet-making-machine.webp 720w, https:\/\/fishfoodpelletmachine.com\/wp-content\/uploads\/2022\/08\/automatic-fish-pellet-making-machine-300x225.webp 300w\" sizes=\"auto, (max-width: 720px) 100vw, 720px\" \/><figcaption class=\"wp-element-caption\">Machine automatique de fabrication de granul\u00e9s de poisson<\/figcaption><\/figure>    <p>2. La machine \u00e0 gonfler les aliments pour poissons peut s'adapter \u00e0 diff\u00e9rents mat\u00e9riaux et diff\u00e9rentes conditions de production. <\/p>    <p>La machine dispose d'un alimentateur automatique rapide. Et la machine peut modifier le volume d'alimentation en fonction de la situation. La vis d'extrusion est une structure combin\u00e9e de type manchon, et le manchon \u00e0 vis adopte la structure de type cylindre interne. <\/p>    <p>Par cons\u00e9quent, selon diff\u00e9rentes exigences de soufflage, la composition flexible du groupe de vis d\u2019extrusion correspondant, puis \u00e9quip\u00e9e de diff\u00e9rentes pi\u00e8ces d\u2019exportation, peut s\u2019adapter \u00e0 diff\u00e9rentes conditions de traitement.<\/p>    <p>3. La structure du moulin \u00e0 granul\u00e9s pour aliments pour poissons est simple, pratique et facile \u00e0 utiliser et \u00e0 entretenir.<\/p>    <figure class=\"wp-block-image size-full\"><img loading=\"lazy\" decoding=\"async\" width=\"720\" height=\"540\" src=\"https:\/\/fishfoodpelletmachine.com\/wp-content\/uploads\/2022\/09\/molds-and-finished-product-.webp\" alt=\"diff\u00e9rents moules de granulateur d&#039;aliments pour poissons\" class=\"wp-image-352\" title=\"moules et produit fini\" srcset=\"https:\/\/fishfoodpelletmachine.com\/wp-content\/uploads\/2022\/09\/molds-and-finished-product-.webp 720w, https:\/\/fishfoodpelletmachine.com\/wp-content\/uploads\/2022\/09\/molds-and-finished-product--300x225.webp 300w\" sizes=\"auto, (max-width: 720px) 100vw, 720px\" \/><figcaption class=\"wp-element-caption\">Diff\u00e9rents moules de pelletiseur d'aliments pour poissons<\/figcaption><\/figure>    <h2 class=\"wp-block-heading\">Machines pouvant composer une ligne de production d'aliments pour poissons<\/h2>    <p>En raison de la grande production du DGP70-B du broyeur de granul\u00e9s d'aliments pour poissons, il est long et laborieux de traiter manuellement les mati\u00e8res premi\u00e8res et les granul\u00e9s d'aliments pour poissons tout juste sortis de la machine. <\/p>    <p>Par cons\u00e9quent, il peut \u00eatre \u00e9quip\u00e9 d\u2019autres \u00e9quipements professionnels pour former une ligne de production afin de gagner du temps de traitement et d\u2019am\u00e9liorer la qualit\u00e9 des granul\u00e9s de poisson. <\/p>    <p class=\"translation-block\">Les machines comprennent un <a href=\"https:\/\/taizyfarmequipment.com\/product\/hammer-mill-grinder\/\" target=\"_blank\" rel=\"noopener\">broyeur de c\u00e9r\u00e9ales<\/a>, un m\u00e9langeur, un \u00e9l\u00e9vateur \u00e0 vis, un s\u00e9choir, un \u00e9l\u00e9vateur \u00e0 godets, un refroidisseur, une machine d'assaisonnement, etc. Nous recommanderons la bonne combinaison de lignes de fabrication de granul\u00e9s d'aliments pour poissons en fonction des besoins sp\u00e9cifiques de nos clients.<\/p>    <figure class=\"wp-block-image size-full\"><img loading=\"lazy\" decoding=\"async\" width=\"720\" height=\"540\" src=\"https:\/\/fishfoodpelletmachine.com\/wp-content\/uploads\/2022\/08\/fish-feed-mill-machine-for-sale.webp\" alt=\"Machine de moulin d&#039;aliments pour poissons \u00e0 vendre\" class=\"wp-image-762\" title=\"\" srcset=\"https:\/\/fishfoodpelletmachine.com\/wp-content\/uploads\/2022\/08\/fish-feed-mill-machine-for-sale.webp 720w, https:\/\/fishfoodpelletmachine.com\/wp-content\/uploads\/2022\/08\/fish-feed-mill-machine-for-sale-300x225.webp 300w\" sizes=\"auto, (max-width: 720px) 100vw, 720px\" \/><figcaption class=\"wp-element-caption\">Machine de moulin d'aliments pour poissons \u00e0 vendre<\/figcaption><\/figure>    <h2 class=\"wp-block-heading\">Usine de granul\u00e9s de poisson exp\u00e9di\u00e9e en Belgique<\/h2>    <p class=\"translation-block\">Notre client belge a achet\u00e9 une <a href=\"https:\/\/fishfoodpelletmachine.com\/fr\/product\/fish-pellet-making-machine\/\">machine \u00e0 granul\u00e9s d'aliments pour poissons DGP40<\/a> chez nous la semaine derni\u00e8re. Il poss\u00e8de plusieurs \u00e9tangs \u00e0 poissons pour \u00e9lever des poissons. Son ami travaille dans le m\u00eame secteur que lui et utilise actuellement la machine \u00e0 granul\u00e9s d'aliments pour poissons pour fabriquer des aliments. Il voulait donc aussi fabriquer ses propres granul\u00e9s d'aliments pour poissons. <\/p>    <p>En cherchant, il a trouv\u00e9 notre site Web et nous a envoy\u00e9 une demande. Nous avons donc recommand\u00e9 le moulin \u00e0 granul\u00e9s pour aliments pour poissons de 40 mod\u00e8les en fonction du rendement requis par le client. Et il \u00e9tait \u00e9quip\u00e9 d\u2019une puissance de moteur diesel en fonction de la situation du client. Une fois toutes les informations confirm\u00e9es, nous avons commenc\u00e9 la production de la machine. <\/p>    <figure class=\"wp-block-gallery has-nested-images columns-default is-cropped wp-block-gallery-2 is-layout-flex wp-block-gallery-is-layout-flex\"> <figure class=\"wp-block-image size-large\"><img loading=\"lazy\" decoding=\"async\" width=\"720\" height=\"540\" data-id=\"358\" src=\"https:\/\/fishfoodpelletmachine.com\/wp-content\/uploads\/2022\/09\/fish-feed-pelletizer-0.webp\" alt=\"paquet de granulateur d&#039;aliments pour poissons\" class=\"wp-image-358\" title=\"granulateur d&#039;aliments pour poissons\" srcset=\"https:\/\/fishfoodpelletmachine.com\/wp-content\/uploads\/2022\/09\/fish-feed-pelletizer-0.webp 720w, https:\/\/fishfoodpelletmachine.com\/wp-content\/uploads\/2022\/09\/fish-feed-pelletizer-0-300x225.webp 300w\" sizes=\"auto, (max-width: 720px) 100vw, 720px\" \/><figcaption class=\"wp-element-caption\">Paquet de pelletiseur d'aliments pour poissons<\/figcaption><\/figure>    <figure class=\"wp-block-image size-large\"><img loading=\"lazy\" decoding=\"async\" width=\"720\" height=\"540\" data-id=\"360\" src=\"https:\/\/fishfoodpelletmachine.com\/wp-content\/uploads\/2022\/09\/wooden-case-packing-of-the-fish-feed-mill-machine-.webp\" alt=\"Emballage de caisse en bois de la machine de moulin d&#039;aliments pour poissons\" class=\"wp-image-360\" title=\"Emballage de caisse en bois de la machine de moulin d&#039;aliments pour poissons\" srcset=\"https:\/\/fishfoodpelletmachine.com\/wp-content\/uploads\/2022\/09\/wooden-case-packing-of-the-fish-feed-mill-machine-.webp 720w, https:\/\/fishfoodpelletmachine.com\/wp-content\/uploads\/2022\/09\/wooden-case-packing-of-the-fish-feed-mill-machine--300x225.webp 300w\" sizes=\"auto, (max-width: 720px) 100vw, 720px\" \/><figcaption class=\"wp-element-caption\">Emballage de caisse en bois de la machine de moulin d'aliments pour poissons<\/figcaption><\/figure> <\/figure>    <h2 class=\"wp-block-heading\">Investissez dans notre broyeur d'aliments pour poissons<\/h2>    <p>Dans le domaine de la transformation des aliments pour poissons, notre broyeur d'aliments pour poissons est con\u00e7u pour offrir des solutions sup\u00e9rieures pour votre entreprise d'aquaculture. Choisir notre \u00e9quipement signifie non seulement une production d\u2019aliments de haute qualit\u00e9, mais repr\u00e9sente \u00e9galement un engagement envers le succ\u00e8s de votre entreprise.<\/p>    <p>Notre \u00e9quipe de professionnels est pr\u00eate \u00e0 vous apporter son soutien. Que vous ayez des besoins sp\u00e9cifiques ou des exigences de personnalisation, nous vous recommanderons la configuration de machine la plus adapt\u00e9e en fonction de vos demandes uniques. <\/p>    <p>Contactez-nous maintenant pour en savoir plus sur la machine de broyage d'aliments pour poissons et lancez-vous dans un voyage de production d'aliments personnalis\u00e9e, efficace et durable. Cliquez sur le bouton de demande ci-dessous pour ouvrir la voie vers une entreprise aquacole florissante.<\/p>    <figure class=\"wp-block-gallery has-nested-images columns-default is-cropped wp-block-gallery-3 is-layout-flex wp-block-gallery-is-layout-flex\"> <figure class=\"wp-block-image size-large\"><img loading=\"lazy\" decoding=\"async\" width=\"720\" height=\"540\" data-id=\"763\" src=\"https:\/\/fishfoodpelletmachine.com\/wp-content\/uploads\/2022\/08\/exported-fish-feed-mill-machine.webp\" alt=\"machine de moulin d&#039;aliments pour poissons export\u00e9s\" class=\"wp-image-763\" title=\"\" srcset=\"https:\/\/fishfoodpelletmachine.com\/wp-content\/uploads\/2022\/08\/exported-fish-feed-mill-machine.webp 720w, https:\/\/fishfoodpelletmachine.com\/wp-content\/uploads\/2022\/08\/exported-fish-feed-mill-machine-300x225.webp 300w\" sizes=\"auto, (max-width: 720px) 100vw, 720px\" \/><figcaption class=\"wp-element-caption\">Machine de moulin d'aliments pour poissons export\u00e9s<\/figcaption><\/figure>    <figure class=\"wp-block-image size-large\"><img loading=\"lazy\" decoding=\"async\" width=\"720\" height=\"540\" data-id=\"764\" src=\"https:\/\/fishfoodpelletmachine.com\/wp-content\/uploads\/2022\/08\/fish-feed-mill-machine-in-stock.webp\" alt=\"machine de moulin d&#039;aliments pour poissons en stock\" class=\"wp-image-764\" title=\"\" srcset=\"https:\/\/fishfoodpelletmachine.com\/wp-content\/uploads\/2022\/08\/fish-feed-mill-machine-in-stock.webp 720w, https:\/\/fishfoodpelletmachine.com\/wp-content\/uploads\/2022\/08\/fish-feed-mill-machine-in-stock-300x225.webp 300w\" sizes=\"auto, (max-width: 720px) 100vw, 720px\" \/><figcaption class=\"wp-element-caption\">Machine de moulin d'aliments pour poissons en stock<\/figcaption><\/figure> <\/figure>","protected":false},"excerpt":{"rendered":"<p>La machine de broyage d'aliments pour poissons DGP70-B a un rendement et un diam\u00e8tre de vis plus grands. Il convient donc aux fabricants de granul\u00e9s de poisson de petite, moyenne et grande taille. <\/p>","protected":false},"author":1,"featured_media":353,"parent":0,"template":"","tags":[23,24,25],"product-type":[5],"class_list":["post-62","product","type-product","status-publish","has-post-thumbnail","hentry","tag-fish-feed-mill-machine","tag-fish-pellet-making-machine","tag-small-fish-feed-pellet-machine","product-type-fish-feed-pellet-machine"],"_links":{"self":[{"href":"https:\/\/fishfoodpelletmachine.com\/fr\/wp-json\/wp\/v2\/product\/62","targetHints":{"allow":["GET"]}}],"collection":[{"href":"https:\/\/fishfoodpelletmachine.com\/fr\/wp-json\/wp\/v2\/product"}],"about":[{"href":"https:\/\/fishfoodpelletmachine.com\/fr\/wp-json\/wp\/v2\/types\/product"}],"author":[{"embeddable":true,"href":"https:\/\/fishfoodpelletmachine.com\/fr\/wp-json\/wp\/v2\/users\/1"}],"wp:featuredmedia":[{"embeddable":true,"href":"https:\/\/fishfoodpelletmachine.com\/fr\/wp-json\/wp\/v2\/media\/353"}],"wp:attachment":[{"href":"https:\/\/fishfoodpelletmachine.com\/fr\/wp-json\/wp\/v2\/media?parent=62"}],"wp:term":[{"taxonomy":"post_tag","embeddable":true,"href":"https:\/\/fishfoodpelletmachine.com\/fr\/wp-json\/wp\/v2\/tags?post=62"},{"taxonomy":"product-type","embeddable":true,"href":"https:\/\/fishfoodpelletmachine.com\/fr\/wp-json\/wp\/v2\/product-type?post=62"}],"curies":[{"name":"wp","href":"https:\/\/api.w.org\/{rel}","templated":true}]}}