{"id":81,"date":"2022-08-02T07:15:39","date_gmt":"2022-08-02T07:15:39","guid":{"rendered":"https:\/\/fishfoodpelletmachine.com\/?post_type=product&#038;p=81"},"modified":"2024-06-06T10:13:11","modified_gmt":"2024-06-06T02:13:11","slug":"fish-feed-pelletizer","status":"publish","type":"product","link":"https:\/\/fishfoodpelletmachine.com\/fr\/product\/fish-feed-pelletizer\/","title":{"rendered":"Granul\u00e9s pour aliments pour poissons | Extrudeuse flottante d'aliments pour poissons"},"content":{"rendered":"<p>Le granulateur d'aliments pour poissons est la quintessence de la pr\u00e9cision et de l'efficacit\u00e9 dans la production d'aliments nutritionnellement \u00e9quilibr\u00e9s pour les esp\u00e8ces aquatiques. Cette machine de pointe occupe une place centrale dans l'industrie aquacole, offrant une approche transparente et personnalis\u00e9e pour transformer les mati\u00e8res premi\u00e8res en granul\u00e9s de haute qualit\u00e9.<\/p>    <p>Con\u00e7u pour r\u00e9pondre aux besoins nutritionnels sp\u00e9cifiques de diverses esp\u00e8ces de poissons, le granulateur d'aliments pour poissons \u00e9tablit une nouvelle norme en mati\u00e8re de traitement des aliments, garantissant la coh\u00e9rence, la qualit\u00e9 et une croissance optimale dans les op\u00e9rations aquacoles de toutes les \u00e9chelles.<\/p>    <figure class=\"wp-block-embed is-type-video is-provider-youtube wp-block-embed-youtube wp-embed-aspect-16-9 wp-has-aspect-ratio\"><div class=\"wp-block-embed__wrapper\"> <iframe loading=\"lazy\" title=\"Transformer les fermes\u00a0: l&#039;impact de notre machine \u00e0 granul\u00e9s alimentaires sur la nutrition du b\u00e9tail !#feedpelletmachine\" width=\"500\" height=\"281\" src=\"https:\/\/www.youtube.com\/embed\/EmfAHr_INNg?feature=oembed\" frameborder=\"0\" allow=\"accelerometer; autoplay; clipboard-write; encrypted-media; gyroscope; picture-in-picture; web-share\" referrerpolicy=\"strict-origin-when-cross-origin\" allowfullscreen><\/iframe> <\/div><figcaption class=\"wp-element-caption\">processus de travail de la machine de moulin d'aliments pour poissons<\/figcaption><\/figure>    <h2 class=\"wp-block-heading\" id=\"h-what-s-the-fish-feed-pelletizer-s-structure\">Quelle est la structure du granulateur d\u2019aliments pour poissons\u00a0?<\/h2>    <p>Le pelletiseur d'aliments pour poissons contient principalement une tr\u00e9mie, un panneau de commande, un bo\u00eetier \u00e9lectrique, un syst\u00e8me de chauffage, un moteur de couteau de coupe, un couteau de coupe, etc. <\/p>    <p>L'ensemble de la machine est simple, compact, peu encombrant et facile \u00e0 utiliser.<\/p>    <figure class=\"wp-block-image size-full\"><img loading=\"lazy\" decoding=\"async\" width=\"720\" height=\"540\" src=\"https:\/\/fishfoodpelletmachine.com\/wp-content\/uploads\/2022\/09\/structure-of-the-fish-feed-pelletizer-.webp\" alt=\"structure du granulateur d&#039;aliments pour poissons\" class=\"wp-image-365\" title=\"structure du granulateur d&#039;aliments pour poissons\" srcset=\"https:\/\/fishfoodpelletmachine.com\/wp-content\/uploads\/2022\/09\/structure-of-the-fish-feed-pelletizer-.webp 720w, https:\/\/fishfoodpelletmachine.com\/wp-content\/uploads\/2022\/09\/structure-of-the-fish-feed-pelletizer--300x225.webp 300w\" sizes=\"auto, (max-width: 720px) 100vw, 720px\" \/><figcaption class=\"wp-element-caption\">Structure du pelletiseur d'aliments pour poissons<\/figcaption><\/figure>    <h2 class=\"wp-block-heading\">Pourquoi utiliser l'extrudeuse flottante d'aliments pour poissons\u00a0?<\/h2>    <ul class=\"wp-block-list\"> <li>La chaleur g\u00e9n\u00e9r\u00e9e par l'extrudeuse flottante d'aliments pour poissons lors du processus de granulation peut fissurer l'amidon contenu dans la mati\u00e8re premi\u00e8re, rendant la mati\u00e8re alimentaire plus digeste.<\/li>    <li>Les aliments trait\u00e9s par un granulateur d'aliments pour poissons ne sont pas faciles \u00e0 stratifier, ce qui peut r\u00e9duire le gaspillage d'aliments. Cela peut \u00e9galement am\u00e9liorer l\u2019app\u00e9tence de l\u2019aliment et raccourcir le temps d\u2019alimentation.<\/li>    <li>Le granulateur d'aliments pour poissons peut tuer certaines bact\u00e9ries pathog\u00e8nes et la plupart des virus lors du processus de soufflage et de chauffage, r\u00e9duisant ainsi le niveau de toxines dans les mati\u00e8res premi\u00e8res des aliments pour poissons.<\/li>    <li>Les machines \u00e0 gonfler les aliments pour poissons peuvent produire diff\u00e9rentes tailles et formes d'aliments aquatiques diff\u00e9rents.<\/li>    <li>L'aliment produit par la machine de fabrication d'aliments pour poissons n'est pas fragile, il peut donc r\u00e9duire le nombre de fines produites pendant le transport.<\/li> <\/ul>    <figure class=\"wp-block-gallery has-nested-images columns-default is-cropped wp-block-gallery-2 is-layout-flex wp-block-gallery-is-layout-flex\"> <figure class=\"wp-block-image size-large\"><img loading=\"lazy\" decoding=\"async\" width=\"720\" height=\"540\" data-id=\"362\" src=\"https:\/\/fishfoodpelletmachine.com\/wp-content\/uploads\/2022\/09\/floating-fish-feed-extruder.webp\" alt=\"extrudeuse flottante d&#039;aliments pour poissons\" class=\"wp-image-362\" title=\"extrudeuse flottante d&#039;aliments pour poissons\" srcset=\"https:\/\/fishfoodpelletmachine.com\/wp-content\/uploads\/2022\/09\/floating-fish-feed-extruder.webp 720w, https:\/\/fishfoodpelletmachine.com\/wp-content\/uploads\/2022\/09\/floating-fish-feed-extruder-300x225.webp 300w\" sizes=\"auto, (max-width: 720px) 100vw, 720px\" \/><figcaption class=\"wp-element-caption\">Extrudeuse flottante d'aliments pour poissons<\/figcaption><\/figure>    <figure class=\"wp-block-image size-large\"><img loading=\"lazy\" decoding=\"async\" width=\"720\" height=\"540\" data-id=\"363\" src=\"https:\/\/fishfoodpelletmachine.com\/wp-content\/uploads\/2022\/09\/Fish-feed-pelletizer-1-1.webp\" alt=\"Granul\u00e9s d&#039;aliments pour poissons \u00e0 vendre\" class=\"wp-image-363\" title=\"Granul\u00e9s pour aliments pour poissons\" srcset=\"https:\/\/fishfoodpelletmachine.com\/wp-content\/uploads\/2022\/09\/Fish-feed-pelletizer-1-1.webp 720w, https:\/\/fishfoodpelletmachine.com\/wp-content\/uploads\/2022\/09\/Fish-feed-pelletizer-1-1-300x225.webp 300w\" sizes=\"auto, (max-width: 720px) 100vw, 720px\" \/><figcaption class=\"wp-element-caption\">Pelletiseur d'aliments pour poissons \u00e0 vendre<\/figcaption><\/figure> <\/figure>    <h2 class=\"wp-block-heading\">Principaux avantages de la machine \u00e0 granul\u00e9s d'aliments pour poissons<\/h2>    <ol class=\"wp-block-list\"> <li>Conversion efficace des aliments : l\u2019\u00e9quipement assure la transformation efficace des mati\u00e8res premi\u00e8res en granul\u00e9s de qualit\u00e9 sup\u00e9rieure, maximisant ainsi la valeur nutritionnelle de l\u2019aliment.<\/li>    <li>Personnalisation des formulations d'aliments\u00a0: les utilisateurs ont la possibilit\u00e9 d'adapter facilement les formulations d'aliments pour r\u00e9pondre aux besoins nutritionnels sp\u00e9cifiques de diverses esp\u00e8ces de poissons et stades de croissance, optimisant ainsi la sant\u00e9 et le d\u00e9veloppement global.<\/li>    <li>Qualit\u00e9 constante des granul\u00e9s : la coh\u00e9rence de la taille, de la forme et de la densit\u00e9 des granul\u00e9s est maintenue par la machine, garantissant une qualit\u00e9 d'alimentation uniforme et favorisant une nutrition bien \u00e9quilibr\u00e9e pour les esp\u00e8ces aquatiques.<\/li>    <li>R\u00e9tention am\u00e9lior\u00e9e des nutriments : gr\u00e2ce \u00e0 son processus d'extrusion, la machine pr\u00e9serve l'int\u00e9grit\u00e9 nutritionnelle des ingr\u00e9dients alimentaires, ce qui entra\u00eene une r\u00e9tention accrue des nutriments et une meilleure absorption par les poissons.<\/li>    <li>Production hygi\u00e9nique et st\u00e9rile\u00a0: la production de granul\u00e9s impliquant un traitement \u00e0 haute temp\u00e9rature st\u00e9rilise les aliments, att\u00e9nuant ainsi le risque de maladies et de contaminants dans les environnements aquatiques.<\/li>    <li>Rentabilit\u00e9 et productivit\u00e9\u00a0: en optimisant le processus de production d'aliments, la machine contribue \u00e0 des op\u00e9rations rentables et rationalis\u00e9es, am\u00e9liorant ainsi la productivit\u00e9 des entreprises aquacoles de diff\u00e9rentes \u00e9chelles.<\/li> <\/ol>    <figure class=\"wp-block-image size-full\"><img loading=\"lazy\" decoding=\"async\" width=\"720\" height=\"540\" src=\"https:\/\/fishfoodpelletmachine.com\/wp-content\/uploads\/2022\/08\/fish-feed-pellet-machine.webp\" alt=\"machine \u00e0 granul\u00e9s d&#039;aliments pour poissons\" class=\"wp-image-756\" title=\"\" srcset=\"https:\/\/fishfoodpelletmachine.com\/wp-content\/uploads\/2022\/08\/fish-feed-pellet-machine.webp 720w, https:\/\/fishfoodpelletmachine.com\/wp-content\/uploads\/2022\/08\/fish-feed-pellet-machine-300x225.webp 300w\" sizes=\"auto, (max-width: 720px) 100vw, 720px\" \/><figcaption class=\"wp-element-caption\">Machine \u00e0 granul\u00e9s d'aliments pour poissons<\/figcaption><\/figure>    <h2 class=\"wp-block-heading\">Sp\u00e9cifications techniques du broyeur \u00e0 granul\u00e9s pour aliments pour poissons <\/h2>    <figure class=\"wp-block-table\"><table><tbody><tr><td>Mod\u00e8le<\/td><td>DGP80-B<\/td><\/tr><tr><td>Capacit\u00e9 (t\/h)<\/td><td>0.2-0.3<\/td><\/tr><tr><td>Puissance principale (kW)<\/td><td>22<\/td><\/tr><tr><td>Puissance d'alimentation (kW)<\/td><td>0.6<\/td><\/tr><tr><td>Diam\u00e8tre de la spirale (mm)<\/td><td>\u03c680<\/td><\/tr><tr><td>Puissance de coupe (kW)<\/td><td>0.6<\/td><\/tr><tr><td>Taille (mm)<\/td><td>1800*1450*1300<\/td><\/tr><tr><td>Poids (kg)<\/td><td>695<\/td><\/tr><\/tbody><\/table><figcaption class=\"wp-element-caption\">Param\u00e8tres du moulin \u00e0 granul\u00e9s d'aliments pour poissons<\/figcaption><\/figure>    <figure class=\"wp-block-image size-full\"><img loading=\"lazy\" decoding=\"async\" width=\"720\" height=\"540\" src=\"https:\/\/fishfoodpelletmachine.com\/wp-content\/uploads\/2023\/07\/Fish-feed-pellet-making-machine-.webp\" alt=\"Machine de fabrication de granul\u00e9s d&#039;aliments pour poissons\" class=\"wp-image-655\" title=\"\" srcset=\"https:\/\/fishfoodpelletmachine.com\/wp-content\/uploads\/2023\/07\/Fish-feed-pellet-making-machine-.webp 720w, https:\/\/fishfoodpelletmachine.com\/wp-content\/uploads\/2023\/07\/Fish-feed-pellet-making-machine--300x225.webp 300w\" sizes=\"auto, (max-width: 720px) 100vw, 720px\" \/><figcaption class=\"wp-element-caption\">Machine de fabrication de granul\u00e9s d'aliments pour poissons<\/figcaption><\/figure>    <h2 class=\"wp-block-heading\">Machine flottante \u00e0 granul\u00e9s d'aliments pour poissons exp\u00e9di\u00e9e au Ghana<\/h2>    <p>Notre client du Ghana, qui exerce une activit\u00e9 d'\u00e9levage de poissons, a besoin d'une machine pour fabriquer un moulin flottant \u00e0 granul\u00e9s d'aliments pour poissons. <\/p>    <p class=\"translation-block\">Il \u00e9l\u00e8ve 20 000 poissons. Il a besoin de 1500-2000 kg d'extrudeuse d'aliments pour poissons par jour. Sur la base des besoins du client, nous recommandons la <a href=\"https:\/\/fishfoodpelletmachine.com\/fr\/product\/fish-feed-mill-machine\/\">machine d'alimentation pour poissons DGP70-B<\/a>. La production de la machine \u00e0 aliments flottants pour poissons est de 0,18-0,20 t\/h. <\/p>    <p>Le client craint que la machine soit propuls\u00e9e par un moteur diesel. Notre directeur commercial a donc fourni le PI du moteur diesel au client, et le client a \u00e9t\u00e9 satisfait de tous les aspects et a d\u00e9cid\u00e9 de payer. Et nous enverrons 6 moules au client. <\/p>    <p>Ensuite nous avons confirm\u00e9 le port de Tema au client. Imm\u00e9diatement apr\u00e8s avoir fabriqu\u00e9 le granulateur d\u2019aliments pour poissons, nous avons pris des dispositions pour envoyer la machine au port de Tema.<\/p>    <figure class=\"wp-block-gallery has-nested-images columns-default is-cropped wp-block-gallery-3 is-layout-flex wp-block-gallery-is-layout-flex\"> <figure class=\"wp-block-image size-large\"><img loading=\"lazy\" decoding=\"async\" width=\"720\" height=\"540\" data-id=\"367\" src=\"https:\/\/fishfoodpelletmachine.com\/wp-content\/uploads\/2022\/09\/fish-feed-pelleting-machine-.webp\" alt=\"Machine de granulation d&#039;aliments pour poissons \u00e0 bon prix\" class=\"wp-image-367\" title=\"machine de granulation d&#039;aliments pour poissons\" srcset=\"https:\/\/fishfoodpelletmachine.com\/wp-content\/uploads\/2022\/09\/fish-feed-pelleting-machine-.webp 720w, https:\/\/fishfoodpelletmachine.com\/wp-content\/uploads\/2022\/09\/fish-feed-pelleting-machine--300x225.webp 300w\" sizes=\"auto, (max-width: 720px) 100vw, 720px\" \/><figcaption class=\"wp-element-caption\">Machine de granulation d'aliments pour poissons \u00e0 un bon prix<\/figcaption><\/figure>    <figure class=\"wp-block-image size-large\"><img loading=\"lazy\" decoding=\"async\" width=\"720\" height=\"540\" data-id=\"369\" src=\"https:\/\/fishfoodpelletmachine.com\/wp-content\/uploads\/2022\/09\/floating-fish-feed-extruder1.webp\" alt=\"extrudeuse flottante d&#039;aliments pour poissons export\u00e9e\" class=\"wp-image-369\" title=\"extrudeuse flottante d&#039;aliments pour poissons\" srcset=\"https:\/\/fishfoodpelletmachine.com\/wp-content\/uploads\/2022\/09\/floating-fish-feed-extruder1.webp 720w, https:\/\/fishfoodpelletmachine.com\/wp-content\/uploads\/2022\/09\/floating-fish-feed-extruder1-300x225.webp 300w\" sizes=\"auto, (max-width: 720px) 100vw, 720px\" \/><figcaption class=\"wp-element-caption\">Extrudeuse flottante d'aliments pour poissons export\u00e9e<\/figcaption><\/figure> <\/figure>    <h2 class=\"wp-block-heading\">Comment faire fonctionner la machine flottante d\u2019alimentation pour poissons en toute s\u00e9curit\u00e9\u00a0?<\/h2>   <div id=\"rank-math-howto\" class=\"rank-math-block\" > <div class=\"rank-math-howto-description\">  <\/div>  <div class=\"rank-math-steps\"> <div id=\"howto-step-1704964502468\" class=\"rank-math-step\"> <h3 class=\"rank-math-step-title\"><strong>Alerte de s\u00e9curit\u00e9<\/strong><\/h3> <div class=\"rank-math-step-content\"><p>Lorsque le mat\u00e9riau de sortie du granulateur d'aliments pour poissons, l'orifice de d\u00e9charge de la machine \u00e0 souffler devant les personnes interdites de se tenir debout.<\/p> <\/div> <\/div> <div id=\"howto-step-1704964520421\" class=\"rank-math-step\"> <h3 class=\"rank-math-step-title\"><strong>V\u00eatements de protection<\/strong><\/h3> <div class=\"rank-math-step-content\"><p>Les op\u00e9rateurs doivent porter des gants r\u00e9sistants aux temp\u00e9ratures \u00e9lev\u00e9es pour \u00e9viter les br\u00fblures.<\/p> <\/div> <\/div> <div id=\"howto-step-1704964540221\" class=\"rank-math-step\"> <h3 class=\"rank-math-step-title\"><strong>Pr\u00e9paration de l'\u00e9quipement<\/strong><\/h3> <div class=\"rank-math-step-content\"><p>Avant de d\u00e9marrer le granulateur d'aliments pour poissons, il convient de confirmer que les outils et autres \u00e9l\u00e9ments ont \u00e9t\u00e9 retir\u00e9s de la machine \u00e0 souffler.<\/p> <\/div> <\/div> <div id=\"howto-step-1704964562548\" class=\"rank-math-step\"> <h3 class=\"rank-math-step-title\"><strong>Inspection r\u00e9guli\u00e8re<\/strong><\/h3> <div class=\"rank-math-step-content\"><p>Lors du fonctionnement de l'\u00e9quipement, l'op\u00e9rateur doit souvent inspecter l'ensemble du fonctionnement de l'unit\u00e9 et d\u00e9tecter les anomalies \u00e0 temps pour les ajuster.<\/p> <\/div> <\/div> <div id=\"howto-step-1704964571042\" class=\"rank-math-step\"> <h3 class=\"rank-math-step-title\"><strong>Arr\u00eat s\u00e9curis\u00e9<\/strong><\/h3> <div class=\"rank-math-step-content\"><p>Apr\u00e8s l'arr\u00eat, le d\u00e9montage de la bo\u00eete de d\u00e9chargement emp\u00eache la pression interne de sorte que le mat\u00e9riau souffl\u00e9 ainsi que la bo\u00eete de d\u00e9chargement soient \u00e9limin\u00e9s.<\/p> <\/div> <\/div> <\/div> <\/div>       <figure class=\"wp-block-gallery has-nested-images columns-default is-cropped wp-block-gallery-4 is-layout-flex wp-block-gallery-is-layout-flex\"> <figure class=\"wp-block-image size-large\"><img loading=\"lazy\" decoding=\"async\" width=\"720\" height=\"540\" data-id=\"371\" src=\"https:\/\/fishfoodpelletmachine.com\/wp-content\/uploads\/2022\/09\/fish-food-pellet-mill-.webp\" alt=\"moulin \u00e0 granul\u00e9s de nourriture pour poissons\" class=\"wp-image-371\" title=\"moulin \u00e0 granul\u00e9s de nourriture pour poissons\" srcset=\"https:\/\/fishfoodpelletmachine.com\/wp-content\/uploads\/2022\/09\/fish-food-pellet-mill-.webp 720w, https:\/\/fishfoodpelletmachine.com\/wp-content\/uploads\/2022\/09\/fish-food-pellet-mill--300x225.webp 300w\" sizes=\"auto, (max-width: 720px) 100vw, 720px\" \/><figcaption class=\"wp-element-caption\">Moulin \u00e0 granul\u00e9s pour aliments pour poissons<\/figcaption><\/figure>    <figure class=\"wp-block-image size-large\"><img loading=\"lazy\" decoding=\"async\" width=\"720\" height=\"540\" data-id=\"373\" src=\"https:\/\/fishfoodpelletmachine.com\/wp-content\/uploads\/2022\/09\/floating-fish-feed-making-machine-.webp\" alt=\"machine de fabrication d&#039;aliments pour poissons flottants\" class=\"wp-image-373\" title=\"machine de fabrication d&#039;aliments pour poissons flottants\" srcset=\"https:\/\/fishfoodpelletmachine.com\/wp-content\/uploads\/2022\/09\/floating-fish-feed-making-machine-.webp 720w, https:\/\/fishfoodpelletmachine.com\/wp-content\/uploads\/2022\/09\/floating-fish-feed-making-machine--300x225.webp 300w\" sizes=\"auto, (max-width: 720px) 100vw, 720px\" \/><figcaption class=\"wp-element-caption\">Machine de fabrication d'aliments pour poissons flottants<\/figcaption><\/figure> <\/figure>    <h2 class=\"wp-block-heading\">FAQ sur la machine de fabrication de granul\u00e9s de poisson<\/h2>   <div id=\"rank-math-faq\" class=\"rank-math-block\"> <div class=\"rank-math-list\"> <div id=\"faq-question-1704964769197\" class=\"rank-math-list-item\"> <h3 class=\"rank-math-question\">Gonfler des mat\u00e9riaux lorsque le tube de d\u00e9charge ne se d\u00e9charge pas. <\/h3> <div class=\"rank-math-answer\">  <p class=\"translation-block\"><strong>Raison :<\/strong> la configuration est trop serr\u00e9e, l'ajustement de l'espace conique entre la prise et le c\u00f4ne de la balle est trop petit.<br \/><strong>M\u00e9thode :<\/strong> desserrez la vis, resserrez la prise de vis de r\u00e9glage de 3 \u00e0 4 tours et remplacez la prise d'air.<\/p>  <\/div> <\/div> <div id=\"faq-question-1704964787268\" class=\"rank-math-list-item\"> <h3 class=\"rank-math-question\">La temp\u00e9rature de gonflage ne peut pas r\u00e9pondre aux exigences sp\u00e9cifi\u00e9es. <\/h3> <div class=\"rank-math-answer\">  <p class=\"translation-block\"><strong>Raison :<\/strong> La configuration du manchon r\u00e9sistant \u00e0 l'usure de l'extrudeuse d'aliments pour poissons n'est pas appropri\u00e9e, les pi\u00e8ces d'usure sont importantes.<br \/><strong>M\u00e9thode : <\/strong>Reconfigurer le manchon r\u00e9sistant \u00e0 l'usure ; remplacer les pi\u00e8ces d'usure.<\/p>  <\/div> <\/div> <div id=\"faq-question-1704964813532\" class=\"rank-math-list-item\"> <h3 class=\"rank-math-question\">La temp\u00e9rature de gonflage n'est pas stable. <\/h3> <div class=\"rank-math-answer\">  <p class=\"translation-block\"><strong>Raison :<\/strong> Agglom\u00e9ration de mati\u00e8re dans la tr\u00e9mie d'alimentation, le volume d'alimentation est instable.<br \/><strong>M\u00e9thode : <\/strong>V\u00e9rifier la tr\u00e9mie et la vis.<\/p>  <\/div> <\/div> <div id=\"faq-question-1704964833179\" class=\"rank-math-list-item\"> <h3 class=\"rank-math-question\">Du coup plus de mati\u00e8re apr\u00e8s un fonctionnement normal. <\/h3> <div class=\"rank-math-answer\">  <p class=\"translation-block\"><strong>Raison :<\/strong> Le trou d'\u00e9vacuation de l'extrudeuse d'aliments pour poissons est obstru\u00e9 par du m\u00e9tal et d'autres corps \u00e9trangers.<br \/><strong>M\u00e9thode :<\/strong> Arr\u00eater la machine et nettoyer le trou d'\u00e9vacuation.<\/p>  <\/div> <\/div> <div id=\"faq-question-1704964851676\" class=\"rank-math-list-item\"> <h3 class=\"rank-math-question\">Mat\u00e9riau anti-retour. Nourrir trop vite, trop dans le granulateur d'aliments pour poissons.<\/h3> <div class=\"rank-math-answer\">  <p class=\"translation-block\"><strong>Raison : <\/strong>La mati\u00e8re n'est pas \u00e9vacu\u00e9e en douceur et est bloqu\u00e9e.<br \/><strong>M\u00e9thode : <\/strong>Contr\u00f4ler le d\u00e9bit d'alimentation. Selon la mati\u00e8re trait\u00e9e, r\u00e9ajuster les pi\u00e8ces d'extrusion gonflantes.<\/p>  <\/div> <\/div> <\/div> <\/div>   <figure class=\"wp-block-image size-full\"><img loading=\"lazy\" decoding=\"async\" width=\"720\" height=\"540\" src=\"https:\/\/fishfoodpelletmachine.com\/wp-content\/uploads\/2022\/08\/fish-feed-making-machine-for-sale.webp\" alt=\"machine de fabrication d&#039;aliments pour poissons \u00e0 vendre\" class=\"wp-image-757\" title=\"\" srcset=\"https:\/\/fishfoodpelletmachine.com\/wp-content\/uploads\/2022\/08\/fish-feed-making-machine-for-sale.webp 720w, https:\/\/fishfoodpelletmachine.com\/wp-content\/uploads\/2022\/08\/fish-feed-making-machine-for-sale-300x225.webp 300w\" sizes=\"auto, (max-width: 720px) 100vw, 720px\" \/><figcaption class=\"wp-element-caption\">Machine de fabrication d'aliments pour poissons \u00e0 vendre<\/figcaption><\/figure>    <h2 class=\"wp-block-heading\">Contactez-nous<\/h2>    <p class=\"translation-block\">Alors que vous vous lancez dans votre parcours aquacole, notre <a href=\"https:\/\/taizyfarmequipment.com\/product\/fish-feed-pelleting-machine\/\" data-type=\"link\" data-id=\"https:\/\/taizyfarmequipment.com\/product\/fish-feed-pelleting-machine\/\" target=\"_blank\" rel=\"noopener\">Extrudeuse d'aliments flottants pour poissons<\/a> est pr\u00eate \u00e0 \u00eatre votre compagnon de confiance, propulsant votre entreprise vers de nouveaux sommets. Avec sa flottabilit\u00e9 exceptionnelle, sa production d'aliments efficace et son adaptabilit\u00e9 remarquable, elle s'impose comme un acteur de choix sur un march\u00e9 tr\u00e8s concurrentiel.<\/p>    <p>Contactez-nous maintenant pour lib\u00e9rer un nouveau potentiel en aquaculture\u00a0! Nous sommes impatients de fournir des solutions sur mesure pour r\u00e9pondre \u00e0 vos besoins commerciaux toujours croissants. Cliquez sur le bouton de demande ci-dessous pour vous connecter avec notre \u00e9quipe d\u00e9di\u00e9e et ouvrir la voie \u00e0 un avenir prosp\u00e8re.<\/p>    <figure class=\"wp-block-image size-full\"><img loading=\"lazy\" decoding=\"async\" width=\"720\" height=\"540\" src=\"https:\/\/fishfoodpelletmachine.com\/wp-content\/uploads\/2022\/08\/automatic-fish-feed-pelletizer.webp\" alt=\"pelletiseur automatique d&#039;aliments pour poissons\" class=\"wp-image-758\" title=\"\" srcset=\"https:\/\/fishfoodpelletmachine.com\/wp-content\/uploads\/2022\/08\/automatic-fish-feed-pelletizer.webp 720w, https:\/\/fishfoodpelletmachine.com\/wp-content\/uploads\/2022\/08\/automatic-fish-feed-pelletizer-300x225.webp 300w\" sizes=\"auto, (max-width: 720px) 100vw, 720px\" \/><figcaption class=\"wp-element-caption\">Pelletiseur automatique d'aliments pour poissons<\/figcaption><\/figure>","protected":false},"excerpt":{"rendered":"<p>Le granulateur d'aliments pour poissons est la quintessence de la pr\u00e9cision et de l'efficacit\u00e9 dans la production d'aliments nutritionnellement \u00e9quilibr\u00e9s pour les esp\u00e8ces aquatiques. <\/p>","protected":false},"author":1,"featured_media":361,"parent":0,"template":"","tags":[18,22,21],"product-type":[5],"class_list":["post-81","product","type-product","status-publish","has-post-thumbnail","hentry","tag-fish-feed-pellet-machine","tag-fish-feed-pelletizer","tag-floating-fish-feed-extruder","product-type-fish-feed-pellet-machine"],"_links":{"self":[{"href":"https:\/\/fishfoodpelletmachine.com\/fr\/wp-json\/wp\/v2\/product\/81","targetHints":{"allow":["GET"]}}],"collection":[{"href":"https:\/\/fishfoodpelletmachine.com\/fr\/wp-json\/wp\/v2\/product"}],"about":[{"href":"https:\/\/fishfoodpelletmachine.com\/fr\/wp-json\/wp\/v2\/types\/product"}],"author":[{"embeddable":true,"href":"https:\/\/fishfoodpelletmachine.com\/fr\/wp-json\/wp\/v2\/users\/1"}],"wp:featuredmedia":[{"embeddable":true,"href":"https:\/\/fishfoodpelletmachine.com\/fr\/wp-json\/wp\/v2\/media\/361"}],"wp:attachment":[{"href":"https:\/\/fishfoodpelletmachine.com\/fr\/wp-json\/wp\/v2\/media?parent=81"}],"wp:term":[{"taxonomy":"post_tag","embeddable":true,"href":"https:\/\/fishfoodpelletmachine.com\/fr\/wp-json\/wp\/v2\/tags?post=81"},{"taxonomy":"product-type","embeddable":true,"href":"https:\/\/fishfoodpelletmachine.com\/fr\/wp-json\/wp\/v2\/product-type?post=81"}],"curies":[{"name":"wp","href":"https:\/\/api.w.org\/{rel}","templated":true}]}}