{"id":956,"date":"2025-07-31T09:31:35","date_gmt":"2025-07-31T01:31:35","guid":{"rendered":"https:\/\/fishfoodpelletmachine.com\/?post_type=product&#038;p=956"},"modified":"2025-08-01T09:33:44","modified_gmt":"2025-08-01T01:33:44","slug":"animal-feed-pellet-making-machine","status":"publish","type":"product","link":"https:\/\/fishfoodpelletmachine.com\/fr\/product\/animal-feed-pellet-making-machine\/","title":{"rendered":"Machine \u00e0 fabriquer des granul\u00e9s d'alimentation animale pour la volaille"},"content":{"rendered":"<p>La machine \u00e0 fabriquer des granul\u00e9s d'alimentation animale est principalement utilis\u00e9e pour traiter des granul\u00e9s alimentaires pour les poules, les canards, les vaches et d'autres animaux. La taille des granul\u00e9s est uniforme et la surface est lisse. Le diam\u00e8tre des granul\u00e9s peut \u00eatre divis\u00e9 en : \u03c62, \u03c62.5, \u03c63, \u03c63.5, \u03c64, \u03c65, \u03c66, \u03c67, \u03c68, etc. Elle a une efficacit\u00e9 de traitement \u00e9lev\u00e9e avec une capacit\u00e9 de traitement de 120 \u00e0 1200 kg\/h.<\/p>    <p>Le moulin \u00e0 granul\u00e9s d'alimentation est principalement adapt\u00e9 \u00e0 l'agriculture rurale, aux \u00e9levages de porcs et \u00e0 d'autres familles et petites exploitations. Il existe de nombreux types de mati\u00e8res premi\u00e8res disponibles, telles que la sciure de bois, les coques de riz, les tiges de coton, les coques de graines de coton, le son de bl\u00e9, toutes sortes de farines de c\u00e9r\u00e9ales, etc.<\/p>    <figure class=\"wp-block-embed is-type-video is-provider-youtube wp-block-embed-youtube wp-embed-aspect-16-9 wp-has-aspect-ratio\"><div class=\"wp-block-embed__wrapper\"> <iframe loading=\"lazy\" title=\"Machine de fabrication de granul\u00e9s d&#039;alimentation animale | Comment fonctionne la machine de fabrication de granul\u00e9s d&#039;alimentation animale ? #machine\u00e0granul\u00e9s\" width=\"500\" height=\"281\" src=\"https:\/\/www.youtube.com\/embed\/RGDEkrAa6dg?feature=oembed\" frameborder=\"0\" allow=\"accelerometer; autoplay; clipboard-write; encrypted-media; gyroscope; picture-in-picture; web-share\" referrerpolicy=\"strict-origin-when-cross-origin\" allowfullscreen><\/iframe> <\/div><figcaption class=\"wp-element-caption\">le processus de fonctionnement de la machine \u00e0 pellets d'alimentation<\/figcaption><\/figure>    <h2 class=\"wp-block-heading\"><strong>Mod\u00e8les de moulins \u00e0 granul\u00e9s d'alimentation et leurs param\u00e8tres<\/strong><\/h2>    <p>Les machines de fabrication de granul\u00e9s d'aliments pour animaux existent en diff\u00e9rents mod\u00e8les avec diff\u00e9rentes capacit\u00e9s de production pour r\u00e9pondre \u00e0 des besoins vari\u00e9s. Parmi elles, les mod\u00e8les KL-150 et KL-210 sont des mod\u00e8les tr\u00e8s demand\u00e9s, qui sont tr\u00e8s populaires aupr\u00e8s des clients. Ces deux mod\u00e8les r\u00e9pondent aux besoins de la plupart des \u00e9chelles de production.<\/p>    <figure class=\"wp-block-table\"><table class=\"has-fixed-layout\"><tbody><tr><td class=\"has-text-align-center\" data-align=\"center\">Mod\u00e8le<\/td><td class=\"has-text-align-center\" data-align=\"center\">Pouvoir<\/td><td class=\"has-text-align-center\" data-align=\"center\">Poids<\/td><td class=\"has-text-align-center\" data-align=\"center\">Taille<\/td><td class=\"has-text-align-center\" data-align=\"center\">Capacit\u00e9<\/td><\/tr><tr><td class=\"has-text-align-center\" data-align=\"center\">KL-120<\/td><td class=\"has-text-align-center\" data-align=\"center\">3kw<\/td><td class=\"has-text-align-center\" data-align=\"center\">100kg<\/td><td class=\"has-text-align-center\" data-align=\"center\">0,75*0,32*0,61m<\/td><td class=\"has-text-align-center\" data-align=\"center\">120kg\/h<\/td><\/tr><tr><td class=\"has-text-align-center\" data-align=\"center\">KL-150<\/td><td class=\"has-text-align-center\" data-align=\"center\">3kw<\/td><td class=\"has-text-align-center\" data-align=\"center\">190kg<\/td><td class=\"has-text-align-center\" data-align=\"center\">0,75*0,35*0,65m<\/td><td class=\"has-text-align-center\" data-align=\"center\">150kg\/h<\/td><\/tr><tr><td class=\"has-text-align-center\" data-align=\"center\">KL-210<\/td><td class=\"has-text-align-center\" data-align=\"center\">7,5 kW<\/td><td class=\"has-text-align-center\" data-align=\"center\">230kg<\/td><td class=\"has-text-align-center\" data-align=\"center\">1,0*0,45*0,96m<\/td><td class=\"has-text-align-center\" data-align=\"center\">400kg\/h<\/td><\/tr><tr><td class=\"has-text-align-center\" data-align=\"center\">KL-260<\/td><td class=\"has-text-align-center\" data-align=\"center\">15kw<\/td><td class=\"has-text-align-center\" data-align=\"center\">360kg<\/td><td class=\"has-text-align-center\" data-align=\"center\">1.46*0.46*1.15m<\/td><td class=\"has-text-align-center\" data-align=\"center\">800kg\/heure<\/td><\/tr><tr><td class=\"has-text-align-center\" data-align=\"center\">KL-300<\/td><td class=\"has-text-align-center\" data-align=\"center\">22kw<\/td><td class=\"has-text-align-center\" data-align=\"center\">450kg<\/td><td class=\"has-text-align-center\" data-align=\"center\">1,06*0,57*1,15m<\/td><td class=\"has-text-align-center\" data-align=\"center\">1000-1200kg\/h<\/td><\/tr><\/tbody><\/table><figcaption class=\"wp-element-caption\"><strong>mod\u00e8les de presses \u00e0 granul\u00e9s d'alimentation et leurs param\u00e8tres<\/strong><\/figcaption><\/figure>    <h2 class=\"wp-block-heading\"><strong>Mati\u00e8res premi\u00e8res et applications de la machine \u00e0 fabriquer des granul\u00e9s alimentaires<\/strong><\/h2>    <p>Mati\u00e8res premi\u00e8res pour la fabrication de granul\u00e9s d'alimentation animale : diverses farines de c\u00e9r\u00e9ales, luzerne, tiges de ma\u00efs, son de riz, coques de graines de coton, son de bl\u00e9, etc.<\/p>    <p>Application de la machine de broyage de granul\u00e9s alimentaires : elle peut transformer les mati\u00e8res premi\u00e8res en divers aliments pour animaux tels que poules, canards, vaches, cochons, etc.<\/p>   <div class=\"wp-block-image\"> <figure class=\"aligncenter size-full\"><img loading=\"lazy\" decoding=\"async\" width=\"720\" height=\"540\" src=\"https:\/\/fishfoodpelletmachine.com\/wp-content\/uploads\/2025\/07\/feed-pellet-making-.webp\" alt=\" les mati\u00e8res premi\u00e8res et les produits finis du moulin \u00e0 pellets alimentaires\" class=\"wp-image-961\" title=\"\" srcset=\"https:\/\/fishfoodpelletmachine.com\/wp-content\/uploads\/2025\/07\/feed-pellet-making-.webp 720w, https:\/\/fishfoodpelletmachine.com\/wp-content\/uploads\/2025\/07\/feed-pellet-making--300x225.webp 300w, https:\/\/fishfoodpelletmachine.com\/wp-content\/uploads\/2025\/07\/feed-pellet-making--16x12.webp 16w\" sizes=\"auto, (max-width: 720px) 100vw, 720px\" \/><figcaption class=\"wp-element-caption\">mati\u00e8res premi\u00e8res et produits finis du moulin \u00e0 granul\u00e9s alimentaires<\/figcaption><\/figure> <\/div>   <h2 class=\"wp-block-heading\"><strong>Construction du moulin \u00e0 granul\u00e9s \u00e0 matrice plate<\/strong><\/h2>    <p>Il est principalement compos\u00e9 d'un tr\u00e9mie d'alimentation, d'un \u00e9crou de r\u00e9glage, d'un moteur, d'une roue mobile, etc. La machine \u00e0 pellets d'alimentation est bien con\u00e7ue ; non seulement l'efficacit\u00e9 de production est tr\u00e8s bonne, mais l'op\u00e9ration est \u00e9galement tr\u00e8s simple. Elle peut vous aider \u00e0 \u00e9conomiser beaucoup de temps et d'\u00e9nergie !<\/p>   <div class=\"wp-block-image\"> <figure class=\"aligncenter size-full\"><img loading=\"lazy\" decoding=\"async\" width=\"720\" height=\"540\" src=\"https:\/\/fishfoodpelletmachine.com\/wp-content\/uploads\/2025\/07\/structure-animal-feed-pellet-mill.webp\" alt=\"structure - moulin \u00e0 granul\u00e9s d&#039;alimentation animale\" class=\"wp-image-965\" title=\"\" srcset=\"https:\/\/fishfoodpelletmachine.com\/wp-content\/uploads\/2025\/07\/structure-animal-feed-pellet-mill.webp 720w, https:\/\/fishfoodpelletmachine.com\/wp-content\/uploads\/2025\/07\/structure-animal-feed-pellet-mill-300x225.webp 300w, https:\/\/fishfoodpelletmachine.com\/wp-content\/uploads\/2025\/07\/structure-animal-feed-pellet-mill-16x12.webp 16w\" sizes=\"auto, (max-width: 720px) 100vw, 720px\" \/><figcaption class=\"wp-element-caption\">structure de la presse \u00e0 granul\u00e9s d'alimentation animale<\/figcaption><\/figure> <\/div>   <p>Cette machine \u00e0 fabriquer des granul\u00e9s d'aliments pour animaux peut \u00eatre \u00e9quip\u00e9e d'un moteur diesel, d'un moteur \u00e0 essence, d'un prise de force (PTO) et d'un moteur \u00e9lectrique. Elle est adapt\u00e9e \u00e0 tous les types de zones et n'est pas limit\u00e9e par l'alimentation \u00e9lectrique.<\/p>    <figure class=\"wp-block-gallery has-nested-images columns-default is-cropped wp-block-gallery-2 is-layout-flex wp-block-gallery-is-layout-flex\"> <figure class=\"wp-block-image size-large\"><img loading=\"lazy\" decoding=\"async\" width=\"720\" height=\"540\" data-id=\"963\" src=\"https:\/\/fishfoodpelletmachine.com\/wp-content\/uploads\/2025\/07\/food-pellet-maker-with-petrol-engine.webp\" alt=\"fabricant de granul\u00e9s alimentaires avec moteur \u00e0 essence\" class=\"wp-image-963\" title=\"\" srcset=\"https:\/\/fishfoodpelletmachine.com\/wp-content\/uploads\/2025\/07\/food-pellet-maker-with-petrol-engine.webp 720w, https:\/\/fishfoodpelletmachine.com\/wp-content\/uploads\/2025\/07\/food-pellet-maker-with-petrol-engine-300x225.webp 300w, https:\/\/fishfoodpelletmachine.com\/wp-content\/uploads\/2025\/07\/food-pellet-maker-with-petrol-engine-16x12.webp 16w\" sizes=\"auto, (max-width: 720px) 100vw, 720px\" \/><figcaption class=\"wp-element-caption\">Fabricant de granul\u00e9s alimentaires avec moteur \u00e0 essence<\/figcaption><\/figure>    <figure class=\"wp-block-image size-large\"><img loading=\"lazy\" decoding=\"async\" width=\"720\" height=\"540\" data-id=\"960\" src=\"https:\/\/fishfoodpelletmachine.com\/wp-content\/uploads\/2025\/07\/feed-pellet-making-machine-with-pto.webp\" alt=\"machine \u00e0 fabriquer des granul\u00e9s d&#039;alimentation avec prise de force\" class=\"wp-image-960\" title=\"\" srcset=\"https:\/\/fishfoodpelletmachine.com\/wp-content\/uploads\/2025\/07\/feed-pellet-making-machine-with-pto.webp 720w, https:\/\/fishfoodpelletmachine.com\/wp-content\/uploads\/2025\/07\/feed-pellet-making-machine-with-pto-300x225.webp 300w, https:\/\/fishfoodpelletmachine.com\/wp-content\/uploads\/2025\/07\/feed-pellet-making-machine-with-pto-16x12.webp 16w\" sizes=\"auto, (max-width: 720px) 100vw, 720px\" \/><figcaption class=\"wp-element-caption\">Machine \u00e0 fabriquer des granul\u00e9s d'alimentation avec prise de force<\/figcaption><\/figure> <\/figure>    <figure class=\"wp-block-gallery has-nested-images columns-default is-cropped wp-block-gallery-3 is-layout-flex wp-block-gallery-is-layout-flex\"> <figure class=\"wp-block-image size-large\"><img loading=\"lazy\" decoding=\"async\" width=\"720\" height=\"540\" data-id=\"959\" src=\"https:\/\/fishfoodpelletmachine.com\/wp-content\/uploads\/2025\/07\/feed-pellet-machinewith-electric-motors.webp\" alt=\"machine \u00e0 granul\u00e9s d&#039;alimentation avec moteurs \u00e9lectriques\" class=\"wp-image-959\" title=\"\" srcset=\"https:\/\/fishfoodpelletmachine.com\/wp-content\/uploads\/2025\/07\/feed-pellet-machinewith-electric-motors.webp 720w, https:\/\/fishfoodpelletmachine.com\/wp-content\/uploads\/2025\/07\/feed-pellet-machinewith-electric-motors-300x225.webp 300w, https:\/\/fishfoodpelletmachine.com\/wp-content\/uploads\/2025\/07\/feed-pellet-machinewith-electric-motors-16x12.webp 16w\" sizes=\"auto, (max-width: 720px) 100vw, 720px\" \/><figcaption class=\"wp-element-caption\">Machine \u00e0 granul\u00e9s d'alimentation avec moteurs \u00e9lectriques<\/figcaption><\/figure>    <figure class=\"wp-block-image size-large\"><img loading=\"lazy\" decoding=\"async\" width=\"720\" height=\"540\" data-id=\"957\" src=\"https:\/\/fishfoodpelletmachine.com\/wp-content\/uploads\/2025\/07\/animal-feed-pellet-machine-with-diesel-engine.webp\" alt=\"machine \u00e0 granul\u00e9s d&#039;alimentation animale avec moteur diesel\" class=\"wp-image-957\" title=\"\" srcset=\"https:\/\/fishfoodpelletmachine.com\/wp-content\/uploads\/2025\/07\/animal-feed-pellet-machine-with-diesel-engine.webp 720w, https:\/\/fishfoodpelletmachine.com\/wp-content\/uploads\/2025\/07\/animal-feed-pellet-machine-with-diesel-engine-300x225.webp 300w, https:\/\/fishfoodpelletmachine.com\/wp-content\/uploads\/2025\/07\/animal-feed-pellet-machine-with-diesel-engine-16x12.webp 16w\" sizes=\"auto, (max-width: 720px) 100vw, 720px\" \/><figcaption class=\"wp-element-caption\">Machine \u00e0 granul\u00e9s d'alimentation animale avec moteur diesel<\/figcaption><\/figure> <\/figure>    <h2 class=\"wp-block-heading\"><strong>Accessoires de la machine \u00e0 fabriquer des granul\u00e9s d'alimentation<\/strong><\/h2>    <p>Les principaux accessoires de la machine \u00e0 fabriquer des granul\u00e9s d'alimentation animale sont le disque de broyage et le rouleau de pression.<\/p>    <p>Le disque de broyage est principalement utilis\u00e9 pour d\u00e9terminer le diam\u00e8tre des particules alimentaires. Le diam\u00e8tre des granul\u00e9s finis peut \u00eatre divis\u00e9 en : \u03c62, \u03c62.5, \u03c63, \u03c63.5, \u03c64, \u03c65, \u03c66, \u03c67, \u03c68, etc. Vous pouvez changer la plaque de broyage selon vos besoins.<\/p>    <figure class=\"wp-block-gallery has-nested-images columns-default is-cropped wp-block-gallery-4 is-layout-flex wp-block-gallery-is-layout-flex\"> <figure class=\"wp-block-image size-large\"><img loading=\"lazy\" decoding=\"async\" width=\"720\" height=\"540\" data-id=\"964\" src=\"https:\/\/fishfoodpelletmachine.com\/wp-content\/uploads\/2025\/07\/roller-and-mill-plate-of-animal-feed-pelllet-machine-tuya.webp\" alt=\"rouleau et plaque de moulin de machine \u00e0 pellets pour animaux\" class=\"wp-image-964\" title=\"\" srcset=\"https:\/\/fishfoodpelletmachine.com\/wp-content\/uploads\/2025\/07\/roller-and-mill-plate-of-animal-feed-pelllet-machine-tuya.webp 720w, https:\/\/fishfoodpelletmachine.com\/wp-content\/uploads\/2025\/07\/roller-and-mill-plate-of-animal-feed-pelllet-machine-tuya-300x225.webp 300w, https:\/\/fishfoodpelletmachine.com\/wp-content\/uploads\/2025\/07\/roller-and-mill-plate-of-animal-feed-pelllet-machine-tuya-16x12.webp 16w\" sizes=\"auto, (max-width: 720px) 100vw, 720px\" \/><figcaption class=\"wp-element-caption\">Rouleau et disque de broyage de la machine \u00e0 granul\u00e9s d'alimentation animale<\/figcaption><\/figure>    <figure class=\"wp-block-image size-large\"><img loading=\"lazy\" decoding=\"async\" width=\"720\" height=\"540\" data-id=\"958\" src=\"https:\/\/fishfoodpelletmachine.com\/wp-content\/uploads\/2025\/07\/different-sizes-of-grinding-discs-for-feed-pelletizer.webp\" alt=\"les diff\u00e9rentes tailles de disques de broyage pour granulateur d&#039;alimentation\" class=\"wp-image-958\" title=\"\" srcset=\"https:\/\/fishfoodpelletmachine.com\/wp-content\/uploads\/2025\/07\/different-sizes-of-grinding-discs-for-feed-pelletizer.webp 720w, https:\/\/fishfoodpelletmachine.com\/wp-content\/uploads\/2025\/07\/different-sizes-of-grinding-discs-for-feed-pelletizer-300x225.webp 300w, https:\/\/fishfoodpelletmachine.com\/wp-content\/uploads\/2025\/07\/different-sizes-of-grinding-discs-for-feed-pelletizer-16x12.webp 16w\" sizes=\"auto, (max-width: 720px) 100vw, 720px\" \/><figcaption class=\"wp-element-caption\">Les diff\u00e9rentes tailles de disques de broyage pour le granulateur de granul\u00e9s d'alimentation<\/figcaption><\/figure> <\/figure>    <h2 class=\"wp-block-heading\"><strong>Avantages de la machine \u00e0 fabriquer des granul\u00e9s d'alimentation animale Taiy<\/strong><\/h2>    <ul class=\"wp-block-list\"> <li><strong>Fonctionnement simple<\/strong>: l'op\u00e9ration est simple et peut \u00eatre effectu\u00e9e par une seule personne, aucun technicien professionnel n'est n\u00e9cessaire.<\/li>    <li><strong>Haute efficacit\u00e9 de production<\/strong>: elle a une capacit\u00e9 de production de 120 kg-200 kg\/h, ce qui peut r\u00e9pondre aux besoins de diff\u00e9rentes \u00e9chelles de production.<\/li>    <li><strong>Large gamme d'applications<\/strong>: la plupart des mati\u00e8res premi\u00e8res pour l'alimentation, telles que le grain de ma\u00efs, la paille, les tiges, le riz, le bl\u00e9 et les copeaux de bois, conviennent \u00e0 notre usine de granul\u00e9s.<\/li>    <li><strong>Disponible avec quatre sources d'\u00e9nergie<\/strong>: nous avons con\u00e7u nos mod\u00e8les de presse \u00e0 granul\u00e9s avec moteur \u00e0 essence, moteur diesel, moteur \u00e9lectrique et sortie de puissance PTO.<\/li>    <li><strong>Co\u00fbt d'entretien faible<\/strong>: il a un remplacement facile des pi\u00e8ces de rechange et un faible co\u00fbt des rouleaux et des moules.<\/li>    <li><strong>Avantage de prix<\/strong>: nous sommes auto-produits et avons un avantage de prix sur le m\u00eame march\u00e9.<\/li>    <li><strong>Garantie apr\u00e8s-vente<\/strong>: La granulatrice d'alimentation Taizy dispose d'une \u00e9quipe de service apr\u00e8s-vente solide et d'un support technique professionnel pour r\u00e9soudre vos probl\u00e8mes en temps voulu.<\/li> <\/ul>    <figure class=\"wp-block-gallery has-nested-images columns-default is-cropped wp-block-gallery-5 is-layout-flex wp-block-gallery-is-layout-flex\"> <figure class=\"wp-block-image size-large\"><img loading=\"lazy\" decoding=\"async\" width=\"720\" height=\"540\" data-id=\"962\" src=\"https:\/\/fishfoodpelletmachine.com\/wp-content\/uploads\/2025\/07\/flat-die-pellet-mill.webp\" alt=\"l&#039;affichage du moulin \u00e0 granul\u00e9s \u00e0 matrice plate\" class=\"wp-image-962\" title=\"\" srcset=\"https:\/\/fishfoodpelletmachine.com\/wp-content\/uploads\/2025\/07\/flat-die-pellet-mill.webp 720w, https:\/\/fishfoodpelletmachine.com\/wp-content\/uploads\/2025\/07\/flat-die-pellet-mill-300x225.webp 300w, https:\/\/fishfoodpelletmachine.com\/wp-content\/uploads\/2025\/07\/flat-die-pellet-mill-16x12.webp 16w\" sizes=\"auto, (max-width: 720px) 100vw, 720px\" \/><figcaption class=\"wp-element-caption\">Moulin \u00e0 granul\u00e9s \u00e0 matrice plate<\/figcaption><\/figure> <\/figure>    <h2 class=\"wp-block-heading\"><strong>\u00c0 propos du prix de la machine \u00e0 pellets d'alimentation animale<\/strong><\/h2>    <p>Le prix d'un moulin \u00e0 granul\u00e9s d'alimentation peut \u00eatre affect\u00e9 par un certain nombre de facteurs. Deux des principaux facteurs influents sont indiqu\u00e9s comme suit :<\/p>    <p>Prix diff\u00e9rent pour diff\u00e9rents mod\u00e8les : le prix de la machine \u00e0 fabriquer des granul\u00e9s d'alimentation sera diff\u00e9rent selon les mod\u00e8les. En g\u00e9n\u00e9ral, le prix est plus \u00e9lev\u00e9 pour les mod\u00e8les ayant une plus grande capacit\u00e9. Par exemple, le prix du KL-210 est plus \u00e9lev\u00e9 que celui du KL-150.<\/p>    <p>Diff\u00e9rents prix pour diff\u00e9rents accessoires : d'une part, le nombre d'accessoires affectera le prix. Le prix sera plus \u00e9lev\u00e9 s'il y a une plus grande demande pour les accessoires. D'autre part, les accessoires personnalis\u00e9s seront plus chers.<\/p>    <h2 class=\"wp-block-heading\"><strong>Lignes de production pour la machine \u00e0 granul\u00e9s d'alimentation<\/strong><\/h2>    <p class=\"translation-block\">In order to meet the needs of different customers, we also offer the <a href=\"https:\/\/fishfoodpelletmachine.com\/fr\/product\/animal-feed-pellet-production-line\/\">production line for animal feed pellet making machine<\/a>. These include hammer mill, screw conveyor, mixer, feed pellet making machine, cooling machine, weighing and packing machine, and so on.<\/p>    <p>La ligne de production peut grandement \u00e9conomiser de la main-d'\u0153uvre et am\u00e9liorer l'efficacit\u00e9 de la production. Elle vous permet de r\u00e9aliser un traitement en une seule \u00e9tape. Que vous souhaitiez d\u00e9marrer une entreprise de production de granul\u00e9s de volaille ou continuer \u00e0 d\u00e9velopper votre production, cette ligne de production est un excellent choix !<\/p>   <div class=\"wp-block-image\"> <figure class=\"aligncenter size-full\"><img loading=\"lazy\" decoding=\"async\" width=\"720\" height=\"540\" src=\"https:\/\/fishfoodpelletmachine.com\/wp-content\/uploads\/2025\/07\/production-lines-for-the-feed-pelletizer-machine.webp\" alt=\"les lignes de production pour la machine \u00e0 pelleter les aliments\" class=\"wp-image-968\" title=\"\" srcset=\"https:\/\/fishfoodpelletmachine.com\/wp-content\/uploads\/2025\/07\/production-lines-for-the-feed-pelletizer-machine.webp 720w, https:\/\/fishfoodpelletmachine.com\/wp-content\/uploads\/2025\/07\/production-lines-for-the-feed-pelletizer-machine-300x225.webp 300w, https:\/\/fishfoodpelletmachine.com\/wp-content\/uploads\/2025\/07\/production-lines-for-the-feed-pelletizer-machine-16x12.webp 16w\" sizes=\"auto, (max-width: 720px) 100vw, 720px\" \/><figcaption class=\"wp-element-caption\">lignes de production pour la machine \u00e0 granul\u00e9s d'alimentation<\/figcaption><\/figure> <\/div>   <h2 class=\"wp-block-heading\"><strong>Le cas r\u00e9ussi de la machine \u00e0 granul\u00e9s d'alimentation Taizy<\/strong><\/h2>    <p>En avril, un client de la R\u00e9publique D\u00e9mocratique du Congo a command\u00e9 une machine \u00e0 fabriquer des granul\u00e9s d'aliments pour animaux KL-210. Au cours de nos \u00e9changes, nous avons appris que ce client poss\u00e8de une ferme. Il a besoin d'une machine \u00e0 granul\u00e9s d'aliments pour animaux d'une capacit\u00e9 de 300-400 kg\/h. Il esp\u00e8re recevoir la machine dans les 15 jours.<\/p>    <p>En fonction des besoins du client. Nous recommandons cette machine \u00e0 fabriquer des granul\u00e9s d'alimentation au client. Afin de permettre au client de recevoir les marchandises le plus rapidement possible, nous avons travaill\u00e9 des heures suppl\u00e9mentaires toute la nuit pour produire. Dix jours plus tard, nous avons termin\u00e9 la production et envoy\u00e9 les photos du produit au client. Le client \u00e9tait tr\u00e8s satisfait et a effectu\u00e9 le paiement final.<\/p>    <p>Apr\u00e8s avoir re\u00e7u la machine \u00e0 granuler, il a d\u00e9clar\u00e9 qu'il \u00e9tait tr\u00e8s satisfait et esp\u00e9rait avoir plus de coop\u00e9ration \u00e0 l'avenir ! Si vous avez besoin d'un moulin \u00e0 granul\u00e9s \u00e0 matrice plate, veuillez nous contacter imm\u00e9diatement. Nous vous fournirons le service et l'\u00e9quipement les plus professionnels !<\/p>","protected":false},"excerpt":{"rendered":"<p>Cet article traite des avantages, des mod\u00e8les et de leurs param\u00e8tres des machines \u00e0 fabriquer des granul\u00e9s d'alimentation animale. Celle-ci est principalement adapt\u00e9e \u00e0 l'agriculture rurale, aux fermes de lapins et \u00e0 d'autres exploitations familiales et petites fermes, sa capacit\u00e9 est de 120 kg \u00e0 1200 kg\/h.<\/p>","protected":false},"author":1,"featured_media":967,"parent":0,"template":"","tags":[51],"product-type":[4],"class_list":["post-956","product","type-product","status-publish","has-post-thumbnail","hentry","tag-feed-pellet","product-type-feed-grinding-machine"],"_links":{"self":[{"href":"https:\/\/fishfoodpelletmachine.com\/fr\/wp-json\/wp\/v2\/product\/956","targetHints":{"allow":["GET"]}}],"collection":[{"href":"https:\/\/fishfoodpelletmachine.com\/fr\/wp-json\/wp\/v2\/product"}],"about":[{"href":"https:\/\/fishfoodpelletmachine.com\/fr\/wp-json\/wp\/v2\/types\/product"}],"author":[{"embeddable":true,"href":"https:\/\/fishfoodpelletmachine.com\/fr\/wp-json\/wp\/v2\/users\/1"}],"wp:featuredmedia":[{"embeddable":true,"href":"https:\/\/fishfoodpelletmachine.com\/fr\/wp-json\/wp\/v2\/media\/967"}],"wp:attachment":[{"href":"https:\/\/fishfoodpelletmachine.com\/fr\/wp-json\/wp\/v2\/media?parent=956"}],"wp:term":[{"taxonomy":"post_tag","embeddable":true,"href":"https:\/\/fishfoodpelletmachine.com\/fr\/wp-json\/wp\/v2\/tags?post=956"},{"taxonomy":"product-type","embeddable":true,"href":"https:\/\/fishfoodpelletmachine.com\/fr\/wp-json\/wp\/v2\/product-type?post=956"}],"curies":[{"name":"wp","href":"https:\/\/api.w.org\/{rel}","templated":true}]}}