{"id":3,"date":"2022-07-28T10:35:48","date_gmt":"2022-07-28T10:35:48","guid":{"rendered":"https:\/\/fishfoodpelletmachine.com\/?page_id=3"},"modified":"2022-09-27T16:35:44","modified_gmt":"2022-09-27T08:35:44","slug":"about-us","status":"publish","type":"page","link":"https:\/\/fishfoodpelletmachine.com\/pt\/about-us\/","title":{"rendered":"Sobre n\u00f3s"},"content":{"rendered":"<h2 class=\"wp-block-heading\">Quem somos?<\/h2>    <div class=\"wp-block-media-text alignwide is-stacked-on-mobile\"><figure class=\"wp-block-media-text__media\"><img loading=\"lazy\" decoding=\"async\" width=\"720\" height=\"540\" src=\"https:\/\/fishfoodpelletmachine.com\/wp-content\/uploads\/2022\/09\/Taizy-factory-1-1.webp\" alt=\"\" class=\"wp-image-481 size-full\" title=\"\" srcset=\"https:\/\/fishfoodpelletmachine.com\/wp-content\/uploads\/2022\/09\/Taizy-factory-1-1.webp 720w, https:\/\/fishfoodpelletmachine.com\/wp-content\/uploads\/2022\/09\/Taizy-factory-1-1-300x225.webp 300w\" sizes=\"auto, (max-width: 720px) 100vw, 720px\" \/><\/figure><div class=\"wp-block-media-text__content\"> <p>Taizy\u00a0Machinery \u00e9 um fabricante muito profissional e famoso de pellets de ra\u00e7\u00e3o para peixes, pellets para animais de estima\u00e7\u00e3o e m\u00e1quinas relacionadas. Desde a sua cria\u00e7\u00e3o, a Taizy\u00a0Machinery est\u00e1 no mercado h\u00e1 mais de 20 anos. Os principais produtos que produzimos s\u00e3o m\u00e1quinas de pellets de ra\u00e7\u00e3o para peixes, m\u00e1quinas de ra\u00e7\u00e3o para animais de estima\u00e7\u00e3o, trituradores de gr\u00e3os, misturadores, secadores, m\u00e1quinas de tempero e assim por diante. No processo de desenvolvimento, acompanhamos o progresso da ci\u00eancia e da tecnologia para desenvolver m\u00e1quinas que atendam \u00e0s necessidades das pessoas em pellets de ra\u00e7\u00e3o para peixes e ra\u00e7\u00f5es para animais de estima\u00e7\u00e3o em v\u00e1rios per\u00edodos. Estamos comprometidos em produzir produtos de maquin\u00e1rio que atendam \u00e0s necessidades do p\u00fablico e sejam dur\u00e1veis. Agora nossas m\u00e1quinas s\u00e3o exportadas para v\u00e1rios pa\u00edses. Por exemplo, Peru, Gana, N\u00edger, Angola, Mal\u00e1sia, B\u00e9lgica e assim por diante. Devido \u00e0 exporta\u00e7\u00e3o frequente para estes pa\u00edses, muitos dos nossos clientes tornaram-se nossos clientes de longo prazo.<\/p> <\/div><\/div>    <p>Hoje em dia, existem muitos piscicultores em muitas \u00e1reas. Ao mesmo tempo, devido ao elevado custo de compra de ra\u00e7\u00e3o para peixes, que n\u00e3o conduz ao aumento das receitas, existem agora muitos piscicultores que optam por comprar a sua pr\u00f3pria m\u00e1quina de pellets de ra\u00e7\u00e3o para peixes para fazer a sua pr\u00f3pria ra\u00e7\u00e3o para peixes. Desta forma, a nutri\u00e7\u00e3o da ra\u00e7\u00e3o para peixes pode ser garantida enquanto a ra\u00e7\u00e3o preparada por si s\u00f3 \u00e9 limpa e higi\u00eanica. Isto \u00e9 mais prop\u00edcio ao crescimento e desenvolvimento dos peixes. Ao mesmo tempo, economize custos e reduza os gastos com compra de ra\u00e7\u00e3o para peixes. Hoje em dia, muitas fam\u00edlias t\u00eam animais de estima\u00e7\u00e3o, por isso os alimentos para animais de estima\u00e7\u00e3o tamb\u00e9m s\u00e3o muito procurados. Portanto, muitas pessoas compram o maquin\u00e1rio necess\u00e1rio para fazer ra\u00e7\u00e3o para animais de estima\u00e7\u00e3o.<\/p>    <h2 class=\"wp-block-heading\">Quais s\u00e3o os nossos servi\u00e7os?<\/h2>    <p>1. Recomende uma m\u00e1quina adequada aos nossos clientes. Antes de recomendar a m\u00e1quina certa, primeiro pediremos para determinar as necessidades espec\u00edficas do cliente, como mat\u00e9rias-primas, produ\u00e7\u00e3o, efeito do produto, etc.. Em seguida, recomendamos a m\u00e1quina adequada de acordo com a resposta do cliente. Os clientes tamb\u00e9m podem escolher o equipamento que desejam entre as m\u00e1quinas que recomendamos.<\/p>    <p>2. Forne\u00e7a ao cliente fotos e v\u00eddeos da m\u00e1quina. Enviaremos fotos, v\u00eddeos e par\u00e2metros t\u00e9cnicos relevantes da m\u00e1quina no processo de comunica\u00e7\u00e3o com os clientes para que eles tenham um entendimento completo da m\u00e1quina.<\/p>    <p>3. Apoiamos m\u00e1quinas personalizadas. Personalizaremos a m\u00e1quina de acordo com as necessidades espec\u00edficas do cliente.<\/p>    <p>4. Temos v\u00e1rios m\u00e9todos de pagamento. Por exemplo Trade Assurance, T\/T, Money Gram, L\/C, Pay Pal, Western Union, Cash, etc. Voc\u00ea pode escolher o m\u00e9todo de pagamento mais conveniente.<\/p>    <p>5. Daremos a voc\u00ea um ano de servi\u00e7o p\u00f3s-venda gratuito. Podemos orientar nossos clientes online e ajud\u00e1-los a resolver diversos problemas.<\/p>    <figure class=\"wp-block-gallery has-nested-images columns-3 is-cropped wp-block-gallery-2 is-layout-flex wp-block-gallery-is-layout-flex\"> <figure class=\"wp-block-image size-large\"><img loading=\"lazy\" decoding=\"async\" width=\"720\" height=\"540\" data-id=\"482\" src=\"https:\/\/fishfoodpelletmachine.com\/wp-content\/uploads\/2022\/09\/fish-feed-pellet-machine-1-1.webp\" alt=\"embalagem em caixa de madeira\" class=\"wp-image-482\" title=\"embalagem em caixa de madeira\" srcset=\"https:\/\/fishfoodpelletmachine.com\/wp-content\/uploads\/2022\/09\/fish-feed-pellet-machine-1-1.webp 720w, https:\/\/fishfoodpelletmachine.com\/wp-content\/uploads\/2022\/09\/fish-feed-pellet-machine-1-1-300x225.webp 300w\" sizes=\"auto, (max-width: 720px) 100vw, 720px\" \/><figcaption>Embalagem de caixa de madeira<\/figcaption><\/figure>    <figure class=\"wp-block-image size-large\"><img loading=\"lazy\" decoding=\"async\" width=\"720\" height=\"540\" data-id=\"483\" src=\"https:\/\/fishfoodpelletmachine.com\/wp-content\/uploads\/2022\/09\/shipping-of-the-machine-.webp\" alt=\"envio da m\u00e1quina\" class=\"wp-image-483\" title=\"envio da m\u00e1quina\" srcset=\"https:\/\/fishfoodpelletmachine.com\/wp-content\/uploads\/2022\/09\/shipping-of-the-machine-.webp 720w, https:\/\/fishfoodpelletmachine.com\/wp-content\/uploads\/2022\/09\/shipping-of-the-machine--300x225.webp 300w\" sizes=\"auto, (max-width: 720px) 100vw, 720px\" \/><figcaption>Envio da m\u00e1quina<\/figcaption><\/figure> <\/figure>    <p><\/p>    <p><\/p>    <p><\/p>    <p><\/p>","protected":false},"excerpt":{"rendered":"<p>Who we are? Taizy\u00a0Machinery is a very professional and famous manufacturer of fish food pellets, pet pellets, and related machinery. Since its establishment, Taizy\u00a0Machinery has been in business for more than 20 years. The main products we produce are fish food pellet machines, pet food machines, grain crushers, mixers, dryers, seasoning machines, and so on. [&hellip;]<\/p>\n","protected":false},"author":1,"featured_media":0,"parent":0,"menu_order":0,"comment_status":"closed","ping_status":"open","template":"","meta":{"footnotes":""},"class_list":["post-3","page","type-page","status-publish","hentry"],"_links":{"self":[{"href":"https:\/\/fishfoodpelletmachine.com\/pt\/wp-json\/wp\/v2\/pages\/3","targetHints":{"allow":["GET"]}}],"collection":[{"href":"https:\/\/fishfoodpelletmachine.com\/pt\/wp-json\/wp\/v2\/pages"}],"about":[{"href":"https:\/\/fishfoodpelletmachine.com\/pt\/wp-json\/wp\/v2\/types\/page"}],"author":[{"embeddable":true,"href":"https:\/\/fishfoodpelletmachine.com\/pt\/wp-json\/wp\/v2\/users\/1"}],"replies":[{"embeddable":true,"href":"https:\/\/fishfoodpelletmachine.com\/pt\/wp-json\/wp\/v2\/comments?post=3"}],"version-history":[{"count":0,"href":"https:\/\/fishfoodpelletmachine.com\/pt\/wp-json\/wp\/v2\/pages\/3\/revisions"}],"wp:attachment":[{"href":"https:\/\/fishfoodpelletmachine.com\/pt\/wp-json\/wp\/v2\/media?parent=3"}],"curies":[{"name":"wp","href":"https:\/\/api.w.org\/{rel}","templated":true}]}}