{"id":1023,"date":"2025-10-21T11:25:41","date_gmt":"2025-10-21T03:25:41","guid":{"rendered":"https:\/\/fishfoodpelletmachine.com\/?post_type=product&#038;p=1023"},"modified":"2025-10-22T09:30:26","modified_gmt":"2025-10-22T01:30:26","slug":"chicken-feed-pellet-making-machine","status":"publish","type":"product","link":"https:\/\/fishfoodpelletmachine.com\/pt\/product\/chicken-feed-pellet-making-machine\/","title":{"rendered":"M\u00e1quina de fabrico de pellets para ra\u00e7\u00e3o de frango"},"content":{"rendered":"<p class=\"translation-block\">A <strong>m\u00e1quina de pelletizar ra\u00e7\u00e3o para frangos<\/strong> processa principalmente v\u00e1rias mat\u00e9rias-primas, como fubos de milho, farelo de relva e farelo de trigo, em pellets de ra\u00e7\u00e3o para frangos. Os pellets variam tipicamente entre 2-10 cm de tamanho e podem ser personalizados.<\/p>    <p>A m\u00e1quina de pelletizar ra\u00e7\u00e3o para frangos Taizy \u00e9 altamente eficiente, com uma capacidade de produ\u00e7\u00e3o de 120-1200 kg\/h. Adequada para a produ\u00e7\u00e3o de todos os tamanhos. Quer seja um agricultor individual ou uma f\u00e1brica de processamento de ra\u00e7\u00e3o, as nossas m\u00e1quinas podem atender \u00e0s suas necessidades.<\/p>    <figure class=\"wp-block-embed is-type-video is-provider-youtube wp-block-embed-youtube wp-embed-aspect-16-9 wp-has-aspect-ratio\"><div class=\"wp-block-embed__wrapper\"> <iframe loading=\"lazy\" title=\"M\u00e1quina de Fazer Pellets de Ra\u00e7\u00e3o para Frangos | Extrusora de Pelletiza\u00e7\u00e3o de Ra\u00e7\u00e3o para Aves, Gado, C\u00e3o e Gado Leiteiro\" width=\"500\" height=\"281\" src=\"https:\/\/www.youtube.com\/embed\/DM-smjv6fyo?feature=oembed\" frameborder=\"0\" allow=\"accelerometer; autoplay; clipboard-write; encrypted-media; gyroscope; picture-in-picture; web-share\" referrerpolicy=\"strict-origin-when-cross-origin\" allowfullscreen><\/iframe> <\/div><figcaption class=\"wp-element-caption\">processo de trabalho da m\u00e1quina de pelletizar ra\u00e7\u00e3o para frangos<\/figcaption><\/figure>    <h2 class=\"wp-block-heading\"><strong>Caracter\u00edsticas da m\u00e1quina de pellets de ra\u00e7\u00e3o para galinhas<\/strong><\/h2>    <ul class=\"wp-block-list\"> <li>O nosso alimentador de pellets para galinhas \u00e9 muito <strong>f\u00e1cil de operar<\/strong> e n\u00e3o requer forma\u00e7\u00e3o especial. Normalmente, uma pessoa pode oper\u00e1-lo.<\/li>    <li>A m\u00e1quina de fazer pellets de ra\u00e7\u00e3o para galinhas Taizy tem uma <strong>efici\u00eancia de produ\u00e7\u00e3o de 120-1200kg\/h<\/strong> e \u00e9 adequado para a produ\u00e7\u00e3o de todos os tamanhos.<\/li>    <li>Os pellets de ra\u00e7\u00e3o para galinhas processados por esta m\u00e1quina s\u00e3o <strong>de forma uniforme e n\u00e3o f\u00e1cil de quebrar<\/strong>.<\/li>    <li>A gama de aplica\u00e7\u00e3o do nosso equipamento de processamento de ra\u00e7\u00e3o para galinhas \u00e9 muito ampla. Pode n\u00e3o s\u00f3 ser usado para processar ra\u00e7\u00e3o para galinhas, mas tamb\u00e9m para processar v\u00e1rias <strong>alimenta\u00e7\u00f5es como gado, ovelhas e cavalos<\/strong>.<\/li>    <li>Esta m\u00e1quina pode ser equipada com <strong>motor a diesel, motor a gasolina ou motor el\u00e9trico<\/strong>. \u00c9 adequado para uso em v\u00e1rias regi\u00f5es.<\/li>    <li>O seu <strong>Pe\u00e7as de substitui\u00e7\u00e3o s\u00e3o f\u00e1ceis de instalar<\/strong>, e os rolos e moldes s\u00e3o relativamente acess\u00edveis.<\/li> <\/ul>    <figure class=\"wp-block-gallery has-nested-images columns-default is-cropped wp-block-gallery-2 is-layout-flex wp-block-gallery-is-layout-flex\"> <figure class=\"wp-block-image size-large\"><img loading=\"lazy\" decoding=\"async\" width=\"720\" height=\"540\" data-id=\"1001\" src=\"https:\/\/fishfoodpelletmachine.com\/wp-content\/uploads\/2025\/08\/animal-feed-pelleting-machine.webp\" alt=\"m\u00e1quina de pelletizar ra\u00e7\u00e3o para frangos\" class=\"wp-image-1001\" title=\"\" srcset=\"https:\/\/fishfoodpelletmachine.com\/wp-content\/uploads\/2025\/08\/animal-feed-pelleting-machine.webp 720w, https:\/\/fishfoodpelletmachine.com\/wp-content\/uploads\/2025\/08\/animal-feed-pelleting-machine-300x225.webp 300w, https:\/\/fishfoodpelletmachine.com\/wp-content\/uploads\/2025\/08\/animal-feed-pelleting-machine-16x12.webp 16w\" sizes=\"auto, (max-width: 720px) 100vw, 720px\" \/><figcaption class=\"wp-element-caption\">M\u00e1quina de Pelletiza\u00e7\u00e3o de Ra\u00e7\u00e3o para Frangos<\/figcaption><\/figure>    <figure class=\"wp-block-image size-large\"><img loading=\"lazy\" decoding=\"async\" width=\"284\" height=\"243\" data-id=\"1014\" src=\"https:\/\/fishfoodpelletmachine.com\/wp-content\/uploads\/2025\/09\/feed-pellet-making-machine.png\" alt=\"m\u00e1quina de fazer pellets de ra\u00e7\u00e3o\" class=\"wp-image-1014\" title=\"\" srcset=\"https:\/\/fishfoodpelletmachine.com\/wp-content\/uploads\/2025\/09\/feed-pellet-making-machine.png 284w, https:\/\/fishfoodpelletmachine.com\/wp-content\/uploads\/2025\/09\/feed-pellet-making-machine-14x12.png 14w\" sizes=\"auto, (max-width: 284px) 100vw, 284px\" \/><figcaption class=\"wp-element-caption\">Pelletizadora de ra\u00e7\u00e3o para frangos<\/figcaption><\/figure> <\/figure>    <h2 class=\"wp-block-heading\"><strong>Estrutura da pelletizadora de ra\u00e7\u00e3o para galinhas<\/strong><\/h2>    <p>A estrutura da nossa m\u00e1quina de pelletizar ra\u00e7\u00e3o para frangos \u00e9 muito simples. Consiste num funil de alimenta\u00e7\u00e3o, porca de ajuste, disco de moagem, roda m\u00f3vel, etc. <\/p>   <div class=\"wp-block-image\"> <figure class=\"aligncenter size-full\"><img loading=\"lazy\" decoding=\"async\" width=\"720\" height=\"540\" src=\"https:\/\/fishfoodpelletmachine.com\/wp-content\/uploads\/2025\/07\/structure-animal-feed-pellet-mill.webp\" alt=\"estrutura do moinho de pellets para ra\u00e7\u00e3o de frango\" class=\"wp-image-965\" title=\"\" srcset=\"https:\/\/fishfoodpelletmachine.com\/wp-content\/uploads\/2025\/07\/structure-animal-feed-pellet-mill.webp 720w, https:\/\/fishfoodpelletmachine.com\/wp-content\/uploads\/2025\/07\/structure-animal-feed-pellet-mill-300x225.webp 300w, https:\/\/fishfoodpelletmachine.com\/wp-content\/uploads\/2025\/07\/structure-animal-feed-pellet-mill-16x12.webp 16w\" sizes=\"auto, (max-width: 720px) 100vw, 720px\" \/><figcaption class=\"wp-element-caption\">estrutura do moinho de pellets para ra\u00e7\u00e3o de frango<\/figcaption><\/figure> <\/div>   <h2 class=\"wp-block-heading\"><strong>Par\u00e2metros da m\u00e1quina de fazer pellets de ra\u00e7\u00e3o para galinhas<\/strong><\/h2>    <figure class=\"wp-block-table\"><table><tbody><tr><td class=\"has-text-align-left\" data-align=\"left\">Modelo<\/td><td class=\"has-text-align-left\" data-align=\"left\">Poder<\/td><td class=\"has-text-align-left\" data-align=\"left\">Peso da m\u00e1quina<\/td><td>Tamanho da m\u00e1quina<\/td><td>Capacidade<\/td><\/tr><tr><td class=\"has-text-align-left\" data-align=\"left\">KL-120<\/td><td class=\"has-text-align-left\" data-align=\"left\">3 kW<\/td><td class=\"has-text-align-left\" data-align=\"left\">100kg<\/td><td>0.75*0.32*0.61m<\/td><td>120kg\/h<\/td><\/tr><tr><td class=\"has-text-align-left\" data-align=\"left\">KL-150<\/td><td class=\"has-text-align-left\" data-align=\"left\">3 kW<\/td><td class=\"has-text-align-left\" data-align=\"left\">190kg<\/td><td>0,75*0,35*0,65m<\/td><td>150kg\/hora<\/td><\/tr><tr><td class=\"has-text-align-left\" data-align=\"left\">KL-210<\/td><td class=\"has-text-align-left\" data-align=\"left\">7,5 kW<\/td><td class=\"has-text-align-left\" data-align=\"left\">230kg<\/td><td>1,0*0,45*0,96m<\/td><td>400kg\/h<\/td><\/tr><tr><td class=\"has-text-align-left\" data-align=\"left\">KL-260<\/td><td class=\"has-text-align-left\" data-align=\"left\">15 kW<\/td><td class=\"has-text-align-left\" data-align=\"left\">360kg<\/td><td>1,46*0,46*1,15m<\/td><td>800kg\/hora<\/td><\/tr><tr><td class=\"has-text-align-left\" data-align=\"left\">KL-300<\/td><td class=\"has-text-align-left\" data-align=\"left\">22 kW<\/td><td class=\"has-text-align-left\" data-align=\"left\">450kg<\/td><td>1,06*0,57*1,15m<\/td><td>1000-1200kg\/h<\/td><\/tr><\/tbody><\/table><figcaption class=\"wp-element-caption\">par\u00e2metros do equipamento de pelletiza\u00e7\u00e3o de ra\u00e7\u00e3o para frangos<\/figcaption><\/figure>    <h2 class=\"wp-block-heading\"><strong>Princ\u00edpio de funcionamento do extrusor de pellets de ra\u00e7\u00e3o para galinhas<\/strong><\/h2>    <ul class=\"wp-block-list\"> <li><strong>Prepara\u00e7\u00e3o pr\u00e9-in\u00edcio<\/strong>: Primeiro, adicione \u00f3leo de engrenagem \u00e0 transmiss\u00e3o, ajuste a tens\u00e3o da correia e execute a m\u00e1quina sem carga para confirmar o funcionamento normal antes de preparar a alimenta\u00e7\u00e3o.<\/li>    <li><strong>Lubrifica\u00e7\u00e3o do eixo e teste da m\u00e1quina<\/strong>: Antes do primeiro uso, utilize p\u00f3 de relva misturado com uma pequena quantidade de \u00f3leo vegetal como lubrificante. Ao ligar a m\u00e1quina, adicione gradualmente o material para lubrificar completamente o orif\u00edcio do molde at\u00e9 que as part\u00edculas sejam expelidas suavemente.<\/li>    <li><strong>Produ\u00e7\u00e3o formal<\/strong>: Ap\u00f3s a lubrifica\u00e7\u00e3o estar conclu\u00edda, a granula\u00e7\u00e3o pode come\u00e7ar normalmente. O comprimento das part\u00edculas de alimento pode ser ajustado substituindo o disco de moagem.<\/li>    <li><strong>Desligamento e limpeza<\/strong>: Ap\u00f3s a conclus\u00e3o do processamento, solte os parafusos de ajuste para libertar os rolos. Ap\u00f3s desligar, limpe o funil e a bandeja do molde para evitar entupimentos ou danos na m\u00e1quina.<\/li> <\/ul>    <figure class=\"wp-block-gallery has-nested-images columns-default is-cropped wp-block-gallery-3 is-layout-flex wp-block-gallery-is-layout-flex\"> <figure class=\"wp-block-image size-large\"><img loading=\"lazy\" decoding=\"async\" width=\"720\" height=\"540\" data-id=\"958\" src=\"https:\/\/fishfoodpelletmachine.com\/wp-content\/uploads\/2025\/07\/different-sizes-of-grinding-discs-for-feed-pelletizer.webp\" alt=\"os diferentes tamanhos de discos de moagem para o pelletizador de ra\u00e7\u00e3o\" class=\"wp-image-958\" title=\"\" srcset=\"https:\/\/fishfoodpelletmachine.com\/wp-content\/uploads\/2025\/07\/different-sizes-of-grinding-discs-for-feed-pelletizer.webp 720w, https:\/\/fishfoodpelletmachine.com\/wp-content\/uploads\/2025\/07\/different-sizes-of-grinding-discs-for-feed-pelletizer-300x225.webp 300w, https:\/\/fishfoodpelletmachine.com\/wp-content\/uploads\/2025\/07\/different-sizes-of-grinding-discs-for-feed-pelletizer-16x12.webp 16w\" sizes=\"auto, (max-width: 720px) 100vw, 720px\" \/><figcaption class=\"wp-element-caption\">Os Diferentes Tamanhos de Discos de Moagem para o Pelletizador de Ra\u00e7\u00e3o para Frangos<\/figcaption><\/figure>    <figure class=\"wp-block-image size-large\"><img loading=\"lazy\" decoding=\"async\" width=\"720\" height=\"540\" data-id=\"964\" src=\"https:\/\/fishfoodpelletmachine.com\/wp-content\/uploads\/2025\/07\/roller-and-mill-plate-of-animal-feed-pelllet-machine-tuya.webp\" alt=\"rolos e placas do moinho da m\u00e1quina de pellets de ra\u00e7\u00e3o animal\" class=\"wp-image-964\" title=\"\" srcset=\"https:\/\/fishfoodpelletmachine.com\/wp-content\/uploads\/2025\/07\/roller-and-mill-plate-of-animal-feed-pelllet-machine-tuya.webp 720w, https:\/\/fishfoodpelletmachine.com\/wp-content\/uploads\/2025\/07\/roller-and-mill-plate-of-animal-feed-pelllet-machine-tuya-300x225.webp 300w, https:\/\/fishfoodpelletmachine.com\/wp-content\/uploads\/2025\/07\/roller-and-mill-plate-of-animal-feed-pelllet-machine-tuya-16x12.webp 16w\" sizes=\"auto, (max-width: 720px) 100vw, 720px\" \/><figcaption class=\"wp-element-caption\">Rolo e placa de moagem da m\u00e1quina de pellets de ra\u00e7\u00e3o para frangos<\/figcaption><\/figure> <\/figure>    <h2 class=\"wp-block-heading\"><strong>Mat\u00e9rias-primas e produtos acabados<\/strong><\/h2>    <p>Mat\u00e9rias-primas: Esta m\u00e1quina de pelletizar ra\u00e7\u00e3o para frangos pode usar uma variedade de mat\u00e9rias-primas, como milho, cascas de arroz, caules de algod\u00e3o, cascas de caro\u00e7o de algod\u00e3o, farelo de trigo e v\u00e1rios p\u00f3s de gr\u00e3os.<\/p>    <figure class=\"wp-block-gallery has-nested-images columns-default is-cropped wp-block-gallery-4 is-layout-flex wp-block-gallery-is-layout-flex\"> <figure class=\"wp-block-image size-large\"><img loading=\"lazy\" decoding=\"async\" width=\"720\" height=\"540\" data-id=\"1025\" src=\"https:\/\/fishfoodpelletmachine.com\/wp-content\/uploads\/2025\/10\/raw-materials-for-chicken-feed-pellet-maker.webp\" alt=\"mat\u00e9rias-primas para extrusora de pellets de ra\u00e7\u00e3o para frangos\" class=\"wp-image-1025\" title=\"\" srcset=\"https:\/\/fishfoodpelletmachine.com\/wp-content\/uploads\/2025\/10\/raw-materials-for-chicken-feed-pellet-maker.webp 720w, https:\/\/fishfoodpelletmachine.com\/wp-content\/uploads\/2025\/10\/raw-materials-for-chicken-feed-pellet-maker-300x225.webp 300w, https:\/\/fishfoodpelletmachine.com\/wp-content\/uploads\/2025\/10\/raw-materials-for-chicken-feed-pellet-maker-16x12.webp 16w\" sizes=\"auto, (max-width: 720px) 100vw, 720px\" \/><figcaption class=\"wp-element-caption\">Mat\u00e9rias-Primas para a Pelletizadora de Ra\u00e7\u00e3o para Frangos<\/figcaption><\/figure>    <figure class=\"wp-block-image size-large\"><img loading=\"lazy\" decoding=\"async\" width=\"720\" height=\"540\" data-id=\"1026\" src=\"https:\/\/fishfoodpelletmachine.com\/wp-content\/uploads\/2025\/10\/raw-materials-for-chicken-feed-pellet-making-machine.webp\" alt=\"mat\u00e9rias-primas para m\u00e1quina de pelletizar ra\u00e7\u00e3o para frangos\" class=\"wp-image-1026\" title=\"\" srcset=\"https:\/\/fishfoodpelletmachine.com\/wp-content\/uploads\/2025\/10\/raw-materials-for-chicken-feed-pellet-making-machine.webp 720w, https:\/\/fishfoodpelletmachine.com\/wp-content\/uploads\/2025\/10\/raw-materials-for-chicken-feed-pellet-making-machine-300x225.webp 300w, https:\/\/fishfoodpelletmachine.com\/wp-content\/uploads\/2025\/10\/raw-materials-for-chicken-feed-pellet-making-machine-16x12.webp 16w\" sizes=\"auto, (max-width: 720px) 100vw, 720px\" \/><figcaption class=\"wp-element-caption\">Mat\u00e9rias-Primas para a M\u00e1quina de Fazer Pellets de Ra\u00e7\u00e3o para Frangos<\/figcaption><\/figure>    <figure class=\"wp-block-image size-large\"><img loading=\"lazy\" decoding=\"async\" width=\"720\" height=\"540\" data-id=\"1027\" src=\"https:\/\/fishfoodpelletmachine.com\/wp-content\/uploads\/2025\/10\/raw-materials-for-chicken-feed-pellet-mill.webp\" alt=\"mat\u00e9rias-primas para moinho de ra\u00e7\u00e3o para frangos\" class=\"wp-image-1027\" title=\"\" srcset=\"https:\/\/fishfoodpelletmachine.com\/wp-content\/uploads\/2025\/10\/raw-materials-for-chicken-feed-pellet-mill.webp 720w, https:\/\/fishfoodpelletmachine.com\/wp-content\/uploads\/2025\/10\/raw-materials-for-chicken-feed-pellet-mill-300x225.webp 300w, https:\/\/fishfoodpelletmachine.com\/wp-content\/uploads\/2025\/10\/raw-materials-for-chicken-feed-pellet-mill-16x12.webp 16w\" sizes=\"auto, (max-width: 720px) 100vw, 720px\" \/><figcaption class=\"wp-element-caption\">Mat\u00e9rias-primas para o moinho de pellets de ra\u00e7\u00e3o para frangos<\/figcaption><\/figure> <\/figure>    <p>Produto acabado: O produto acabado pressionado pela pelletizadora de ra\u00e7\u00e3o para frangos \u00e9 um pellet cil\u00edndrico de 2-10 mm, com apar\u00eancia cuidada, estrutura compacta e nutri\u00e7\u00e3o equilibrada. \u00c9 uma das formas mais populares de ra\u00e7\u00e3o para frangos no mercado.<\/p>    <figure class=\"wp-block-gallery has-nested-images columns-default is-cropped wp-block-gallery-5 is-layout-flex wp-block-gallery-is-layout-flex\"> <figure class=\"wp-block-image size-large\"><img loading=\"lazy\" decoding=\"async\" width=\"720\" height=\"540\" data-id=\"1028\" src=\"https:\/\/fishfoodpelletmachine.com\/wp-content\/uploads\/2025\/10\/finished-products-of-chicken-feed-pellet-extruder.webp\" alt=\"produtos acabados do equipamento de fabrica\u00e7\u00e3o de ra\u00e7\u00e3o para frangos\" class=\"wp-image-1028\" title=\"\" srcset=\"https:\/\/fishfoodpelletmachine.com\/wp-content\/uploads\/2025\/10\/finished-products-of-chicken-feed-pellet-extruder.webp 720w, https:\/\/fishfoodpelletmachine.com\/wp-content\/uploads\/2025\/10\/finished-products-of-chicken-feed-pellet-extruder-300x225.webp 300w, https:\/\/fishfoodpelletmachine.com\/wp-content\/uploads\/2025\/10\/finished-products-of-chicken-feed-pellet-extruder-16x12.webp 16w\" sizes=\"auto, (max-width: 720px) 100vw, 720px\" \/><figcaption class=\"wp-element-caption\">Produtos acabados do equipamento de fabrica\u00e7\u00e3o de pellets de ra\u00e7\u00e3o para frangos<\/figcaption><\/figure>    <figure class=\"wp-block-image size-large\"><img loading=\"lazy\" decoding=\"async\" width=\"720\" height=\"540\" data-id=\"1029\" src=\"https:\/\/fishfoodpelletmachine.com\/wp-content\/uploads\/2025\/10\/finished-products-of-chicken-feed-pellet-machine.webp\" alt=\"produto acabado da m\u00e1quina de pellets de ra\u00e7\u00e3o para frangos\" class=\"wp-image-1029\" title=\"\" srcset=\"https:\/\/fishfoodpelletmachine.com\/wp-content\/uploads\/2025\/10\/finished-products-of-chicken-feed-pellet-machine.webp 720w, https:\/\/fishfoodpelletmachine.com\/wp-content\/uploads\/2025\/10\/finished-products-of-chicken-feed-pellet-machine-300x225.webp 300w, https:\/\/fishfoodpelletmachine.com\/wp-content\/uploads\/2025\/10\/finished-products-of-chicken-feed-pellet-machine-16x12.webp 16w\" sizes=\"auto, (max-width: 720px) 100vw, 720px\" \/><figcaption class=\"wp-element-caption\">Produto acabado da m\u00e1quina de pelletizar ra\u00e7\u00e3o para frangos<\/figcaption><\/figure>    <figure class=\"wp-block-image size-large\"><img loading=\"lazy\" decoding=\"async\" width=\"720\" height=\"540\" data-id=\"1030\" src=\"https:\/\/fishfoodpelletmachine.com\/wp-content\/uploads\/2025\/10\/finished-products-of-chicken-feed-pellet-mill.webp\" alt=\"produto acabado da moinha de ra\u00e7\u00e3o para frangos\" class=\"wp-image-1030\" title=\"\" srcset=\"https:\/\/fishfoodpelletmachine.com\/wp-content\/uploads\/2025\/10\/finished-products-of-chicken-feed-pellet-mill.webp 720w, https:\/\/fishfoodpelletmachine.com\/wp-content\/uploads\/2025\/10\/finished-products-of-chicken-feed-pellet-mill-300x225.webp 300w, https:\/\/fishfoodpelletmachine.com\/wp-content\/uploads\/2025\/10\/finished-products-of-chicken-feed-pellet-mill-16x12.webp 16w\" sizes=\"auto, (max-width: 720px) 100vw, 720px\" \/><figcaption class=\"wp-element-caption\">Produto acabado da Moinho de pellets de ra\u00e7\u00e3o para frangos<\/figcaption><\/figure> <\/figure>    <h2 class=\"wp-block-heading\"><strong>Benef\u00edcios dos pellets de ra\u00e7\u00e3o para galinhas<\/strong><\/h2>    <p>Em compara\u00e7\u00e3o com ra\u00e7\u00f5es em p\u00f3 tradicionais, a ra\u00e7\u00e3o em pellet produzida pela m\u00e1quina de pelletizar ra\u00e7\u00e3o para frangos oferece vantagens significativas:<\/p>    <ul class=\"wp-block-list\"> <li><strong>Aumento da ingest\u00e3o de ra\u00e7\u00e3o<\/strong>: Os pellets s\u00e3o palat\u00e1veis, tornando-os mais apetitosos para as galinhas.<\/li>    <li><strong>Redu\u00e7\u00e3o de desperd\u00edcio<\/strong>: Os pellets t\u00eam menos probabilidade de serem soprados ou apanhados por aves, resultando numa alta utiliza\u00e7\u00e3o da ra\u00e7\u00e3o.<\/li>    <li><strong>Digest\u00e3o e absor\u00e7\u00e3o melhoradas<\/strong>: A prensagem a alta temperatura melhora a estrutura da mat\u00e9ria-prima, tornando os nutrientes mais facilmente absorvidos.<\/li>    <li><strong>Esteriliza\u00e7\u00e3o e desinfec\u00e7\u00e3o<\/strong>: As altas temperaturas durante o processo de prensagem matam a maioria das bact\u00e9rias nocivas.<\/li>    <li><strong>F\u00e1cil de armazenar e transportar<\/strong>: Os pellets s\u00e3o resistentes a mofo, press\u00e3o e humidade, prolongando a sua vida \u00fatil.<\/li> <\/ul>    <h2 class=\"wp-block-heading\"><strong>Pre\u00e7o da m\u00e1quina de pellets de ra\u00e7\u00e3o para galinhas<\/strong><\/h2>    <p>O pre\u00e7o da m\u00e1quina de pelletizar ra\u00e7\u00e3o para frangos varia consoante fatores como modelo, produ\u00e7\u00e3o, tipo de energia, material e configura\u00e7\u00e3o. Em geral, maior produ\u00e7\u00e3o, configura\u00e7\u00e3o superior e melhor material da matriz resultar\u00e3o em pre\u00e7os mais elevados. <\/p>   <div class=\"wp-block-image\"> <figure class=\"aligncenter size-full\"><img loading=\"lazy\" decoding=\"async\" width=\"720\" height=\"540\" src=\"https:\/\/fishfoodpelletmachine.com\/wp-content\/uploads\/2025\/07\/animal-feed-pellet-machine-with-diesel-engine.webp\" alt=\"m\u00e1quina de pellets de ra\u00e7\u00e3o animal com motor a diesel\" class=\"wp-image-957\" title=\"\" srcset=\"https:\/\/fishfoodpelletmachine.com\/wp-content\/uploads\/2025\/07\/animal-feed-pellet-machine-with-diesel-engine.webp 720w, https:\/\/fishfoodpelletmachine.com\/wp-content\/uploads\/2025\/07\/animal-feed-pellet-machine-with-diesel-engine-300x225.webp 300w, https:\/\/fishfoodpelletmachine.com\/wp-content\/uploads\/2025\/07\/animal-feed-pellet-machine-with-diesel-engine-16x12.webp 16w\" sizes=\"auto, (max-width: 720px) 100vw, 720px\" \/><figcaption class=\"wp-element-caption\">m\u00e1quina de pelletizar ra\u00e7\u00e3o para frangos<\/figcaption><\/figure> <\/div>   <p>Ao comprar, os compradores n\u00e3o devem apenas focar-se no pre\u00e7o, mas tamb\u00e9m na estabilidade, durabilidade da m\u00e1quina e na qualidade da produ\u00e7\u00e3o de pellets. Uma m\u00e1quina de alta qualidade pode manter opera\u00e7\u00e3o eficiente a longo prazo, reduzir custos de manuten\u00e7\u00e3o, assegurar qualidade est\u00e1vel da ra\u00e7\u00e3o e, por fim, gerar retornos mais elevados.<\/p>    <h2 class=\"wp-block-heading\"><strong>Caso de sucesso da m\u00e1quina de pellets de ra\u00e7\u00e3o para aves Taizy<\/strong><\/h2>    <p class=\"translation-block\"><strong>Quatro m\u00e1quinas de pelletiza\u00e7\u00e3o de ra\u00e7\u00e3o para frangos enviadas para Marrocos<\/strong><\/p>    <p>Recentemente, a Taiz exportou com sucesso quatro m\u00e1quinas de pelletizar ra\u00e7\u00e3o para frangos para o Marrocos. Este equipamento fez parte de um concurso de equipamento pecu\u00e1rio local. Ap\u00f3s ganhar o concurso, o cliente comparou v\u00e1rias op\u00e7\u00f5es e, por fim, escolheu a Taizy.<\/p>    <figure class=\"wp-block-gallery has-nested-images columns-default is-cropped wp-block-gallery-6 is-layout-flex wp-block-gallery-is-layout-flex\"> <figure class=\"wp-block-image size-large\"><img loading=\"lazy\" decoding=\"async\" width=\"720\" height=\"540\" data-id=\"1002\" src=\"https:\/\/fishfoodpelletmachine.com\/wp-content\/uploads\/2025\/08\/animal-feed-pelletizer.webp\" alt=\"pelletizadora de ra\u00e7\u00e3o av\u00edcola\" class=\"wp-image-1002\" title=\"\" srcset=\"https:\/\/fishfoodpelletmachine.com\/wp-content\/uploads\/2025\/08\/animal-feed-pelletizer.webp 720w, https:\/\/fishfoodpelletmachine.com\/wp-content\/uploads\/2025\/08\/animal-feed-pelletizer-300x225.webp 300w, https:\/\/fishfoodpelletmachine.com\/wp-content\/uploads\/2025\/08\/animal-feed-pelletizer-16x12.webp 16w\" sizes=\"auto, (max-width: 720px) 100vw, 720px\" \/><figcaption class=\"wp-element-caption\">Pelletizadora de ra\u00e7\u00e3o av\u00edcola<\/figcaption><\/figure>    <figure class=\"wp-block-image size-large\"><img loading=\"lazy\" decoding=\"async\" width=\"540\" height=\"720\" data-id=\"1017\" src=\"https:\/\/fishfoodpelletmachine.com\/wp-content\/uploads\/2025\/09\/feed-pellet-maker-machine.webp\" alt=\"m\u00e1quina de pelletizar ra\u00e7\u00e3o para frangos\" class=\"wp-image-1017\" title=\"\" srcset=\"https:\/\/fishfoodpelletmachine.com\/wp-content\/uploads\/2025\/09\/feed-pellet-maker-machine.webp 540w, https:\/\/fishfoodpelletmachine.com\/wp-content\/uploads\/2025\/09\/feed-pellet-maker-machine-225x300.webp 225w, https:\/\/fishfoodpelletmachine.com\/wp-content\/uploads\/2025\/09\/feed-pellet-maker-machine-9x12.webp 9w\" sizes=\"auto, (max-width: 540px) 100vw, 540px\" \/><figcaption class=\"wp-element-caption\">M\u00e1quina de pelletizar ra\u00e7\u00e3o para frangos<\/figcaption><\/figure> <\/figure>    <p>Fornecemos o modelo adequado com base nas necessidades de produ\u00e7\u00e3o do cliente e nos padr\u00f5es de voltagem. O equipamento foi entregue com sucesso e colocado em opera\u00e7\u00e3o. As m\u00e1quinas est\u00e3o a funcionar de forma est\u00e1vel, e o cliente est\u00e1 muito satisfeito com o seu desempenho.<\/p>    <h2 class=\"wp-block-heading\"><strong>Contacte-nos agora!<\/strong><\/h2>    <p>Como fornecedor experiente de m\u00e1quinas de pelletiza\u00e7\u00e3o de ra\u00e7\u00e3o animal, a Taizy est\u00e1 comprometida em fornecer aos nossos clientes m\u00e1quinas da mais alta qualidade e um servi\u00e7o p\u00f3s-venda abrangente.<\/p>    <p class=\"translation-block\">Al\u00e9m da m\u00e1quina de pelletizar ra\u00e7\u00e3o para frangos, oferecemos tamb\u00e9m <a href=\"https:\/\/fishfoodpelletmachine.com\/pt\/product\/fish-pellet-making-machine\/\">m\u00e1quina de pellets para ra\u00e7\u00e3o de peixe<\/a>, <a href=\"https:\/\/fishfoodpelletmachine.com\/pt\/product\/pet-food-extruder\/\">m\u00e1quina de pellets para ra\u00e7\u00e3o de animais<\/a>, e mais. Se tiver alguma d\u00favida, sinta-se \u00e0 vontade para entrar em contacto connosco, e fornecer-vos-emos uma solu\u00e7\u00e3o personalizada.<\/p>","protected":false},"excerpt":{"rendered":"<p>Este artigo foca-se na m\u00e1quina de fazer pellets de ra\u00e7\u00e3o para frangos. Esta m\u00e1quina tem uma capacidade de produ\u00e7\u00e3o de 120-1200 kg\/h. Pode processar uma variedade de mat\u00e9rias-primas, como farinha de milho, farelo de trigo e p\u00f3 de casca de arroz, transformando-as em pellets de ra\u00e7\u00e3o para frangos. Al\u00e9m de ra\u00e7\u00e3o para frangos, tamb\u00e9m pode ser usada para fazer ra\u00e7\u00e3o para gado, ra\u00e7\u00e3o para ovelhas, e muito mais.<\/p>","protected":false},"author":1,"featured_media":1024,"parent":0,"template":"","tags":[76,51],"product-type":[4],"class_list":["post-1023","product","type-product","status-publish","has-post-thumbnail","hentry","tag-chicken-feed-pellet","tag-feed-pellet","product-type-feed-grinding-machine"],"_links":{"self":[{"href":"https:\/\/fishfoodpelletmachine.com\/pt\/wp-json\/wp\/v2\/product\/1023","targetHints":{"allow":["GET"]}}],"collection":[{"href":"https:\/\/fishfoodpelletmachine.com\/pt\/wp-json\/wp\/v2\/product"}],"about":[{"href":"https:\/\/fishfoodpelletmachine.com\/pt\/wp-json\/wp\/v2\/types\/product"}],"author":[{"embeddable":true,"href":"https:\/\/fishfoodpelletmachine.com\/pt\/wp-json\/wp\/v2\/users\/1"}],"wp:featuredmedia":[{"embeddable":true,"href":"https:\/\/fishfoodpelletmachine.com\/pt\/wp-json\/wp\/v2\/media\/1024"}],"wp:attachment":[{"href":"https:\/\/fishfoodpelletmachine.com\/pt\/wp-json\/wp\/v2\/media?parent=1023"}],"wp:term":[{"taxonomy":"post_tag","embeddable":true,"href":"https:\/\/fishfoodpelletmachine.com\/pt\/wp-json\/wp\/v2\/tags?post=1023"},{"taxonomy":"product-type","embeddable":true,"href":"https:\/\/fishfoodpelletmachine.com\/pt\/wp-json\/wp\/v2\/product-type?post=1023"}],"curies":[{"name":"wp","href":"https:\/\/api.w.org\/{rel}","templated":true}]}}