{"id":103,"date":"2022-08-03T08:46:51","date_gmt":"2022-08-03T08:46:51","guid":{"rendered":"https:\/\/fishfoodpelletmachine.com\/?post_type=product&#038;p=103"},"modified":"2024-02-26T18:08:31","modified_gmt":"2024-02-26T10:08:31","slug":"pet-food-production-line-2","status":"publish","type":"product","link":"https:\/\/fishfoodpelletmachine.com\/pt\/product\/pet-food-production-line-2\/","title":{"rendered":"Linha de produ\u00e7\u00e3o de alimentos para animais de estima\u00e7\u00e3o\u4e28Linha de processamento de extrusora de alimentos para animais de estima\u00e7\u00e3o"},"content":{"rendered":"<p>A linha de produ\u00e7\u00e3o de alimentos para animais de estima\u00e7\u00e3o \u00e9 um equipamento profissional que pode produzir v\u00e1rios formatos de alimentos para animais de estima\u00e7\u00e3o. A linha geralmente conta com diversas m\u00e1quinas aliadas a um alto grau de automa\u00e7\u00e3o. E modelos diferentes podem produzir resultados diferentes. Os clientes podem escolher o modelo de m\u00e1quina certo de acordo com suas necessidades. <\/p>    <p>Al\u00e9m disso, temos diferentes moldes de descarga, para que possamos produzir diversos formatos. S\u00e3o diversas m\u00e1quinas inclu\u00eddas em nossa linha de produ\u00e7\u00e3o, ent\u00e3o o cliente pode comprar o conjunto completo ou escolher o equipamento que precisa.<\/p>    <h2 class=\"wp-block-heading\" id=\"h-using-scopes-of-pet-food-production-line\">Usando escopos de linha de produ\u00e7\u00e3o de alimentos para animais de estima\u00e7\u00e3o<\/h2>    <h3 class=\"wp-block-heading\"><strong>1. Mat\u00e9rias-primas: <\/strong><\/h3>    <p>Mat\u00e9rias-primas de amido: prote\u00edna de milho em p\u00f3, flocos de milho, gl\u00faten, farelo de trigo ou tipo malte. <\/p>    <p>Mat\u00e9rias-primas proteicas: farelo de soja e farelo grosso de soja, farinha de carne, farinha de ossos, farinha de aves e farinha de peixe.<\/p>    <h3 class=\"wp-block-heading\"><strong>2. Animais de estima\u00e7\u00e3o aplic\u00e1veis: <\/strong><\/h3>    <p>Comida para c\u00e3es, gatos, peixes, p\u00e1ssaros, etc.<\/p>    <h3 class=\"wp-block-heading\"><strong>3. Usu\u00e1rios: <\/strong><\/h3>    <p>Produtores profissionais de alimentos para animais de estima\u00e7\u00e3o.<\/p>    <figure class=\"wp-block-gallery has-nested-images columns-default is-cropped wp-block-gallery-2 is-layout-flex wp-block-gallery-is-layout-flex\"> <figure class=\"wp-block-image size-large\"><img loading=\"lazy\" decoding=\"async\" width=\"720\" height=\"540\" data-id=\"422\" src=\"https:\/\/fishfoodpelletmachine.com\/wp-content\/uploads\/2022\/09\/Using-scopes-of-pet-food-production-line-.webp\" alt=\"usando escopos da linha de produ\u00e7\u00e3o de ra\u00e7\u00e3o para animais de estima\u00e7\u00e3o\" class=\"wp-image-422\" title=\"usando escopos da linha de produ\u00e7\u00e3o de ra\u00e7\u00e3o para animais de estima\u00e7\u00e3o\" srcset=\"https:\/\/fishfoodpelletmachine.com\/wp-content\/uploads\/2022\/09\/Using-scopes-of-pet-food-production-line-.webp 720w, https:\/\/fishfoodpelletmachine.com\/wp-content\/uploads\/2022\/09\/Using-scopes-of-pet-food-production-line--300x225.webp 300w\" sizes=\"auto, (max-width: 720px) 100vw, 720px\" \/><figcaption class=\"wp-element-caption\">Usando escopos de linha de produ\u00e7\u00e3o de alimentos para animais de estima\u00e7\u00e3o<\/figcaption><\/figure>    <figure class=\"wp-block-image size-large\"><img loading=\"lazy\" decoding=\"async\" width=\"720\" height=\"540\" data-id=\"423\" src=\"https:\/\/fishfoodpelletmachine.com\/wp-content\/uploads\/2022\/09\/molds-of-the-pet-food-.webp\" alt=\"moldes da ra\u00e7\u00e3o para animais de estima\u00e7\u00e3o\" class=\"wp-image-423\" title=\"moldes da ra\u00e7\u00e3o para animais de estima\u00e7\u00e3o\" srcset=\"https:\/\/fishfoodpelletmachine.com\/wp-content\/uploads\/2022\/09\/molds-of-the-pet-food-.webp 720w, https:\/\/fishfoodpelletmachine.com\/wp-content\/uploads\/2022\/09\/molds-of-the-pet-food--300x225.webp 300w\" sizes=\"auto, (max-width: 720px) 100vw, 720px\" \/><figcaption class=\"wp-element-caption\">Moldes de ra\u00e7\u00e3o para animais de estima\u00e7\u00e3o<\/figcaption><\/figure> <\/figure>    <h2 class=\"wp-block-heading\">Principais componentes da linha de processamento de extrusora de alimentos para animais de estima\u00e7\u00e3o <\/h2>    <p>Hoje em dia, cada vez mais pessoas est\u00e3o alimentando os seus animais de estima\u00e7\u00e3o. Portanto, a demanda por ra\u00e7\u00e3o para animais de estima\u00e7\u00e3o tamb\u00e9m est\u00e1 aumentando. Ao mesmo tempo, as necessidades das pessoas em rela\u00e7\u00e3o \u00e0 nutri\u00e7\u00e3o e qualidade da ra\u00e7\u00e3o para animais de estima\u00e7\u00e3o est\u00e3o cada vez mais elevadas. <\/p>    <p>Portanto, o uso de equipamentos profissionais e de alta qualidade para a produ\u00e7\u00e3o de alimentos para animais de estima\u00e7\u00e3o tamb\u00e9m \u00e9 uma demanda dos fabricantes.<\/p>    <p class=\"translation-block\">A nossa <a href=\"https:\/\/pelletmillmachine.com\/pet-food-production-line\/\" target=\"_blank\" rel=\"noopener\">linha de processamento de extrusora de alimentos para animais de estima\u00e7\u00e3o<\/a> inclui misturador de farinha, transportador helicoidal, extrusora de parafuso duplo, transportador de ar, secador cont\u00ednuo - tipo el\u00e9trico, transportador, m\u00e1quina de aromatiza\u00e7\u00e3o, m\u00e1quina de pulveriza\u00e7\u00e3o de \u00f3leo, adicionador de condimentos, m\u00e1quina de refrigera\u00e7\u00e3o, m\u00e1quina de embalagem, etc.<\/p>    <figure class=\"wp-block-image size-full\"><img loading=\"lazy\" decoding=\"async\" width=\"720\" height=\"540\" src=\"https:\/\/fishfoodpelletmachine.com\/wp-content\/uploads\/2022\/09\/pet-food-extruder-processing-line-.webp\" alt=\"linha de processamento de extrusora de alimentos para animais de estima\u00e7\u00e3o\" class=\"wp-image-424\" title=\"linha de processamento de extrusora de alimentos para animais de estima\u00e7\u00e3o\" srcset=\"https:\/\/fishfoodpelletmachine.com\/wp-content\/uploads\/2022\/09\/pet-food-extruder-processing-line-.webp 720w, https:\/\/fishfoodpelletmachine.com\/wp-content\/uploads\/2022\/09\/pet-food-extruder-processing-line--300x225.webp 300w\" sizes=\"auto, (max-width: 720px) 100vw, 720px\" \/><figcaption class=\"wp-element-caption\">Linha de processamento de extrusora de alimentos para animais de estima\u00e7\u00e3o<\/figcaption><\/figure>    <h2 class=\"wp-block-heading\">Fluxo de trabalho de produ\u00e7\u00e3o de alimentos secos para animais de estima\u00e7\u00e3o <\/h2>    <p>Fluxo do processo: composi\u00e7\u00e3o da mat\u00e9ria-prima \u2192 mistura \u2192 transporte \u2192 extrus\u00e3o e sopro \u2192 transporte \u2192 secagem \u2192 pulveriza\u00e7\u00e3o de \u00f3leo \u2192 aromatiza\u00e7\u00e3o \u2192 embalagem. Neste processo, cada etapa \u00e9 realizada por equipamentos profissionais.<\/p>    <h2 class=\"wp-block-heading\">Principais equipamentos e fun\u00e7\u00f5es da linha de processamento de alimentos para animais<\/h2>    <h3 class=\"wp-block-heading\">1. Misturador<\/h3>    <p>Este misturador de farinha \u00e9 usado para misturar mat\u00e9rias-primas como farinha de milho e farinha de arroz com l\u00edquidos e outros aditivos. \u00c9 a segunda etapa da linha de produ\u00e7\u00e3o de alimentos para animais de estima\u00e7\u00e3o.<\/p>    <figure class=\"wp-block-image size-full\"><img loading=\"lazy\" decoding=\"async\" width=\"720\" height=\"540\" src=\"https:\/\/fishfoodpelletmachine.com\/wp-content\/uploads\/2022\/09\/mixer-1-1.webp\" alt=\"misturador\" class=\"wp-image-426\" title=\"misturador\" srcset=\"https:\/\/fishfoodpelletmachine.com\/wp-content\/uploads\/2022\/09\/mixer-1-1.webp 720w, https:\/\/fishfoodpelletmachine.com\/wp-content\/uploads\/2022\/09\/mixer-1-1-300x225.webp 300w\" sizes=\"auto, (max-width: 720px) 100vw, 720px\" \/><figcaption class=\"wp-element-caption\">Misturador<\/figcaption><\/figure>    <figure class=\"wp-block-table\"><table><tbody><tr><td>Poder<strong>&nbsp;<\/strong><\/td><td>4KW<strong><\/strong><\/td><\/tr><tr><td>Tempo de mistura<strong><\/strong><\/td><td>90-120 segundos\u00a0por vez<strong>&nbsp;<\/strong><\/td><\/tr><tr><td>Volume do tanque<strong><\/strong><\/td><td>30kg\/hora<strong>&nbsp;<\/strong><\/td><\/tr><tr><td>Dimens\u00e3o<\/td><td>1100 x 1050 x 1400 mm<strong>&nbsp;<\/strong><\/td><\/tr><tr><td>Tens\u00e3o<\/td><td>380V 50HZ Trif\u00e1sico, ou de acordo com a tens\u00e3o do comprador<\/td><\/tr><\/tbody><\/table><figcaption class=\"wp-element-caption\">par\u00e2metro do misturador<\/figcaption><\/figure>    <h3 class=\"wp-block-heading\">2. Transportador Espiral<\/h3>    <p>A m\u00e1quina pode transportar o material misturado dentro da extrusora de gr\u00e3os pet.<\/p>    <figure class=\"wp-block-image size-full\"><img loading=\"lazy\" decoding=\"async\" width=\"720\" height=\"540\" src=\"https:\/\/fishfoodpelletmachine.com\/wp-content\/uploads\/2022\/08\/screw-feeder-1-1.jpg\" alt=\"transportador de parafuso\" class=\"wp-image-142\" title=\"transportador de parafuso\" srcset=\"https:\/\/fishfoodpelletmachine.com\/wp-content\/uploads\/2022\/08\/screw-feeder-1-1.jpg 720w, https:\/\/fishfoodpelletmachine.com\/wp-content\/uploads\/2022\/08\/screw-feeder-1-1-300x225.jpg 300w\" sizes=\"auto, (max-width: 720px) 100vw, 720px\" \/><figcaption class=\"wp-element-caption\">Transportador de parafuso<\/figcaption><\/figure>    <figure class=\"wp-block-table\"><table><tbody><tr><td>Poder:<strong><\/strong><\/td><td>0,75 kW<strong><\/strong><\/td><\/tr><tr><td>Dimens\u00e3o<strong><\/strong><\/td><td>3100 x 800 x 2000 mm<strong><\/strong><\/td><\/tr><tr><td>Tens\u00e3o<strong><\/strong><\/td><td>380V 50HZ trif\u00e1sico<strong><\/strong><\/td><\/tr><\/tbody><\/table><figcaption class=\"wp-element-caption\">par\u00e2metro t\u00e9cnico do transportador<\/figcaption><\/figure>    <h3 class=\"wp-block-heading\">3. <a href=\"https:\/\/fishfoodpelletmachine.com\/pt\/product\/pet-food-extruder\/\">Extrusora de parafuso duplo<\/a><\/h3>    <p>Esta m\u00e1quina \u00e9 usada para colagem autom\u00e1tica cont\u00ednua de farinha e amido. <\/p>    <p>Ap\u00f3s a dosagem, o material \u00e9 trabalhado por duas roscas co-rotativas compostas por m\u00f3dulos segmentados com as seguintes fun\u00e7\u00f5es: transporte para frente e para tr\u00e1s, mistura, adi\u00e7\u00e3o de aditivos, inje\u00e7\u00e3o de l\u00edquidos, desgaseifica\u00e7\u00e3o, cozimento e conforma\u00e7\u00e3o. <\/p>    <p>\u00c9 a m\u00e1quina que produz a ra\u00e7\u00e3o na linha de produ\u00e7\u00e3o de ra\u00e7\u00e3o.<\/p>    <figure class=\"wp-block-image size-full\"><img loading=\"lazy\" decoding=\"async\" width=\"720\" height=\"540\" src=\"https:\/\/fishfoodpelletmachine.com\/wp-content\/uploads\/2022\/09\/Double-Screw-Extruder-0.webp\" alt=\"extrusora de dupla rosca\" class=\"wp-image-428\" title=\"extrusora de dupla rosca\" srcset=\"https:\/\/fishfoodpelletmachine.com\/wp-content\/uploads\/2022\/09\/Double-Screw-Extruder-0.webp 720w, https:\/\/fishfoodpelletmachine.com\/wp-content\/uploads\/2022\/09\/Double-Screw-Extruder-0-300x225.webp 300w\" sizes=\"auto, (max-width: 720px) 100vw, 720px\" \/><figcaption class=\"wp-element-caption\"><strong>extrusora de parafuso duplo<\/strong><\/figcaption><\/figure>    <figure class=\"wp-block-table\"><table><tbody><tr><td>Sa\u00edda<strong><\/strong><\/td><td>120-180 kg\/hora<strong><\/strong><\/td><\/tr><tr><td>Pot\u00eancia do alimentador<strong><\/strong><\/td><td>0,75 kW, controle de frequ\u00eancia<strong><\/strong><\/td><\/tr><tr><td>Poder de extrus\u00e3o&nbsp;<strong><\/strong><\/td><td>22kw, corte com controle de frequ\u00eancia<\/td><\/tr><tr><td>Poder<strong><\/strong><\/td><td>0,75 kW, controle de frequ\u00eancia<strong><\/strong><\/td><\/tr><tr><td>&nbsp;Pot\u00eancia da bomba de \u00f3leo<strong><\/strong><\/td><td>0,37 kW<strong><\/strong><\/td><\/tr><tr><td>&nbsp;Pot\u00eancia de aquecimento<strong><\/strong><\/td><td>10kw, tr\u00eas \u00e1reas controladas separadamente<\/td><\/tr><tr><td>&nbsp;Controle de velocidade <strong><\/strong><\/td><td>Velocidade de controle de tr\u00eas frequ\u00eancias<strong><\/strong><\/td><\/tr><tr><td>&nbsp;Dimens\u00e3o<strong><\/strong><\/td><td>2700\u00d71500\u00d71800mm<strong><\/strong><\/td><\/tr><\/tbody><\/table><figcaption class=\"wp-element-caption\"><strong>Extrusora de parafuso duplo<\/strong>par\u00e2metro de<\/figcaption><\/figure>    <h3 class=\"wp-block-heading\">4. Transportador de ar<\/h3>    <figure class=\"wp-block-image size-full\"><img loading=\"lazy\" decoding=\"async\" width=\"720\" height=\"540\" src=\"https:\/\/fishfoodpelletmachine.com\/wp-content\/uploads\/2022\/09\/Air-conveyer-0.webp\" alt=\"Transportador a\u00e9reo\" class=\"wp-image-429\" title=\"Transportador a\u00e9reo\" srcset=\"https:\/\/fishfoodpelletmachine.com\/wp-content\/uploads\/2022\/09\/Air-conveyer-0.webp 720w, https:\/\/fishfoodpelletmachine.com\/wp-content\/uploads\/2022\/09\/Air-conveyer-0-300x225.webp 300w\" sizes=\"auto, (max-width: 720px) 100vw, 720px\" \/><figcaption class=\"wp-element-caption\"><strong>Transportador a\u00e9reo<\/strong><\/figcaption><\/figure>    <figure class=\"wp-block-table\"><table><tbody><tr><td>Poder<strong><\/strong><\/td><td>0,75 kW<strong><\/strong><\/td><\/tr><tr><td>Dimens\u00e3o<\/td><td>2900 x 160 x 2300 mm<strong><\/strong><\/td><\/tr><tr><td>Tens\u00e3o<\/td><td>380V 50HZ trif\u00e1sico<strong><\/strong><\/td><\/tr><\/tbody><\/table><figcaption class=\"wp-element-caption\">par\u00e2metro do transportador de ar<\/figcaption><\/figure>    <h3 class=\"wp-block-heading\">5. Tipo de eletricidade de secador cont\u00ednuo<\/h3>    <p>Este secador na linha de produ\u00e7\u00e3o de ra\u00e7\u00f5es para animais de estima\u00e7\u00e3o \u00e9 utilizado para assar o salgadinho extrusado, torn\u00e1-lo mais crocante e secar o produto para reduzir o percentual de umidade, para que o salgadinho tenha maior tempo de prateleira e melhor sabor.<\/p>    <figure class=\"wp-block-image size-full\"><img loading=\"lazy\" decoding=\"async\" width=\"720\" height=\"540\" src=\"https:\/\/fishfoodpelletmachine.com\/wp-content\/uploads\/2022\/09\/continuousDryer-electricity-type-1.webp\" alt=\"tipo de secador cont\u00ednuo-eletricidade\" class=\"wp-image-430\" title=\"tipo de secador cont\u00ednuo-eletricidade\" srcset=\"https:\/\/fishfoodpelletmachine.com\/wp-content\/uploads\/2022\/09\/continuousDryer-electricity-type-1.webp 720w, https:\/\/fishfoodpelletmachine.com\/wp-content\/uploads\/2022\/09\/continuousDryer-electricity-type-1-300x225.webp 300w\" sizes=\"auto, (max-width: 720px) 100vw, 720px\" \/><figcaption class=\"wp-element-caption\"><strong>tipo de secador cont\u00ednuo-eletricidade<\/strong><\/figcaption><\/figure>    <figure class=\"wp-block-table\"><table><tbody><tr><td>Tipo de aquecimento &nbsp;<\/td><td>aquecimento el\u00e9trico (se precisar de aquecimento a g\u00e1s ou diesel ou vapor, avise-nos com anteced\u00eancia)&nbsp;<\/td><\/tr><tr><td>Pot\u00eancia do motor<\/td><td>1.1KW tipo de eletricidade, pot\u00eancia de aquecimento el\u00e9trico: 54kwSe tipo de g\u00e1s, consumo de g\u00e1s: 10-12m\u00b3\/hSe tipo diesel, consumo de diesel: 6-8kg\/h<\/td><\/tr><tr><td>Camada<\/td><td>tr\u00eas camadas<\/td><\/tr><tr><td>Dimens\u00e3o<\/td><td>5000 x 1100 x 1800 mm<strong><\/strong><\/td><\/tr><tr><td>Tens\u00e3o<\/td><td>380V 50HZ trif\u00e1sico<\/td><\/tr><\/tbody><\/table><figcaption class=\"wp-element-caption\">Par\u00e2metro do secador cont\u00ednuo tipo el\u00e9trico<\/figcaption><\/figure>    <h3 class=\"wp-block-heading\">6. M\u00e1quina de aromatizar tambor \u00fanico<\/h3>    <p>A m\u00e1quina aromatizante mistura o tempero, o \u00f3leo e o lanche no tambor rotativo.<\/p>    <figure class=\"wp-block-table\"><table><tbody><tr><td>Pot\u00eancia do guindaste<strong>&nbsp;<\/strong><\/td><td>0,55 kW<\/td><\/tr><tr><td>Pot\u00eancia do alimentador<\/td><td>0,37 kW<\/td><\/tr><tr><td>Pot\u00eancia do tambor rotativo<\/td><td>0,75 kW<\/td><\/tr><tr><td>Dimens\u00e3o<\/td><td>3500 x 1100 x 1700 mm<\/td><\/tr><tr><td>Tens\u00e3o<\/td><td>380V 50HZ trif\u00e1sico<\/td><\/tr><\/tbody><\/table><figcaption class=\"wp-element-caption\">Par\u00e2metro da m\u00e1quina de aromatiza\u00e7\u00e3o de tambor \u00fanico<\/figcaption><\/figure>    <h3 class=\"wp-block-heading\">7. M\u00e1quina de pulveriza\u00e7\u00e3o de \u00f3leo<\/h3>    <p>Esta m\u00e1quina \u00e9 combinada com a m\u00e1quina de aromatizar, a bomba pulveriza o \u00f3leo na superf\u00edcie do lanche.<\/p>    <figure class=\"wp-block-image size-full\"><img loading=\"lazy\" decoding=\"async\" width=\"720\" height=\"541\" src=\"https:\/\/fishfoodpelletmachine.com\/wp-content\/uploads\/2022\/09\/Oil-Spray-Machine-1.webp\" alt=\"m\u00e1quina de spray de \u00f3leo\" class=\"wp-image-431\" title=\"m\u00e1quina de spray de \u00f3leo\" srcset=\"https:\/\/fishfoodpelletmachine.com\/wp-content\/uploads\/2022\/09\/Oil-Spray-Machine-1.webp 720w, https:\/\/fishfoodpelletmachine.com\/wp-content\/uploads\/2022\/09\/Oil-Spray-Machine-1-300x225.webp 300w\" sizes=\"auto, (max-width: 720px) 100vw, 720px\" \/><figcaption class=\"wp-element-caption\">M\u00e1quina de pulveriza\u00e7\u00e3o de \u00f3leo<\/figcaption><\/figure>    <figure class=\"wp-block-table\"><table><tbody><tr><td>Pot\u00eancia da bomba<\/td><td>0,75 kW<\/td><\/tr><tr><td>Pot\u00eancia de aquecimento el\u00e9trico<\/td><td>3 kW<\/td><\/tr><tr><td>Volume do tanque<\/td><td>50L<\/td><\/tr><tr><td>Dimens\u00e3o<\/td><td>1200 x 1100 x 1300 mm<\/td><\/tr><tr><td>Tens\u00e3o<\/td><td>380V 50HZ trif\u00e1sico<\/td><\/tr><\/tbody><\/table><figcaption class=\"wp-element-caption\"><strong>M\u00e1quina de pulveriza\u00e7\u00e3o de \u00f3leo<\/strong>par\u00e2metro de <\/figcaption><\/figure>    <h3 class=\"wp-block-heading\">8. Adicionador de condimentos<\/h3>    <p>\u00c9 usado para adicionar p\u00f3 na superf\u00edcie do produto, alimenta\u00e7\u00e3o por parafuso e velocidade manual pode ser ajustada<\/p>    <figure class=\"wp-block-image size-full\"><img loading=\"lazy\" decoding=\"async\" width=\"720\" height=\"540\" src=\"https:\/\/fishfoodpelletmachine.com\/wp-content\/uploads\/2022\/09\/Condiment-adder-1.webp\" alt=\"adicionador de condimentos\" class=\"wp-image-433\" title=\"adicionador de condimentos\" srcset=\"https:\/\/fishfoodpelletmachine.com\/wp-content\/uploads\/2022\/09\/Condiment-adder-1.webp 720w, https:\/\/fishfoodpelletmachine.com\/wp-content\/uploads\/2022\/09\/Condiment-adder-1-300x225.webp 300w\" sizes=\"auto, (max-width: 720px) 100vw, 720px\" \/><figcaption class=\"wp-element-caption\">Adicionador de condimentos<\/figcaption><\/figure>    <figure class=\"wp-block-table\"><table><tbody><tr><td>Tens\u00e3o de alimenta\u00e7\u00e3o<\/td><td>380 V\/50 Hz<\/td><\/tr><tr><td>Pot\u00eancia instalada<\/td><td>0,37 kW<\/td><\/tr><tr><td>Volume da tremonha<\/td><td>10kg<\/td><\/tr><tr><td>Capacidade de produ\u00e7\u00e3o<\/td><td>100-200Kg\/h<\/td><\/tr><tr><td>Tamanho<\/td><td>0,7\u00d70,4\u00d70,4m<\/td><\/tr><\/tbody><\/table><figcaption class=\"wp-element-caption\">Par\u00e2metro do adicionador de condimentos<\/figcaption><\/figure>    <h3 class=\"wp-block-heading\">9. M\u00e1quina de resfriamento<\/h3>    <p>Usado para primeiro resfriamento e transporte de produtos<\/p>    <figure class=\"wp-block-image size-full\"><img loading=\"lazy\" decoding=\"async\" width=\"720\" height=\"540\" src=\"https:\/\/fishfoodpelletmachine.com\/wp-content\/uploads\/2022\/09\/Cooling-machine-1-.webp\" alt=\"m\u00e1quina de refrigera\u00e7\u00e3o\" class=\"wp-image-434\" title=\"m\u00e1quina de refrigera\u00e7\u00e3o\" srcset=\"https:\/\/fishfoodpelletmachine.com\/wp-content\/uploads\/2022\/09\/Cooling-machine-1-.webp 720w, https:\/\/fishfoodpelletmachine.com\/wp-content\/uploads\/2022\/09\/Cooling-machine-1--300x225.webp 300w\" sizes=\"auto, (max-width: 720px) 100vw, 720px\" \/><figcaption class=\"wp-element-caption\">M\u00e1quina de resfriamento<\/figcaption><\/figure>    <figure class=\"wp-block-table\"><table><tbody><tr><td>Tens\u00e3o de alimenta\u00e7\u00e3o<\/td><td>380 V\/50 Hz<\/td><\/tr><tr><td>Pot\u00eancia instalada<\/td><td>0,75 kW<\/td><\/tr><tr><td>F\u00e3<\/td><td>4 0,15 kw\/pc<\/td><\/tr><tr><td>Capacidade de produ\u00e7\u00e3o<\/td><td>100-300Kg\/h<\/td><\/tr><tr><td>Tamanho<\/td><td>5,0\u00d70,4\u00d70,4m<\/td><\/tr><\/tbody><\/table><figcaption class=\"wp-element-caption\">Par\u00e2metro da m\u00e1quina de resfriamento<\/figcaption><\/figure>    <h2 class=\"wp-block-heading\">Caso de sucesso<\/h2>    <p>A linha de produ\u00e7\u00e3o de alimentos para animais de estima\u00e7\u00e3o \u00e9 vendida para a It\u00e1lia. H\u00e1 algum tempo, um cliente nos enviou uma consulta sobre uma linha de produ\u00e7\u00e3o de gr\u00e3os pet de 150kg-250kg\/h. <\/p>    <p>Entramos em contato com o cliente imediatamente. Atrav\u00e9s da nossa comunica\u00e7\u00e3o, entendemos que o cliente estava interessado no setor de produ\u00e7\u00e3o de alimentos para animais de estima\u00e7\u00e3o e desejava adquirir as m\u00e1quinas correspondentes para o seu neg\u00f3cio. O cliente olhou nossa cota\u00e7\u00e3o e decidiu quais m\u00e1quinas precisava. <\/p>    <p>Nosso gerente de vendas recriou ent\u00e3o a cota\u00e7\u00e3o para o cliente. Depois de ler, o cliente disse que faria um pedido na pr\u00f3xima semana. O cliente ent\u00e3o pagou e providenciamos o envio da linha de produ\u00e7\u00e3o de ra\u00e7\u00e3o para animais de estima\u00e7\u00e3o diretamente para a It\u00e1lia.<\/p>    <figure class=\"wp-block-image size-full\"><img loading=\"lazy\" decoding=\"async\" width=\"720\" height=\"540\" src=\"https:\/\/fishfoodpelletmachine.com\/wp-content\/uploads\/2022\/09\/shipping-of-the-pet-food-making-machine-.webp\" alt=\"envio da m\u00e1quina de fabrica\u00e7\u00e3o de ra\u00e7\u00e3o para animais de estima\u00e7\u00e3o\" class=\"wp-image-435\" title=\"envio da m\u00e1quina de fabrica\u00e7\u00e3o de ra\u00e7\u00e3o para animais de estima\u00e7\u00e3o\" srcset=\"https:\/\/fishfoodpelletmachine.com\/wp-content\/uploads\/2022\/09\/shipping-of-the-pet-food-making-machine-.webp 720w, https:\/\/fishfoodpelletmachine.com\/wp-content\/uploads\/2022\/09\/shipping-of-the-pet-food-making-machine--300x225.webp 300w\" sizes=\"auto, (max-width: 720px) 100vw, 720px\" \/><figcaption class=\"wp-element-caption\">Envio da m\u00e1quina de fazer alimentos para animais de estima\u00e7\u00e3o<\/figcaption><\/figure>    <h2 class=\"wp-block-heading\">Perguntas frequentes sobre a linha de produ\u00e7\u00e3o de ra\u00e7\u00e3o para animais de estima\u00e7\u00e3o da Shuliy<\/h2>   <div id=\"rank-math-faq\" class=\"rank-math-block\"> <div class=\"rank-math-list\"> <div id=\"faq-question-1708934562366\" class=\"rank-math-list-item\"> <h3 class=\"rank-math-question\">1. Qual \u00e9 o pre\u00e7o da linha de produ\u00e7\u00e3o de alimentos para animais de estima\u00e7\u00e3o?<\/h3> <div class=\"rank-math-answer\">  <p>Nossa linha de produ\u00e7\u00e3o de alimentos para animais de estima\u00e7\u00e3o cont\u00e9m diversas m\u00e1quinas, para que os clientes possam comprar todas ou selecionar as que precisam. <br \/>Portanto, o pre\u00e7o das m\u00e1quinas varia de acordo com a combina\u00e7\u00e3o de m\u00e1quinas. <br \/>Recomendaremos a combina\u00e7\u00e3o certa de m\u00e1quinas para nossos clientes.<\/p>  <\/div> <\/div> <div id=\"faq-question-1708934575361\" class=\"rank-math-list-item\"> <h3 class=\"rank-math-question\">2. Qual \u00e9 o material da m\u00e1quina?<\/h3> <div class=\"rank-math-answer\">  <p>Como a m\u00e1quina est\u00e1 produzindo alimentos, nossas m\u00e1quinas s\u00e3o feitas de a\u00e7o inoxid\u00e1vel e podem entrar em contato direto com o material alimentar da m\u00e1quina. Os clientes podem fazer pedidos com confian\u00e7a.<\/p>  <\/div> <\/div> <div id=\"faq-question-1708935057252\" class=\"rank-math-list-item\"> <h3 class=\"rank-math-question\">3. Qual \u00e9 o resultado da linha de produ\u00e7\u00e3o de alimentos para animais de estima\u00e7\u00e3o?<\/h3> <div class=\"rank-math-answer\">  <p>Normalmente vendemos sa\u00eddas de 150KG\/H e 250KG\/H.<\/p>  <\/div> <\/div> <div id=\"faq-question-1708935068618\" class=\"rank-math-list-item\"> <h3 class=\"rank-math-question\">4. A m\u00e1quina pode produzir diferentes formatos de alimentos para animais de estima\u00e7\u00e3o?<\/h3> <div class=\"rank-math-answer\">  <p>Sim, voc\u00ea s\u00f3 precisa alterar o formato do molde de descarga necess\u00e1rio.<\/p>  <\/div> <\/div> <div id=\"faq-question-1708935082034\" class=\"rank-math-list-item\"> <h3 class=\"rank-math-question\">5. Voc\u00ea pode fornecer o espa\u00e7o e o layout da linha de produ\u00e7\u00e3o de alimentos para animais de estima\u00e7\u00e3o?<\/h3> <div class=\"rank-math-answer\">  <p>Sim, voc\u00ea pode. Forneceremos o espa\u00e7o correspondente e o plano de layout, se voc\u00ea precisar.<\/p>  <\/div> <\/div> <\/div> <\/div>   <figure class=\"wp-block-image size-full\"><img loading=\"lazy\" decoding=\"async\" width=\"720\" height=\"540\" src=\"https:\/\/fishfoodpelletmachine.com\/wp-content\/uploads\/2022\/09\/pet-food-extruder-processing-line-2.webp\" alt=\"linha de processamento de extrusora de alimentos para animais de estima\u00e7\u00e3o\" class=\"wp-image-437\" title=\"linha de processamento de extrusora de alimentos para animais de estima\u00e7\u00e3o\" srcset=\"https:\/\/fishfoodpelletmachine.com\/wp-content\/uploads\/2022\/09\/pet-food-extruder-processing-line-2.webp 720w, https:\/\/fishfoodpelletmachine.com\/wp-content\/uploads\/2022\/09\/pet-food-extruder-processing-line-2-300x225.webp 300w\" sizes=\"auto, (max-width: 720px) 100vw, 720px\" \/><figcaption class=\"wp-element-caption\">Linha de processamento de extrusora de alimentos para animais de estima\u00e7\u00e3o<\/figcaption><\/figure>","protected":false},"excerpt":{"rendered":"<p>A linha de produ\u00e7\u00e3o de alimentos para animais de estima\u00e7\u00e3o \u00e9 um equipamento profissional que pode produzir v\u00e1rios formatos de alimentos para animais de estima\u00e7\u00e3o. \u00c9 composto por muitas m\u00e1quinas.  <\/p>","protected":false},"author":1,"featured_media":417,"parent":0,"template":"","tags":[31,34,33],"product-type":[9],"class_list":["post-103","product","type-product","status-publish","has-post-thumbnail","hentry","tag-pet-food-extruder","tag-pet-food-extruder-processing-line","tag-pet-food-production-line","product-type-production-line"],"_links":{"self":[{"href":"https:\/\/fishfoodpelletmachine.com\/pt\/wp-json\/wp\/v2\/product\/103","targetHints":{"allow":["GET"]}}],"collection":[{"href":"https:\/\/fishfoodpelletmachine.com\/pt\/wp-json\/wp\/v2\/product"}],"about":[{"href":"https:\/\/fishfoodpelletmachine.com\/pt\/wp-json\/wp\/v2\/types\/product"}],"author":[{"embeddable":true,"href":"https:\/\/fishfoodpelletmachine.com\/pt\/wp-json\/wp\/v2\/users\/1"}],"wp:featuredmedia":[{"embeddable":true,"href":"https:\/\/fishfoodpelletmachine.com\/pt\/wp-json\/wp\/v2\/media\/417"}],"wp:attachment":[{"href":"https:\/\/fishfoodpelletmachine.com\/pt\/wp-json\/wp\/v2\/media?parent=103"}],"wp:term":[{"taxonomy":"post_tag","embeddable":true,"href":"https:\/\/fishfoodpelletmachine.com\/pt\/wp-json\/wp\/v2\/tags?post=103"},{"taxonomy":"product-type","embeddable":true,"href":"https:\/\/fishfoodpelletmachine.com\/pt\/wp-json\/wp\/v2\/product-type?post=103"}],"curies":[{"name":"wp","href":"https:\/\/api.w.org\/{rel}","templated":true}]}}