{"id":1034,"date":"2025-11-05T14:29:19","date_gmt":"2025-11-05T06:29:19","guid":{"rendered":"https:\/\/fishfoodpelletmachine.com\/?post_type=product&#038;p=1034"},"modified":"2025-11-05T16:42:09","modified_gmt":"2025-11-05T08:42:09","slug":"fish-feed-pellet-packing-machine","status":"publish","type":"product","link":"https:\/\/fishfoodpelletmachine.com\/pt\/product\/fish-feed-pellet-packing-machine\/","title":{"rendered":"M\u00e1quina de embalagem de pellets de ra\u00e7\u00e3o para peixe"},"content":{"rendered":"<p class=\"translation-block\">A <strong>m\u00e1quina de embalagem de pellets de ra\u00e7\u00e3o para peixe<\/strong> \u00e9 um dispositivo de embalagem automatizado de alta efici\u00eancia que integra pesagem autom\u00e1tica, forma\u00e7\u00e3o de saco, enchimento e veda\u00e7\u00e3o. Oferece op\u00e7\u00f5es de veda\u00e7\u00e3o de 3 lados, 4 lados e veda\u00e7\u00e3o traseira. Opera com alta efici\u00eancia, atingindo uma velocidade de embalagem de at\u00e9 80 sacos\/min.<\/p>    <p>Al\u00e9m de embalar pellets de ra\u00e7\u00e3o para peixe, esta m\u00e1quina de embalagem de pellets de ra\u00e7\u00e3o tamb\u00e9m pode ser usada para embalar v\u00e1rios materiais como amendoins, sementes de mel\u00e3o e a\u00e7\u00facar granulado. Se precisar, contacte-nos imediatamente para mais informa\u00e7\u00f5es.<\/p>    <figure class=\"wp-block-embed is-type-video is-provider-youtube wp-block-embed-youtube wp-embed-aspect-16-9 wp-has-aspect-ratio\"><div class=\"wp-block-embed__wrapper\"> <iframe loading=\"lazy\" title=\"M\u00e1quina de Embalagem de Pellets de Ra\u00e7\u00e3o para Peixe | Como funciona a m\u00e1quina de enchimento e embalagem de pellets de ra\u00e7\u00e3o para peixe?\" width=\"500\" height=\"281\" src=\"https:\/\/www.youtube.com\/embed\/lBx9_dQMcek?feature=oembed\" frameborder=\"0\" allow=\"accelerometer; autoplay; clipboard-write; encrypted-media; gyroscope; picture-in-picture; web-share\" referrerpolicy=\"strict-origin-when-cross-origin\" allowfullscreen><\/iframe> <\/div><figcaption class=\"wp-element-caption\">v\u00eddeo de trabalho da embalagem de ra\u00e7\u00e3o de peixe<\/figcaption><\/figure>    <h2 class=\"wp-block-heading\"><strong>Caracter\u00edsticas do embalador de ra\u00e7\u00e3o para peixes<\/strong> <strong>m\u00e1quina<\/strong><\/h2>    <p>Esta m\u00e1quina de embalagem de pellets de ra\u00e7\u00e3o para peixe n\u00e3o s\u00f3 se destaca pela funcionalidade, como tamb\u00e9m apresenta vantagens significativas em desempenho e design.<\/p>    <ul class=\"wp-block-list\"> <li><strong>Sistema de controlo inteligente<\/strong>: A nossa m\u00e1quina de embalagem de ra\u00e7\u00e3o utiliza controlo avan\u00e7ado por microcomputador, garantindo opera\u00e7\u00e3o est\u00e1vel, precisa e eficiente.<\/li>    <li><strong>Opera\u00e7\u00e3o de ecr\u00e3 grande em alta defini\u00e7\u00e3o<\/strong>: Est\u00e1 equipada com uma tela sens\u00edvel ao toque LCD de 5 polegadas; a interface \u00e9 intuitiva e f\u00e1cil de operar, permitindo aos utilizadores come\u00e7ar rapidamente.<\/li>    <li><strong>Detec\u00e7\u00e3o fotoel\u00e9trica de alta precis\u00e3o<\/strong>: A m\u00e1quina de enchimento de pellets de ra\u00e7\u00e3o utiliza um sistema de rastreamento por olho fotoel\u00e9trico para garantir uma selagem precisa entre cada par de sacos, resultando numa embalagem esteticamente agrad\u00e1vel.<\/li>    <li><strong>Configura\u00e7\u00f5es opcionais multifuncionais<\/strong>: Pode ser equipado com impressora de data, dispositivo de exaust\u00e3o ou dispositivo de infla\u00e7\u00e3o para atender \u00e0s necessidades de embalagem de diferentes produtos.<\/li>    <li><strong>Ampla aplicabilidade<\/strong>: A m\u00e1quina de pellets de peixe Taizy n\u00e3o \u00e9 apenas adequada para pellets de ra\u00e7\u00e3o para peixes, mas tamb\u00e9m pode ser usada para embalar v\u00e1rios materiais granulares, como arroz e amendoins.<\/li>    <li><strong>Material de alta qualidade<\/strong>: O seu corpo \u00e9 feito de a\u00e7o inoxid\u00e1vel, resistente \u00e0 corros\u00e3o, f\u00e1cil de limpar e atende aos padr\u00f5es de seguran\u00e7a e higiene alimentar.<\/li>    <li><strong>Opera\u00e7\u00e3o e manuten\u00e7\u00e3o f\u00e1ceis<\/strong>: O design estrutural amig\u00e1vel resulta em baixos custos de opera\u00e7\u00e3o e manuten\u00e7\u00e3o, tornando-o adequado para produ\u00e7\u00e3o em v\u00e1rias escalas.<\/li> <\/ul>    <figure class=\"wp-block-gallery has-nested-images columns-default is-cropped wp-block-gallery-2 is-layout-flex wp-block-gallery-is-layout-flex\"> <figure class=\"wp-block-image size-large\"><img loading=\"lazy\" decoding=\"async\" width=\"540\" height=\"720\" data-id=\"1036\" src=\"https:\/\/fishfoodpelletmachine.com\/wp-content\/uploads\/2025\/11\/fish-feed-packing-machine.webp\" alt=\"m\u00e1quina de embalagem de ra\u00e7\u00e3o para peixe\" class=\"wp-image-1036\" title=\"\" srcset=\"https:\/\/fishfoodpelletmachine.com\/wp-content\/uploads\/2025\/11\/fish-feed-packing-machine.webp 540w, https:\/\/fishfoodpelletmachine.com\/wp-content\/uploads\/2025\/11\/fish-feed-packing-machine-225x300.webp 225w, https:\/\/fishfoodpelletmachine.com\/wp-content\/uploads\/2025\/11\/fish-feed-packing-machine-9x12.webp 9w\" sizes=\"auto, (max-width: 540px) 100vw, 540px\" \/><figcaption class=\"wp-element-caption\">M\u00e1quina de Embalagem de Ra\u00e7\u00e3o para Peixe<\/figcaption><\/figure>    <figure class=\"wp-block-image size-large\"><img loading=\"lazy\" decoding=\"async\" width=\"540\" height=\"720\" data-id=\"1037\" src=\"https:\/\/fishfoodpelletmachine.com\/wp-content\/uploads\/2025\/11\/fish-feed-pellet-filling-and-sealing-machine.webp\" alt=\"m\u00e1quina de enchimento e selagem de pellets de ra\u00e7\u00e3o para peixe\" class=\"wp-image-1037\" title=\"\" srcset=\"https:\/\/fishfoodpelletmachine.com\/wp-content\/uploads\/2025\/11\/fish-feed-pellet-filling-and-sealing-machine.webp 540w, https:\/\/fishfoodpelletmachine.com\/wp-content\/uploads\/2025\/11\/fish-feed-pellet-filling-and-sealing-machine-225x300.webp 225w, https:\/\/fishfoodpelletmachine.com\/wp-content\/uploads\/2025\/11\/fish-feed-pellet-filling-and-sealing-machine-9x12.webp 9w\" sizes=\"auto, (max-width: 540px) 100vw, 540px\" \/><figcaption class=\"wp-element-caption\">M\u00e1quina de Enchimento e Veda\u00e7\u00e3o de Pellets de Ra\u00e7\u00e3o para Peixe<\/figcaption><\/figure> <\/figure>    <h2 class=\"wp-block-heading\"><strong>Estrutura da m\u00e1quina de enchimento de pellets de ra\u00e7\u00e3o para peixe<\/strong><\/h2>    <p>Esta m\u00e1quina de embalagem de pellets de ra\u00e7\u00e3o para peixe apresenta uma estrutura compacta, design racional e opera\u00e7\u00e3o f\u00e1cil de usar. A nossa m\u00e1quina de embalagem de pellets de ra\u00e7\u00e3o para peixe \u00e9 composta principalmente por ecr\u00e3 t\u00e1til de computador, prato girat\u00f3rio, diagrama de circuito de controlo, componentes de veda\u00e7\u00e3o e corte, e \u00e1rea de veda\u00e7\u00e3o cruzada.<\/p>   <div class=\"wp-block-image\"> <figure class=\"aligncenter size-full\"><img loading=\"lazy\" decoding=\"async\" width=\"720\" height=\"540\" src=\"https:\/\/fishfoodpelletmachine.com\/wp-content\/uploads\/2025\/11\/structure-of-fish-food-pellet-packer.webp\" alt=\"estrutura da m\u00e1quina de empacotar ra\u00e7\u00e3o para peixe\" class=\"wp-image-1038\" title=\"\" srcset=\"https:\/\/fishfoodpelletmachine.com\/wp-content\/uploads\/2025\/11\/structure-of-fish-food-pellet-packer.webp 720w, https:\/\/fishfoodpelletmachine.com\/wp-content\/uploads\/2025\/11\/structure-of-fish-food-pellet-packer-300x225.webp 300w, https:\/\/fishfoodpelletmachine.com\/wp-content\/uploads\/2025\/11\/structure-of-fish-food-pellet-packer-16x12.webp 16w\" sizes=\"auto, (max-width: 720px) 100vw, 720px\" \/><figcaption class=\"wp-element-caption\">estrutura da m\u00e1quina de empacotar ra\u00e7\u00e3o para peixe<\/figcaption><\/figure> <\/div>   <h2 class=\"wp-block-heading\"><strong>Princ\u00edpio de funcionamento da m\u00e1quina de enchimento de pellets de ra\u00e7\u00e3o para peixe<\/strong><\/h2>    <p>O processo de opera\u00e7\u00e3o da m\u00e1quina de embalamento de pellets de ra\u00e7\u00e3o para peixe \u00e9 simples, consistindo principalmente nos seguintes quatro passos:<\/p>    <ol class=\"wp-block-list\"> <li><strong>Pesagem<\/strong>: Esta m\u00e1quina divide os materiais em pesos espec\u00edficos usando copos medidores; basta substituir o copo medidor para alcan\u00e7ar tamanhos de por\u00e7\u00e3o diferentes.<\/li>    <li><strong>Formador de sacos<\/strong>g: O dispositivo de conforma\u00e7\u00e3o molda o rolo de filme em sacos, garantindo sacos uniformes e esteticamente agrad\u00e1veis.<\/li>    <li><strong>Detec\u00e7\u00e3o e corte autom\u00e1ticos<\/strong>: Um sistema de olho fotoel\u00e9trico detecta o comprimento do saco em tempo real, garantindo posi\u00e7\u00f5es de selagem e corte precisas.<\/li>    <li><strong>Enchimento e selagem<\/strong>: Um dispositivo de vibra\u00e7\u00e3o superficial ajuda os materiais a entrarem na sacola de forma mais r\u00e1pida e uniforme, ap\u00f3s o que a m\u00e1quina completa automaticamente a selagem e o corte.<\/li> <\/ol>    <figure class=\"wp-block-gallery has-nested-images columns-default is-cropped wp-block-gallery-3 is-layout-flex wp-block-gallery-is-layout-flex\"> <figure class=\"wp-block-image size-large\"><img loading=\"lazy\" decoding=\"async\" width=\"540\" height=\"720\" data-id=\"1041\" src=\"https:\/\/fishfoodpelletmachine.com\/wp-content\/uploads\/2025\/11\/measuring-cup-of-fish-feed-pellet-packing-machine.webp\" alt=\"copo medidor da m\u00e1quina de embalagem de pellets de ra\u00e7\u00e3o para peixe\" class=\"wp-image-1041\" title=\"\" srcset=\"https:\/\/fishfoodpelletmachine.com\/wp-content\/uploads\/2025\/11\/measuring-cup-of-fish-feed-pellet-packing-machine.webp 540w, https:\/\/fishfoodpelletmachine.com\/wp-content\/uploads\/2025\/11\/measuring-cup-of-fish-feed-pellet-packing-machine-225x300.webp 225w, https:\/\/fishfoodpelletmachine.com\/wp-content\/uploads\/2025\/11\/measuring-cup-of-fish-feed-pellet-packing-machine-9x12.webp 9w\" sizes=\"auto, (max-width: 540px) 100vw, 540px\" \/><figcaption class=\"wp-element-caption\">Copinho de Medi\u00e7\u00e3o da M\u00e1quina de Embalagem de Pellets de Ra\u00e7\u00e3o para Peixe<\/figcaption><\/figure>    <figure class=\"wp-block-image size-large\"><img loading=\"lazy\" decoding=\"async\" width=\"540\" height=\"720\" data-id=\"1039\" src=\"https:\/\/fishfoodpelletmachine.com\/wp-content\/uploads\/2025\/11\/bag-former-of-fish-food-pellet-packer.webp\" alt=\"formador de sacos da empacotadora de pellets de comida para peixe\" class=\"wp-image-1039\" title=\"\" srcset=\"https:\/\/fishfoodpelletmachine.com\/wp-content\/uploads\/2025\/11\/bag-former-of-fish-food-pellet-packer.webp 540w, https:\/\/fishfoodpelletmachine.com\/wp-content\/uploads\/2025\/11\/bag-former-of-fish-food-pellet-packer-225x300.webp 225w, https:\/\/fishfoodpelletmachine.com\/wp-content\/uploads\/2025\/11\/bag-former-of-fish-food-pellet-packer-9x12.webp 9w\" sizes=\"auto, (max-width: 540px) 100vw, 540px\" \/><figcaption class=\"wp-element-caption\">Formador de saco de pellets de ra\u00e7\u00e3o para peixe<\/figcaption><\/figure>    <figure class=\"wp-block-image size-large\"><img loading=\"lazy\" decoding=\"async\" width=\"540\" height=\"720\" data-id=\"1040\" src=\"https:\/\/fishfoodpelletmachine.com\/wp-content\/uploads\/2025\/11\/cutter-of-fish-foo-pellet-packing-equipment.webp\" alt=\"cortador do equipamento de embalagem de pellets de comida para peixe\" class=\"wp-image-1040\" title=\"\" srcset=\"https:\/\/fishfoodpelletmachine.com\/wp-content\/uploads\/2025\/11\/cutter-of-fish-foo-pellet-packing-equipment.webp 540w, https:\/\/fishfoodpelletmachine.com\/wp-content\/uploads\/2025\/11\/cutter-of-fish-foo-pellet-packing-equipment-225x300.webp 225w, https:\/\/fishfoodpelletmachine.com\/wp-content\/uploads\/2025\/11\/cutter-of-fish-foo-pellet-packing-equipment-9x12.webp 9w\" sizes=\"auto, (max-width: 540px) 100vw, 540px\" \/><figcaption class=\"wp-element-caption\">Cortador de pellets de ra\u00e7\u00e3o para peixe<\/figcaption><\/figure> <\/figure>    <h2 class=\"wp-block-heading\"><strong>Aplica\u00e7\u00f5es da m\u00e1quina de embalagem de pellets de ra\u00e7\u00e3o para peixe<\/strong><\/h2>    <p>A Taizy tem uma ampla gama de aplica\u00e7\u00f5es. Al\u00e9m de embalar pellets de peixe, pode tamb\u00e9m embalar v\u00e1rios materiais como sementes de mel\u00e3o, doces, a\u00e7\u00facar, pipocas, cacau, sal e arroz.<\/p>   <div class=\"wp-block-image\"> <figure class=\"aligncenter size-full\"><img loading=\"lazy\" decoding=\"async\" width=\"720\" height=\"540\" src=\"https:\/\/fishfoodpelletmachine.com\/wp-content\/uploads\/2025\/11\/application-of-fish-feed-pellet-packer-machine.webp\" alt=\"aplica\u00e7\u00e3o da m\u00e1quina de empacotar pellets de ra\u00e7\u00e3o para peixe\" class=\"wp-image-1043\" title=\"\" srcset=\"https:\/\/fishfoodpelletmachine.com\/wp-content\/uploads\/2025\/11\/application-of-fish-feed-pellet-packer-machine.webp 720w, https:\/\/fishfoodpelletmachine.com\/wp-content\/uploads\/2025\/11\/application-of-fish-feed-pellet-packer-machine-300x225.webp 300w, https:\/\/fishfoodpelletmachine.com\/wp-content\/uploads\/2025\/11\/application-of-fish-feed-pellet-packer-machine-16x12.webp 16w\" sizes=\"auto, (max-width: 720px) 100vw, 720px\" \/><figcaption class=\"wp-element-caption\">aplica\u00e7\u00e3o da m\u00e1quina de empacotar pellets de ra\u00e7\u00e3o para peixe<\/figcaption><\/figure> <\/div>   <h2 class=\"wp-block-heading\"><strong>Especifica\u00e7\u00f5es da m\u00e1quina de enchimento e embalagem de pellets de ra\u00e7\u00e3o para peixe<\/strong><\/h2>    <p>Esta m\u00e1quina de embalagem de pellets de ra\u00e7\u00e3o para peixe est\u00e1 dispon\u00edvel em dois modelos: TZ-320 e TZ-450. Os par\u00e2metros espec\u00edficos s\u00e3o os seguintes: <\/p>    <figure class=\"wp-block-table\"><table class=\"has-fixed-layout\"><tbody><tr><td>Modelo<\/td><td>TZ-320<\/td><td>TZ-450<\/td><\/tr><tr><td>Estilo do saco<\/td><td>Veda\u00e7\u00e3o traseira, veda\u00e7\u00e3o de 3 lados, veda\u00e7\u00e3o de 4 lados<\/td><td>Veda\u00e7\u00e3o traseira, veda\u00e7\u00e3o de 3 lados, veda\u00e7\u00e3o de 4 lados<\/td><\/tr><tr><td>Largura do saco<\/td><td>20-150mm<\/td><td>20-200mm<\/td><\/tr><tr><td>Comprimento do saco<\/td><td>30-180mm<\/td><td>30-180mm<\/td><\/tr><tr><td>Largura do filme<\/td><td>300mm(max)<\/td><td>430mm(max\uff09<\/td><\/tr><tr><td>Peso de embalagem<\/td><td>0-200g<\/td><td>0-1000g<\/td><\/tr><tr><td>Velocidade de embalagem<\/td><td>20-80 sacos\/min<\/td><td>20-80 sacos\/min<\/td><\/tr><tr><td>Consumo de energia<\/td><td>1.8kw<\/td><td>2,2 kW<\/td><\/tr><tr><td>Peso da m\u00e1quina<\/td><td>250kg<\/td><td>420kg<\/td><\/tr><tr><td>Dimens\u00e3o<\/td><td>650*1050*1950mm<\/td><td>750*750*2100mm<\/td><\/tr><\/tbody><\/table><figcaption class=\"wp-element-caption\">par\u00e2metros da m\u00e1quina de embalagem de pellets de ra\u00e7\u00e3o para peixe<\/figcaption><\/figure>    <h2 class=\"wp-block-heading\"><strong>Qual \u00e9 o pre\u00e7o da m\u00e1quina de embalagem de pellets de pellets de ra\u00e7\u00e3o para peixe?<\/strong><\/h2>    <p>O pre\u00e7o das m\u00e1quinas de embalagem de pellets de ra\u00e7\u00e3o para peixe \u00e9 influenciado por v\u00e1rios fatores, como capacidade de produ\u00e7\u00e3o, n\u00edvel de automa\u00e7\u00e3o e configura\u00e7\u00f5es adicionais. Ao escolher a empacotadora de pellets de ra\u00e7\u00e3o, fatores como escala de produ\u00e7\u00e3o, qualidade da m\u00e1quina e pre\u00e7o devem ser considerados de forma abrangente.<\/p>   <div class=\"wp-block-image\"> <figure class=\"aligncenter size-full\"><img loading=\"lazy\" decoding=\"async\" width=\"720\" height=\"540\" src=\"https:\/\/fishfoodpelletmachine.com\/wp-content\/uploads\/2025\/11\/fish-food-pellet-packaging-machine.webp\" alt=\"embalagem de pellets de ra\u00e7\u00e3o para peixe\" class=\"wp-image-1042\" title=\"\" srcset=\"https:\/\/fishfoodpelletmachine.com\/wp-content\/uploads\/2025\/11\/fish-food-pellet-packaging-machine.webp 720w, https:\/\/fishfoodpelletmachine.com\/wp-content\/uploads\/2025\/11\/fish-food-pellet-packaging-machine-300x225.webp 300w, https:\/\/fishfoodpelletmachine.com\/wp-content\/uploads\/2025\/11\/fish-food-pellet-packaging-machine-16x12.webp 16w\" sizes=\"auto, (max-width: 720px) 100vw, 720px\" \/><figcaption class=\"wp-element-caption\">embalagem de pellets de ra\u00e7\u00e3o para peixe<\/figcaption><\/figure> <\/div>   <h2 class=\"wp-block-heading\">Por que escolher a Taizy como seu fornecedor?<\/h2>    <p>A Taizy, como fornecedora profissional de equipamentos de embalagem, oferece m\u00e1quinas de embalagem de pellets de peixe que mereceram grande elogio dos clientes pela qualidade e pelo servi\u00e7o.<\/p>    <ul class=\"wp-block-list\"> <li>O equipamento apresenta desempenho est\u00e1vel, alta precis\u00e3o e opera\u00e7\u00e3o fi\u00e1vel.<\/li>    <li>Especifica\u00e7\u00f5es e materiais de embalagem personaliz\u00e1veis est\u00e3o dispon\u00edveis.<\/li>    <li>Instala\u00e7\u00e3o, comissionamento, orienta\u00e7\u00e3o t\u00e9cnica e suporte p\u00f3s-venda s\u00e3o fornecidos.<\/li>    <li>Envio global est\u00e1 dispon\u00edvel, apoiado por vasta experi\u00eancia em exporta\u00e7\u00e3o, com produtos vendidos para Sudeste Asi\u00e1tico, \u00c1frica, M\u00e9dio Oriente e outras regi\u00f5es.<\/li> <\/ul>    <figure class=\"wp-block-gallery has-nested-images columns-default is-cropped wp-block-gallery-4 is-layout-flex wp-block-gallery-is-layout-flex\"> <figure class=\"wp-block-image size-large\"><img loading=\"lazy\" decoding=\"async\" width=\"720\" height=\"540\" data-id=\"1044\" src=\"https:\/\/fishfoodpelletmachine.com\/wp-content\/uploads\/2025\/11\/factory-of-fish-feed-pellet-filling-and-packing-machine.webp\" alt=\"f\u00e1brica de enchimento e embalagem de pellets de ra\u00e7\u00e3o para peixe\" class=\"wp-image-1044\" title=\"\" srcset=\"https:\/\/fishfoodpelletmachine.com\/wp-content\/uploads\/2025\/11\/factory-of-fish-feed-pellet-filling-and-packing-machine.webp 720w, https:\/\/fishfoodpelletmachine.com\/wp-content\/uploads\/2025\/11\/factory-of-fish-feed-pellet-filling-and-packing-machine-300x225.webp 300w, https:\/\/fishfoodpelletmachine.com\/wp-content\/uploads\/2025\/11\/factory-of-fish-feed-pellet-filling-and-packing-machine-16x12.webp 16w\" sizes=\"auto, (max-width: 720px) 100vw, 720px\" \/><figcaption class=\"wp-element-caption\">F\u00e1brica de M\u00e1quina de Enchimento e Embalagem de Pellets de Ra\u00e7\u00e3o para Peixe<\/figcaption><\/figure>    <figure class=\"wp-block-image size-large\"><img loading=\"lazy\" decoding=\"async\" width=\"720\" height=\"540\" data-id=\"1011\" src=\"https:\/\/fishfoodpelletmachine.com\/wp-content\/uploads\/2025\/09\/our-company.webp\" alt=\"a nossa empresa\" class=\"wp-image-1011\" title=\"\" srcset=\"https:\/\/fishfoodpelletmachine.com\/wp-content\/uploads\/2025\/09\/our-company.webp 720w, https:\/\/fishfoodpelletmachine.com\/wp-content\/uploads\/2025\/09\/our-company-300x225.webp 300w, https:\/\/fishfoodpelletmachine.com\/wp-content\/uploads\/2025\/09\/our-company-16x12.webp 16w\" sizes=\"auto, (max-width: 720px) 100vw, 720px\" \/><figcaption class=\"wp-element-caption\">Our Company<\/figcaption><\/figure>    <figure class=\"wp-block-image size-large\"><img loading=\"lazy\" decoding=\"async\" width=\"720\" height=\"540\" data-id=\"1045\" src=\"https:\/\/fishfoodpelletmachine.com\/wp-content\/uploads\/2025\/11\/our-customer.webp\" alt=\"nosso cliente\" class=\"wp-image-1045\" title=\"\" srcset=\"https:\/\/fishfoodpelletmachine.com\/wp-content\/uploads\/2025\/11\/our-customer.webp 720w, https:\/\/fishfoodpelletmachine.com\/wp-content\/uploads\/2025\/11\/our-customer-300x225.webp 300w, https:\/\/fishfoodpelletmachine.com\/wp-content\/uploads\/2025\/11\/our-customer-16x12.webp 16w\" sizes=\"auto, (max-width: 720px) 100vw, 720px\" \/><figcaption class=\"wp-element-caption\">O nosso Cliente<\/figcaption><\/figure> <\/figure>    <h2 class=\"wp-block-heading\"><strong>Contacte-nos j\u00e1!<\/strong><\/h2>    <p>A m\u00e1quina de embalagem de pellets de ra\u00e7\u00e3o para peixe melhora muito a qualidade e a efici\u00eancia da embalagem com o seu design preciso e inteligente. Ela simplifica o processo, reduz a m\u00e3o-de-obra e ajuda as empresas a construir uma imagem de marca mais profissional.<\/p>    <p class=\"translation-block\">Al\u00e9m disso, a Taizy oferece a m\u00e1quina est\u00e1vel <a href=\"https:\/\/fishfoodpelletmachine.com\/pt\/product\/fish-pellet-making-machine\/\">de produ\u00e7\u00e3o de pellets de ra\u00e7\u00e3o para peixe<\/a> que pode ser combinada com a m\u00e1quina de embalagem para alcan\u00e7ar a produ\u00e7\u00e3o totalmente automatizada desde a pelletiza\u00e7\u00e3o at\u00e9 \u00e0 embalagem. Contacte-nos a qualquer momento, se tiver necessidades!<\/p>","protected":false},"excerpt":{"rendered":"<p>The fish feed pellet packing machine is a highly efficient automated packaging device that integrates automatic weighing, bag making, filling, and sealing. It offers 3-side seal, 4-side sealing, and back seal options. It operates at a high efficiency, achieving a packaging speed of up to 80bags\/min. In addition to packaging fish food pellets, this fish [&hellip;]<\/p>\n","protected":false},"author":1,"featured_media":1035,"parent":0,"template":"","tags":[52,77],"product-type":[5],"class_list":["post-1034","product","type-product","status-publish","has-post-thumbnail","hentry","tag-fish-feed","tag-fish-feed-pellet","product-type-fish-feed-pellet-machine"],"_links":{"self":[{"href":"https:\/\/fishfoodpelletmachine.com\/pt\/wp-json\/wp\/v2\/product\/1034","targetHints":{"allow":["GET"]}}],"collection":[{"href":"https:\/\/fishfoodpelletmachine.com\/pt\/wp-json\/wp\/v2\/product"}],"about":[{"href":"https:\/\/fishfoodpelletmachine.com\/pt\/wp-json\/wp\/v2\/types\/product"}],"author":[{"embeddable":true,"href":"https:\/\/fishfoodpelletmachine.com\/pt\/wp-json\/wp\/v2\/users\/1"}],"wp:featuredmedia":[{"embeddable":true,"href":"https:\/\/fishfoodpelletmachine.com\/pt\/wp-json\/wp\/v2\/media\/1035"}],"wp:attachment":[{"href":"https:\/\/fishfoodpelletmachine.com\/pt\/wp-json\/wp\/v2\/media?parent=1034"}],"wp:term":[{"taxonomy":"post_tag","embeddable":true,"href":"https:\/\/fishfoodpelletmachine.com\/pt\/wp-json\/wp\/v2\/tags?post=1034"},{"taxonomy":"product-type","embeddable":true,"href":"https:\/\/fishfoodpelletmachine.com\/pt\/wp-json\/wp\/v2\/product-type?post=1034"}],"curies":[{"name":"wp","href":"https:\/\/api.w.org\/{rel}","templated":true}]}}