{"id":1096,"date":"2026-04-24T14:00:48","date_gmt":"2026-04-24T06:00:48","guid":{"rendered":"https:\/\/fishfoodpelletmachine.com\/?post_type=product&#038;p=1096"},"modified":"2026-04-24T16:32:51","modified_gmt":"2026-04-24T08:32:51","slug":"pet-dog-food-pellet-machine","status":"publish","type":"product","link":"https:\/\/fishfoodpelletmachine.com\/pt\/product\/pet-dog-food-pellet-machine\/","title":{"rendered":"M\u00e1quina de pellets para comida de c\u00e3o"},"content":{"rendered":"<p class=\"translation-block\">A nossa<strong> m\u00e1quina de pellets para ra\u00e7\u00e3o de c\u00e3es<\/strong> utiliza tecnologia de extrus\u00e3o por parafuso e expans\u00e3o. Pode processar rapidamente uma variedade de mat\u00e9rias-primas, como farinha de milho, farelo de soja e farinha de carne, transformando-as em pellets para c\u00e3es. Esta m\u00e1quina suporta di\u00e2metros de pellet de 1 mm a 13 mm (personaliz\u00e1vel), sendo altamente vers\u00e1til para produzir ra\u00e7\u00e3o para c\u00e3es, gatos, peixes e tartarugas.<\/p>    <p>Dependendo dos requisitos espec\u00edficos do ambiente de produ\u00e7\u00e3o, a m\u00e1quina de fabrica\u00e7\u00e3o de ra\u00e7\u00e3o para c\u00e3es pode ser configurada com motor el\u00e9trico ou motor a diesel como fonte de energia. Com alta efici\u00eancia e estabilidade excepcional, \u00e9 uma escolha ideal para pequenas e m\u00e9dias f\u00e1bricas de processamento de ra\u00e7\u00e3o e fazendas de gado.<\/p>    <figure class=\"wp-block-embed is-type-video is-provider-youtube wp-block-embed-youtube wp-embed-aspect-16-9 wp-has-aspect-ratio\"><div class=\"wp-block-embed__wrapper\"> <iframe loading=\"lazy\" title=\"M\u00e1quina de fabrica\u00e7\u00e3o de pellets de ra\u00e7\u00e3o para c\u00e3es | Como funciona a extrusora de pellets de ra\u00e7\u00e3o para c\u00e3es?#petfeeding\" width=\"500\" height=\"281\" src=\"https:\/\/www.youtube.com\/embed\/ywivps7CGIU?feature=oembed\" frameborder=\"0\" allow=\"accelerometer; autoplay; clipboard-write; encrypted-media; gyroscope; picture-in-picture; web-share\" referrerpolicy=\"strict-origin-when-cross-origin\" allowfullscreen><\/iframe> <\/div><figcaption class=\"wp-element-caption\">V\u00eddeo de funcionamento da m\u00e1quina de pellets para ra\u00e7\u00e3o de c\u00e3es<\/figcaption><\/figure>    <h2 class=\"wp-block-heading\"><strong>Vantagens principais e caracter\u00edsticas de desempenho<\/strong><\/h2>    <ul class=\"wp-block-list\"> <li><strong>Produ\u00e7\u00e3o de alta efici\u00eancia<\/strong> <ul class=\"wp-block-list\"> <li>Desde a entrada de material at\u00e9 a sa\u00edda, leva apenas segundos.<\/li>    <li>Processo de produ\u00e7\u00e3o cont\u00ednua aumenta a capacidade geral.<\/li> <\/ul> <\/li>    <li><strong>Amplitude de produ\u00e7\u00e3o<\/strong> <ul class=\"wp-block-list\"> <li>Cobre uma vasta gama de especifica\u00e7\u00f5es, de 40 kg\/h a 3,5 t\/h.<\/li>    <li>Adequado para utilizadores de diferentes escalas operacionais.<\/li> <\/ul> <\/li>    <li><strong>Op\u00e7\u00f5es de energia flex\u00edveis<\/strong> <ul class=\"wp-block-list\"> <li>Suporta motores el\u00e9tricos e motores a diesel.<\/li>    <li>Adapt\u00e1vel \u00e0s condi\u00e7\u00f5es de fornecimento de energia de diferentes regi\u00f5es.<\/li> <\/ul> <\/li>    <li><strong>Est\u00e1vel e dur\u00e1vel<\/strong> <ul class=\"wp-block-list\"> <li>Apresenta um design estrutural simples de parafuso \u00fanico.<\/li>    <li>Garante baixos custos de manuten\u00e7\u00e3o e uma longa vida \u00fatil.<\/li> <\/ul> <\/li>    <li><strong>Opera\u00e7\u00e3o simples<\/strong> <ul class=\"wp-block-list\"> <li>Uma \u00fanica pessoa pode gerir todo o processo.<\/li>    <li>Ajuda a reduzir custos de m\u00e3o-de-obra.<\/li> <\/ul> <\/li> <\/ul>    <figure class=\"wp-block-gallery has-nested-images columns-default is-cropped wp-block-gallery-2 is-layout-flex wp-block-gallery-is-layout-flex\"> <figure class=\"wp-block-image size-large\"><img loading=\"lazy\" decoding=\"async\" width=\"720\" height=\"540\" data-id=\"1097\" src=\"https:\/\/fishfoodpelletmachine.com\/wp-content\/uploads\/2026\/04\/dog-food-pellet-extruder-machine.webp\" alt=\"extrusora de pellets de ra\u00e7\u00e3o para c\u00e3es\" class=\"wp-image-1097\" title=\"\" srcset=\"https:\/\/fishfoodpelletmachine.com\/wp-content\/uploads\/2026\/04\/dog-food-pellet-extruder-machine.webp 720w, https:\/\/fishfoodpelletmachine.com\/wp-content\/uploads\/2026\/04\/dog-food-pellet-extruder-machine-300x225.webp 300w, https:\/\/fishfoodpelletmachine.com\/wp-content\/uploads\/2026\/04\/dog-food-pellet-extruder-machine-16x12.webp 16w\" sizes=\"auto, (max-width: 720px) 100vw, 720px\" \/><figcaption class=\"wp-element-caption\">M\u00e1quina extrusora de pellets de ra\u00e7\u00e3o para c\u00e3es<\/figcaption><\/figure>    <figure class=\"wp-block-image size-large\"><img loading=\"lazy\" decoding=\"async\" width=\"720\" height=\"540\" data-id=\"1098\" src=\"https:\/\/fishfoodpelletmachine.com\/wp-content\/uploads\/2026\/04\/dog-food-pellet-maker-machine.webp\" alt=\"M\u00e1quina de fabrica\u00e7\u00e3o de pellets de ra\u00e7\u00e3o para c\u00e3es\" class=\"wp-image-1098\" title=\"\" srcset=\"https:\/\/fishfoodpelletmachine.com\/wp-content\/uploads\/2026\/04\/dog-food-pellet-maker-machine.webp 720w, https:\/\/fishfoodpelletmachine.com\/wp-content\/uploads\/2026\/04\/dog-food-pellet-maker-machine-300x225.webp 300w, https:\/\/fishfoodpelletmachine.com\/wp-content\/uploads\/2026\/04\/dog-food-pellet-maker-machine-16x12.webp 16w\" sizes=\"auto, (max-width: 720px) 100vw, 720px\" \/><figcaption class=\"wp-element-caption\">M\u00e1quina de fabrica\u00e7\u00e3o de pellets de ra\u00e7\u00e3o para c\u00e3es<\/figcaption><\/figure> <\/figure>    <h2 class=\"wp-block-heading\"><strong>Princ\u00edpio de funcionamento da m\u00e1quina de pellets para ra\u00e7\u00e3o de c\u00e3es<\/strong><\/h2>    <p>Esta m\u00e1quina de fabrica\u00e7\u00e3o de ra\u00e7\u00e3o para c\u00e3es \u00e9 uma m\u00e1quina de extrus\u00e3o por parafuso \u00fanico que utiliza alta temperatura e alta press\u00e3o para cozinhar, expandir e moldar instantaneamente as mat\u00e9rias-primas:<\/p>    <ul class=\"wp-block-list\"> <li>Mat\u00e9rias-primas entram no sistema de parafuso ap\u00f3s mistura.<\/li>    <li>Passam por extrus\u00e3o e cozimento em um ambiente de alta temperatura e alta press\u00e3o.<\/li>    <li>S\u00e3o moldados atrav\u00e9s de moldes.<\/li> <\/ul>    <p>Este m\u00e9todo de processamento n\u00e3o s\u00f3 melhora a palatabilidade da ra\u00e7\u00e3o, mas tamb\u00e9m esteriliza efetivamente o produto, aumentando a sua seguran\u00e7a.<\/p>   <div class=\"wp-block-image\"> <figure class=\"aligncenter size-full\"><img loading=\"lazy\" decoding=\"async\" width=\"720\" height=\"540\" src=\"https:\/\/fishfoodpelletmachine.com\/wp-content\/uploads\/2026\/04\/dog-feed-pellet-machine.webp\" alt=\"M\u00e1quina de pellets para alimenta\u00e7\u00e3o de c\u00e3es\" class=\"wp-image-1099\" title=\"\" srcset=\"https:\/\/fishfoodpelletmachine.com\/wp-content\/uploads\/2026\/04\/dog-feed-pellet-machine.webp 720w, https:\/\/fishfoodpelletmachine.com\/wp-content\/uploads\/2026\/04\/dog-feed-pellet-machine-300x225.webp 300w, https:\/\/fishfoodpelletmachine.com\/wp-content\/uploads\/2026\/04\/dog-feed-pellet-machine-16x12.webp 16w\" sizes=\"auto, (max-width: 720px) 100vw, 720px\" \/><figcaption class=\"wp-element-caption\">M\u00e1quina de pellets para alimenta\u00e7\u00e3o de c\u00e3es<\/figcaption><\/figure> <\/div>   <h2 class=\"wp-block-heading\"><strong>Par\u00e2metros da m\u00e1quina de extrus\u00e3o de pellets para c\u00e3es<\/strong><\/h2>    <p>Oferecemos uma ampla gama de modelos de m\u00e1quinas de pellets para c\u00e3es, com capacidades de produ\u00e7\u00e3o que variam de 40 a 3.500 kg\/h. Abaixo, as especifica\u00e7\u00f5es detalhadas dos nossos modelos mais vendidos, para sua refer\u00eancia.<\/p>    <figure class=\"wp-block-table\"><table><thead><tr><th>Modelo<\/th><th>Capacidade (kg\/h)<\/th><th>Pot\u00eancia principal (kW)<\/th><th>Pot\u00eancia do cortador (kW)<\/th><th>Pot\u00eancia de alimenta\u00e7\u00e3o (kW)<\/th><th>Di\u00e2metro da rosca (mm)<\/th><th>Tamanho (mm)<\/th><th>Peso (kg)<\/th><\/tr><\/thead><tbody><tr><td>DGP-60<\/td><td>120\u2013150<\/td><td>15<\/td><td>0.4<\/td><td>0.4<\/td><td>60<\/td><td>1450 \u00d7 950 \u00d7 1430<\/td><td>480<\/td><\/tr><tr><td>DGP-70<\/td><td>180\u2013250<\/td><td>18.5<\/td><td>0.4<\/td><td>0.4<\/td><td>70<\/td><td>1600 \u00d7 1400 \u00d7 1450<\/td><td>600<\/td><\/tr><tr><td>DGP-80<\/td><td>300\u2013350<\/td><td>22<\/td><td>0.4<\/td><td>0.4<\/td><td>80<\/td><td>1850 \u00d7 1470 \u00d7 1500<\/td><td>800<\/td><\/tr><tr><td>DGP-100<\/td><td>500\u2013550<\/td><td>37<\/td><td>1.1<\/td><td>1.5<\/td><td>100<\/td><td>2000 \u00d7 1600 \u00d7 1600<\/td><td>1500<\/td><\/tr><tr><td>DGP-120<\/td><td>600\u2013700<\/td><td>55<\/td><td>1.1<\/td><td>2.2<\/td><td>120<\/td><td>2200 \u00d7 2010 \u00d7 1700<\/td><td>1850<\/td><\/tr><\/tbody><\/table><figcaption class=\"wp-element-caption\">Especifica\u00e7\u00f5es da extrusora de pellets de ra\u00e7\u00e3o para animais de estima\u00e7\u00e3o<\/figcaption><\/figure>    <h2 class=\"wp-block-heading\"><strong>Processamento de mat\u00e9rias-primas e \u00e2mbito de aplica\u00e7\u00e3o<\/strong><\/h2>    <p>Esta m\u00e1quina de pellets para ra\u00e7\u00e3o de c\u00e3es oferece uma ampla gama de aplica\u00e7\u00f5es e \u00e9 capaz de processar uma variedade de mat\u00e9rias-primas:<\/p>    <ul class=\"wp-block-list\"> <li>Ingredientes de origem vegetal: farinha de milho, farinha de trigo, farelo de soja, farelo de arroz<\/li>    <li>Prote\u00ednas animais: farinha de carne, farinha de peixe, farinha de ossos<\/li>    <li>Processamento de subprodutos: Utiliza\u00e7\u00e3o de v\u00edsceras e res\u00edduos animais<\/li>    <li>Ind\u00fastria de gorduras e \u00f3leos: Utilizado como equipamento de pr\u00e9-processamento<\/li> <\/ul>    <p class=\"translation-block\"><strong>Tipos de produto acabado incluem:<\/strong><\/p>    <ul class=\"wp-block-list\"> <li>Pellets de ra\u00e7\u00e3o para c\u00e3es<\/li>    <li>Pellets para gatos<\/li>    <li>Ra\u00e7\u00e3o de peixe flutuante \/ ra\u00e7\u00e3o de peixe afundante<\/li>    <li>Ra\u00e7\u00e3o para tartarugas, etc.<\/li> <\/ul>   <div class=\"wp-block-image\"> <figure class=\"aligncenter size-full is-resized\"><img loading=\"lazy\" decoding=\"async\" width=\"720\" height=\"540\" src=\"https:\/\/fishfoodpelletmachine.com\/wp-content\/uploads\/2026\/04\/widely-used-of-dog-food-making-machine.webp\" alt=\"widely used of dog food making machine\" class=\"wp-image-1100\" style=\"width:720px;height:auto\" title=\"\" srcset=\"https:\/\/fishfoodpelletmachine.com\/wp-content\/uploads\/2026\/04\/widely-used-of-dog-food-making-machine.webp 720w, https:\/\/fishfoodpelletmachine.com\/wp-content\/uploads\/2026\/04\/widely-used-of-dog-food-making-machine-300x225.webp 300w, https:\/\/fishfoodpelletmachine.com\/wp-content\/uploads\/2026\/04\/widely-used-of-dog-food-making-machine-16x12.webp 16w\" sizes=\"auto, (max-width: 720px) 100vw, 720px\" \/><figcaption class=\"wp-element-caption\">Aplica\u00e7\u00e3o generalizada da m\u00e1quina de fabrica\u00e7\u00e3o de ra\u00e7\u00e3o<\/figcaption><\/figure> <\/div>   <p>A nossa m\u00e1quina de pellets para ra\u00e7\u00e3o de c\u00e3es pode produzir ra\u00e7\u00e3o em v\u00e1rias formas para c\u00e3es; isso \u00e9 conseguido simplesmente trocando o molde. Formas comuns de moldes incluem:<\/p>    <ul class=\"wp-block-list\"> <li>Pellets redondos<\/li>    <li>Formas de ossos<\/li>    <li>Formas criativas como cora\u00e7\u00f5es, estrelas, etc.<\/li> <\/ul>    <p>Tamanhos e formas especiais podem ser personalizados mediante solicita\u00e7\u00e3o, permitindo aos utilizadores ajustar de forma flex\u00edvel os tipos de produto em resposta \u00e0s demandas do mercado e aumentar a sua competitividade.<\/p>    <figure class=\"wp-block-gallery has-nested-images columns-default is-cropped wp-block-gallery-3 is-layout-flex wp-block-gallery-is-layout-flex\"> <figure class=\"wp-block-image size-large\"><img loading=\"lazy\" decoding=\"async\" width=\"540\" height=\"720\" data-id=\"1101\" src=\"https:\/\/fishfoodpelletmachine.com\/wp-content\/uploads\/2026\/04\/dog-food-pellet-machine.webp\" alt=\"m\u00e1quina de pellets para ra\u00e7\u00e3o de c\u00e3es\" class=\"wp-image-1101\" title=\"\" srcset=\"https:\/\/fishfoodpelletmachine.com\/wp-content\/uploads\/2026\/04\/dog-food-pellet-machine.webp 540w, https:\/\/fishfoodpelletmachine.com\/wp-content\/uploads\/2026\/04\/dog-food-pellet-machine-225x300.webp 225w, https:\/\/fishfoodpelletmachine.com\/wp-content\/uploads\/2026\/04\/dog-food-pellet-machine-9x12.webp 9w\" sizes=\"auto, (max-width: 540px) 100vw, 540px\" \/><figcaption class=\"wp-element-caption\">M\u00e1quina de pellets para c\u00e3es<\/figcaption><\/figure>    <figure class=\"wp-block-image size-large\"><img loading=\"lazy\" decoding=\"async\" width=\"540\" height=\"720\" data-id=\"1102\" src=\"https:\/\/fishfoodpelletmachine.com\/wp-content\/uploads\/2026\/04\/mold-types-of-dog-feed-pellet-machine.webp\" alt=\"tipos de moldes de m\u00e1quina de pellets para ra\u00e7\u00e3o canina\" class=\"wp-image-1102\" title=\"\" srcset=\"https:\/\/fishfoodpelletmachine.com\/wp-content\/uploads\/2026\/04\/mold-types-of-dog-feed-pellet-machine.webp 540w, https:\/\/fishfoodpelletmachine.com\/wp-content\/uploads\/2026\/04\/mold-types-of-dog-feed-pellet-machine-225x300.webp 225w, https:\/\/fishfoodpelletmachine.com\/wp-content\/uploads\/2026\/04\/mold-types-of-dog-feed-pellet-machine-9x12.webp 9w\" sizes=\"auto, (max-width: 540px) 100vw, 540px\" \/><figcaption class=\"wp-element-caption\">Tipos de moldes de m\u00e1quina de pellets para ra\u00e7\u00e3o de c\u00e3es<\/figcaption><\/figure> <\/figure>    <h2 class=\"wp-block-heading\"><strong>F\u00f3rmulas comuns de ra\u00e7\u00e3o para c\u00e3es<\/strong><\/h2>    <p>Ra\u00e7\u00f5es para c\u00e3es com diferentes posicionamentos de mercado variam significativamente nas suas formula\u00e7\u00f5es. A seguir, apresentamos formula\u00e7\u00f5es de refer\u00eancia comuns, que podem ser usadas para a comiss\u00e3o e produ\u00e7\u00e3o de m\u00e1quinas de pellets para ra\u00e7\u00e3o de c\u00e3es:<\/p>    <p class=\"translation-block\"><strong>F\u00f3rmula para c\u00e3es adultos<\/strong><\/p>    <ul class=\"wp-block-list\"> <li>Farinha de milho: 30%<\/li>    <li>Farinha de milho extrudada: 20%<\/li>    <li>Farelo: 30%<\/li>    <li>Farelo de soja: 10%<\/li>    <li>Farinha de carne: 10%<\/li> <\/ul>    <p class=\"translation-block\"><strong>F\u00f3rmula b\u00e1sica para cachorros<\/strong><\/p>    <ul class=\"wp-block-list\"> <li>Farinha de milho: 40%<\/li>    <li>Farinha de milho extrudada: 20%<\/li>    <li>Farelo: 20%<\/li>    <li>Farinha de carne e ossos: 15%<\/li>    <li>Farinha de arroz: 5%<\/li> <\/ul>    <p class=\"translation-block\"><strong>F\u00f3rmula m\u00e9dia para cachorros<\/strong><\/p>    <ul class=\"wp-block-list\"> <li>Farinha de milho: 30%<\/li>    <li>Farelo: 20%<\/li>    <li>Farinha de trigo: 5%<\/li>    <li>Farinha de milho extrudada: 30%<\/li>    <li>Farinha de soja: 5%<\/li>    <li>Farinha de carne: 10%<\/li> <\/ul>    <p class=\"translation-block\"><strong>F\u00f3rmula de alta gama para cachorros<\/strong><\/p>    <ul class=\"wp-block-list\"> <li>Farinha de milho: 20%<\/li>    <li>Farinha de milho extrudada: 15%<\/li>    <li>Farelo: 20%<\/li>    <li>Farinha de trigo: 5%<\/li>    <li>Farinha de soja: 5%<\/li>    <li>Farinha de carne: 10%<\/li>    <li>Leite em p\u00f3: 3%<\/li>    <li>Farinha de arroz: 12%<\/li>    <li>Farinha de peixe: 5%<\/li>    <li>Farelo de ossos: 5%<\/li> <\/ul>    <figure class=\"wp-block-gallery has-nested-images columns-default is-cropped wp-block-gallery-4 is-layout-flex wp-block-gallery-is-layout-flex\"> <figure class=\"wp-block-image size-large\"><img loading=\"lazy\" decoding=\"async\" width=\"720\" height=\"540\" data-id=\"1103\" src=\"https:\/\/fishfoodpelletmachine.com\/wp-content\/uploads\/2026\/04\/dog-feed-pellets.webp\" alt=\"dog feed pellets\" class=\"wp-image-1103\" title=\"\" srcset=\"https:\/\/fishfoodpelletmachine.com\/wp-content\/uploads\/2026\/04\/dog-feed-pellets.webp 720w, https:\/\/fishfoodpelletmachine.com\/wp-content\/uploads\/2026\/04\/dog-feed-pellets-300x225.webp 300w, https:\/\/fishfoodpelletmachine.com\/wp-content\/uploads\/2026\/04\/dog-feed-pellets-16x12.webp 16w\" sizes=\"auto, (max-width: 720px) 100vw, 720px\" \/><figcaption class=\"wp-element-caption\">Pellets de ra\u00e7\u00e3o para c\u00e3es<\/figcaption><\/figure>    <figure class=\"wp-block-image size-large\"><img loading=\"lazy\" decoding=\"async\" width=\"720\" height=\"540\" data-id=\"1104\" src=\"https:\/\/fishfoodpelletmachine.com\/wp-content\/uploads\/2026\/04\/pet-dog-food-pellets.webp\" alt=\"pet dog food pellets\" class=\"wp-image-1104\" title=\"\" srcset=\"https:\/\/fishfoodpelletmachine.com\/wp-content\/uploads\/2026\/04\/pet-dog-food-pellets.webp 720w, https:\/\/fishfoodpelletmachine.com\/wp-content\/uploads\/2026\/04\/pet-dog-food-pellets-300x225.webp 300w, https:\/\/fishfoodpelletmachine.com\/wp-content\/uploads\/2026\/04\/pet-dog-food-pellets-16x12.webp 16w\" sizes=\"auto, (max-width: 720px) 100vw, 720px\" \/><figcaption class=\"wp-element-caption\">Pellets de ra\u00e7\u00e3o para animais de estima\u00e7\u00e3o<\/figcaption><\/figure>    <figure class=\"wp-block-image size-large\"><img loading=\"lazy\" decoding=\"async\" width=\"720\" height=\"540\" data-id=\"1105\" src=\"https:\/\/fishfoodpelletmachine.com\/wp-content\/uploads\/2026\/04\/dog-food-pellets.webp\" alt=\"dog food pellets\" class=\"wp-image-1105\" title=\"\" srcset=\"https:\/\/fishfoodpelletmachine.com\/wp-content\/uploads\/2026\/04\/dog-food-pellets.webp 720w, https:\/\/fishfoodpelletmachine.com\/wp-content\/uploads\/2026\/04\/dog-food-pellets-300x225.webp 300w, https:\/\/fishfoodpelletmachine.com\/wp-content\/uploads\/2026\/04\/dog-food-pellets-16x12.webp 16w\" sizes=\"auto, (max-width: 720px) 100vw, 720px\" \/><figcaption class=\"wp-element-caption\">Pellets de ra\u00e7\u00e3o para c\u00e3es<\/figcaption><\/figure> <\/figure>    <h2 class=\"wp-block-heading\"><strong>Quanto custa uma m\u00e1quina de pellets para ra\u00e7\u00e3o canina?<\/strong><\/h2>    <p>O pre\u00e7o de uma extrusora de pellets de ra\u00e7\u00e3o para c\u00e3es n\u00e3o \u00e9 fixo; \u00e9 influenciado por diversos fatores. Ao selecionar o equipamento, recomenda-se considerar de forma abrangente os seguintes pontos-chave:<\/p>    <ul class=\"wp-block-list\"> <li><strong>Capacidade de produ\u00e7\u00e3o<\/strong>: Requisitos de maior produ\u00e7\u00e3o exigem configura\u00e7\u00f5es de equipamento maiores e maior capacidade de pot\u00eancia, resultando em um pre\u00e7o proporcionalmente mais alto.<\/li>    <li><strong>Fonte de energia<\/strong>: O pre\u00e7o varia dependendo de a m\u00e1quina ser alimentada por motor el\u00e9trico ou motor a diesel.<\/li>    <li><strong>Materiais e configura\u00e7\u00e3o<\/strong>: Fatores como o uso de materiais de alta qualidade e a inclus\u00e3o de recursos, como sistema de alimenta\u00e7\u00e3o autom\u00e1tica, influenciar\u00e3o o custo final.<\/li> <\/ul>    <p>Selecione um modelo que esteja alinhado com o seu volume de produ\u00e7\u00e3o real e or\u00e7amento para evitar escolher uma configura\u00e7\u00e3o excessiva ou insuficiente para as suas necessidades.<\/p>    <h2 class=\"wp-block-heading\"><strong>Como escolher uma m\u00e1quina de extrus\u00e3o de pellets para c\u00e3es?<\/strong><\/h2>    <p>Ao selecionar uma m\u00e1quina de pellets para ra\u00e7\u00e3o canina, recomenda-se priorizar os seguintes fatores:<\/p>    <ul class=\"wp-block-list\"> <li><strong>Requisitos de produ\u00e7\u00e3o<\/strong>: Pequenas explora\u00e7\u00f5es devem optar pelo modelo DGP-60\/70, enquanto opera\u00e7\u00f5es de produ\u00e7\u00e3o em grande escala devem selecionar modelos da s\u00e9rie DGP-100 ou superiores.<\/li>    <li><strong>Fonte de energia<\/strong>: \u00c9 necess\u00e1rio um motor a diesel?<\/li>    <li><strong>Especifica\u00e7\u00f5es dos pellets<\/strong>: Avalie se s\u00e3o necess\u00e1rios moldes personalizados para atender a requisitos espec\u00edficos de tamanho de pellet.<\/li>    <li><strong>Faixa de or\u00e7amento<\/strong>: Fa\u00e7a uma sele\u00e7\u00e3o racional com base na escala do seu investimento.<\/li> <\/ul>    <figure class=\"wp-block-gallery has-nested-images columns-default is-cropped wp-block-gallery-5 is-layout-flex wp-block-gallery-is-layout-flex\"> <figure class=\"wp-block-image size-large\"><img loading=\"lazy\" decoding=\"async\" width=\"540\" height=\"720\" data-id=\"1106\" src=\"https:\/\/fishfoodpelletmachine.com\/wp-content\/uploads\/2026\/04\/pet-dog-feed-making-machine.webp\" alt=\"pet dog feed making machine\" class=\"wp-image-1106\" title=\"\" srcset=\"https:\/\/fishfoodpelletmachine.com\/wp-content\/uploads\/2026\/04\/pet-dog-feed-making-machine.webp 540w, https:\/\/fishfoodpelletmachine.com\/wp-content\/uploads\/2026\/04\/pet-dog-feed-making-machine-225x300.webp 225w, https:\/\/fishfoodpelletmachine.com\/wp-content\/uploads\/2026\/04\/pet-dog-feed-making-machine-9x12.webp 9w\" sizes=\"auto, (max-width: 540px) 100vw, 540px\" \/><figcaption class=\"wp-element-caption\">M\u00e1quina de fabrica\u00e7\u00e3o de ra\u00e7\u00e3o para c\u00e3es<\/figcaption><\/figure>    <figure class=\"wp-block-image size-large\"><img loading=\"lazy\" decoding=\"async\" width=\"540\" height=\"720\" data-id=\"1107\" src=\"https:\/\/fishfoodpelletmachine.com\/wp-content\/uploads\/2026\/04\/dog-feed-pelletizer-machine.webp\" alt=\"dog feed pelletizer machine\" class=\"wp-image-1107\" title=\"\" srcset=\"https:\/\/fishfoodpelletmachine.com\/wp-content\/uploads\/2026\/04\/dog-feed-pelletizer-machine.webp 540w, https:\/\/fishfoodpelletmachine.com\/wp-content\/uploads\/2026\/04\/dog-feed-pelletizer-machine-225x300.webp 225w, https:\/\/fishfoodpelletmachine.com\/wp-content\/uploads\/2026\/04\/dog-feed-pelletizer-machine-9x12.webp 9w\" sizes=\"auto, (max-width: 540px) 100vw, 540px\" \/><figcaption class=\"wp-element-caption\">M\u00e1quina de extrus\u00e3o de pellets para ra\u00e7\u00e3o de c\u00e3es<\/figcaption><\/figure>    <figure class=\"wp-block-image size-large\"><img loading=\"lazy\" decoding=\"async\" width=\"540\" height=\"720\" data-id=\"1108\" src=\"https:\/\/fishfoodpelletmachine.com\/wp-content\/uploads\/2026\/04\/dog-feed-pellet-extruder.webp\" alt=\"dog feed pellet extruder\" class=\"wp-image-1108\" title=\"\" srcset=\"https:\/\/fishfoodpelletmachine.com\/wp-content\/uploads\/2026\/04\/dog-feed-pellet-extruder.webp 540w, https:\/\/fishfoodpelletmachine.com\/wp-content\/uploads\/2026\/04\/dog-feed-pellet-extruder-225x300.webp 225w, https:\/\/fishfoodpelletmachine.com\/wp-content\/uploads\/2026\/04\/dog-feed-pellet-extruder-9x12.webp 9w\" sizes=\"auto, (max-width: 540px) 100vw, 540px\" \/><figcaption class=\"wp-element-caption\">Extrusora de pellets para ra\u00e7\u00e3o de c\u00e3es<\/figcaption><\/figure> <\/figure>    <h2 class=\"wp-block-heading\"><strong>Por que escolher a Taizy como seu fornecedor?<\/strong><\/h2>    <ul class=\"wp-block-list\"> <li>Gama abrangente de modelos de equipamentos dispon\u00edveis; suporta personaliza\u00e7\u00e3o<\/li>    <li>Ampla experi\u00eancia de exporta\u00e7\u00e3o; garante qualidade consistente<\/li>    <li>Suporta configura\u00e7\u00e3o de linha de produ\u00e7\u00e3o completa<\/li>    <li>Fornece orienta\u00e7\u00e3o t\u00e9cnica e servi\u00e7o p\u00f3s-venda<\/li> <\/ul>    <h2 class=\"wp-block-heading\"><strong>Contacte-nos para iniciar a sua produ\u00e7\u00e3o!<\/strong><\/h2>    <p class=\"translation-block\">Quer seja para produ\u00e7\u00e3o em pequena ou grande escala, as nossas m\u00e1quinas de pellets para ra\u00e7\u00e3o de c\u00e3es oferecem desempenho est\u00e1vel, capacidade flex\u00edvel e solu\u00e7\u00f5es personaliz\u00e1veis. Tamb\u00e9m oferecemos <a href=\"https:\/\/fishfoodpelletmachine.com\/pt\/product\/animal-feed-pellet-making-machine\/\">m\u00e1quina de pellets para alimenta\u00e7\u00e3o de aves<\/a> para necessidades mais amplas de processamento de ra\u00e7\u00e3o.<\/p>    <p>Compartilhe suas mat\u00e9rias-primas e a produ\u00e7\u00e3o desejada conosco \u2014 recomendaremos o modelo adequado e ajudaremos a iniciar a produ\u00e7\u00e3o rapidamente.<\/p>","protected":false},"excerpt":{"rendered":"<p>This article outlines the working principles, suitable raw materials, and diverse application scenarios of dog food pellet machines, covering the production of dog food, cat food, and fish feed. The equipment supports the interchangeability of various molds and allows for pellet customization, offering key advantages such as high efficiency, robust stability, and versatile processing capabilities.<\/p>","protected":false},"author":1,"featured_media":1109,"parent":0,"template":"","tags":[51],"product-type":[79],"class_list":["post-1096","product","type-product","status-publish","has-post-thumbnail","hentry","tag-feed-pellet","product-type-pet-feed-pellet-machine"],"_links":{"self":[{"href":"https:\/\/fishfoodpelletmachine.com\/pt\/wp-json\/wp\/v2\/product\/1096","targetHints":{"allow":["GET"]}}],"collection":[{"href":"https:\/\/fishfoodpelletmachine.com\/pt\/wp-json\/wp\/v2\/product"}],"about":[{"href":"https:\/\/fishfoodpelletmachine.com\/pt\/wp-json\/wp\/v2\/types\/product"}],"author":[{"embeddable":true,"href":"https:\/\/fishfoodpelletmachine.com\/pt\/wp-json\/wp\/v2\/users\/1"}],"wp:featuredmedia":[{"embeddable":true,"href":"https:\/\/fishfoodpelletmachine.com\/pt\/wp-json\/wp\/v2\/media\/1109"}],"wp:attachment":[{"href":"https:\/\/fishfoodpelletmachine.com\/pt\/wp-json\/wp\/v2\/media?parent=1096"}],"wp:term":[{"taxonomy":"post_tag","embeddable":true,"href":"https:\/\/fishfoodpelletmachine.com\/pt\/wp-json\/wp\/v2\/tags?post=1096"},{"taxonomy":"product-type","embeddable":true,"href":"https:\/\/fishfoodpelletmachine.com\/pt\/wp-json\/wp\/v2\/product-type?post=1096"}],"curies":[{"name":"wp","href":"https:\/\/api.w.org\/{rel}","templated":true}]}}