{"id":178,"date":"2022-08-08T07:27:58","date_gmt":"2022-08-08T07:27:58","guid":{"rendered":"https:\/\/fishfoodpelletmachine.com\/?post_type=product&#038;p=178"},"modified":"2024-06-03T17:36:32","modified_gmt":"2024-06-03T09:36:32","slug":"automatic-hammer-mill","status":"publish","type":"product","link":"https:\/\/fishfoodpelletmachine.com\/pt\/product\/automatic-hammer-mill\/","title":{"rendered":"Moinho de martelo autom\u00e1tico | Moedor de alimenta\u00e7\u00e3o"},"content":{"rendered":"<p>O moinho de martelo autom\u00e1tico \u00e9 uma m\u00e1quina que as pessoas costumam usar para esmagar gr\u00e3os. Os gr\u00e3os triturados s\u00e3o geralmente usados \u200b\u200bpara fazer mat\u00e9ria-prima para diversos alimentos. \u00c9 o equipamento de processamento de ra\u00e7\u00e3o ideal para cria\u00e7\u00e3o de plantas e um bom ajudante para os agricultores fazerem fortuna. <\/p>    <p class=\"translation-block\">O triturador de gr\u00e3os tem uma estrutura simples, f\u00e1cil de manter e f\u00e1cil de usar. E a m\u00e1quina vem com rodas, o que facilita a movimenta\u00e7\u00e3o. O triturador de gr\u00e3os ser\u00e1 combinado com a nossa <a href=\"https:\/\/fishfoodpelletmachine.com\/pt\/product\/floating-fish-feed-production-line\/\">linha de produ\u00e7\u00e3o de f\u00e1brica de ra\u00e7\u00e3o para peixes<\/a>. \u00c9 uma m\u00e1quina de moagem essencial para a produ\u00e7\u00e3o de ra\u00e7\u00e3o para peixes para processar mat\u00e9rias-primas.<\/p>    <figure class=\"wp-block-embed is-type-video is-provider-youtube wp-block-embed-youtube wp-embed-aspect-16-9 wp-has-aspect-ratio\"><div class=\"wp-block-embed__wrapper\"> <iframe loading=\"lazy\" title=\"Moa de maneira mais inteligente, n\u00e3o mais dif\u00edcil: Maximizando a produ\u00e7\u00e3o com o moedor de martelo #milho #maize #agriculture\" width=\"500\" height=\"281\" src=\"https:\/\/www.youtube.com\/embed\/-pw7YuA7Z_E?feature=oembed\" frameborder=\"0\" allow=\"accelerometer; autoplay; clipboard-write; encrypted-media; gyroscope; picture-in-picture; web-share\" referrerpolicy=\"strict-origin-when-cross-origin\" allowfullscreen><\/iframe> <\/div><figcaption class=\"wp-element-caption\">V\u00eddeo de funcionamento do moinho de martelo autom\u00e1tico<\/figcaption><\/figure>    <h2 class=\"wp-block-heading\" id=\"h-what-s-the-automatic-hammer-mill\">O que \u00e9 o moinho de martelos autom\u00e1tico?<\/h2>    <p class=\"translation-block\">Produzimos v\u00e1rios modelos de <a href=\"https:\/\/taizyfarmequipment.com\/product\/hammer-mill-grinder\/\" data-type=\"link\" data-id=\"https:\/\/taizyfarmequipment.com\/product\/hammer-mill-grinder\/\" target=\"_blank\" rel=\"noopener\">trituradores de gr\u00e3os<\/a>, e diferentes modelos t\u00eam diferentes produ\u00e7\u00f5es. Os clientes podem escolher o modelo certo de acordo com as suas necessidades. Em rela\u00e7\u00e3o \u00e0 pot\u00eancia, o moinho de gr\u00e3os pode funcionar com motores a diesel, motores el\u00e9tricos e tratores. <\/p>    <p>O motor diesel \u00e9 adequado para utiliza\u00e7\u00e3o em \u00e1reas onde n\u00e3o h\u00e1 eletricidade. O moinho de martelo autom\u00e1tico possui uma tela dentro da c\u00e2mara de britagem, e o usu\u00e1rio pode escolher diferentes tamanhos de malha para fazer diferentes gr\u00e3os em p\u00f3.<\/p>    <figure class=\"wp-block-image size-full\"><img loading=\"lazy\" decoding=\"async\" width=\"720\" height=\"540\" src=\"https:\/\/fishfoodpelletmachine.com\/wp-content\/uploads\/2022\/08\/Automatic-hammer-mill-for-sale.webp\" alt=\"Venda moinho de martelo autom\u00e1tico\" class=\"wp-image-818\" title=\"\" srcset=\"https:\/\/fishfoodpelletmachine.com\/wp-content\/uploads\/2022\/08\/Automatic-hammer-mill-for-sale.webp 720w, https:\/\/fishfoodpelletmachine.com\/wp-content\/uploads\/2022\/08\/Automatic-hammer-mill-for-sale-300x225.webp 300w, https:\/\/fishfoodpelletmachine.com\/wp-content\/uploads\/2022\/08\/Automatic-hammer-mill-for-sale-16x12.webp 16w\" sizes=\"auto, (max-width: 720px) 100vw, 720px\" \/><figcaption class=\"wp-element-caption\">Moinho de martelo autom\u00e1tico para venda<\/figcaption><\/figure>    <p>Al\u00e9m disso, nossos trituradores de gr\u00e3os s\u00e3o equipados com ciclone. Esta configura\u00e7\u00e3o recolhe o p\u00f3 e as impurezas produzidas pela m\u00e1quina durante o seu trabalho. Dessa forma, o ambiente de trabalho ser\u00e1 mais limpo, seguro e higi\u00eanico. <\/p>    <p>Temos agora um total de oito modelos de trituradores de gr\u00e3os. Cada modelo pode ser usado em combina\u00e7\u00e3o com um moinho de pellets de ra\u00e7\u00e3o para peixes.<\/p>    <figure class=\"wp-block-gallery has-nested-images columns-default is-cropped wp-block-gallery-2 is-layout-flex wp-block-gallery-is-layout-flex\"> <figure class=\"wp-block-image size-large\"><img loading=\"lazy\" decoding=\"async\" width=\"720\" height=\"540\" data-id=\"308\" src=\"https:\/\/fishfoodpelletmachine.com\/wp-content\/uploads\/2022\/09\/320-hammer-mill-crusher0.webp\" alt=\"Triturador de moinho de martelo 320\" class=\"wp-image-308\" title=\"Triturador de moinho de martelo 320\" srcset=\"https:\/\/fishfoodpelletmachine.com\/wp-content\/uploads\/2022\/09\/320-hammer-mill-crusher0.webp 720w, https:\/\/fishfoodpelletmachine.com\/wp-content\/uploads\/2022\/09\/320-hammer-mill-crusher0-300x225.webp 300w\" sizes=\"auto, (max-width: 720px) 100vw, 720px\" \/><figcaption class=\"wp-element-caption\">Triturador de moinho de martelo 320<\/figcaption><\/figure>    <figure class=\"wp-block-image size-large\"><img loading=\"lazy\" decoding=\"async\" width=\"720\" height=\"540\" data-id=\"309\" src=\"https:\/\/fishfoodpelletmachine.com\/wp-content\/uploads\/2022\/09\/corn-crusher-.webp\" alt=\"triturador de milho\" class=\"wp-image-309\" title=\"triturador de milho\" srcset=\"https:\/\/fishfoodpelletmachine.com\/wp-content\/uploads\/2022\/09\/corn-crusher-.webp 720w, https:\/\/fishfoodpelletmachine.com\/wp-content\/uploads\/2022\/09\/corn-crusher--300x225.webp 300w\" sizes=\"auto, (max-width: 720px) 100vw, 720px\" \/><figcaption class=\"wp-element-caption\">Triturador de Milho<\/figcaption><\/figure>    <figure class=\"wp-block-image size-large\"><img loading=\"lazy\" decoding=\"async\" width=\"720\" height=\"540\" data-id=\"310\" src=\"https:\/\/fishfoodpelletmachine.com\/wp-content\/uploads\/2022\/09\/420-hammer-mill-grinder0.webp\" alt=\"Moedor de martelo 420\" class=\"wp-image-310\" title=\"Moedor de martelo 420\" srcset=\"https:\/\/fishfoodpelletmachine.com\/wp-content\/uploads\/2022\/09\/420-hammer-mill-grinder0.webp 720w, https:\/\/fishfoodpelletmachine.com\/wp-content\/uploads\/2022\/09\/420-hammer-mill-grinder0-300x225.webp 300w\" sizes=\"auto, (max-width: 720px) 100vw, 720px\" \/><figcaption class=\"wp-element-caption\">Moedor de moinho de martelo 420<\/figcaption><\/figure>    <figure class=\"wp-block-image size-large\"><img loading=\"lazy\" decoding=\"async\" width=\"720\" height=\"540\" data-id=\"312\" src=\"https:\/\/fishfoodpelletmachine.com\/wp-content\/uploads\/2022\/09\/500-high-speed-hammer-mill-0.webp\" alt=\"Moinho de martelo de alta velocidade 500\" class=\"wp-image-312\" title=\"Moinho de martelo de alta velocidade 500\" srcset=\"https:\/\/fishfoodpelletmachine.com\/wp-content\/uploads\/2022\/09\/500-high-speed-hammer-mill-0.webp 720w, https:\/\/fishfoodpelletmachine.com\/wp-content\/uploads\/2022\/09\/500-high-speed-hammer-mill-0-300x225.webp 300w\" sizes=\"auto, (max-width: 720px) 100vw, 720px\" \/><figcaption class=\"wp-element-caption\">Moinho de martelo 500 de alta velocidade<\/figcaption><\/figure>    <figure class=\"wp-block-image size-large\"><img loading=\"lazy\" decoding=\"async\" width=\"720\" height=\"540\" data-id=\"313\" src=\"https:\/\/fishfoodpelletmachine.com\/wp-content\/uploads\/2022\/09\/600-grain-grinder-.webp\" alt=\"Moedor de gr\u00e3os 600\" class=\"wp-image-313\" title=\"Moedor de gr\u00e3os 600\" srcset=\"https:\/\/fishfoodpelletmachine.com\/wp-content\/uploads\/2022\/09\/600-grain-grinder-.webp 720w, https:\/\/fishfoodpelletmachine.com\/wp-content\/uploads\/2022\/09\/600-grain-grinder--300x225.webp 300w\" sizes=\"auto, (max-width: 720px) 100vw, 720px\" \/><figcaption class=\"wp-element-caption\">Moedor de 600 gr\u00e3os<\/figcaption><\/figure>    <figure class=\"wp-block-image size-large\"><img loading=\"lazy\" decoding=\"async\" width=\"720\" height=\"540\" data-id=\"315\" src=\"https:\/\/fishfoodpelletmachine.com\/wp-content\/uploads\/2022\/09\/700-feed-grinder-.webp\" alt=\"Moedor de ra\u00e7\u00e3o 700\" class=\"wp-image-315\" title=\"Moedor de ra\u00e7\u00e3o 700\" srcset=\"https:\/\/fishfoodpelletmachine.com\/wp-content\/uploads\/2022\/09\/700-feed-grinder-.webp 720w, https:\/\/fishfoodpelletmachine.com\/wp-content\/uploads\/2022\/09\/700-feed-grinder--300x225.webp 300w\" sizes=\"auto, (max-width: 720px) 100vw, 720px\" \/><figcaption class=\"wp-element-caption\">Moedor de ra\u00e7\u00e3o 700<\/figcaption><\/figure> <\/figure>    <h2 class=\"wp-block-heading\">Usando escopos do moedor de ra\u00e7\u00e3o<\/h2>    <p>O moedor de ra\u00e7\u00e3o pode ser usado em uma ampla gama de aplica\u00e7\u00f5es, como milho, sorgo, trigo, feij\u00e3o, talos de milho, mudas de amendoim, mudas de batata doce, cascas de amendoim, ervas daninhas secas e outros tipos de ra\u00e7\u00e3o seca e bolos triturados grosseiramente . <\/p>    <p>Os materiais triturados podem ser usados \u200b\u200bpara alimentar cavalos, bovinos, ovinos, su\u00ednos, coelhos, galinhas, patos, etc.<\/p>    <p>A m\u00e1quina \u00e9 forte e dur\u00e1vel, segura e confi\u00e1vel, f\u00e1cil de instalar e adequada para v\u00e1rias f\u00e1bricas de ra\u00e7\u00e3o sozinha ou para apoiar o uso.<\/p>    <figure class=\"wp-block-image size-full\"><img loading=\"lazy\" decoding=\"async\" width=\"720\" height=\"540\" src=\"https:\/\/fishfoodpelletmachine.com\/wp-content\/uploads\/2022\/09\/application-of-the-feed-grinder.webp\" alt=\"aplica\u00e7\u00e3o do moedor de ra\u00e7\u00e3o\" class=\"wp-image-316\" title=\"aplica\u00e7\u00e3o do moedor de ra\u00e7\u00e3o\" srcset=\"https:\/\/fishfoodpelletmachine.com\/wp-content\/uploads\/2022\/09\/application-of-the-feed-grinder.webp 720w, https:\/\/fishfoodpelletmachine.com\/wp-content\/uploads\/2022\/09\/application-of-the-feed-grinder-300x225.webp 300w\" sizes=\"auto, (max-width: 720px) 100vw, 720px\" \/><figcaption class=\"wp-element-caption\">Aplica\u00e7\u00e3o do moedor de ra\u00e7\u00e3o<\/figcaption><\/figure>    <h2 class=\"wp-block-heading\">Componentes do moinho de martelo para aves<\/h2>    <p>Exceto pelos modelos 320, o mecanismo da m\u00e1quina \u00e9 o mesmo. Inclui principalmente entrada, ciclone, c\u00e2mara de britagem, martelo, tela, ventilador, etc. A m\u00e1quina possui uma estrutura razo\u00e1vel, f\u00e1cil de operar, adequada para todos os tipos de f\u00e1bricas de ra\u00e7\u00f5es ou uso dom\u00e9stico.<\/p>    <figure class=\"wp-block-gallery has-nested-images columns-default is-cropped wp-block-gallery-3 is-layout-flex wp-block-gallery-is-layout-flex\"> <figure class=\"wp-block-image size-large\"><img loading=\"lazy\" decoding=\"async\" width=\"720\" height=\"540\" data-id=\"317\" src=\"https:\/\/fishfoodpelletmachine.com\/wp-content\/uploads\/2022\/09\/Automatic-hammer-mill-.webp\" alt=\"moinho de martelo autom\u00e1tico\" class=\"wp-image-317\" title=\"moinho de martelo autom\u00e1tico\" srcset=\"https:\/\/fishfoodpelletmachine.com\/wp-content\/uploads\/2022\/09\/Automatic-hammer-mill-.webp 720w, https:\/\/fishfoodpelletmachine.com\/wp-content\/uploads\/2022\/09\/Automatic-hammer-mill--300x225.webp 300w\" sizes=\"auto, (max-width: 720px) 100vw, 720px\" \/><figcaption class=\"wp-element-caption\">Moinho de martelo autom\u00e1tico<\/figcaption><\/figure>    <figure class=\"wp-block-image size-large\"><img loading=\"lazy\" decoding=\"async\" width=\"720\" height=\"540\" data-id=\"318\" src=\"https:\/\/fishfoodpelletmachine.com\/wp-content\/uploads\/2022\/09\/structure-poultry-hammer-mill.webp\" alt=\"estrutura do moinho de martelos para aves\" class=\"wp-image-318\" title=\"estrutura do moinho de martelos para aves\" srcset=\"https:\/\/fishfoodpelletmachine.com\/wp-content\/uploads\/2022\/09\/structure-poultry-hammer-mill.webp 720w, https:\/\/fishfoodpelletmachine.com\/wp-content\/uploads\/2022\/09\/structure-poultry-hammer-mill-300x225.webp 300w\" sizes=\"auto, (max-width: 720px) 100vw, 720px\" \/><figcaption class=\"wp-element-caption\">Moinho de martelo para aves de estrutura<\/figcaption><\/figure> <\/figure>    <h2 class=\"wp-block-heading\">Qual \u00e9 o princ\u00edpio de funcionamento do triturador de gr\u00e3os?<\/h2>    <p>A carca\u00e7a do britador de gr\u00e3os \u00e9 soldada com material de alta qualidade, a entrada fica na parte superior do britador. E pode combinar com v\u00e1rias formas de estruturas de alimenta\u00e7\u00e3o. E as l\u00e2minas do martelo est\u00e3o dispostas simetricamente. <\/p>    <p>Quando o britador funciona, o material entra na c\u00e2mara de britagem. Ele \u00e9 gradualmente esmagado sob a a\u00e7\u00e3o da l\u00e2mina do martelo girat\u00f3rio de alta velocidade e do atrito da placa da tela. Sob a a\u00e7\u00e3o da for\u00e7a centr\u00edfuga e do fluxo de ar, o material \u00e9 descarregado atrav\u00e9s da porta de descarga inferior.<\/p>    <figure class=\"wp-block-gallery has-nested-images columns-default is-cropped wp-block-gallery-4 is-layout-flex wp-block-gallery-is-layout-flex\"> <figure class=\"wp-block-image size-large\"><img loading=\"lazy\" decoding=\"async\" width=\"720\" height=\"540\" data-id=\"816\" src=\"https:\/\/fishfoodpelletmachine.com\/wp-content\/uploads\/2022\/08\/9FQ-crushing-machine.webp\" alt=\"M\u00e1quina trituradora 9FQ\" class=\"wp-image-816\" title=\"\" srcset=\"https:\/\/fishfoodpelletmachine.com\/wp-content\/uploads\/2022\/08\/9FQ-crushing-machine.webp 720w, https:\/\/fishfoodpelletmachine.com\/wp-content\/uploads\/2022\/08\/9FQ-crushing-machine-300x225.webp 300w, https:\/\/fishfoodpelletmachine.com\/wp-content\/uploads\/2022\/08\/9FQ-crushing-machine-16x12.webp 16w\" sizes=\"auto, (max-width: 720px) 100vw, 720px\" \/><figcaption class=\"wp-element-caption\">M\u00e1quina de esmagamento 9Fq<\/figcaption><\/figure>    <figure class=\"wp-block-image size-large\"><img loading=\"lazy\" decoding=\"async\" width=\"720\" height=\"540\" data-id=\"817\" src=\"https:\/\/fishfoodpelletmachine.com\/wp-content\/uploads\/2022\/08\/Automatic-hammer-mill-for-business.webp\" alt=\"Moinho de martelo autom\u00e1tico para empresas\" class=\"wp-image-817\" title=\"\" srcset=\"https:\/\/fishfoodpelletmachine.com\/wp-content\/uploads\/2022\/08\/Automatic-hammer-mill-for-business.webp 720w, https:\/\/fishfoodpelletmachine.com\/wp-content\/uploads\/2022\/08\/Automatic-hammer-mill-for-business-300x225.webp 300w, https:\/\/fishfoodpelletmachine.com\/wp-content\/uploads\/2022\/08\/Automatic-hammer-mill-for-business-16x12.webp 16w\" sizes=\"auto, (max-width: 720px) 100vw, 720px\" \/><figcaption class=\"wp-element-caption\">Moinho de martelo autom\u00e1tico para neg\u00f3cios<\/figcaption><\/figure> <\/figure>    <h2 class=\"wp-block-heading\">Como funciona a m\u00e1quina de moer milho?<\/h2>    <figure class=\"wp-block-embed is-type-video is-provider-youtube wp-block-embed-youtube wp-embed-aspect-16-9 wp-has-aspect-ratio\"><div class=\"wp-block-embed__wrapper\"> <iframe loading=\"lazy\" title=\"\u00d3tima m\u00e1quina! f\u00e1brica de m\u00e1quinas de corte de grama\/moinho de martelo\/triturador de milho de milho moagem de milho\" width=\"500\" height=\"281\" src=\"https:\/\/www.youtube.com\/embed\/6ij2mPeRQ9I?feature=oembed\" frameborder=\"0\" allow=\"accelerometer; autoplay; clipboard-write; encrypted-media; gyroscope; picture-in-picture; web-share\" referrerpolicy=\"strict-origin-when-cross-origin\" allowfullscreen><\/iframe> <\/div><figcaption class=\"wp-element-caption\">processo de trabalho autom\u00e1tico do moinho de martelo<\/figcaption><\/figure>    <h2 class=\"wp-block-heading\">Par\u00e2metros t\u00e9cnicos do moinho de martelo<\/h2>    <figure class=\"wp-block-table\"><table><tbody><tr><td><strong>Modelo<\/strong><strong><\/strong><\/td><td><strong>Poder<\/strong><strong><\/strong><\/td><td><strong>Peso<\/strong><strong><\/strong><\/td><td><strong>Capacidade<\/strong><strong><\/strong><\/td><td><strong>Martelo<\/strong><strong><\/strong><\/td><td><strong>Di\u00e2metro<\/strong><strong>&nbsp;<\/strong><strong>de<\/strong><strong>&nbsp;<\/strong><strong>peneira<\/strong><strong><\/strong><\/td><td><strong>Tamanho (mm)<\/strong><strong><\/strong><\/td><\/tr><tr><td>9FQ-320<\/td><td>2,2 kW<\/td><td>85kg<\/td><td>200kg\/h<\/td><td>12 unidades<\/td><td>0,5-5 mm<\/td><td>1200*500*1000<\/td><\/tr><tr><td>9FQ-360<\/td><td>5,5 kW<\/td><td>130kg<\/td><td>600kg\/hora<\/td><td>12 unidades<\/td><td>0,5-5 mm<\/td><td>1200*600*1100<\/td><\/tr><tr><td>9FQ-400<\/td><td>7,5 kW<\/td><td>170kg<\/td><td>800kg\/hora<\/td><td>12 unidades<\/td><td>1,2-3 mm<\/td><td>1500*800*1400<\/td><\/tr><tr><td>9FQ-420<\/td><td>7,5\/11 kW<\/td><td>220kg<\/td><td>1000kg\/hora<\/td><td>16 unidades<\/td><td>1,2-3 mm<\/td><td>1500*800*1400<\/td><\/tr><tr><td>9FQ-500<\/td><td>11\/15 kW<\/td><td>270kg<\/td><td>1500kg\/hora<\/td><td>16 unidades<\/td><td>1,2-3 mm<\/td><td>1500*1000*1600<\/td><\/tr><tr><td>9FQ-600<\/td><td>15\/18,5 kW<\/td><td>300kg<\/td><td>2.000 kg\/h<\/td><td>24 unidades<\/td><td>1,2-3 mm<\/td><td>1600*1000*1600<\/td><\/tr><tr><td>9FQ-750<\/td><td>22 kW<\/td><td>320kg<\/td><td>3.000 kg\/hora<\/td><td>36 unidades<\/td><td>1,2-3 mm<\/td><td>1600*1100*1700<\/td><\/tr><\/tbody><\/table><figcaption class=\"wp-element-caption\">par\u00e2metro do moedor de moinho de martelos<\/figcaption><\/figure>    <figure class=\"wp-block-image size-full\"><img loading=\"lazy\" decoding=\"async\" width=\"720\" height=\"540\" src=\"https:\/\/fishfoodpelletmachine.com\/wp-content\/uploads\/2022\/08\/straw-crushing-machine-for-sale.webp\" alt=\"M\u00e1quina trituradora de palha para venda\" class=\"wp-image-820\" title=\"\" srcset=\"https:\/\/fishfoodpelletmachine.com\/wp-content\/uploads\/2022\/08\/straw-crushing-machine-for-sale.webp 720w, https:\/\/fishfoodpelletmachine.com\/wp-content\/uploads\/2022\/08\/straw-crushing-machine-for-sale-300x225.webp 300w, https:\/\/fishfoodpelletmachine.com\/wp-content\/uploads\/2022\/08\/straw-crushing-machine-for-sale-16x12.webp 16w\" sizes=\"auto, (max-width: 720px) 100vw, 720px\" \/><figcaption class=\"wp-element-caption\">M\u00e1quina trituradora de palha para venda<\/figcaption><\/figure>    <h2 class=\"wp-block-heading\">Destaques do moinho de martelos de alta velocidade<\/h2>    <ol class=\"wp-block-list\"> <li>Uma m\u00e1quina para m\u00faltiplos usos. A m\u00e1quina pode esmagar uma variedade de gr\u00e3os e tamb\u00e9m lidar com palha, mudas de amendoim, cascas de amendoim, ervas daninhas, etc.<\/li>    <li>F\u00e1cil de operar e usar. A equipe s\u00f3 precisa colocar o material na porta de alimenta\u00e7\u00e3o da m\u00e1quina. Desde a tritura\u00e7\u00e3o at\u00e9 a descarga, sem a interven\u00e7\u00e3o das m\u00e3os.<\/li>    <li>O triturador de gr\u00e3os \u00e9 resistente ao desgaste e dur\u00e1vel, a longa vida \u00fatil \u00e9 o equipamento ideal para as pessoas lidarem com gr\u00e3os. O martelo do nosso moinho de gr\u00e3os \u00e9 feito de material de alta qualidade.<\/li>    <li>Nosso triturador de gr\u00e3os \u00e9 uma m\u00e1quina trituradora de gr\u00e3os de alta qualidade com baixa vibra\u00e7\u00e3o, baixo consumo de energia e baixo ru\u00eddo.<\/li> <\/ol>    <figure class=\"wp-block-image size-full\"><img loading=\"lazy\" decoding=\"async\" width=\"720\" height=\"540\" src=\"https:\/\/fishfoodpelletmachine.com\/wp-content\/uploads\/2022\/09\/manufacturer-of-the-grain-hammer-mill-.webp\" alt=\"fabricante do moinho de martelos para gr\u00e3os\" class=\"wp-image-321\" title=\"fabricante do moinho de martelos para gr\u00e3os\" srcset=\"https:\/\/fishfoodpelletmachine.com\/wp-content\/uploads\/2022\/09\/manufacturer-of-the-grain-hammer-mill-.webp 720w, https:\/\/fishfoodpelletmachine.com\/wp-content\/uploads\/2022\/09\/manufacturer-of-the-grain-hammer-mill--300x225.webp 300w\" sizes=\"auto, (max-width: 720px) 100vw, 720px\" \/><figcaption class=\"wp-element-caption\">fabricante do moinho de martelo de gr\u00e3os<\/figcaption><\/figure>    <h2 class=\"wp-block-heading\">Triturador de gr\u00e3os na linha de produ\u00e7\u00e3o de pellets de alimentos para peixes<\/h2>    <p>Uma vez que a maioria dos pellets de ra\u00e7\u00e3o para peixes s\u00e3o cereais em p\u00f3. Portanto, o pr\u00e9-requisito para fazer pellets de ra\u00e7\u00e3o para peixes deve ser a tritura\u00e7\u00e3o de v\u00e1rios gr\u00e3os. A extremidade frontal da nossa linha de produ\u00e7\u00e3o de pellets de peixe \u00e9 o triturador de gr\u00e3os. <\/p>    <p>Decidiremos o modelo do triturador de gr\u00e3os de acordo com o tamanho da produ\u00e7\u00e3o da linha de produ\u00e7\u00e3o. Al\u00e9m do 9FQ tamb\u00e9m podem ser utilizadas outras m\u00e1quinas, como o moinho pequeno e o moinho vertical de gr\u00e3os.<\/p>    <figure class=\"wp-block-image size-full\"><img loading=\"lazy\" decoding=\"async\" width=\"720\" height=\"540\" src=\"https:\/\/fishfoodpelletmachine.com\/wp-content\/uploads\/2022\/08\/hammer-crushing-machine.webp\" alt=\"m\u00e1quina de esmagamento de martelo\" class=\"wp-image-819\" title=\"\" srcset=\"https:\/\/fishfoodpelletmachine.com\/wp-content\/uploads\/2022\/08\/hammer-crushing-machine.webp 720w, https:\/\/fishfoodpelletmachine.com\/wp-content\/uploads\/2022\/08\/hammer-crushing-machine-300x225.webp 300w, https:\/\/fishfoodpelletmachine.com\/wp-content\/uploads\/2022\/08\/hammer-crushing-machine-16x12.webp 16w\" sizes=\"auto, (max-width: 720px) 100vw, 720px\" \/><figcaption class=\"wp-element-caption\">M\u00e1quina trituradora de martelo<\/figcaption><\/figure>    <h2 class=\"wp-block-heading\">O caso de sucesso do moinho de martelos autom\u00e1tico<\/h2>    <p>9FQ exportado para a Nova Zel\u00e2ndia Na semana passada, nosso cliente nos encomendou um 9FQ-320 modelo 9FQ. O cliente possui uma granja de galinhas e queria fazer sua pr\u00f3pria ra\u00e7\u00e3o para galinhas. Ele pesquisou nosso site e se interessou pelo 9FQ. Ent\u00e3o ele nos contatou. Nosso gerente de vendas recomendou diferentes modelos da m\u00e1quina ao cliente. <\/p>    <p>O cliente escolheu o 9FQ-320, que n\u00e3o \u00e9 muito produtivo, mas pode satisfazer pequenas explora\u00e7\u00f5es agr\u00edcolas e uso dom\u00e9stico. Depois disso, foi determinado o voltagem da m\u00e1quina e a pot\u00eancia do motor. Ap\u00f3s o pagamento do cliente, come\u00e7\u00e1mos a preparar a m\u00e1quina para transporte.<\/p>    <figure class=\"wp-block-gallery has-nested-images columns-default is-cropped wp-block-gallery-5 is-layout-flex wp-block-gallery-is-layout-flex\"> <figure class=\"wp-block-image size-large\"><img loading=\"lazy\" decoding=\"async\" width=\"720\" height=\"540\" data-id=\"322\" src=\"https:\/\/fishfoodpelletmachine.com\/wp-content\/uploads\/2022\/09\/automatic-hammer-mill.webp\" alt=\"moinho de martelo autom\u00e1tico\" class=\"wp-image-322\" title=\"moinho de martelo autom\u00e1tico\" srcset=\"https:\/\/fishfoodpelletmachine.com\/wp-content\/uploads\/2022\/09\/automatic-hammer-mill.webp 720w, https:\/\/fishfoodpelletmachine.com\/wp-content\/uploads\/2022\/09\/automatic-hammer-mill-300x225.webp 300w\" sizes=\"auto, (max-width: 720px) 100vw, 720px\" \/><figcaption class=\"wp-element-caption\">Moinho de martelo autom\u00e1tico<\/figcaption><\/figure>    <figure class=\"wp-block-image size-large\"><img loading=\"lazy\" decoding=\"async\" width=\"720\" height=\"540\" data-id=\"202\" src=\"https:\/\/fishfoodpelletmachine.com\/wp-content\/uploads\/2022\/08\/wooden-case-packing-of-the-grain-crusher-.jpg\" alt=\"embalagem em caixa de madeira do triturador de gr\u00e3os \" class=\"wp-image-202\" title=\"embalagem em caixa de madeira do triturador de gr\u00e3os \" srcset=\"https:\/\/fishfoodpelletmachine.com\/wp-content\/uploads\/2022\/08\/wooden-case-packing-of-the-grain-crusher-.jpg 720w, https:\/\/fishfoodpelletmachine.com\/wp-content\/uploads\/2022\/08\/wooden-case-packing-of-the-grain-crusher--300x225.jpg 300w\" sizes=\"auto, (max-width: 720px) 100vw, 720px\" \/><figcaption class=\"wp-element-caption\">Embalagem de caixa de madeira do triturador de gr\u00e3os<\/figcaption><\/figure> <\/figure>","protected":false},"excerpt":{"rendered":"<p>Moinho de martelo autom\u00e1tico que pode esmagar v\u00e1rios gr\u00e3os. Os gr\u00e3os triturados s\u00e3o usados \u200b\u200bpara fazer mat\u00e9ria-prima para ra\u00e7\u00f5es m\u00faltiplas.<\/p>","protected":false},"author":1,"featured_media":323,"parent":0,"template":"","tags":[28,16,29],"product-type":[4],"class_list":["post-178","product","type-product","status-publish","has-post-thumbnail","hentry","tag-automatic-hammer-mill","tag-dry-type-fish-feed-extruder","tag-feed-grinder","product-type-feed-grinding-machine"],"_links":{"self":[{"href":"https:\/\/fishfoodpelletmachine.com\/pt\/wp-json\/wp\/v2\/product\/178","targetHints":{"allow":["GET"]}}],"collection":[{"href":"https:\/\/fishfoodpelletmachine.com\/pt\/wp-json\/wp\/v2\/product"}],"about":[{"href":"https:\/\/fishfoodpelletmachine.com\/pt\/wp-json\/wp\/v2\/types\/product"}],"author":[{"embeddable":true,"href":"https:\/\/fishfoodpelletmachine.com\/pt\/wp-json\/wp\/v2\/users\/1"}],"wp:featuredmedia":[{"embeddable":true,"href":"https:\/\/fishfoodpelletmachine.com\/pt\/wp-json\/wp\/v2\/media\/323"}],"wp:attachment":[{"href":"https:\/\/fishfoodpelletmachine.com\/pt\/wp-json\/wp\/v2\/media?parent=178"}],"wp:term":[{"taxonomy":"post_tag","embeddable":true,"href":"https:\/\/fishfoodpelletmachine.com\/pt\/wp-json\/wp\/v2\/tags?post=178"},{"taxonomy":"product-type","embeddable":true,"href":"https:\/\/fishfoodpelletmachine.com\/pt\/wp-json\/wp\/v2\/product-type?post=178"}],"curies":[{"name":"wp","href":"https:\/\/api.w.org\/{rel}","templated":true}]}}