{"id":213,"date":"2022-08-09T07:14:49","date_gmt":"2022-08-09T07:14:49","guid":{"rendered":"https:\/\/fishfoodpelletmachine.com\/?post_type=product&#038;p=213"},"modified":"2022-09-26T18:32:59","modified_gmt":"2022-09-26T10:32:59","slug":"feed-grinder-and-mixer","status":"publish","type":"product","link":"https:\/\/fishfoodpelletmachine.com\/pt\/product\/feed-grinder-and-mixer\/","title":{"rendered":"Moedor e misturador de ra\u00e7\u00e3o\u4e28m\u00e1quina misturadora de ra\u00e7\u00e3o para aves"},"content":{"rendered":"<p>O moedor e misturador de ra\u00e7\u00e3o \u00e9 uma m\u00e1quina que pode triturar e misturar v\u00e1rios gr\u00e3os. A m\u00e1quina integra eleva\u00e7\u00e3o vertical, recipiente de mistura e alimenta\u00e7\u00e3o horizontal em um s\u00f3. Portanto, tem as vantagens de estrutura compacta, pequeno investimento \u00fanico, econ\u00f4mico e pr\u00e1tico, pegada pequena, etc.<\/p>    <h2 class=\"wp-block-heading\" id=\"h-what-are-the-feed-grinder-and-mixer\">O que s\u00e3o o moedor de ra\u00e7\u00e3o e o misturador?<\/h2>    <p class=\"translation-block\">Existem duas partes num moedor de ra\u00e7\u00e3o e misturador; uma \u00e9 moer o gr\u00e3o e a outra \u00e9 misturar o p\u00f3 de gr\u00e3o. Os materiais processados passam primeiro pela trituradora e, em seguida, entram na parte de mistura. O produto final \u00e9 um p\u00f3 de gr\u00e3o bem misturado. Produzimos diferentes modelos de misturadores-moedores de ra\u00e7\u00e3o. Pode atender \u00e0s diferentes necessidades de produ\u00e7\u00e3o. Al\u00e9m disso, temos o <a href=\"https:\/\/www.agriculture-machine.com\/hammer-mill-machine\/\" target=\"_blank\" rel=\"noopener\">9FQ<\/a>, que \u00e9 tamb\u00e9m a m\u00e1quina que pode moer a mat\u00e9ria-prima.  <\/p>    <figure class=\"wp-block-image size-full\"><img loading=\"lazy\" decoding=\"async\" width=\"720\" height=\"540\" src=\"https:\/\/fishfoodpelletmachine.com\/wp-content\/uploads\/2022\/09\/poultry-feed-mixer-machine-.webp\" alt=\"m\u00e1quina misturadora de ra\u00e7\u00e3o para aves\" class=\"wp-image-341\" title=\"m\u00e1quina misturadora de ra\u00e7\u00e3o para aves\" srcset=\"https:\/\/fishfoodpelletmachine.com\/wp-content\/uploads\/2022\/09\/poultry-feed-mixer-machine-.webp 720w, https:\/\/fishfoodpelletmachine.com\/wp-content\/uploads\/2022\/09\/poultry-feed-mixer-machine--300x225.webp 300w\" sizes=\"auto, (max-width: 720px) 100vw, 720px\" \/><figcaption>M\u00e1quina misturadora de ra\u00e7\u00e3o para aves<\/figcaption><\/figure>    <h2 class=\"wp-block-heading\">Informa\u00e7\u00f5es detalhadas sobre a m\u00e1quina misturadora de ra\u00e7\u00e3o para aves<\/h2>    <figure class=\"wp-block-table\"><table><tbody><tr><td>Modelo<\/td><td>Pot\u00eancia do triturador<\/td><td>Pot\u00eancia do misturador<\/td><td>Capacidade (kg\/h)<\/td><td>Tamanho (mm)<\/td><td>Peso (kg)<\/td><\/tr><tr><td>FJ-500<\/td><td>7,5-11 kW<\/td><td>3 kW<\/td><td>500-700<\/td><td>2300*1050*2500<\/td><td>430<\/td><\/tr><tr><td>FJ-750<\/td><td>7,5-11 kW<\/td><td>3 kW<\/td><td>700-900<\/td><td>2350*1160*2600<\/td><td>460<\/td><\/tr><tr><td>FJ-1000<\/td><td>7,5-15 kW<\/td><td>3-4 kW<\/td><td>1000-1500<\/td><td>2400*1300*2900<\/td><td>540<\/td><\/tr><tr><td>FJ-1500<\/td><td>11-15 kW<\/td><td>4kw<\/td><td>1500-2000<\/td><td>2798*1200*3020<\/td><td>800<\/td><\/tr><tr><td>FJ-2000<\/td><td>11-15 kW<\/td><td>4kw<\/td><td>2000-2500<\/td><td>2800*1750*3100<\/td><td>1000<\/td><\/tr><\/tbody><\/table><figcaption>par\u00e2metro da m\u00e1quina misturadora de ra\u00e7\u00e3o para aves<\/figcaption><\/figure>    <h2 class=\"wp-block-heading\">Qual \u00e9 a pot\u00eancia da m\u00e1quina misturadora de ra\u00e7\u00e3o?<\/h2>    <p>A pot\u00eancia deste moedor e misturador de ra\u00e7\u00e3o pode ser um motor el\u00e9trico e um motor diesel. A m\u00e1quina \u00e9 composta por duas partes, ambas podem utilizar motor el\u00e9trico ou diesel. Os clientes podem escolher de acordo com suas necessidades.<\/p>    <figure class=\"wp-block-gallery has-nested-images columns-default is-cropped wp-block-gallery-2 is-layout-flex wp-block-gallery-is-layout-flex\"> <figure class=\"wp-block-image size-large\"><img loading=\"lazy\" decoding=\"async\" width=\"720\" height=\"540\" data-id=\"241\" src=\"https:\/\/fishfoodpelletmachine.com\/wp-content\/uploads\/2022\/08\/feed-grinder-and-mixer-1-1.jpg\" alt=\"\" class=\"wp-image-241\" title=\"\" srcset=\"https:\/\/fishfoodpelletmachine.com\/wp-content\/uploads\/2022\/08\/feed-grinder-and-mixer-1-1.jpg 720w, https:\/\/fishfoodpelletmachine.com\/wp-content\/uploads\/2022\/08\/feed-grinder-and-mixer-1-1-300x225.jpg 300w\" sizes=\"auto, (max-width: 720px) 100vw, 720px\" \/><\/figure>    <figure class=\"wp-block-image size-large\"><img loading=\"lazy\" decoding=\"async\" width=\"720\" height=\"540\" data-id=\"242\" src=\"https:\/\/fishfoodpelletmachine.com\/wp-content\/uploads\/2022\/08\/feed-mixer-machine-.jpg\" alt=\"Qual \u00e9 a pot\u00eancia da m\u00e1quina misturadora de ra\u00e7\u00e3o?\" class=\"wp-image-242\" title=\"Qual \u00e9 a pot\u00eancia da m\u00e1quina misturadora de ra\u00e7\u00e3o?\" srcset=\"https:\/\/fishfoodpelletmachine.com\/wp-content\/uploads\/2022\/08\/feed-mixer-machine-.jpg 720w, https:\/\/fishfoodpelletmachine.com\/wp-content\/uploads\/2022\/08\/feed-mixer-machine--300x225.jpg 300w\" sizes=\"auto, (max-width: 720px) 100vw, 720px\" \/><figcaption>Qual \u00e9 a pot\u00eancia da m\u00e1quina misturadora de ra\u00e7\u00e3o?<\/figcaption><\/figure> <\/figure>    <h2 class=\"wp-block-heading\">Usando o escopo da m\u00e1quina misturadora de ra\u00e7\u00e3o para aves<\/h2>    <p class=\"translation-block\"><strong>Material: <\/strong>A moedora de ra\u00e7\u00e3o e o misturador s\u00e3o equipamentos profissionais de processamento de ra\u00e7\u00e3o para que possa processar milho, feij\u00e3o, trigo, arroz, sorgo e outros gr\u00e3os.<br><strong>Uso: <\/strong>O material processado pode ser usado para criar porcos, vacas, cavalos, coelhos, galinhas, peixes e afins.<br><strong>Utilizadores: <\/strong>A m\u00e1quina \u00e9 econ\u00f4mica e adequada para alimentadores rurais, pequenos matadouros e pequenas e m\u00e9dias f\u00e1bricas de ra\u00e7\u00e3o composta.<\/p>    <h2 class=\"wp-block-heading\">Qual \u00e9 a estrutura da m\u00e1quina misturadora de ra\u00e7\u00e3o?<\/h2>    <p>O misturador de britagem cont\u00e9m a entrada de alimenta\u00e7\u00e3o, triturador, misturador, entrada, sa\u00edda e energia de gr\u00e3os diversos. A estrutura geral \u00e9 simples, f\u00e1cil de operar e cobre uma pequena \u00e1rea.<\/p>    <figure class=\"wp-block-image size-full\"><img loading=\"lazy\" decoding=\"async\" width=\"720\" height=\"540\" src=\"https:\/\/fishfoodpelletmachine.com\/wp-content\/uploads\/2022\/09\/structure-of-the-feed-mixer-machine-.webp\" alt=\"estrutura da m\u00e1quina misturadora de ra\u00e7\u00e3o\" class=\"wp-image-339\" title=\"estrutura da m\u00e1quina misturadora de ra\u00e7\u00e3o\" srcset=\"https:\/\/fishfoodpelletmachine.com\/wp-content\/uploads\/2022\/09\/structure-of-the-feed-mixer-machine-.webp 720w, https:\/\/fishfoodpelletmachine.com\/wp-content\/uploads\/2022\/09\/structure-of-the-feed-mixer-machine--300x225.webp 300w\" sizes=\"auto, (max-width: 720px) 100vw, 720px\" \/><figcaption>Estrutura da m\u00e1quina misturadora de ra\u00e7\u00e3o<\/figcaption><\/figure>    <h2 class=\"wp-block-heading\">Como funciona o moedor e o misturador de ra\u00e7\u00e3o?<\/h2>    <ol class=\"wp-block-list\" id=\"block-99763d7b-84c6-4ed3-94e1-4bf04f7dcea9\"><li><strong>Parte do britador: <\/strong>Quando o material \u00e9 sugado ou enviado para a c\u00e2mara de britagem quebrada, a l\u00e2mina do martelo atingir\u00e1 continuamente e colidir\u00e1 com o material. Portanto, o material ser\u00e1 rapidamente quebrado em p\u00f3 ou granulado. Ent\u00e3o, por for\u00e7a centr\u00edfuga ou fluxo de ar, o material \u00e9 descarregado na c\u00e2mara do impulsor sob o britador atrav\u00e9s da tela.<\/li><li><strong>Mecanismo de mistura:<\/strong> Quando a h\u00e9lice do material gira para levantar o material at\u00e9 o topo do cilindro de mistura. Neste momento, o material \u00e9 jogado uniformemente no cilindro de mistura, e o cilindro de mistura trabalha para misturar completamente o material.<\/li><\/ol>    <h2 class=\"wp-block-heading\">Quais m\u00e1quinas podem funcionar com a m\u00e1quina de moagem e mistura de ra\u00e7\u00e3o?<\/h2>    <p class=\"translation-block\">A m\u00e1quina \u00e9 o equipamento de ponta para processamento de ra\u00e7\u00e3o. Assim, a m\u00e1quina pode trabalhar com a m\u00e1quina de fabrica\u00e7\u00e3o de ra\u00e7\u00e3o. Por exemplo, <a href=\"https:\/\/fishfoodpelletmachine.com\/pt\/product\/fish-feed-mill-machine\/\">moinho de ra\u00e7\u00e3o para peixes<\/a> e m\u00e1quina de ra\u00e7\u00e3o para aves. <\/p>    <figure class=\"wp-block-image size-full\"><img loading=\"lazy\" decoding=\"async\" width=\"720\" height=\"540\" src=\"https:\/\/fishfoodpelletmachine.com\/wp-content\/uploads\/2022\/09\/Fish-feed-pelletizer-.webp\" alt=\"Peletizador de ra\u00e7\u00e3o para peixes\" class=\"wp-image-343\" title=\"Peletizador de ra\u00e7\u00e3o para peixes\" srcset=\"https:\/\/fishfoodpelletmachine.com\/wp-content\/uploads\/2022\/09\/Fish-feed-pelletizer-.webp 720w, https:\/\/fishfoodpelletmachine.com\/wp-content\/uploads\/2022\/09\/Fish-feed-pelletizer--300x225.webp 300w\" sizes=\"auto, (max-width: 720px) 100vw, 720px\" \/><figcaption>Peletizador de ra\u00e7\u00e3o para peixes<\/figcaption><\/figure>    <h2 class=\"wp-block-heading\">Vantagens do moedor e misturador de ra\u00e7\u00e3o<\/h2>    <ol class=\"wp-block-list\" id=\"block-9a4cdc48-df70-47f8-b262-f6bac4ccd71d\"><li>Alta efici\u00eancia do moedor e misturador de ra\u00e7\u00e3o. A tritura\u00e7\u00e3o e a mistura est\u00e3o interligadas e podemos usar o material processado diretamente para fazer pellets de ra\u00e7\u00e3o.<\/li><li>O triturador pode mudar a tela para produzir diferentes finuras do p\u00f3. O misturador mistura de maneira uniforme e completa e pode misturar totalmente diferentes materiais.<\/li><li>A parte de mistura tamb\u00e9m possui uma entrada, a partir da qual o usu\u00e1rio pode adicionar outros materiais.<\/li><li>A m\u00e1quina \u00e9 resistente ao desgaste, dur\u00e1vel e tem uma longa vida \u00fatil.<\/li><\/ol>    <figure class=\"wp-block-image size-full\"><img loading=\"lazy\" decoding=\"async\" width=\"720\" height=\"540\" src=\"https:\/\/fishfoodpelletmachine.com\/wp-content\/uploads\/2022\/09\/feed-grinding-and-mixing-machine-.webp\" alt=\"m\u00e1quina de moagem e mistura de ra\u00e7\u00e3o\" class=\"wp-image-344\" title=\"m\u00e1quina de moagem e mistura de ra\u00e7\u00e3o\" srcset=\"https:\/\/fishfoodpelletmachine.com\/wp-content\/uploads\/2022\/09\/feed-grinding-and-mixing-machine-.webp 720w, https:\/\/fishfoodpelletmachine.com\/wp-content\/uploads\/2022\/09\/feed-grinding-and-mixing-machine--300x225.webp 300w\" sizes=\"auto, (max-width: 720px) 100vw, 720px\" \/><figcaption>M\u00e1quina de moagem e mistura de ra\u00e7\u00e3o<\/figcaption><\/figure>    <h2 class=\"wp-block-heading\">Precau\u00e7\u00f5es de seguran\u00e7a<\/h2>    <ol class=\"wp-block-list\" id=\"block-bc7ac00b-0736-4b96-83f8-a3f21caa8b6b\"><li>A unidade deve possuir dispositivos de aterramento e prote\u00e7\u00e3o contra vazamentos para garantir a seguran\u00e7a pessoal do pessoal.<\/li><li>N\u00e3o force a alimenta\u00e7\u00e3o do material com a m\u00e3o, bast\u00e3o, barra de ferro, etc. quando a abertura de alimenta\u00e7\u00e3o estiver bloqueada. <\/li><li>Devemos instalar a m\u00e1quina em local longe de fogo, ventila\u00e7\u00e3o e luz.<\/li><li>O operador do triturador e misturador de ra\u00e7\u00e3o deve passar por rigoroso treinamento profissional e estar familiarizado com as diversas fun\u00e7\u00f5es e cuidados da m\u00e1quina de preparo. No processo de opera\u00e7\u00e3o e utiliza\u00e7\u00e3o, o operador deve cumprir rigorosamente os procedimentos de opera\u00e7\u00e3o e n\u00e3o deve violar as regras.<\/li><\/ol>    <figure class=\"wp-block-image size-full\"><img loading=\"lazy\" decoding=\"async\" width=\"720\" height=\"540\" src=\"https:\/\/fishfoodpelletmachine.com\/wp-content\/uploads\/2022\/09\/crushed-corn-.webp\" alt=\"milho triturado\" class=\"wp-image-346\" title=\"milho triturado\" srcset=\"https:\/\/fishfoodpelletmachine.com\/wp-content\/uploads\/2022\/09\/crushed-corn-.webp 720w, https:\/\/fishfoodpelletmachine.com\/wp-content\/uploads\/2022\/09\/crushed-corn--300x225.webp 300w\" sizes=\"auto, (max-width: 720px) 100vw, 720px\" \/><figcaption>Milho Triturado<\/figcaption><\/figure>","protected":false},"excerpt":{"rendered":"<p>O moedor e o misturador de ra\u00e7\u00e3o podem esmagar e misturar v\u00e1rios gr\u00e3os. A m\u00e1quina integra eleva\u00e7\u00e3o vertical, recipiente de mistura e alimenta\u00e7\u00e3o horizontal em um s\u00f3.<\/p>","protected":false},"author":1,"featured_media":337,"parent":0,"template":"","tags":[26,23,27],"product-type":[4],"class_list":["post-213","product","type-product","status-publish","has-post-thumbnail","hentry","tag-feed-grinder-and-mixer","tag-fish-feed-mill-machine","tag-poultry-feed-mixer-machine","product-type-feed-grinding-machine"],"_links":{"self":[{"href":"https:\/\/fishfoodpelletmachine.com\/pt\/wp-json\/wp\/v2\/product\/213","targetHints":{"allow":["GET"]}}],"collection":[{"href":"https:\/\/fishfoodpelletmachine.com\/pt\/wp-json\/wp\/v2\/product"}],"about":[{"href":"https:\/\/fishfoodpelletmachine.com\/pt\/wp-json\/wp\/v2\/types\/product"}],"author":[{"embeddable":true,"href":"https:\/\/fishfoodpelletmachine.com\/pt\/wp-json\/wp\/v2\/users\/1"}],"wp:featuredmedia":[{"embeddable":true,"href":"https:\/\/fishfoodpelletmachine.com\/pt\/wp-json\/wp\/v2\/media\/337"}],"wp:attachment":[{"href":"https:\/\/fishfoodpelletmachine.com\/pt\/wp-json\/wp\/v2\/media?parent=213"}],"wp:term":[{"taxonomy":"post_tag","embeddable":true,"href":"https:\/\/fishfoodpelletmachine.com\/pt\/wp-json\/wp\/v2\/tags?post=213"},{"taxonomy":"product-type","embeddable":true,"href":"https:\/\/fishfoodpelletmachine.com\/pt\/wp-json\/wp\/v2\/product-type?post=213"}],"curies":[{"name":"wp","href":"https:\/\/api.w.org\/{rel}","templated":true}]}}