{"id":237,"date":"2022-08-10T08:39:14","date_gmt":"2022-08-10T08:39:14","guid":{"rendered":"https:\/\/fishfoodpelletmachine.com\/?post_type=product&#038;p=237"},"modified":"2022-09-26T18:37:02","modified_gmt":"2022-09-26T10:37:02","slug":"pet-food-extruder","status":"publish","type":"product","link":"https:\/\/fishfoodpelletmachine.com\/pt\/product\/pet-food-extruder\/","title":{"rendered":"Extrusora de alimentos para animais de estima\u00e7\u00e3o\u4e28m\u00e1quina extrusora de dois parafusos"},"content":{"rendered":"<p class=\"translation-block\">O extrusor de ra\u00e7\u00e3o para animais de estima\u00e7\u00e3o \u00e9 uma m\u00e1quina que pode processar v\u00e1rios gr\u00e3os em v\u00e1rias formas. Um extrusor de ra\u00e7\u00e3o para animais de estima\u00e7\u00e3o tamb\u00e9m \u00e9 chamado de m\u00e1quina de puffing de dupla rosca. A m\u00e1quina pode produzir v\u00e1rios snacks puffados, farinha de arroz, cereais, etc., al\u00e9m de ra\u00e7\u00e3o para animais de estima\u00e7\u00e3o. Existe tamb\u00e9m uma m\u00e1quina de puffing de rosca simples, que \u00e9 utilizada principalmente para puffing de alimentos, ra\u00e7\u00e3o para gado e aves, ou para puffing de uma \u00fanica mat\u00e9ria-prima. E as m\u00e1quinas de puffing de extrus\u00e3o de duas roscas s\u00e3o utilizadas principalmente para materiais aqu\u00e1ticos de alta qualidade, produ\u00e7\u00e3o e processamento de ra\u00e7\u00e3o para animais de estima\u00e7\u00e3o, especialmente para o processamento de materiais viscosos. E os clientes podem escolher a <a href=\"https:\/\/fishfoodpelletmachine.com\/pt\/product\/pet-food-production-line-2\/\">linha de produ\u00e7\u00e3o de ra\u00e7\u00e3o para animais de estima\u00e7\u00e3o<\/a> para economizar muito tempo e energia. <\/p>    <h2 class=\"wp-block-heading\" id=\"h-what-is-a-pet-food-extruder\">O que \u00e9 uma extrusora de ra\u00e7\u00e3o para animais de estima\u00e7\u00e3o?<\/h2>    <p>Temos diversos modelos de extrusoras de alimentos para animais de estima\u00e7\u00e3o. E quatro deles s\u00e3o produtos quentes. Eles diferem principalmente na produ\u00e7\u00e3o. A m\u00e1quina \u00e9 altamente automatizada, bastando apenas uma pessoa desde a alimenta\u00e7\u00e3o at\u00e9 o produto acabado. Al\u00e9m disso, possui uma estrutura compacta e ocupa pouco espa\u00e7o. E \u00e9 uma opera\u00e7\u00e3o f\u00e1cil de aprender e o controle preciso dos par\u00e2metros garante que o produto seja finalizado em uma temperatura, press\u00e3o, umidade e tempo espec\u00edficos.<\/p>    <figure class=\"wp-block-image size-full\"><img loading=\"lazy\" decoding=\"async\" width=\"720\" height=\"540\" src=\"https:\/\/fishfoodpelletmachine.com\/wp-content\/uploads\/2022\/09\/Pet-food-extruder-2.webp\" alt=\"Extrusora de ra\u00e7\u00e3o para animais de estima\u00e7\u00e3o\" class=\"wp-image-407\" title=\"Extrusora de ra\u00e7\u00e3o para animais de estima\u00e7\u00e3o\" srcset=\"https:\/\/fishfoodpelletmachine.com\/wp-content\/uploads\/2022\/09\/Pet-food-extruder-2.webp 720w, https:\/\/fishfoodpelletmachine.com\/wp-content\/uploads\/2022\/09\/Pet-food-extruder-2-300x225.webp 300w\" sizes=\"auto, (max-width: 720px) 100vw, 720px\" \/><figcaption>Extrusora de alimentos para animais de estima\u00e7\u00e3o<\/figcaption><\/figure>    <h2 class=\"wp-block-heading\">Faixa de aplica\u00e7\u00e3o da m\u00e1quina extrusora de dois parafusos<\/h2>    <p class=\"translation-block\"><strong>Mat\u00e9ria-prima:<\/strong> Soja, sorgo, milheto, trigo, milho e outros gr\u00e3os.<br><strong>Uso:<\/strong> As ra\u00e7\u00f5es acabadas s\u00e3o adequadas para diferentes animais de estima\u00e7\u00e3o, como c\u00e3es, gatos, peixes, aves, coelhos, camar\u00f5es, c\u00e3es, gatos, visons, raposas, etc. \u00c9 adequada para criadores e f\u00e1bricas de ra\u00e7\u00e3o de pequeno e m\u00e9dio porte.<\/p>    <p>No caso da mesma f\u00f3rmula de ra\u00e7\u00e3o, de forma que o custo da ra\u00e7\u00e3o tufada caseira seja inferior ao pre\u00e7o de mercado de 60%-80%. <\/p>    <h2 class=\"wp-block-heading\">Estrutura da extrusora de dupla rosca<\/h2>    <p>A m\u00e1quina inclui principalmente um sistema de alimenta\u00e7\u00e3o, sistema de extrus\u00e3o, sistema de corte rotativo, sistema de aquecimento, sistema de transmiss\u00e3o e sistema de controle. E a m\u00e1quina possui uma tecnologia avan\u00e7ada de extrus\u00e3o por parafuso para puffing. Al\u00e9m disso, tem alta temperatura e press\u00e3o para cozinhar o material em forma. Al\u00e9m disso, a m\u00e1quina principal adota regula\u00e7\u00e3o de velocidade por convers\u00e3o de frequ\u00eancia para garantir a estabilidade do processo de produ\u00e7\u00e3o.<\/p>    <figure class=\"wp-block-image size-full\"><img loading=\"lazy\" decoding=\"async\" width=\"720\" height=\"540\" src=\"https:\/\/fishfoodpelletmachine.com\/wp-content\/uploads\/2022\/09\/double-screw-extruder-.webp\" alt=\"extrusora de parafuso duplo\" class=\"wp-image-408\" title=\"extrusora de parafuso duplo\" srcset=\"https:\/\/fishfoodpelletmachine.com\/wp-content\/uploads\/2022\/09\/double-screw-extruder-.webp 720w, https:\/\/fishfoodpelletmachine.com\/wp-content\/uploads\/2022\/09\/double-screw-extruder--300x225.webp 300w\" sizes=\"auto, (max-width: 720px) 100vw, 720px\" \/><figcaption>Extrusora de parafuso duplo<\/figcaption><\/figure>    <h2 class=\"wp-block-heading\">Par\u00e2metros t\u00e9cnicos da extrusora de alimentos de dupla rosca<\/h2>    <figure class=\"wp-block-table\"><table><tbody><tr><td><strong>Modelo<\/strong><strong><\/strong><\/td><td><strong>DL<\/strong><strong>65<\/strong><strong>-III<\/strong><strong><\/strong><\/td><td><strong>DL65-II<\/strong><strong><\/strong><\/td><td><strong>DL70-II<\/strong><strong><\/strong><\/td><td><strong>DL8<\/strong><strong>0<\/strong><strong>-II<\/strong><strong><\/strong><\/td><\/tr><tr><td><strong>Tens\u00e3o de entrada<\/strong><strong><\/strong><\/td><td><strong>380 V\/50 Hz<\/strong><strong><\/strong><\/td><td><strong>380 V\/50 Hz<\/strong><strong><\/strong><\/td><td><strong>380 V\/50 Hz<\/strong><strong><\/strong><\/td><td><strong>380 V\/50 Hz<\/strong><strong><\/strong><\/td><\/tr><tr><td><strong>Capacidade Instalada<\/strong><strong><\/strong><\/td><td><strong>35<\/strong><strong>KW<\/strong><strong><\/strong><\/td><td><strong>46KW<\/strong><strong><\/strong><\/td><td><strong>46<\/strong><strong>KW<\/strong><strong><\/strong><\/td><td><strong>90<\/strong><strong>KW<\/strong><strong><\/strong><\/td><\/tr><tr><td><strong>Consumo de energia<\/strong><strong><\/strong><\/td><td><strong>22 kW<\/strong><strong><\/strong><\/td><td><strong>30KW<\/strong><strong><\/strong><\/td><td><strong>30 kW<\/strong><strong><\/strong><\/td><td><strong>55 kW<\/strong><strong><\/strong><\/td><\/tr><tr><td><strong>Sa\u00edda<\/strong><strong><\/strong><\/td><td><strong>1<\/strong><strong>0<\/strong><strong>0-<\/strong><strong>15<\/strong><strong>0Kg\/h<\/strong><strong><\/strong><\/td><td><strong>150-200Kg\/h<\/strong><strong><\/strong><\/td><td><strong>20<\/strong><strong>0<\/strong><strong>\u2013<\/strong><strong>2<\/strong><strong>6<\/strong><strong>0<\/strong><strong>Kg\/h<\/strong><strong><\/strong><\/td><td><strong>300<\/strong><strong>\u2013<\/strong><strong>50<\/strong><strong>0Kg\/h<\/strong><strong><\/strong><\/td><\/tr><tr><td><strong>Tamanho<\/strong><\/td><td><strong>2,5\u00d70,8\u00d71,8m<\/strong><strong><\/strong><\/td><td><strong>3,2\u00d71,0\u00d71,7m<\/strong><strong><\/strong><\/td><td><strong>3,6\u00d71,0\u00d72m<\/strong><strong><\/strong><\/td><td><strong>4,5\u00d71,2\u00d72,3m<\/strong><strong><\/strong><\/td><\/tr><tr><td><strong>Espessura do a\u00e7o inoxid\u00e1vel<\/strong><strong><\/strong><\/td><td><strong>1,2 mm<\/strong><strong><\/strong><\/td><td><strong>1,2 mm<\/strong><strong><\/strong><\/td><td><strong>1,2 mm<\/strong><strong><\/strong><\/td><td><strong>1,2 mm<\/strong><strong><\/strong><\/td><\/tr><tr><td><strong>Material dos parafusos<\/strong><strong><\/strong><\/td><td><strong>38CrMoAL\/38<\/strong><strong><\/strong><\/td><td><strong>38CrMoAL\/38<\/strong><strong><\/strong><\/td><td><strong>38CrMoAL\/38<\/strong><strong><\/strong><\/td><td><strong>38CrMoAL\/38<\/strong><strong><\/strong><\/td><\/tr><tr><td><strong>Comprimento do parafuso<\/strong><strong><\/strong><\/td><td><strong>1050 mm<\/strong><strong><\/strong><\/td><td><strong>1520 mm<\/strong><strong><\/strong><\/td><td><strong>1520 mm<\/strong><strong><\/strong><\/td><td><strong>1563 mm<\/strong><strong><\/strong><\/td><\/tr><tr><td><strong>Di\u00e2metro do parafuso<\/strong><strong><\/strong><\/td><td><strong>65 mm<\/strong><strong><\/strong><\/td><td><strong>65 mm<\/strong><strong><\/strong><\/td><td><strong>70mm<\/strong><strong><\/strong><\/td><td><strong>80mm<\/strong><strong><\/strong><\/td><\/tr><tr><td><strong>Pot\u00eancia do motor<\/strong><strong><\/strong><\/td><td><strong>22 kW<\/strong><strong><\/strong><\/td><td><strong>30 kW<\/strong><strong><\/strong><\/td><td><strong>30 kW<\/strong><strong><\/strong><\/td><td><strong>55 kW<\/strong><strong><\/strong><\/td><\/tr><tr><td><strong>Pot\u00eancia de aquecimento<\/strong><strong><\/strong><\/td><td><strong>2kw*5 10kw<\/strong><strong><\/strong><\/td><td><strong>2kw*5\u00a010kw<\/strong><strong><\/strong><\/td><td><strong>2kw*6\u00a012kw<\/strong><strong><\/strong><\/td><td><strong>3kw*6 18kw<\/strong><strong><\/strong><\/td><\/tr><tr><td><strong>Poder Alimentar<\/strong><strong><\/strong><\/td><td><strong>0,75 kW<\/strong><strong><\/strong><\/td><td><strong>0.75&nbsp;<\/strong><strong>kw<\/strong><strong><\/strong><\/td><td><strong>0,75 kW<\/strong><strong><\/strong><\/td><td><strong>&nbsp;1,5 kW<\/strong><strong><\/strong><\/td><\/tr><tr><td><strong>Corte de energia<\/strong><\/td><td><strong>0,75 kW<\/strong><strong><\/strong><\/td><td><strong>0.75&nbsp;<\/strong><strong>kw<\/strong><strong><\/strong><\/td><td><strong>0,75 kW<\/strong><strong><\/strong><\/td><td><strong>&nbsp;1,5 kW<\/strong><strong><\/strong><\/td><\/tr><tr><td><strong>Pot\u00eancia da bomba de \u00f3leo<\/strong><\/td><td><strong>0,37 kW<\/strong><strong><\/strong><\/td><td><strong>0,37 kW<\/strong><strong><\/strong><\/td><td><strong>0,37 kW<\/strong><strong><\/strong><\/td><td><strong>0,37 kW<\/strong><strong><\/strong><\/td><\/tr><\/tbody><\/table><figcaption> par\u00e2metro do extrusor de alimentos de parafuso duplo<\/figcaption><\/figure>    <h2 class=\"wp-block-heading\">Como funciona a extrusora de alimenta\u00e7\u00e3o de parafuso?<\/h2>    <p>A extrusora de alimenta\u00e7\u00e3o de parafuso possui dois pares de parafusos que se engrenam e giram na mesma dire\u00e7\u00e3o. Assim, juntos eles desempenham o papel de transporte, extrus\u00e3o por fric\u00e7\u00e3o e aquecimento. Assim, a rosca extrusa, corta e mistura a mat\u00e9ria-prima no barril. E ent\u00e3o a alta temperatura e press\u00e3o cozinhar\u00e3o o material e a matriz de sa\u00edda ir\u00e1 expandi-lo em v\u00e1rios formatos.<\/p>    <figure class=\"wp-block-image size-full\"><img loading=\"lazy\" decoding=\"async\" width=\"720\" height=\"540\" src=\"https:\/\/fishfoodpelletmachine.com\/wp-content\/uploads\/2022\/09\/screw-feed-extruder-.webp\" alt=\"extrusor de alimenta\u00e7\u00e3o de parafuso\" class=\"wp-image-410\" title=\"extrusor de alimenta\u00e7\u00e3o de parafuso\" srcset=\"https:\/\/fishfoodpelletmachine.com\/wp-content\/uploads\/2022\/09\/screw-feed-extruder-.webp 720w, https:\/\/fishfoodpelletmachine.com\/wp-content\/uploads\/2022\/09\/screw-feed-extruder--300x225.webp 300w\" sizes=\"auto, (max-width: 720px) 100vw, 720px\" \/><figcaption>Extrusora de alimenta\u00e7\u00e3o de parafuso<\/figcaption><\/figure>    <h2 class=\"wp-block-heading\">Quais s\u00e3o as caracter\u00edsticas do equipamento de extrus\u00e3o de alimentos para animais de estima\u00e7\u00e3o?<\/h2>    <ol class=\"wp-block-list\"><li>Adotando a tecnologia de controle de velocidade do conversor de frequ\u00eancia, o que faz com que o equipamento funcione com mais suavidade e economize eletricidade.<\/li><li>Al\u00e9m disso, o parafuso e o cilindro s\u00e3o tratados termicamente com liga de a\u00e7o, com alta dureza e longa vida \u00fatil. E podemos combinar a estrutura de combina\u00e7\u00e3o de blocos de constru\u00e7\u00e3o \u00e0 vontade.<\/li><li>Al\u00e9m disso, o sistema de lubrifica\u00e7\u00e3o for\u00e7ada garante que a parte de transmiss\u00e3o do equipamento tenha uma vida \u00fatil mais longa.<\/li><li>Ent\u00e3o, o sistema de controle autom\u00e1tico de temperatura torna o controle de temperatura mais intuitivo e os par\u00e2metros mais precisos.<\/li><li>Al\u00e9m disso, com a fun\u00e7\u00e3o de autolimpeza do parafuso, n\u00e3o h\u00e1 necessidade de desmontar o parafuso para limp\u00e1-lo ap\u00f3s parar.<\/li><\/ol>    <figure class=\"wp-block-image size-full\"><img loading=\"lazy\" decoding=\"async\" width=\"720\" height=\"540\" src=\"https:\/\/fishfoodpelletmachine.com\/wp-content\/uploads\/2022\/09\/pet-food-extrusion-equipment-.webp\" alt=\"equipamento de extrus\u00e3o de ra\u00e7\u00e3o para animais de estima\u00e7\u00e3o\" class=\"wp-image-411\" title=\"equipamento de extrus\u00e3o de ra\u00e7\u00e3o para animais de estima\u00e7\u00e3o\" srcset=\"https:\/\/fishfoodpelletmachine.com\/wp-content\/uploads\/2022\/09\/pet-food-extrusion-equipment-.webp 720w, https:\/\/fishfoodpelletmachine.com\/wp-content\/uploads\/2022\/09\/pet-food-extrusion-equipment--300x225.webp 300w\" sizes=\"auto, (max-width: 720px) 100vw, 720px\" \/><figcaption>Equipamento de extrus\u00e3o de alimentos para animais de estima\u00e7\u00e3o<\/figcaption><\/figure>    <h2 class=\"wp-block-heading\">Caso de sucesso <\/h2>    <p class=\"translation-block\">Um cliente de Lesoto queria montar uma f\u00e1brica de ra\u00e7\u00e3o para animais de estima\u00e7\u00e3o. Ent\u00e3o, ele nos enviou uma consulta sobre a m\u00e1quina ao visitar nosso site. E atrav\u00e9s da comunica\u00e7\u00e3o, entendemos que o cliente queria comprar uma <a href=\"https:\/\/pelletmillmachine.com\/pet-food-production-line\/\" target=\"_blank\" rel=\"noopener\">linha de produ\u00e7\u00e3o de ra\u00e7\u00e3o para animais de estima\u00e7\u00e3o<\/a>. Assim, com base nos requisitos de produ\u00e7\u00e3o do cliente, enviamos ao cliente o PI para os modelos DL65-III e DL65-II. E ap\u00f3s navegar, o cliente expressou sua satisfa\u00e7\u00e3o com os par\u00e2metros da m\u00e1quina. Mais tarde, ele disse que o pre\u00e7o da m\u00e1quina era alto e que precisava de tempo para levantar o dinheiro. E ap\u00f3s dois meses, o cliente entrou em contato conosco. Ele disse que poderia comprar a m\u00e1quina. <\/p>    <figure class=\"wp-block-image size-full\"><img loading=\"lazy\" decoding=\"async\" width=\"720\" height=\"540\" src=\"https:\/\/fishfoodpelletmachine.com\/wp-content\/uploads\/2022\/09\/twin-screw-pet-food-extruder-.webp\" alt=\"extrusor de ra\u00e7\u00e3o para animais de estima\u00e7\u00e3o de parafuso duplo\" class=\"wp-image-412\" title=\"extrusor de ra\u00e7\u00e3o para animais de estima\u00e7\u00e3o de parafuso duplo\" srcset=\"https:\/\/fishfoodpelletmachine.com\/wp-content\/uploads\/2022\/09\/twin-screw-pet-food-extruder-.webp 720w, https:\/\/fishfoodpelletmachine.com\/wp-content\/uploads\/2022\/09\/twin-screw-pet-food-extruder--300x225.webp 300w\" sizes=\"auto, (max-width: 720px) 100vw, 720px\" \/><figcaption>Extrusora de parafuso duplo para alimentos para animais de estima\u00e7\u00e3o<\/figcaption><\/figure>","protected":false},"excerpt":{"rendered":"<p>A extrusora de alimentos para animais de estima\u00e7\u00e3o pode processar v\u00e1rios gr\u00e3os em v\u00e1rios formatos. Uma extrusora de ra\u00e7\u00e3o para animais de estima\u00e7\u00e3o tamb\u00e9m \u00e9 chamada de m\u00e1quina sopradora de extrus\u00e3o de parafuso duplo.<\/p>","protected":false},"author":1,"featured_media":405,"parent":0,"template":"","tags":[26,31,32],"product-type":[5],"class_list":["post-237","product","type-product","status-publish","has-post-thumbnail","hentry","tag-feed-grinder-and-mixer","tag-pet-food-extruder","tag-two-screw-extruder-machine","product-type-fish-feed-pellet-machine"],"_links":{"self":[{"href":"https:\/\/fishfoodpelletmachine.com\/pt\/wp-json\/wp\/v2\/product\/237","targetHints":{"allow":["GET"]}}],"collection":[{"href":"https:\/\/fishfoodpelletmachine.com\/pt\/wp-json\/wp\/v2\/product"}],"about":[{"href":"https:\/\/fishfoodpelletmachine.com\/pt\/wp-json\/wp\/v2\/types\/product"}],"author":[{"embeddable":true,"href":"https:\/\/fishfoodpelletmachine.com\/pt\/wp-json\/wp\/v2\/users\/1"}],"wp:featuredmedia":[{"embeddable":true,"href":"https:\/\/fishfoodpelletmachine.com\/pt\/wp-json\/wp\/v2\/media\/405"}],"wp:attachment":[{"href":"https:\/\/fishfoodpelletmachine.com\/pt\/wp-json\/wp\/v2\/media?parent=237"}],"wp:term":[{"taxonomy":"post_tag","embeddable":true,"href":"https:\/\/fishfoodpelletmachine.com\/pt\/wp-json\/wp\/v2\/tags?post=237"},{"taxonomy":"product-type","embeddable":true,"href":"https:\/\/fishfoodpelletmachine.com\/pt\/wp-json\/wp\/v2\/product-type?post=237"}],"curies":[{"name":"wp","href":"https:\/\/api.w.org\/{rel}","templated":true}]}}