{"id":24,"date":"2022-07-29T09:54:40","date_gmt":"2022-07-29T09:54:40","guid":{"rendered":"https:\/\/fishfoodpelletmachine.com\/?post_type=product&#038;p=24"},"modified":"2024-06-06T10:09:21","modified_gmt":"2024-06-06T02:09:21","slug":"fish-pellet-making-machine","status":"publish","type":"product","link":"https:\/\/fishfoodpelletmachine.com\/pt\/product\/fish-pellet-making-machine\/","title":{"rendered":"M\u00e1quina de fazer pellets de peixe | M\u00e1quina flutuante de fabrica\u00e7\u00e3o de ra\u00e7\u00e3o para peixes"},"content":{"rendered":"<p>A m\u00e1quina para fabricar pellets de peixe pode processar o material diretamente em pellets de ra\u00e7\u00e3o. Os produtos acabados ap\u00f3s o processamento podem flutuar ou afundar e podem ter v\u00e1rios formatos. E esses pellets s\u00e3o cozidos, o que \u00e9 bom para os peixes digerirem e absorverem.<\/p>    <p class=\"translation-block\">Agora h\u00e1 muitos piscicultores que possuem v\u00e1rias lagoas de peixe. Ent\u00e3o, eles podem optar por usar a <a href=\"https:\/\/pelletmillmachine.com\/fish-feed-pellet-making-machine\/\" target=\"_blank\" rel=\"noopener\">m\u00e1quina de pellets para ra\u00e7\u00e3o de peixe<\/a> para fazer a ra\u00e7\u00e3o de peixe por conta pr\u00f3pria. Fazer isso por conta pr\u00f3pria \u00e9 bom para a nutri\u00e7\u00e3o e higiene da ra\u00e7\u00e3o de peixe, e economiza a despesa de comprar ra\u00e7\u00e3o de peixe.<\/p>    <figure class=\"wp-block-image size-full\"><img loading=\"lazy\" decoding=\"async\" width=\"720\" height=\"540\" src=\"https:\/\/fishfoodpelletmachine.com\/wp-content\/uploads\/2024\/03\/Fish-feed-pellet-mill-in-stock.webp\" alt=\"m\u00e1quina da pelota do moinho da alimenta\u00e7\u00e3o\" class=\"wp-image-781\" title=\"\" srcset=\"https:\/\/fishfoodpelletmachine.com\/wp-content\/uploads\/2024\/03\/Fish-feed-pellet-mill-in-stock.webp 720w, https:\/\/fishfoodpelletmachine.com\/wp-content\/uploads\/2024\/03\/Fish-feed-pellet-mill-in-stock-300x225.webp 300w\" sizes=\"auto, (max-width: 720px) 100vw, 720px\" \/><figcaption class=\"wp-element-caption\">M\u00e1quina de pellets para moinho de ra\u00e7\u00e3o<\/figcaption><\/figure>    <h2 class=\"wp-block-heading\" id=\"h-what-is-a-fish-pellet-making-machine\">O que \u00e9 uma m\u00e1quina de fazer pellets de peixe?<\/h2>    <p>Uma m\u00e1quina de fazer pellets de peixe \u00e9 um dispositivo que pode processar v\u00e1rios gr\u00e3os em p\u00f3 em pellets de ra\u00e7\u00e3o para peixes maduros. Essas mat\u00e9rias-primas podem ser farelo de soja, milho, farelo de amendoim, farelo de algod\u00e3o, farelo de arroz, farelo e assim por diante. E dever\u00edamos colocar uma propor\u00e7\u00e3o de \u00e1gua nesses materiais energ\u00e9ticos. <\/p>    <p class=\"translation-block\">A ra\u00e7\u00e3o pode ser misturada com um misturador ou processada diretamente com um <a href=\"https:\/\/fishfoodpelletmachine.com\/pt\/product\/feed-grinder-and-mixer\/\">triturador de ra\u00e7\u00e3o vertical<\/a>. Ent\u00e3o, podemos colocar a ra\u00e7\u00e3o processada diretamente na m\u00e1quina de fazer ra\u00e7\u00e3o para peixes.<\/p>    <p>A pot\u00eancia da m\u00e1quina de fazer pellets de peixe pode ser um motor el\u00e9trico e um motor diesel, que podem atender \u00e0 demanda de energia de diferentes clientes. A m\u00e1quina flutuante de ra\u00e7\u00e3o para peixes possui estrutura simples, f\u00e1cil opera\u00e7\u00e3o e alta efici\u00eancia de trabalho, sendo o equipamento preferido dos piscicultores.<\/p>    <figure class=\"wp-block-image size-full is-resized\"><img loading=\"lazy\" decoding=\"async\" width=\"720\" height=\"540\" src=\"https:\/\/fishfoodpelletmachine.com\/wp-content\/uploads\/2022\/09\/fish-food-making-machine-1-.webp\" alt=\"m\u00e1quina de fazer ra\u00e7\u00e3o para peixes\" class=\"wp-image-380\" title=\"m\u00e1quina de fazer ra\u00e7\u00e3o para peixes\" srcset=\"https:\/\/fishfoodpelletmachine.com\/wp-content\/uploads\/2022\/09\/fish-food-making-machine-1-.webp 720w, https:\/\/fishfoodpelletmachine.com\/wp-content\/uploads\/2022\/09\/fish-food-making-machine-1--300x225.webp 300w\" sizes=\"auto, (max-width: 720px) 100vw, 720px\" \/><figcaption class=\"wp-element-caption\">M\u00e1quina de fazer comida de peixe<\/figcaption><\/figure>    <h2 class=\"wp-block-heading\" id=\"h-features-of-the-floating-fish-feed-making-machine\">Caracter\u00edsticas da m\u00e1quina flutuante de fabrica\u00e7\u00e3o de ra\u00e7\u00e3o para peixes<\/h2>    <ol class=\"wp-block-list\"> <li>A m\u00e1quina de ra\u00e7\u00e3o para peixes possui alta efici\u00eancia de trabalho, desde a coloca\u00e7\u00e3o do material at\u00e9 o produto acabado leva apenas alguns segundos.<\/li>    <li>Nossa m\u00e1quina flutuante para fabrica\u00e7\u00e3o de ra\u00e7\u00e3o para peixes pode produzir diferentes formatos de pellets atrav\u00e9s de diferentes moldes. Os clientes podem escolher os moldes de acordo com suas necessidades.<\/li>    <li>Os modelos de m\u00e1quinas para fabricar pellets de peixe s\u00e3o completos de 400KG por hora a 2 toneladas por hora, temos diversos modelos para atender \u00e0s necessidades dos clientes.<\/li>    <li>O dispositivo de aquecimento el\u00e9trico \u00e9 usado para melhorar a taxa de expans\u00e3o e o tempo de flutua\u00e7\u00e3o da alimenta\u00e7\u00e3o.<\/li> <\/ol>    <figure class=\"wp-block-image size-full\"><img loading=\"lazy\" decoding=\"async\" width=\"720\" height=\"540\" src=\"https:\/\/fishfoodpelletmachine.com\/wp-content\/uploads\/2022\/09\/fish-feed-extruder-2.webp\" alt=\"o estoque de extrusora de pellets de ra\u00e7\u00e3o para peixes\" class=\"wp-image-381\" title=\"o estoque de extrusora de pellets de ra\u00e7\u00e3o para peixes\" srcset=\"https:\/\/fishfoodpelletmachine.com\/wp-content\/uploads\/2022\/09\/fish-feed-extruder-2.webp 720w, https:\/\/fishfoodpelletmachine.com\/wp-content\/uploads\/2022\/09\/fish-feed-extruder-2-300x225.webp 300w\" sizes=\"auto, (max-width: 720px) 100vw, 720px\" \/><figcaption class=\"wp-element-caption\">O estoque de extrusora de pellets de ra\u00e7\u00e3o para peixes<\/figcaption><\/figure>    <h2 class=\"wp-block-heading\" id=\"h-raw-materials-scope-of-the-fish-food-making-machine\">Escopo de mat\u00e9rias-primas da m\u00e1quina de fazer alimentos para peixes<\/h2>    <p>De modo geral, a mat\u00e9ria-prima das m\u00e1quinas para fabricar pellets de peixe cont\u00e9m farinha de milho, farinha de trigo, farinha de arroz, farinha de soja, farinha de vegetais, farinha de soja, farinha de algod\u00e3o, farinha de amendoim, farelo, farinha de grama e assim por diante.<\/p>    <p>Al\u00e9m disso, podemos adicionar farinha de peixe, farinha de camar\u00e3o, farinha de caranguejo e outras prote\u00ednas animais \u00e0 alimenta\u00e7\u00e3o dos peixes. Esses dois nutrientes juntos podem aumentar a nutri\u00e7\u00e3o dos pellets de ra\u00e7\u00e3o para peixes.<\/p>    <figure class=\"wp-block-image size-full\"><img loading=\"lazy\" decoding=\"async\" width=\"720\" height=\"540\" src=\"https:\/\/fishfoodpelletmachine.com\/wp-content\/uploads\/2022\/08\/fish-feed-making-machine-for-sale.webp\" alt=\"M\u00e1quina de fazer ra\u00e7\u00e3o para peixes \u00e0 venda\" class=\"wp-image-757\" title=\"\" srcset=\"https:\/\/fishfoodpelletmachine.com\/wp-content\/uploads\/2022\/08\/fish-feed-making-machine-for-sale.webp 720w, https:\/\/fishfoodpelletmachine.com\/wp-content\/uploads\/2022\/08\/fish-feed-making-machine-for-sale-300x225.webp 300w\" sizes=\"auto, (max-width: 720px) 100vw, 720px\" \/><figcaption class=\"wp-element-caption\">M\u00e1quina de fazer ra\u00e7\u00e3o para peixes para venda<\/figcaption><\/figure>    <h2 class=\"wp-block-heading\" id=\"h-how-does-the-small-fish-feed-pellet-machine-work\">Como funciona a m\u00e1quina de pellets de ra\u00e7\u00e3o para peixes pequenos?<\/h2>    <p>Colocamos a mat\u00e9ria-prima na m\u00e1quina de fazer pellets de peixe. Em seguida, o parafuso de extrus\u00e3o empurra a mat\u00e9ria-prima da caixa de alimenta\u00e7\u00e3o para a c\u00e2mara de compress\u00e3o e obt\u00e9m extrus\u00e3o e aquecimento preliminares. <\/p>    <p>Depois disso, o material ser\u00e1 extrudado e aquecido continuamente em diferentes graus. Finalmente, o material extrudado sair\u00e1 pela matriz.<\/p>    <h2 class=\"wp-block-heading\" id=\"h-working-video-of-extruder-machine-for-fish-feed\">V\u00eddeo de trabalho da m\u00e1quina extrusora para ra\u00e7\u00e3o de peixes<\/h2>    <figure class=\"wp-block-embed is-type-video is-provider-youtube wp-block-embed-youtube wp-embed-aspect-16-9 wp-has-aspect-ratio\"><div class=\"wp-block-embed__wrapper\"> <iframe loading=\"lazy\" title=\"Como fazer ra\u00e7\u00e3o para peixes fazendo pellets de ra\u00e7\u00e3o flutuante com m\u00e1quina! Fabricante flutuante de pellets de ra\u00e7\u00e3o para peixes!\" width=\"500\" height=\"281\" src=\"https:\/\/www.youtube.com\/embed\/ZQwA47TvjyQ?feature=oembed\" frameborder=\"0\" allow=\"accelerometer; autoplay; clipboard-write; encrypted-media; gyroscope; picture-in-picture; web-share\" referrerpolicy=\"strict-origin-when-cross-origin\" allowfullscreen><\/iframe> <\/div><figcaption class=\"wp-element-caption\">v\u00eddeo de funcionamento da m\u00e1quina de fazer pellets de peixe<\/figcaption><\/figure>    <h2 class=\"wp-block-heading\" id=\"h-detailed-technical-of-floating-fish-food-machine\">T\u00e9cnica detalhada da m\u00e1quina flutuante de comida de peixe<\/h2>    <figure class=\"wp-block-table\"><table><tbody><tr><td>Modelo<\/td><td>DGP40<\/td><\/tr><tr><td>Capacidade (t\/h)<\/td><td>0.04-0.05<\/td><\/tr><tr><td>Pot\u00eancia principal (kW)<\/td><td>5.5-7.5<\/td><\/tr><tr><td>Pot\u00eancia de alimenta\u00e7\u00e3o (kW)<\/td><td>0.4<\/td><\/tr><tr><td>Di\u00e2metro espiral (mm)<\/td><td>\u03a640<\/td><\/tr><tr><td>Pot\u00eancia de corte (kW)<\/td><td>0.4<\/td><\/tr><\/tbody><\/table><figcaption class=\"wp-element-caption\">m\u00e1quina flutuante de comida de peixe<\/figcaption><\/figure>    <h2 class=\"wp-block-heading\" id=\"h-main-structure-of-the-fish-feed-extruder-machine\">Estrutura principal da m\u00e1quina extrusora de ra\u00e7\u00e3o para peixes<\/h2>    <p>As m\u00e1quinas para fabricar pellets de peixe incluem principalmente um alimentador, dispositivo de extrus\u00e3o e expans\u00e3o, sistema de energia e transmiss\u00e3o, estrutura, sistema de controle el\u00e9trico e assim por diante. Toda a m\u00e1quina possui uma estrutura compacta e simples. E h\u00e1 um gabinete de controle el\u00e9trico independente, f\u00e1cil de operar.<\/p>    <figure class=\"wp-block-image size-full\"><img loading=\"lazy\" decoding=\"async\" width=\"720\" height=\"540\" src=\"https:\/\/fishfoodpelletmachine.com\/wp-content\/uploads\/2022\/09\/fish-feed-extruder-machine-.webp\" alt=\"m\u00e1quina extrusora de ra\u00e7\u00e3o para peixes\" class=\"wp-image-383\" title=\"m\u00e1quina extrusora de ra\u00e7\u00e3o para peixes\" srcset=\"https:\/\/fishfoodpelletmachine.com\/wp-content\/uploads\/2022\/09\/fish-feed-extruder-machine-.webp 720w, https:\/\/fishfoodpelletmachine.com\/wp-content\/uploads\/2022\/09\/fish-feed-extruder-machine--300x225.webp 300w\" sizes=\"auto, (max-width: 720px) 100vw, 720px\" \/><figcaption class=\"wp-element-caption\">M\u00e1quina extrusora de ra\u00e7\u00e3o para peixes<\/figcaption><\/figure>    <h2 class=\"wp-block-heading\">Invista em nossa m\u00e1quina de fazer pellets de peixe<\/h2>    <p>Invista em nossa m\u00e1quina de fazer pellets de peixe para uma produ\u00e7\u00e3o eficiente e de alta qualidade de ra\u00e7\u00e3o para peixes. Com recursos avan\u00e7ados e f\u00e1cil opera\u00e7\u00e3o, nossa m\u00e1quina elevar\u00e1 sua opera\u00e7\u00e3o de aquicultura a novos n\u00edveis de sucesso.<\/p>    <figure class=\"wp-block-image size-full\"><img loading=\"lazy\" decoding=\"async\" width=\"720\" height=\"540\" src=\"https:\/\/fishfoodpelletmachine.com\/wp-content\/uploads\/2022\/08\/fish-feed-pellet-machine.webp\" alt=\"f\u00e1brica de ra\u00e7\u00e3o para peixes para empresas\" class=\"wp-image-756\" title=\"\" srcset=\"https:\/\/fishfoodpelletmachine.com\/wp-content\/uploads\/2022\/08\/fish-feed-pellet-machine.webp 720w, https:\/\/fishfoodpelletmachine.com\/wp-content\/uploads\/2022\/08\/fish-feed-pellet-machine-300x225.webp 300w\" sizes=\"auto, (max-width: 720px) 100vw, 720px\" \/><figcaption class=\"wp-element-caption\">F\u00e1brica de ra\u00e7\u00e3o para peixes para empresas<\/figcaption><\/figure>","protected":false},"excerpt":{"rendered":"<p>A m\u00e1quina para fabricar pellets de peixe pode processar o material em pellets de ra\u00e7\u00e3o. Os produtos acabados podem ser pellets flutuantes ou afundados. <\/p>","protected":false},"author":1,"featured_media":378,"parent":0,"template":"","tags":[14,24,30],"product-type":[5],"class_list":["post-24","product","type-product","status-publish","has-post-thumbnail","hentry","tag-fish-food-pellet-production-line","tag-fish-pellet-making-machine","tag-floating-fish-feed-making-machine","product-type-fish-feed-pellet-machine"],"_links":{"self":[{"href":"https:\/\/fishfoodpelletmachine.com\/pt\/wp-json\/wp\/v2\/product\/24","targetHints":{"allow":["GET"]}}],"collection":[{"href":"https:\/\/fishfoodpelletmachine.com\/pt\/wp-json\/wp\/v2\/product"}],"about":[{"href":"https:\/\/fishfoodpelletmachine.com\/pt\/wp-json\/wp\/v2\/types\/product"}],"author":[{"embeddable":true,"href":"https:\/\/fishfoodpelletmachine.com\/pt\/wp-json\/wp\/v2\/users\/1"}],"wp:featuredmedia":[{"embeddable":true,"href":"https:\/\/fishfoodpelletmachine.com\/pt\/wp-json\/wp\/v2\/media\/378"}],"wp:attachment":[{"href":"https:\/\/fishfoodpelletmachine.com\/pt\/wp-json\/wp\/v2\/media?parent=24"}],"wp:term":[{"taxonomy":"post_tag","embeddable":true,"href":"https:\/\/fishfoodpelletmachine.com\/pt\/wp-json\/wp\/v2\/tags?post=24"},{"taxonomy":"product-type","embeddable":true,"href":"https:\/\/fishfoodpelletmachine.com\/pt\/wp-json\/wp\/v2\/product-type?post=24"}],"curies":[{"name":"wp","href":"https:\/\/api.w.org\/{rel}","templated":true}]}}