{"id":516,"date":"2022-11-24T15:28:51","date_gmt":"2022-11-24T07:28:51","guid":{"rendered":"https:\/\/fishfoodpelletmachine.com\/?post_type=product&#038;p=516"},"modified":"2024-06-03T17:58:06","modified_gmt":"2024-06-03T09:58:06","slug":"maize-meal-grinding-machine","status":"publish","type":"product","link":"https:\/\/fishfoodpelletmachine.com\/pt\/product\/maize-meal-grinding-machine\/","title":{"rendered":"M\u00e1quina de moer farinha de milho | M\u00e1quina moedora de gr\u00e3os"},"content":{"rendered":"<p>Com o desenvolvimento de m\u00e1quinas agr\u00edcolas, as m\u00e1quinas de moagem de farinha de milho est\u00e3o se tornando cada vez mais comuns. Muitas fam\u00edlias agora cultivam v\u00e1rios gr\u00e3os, como milho, trigo, soja, arroz, etc. Algumas fam\u00edlias precisam de um pequeno moedor de gr\u00e3os para fazer o seu pr\u00f3prio gr\u00e3o em p\u00f3. <\/p>    <p class=\"translation-block\">We manufacture commercial grain grinders in many models and forms. For example, there are tooth claw crushers, grain crushers with cyclones, grinding refiners, etc. What\u2019s more, we also have the <a href=\"https:\/\/fishfoodpelletmachine.com\/pt\/product\/automatic-hammer-mill\/\">hammer mill machine<\/a>, which can grind grains and crush stalks.<\/p>    <figure class=\"wp-block-image size-full\"><img loading=\"lazy\" decoding=\"async\" width=\"720\" height=\"540\" src=\"https:\/\/fishfoodpelletmachine.com\/wp-content\/uploads\/2022\/11\/disk-mill-machine.webp\" alt=\"m\u00e1quina do moinho de disco\" class=\"wp-image-823\" title=\"\" srcset=\"https:\/\/fishfoodpelletmachine.com\/wp-content\/uploads\/2022\/11\/disk-mill-machine.webp 720w, https:\/\/fishfoodpelletmachine.com\/wp-content\/uploads\/2022\/11\/disk-mill-machine-300x225.webp 300w, https:\/\/fishfoodpelletmachine.com\/wp-content\/uploads\/2022\/11\/disk-mill-machine-16x12.webp 16w\" sizes=\"auto, (max-width: 720px) 100vw, 720px\" \/><figcaption class=\"wp-element-caption\">M\u00e1quina fresadora de disco<\/figcaption><\/figure>    <h2 class=\"wp-block-heading\">Tipo 1: Triturador de garras dent\u00e1rias<\/h2>    <p>A m\u00e1quina de moagem de farinha de milho possui uma ampla gama de processamento. Ele n\u00e3o pode apenas esmagar milho, trigo, feij\u00e3o, gr\u00e3os diversos e outros gr\u00e3os e ra\u00e7\u00f5es. E tamb\u00e9m pode esmagar minerais de baixa dureza, como gesso, p\u00f3, produtos qu\u00edmicos, argila, carv\u00e3o, etc. <\/p>    <p>A m\u00e1quina trituradora de milho \u00e9 simples e f\u00e1cil de operar e \u00e9 uma das m\u00e1quinas necess\u00e1rias para uso dom\u00e9stico e comercial. Quanto \u00e0 finura dos produtos acabados processados, dispomos de telas com diferentes tamanhos de malha. Assim, os clientes podem escolher de acordo com suas necessidades.<\/p>    <figure class=\"wp-block-gallery has-nested-images columns-default is-cropped wp-block-gallery-2 is-layout-flex wp-block-gallery-is-layout-flex\"> <figure class=\"wp-block-image size-large\"><img loading=\"lazy\" decoding=\"async\" width=\"720\" height=\"540\" data-id=\"521\" src=\"https:\/\/fishfoodpelletmachine.com\/wp-content\/uploads\/2022\/11\/maize-meal-grinding-machine-1-1.webp\" alt=\"m\u00e1quina de moer farinha de milho\" class=\"wp-image-521\" title=\"m\u00e1quina de moer farinha de milho\" srcset=\"https:\/\/fishfoodpelletmachine.com\/wp-content\/uploads\/2022\/11\/maize-meal-grinding-machine-1-1.webp 720w, https:\/\/fishfoodpelletmachine.com\/wp-content\/uploads\/2022\/11\/maize-meal-grinding-machine-1-1-300x225.webp 300w\" sizes=\"auto, (max-width: 720px) 100vw, 720px\" \/><figcaption class=\"wp-element-caption\">M\u00e1quina de moagem de farinha de milho<\/figcaption><\/figure>    <figure class=\"wp-block-image size-large\"><img loading=\"lazy\" decoding=\"async\" width=\"720\" height=\"540\" data-id=\"522\" src=\"https:\/\/fishfoodpelletmachine.com\/wp-content\/uploads\/2022\/11\/corn-grinder.webp\" alt=\"moedor de milho\" class=\"wp-image-522\" title=\"moedor de milho\" srcset=\"https:\/\/fishfoodpelletmachine.com\/wp-content\/uploads\/2022\/11\/corn-grinder.webp 720w, https:\/\/fishfoodpelletmachine.com\/wp-content\/uploads\/2022\/11\/corn-grinder-300x225.webp 300w\" sizes=\"auto, (max-width: 720px) 100vw, 720px\" \/><figcaption class=\"wp-element-caption\">Moedor de Milho<\/figcaption><\/figure> <\/figure>    <h3 class=\"wp-block-heading\">Que mat\u00e9rias-primas a m\u00e1quina de moer farinha de milho pode manipular?<\/h3>    <p>Pode esmagar arroz, milho seco (fresco), trigo, pimenta seca (fresca), materiais medicinais chineses, gr\u00e3os integrais, ra\u00e7\u00f5es, etc.<\/p>    <figure class=\"wp-block-image size-full\"><img loading=\"lazy\" decoding=\"async\" width=\"720\" height=\"540\" src=\"https:\/\/fishfoodpelletmachine.com\/wp-content\/uploads\/2022\/11\/raw-materials-.jpg\" alt=\"mat\u00e9rias-primas\" class=\"wp-image-523\" title=\"mat\u00e9rias-primas\" srcset=\"https:\/\/fishfoodpelletmachine.com\/wp-content\/uploads\/2022\/11\/raw-materials-.jpg 720w, https:\/\/fishfoodpelletmachine.com\/wp-content\/uploads\/2022\/11\/raw-materials--300x225.jpg 300w\" sizes=\"auto, (max-width: 720px) 100vw, 720px\" \/><figcaption class=\"wp-element-caption\">Mat\u00e9rias-primas<\/figcaption><\/figure>    <h3 class=\"wp-block-heading\">Qual \u00e9 a estrutura da m\u00e1quina moedora de milho?<\/h3>    <p>A m\u00e1quina trituradora de farinha de milho tipo garra consiste principalmente em seis partes: a parte superior do corpo, a tampa da m\u00e1quina, o conjunto do rotor, a tela, o dispositivo de alimenta\u00e7\u00e3o e a estrutura. <\/p>    <p>O corpo da m\u00e1quina e o rotor formam juntos uma c\u00e2mara de britagem. A britagem dos materiais \u00e9 conclu\u00edda na c\u00e2mara de britagem.<\/p>    <figure class=\"wp-block-image size-full\"><img loading=\"lazy\" decoding=\"async\" width=\"720\" height=\"540\" src=\"https:\/\/fishfoodpelletmachine.com\/wp-content\/uploads\/2022\/11\/maize-grinder-machine-.jpg\" alt=\"m\u00e1quina moedor de milho\" class=\"wp-image-524\" title=\"m\u00e1quina moedor de milho\" srcset=\"https:\/\/fishfoodpelletmachine.com\/wp-content\/uploads\/2022\/11\/maize-grinder-machine-.jpg 720w, https:\/\/fishfoodpelletmachine.com\/wp-content\/uploads\/2022\/11\/maize-grinder-machine--300x225.jpg 300w\" sizes=\"auto, (max-width: 720px) 100vw, 720px\" \/><figcaption class=\"wp-element-caption\">M\u00e1quina moedora de milho<\/figcaption><\/figure>    <h3 class=\"wp-block-heading\">Como funciona a m\u00e1quina de moer milho?<\/h3>    <p>Quando o material entra na c\u00e2mara de britagem, ele \u00e9 rapidamente triturado em p\u00f3 fino sob o impacto cont\u00ednuo dos dentes redondos e planos. ao mesmo tempo<\/p>    <p>Sob a a\u00e7\u00e3o da for\u00e7a centr\u00edfuga e do fluxo de ar, passa pelo orif\u00edcio da peneira e \u00e9 descarregado pela porta de descarga. A m\u00e1quina tem estrutura simples e f\u00e1cil de instalar, usar e manter.<\/p>    <figure class=\"wp-block-image size-full\"><img loading=\"lazy\" decoding=\"async\" width=\"720\" height=\"540\" src=\"https:\/\/fishfoodpelletmachine.com\/wp-content\/uploads\/2022\/11\/corn-grinding-machine-.webp\" alt=\"m\u00e1quina de moagem de milho\" class=\"wp-image-525\" title=\"m\u00e1quina de moagem de milho\" srcset=\"https:\/\/fishfoodpelletmachine.com\/wp-content\/uploads\/2022\/11\/corn-grinding-machine-.webp 720w, https:\/\/fishfoodpelletmachine.com\/wp-content\/uploads\/2022\/11\/corn-grinding-machine--300x225.webp 300w\" sizes=\"auto, (max-width: 720px) 100vw, 720px\" \/><figcaption class=\"wp-element-caption\">M\u00e1quina de moer milho<\/figcaption><\/figure>    <h3 class=\"wp-block-heading\">Quais s\u00e3o as vantagens de um moedor de milho caseiro com garras dent\u00e1rias?<\/h3>    <ol class=\"wp-block-list\"> <li>Ampla gama de aplica\u00e7\u00f5es. O moedor de gr\u00e3os pode processar v\u00e1rios materiais, como gr\u00e3os, gr\u00e3os diversos, batatas secas e frescas, minerais de baixa dureza, medicamentos fitoter\u00e1picos chineses, etc.<\/li>    <li>Tamanho pequeno e menos espa\u00e7o.<\/li>    <li>A m\u00e1quina modificada possui uma estrutura simples e \u00e9 f\u00e1cil de usar e manter.<\/li> <\/ol>    <figure class=\"wp-block-embed is-type-video is-provider-youtube wp-block-embed-youtube wp-embed-aspect-16-9 wp-has-aspect-ratio\"><div class=\"wp-block-embed__wrapper\"> <iframe loading=\"lazy\" title=\"p\u00f3 muito fino! Moedor de disco ou disco, m\u00e1quina de moer milho\/triturador de milho\/m\u00e1quina moedora de milho\" width=\"500\" height=\"281\" src=\"https:\/\/www.youtube.com\/embed\/GpSOvkaJMOE?feature=oembed\" frameborder=\"0\" allow=\"accelerometer; autoplay; clipboard-write; encrypted-media; gyroscope; picture-in-picture; web-share\" referrerpolicy=\"strict-origin-when-cross-origin\" allowfullscreen><\/iframe> <\/div><figcaption class=\"wp-element-caption\">v\u00eddeo de funcionamento do moinho de disco<\/figcaption><\/figure>    <h2 class=\"wp-block-heading\">Tipo 2: Triturador de gr\u00e3os com ciclone<\/h2>    <p>A m\u00e1quina de moer farinha de milho com Cyclone tamb\u00e9m \u00e9 um pequeno moinho de gr\u00e3os dom\u00e9stico. Tamb\u00e9m pode ser usado para temperar, esmagando cinzas espinhosas chinesas, pimenta, anis estrelado, etc., em uma m\u00e1quina com m\u00faltiplas fun\u00e7\u00f5es. O moinho possui tubo de suc\u00e7\u00e3o de gr\u00e3os e ciclone. <\/p>    <p>O funcionamento da m\u00e1quina \u00e9 que o tubo de suc\u00e7\u00e3o de gr\u00e3os sugar\u00e1 automaticamente o material para a c\u00e2mara de britagem. O ciclone ir\u00e1 coletar a poeira que ocorre quando a m\u00e1quina est\u00e1 funcionando, evitando efetivamente a polui\u00e7\u00e3o por poeira.<\/p>    <figure class=\"wp-block-gallery has-nested-images columns-default is-cropped wp-block-gallery-3 is-layout-flex wp-block-gallery-is-layout-flex\"> <figure class=\"wp-block-image size-large\"><img loading=\"lazy\" decoding=\"async\" width=\"720\" height=\"540\" data-id=\"526\" src=\"https:\/\/fishfoodpelletmachine.com\/wp-content\/uploads\/2022\/11\/maize-meal-grinding-machine-1-2.webp\" alt=\"m\u00e1quina de moer farinha de milho\" class=\"wp-image-526\" title=\"m\u00e1quina de moer farinha de milho\" srcset=\"https:\/\/fishfoodpelletmachine.com\/wp-content\/uploads\/2022\/11\/maize-meal-grinding-machine-1-2.webp 720w, https:\/\/fishfoodpelletmachine.com\/wp-content\/uploads\/2022\/11\/maize-meal-grinding-machine-1-2-300x225.webp 300w\" sizes=\"auto, (max-width: 720px) 100vw, 720px\" \/><figcaption class=\"wp-element-caption\">M\u00e1quina de moagem de farinha de milho<\/figcaption><\/figure>    <figure class=\"wp-block-image size-large\"><img loading=\"lazy\" decoding=\"async\" width=\"720\" height=\"540\" data-id=\"527\" src=\"https:\/\/fishfoodpelletmachine.com\/wp-content\/uploads\/2022\/11\/Grain-crusher-with-cyclone-.webp\" alt=\"Triturador de gr\u00e3os com ciclone\" class=\"wp-image-527\" title=\"Triturador de gr\u00e3os com ciclone\" srcset=\"https:\/\/fishfoodpelletmachine.com\/wp-content\/uploads\/2022\/11\/Grain-crusher-with-cyclone-.webp 720w, https:\/\/fishfoodpelletmachine.com\/wp-content\/uploads\/2022\/11\/Grain-crusher-with-cyclone--300x225.webp 300w\" sizes=\"auto, (max-width: 720px) 100vw, 720px\" \/><figcaption class=\"wp-element-caption\">Triturador de gr\u00e3os com ciclone<\/figcaption><\/figure> <\/figure>    <h3 class=\"wp-block-heading\">Qual \u00e9 o campo aplic\u00e1vel das m\u00e1quinas de moagem de gr\u00e3os?<\/h3>    <p class=\"translation-block\"><strong>Campo:<\/strong> A m\u00e1quina de moinho de gr\u00e3os multifuncional \u00e9 amplamente utilizada em f\u00e1bricas de alimentos, lojas de vegetais secos, f\u00e1bricas de temperos e na agricultura familiar aut\u00f4noma.<\/p>    <p class=\"translation-block\"><strong>Materiais espec\u00edficos:<\/strong> Trigo, arroz, milhete, milho, soja, gergelim, sorgo, cevada de montanha e outros gr\u00e3os, bem como outras mat\u00e9rias-primas qu\u00edmicas. A espessura do processamento de materiais tamb\u00e9m pode ser ajustada.<\/p>    <h3 class=\"wp-block-heading\">Como funciona o triturador de milho? <\/h3>    <figure class=\"wp-block-embed is-type-video is-provider-youtube wp-block-embed-youtube wp-embed-aspect-16-9 wp-has-aspect-ratio\"><div class=\"wp-block-embed__wrapper\"> <iframe loading=\"lazy\" title=\"\u00d3timo desempenho da m\u00e1quina moedora de gr\u00e3os! Pequena m\u00e1quina de moer milho para uso dom\u00e9stico\" width=\"500\" height=\"281\" src=\"https:\/\/www.youtube.com\/embed\/YV17pcRxD9Q?feature=oembed\" frameborder=\"0\" allow=\"accelerometer; autoplay; clipboard-write; encrypted-media; gyroscope; picture-in-picture; web-share\" referrerpolicy=\"strict-origin-when-cross-origin\" allowfullscreen><\/iframe> <\/div><figcaption class=\"wp-element-caption\">triturador de milho no trabalho<\/figcaption><\/figure>    <h3 class=\"wp-block-heading\">Estrutura da m\u00e1quina moedor de gr\u00e3os<\/h3>    <p>A estrutura desta m\u00e1quina de moagem de farinha de milho \u00e9 basicamente a mesma do Tipo 1. Ela consiste em um sistema de alimenta\u00e7\u00e3o, moinho c\u00f4nico e separa\u00e7\u00e3o, exceto que possui mais um tubo de auto-suc\u00e7\u00e3o e um ciclone que o Tipo 1. <\/p>    <p>A m\u00e1quina possui estrutura simples, processamento de som e tecnologia de instala\u00e7\u00e3o, al\u00e9m de ser um pulverizador com excelente desempenho.<\/p>    <figure class=\"wp-block-gallery has-nested-images columns-default is-cropped wp-block-gallery-4 is-layout-flex wp-block-gallery-is-layout-flex\"> <figure class=\"wp-block-image size-large\"><img loading=\"lazy\" decoding=\"async\" width=\"720\" height=\"540\" data-id=\"529\" src=\"https:\/\/fishfoodpelletmachine.com\/wp-content\/uploads\/2022\/11\/wheat-grinder\u2018s-structure-1-1.webp\" alt=\"estrutura da m\u00e1quina moedor de trigo\" class=\"wp-image-529\" title=\"estrutura da m\u00e1quina moedor de trigo\" srcset=\"https:\/\/fishfoodpelletmachine.com\/wp-content\/uploads\/2022\/11\/wheat-grinder\u2018s-structure-1-1.webp 720w, https:\/\/fishfoodpelletmachine.com\/wp-content\/uploads\/2022\/11\/wheat-grinder\u2018s-structure-1-1-300x225.webp 300w\" sizes=\"auto, (max-width: 720px) 100vw, 720px\" \/><figcaption class=\"wp-element-caption\">Estrutura da m\u00e1quina moedora de trigo<\/figcaption><\/figure>    <figure class=\"wp-block-image size-large\"><img loading=\"lazy\" decoding=\"async\" width=\"720\" height=\"540\" data-id=\"530\" src=\"https:\/\/fishfoodpelletmachine.com\/wp-content\/uploads\/2022\/11\/inner-structure-of-the-bean-mill-machine-.webp\" alt=\"a estrutura interna da m\u00e1quina de moer feij\u00e3o\" class=\"wp-image-530\" title=\"estrutura interna da m\u00e1quina de moer feij\u00e3o\" srcset=\"https:\/\/fishfoodpelletmachine.com\/wp-content\/uploads\/2022\/11\/inner-structure-of-the-bean-mill-machine-.webp 720w, https:\/\/fishfoodpelletmachine.com\/wp-content\/uploads\/2022\/11\/inner-structure-of-the-bean-mill-machine--300x225.webp 300w\" sizes=\"auto, (max-width: 720px) 100vw, 720px\" \/><figcaption class=\"wp-element-caption\">Estrutura interna da m\u00e1quina moinho de feij\u00e3o<\/figcaption><\/figure> <\/figure>    <h2 class=\"wp-block-heading\">Tipo 3: M\u00e1quina de moagem e polpa\u00e7\u00e3o de gr\u00e3os<\/h2>    <p>A m\u00e1quina de moagem de farinha de milho \u00e9 um equipamento de moagem \u00famida. A parte de britagem da m\u00e1quina \u00e9 feita de a\u00e7o inoxid\u00e1vel. Pode ser usado para moagem \u00famida de gr\u00e3os como arroz, soja, milho e batata. <\/p>    <p>Como o material da m\u00e1quina \u00e9 feito de a\u00e7o inoxid\u00e1vel, o produto final pode ser consumido diretamente.<\/p>    <figure class=\"wp-block-gallery has-nested-images columns-default is-cropped wp-block-gallery-5 is-layout-flex wp-block-gallery-is-layout-flex\"> <figure class=\"wp-block-image size-large\"><img loading=\"lazy\" decoding=\"async\" width=\"720\" height=\"540\" data-id=\"531\" src=\"https:\/\/fishfoodpelletmachine.com\/wp-content\/uploads\/2022\/11\/commercial-grain-grinder0.jpg\" alt=\"M\u00e1quina de moagem e polpa\u00e7\u00e3o de gr\u00e3os\" class=\"wp-image-531\" title=\"M\u00e1quina de moagem e polpa\u00e7\u00e3o de gr\u00e3os\" srcset=\"https:\/\/fishfoodpelletmachine.com\/wp-content\/uploads\/2022\/11\/commercial-grain-grinder0.jpg 720w, https:\/\/fishfoodpelletmachine.com\/wp-content\/uploads\/2022\/11\/commercial-grain-grinder0-300x225.jpg 300w\" sizes=\"auto, (max-width: 720px) 100vw, 720px\" \/><figcaption class=\"wp-element-caption\">M\u00e1quina de moagem e polpa\u00e7\u00e3o de gr\u00e3os<\/figcaption><\/figure>    <figure class=\"wp-block-image size-large\"><img loading=\"lazy\" decoding=\"async\" width=\"720\" height=\"540\" data-id=\"532\" src=\"https:\/\/fishfoodpelletmachine.com\/wp-content\/uploads\/2022\/11\/grain-grinder-machine0.jpg\" alt=\"m\u00e1quina de moer arroz \" class=\"wp-image-532\" title=\"m\u00e1quina de moer arroz \" srcset=\"https:\/\/fishfoodpelletmachine.com\/wp-content\/uploads\/2022\/11\/grain-grinder-machine0.jpg 720w, https:\/\/fishfoodpelletmachine.com\/wp-content\/uploads\/2022\/11\/grain-grinder-machine0-300x225.jpg 300w\" sizes=\"auto, (max-width: 720px) 100vw, 720px\" \/><figcaption class=\"wp-element-caption\">M\u00e1quina de moer arroz <\/figcaption><\/figure> <\/figure>    <h3 class=\"wp-block-heading\">As pessoas adequadas para a m\u00e1quina de moagem e refino<\/h3>    <p>Esta m\u00e1quina de moagem de farinha de milho \u00e9 adequada para f\u00e1bricas de produtos de feij\u00e3o, servi\u00e7os de catering, cantinas, restaurantes e empresas individuais. Quanto aos materiais de aplica\u00e7\u00e3o, eles s\u00e3o direcionados a todos os tipos de alimentos, rem\u00e9dios e assim por diante.<\/p>    <h3 class=\"wp-block-heading\">Como funciona o moedor de gr\u00e3os?<\/h3>    <figure class=\"wp-block-embed is-type-video is-provider-youtube wp-block-embed-youtube wp-embed-aspect-16-9 wp-has-aspect-ratio\"><div class=\"wp-block-embed__wrapper\"> <iframe loading=\"lazy\" title=\"V\u00eddeo de trabalho do moinho de martelo el\u00e9trico de gr\u00e3os | moedor de gr\u00e3os\" width=\"500\" height=\"281\" src=\"https:\/\/www.youtube.com\/embed\/LrGfvzii4tI?feature=oembed\" frameborder=\"0\" allow=\"accelerometer; autoplay; clipboard-write; encrypted-media; gyroscope; picture-in-picture; web-share\" referrerpolicy=\"strict-origin-when-cross-origin\" allowfullscreen><\/iframe> <\/div><figcaption class=\"wp-element-caption\">processo de trabalho do moinho de martelo de gr\u00e3os<\/figcaption><\/figure>    <h3 class=\"wp-block-heading\">Princ\u00edpio de funcionamento da m\u00e1quina moinho de gr\u00e3os com ciclone<\/h3>    <p>Quando os materiais pr\u00e9-tratados, como limpeza e imers\u00e3o, entram no moinho pela tremonha. Eles entram entre os discos de areia superiores e inferiores relativamente m\u00f3veis sob a a\u00e7\u00e3o da for\u00e7a centr\u00edfuga. O impacto m\u00fatuo e a extrus\u00e3o de materiais e o cisalhamento. <\/p>    <p>A a\u00e7\u00e3o abrangente de fric\u00e7\u00e3o e rasgo faz com que o material seja lixado de dentro para fora, de grosso a fino ao longo do plano do disco de areia.<\/p>    <h3 class=\"wp-block-heading\">Qual a estrutura do triturador de gr\u00e3os de milho e trigo?<\/h3>    <p>Os principais componentes da m\u00e1quina de moagem de farinha de milho s\u00e3o um funil de alimenta\u00e7\u00e3o, bot\u00e3o de ajuste de finura, c\u00e2mara de britagem, alimenta\u00e7\u00e3o, interruptor, estrutura, etc.<\/p>    <figure class=\"wp-block-image size-full\"><img loading=\"lazy\" decoding=\"async\" width=\"720\" height=\"540\" src=\"https:\/\/fishfoodpelletmachine.com\/wp-content\/uploads\/2022\/11\/electric-grain-mill-structure-.webp\" alt=\"estrutura do moinho el\u00e9trico de gr\u00e3os\" class=\"wp-image-534\" title=\"estrutura do moinho el\u00e9trico de gr\u00e3os\" srcset=\"https:\/\/fishfoodpelletmachine.com\/wp-content\/uploads\/2022\/11\/electric-grain-mill-structure-.webp 720w, https:\/\/fishfoodpelletmachine.com\/wp-content\/uploads\/2022\/11\/electric-grain-mill-structure--300x225.webp 300w\" sizes=\"auto, (max-width: 720px) 100vw, 720px\" \/><figcaption class=\"wp-element-caption\">Estrutura do moinho el\u00e9trico de gr\u00e3os<\/figcaption><\/figure>    <h2 class=\"wp-block-heading\">Quais s\u00e3o os destaques do moedor de gr\u00e3os de alta qualidade?<\/h2>    <ol class=\"wp-block-list\"> <li>Se for usado para moer p\u00f3, a finura da moagem pode chegar a 80-100 mesh.<\/li>    <li>O mecanismo de porta de material exclusivo e a c\u00e2mara de moagem resolvem efetivamente o problema de vazamento de \u00e1gua do equipamento.<\/li>    <li>A c\u00e2mara de moagem bem projetada pode fazer com que a lama flua suavemente, com menos ac\u00famulo de material e f\u00e1cil limpeza.<\/li>    <li>Pastilhas de areia comest\u00edveis com f\u00f3rmula especial de alto rendimento.<\/li>    <li>Limpo e higi\u00eanico, todo o canal de trabalho, desde a alimenta\u00e7\u00e3o e moagem at\u00e9 a descarga, \u00e9 feito de a\u00e7o inoxid\u00e1vel.<\/li> <\/ol>    <h2 class=\"wp-block-heading\">M\u00e1quinas trituradoras de gr\u00e3os \u2013 Taizy Sua Melhor Escolha<\/h2>    <ol class=\"wp-block-list\"> <li>Somos um fabricante profissional de m\u00e1quinas agr\u00edcolas. O design, a estrutura e o formato da m\u00e1quina est\u00e3o alinhados com as necessidades do p\u00fablico.<\/li>    <li>A m\u00e1quina de moagem de farinha de milho para fabrica\u00e7\u00e3o adota material de alta qualidade. Todo o processo produtivo \u00e9 rigorosamente supervisionado e as m\u00e1quinas fabricadas s\u00e3o de alta qualidade e alto padr\u00e3o.<\/li>    <li>Temos uma equipe de vendas profissional para fornecer aos clientes solu\u00e7\u00f5es de m\u00e1quinas profissionais.<\/li>    <li>Ap\u00f3s o cliente adquirir a m\u00e1quina, atualizaremos o status log\u00edstico para o cliente em tempo real, para que ele fique tranquilo.<\/li> <\/ol>    <figure class=\"wp-block-gallery has-nested-images columns-default is-cropped wp-block-gallery-6 is-layout-flex wp-block-gallery-is-layout-flex\"> <figure class=\"wp-block-image size-large\"><img loading=\"lazy\" decoding=\"async\" width=\"720\" height=\"540\" data-id=\"535\" src=\"https:\/\/fishfoodpelletmachine.com\/wp-content\/uploads\/2022\/11\/our-factory-of-the-grain-grinder0.webp\" alt=\"nossa f\u00e1brica do moedor de gr\u00e3os\" class=\"wp-image-535\" title=\"nossa f\u00e1brica do moedor de gr\u00e3os\" srcset=\"https:\/\/fishfoodpelletmachine.com\/wp-content\/uploads\/2022\/11\/our-factory-of-the-grain-grinder0.webp 720w, https:\/\/fishfoodpelletmachine.com\/wp-content\/uploads\/2022\/11\/our-factory-of-the-grain-grinder0-300x225.webp 300w\" sizes=\"auto, (max-width: 720px) 100vw, 720px\" \/><figcaption class=\"wp-element-caption\">Nossa f\u00e1brica de moedor de gr\u00e3os<\/figcaption><\/figure>    <figure class=\"wp-block-image size-large\"><img loading=\"lazy\" decoding=\"async\" width=\"720\" height=\"540\" data-id=\"536\" src=\"https:\/\/fishfoodpelletmachine.com\/wp-content\/uploads\/2022\/11\/stock-of-the-disk-mill-machine0.webp\" alt=\"estoque da m\u00e1quina de moinho de disco\" class=\"wp-image-536\" title=\"estoque da m\u00e1quina de moinho de disco\" srcset=\"https:\/\/fishfoodpelletmachine.com\/wp-content\/uploads\/2022\/11\/stock-of-the-disk-mill-machine0.webp 720w, https:\/\/fishfoodpelletmachine.com\/wp-content\/uploads\/2022\/11\/stock-of-the-disk-mill-machine0-300x225.webp 300w\" sizes=\"auto, (max-width: 720px) 100vw, 720px\" \/><figcaption class=\"wp-element-caption\">Estoque da m\u00e1quina fresadora de discos<\/figcaption><\/figure> <\/figure>    <h2 class=\"wp-block-heading\">M\u00e1quina trituradora de gr\u00e3os pequena vendida para a Su\u00e9cia<\/h2>    <p class=\"translation-block\">Nosso cliente da Su\u00e9cia comprou uma <a href=\"https:\/\/taizyfarmequipment.com\/product\/soybean-peeling-machine\/\" target=\"_blank\" rel=\"noopener\">m\u00e1quina de descascar soja<\/a> e um pequeno moedor de gr\u00e3os de n\u00f3s. Ap\u00f3s comunicar-se com o cliente, soube que o cliente deseja fazer farinha de soja por conta pr\u00f3pria para venda. Como os ingredientes de soja precisam ser descascados, o cliente precisa de uma m\u00e1quina de moagem de farinha de milho.<\/p>    <p>Ap\u00f3s entender as necessidades do cliente, fornecemos ao cliente fotos, v\u00eddeos e par\u00e2metros da m\u00e1quina de moagem de farinha de milho. Finalmente, o cliente escolheu a m\u00e1quina de moagem de farinha de milho Tipo 1. Ap\u00f3s o pagamento do cliente, imediatamente organizamos a embalagem e o envio da m\u00e1quina para o cliente.<\/p>    <figure class=\"wp-block-image size-full\"><img loading=\"lazy\" decoding=\"async\" width=\"720\" height=\"540\" src=\"https:\/\/fishfoodpelletmachine.com\/wp-content\/uploads\/2022\/11\/packing-and-shipping-of-the-corn-shredding-machine-.webp\" alt=\"embalagem e envio da m\u00e1quina de tritura\u00e7\u00e3o de milho\" class=\"wp-image-537\" title=\"embalagem e envio da m\u00e1quina de tritura\u00e7\u00e3o de milho\" srcset=\"https:\/\/fishfoodpelletmachine.com\/wp-content\/uploads\/2022\/11\/packing-and-shipping-of-the-corn-shredding-machine-.webp 720w, https:\/\/fishfoodpelletmachine.com\/wp-content\/uploads\/2022\/11\/packing-and-shipping-of-the-corn-shredding-machine--300x225.webp 300w\" sizes=\"auto, (max-width: 720px) 100vw, 720px\" \/><figcaption class=\"wp-element-caption\">Embalagem e envio da m\u00e1quina trituradora de milho<\/figcaption><\/figure>","protected":false},"excerpt":{"rendered":"<p>Com o desenvolvimento de m\u00e1quinas agr\u00edcolas, as m\u00e1quinas de moagem de farinha de milho est\u00e3o se tornando cada vez mais comuns. <\/p>","protected":false},"author":1,"featured_media":520,"parent":0,"template":"","tags":[47,48,49,50,46],"product-type":[4],"class_list":["post-516","product","type-product","status-publish","has-post-thumbnail","hentry","tag-corn","tag-grain","tag-grinder","tag-grinding-machine","tag-maize","product-type-feed-grinding-machine"],"_links":{"self":[{"href":"https:\/\/fishfoodpelletmachine.com\/pt\/wp-json\/wp\/v2\/product\/516","targetHints":{"allow":["GET"]}}],"collection":[{"href":"https:\/\/fishfoodpelletmachine.com\/pt\/wp-json\/wp\/v2\/product"}],"about":[{"href":"https:\/\/fishfoodpelletmachine.com\/pt\/wp-json\/wp\/v2\/types\/product"}],"author":[{"embeddable":true,"href":"https:\/\/fishfoodpelletmachine.com\/pt\/wp-json\/wp\/v2\/users\/1"}],"wp:featuredmedia":[{"embeddable":true,"href":"https:\/\/fishfoodpelletmachine.com\/pt\/wp-json\/wp\/v2\/media\/520"}],"wp:attachment":[{"href":"https:\/\/fishfoodpelletmachine.com\/pt\/wp-json\/wp\/v2\/media?parent=516"}],"wp:term":[{"taxonomy":"post_tag","embeddable":true,"href":"https:\/\/fishfoodpelletmachine.com\/pt\/wp-json\/wp\/v2\/tags?post=516"},{"taxonomy":"product-type","embeddable":true,"href":"https:\/\/fishfoodpelletmachine.com\/pt\/wp-json\/wp\/v2\/product-type?post=516"}],"curies":[{"name":"wp","href":"https:\/\/api.w.org\/{rel}","templated":true}]}}