{"id":54,"date":"2022-08-01T07:59:12","date_gmt":"2022-08-01T07:59:12","guid":{"rendered":"https:\/\/fishfoodpelletmachine.com\/?post_type=product&#038;p=54"},"modified":"2024-03-18T09:50:59","modified_gmt":"2024-03-18T01:50:59","slug":"dry-type-fish-feed-extruder","status":"publish","type":"product","link":"https:\/\/fishfoodpelletmachine.com\/pt\/product\/dry-type-fish-feed-extruder\/","title":{"rendered":"Extrusora de ra\u00e7\u00e3o para peixes tipo seco\u4e28M\u00e1quina de granula\u00e7\u00e3o de ra\u00e7\u00e3o para peixes"},"content":{"rendered":"<p>A extrusora de ra\u00e7\u00e3o para peixes do tipo seco \u00e9 uma m\u00e1quina amplamente utilizada para fazer ra\u00e7\u00e3o para peixes. A extrusora de ra\u00e7\u00e3o para peixes faz com que o material tenha um determinado formato atrav\u00e9s do processo de extrus\u00e3o em espiral. <\/p>    <p>Esta extrusora de ra\u00e7\u00e3o para peixes do tipo seco tem uma combina\u00e7\u00e3o de uma ou mais fun\u00e7\u00f5es, como misturar, amadurecer, amassar, cortar e formar. Coloque as mat\u00e9rias-primas trituradas na tremonha e a m\u00e1quina de pellets de ra\u00e7\u00e3o para peixes produzir\u00e1 pellets redondos e lisos. <\/p>    <p class=\"translation-block\">Os pellets de ra\u00e7\u00e3o para peixes acabados podem ser alimentados diretamente a peixes pequenos. Esta passagem trata principalmente do DGP60-B, e tamb\u00e9m temos um tipo menor de <a href=\"https:\/\/fishfoodpelletmachine.com\/pt\/product\/fish-pellet-making-machine\/\">m\u00e1quinas de pelotiza\u00e7\u00e3o de ra\u00e7\u00e3o para peixes<\/a>.  <\/p>    <figure class=\"wp-block-embed is-type-video is-provider-youtube wp-block-embed-youtube wp-embed-aspect-16-9 wp-has-aspect-ratio\"><div class=\"wp-block-embed__wrapper\"> <iframe loading=\"lazy\" title=\"Ampliando a aquicultura: o papel das m\u00e1quinas de processamento de ra\u00e7\u00e3o para peixes de alto rendimento #fish #fishfeed #feed\" width=\"500\" height=\"281\" src=\"https:\/\/www.youtube.com\/embed\/HuZCsCn3OpY?feature=oembed\" frameborder=\"0\" allow=\"accelerometer; autoplay; clipboard-write; encrypted-media; gyroscope; picture-in-picture; web-share\" referrerpolicy=\"strict-origin-when-cross-origin\" allowfullscreen><\/iframe> <\/div><figcaption class=\"wp-element-caption\">V\u00eddeo de funcionamento da extrusora de ra\u00e7\u00e3o para peixes tipo seco<\/figcaption><\/figure>    <h2 class=\"wp-block-heading\" id=\"h-what-are-the-dry-type-fish-feed-extruder-advantages\">Quais s\u00e3o as vantagens da extrusora de ra\u00e7\u00e3o para peixes do tipo seco?<\/h2>    <ol class=\"wp-block-list\"> <li>A ra\u00e7\u00e3o prensada pela extrusora de ra\u00e7\u00e3o para peixes do tipo seco tem uma certa dureza. Portanto, a comida dos peixes pode ser mantida na \u00e1gua por muito tempo. Portanto, pode melhorar a taxa de utiliza\u00e7\u00e3o e prevenir a polui\u00e7\u00e3o da \u00e1gua.<\/li>    <li>Quando a mat\u00e9ria-prima \u00e9 extrusada pela extrusora de ra\u00e7\u00e3o para peixes do tipo seco, a temperatura \u00e9 moderada, o que pode manter bem os oligoelementos na mat\u00e9ria-prima. E os gr\u00e2nulos t\u00eam aroma cozido naturalmente e excelente palatabilidade, e s\u00e3o semelhantes a peixes e camar\u00f5es.<\/li>    <li>Podemos usar diferentes moldes de descarga para fazer diferentes tamanhos de pellets de ra\u00e7\u00e3o para peixes. Assim, podemos alimentar diferentes tamanhos de pellets de ra\u00e7\u00e3o para peixes, razoavelmente de acordo com as necessidades de cada est\u00e1gio de crescimento dos peixes.<\/li>    <li>Podemos fazer pellets de acordo com a esta\u00e7\u00e3o das doen\u00e7as dos peixes, misturando os medicamentos de controle correspondentes com as mat\u00e9rias-primas. Isto pode prevenir e controlar doen\u00e7as dos peixes, de modo a melhorar a taxa de sobreviv\u00eancia dos produtos aqu\u00e1ticos.<\/li> <\/ol>    <figure class=\"wp-block-image size-full\"><img loading=\"lazy\" decoding=\"async\" width=\"720\" height=\"540\" src=\"https:\/\/fishfoodpelletmachine.com\/wp-content\/uploads\/2022\/08\/stock-of-dry-type-fish-feed-extruder-2.jpg\" alt=\"estoque de extrusor de ra\u00e7\u00e3o para peixes de tipo seco\" class=\"wp-image-59\" title=\"estoque de extrusor de ra\u00e7\u00e3o para peixes de tipo seco\" srcset=\"https:\/\/fishfoodpelletmachine.com\/wp-content\/uploads\/2022\/08\/stock-of-dry-type-fish-feed-extruder-2.jpg 720w, https:\/\/fishfoodpelletmachine.com\/wp-content\/uploads\/2022\/08\/stock-of-dry-type-fish-feed-extruder-2-300x225.jpg 300w\" sizes=\"auto, (max-width: 720px) 100vw, 720px\" \/><figcaption class=\"wp-element-caption\">Estoque de extrusora de ra\u00e7\u00e3o para peixes tipo seco<\/figcaption><\/figure>    <h2 class=\"wp-block-heading\">Caracter\u00edsticas da m\u00e1quina peletizadora de ra\u00e7\u00e3o para peixes<\/h2>    <ol class=\"wp-block-list\"> <li>Forma\u00e7\u00e3o suave. A superf\u00edcie dos pellets de ra\u00e7\u00e3o para peixes formados \u00e9 lisa, bonita e n\u00e3o \u00e1spera. <\/li>    <li>Os pellets flutuam por muito tempo, flutuando na \u00e1gua por mais de 12 horas sem afundar.<\/li>    <li>Os pellets de comida de peixe n\u00e3o se espalhar\u00e3o ou afundar\u00e3o rapidamente. Portanto, n\u00e3o h\u00e1 polui\u00e7\u00e3o na \u00e1gua.<\/li>    <li>Os pellets de ra\u00e7\u00e3o para peixes tratados s\u00e3o processados \u200b\u200bem altas temperaturas. Portanto, os pellets de ra\u00e7\u00e3o para peixes acabados est\u00e3o livres de bact\u00e9rias, reduzindo ainda mais as doen\u00e7as dos peixes.<\/li> <\/ol>    <h2 class=\"wp-block-heading\">V\u00eddeo de trabalho da m\u00e1quina de pellets de ra\u00e7\u00e3o para peixes<\/h2>    <figure class=\"wp-block-embed is-type-video is-provider-youtube wp-block-embed-youtube wp-embed-aspect-16-9 wp-has-aspect-ratio\"><div class=\"wp-block-embed__wrapper\"> <iframe loading=\"lazy\" title=\"Como fazer ra\u00e7\u00e3o para peixes fazendo pellets de ra\u00e7\u00e3o flutuante com m\u00e1quina! Fabricante flutuante de pellets de ra\u00e7\u00e3o para peixes!\" width=\"500\" height=\"281\" src=\"https:\/\/www.youtube.com\/embed\/ZQwA47TvjyQ?feature=oembed\" frameborder=\"0\" allow=\"accelerometer; autoplay; clipboard-write; encrypted-media; gyroscope; picture-in-picture; web-share\" referrerpolicy=\"strict-origin-when-cross-origin\" allowfullscreen><\/iframe> <\/div><figcaption class=\"wp-element-caption\">Processo de trabalho da m\u00e1quina de pelotiza\u00e7\u00e3o de ra\u00e7\u00e3o para peixes<\/figcaption><\/figure>    <h2 class=\"wp-block-heading\">Como funciona a peletizadora de ra\u00e7\u00e3o para peixes?<\/h2>    <p>A peletizadora de ra\u00e7\u00e3o para peixes opera de forma eficiente e eficaz. Primeiramente, as mat\u00e9rias-primas s\u00e3o bem misturadas antes de entrar na m\u00e1quina, onde s\u00e3o extrusadas e peletizadas para formar pellets. Posteriormente, os pellets s\u00e3o secos e resfriados para atingir o estado desejado. <\/p>    <p>Nossa peletizadora de ra\u00e7\u00e3o para peixes pode produzir ra\u00e7\u00e3o de alta qualidade de forma r\u00e1pida e confi\u00e1vel, proporcionando enorme conveni\u00eancia aos nossos clientes. N\u00e3o hesite em contactar-nos para mais detalhes e um or\u00e7amento!<\/p>    <h2 class=\"wp-block-heading\">Par\u00e2metros t\u00e9cnicos da extrusora de ra\u00e7\u00e3o para peixes<\/h2>    <figure class=\"wp-block-table\"><table><tbody><tr><td>Modelo<\/td><td>DGP60-B<\/td><\/tr><tr><td>Capacidade (t\/h)<\/td><td>0.10-0.12<\/td><\/tr><tr><td>Pot\u00eancia principal (kW)<\/td><td>15<\/td><\/tr><tr><td>Pot\u00eancia de alimenta\u00e7\u00e3o (kW)<\/td><td>0.4<\/td><\/tr><tr><td>Di\u00e2metro espiral (mm)<\/td><td>\u03a660<\/td><\/tr><tr><td>Corte de energia<\/td><td>0.4<\/td><\/tr><\/tbody><\/table><figcaption class=\"wp-element-caption\">par\u00e2metro do extrusor de ra\u00e7\u00e3o para peixes<\/figcaption><\/figure>    <h2 class=\"wp-block-heading\">Escopo de aplica\u00e7\u00e3o da m\u00e1quina de fazer pellets de peixe<\/h2>    <p class=\"translation-block\">O <a href=\"https:\/\/pelletmillmachine.com\/animal-fish-feed-pellet-making-machine\/\" target=\"_blank\" rel=\"noopener\">extrusor de ra\u00e7\u00e3o para peixes do tipo seco<\/a> utiliza milho, soja, farelo de soja, farelo de trigo, farinha de peixe, entre outros, como mat\u00e9rias-primas. Extrusores de ra\u00e7\u00e3o para peixes do tipo seco podem produzir pellets de ra\u00e7\u00e3o para peixes em diferentes estados e formas. Por exemplo, pellets de ra\u00e7\u00e3o para peixes flutuantes e afundantes; e pellets para animais de estima\u00e7\u00e3o de diferentes formas. Os produtos acabados s\u00e3o bons em sabor e ricos em nutrientes.<\/p>    <p>Os produtos acabados para alimenta\u00e7\u00e3o final s\u00e3o adequados para c\u00e3es, gatos, peixes, p\u00e1ssaros, coelhos, camar\u00f5es, c\u00e3es, gatos, etc.<br>Geralmente, a m\u00e1quina tamb\u00e9m \u00e9 adequada para criadores profissionais, pequenas e m\u00e9dias f\u00e1bricas de ra\u00e7\u00f5es e institutos de pesquisa.<\/p>    <figure class=\"wp-block-image size-full\"><img loading=\"lazy\" decoding=\"async\" width=\"720\" height=\"540\" src=\"https:\/\/fishfoodpelletmachine.com\/wp-content\/uploads\/2022\/08\/using-acope-of-the-fish-food-pelleting-machine-1.jpg\" alt=\"aplica\u00e7\u00f5es da m\u00e1quina de peletiza\u00e7\u00e3o de ra\u00e7\u00e3o para peixes\" class=\"wp-image-60\" title=\"uso do extrusor de ra\u00e7\u00e3o para peixes - m\u00e1quina de pelotiza\u00e7\u00e3o de alimentos para peixes\" srcset=\"https:\/\/fishfoodpelletmachine.com\/wp-content\/uploads\/2022\/08\/using-acope-of-the-fish-food-pelleting-machine-1.jpg 720w, https:\/\/fishfoodpelletmachine.com\/wp-content\/uploads\/2022\/08\/using-acope-of-the-fish-food-pelleting-machine-1-300x225.jpg 300w\" sizes=\"auto, (max-width: 720px) 100vw, 720px\" \/><figcaption class=\"wp-element-caption\">Aplica\u00e7\u00f5es da peletizadora de alimentos para peixes<\/figcaption><\/figure>    <h2 class=\"wp-block-heading\">M\u00e1quinas flutuantes de pellets de ra\u00e7\u00e3o para peixes morrem e pe\u00e7as de desgaste<\/h2>    <p>As pe\u00e7as de desgaste da extrusora de ra\u00e7\u00e3o para peixes do tipo seco incluem principalmente o parafuso, a bucha e a l\u00e2mina. Cada m\u00e1quina que vendemos dar\u00e1 seis moldes aos nossos clientes, para que possam escolher o mais adequado \u00e0s suas necessidades.<\/p>    <figure class=\"wp-block-image size-full is-resized\"><img loading=\"lazy\" decoding=\"async\" width=\"720\" height=\"540\" src=\"https:\/\/fishfoodpelletmachine.com\/wp-content\/uploads\/2022\/08\/models-of-fish-feed-extruder-2.jpg\" alt=\"modelos de extrusora de ra\u00e7\u00e3o para peixes\" class=\"wp-image-57\" title=\"modelos de extrusor de ra\u00e7\u00e3o para peixes \" srcset=\"https:\/\/fishfoodpelletmachine.com\/wp-content\/uploads\/2022\/08\/models-of-fish-feed-extruder-2.jpg 720w, https:\/\/fishfoodpelletmachine.com\/wp-content\/uploads\/2022\/08\/models-of-fish-feed-extruder-2-300x225.jpg 300w\" sizes=\"auto, (max-width: 720px) 100vw, 720px\" \/><figcaption class=\"wp-element-caption\">Modelos de extrusora de ra\u00e7\u00e3o para peixes<\/figcaption><\/figure>    <h2 class=\"wp-block-heading\">Por que escolher nossa m\u00e1quina de processamento de ra\u00e7\u00e3o para peixes?<\/h2>    <ol class=\"wp-block-list\"> <li>Somos um fabricante profissional de m\u00e1quinas de processamento de ra\u00e7\u00e3o para peixes. Desde a concep\u00e7\u00e3o da m\u00e1quina ao material utilizado, na produ\u00e7\u00e3o, contamos com uma equipa profissional e sistema de supervis\u00e3o. Portanto, a extrusora de ra\u00e7\u00e3o para peixes do tipo seco produzida tem uma estrutura razo\u00e1vel, \u00e9 dur\u00e1vel e tem um bom funcionamento.<\/li>    <li>Nosso servi\u00e7o atencioso. Recomendaremos a m\u00e1quina certa para nossos clientes e responderemos \u00e0s suas perguntas a tempo. Forne\u00e7a todas as informa\u00e7\u00f5es que os clientes precisarem.<\/li>    <li>O pre\u00e7o que pode ser pago. O pre\u00e7o da nossa extrusora de ra\u00e7\u00e3o para peixes tipo seco n\u00e3o \u00e9 alto, de acordo com as necessidades do p\u00fablico, e a maioria dos clientes pode pagar por ela.<\/li>    <li>Servi\u00e7o p\u00f3s-venda de um ano. Forneceremos servi\u00e7o p\u00f3s-venda gratuito de um ano aos nossos clientes. Ajude os clientes a resolver seus problemas.<\/li> <\/ol>    <figure class=\"wp-block-image size-full\"><img loading=\"lazy\" decoding=\"async\" width=\"720\" height=\"540\" src=\"https:\/\/fishfoodpelletmachine.com\/wp-content\/uploads\/2022\/08\/fish-feed-pelleting-machine1-.jpg\" alt=\"m\u00e1quina de granula\u00e7\u00e3o de ra\u00e7\u00e3o para peixes\" class=\"wp-image-58\" title=\"m\u00e1quina de granula\u00e7\u00e3o de ra\u00e7\u00e3o para peixes\" srcset=\"https:\/\/fishfoodpelletmachine.com\/wp-content\/uploads\/2022\/08\/fish-feed-pelleting-machine1-.jpg 720w, https:\/\/fishfoodpelletmachine.com\/wp-content\/uploads\/2022\/08\/fish-feed-pelleting-machine1--300x225.jpg 300w\" sizes=\"auto, (max-width: 720px) 100vw, 720px\" \/><figcaption class=\"wp-element-caption\">M\u00e1quina de peletiza\u00e7\u00e3o de ra\u00e7\u00e3o para peixes<\/figcaption><\/figure>","protected":false},"excerpt":{"rendered":"<p>A extrusora de ra\u00e7\u00e3o para peixes do tipo seco \u00e9 amplamente utilizada. Faz com que a mat\u00e9ria-prima tenha um determinado formato atrav\u00e9s da extrus\u00e3o em espiral.<\/p>","protected":false},"author":1,"featured_media":336,"parent":0,"template":"","tags":[16,18,20],"product-type":[5],"class_list":["post-54","product","type-product","status-publish","has-post-thumbnail","hentry","tag-dry-type-fish-feed-extruder","tag-fish-feed-pellet-machine","tag-fish-feed-pelleting-machine-2","product-type-fish-feed-pellet-machine"],"_links":{"self":[{"href":"https:\/\/fishfoodpelletmachine.com\/pt\/wp-json\/wp\/v2\/product\/54","targetHints":{"allow":["GET"]}}],"collection":[{"href":"https:\/\/fishfoodpelletmachine.com\/pt\/wp-json\/wp\/v2\/product"}],"about":[{"href":"https:\/\/fishfoodpelletmachine.com\/pt\/wp-json\/wp\/v2\/types\/product"}],"author":[{"embeddable":true,"href":"https:\/\/fishfoodpelletmachine.com\/pt\/wp-json\/wp\/v2\/users\/1"}],"wp:featuredmedia":[{"embeddable":true,"href":"https:\/\/fishfoodpelletmachine.com\/pt\/wp-json\/wp\/v2\/media\/336"}],"wp:attachment":[{"href":"https:\/\/fishfoodpelletmachine.com\/pt\/wp-json\/wp\/v2\/media?parent=54"}],"wp:term":[{"taxonomy":"post_tag","embeddable":true,"href":"https:\/\/fishfoodpelletmachine.com\/pt\/wp-json\/wp\/v2\/tags?post=54"},{"taxonomy":"product-type","embeddable":true,"href":"https:\/\/fishfoodpelletmachine.com\/pt\/wp-json\/wp\/v2\/product-type?post=54"}],"curies":[{"name":"wp","href":"https:\/\/api.w.org\/{rel}","templated":true}]}}