{"id":62,"date":"2022-08-01T10:24:47","date_gmt":"2022-08-01T10:24:47","guid":{"rendered":"https:\/\/fishfoodpelletmachine.com\/?post_type=product&#038;p=62"},"modified":"2024-01-12T17:25:32","modified_gmt":"2024-01-12T09:25:32","slug":"fish-feed-mill-machine","status":"publish","type":"product","link":"https:\/\/fishfoodpelletmachine.com\/pt\/product\/fish-feed-mill-machine\/","title":{"rendered":"M\u00e1quina para fabricar ra\u00e7\u00e3o para peixes\u4e28M\u00e1quina para fabricar pelotas de peixe"},"content":{"rendered":"<p>A m\u00e1quina moinho de ra\u00e7\u00e3o para peixes DGP70-B representa uma virada de jogo no dom\u00ednio da extrus\u00e3o de pellets de peixe. Com uma produ\u00e7\u00e3o maior e um di\u00e2metro de rosca aumentado em compara\u00e7\u00e3o com outras m\u00e1quinas extrusoras de ra\u00e7\u00e3o para peixes, este modelo \u00e9 excepcionalmente adequado para fabricantes de pellets de peixe de diversas escalas, sejam opera\u00e7\u00f5es pequenas, m\u00e9dias ou grandes. <\/p>    <p>O que diferencia o DGP70-B \u00e9 a sua versatilidade, tornando-o a escolha preferida em uma ampla gama de empresas de aquicultura. Especialmente not\u00e1vel \u00e9 a sua integra\u00e7\u00e3o perfeita com m\u00e1quinas complementares, como moedores e misturadores. <\/p>    <p>Essa sinergia permite que o DGP70-B processe eficientemente grandes quantidades de mat\u00e9rias-primas, atendendo \u00e0s demandas de produ\u00e7\u00e3o de ra\u00e7\u00e3o para peixes de alta capacidade com precis\u00e3o e efic\u00e1cia incompar\u00e1veis.<\/p>    <figure class=\"wp-block-embed is-type-video is-provider-youtube wp-block-embed-youtube wp-embed-aspect-16-9 wp-has-aspect-ratio\"><div class=\"wp-block-embed__wrapper\"> <iframe loading=\"lazy\" title=\"Ampliando a aquicultura: o papel das m\u00e1quinas de processamento de ra\u00e7\u00e3o para peixes de alto rendimento #fish #fishfeed #feed\" width=\"500\" height=\"281\" src=\"https:\/\/www.youtube.com\/embed\/HuZCsCn3OpY?feature=oembed\" frameborder=\"0\" allow=\"accelerometer; autoplay; clipboard-write; encrypted-media; gyroscope; picture-in-picture; web-share\" referrerpolicy=\"strict-origin-when-cross-origin\" allowfullscreen><\/iframe> <\/div><figcaption class=\"wp-element-caption\">v\u00eddeo de trabalho da extrusora de ra\u00e7\u00e3o para peixes<\/figcaption><\/figure>    <h2 class=\"wp-block-heading\" id=\"h-how-does-the-fish-feed-mill-machine-work\">Como funciona a m\u00e1quina de moagem de ra\u00e7\u00e3o para peixes?<\/h2>   <div id=\"rank-math-howto\" class=\"rank-math-block\" > <div class=\"rank-math-howto-description\">  <\/div>  <div class=\"rank-math-steps\"> <div id=\"howto-step-1705041036391\" class=\"rank-math-step\"> <h3 class=\"rank-math-step-title\">1. <strong>Introdu\u00e7\u00e3o material:<\/strong><\/h3> <div class=\"rank-math-step-content\"><p>O processo come\u00e7a com a introdu\u00e7\u00e3o da mat\u00e9ria-prima na m\u00e1quina da f\u00e1brica de ra\u00e7\u00e3o para peixes.<\/p> <\/div> <\/div> <div id=\"howto-step-1705041062609\" class=\"rank-math-step\"> <h3 class=\"rank-math-step-title\">2. <strong>Misturar e amassar:<\/strong><\/h3> <div class=\"rank-math-step-content\"><p>Dentro da m\u00e1quina, um parafuso e uma luva trabalham em colabora\u00e7\u00e3o para misturar e amassar completamente as mat\u00e9rias-primas.<\/p> <\/div> <\/div> <div id=\"howto-step-1705041078549\" class=\"rank-math-step\"> <h3 class=\"rank-math-step-title\">3. <strong>Extrus\u00e3o, fric\u00e7\u00e3o e cisalhamento:<\/strong><\/h3> <div class=\"rank-math-step-content\"><p>\u00c0 medida que a mat\u00e9ria-prima entra na cavidade de puffing, ela passa por a\u00e7\u00f5es de extrus\u00e3o, atrito e cisalhamento. Isso leva a um aumento cont\u00ednuo da press\u00e3o e temperatura internas, induzindo mudan\u00e7as na estrutura do material.<\/p> <\/div> <\/div> <div id=\"howto-step-1705041096205\" class=\"rank-math-step\"> <h3 class=\"rank-math-step-title\">4. <strong>Colagem de amido:<\/strong><\/h3> <div class=\"rank-math-step-content\"><img loading=\"lazy\" decoding=\"async\" width=\"720\" height=\"540\" src=\"https:\/\/fishfoodpelletmachine.com\/wp-content\/uploads\/2022\/08\/fish-pellet-making-machine-with-a-good-price.webp\" class=\"attachment-full size-full\" alt=\"M\u00e1quina de fazer pellets de ra\u00e7\u00e3o\" srcset=\"https:\/\/fishfoodpelletmachine.com\/wp-content\/uploads\/2022\/08\/fish-pellet-making-machine-with-a-good-price.webp 720w, https:\/\/fishfoodpelletmachine.com\/wp-content\/uploads\/2022\/08\/fish-pellet-making-machine-with-a-good-price-300x225.webp 300w\" sizes=\"auto, (max-width: 720px) 100vw, 720px\" title=\"\"><p>O aumento da temperatura e da press\u00e3o facilita ainda mais a colagem do amido, alterando fundamentalmente a composi\u00e7\u00e3o do material.<\/p> <\/div> <\/div> <div id=\"howto-step-1705041119797\" class=\"rank-math-step\"> <h3 class=\"rank-math-step-title\">5. <strong>Extrus\u00e3o de alta temperatura:<\/strong><\/h3> <div class=\"rank-math-step-content\"><p>O material de alta temperatura e alta press\u00e3o \u00e9 ent\u00e3o expelido da porta de descarga. Durante este processo, a \u00e1gua sofre parcialmente evapora\u00e7\u00e3o instant\u00e2nea.<\/p> <\/div> <\/div> <div id=\"howto-step-1705041137915\" class=\"rank-math-step\"> <h3 class=\"rank-math-step-title\">6. <strong>Est\u00e1gio de resfriamento:<\/strong><\/h3> <div class=\"rank-math-step-content\"><p>Ap\u00f3s a extrus\u00e3o, o material passa por uma etapa de resfriamento. Isso resulta em uma estrutura solta e porosa, e o material inchado assume a forma de massa, flocos ou migalhas grossas.<\/p> <\/div> <\/div> <div id=\"howto-step-1705041157438\" class=\"rank-math-step\"> <h3 class=\"rank-math-step-title\">7. <strong>Forma\u00e7\u00e3o de pelotas:<\/strong><\/h3> <div class=\"rank-math-step-content\"><p>O material, agora em estado ideal, \u00e9 moldado em v\u00e1rios pellets de alimenta\u00e7\u00e3o \u00e0 medida que sai pelo molde.<\/p> <\/div> <\/div> <\/div> <\/div>       <figure class=\"wp-block-image size-full\"><img loading=\"lazy\" decoding=\"async\" width=\"720\" height=\"540\" src=\"https:\/\/fishfoodpelletmachine.com\/wp-content\/uploads\/2022\/09\/floating-fish-feed-pellet-machines-structure_.webp\" alt=\"estrutura da m\u00e1quina de fabrica\u00e7\u00e3o de pellets de peixe\" class=\"wp-image-356\" title=\"estrutura da m\u00e1quina de fabrica\u00e7\u00e3o de pellets de peixe\" srcset=\"https:\/\/fishfoodpelletmachine.com\/wp-content\/uploads\/2022\/09\/floating-fish-feed-pellet-machines-structure_.webp 720w, https:\/\/fishfoodpelletmachine.com\/wp-content\/uploads\/2022\/09\/floating-fish-feed-pellet-machines-structure_-300x225.webp 300w\" sizes=\"auto, (max-width: 720px) 100vw, 720px\" \/><figcaption class=\"wp-element-caption\">Estrutura da m\u00e1quina de fazer pelotas de peixe<\/figcaption><\/figure>    <h2 class=\"wp-block-heading\">Informa\u00e7\u00f5es detalhadas sobre a m\u00e1quina de fazer pellets de peixe<\/h2>    <figure class=\"wp-block-table\"><table><tbody><tr><td>Modelo<\/td><td>DGP70-B<\/td><\/tr><tr><td>Capacidade (t\/h)<\/td><td>0.18-0.20<\/td><\/tr><tr><td>Pot\u00eancia principal (kW)<\/td><td>18.5<\/td><\/tr><tr><td>Pot\u00eancia de alimenta\u00e7\u00e3o (kW)<\/td><td>0.4<\/td><\/tr><tr><td>Di\u00e2metro espiral (mm)<\/td><td>\u03c670<\/td><\/tr><tr><td>Corte de energia<\/td><td>0.4<\/td><\/tr><\/tbody><\/table><figcaption class=\"wp-element-caption\">par\u00e2metro da m\u00e1quina de fabrica\u00e7\u00e3o de pellets de ra\u00e7\u00e3o para peixes<\/figcaption><\/figure>    <figure class=\"wp-block-image size-full\"><img loading=\"lazy\" decoding=\"async\" width=\"720\" height=\"540\" src=\"https:\/\/fishfoodpelletmachine.com\/wp-content\/uploads\/2022\/09\/Fish-feed-mill-machine-.webp\" alt=\"M\u00e1quina moinho de ra\u00e7\u00e3o para peixes\" class=\"wp-image-355\" title=\"M\u00e1quina moinho de ra\u00e7\u00e3o para peixes\" srcset=\"https:\/\/fishfoodpelletmachine.com\/wp-content\/uploads\/2022\/09\/Fish-feed-mill-machine-.webp 720w, https:\/\/fishfoodpelletmachine.com\/wp-content\/uploads\/2022\/09\/Fish-feed-mill-machine--300x225.webp 300w\" sizes=\"auto, (max-width: 720px) 100vw, 720px\" \/><figcaption class=\"wp-element-caption\">M\u00e1quina moinho de ra\u00e7\u00e3o para peixes<\/figcaption><\/figure>    <h2 class=\"wp-block-heading\">Mat\u00e9rias-primas para fazer pellets de ra\u00e7\u00e3o<\/h2>    <p>A sele\u00e7\u00e3o das mat\u00e9rias-primas desempenha um papel fundamental na qualidade e composi\u00e7\u00e3o nutricional dos pellets de ra\u00e7\u00e3o para peixes. Nossa m\u00e1quina de pellets de ra\u00e7\u00e3o demonstra adaptabilidade excepcional, capaz de processar uma ampla gama de materiais para garantir uma nutri\u00e7\u00e3o abrangente e balanceada na ra\u00e7\u00e3o.<\/p>    <p>Interiores, p\u00f3 de osso e p\u00f3 de peixe at\u00e9 sementes de algod\u00e3o, milho, palha de trigo e p\u00f3 de arroz s\u00e3o mat\u00e9rias-primas aplic\u00e1veis. Esta flexibilidade permite ajustar a composi\u00e7\u00e3o da ra\u00e7\u00e3o para atender \u00e0s necessidades nutricionais espec\u00edficas de diferentes esp\u00e9cies de peixes e est\u00e1gios de crescimento.<\/p>    <figure class=\"wp-block-image size-full\"><img loading=\"lazy\" decoding=\"async\" width=\"720\" height=\"540\" src=\"https:\/\/fishfoodpelletmachine.com\/wp-content\/uploads\/2022\/08\/finished-products-of-feed-pellet-maker.webp\" alt=\"produtos acabados do fabricante de pellets de ra\u00e7\u00e3o\" class=\"wp-image-766\" title=\"\" srcset=\"https:\/\/fishfoodpelletmachine.com\/wp-content\/uploads\/2022\/08\/finished-products-of-feed-pellet-maker.webp 720w, https:\/\/fishfoodpelletmachine.com\/wp-content\/uploads\/2022\/08\/finished-products-of-feed-pellet-maker-300x225.webp 300w\" sizes=\"auto, (max-width: 720px) 100vw, 720px\" \/><figcaption class=\"wp-element-caption\">Produtos acabados do fabricante de pellets de ra\u00e7\u00e3o<\/figcaption><\/figure>    <p>As v\u00edsceras de animais e o p\u00f3 de ossos fornecem prote\u00ednas e minerais ricos, enquanto o p\u00f3 de peixe contribui com gorduras e prote\u00ednas essenciais. Materiais \u00e0 base de gr\u00e3os, como sementes de algod\u00e3o, milho, palha de trigo e p\u00f3 de arroz, oferecem carboidratos e fibras, garantindo um perfil nutricional completo.<\/p>    <p>A nossa m\u00e1quina de peletiza\u00e7\u00e3o de ra\u00e7\u00e3o, utilizando processos de extrus\u00e3o avan\u00e7ados, transforma eficientemente estas mat\u00e9rias-primas em pellets uniformes e facilmente digest\u00edveis. Quer esteja envolvido na agricultura em pequena escala ou na aquicultura em grande escala, o nosso equipamento atende \u00e0 demanda por ra\u00e7\u00e3o de alta qualidade e personalizada. Escolher a combina\u00e7\u00e3o certa de mat\u00e9rias-primas garante um suporte nutricional ideal para os seus peixes em cada fase de crescimento.<\/p>    <h2 class=\"wp-block-heading\">Caracter\u00edsticas not\u00e1veis \u200b\u200bdas m\u00e1quinas sopradoras de ra\u00e7\u00e3o para peixes<\/h2>    <p>1. Pode se adaptar a diferentes requisitos de produ\u00e7\u00e3o. <\/p>    <p>F\u00e1bricas de ra\u00e7\u00f5es de grande e m\u00e9dio porte podem us\u00e1-lo para processamento de mat\u00e9rias-primas ou produ\u00e7\u00e3o de ra\u00e7\u00f5es especiais. Como tratamento de desintoxica\u00e7\u00e3o de soja integral tufada, milho tufado e farelo de algod\u00e3o. <\/p>    <p>Al\u00e9m disso, a m\u00e1quina sopradora de ra\u00e7\u00e3o para peixes pode soprar ra\u00e7\u00e3o para animais de estima\u00e7\u00e3o, ra\u00e7\u00e3o aqu\u00e1tica, ra\u00e7\u00e3o para raposa, etc. Pequenas f\u00e1bricas de ra\u00e7\u00e3o ou fazendas de grande e m\u00e9dio porte tamb\u00e9m podem usar esta m\u00e1quina para f\u00e1brica de ra\u00e7\u00e3o para peixes como equipamento principal, para a produ\u00e7\u00e3o de pre\u00e7o integral ra\u00e7\u00e3o inchada.<\/p>    <figure class=\"wp-block-image size-full\"><img loading=\"lazy\" decoding=\"async\" width=\"720\" height=\"540\" src=\"https:\/\/fishfoodpelletmachine.com\/wp-content\/uploads\/2022\/08\/automatic-fish-pellet-making-machine.webp\" alt=\"m\u00e1quina autom\u00e1tica de fabrica\u00e7\u00e3o de pellets de peixe\" class=\"wp-image-761\" title=\"\" srcset=\"https:\/\/fishfoodpelletmachine.com\/wp-content\/uploads\/2022\/08\/automatic-fish-pellet-making-machine.webp 720w, https:\/\/fishfoodpelletmachine.com\/wp-content\/uploads\/2022\/08\/automatic-fish-pellet-making-machine-300x225.webp 300w\" sizes=\"auto, (max-width: 720px) 100vw, 720px\" \/><figcaption class=\"wp-element-caption\">M\u00e1quina autom\u00e1tica para fazer pelotas de peixe<\/figcaption><\/figure>    <p>2. A m\u00e1quina sopradora de ra\u00e7\u00e3o para peixes pode se adaptar a diferentes materiais e diferentes condi\u00e7\u00f5es de produ\u00e7\u00e3o. <\/p>    <p>A m\u00e1quina possui um alimentador autom\u00e1tico de velocidade. E a m\u00e1quina pode alterar o volume de alimenta\u00e7\u00e3o de acordo com a situa\u00e7\u00e3o. O parafuso de extrus\u00e3o \u00e9 uma estrutura combinada do tipo luva e a luva do parafuso adota a estrutura interna do tipo cilindro. <\/p>    <p>Portanto, de acordo com diferentes requisitos de sopro, a composi\u00e7\u00e3o flex\u00edvel do grupo de parafusos de extrus\u00e3o correspondente, e ent\u00e3o equipada com diferentes pe\u00e7as de exporta\u00e7\u00e3o, pode se adaptar a diferentes condi\u00e7\u00f5es de processamento.<\/p>    <p>3. A estrutura da peletizadora de ra\u00e7\u00e3o para peixes \u00e9 simples, pr\u00e1tica e f\u00e1cil de operar e manter.<\/p>    <figure class=\"wp-block-image size-full\"><img loading=\"lazy\" decoding=\"async\" width=\"720\" height=\"540\" src=\"https:\/\/fishfoodpelletmachine.com\/wp-content\/uploads\/2022\/09\/molds-and-finished-product-.webp\" alt=\"moldes diferentes de peletizadora de ra\u00e7\u00e3o para peixes\" class=\"wp-image-352\" title=\"moldes e produto acabado\" srcset=\"https:\/\/fishfoodpelletmachine.com\/wp-content\/uploads\/2022\/09\/molds-and-finished-product-.webp 720w, https:\/\/fishfoodpelletmachine.com\/wp-content\/uploads\/2022\/09\/molds-and-finished-product--300x225.webp 300w\" sizes=\"auto, (max-width: 720px) 100vw, 720px\" \/><figcaption class=\"wp-element-caption\">Diferentes moldes de peletizador de ra\u00e7\u00e3o para peixes<\/figcaption><\/figure>    <h2 class=\"wp-block-heading\">M\u00e1quinas que podem compor uma linha de produ\u00e7\u00e3o de ra\u00e7\u00e3o para peixes<\/h2>    <p>Devido \u00e0 grande produ\u00e7\u00e3o do DGP70-B da f\u00e1brica de pellets de ra\u00e7\u00e3o para peixes, \u00e9 demorado e trabalhoso processar manualmente as mat\u00e9rias-primas e os pellets de ra\u00e7\u00e3o para peixes rec\u00e9m-sa\u00eddos da m\u00e1quina. <\/p>    <p>Portanto, pode ser equipado com outros equipamentos profissionais para formar uma linha de produ\u00e7\u00e3o para economizar tempo de processamento e melhorar a qualidade dos pellets de peixe. <\/p>    <p class=\"translation-block\">As m\u00e1quinas incluem um <a href=\"https:\/\/taizyfarmequipment.com\/product\/hammer-mill-grinder\/\" target=\"_blank\" rel=\"noopener\">triturador de gr\u00e3os<\/a>, misturador, elevador de parafuso, secador, elevador de balde, cooler, m\u00e1quina de tempero, etc. Recomendaremos a combina\u00e7\u00e3o certa de linhas de moinho de pellets de ra\u00e7\u00e3o para peixes de acordo com as necessidades espec\u00edficas de nossos clientes.<\/p>    <figure class=\"wp-block-image size-full\"><img loading=\"lazy\" decoding=\"async\" width=\"720\" height=\"540\" src=\"https:\/\/fishfoodpelletmachine.com\/wp-content\/uploads\/2022\/08\/fish-feed-mill-machine-for-sale.webp\" alt=\"m\u00e1quina de moagem de ra\u00e7\u00e3o para peixes \u00e0 venda\" class=\"wp-image-762\" title=\"\" srcset=\"https:\/\/fishfoodpelletmachine.com\/wp-content\/uploads\/2022\/08\/fish-feed-mill-machine-for-sale.webp 720w, https:\/\/fishfoodpelletmachine.com\/wp-content\/uploads\/2022\/08\/fish-feed-mill-machine-for-sale-300x225.webp 300w\" sizes=\"auto, (max-width: 720px) 100vw, 720px\" \/><figcaption class=\"wp-element-caption\">M\u00e1quina moinho de ra\u00e7\u00e3o para peixes para venda<\/figcaption><\/figure>    <h2 class=\"wp-block-heading\">Moinho de pellets de peixe enviado para a B\u00e9lgica<\/h2>    <p class=\"translation-block\">Nosso cliente da B\u00e9lgica comprou uma <a href=\"https:\/\/fishfoodpelletmachine.com\/pt\/product\/fish-pellet-making-machine\/\">m\u00e1quina de moinho de ra\u00e7\u00e3o para peixes DGP40<\/a> de n\u00f3s na semana passada. Ele tem v\u00e1rios viveiros para criar peixes. Seu amigo est\u00e1 na mesma ind\u00fastria que ele e agora est\u00e1 usando o moinho de pellets de ra\u00e7\u00e3o para peixes para fazer ra\u00e7\u00e3o. Ent\u00e3o ele tamb\u00e9m queria fazer seus pellets de ra\u00e7\u00e3o para peixes. <\/p>    <p>Ao pesquisar, ele encontrou o nosso site e enviou-nos uma consulta. Assim, recomendamos o moinho de pellets de ra\u00e7\u00e3o para peixes modelo 40 de acordo com a produ\u00e7\u00e3o necess\u00e1ria pelo cliente. E foi equipado com motor a diesel de acordo com a situa\u00e7\u00e3o do cliente. Depois de todas as informa\u00e7\u00f5es serem confirmadas, come\u00e7amos a produ\u00e7\u00e3o da m\u00e1quina. <\/p>    <figure class=\"wp-block-gallery has-nested-images columns-default is-cropped wp-block-gallery-2 is-layout-flex wp-block-gallery-is-layout-flex\"> <figure class=\"wp-block-image size-large\"><img loading=\"lazy\" decoding=\"async\" width=\"720\" height=\"540\" data-id=\"358\" src=\"https:\/\/fishfoodpelletmachine.com\/wp-content\/uploads\/2022\/09\/fish-feed-pelletizer-0.webp\" alt=\"embalagem da peletizadora de ra\u00e7\u00e3o para peixes\" class=\"wp-image-358\" title=\"peletizador de ra\u00e7\u00e3o para peixes\" srcset=\"https:\/\/fishfoodpelletmachine.com\/wp-content\/uploads\/2022\/09\/fish-feed-pelletizer-0.webp 720w, https:\/\/fishfoodpelletmachine.com\/wp-content\/uploads\/2022\/09\/fish-feed-pelletizer-0-300x225.webp 300w\" sizes=\"auto, (max-width: 720px) 100vw, 720px\" \/><figcaption class=\"wp-element-caption\">Pacote de peletizador de ra\u00e7\u00e3o para peixes<\/figcaption><\/figure>    <figure class=\"wp-block-image size-large\"><img loading=\"lazy\" decoding=\"async\" width=\"720\" height=\"540\" data-id=\"360\" src=\"https:\/\/fishfoodpelletmachine.com\/wp-content\/uploads\/2022\/09\/wooden-case-packing-of-the-fish-feed-mill-machine-.webp\" alt=\"embalagem em caixa de madeira da m\u00e1quina de ra\u00e7\u00e3o para peixes\" class=\"wp-image-360\" title=\"embalagem em caixa de madeira da m\u00e1quina de ra\u00e7\u00e3o para peixes\" srcset=\"https:\/\/fishfoodpelletmachine.com\/wp-content\/uploads\/2022\/09\/wooden-case-packing-of-the-fish-feed-mill-machine-.webp 720w, https:\/\/fishfoodpelletmachine.com\/wp-content\/uploads\/2022\/09\/wooden-case-packing-of-the-fish-feed-mill-machine--300x225.webp 300w\" sizes=\"auto, (max-width: 720px) 100vw, 720px\" \/><figcaption class=\"wp-element-caption\">Embalagem de caixa de madeira da m\u00e1quina de moagem de ra\u00e7\u00e3o para peixes<\/figcaption><\/figure> <\/figure>    <h2 class=\"wp-block-heading\">Invista em nossa m\u00e1quina de moagem de ra\u00e7\u00e3o para peixes<\/h2>    <p>No dom\u00ednio do processamento de ra\u00e7\u00f5es, nossa m\u00e1quina moinho de ra\u00e7\u00f5es para peixes foi projetada para oferecer solu\u00e7\u00f5es superiores para o seu neg\u00f3cio de aquicultura. A escolha de nossos equipamentos n\u00e3o significa apenas produ\u00e7\u00e3o de ra\u00e7\u00e3o de alta qualidade, mas tamb\u00e9m representa um compromisso com o sucesso do seu neg\u00f3cio.<\/p>    <p>Nossa equipe profissional est\u00e1 pronta para fornecer suporte. Quer voc\u00ea tenha necessidades espec\u00edficas ou requisitos de personaliza\u00e7\u00e3o, recomendaremos a configura\u00e7\u00e3o de m\u00e1quina mais adequada com base em suas demandas exclusivas. <\/p>    <p>Contate-nos agora para saber mais sobre a M\u00e1quina Moinho de Ra\u00e7\u00f5es para Peixes e embarque em uma jornada de produ\u00e7\u00e3o de ra\u00e7\u00f5es customizada, eficiente e sustent\u00e1vel. Clique no bot\u00e3o de consulta abaixo para iniciar o caminho em dire\u00e7\u00e3o a um empreendimento de aquicultura pr\u00f3spero.<\/p>    <figure class=\"wp-block-gallery has-nested-images columns-default is-cropped wp-block-gallery-3 is-layout-flex wp-block-gallery-is-layout-flex\"> <figure class=\"wp-block-image size-large\"><img loading=\"lazy\" decoding=\"async\" width=\"720\" height=\"540\" data-id=\"763\" src=\"https:\/\/fishfoodpelletmachine.com\/wp-content\/uploads\/2022\/08\/exported-fish-feed-mill-machine.webp\" alt=\"m\u00e1quina de moagem de ra\u00e7\u00e3o para peixes exportada\" class=\"wp-image-763\" title=\"\" srcset=\"https:\/\/fishfoodpelletmachine.com\/wp-content\/uploads\/2022\/08\/exported-fish-feed-mill-machine.webp 720w, https:\/\/fishfoodpelletmachine.com\/wp-content\/uploads\/2022\/08\/exported-fish-feed-mill-machine-300x225.webp 300w\" sizes=\"auto, (max-width: 720px) 100vw, 720px\" \/><figcaption class=\"wp-element-caption\">M\u00e1quina exportada de ra\u00e7\u00e3o para peixes<\/figcaption><\/figure>    <figure class=\"wp-block-image size-large\"><img loading=\"lazy\" decoding=\"async\" width=\"720\" height=\"540\" data-id=\"764\" src=\"https:\/\/fishfoodpelletmachine.com\/wp-content\/uploads\/2022\/08\/fish-feed-mill-machine-in-stock.webp\" alt=\"m\u00e1quina de moinho de ra\u00e7\u00e3o para peixes em estoque\" class=\"wp-image-764\" title=\"\" srcset=\"https:\/\/fishfoodpelletmachine.com\/wp-content\/uploads\/2022\/08\/fish-feed-mill-machine-in-stock.webp 720w, https:\/\/fishfoodpelletmachine.com\/wp-content\/uploads\/2022\/08\/fish-feed-mill-machine-in-stock-300x225.webp 300w\" sizes=\"auto, (max-width: 720px) 100vw, 720px\" \/><figcaption class=\"wp-element-caption\">M\u00e1quina moinho de ra\u00e7\u00e3o para peixes em estoque<\/figcaption><\/figure> <\/figure>","protected":false},"excerpt":{"rendered":"<p>A m\u00e1quina moinho de ra\u00e7\u00e3o para peixes DGP70-B tem maior produ\u00e7\u00e3o e di\u00e2metro de rosca. Portanto, \u00e9 adequado para fabricantes de pellets de peixe de pequeno, m\u00e9dio e grande porte. <\/p>","protected":false},"author":1,"featured_media":353,"parent":0,"template":"","tags":[23,24,25],"product-type":[5],"class_list":["post-62","product","type-product","status-publish","has-post-thumbnail","hentry","tag-fish-feed-mill-machine","tag-fish-pellet-making-machine","tag-small-fish-feed-pellet-machine","product-type-fish-feed-pellet-machine"],"_links":{"self":[{"href":"https:\/\/fishfoodpelletmachine.com\/pt\/wp-json\/wp\/v2\/product\/62","targetHints":{"allow":["GET"]}}],"collection":[{"href":"https:\/\/fishfoodpelletmachine.com\/pt\/wp-json\/wp\/v2\/product"}],"about":[{"href":"https:\/\/fishfoodpelletmachine.com\/pt\/wp-json\/wp\/v2\/types\/product"}],"author":[{"embeddable":true,"href":"https:\/\/fishfoodpelletmachine.com\/pt\/wp-json\/wp\/v2\/users\/1"}],"wp:featuredmedia":[{"embeddable":true,"href":"https:\/\/fishfoodpelletmachine.com\/pt\/wp-json\/wp\/v2\/media\/353"}],"wp:attachment":[{"href":"https:\/\/fishfoodpelletmachine.com\/pt\/wp-json\/wp\/v2\/media?parent=62"}],"wp:term":[{"taxonomy":"post_tag","embeddable":true,"href":"https:\/\/fishfoodpelletmachine.com\/pt\/wp-json\/wp\/v2\/tags?post=62"},{"taxonomy":"product-type","embeddable":true,"href":"https:\/\/fishfoodpelletmachine.com\/pt\/wp-json\/wp\/v2\/product-type?post=62"}],"curies":[{"name":"wp","href":"https:\/\/api.w.org\/{rel}","templated":true}]}}