{"id":671,"date":"2023-10-23T11:48:53","date_gmt":"2023-10-23T03:48:53","guid":{"rendered":"https:\/\/fishfoodpelletmachine.com\/?post_type=product&#038;p=671"},"modified":"2024-09-09T15:45:23","modified_gmt":"2024-09-09T07:45:23","slug":"animal-feed-pellet-production-line","status":"publish","type":"product","link":"https:\/\/fishfoodpelletmachine.com\/pt\/product\/animal-feed-pellet-production-line\/","title":{"rendered":"Linha de produ\u00e7\u00e3o de pelotas de ra\u00e7\u00e3o animal"},"content":{"rendered":"<p>No dom\u00ednio din\u00e2mico da agricultura moderna, onde a precis\u00e3o e a efici\u00eancia s\u00e3o fundamentais, a Linha de Produ\u00e7\u00e3o de Pellets para Ra\u00e7\u00e3o Animal surge como uma pedra angular da gest\u00e3o pecu\u00e1ria sustent\u00e1vel. Este sofisticado sistema representa a converg\u00eancia de tecnologia de ponta e conhecimentos agr\u00edcolas, com o objetivo de revolucionar a forma como alimentamos o nosso gado.<\/p>    <p>Projetada para atender uma ampla gama de esp\u00e9cies animais, desde aves e pecu\u00e1ria at\u00e9 aquicultura, a Linha de Produ\u00e7\u00e3o de Pellets para Ra\u00e7\u00e3o Animal transforma mat\u00e9rias-primas em pellets nutricionalmente balanceados. Seus processos primorosamente projetados garantem uma densidade ideal de nutrientes, promovendo um crescimento saud\u00e1vel, melhorando as taxas de convers\u00e3o alimentar e, em \u00faltima an\u00e1lise, melhorando o bem-estar geral dos animais.<\/p>    <figure class=\"wp-block-image size-full\"><img loading=\"lazy\" decoding=\"async\" width=\"720\" height=\"540\" src=\"https:\/\/fishfoodpelletmachine.com\/wp-content\/uploads\/2023\/10\/commercial-feed-pellet-machine-3.webp\" alt=\"m\u00e1quina de pelotiza\u00e7\u00e3o de ra\u00e7\u00e3o comercial\" class=\"wp-image-688\" title=\"\" srcset=\"https:\/\/fishfoodpelletmachine.com\/wp-content\/uploads\/2023\/10\/commercial-feed-pellet-machine-3.webp 720w, https:\/\/fishfoodpelletmachine.com\/wp-content\/uploads\/2023\/10\/commercial-feed-pellet-machine-3-300x225.webp 300w\" sizes=\"auto, (max-width: 720px) 100vw, 720px\" \/><figcaption class=\"wp-element-caption\">M\u00e1quina comercial de pellets de ra\u00e7\u00e3o<\/figcaption><\/figure>    <h2 class=\"wp-block-heading\">Qual \u00e9 a linha de produ\u00e7\u00e3o de pellets de ra\u00e7\u00e3o animal?<\/h2>    <p>A Linha de Produ\u00e7\u00e3o de Pellets de Ra\u00e7\u00e3o Animal \u00e9 um sistema mecanizado projetado para a produ\u00e7\u00e3o eficiente e automatizada de pellets de ra\u00e7\u00e3o animal. \u00c9 uma configura\u00e7\u00e3o abrangente que abrange v\u00e1rias etapas envolvidas na transforma\u00e7\u00e3o de mat\u00e9rias-primas em pellets nutricionalmente equilibrados e facilmente digest\u00edveis, adequados para o consumo de uma ampla gama de gado e aves.<\/p>    <figure class=\"wp-block-image size-full\"><img loading=\"lazy\" decoding=\"async\" width=\"720\" height=\"540\" src=\"https:\/\/fishfoodpelletmachine.com\/wp-content\/uploads\/2023\/10\/pellet-production-line-with-good-price.webp\" alt=\"linha de produ\u00e7\u00e3o de pellets com bom pre\u00e7o\" class=\"wp-image-698\" title=\"\" srcset=\"https:\/\/fishfoodpelletmachine.com\/wp-content\/uploads\/2023\/10\/pellet-production-line-with-good-price.webp 720w, https:\/\/fishfoodpelletmachine.com\/wp-content\/uploads\/2023\/10\/pellet-production-line-with-good-price-300x225.webp 300w\" sizes=\"auto, (max-width: 720px) 100vw, 720px\" \/><figcaption class=\"wp-element-caption\">Linha de produ\u00e7\u00e3o de pelotas com bom pre\u00e7o<\/figcaption><\/figure>    <h2 class=\"wp-block-heading\">Principais componentes da linha de produ\u00e7\u00e3o de pellets de ra\u00e7\u00e3o<\/h2>    <figure class=\"wp-block-image size-full\"><img loading=\"lazy\" decoding=\"async\" width=\"720\" height=\"540\" src=\"https:\/\/fishfoodpelletmachine.com\/wp-content\/uploads\/2023\/10\/structure-of-the-pellet-production-line-2.webp\" alt=\"estrutura da linha de produ\u00e7\u00e3o de pellets\" class=\"wp-image-689\" title=\"\" srcset=\"https:\/\/fishfoodpelletmachine.com\/wp-content\/uploads\/2023\/10\/structure-of-the-pellet-production-line-2.webp 720w, https:\/\/fishfoodpelletmachine.com\/wp-content\/uploads\/2023\/10\/structure-of-the-pellet-production-line-2-300x225.webp 300w\" sizes=\"auto, (max-width: 720px) 100vw, 720px\" \/><figcaption class=\"wp-element-caption\">Estrutura da linha de produ\u00e7\u00e3o de pellets<\/figcaption><\/figure>    <h3 class=\"wp-block-heading\">1. Moinho de martelo<\/h3>    <ul class=\"wp-block-list\"> <li><strong>Fun\u00e7\u00e3o<\/strong>: Ele tritura mat\u00e9rias-primas at\u00e9 um tamanho adequado para processamento posterior, como quebrar gr\u00e3os e farelo de soja em part\u00edculas menores.<\/li>    <li><strong>Princ\u00edpio de funcionamento<\/strong>: Utiliza for\u00e7a mec\u00e2nica para moer e triturar as mat\u00e9rias-primas para atingir o tamanho de part\u00edcula desejado.<\/li> <\/ul>    <figure class=\"wp-block-table\"><table><tbody><tr><td>Capacidade<\/td><td>Tamanho<\/td><td>Peso<\/td><td>Poder<\/td><\/tr><tr><td>600-1300 kg\/hora<\/td><td>1850*1060*1240mm<\/td><td>850kg<\/td><td>22 kW<\/td><\/tr><\/tbody><\/table><\/figure>    <figure class=\"wp-block-image size-full\"><img loading=\"lazy\" decoding=\"async\" width=\"720\" height=\"540\" src=\"https:\/\/fishfoodpelletmachine.com\/wp-content\/uploads\/2023\/10\/Hammer-Mill-1.webp\" alt=\"Moinho de martelo\" class=\"wp-image-690\" title=\"\" srcset=\"https:\/\/fishfoodpelletmachine.com\/wp-content\/uploads\/2023\/10\/Hammer-Mill-1.webp 720w, https:\/\/fishfoodpelletmachine.com\/wp-content\/uploads\/2023\/10\/Hammer-Mill-1-300x225.webp 300w\" sizes=\"auto, (max-width: 720px) 100vw, 720px\" \/><figcaption class=\"wp-element-caption\">Moinho de martelo<\/figcaption><\/figure>    <h3 class=\"wp-block-heading\">2. Coletor de p\u00f3 de saco<\/h3>    <ul class=\"wp-block-list\"> <li><strong>Fun\u00e7\u00e3o<\/strong>: Remove poeira e impurezas para manter um ambiente de produ\u00e7\u00e3o limpo, garantindo a sa\u00fade do trabalhador.<\/li>    <li><strong>Princ\u00edpio de funcionamento<\/strong>: Utiliza bolsas filtrantes para reter part\u00edculas do fluxo de ar, mantendo o ar do ambiente limpo.<\/li> <\/ul>    <h3 class=\"wp-block-heading\">3. Triturador autoescorvante<\/h3>    <ul class=\"wp-block-list\"> <li><strong>Fun\u00e7\u00e3o<\/strong>: Refina ainda mais as mat\u00e9rias-primas para garantir uniformidade e consist\u00eancia dos pellets, melhorando sua qualidade.<\/li>    <li><strong>Princ\u00edpio de funcionamento<\/strong>: Utiliza for\u00e7a mec\u00e2nica e um mecanismo de suc\u00e7\u00e3o para esmagar as mat\u00e9rias-primas e, ao mesmo tempo, extrair o p\u00f3.<\/li> <\/ul>    <h3 class=\"wp-block-heading\">4. Rosca Transportadora<\/h3>    <ul class=\"wp-block-list\"> <li><strong>Fun\u00e7\u00e3o<\/strong>: Transporta a mat\u00e9ria-prima processada at\u00e9 a linha de produ\u00e7\u00e3o, possibilitando a alimenta\u00e7\u00e3o automatizada do material.<\/li>    <li><strong>Princ\u00edpio de funcionamento<\/strong>: utiliza dispositivos mec\u00e2nicos para levantar e transportar as mat\u00e9rias-primas atrav\u00e9s de um tubo transportador at\u00e9 a pr\u00f3xima unidade de processamento.<\/li> <\/ul>    <figure class=\"wp-block-table\"><table><tbody><tr><td>Capacidade<\/td><td>Poder<\/td><td>Tamanho<\/td><td>Peso<\/td><\/tr><tr><td>0-1000kg<\/td><td>1,5 kW<\/td><td>2800*850*740mm<\/td><td>200kg<\/td><\/tr><\/tbody><\/table><\/figure>    <figure class=\"wp-block-gallery has-nested-images columns-default is-cropped wp-block-gallery-2 is-layout-flex wp-block-gallery-is-layout-flex\"> <figure class=\"wp-block-image size-large\"><img loading=\"lazy\" decoding=\"async\" width=\"720\" height=\"540\" data-id=\"692\" src=\"https:\/\/fishfoodpelletmachine.com\/wp-content\/uploads\/2023\/10\/Screw-Conveyor-1.webp\" alt=\"Transportador de parafuso\" class=\"wp-image-692\" title=\"\" srcset=\"https:\/\/fishfoodpelletmachine.com\/wp-content\/uploads\/2023\/10\/Screw-Conveyor-1.webp 720w, https:\/\/fishfoodpelletmachine.com\/wp-content\/uploads\/2023\/10\/Screw-Conveyor-1-300x225.webp 300w\" sizes=\"auto, (max-width: 720px) 100vw, 720px\" \/><figcaption class=\"wp-element-caption\">Transportador de parafuso<\/figcaption><\/figure>    <figure class=\"wp-block-image size-large\"><img loading=\"lazy\" decoding=\"async\" width=\"720\" height=\"540\" data-id=\"691\" src=\"https:\/\/fishfoodpelletmachine.com\/wp-content\/uploads\/2023\/10\/details-of-the-Screw-Conveyor-1.webp\" alt=\"detalhes do transportador de parafuso\" class=\"wp-image-691\" title=\"\" srcset=\"https:\/\/fishfoodpelletmachine.com\/wp-content\/uploads\/2023\/10\/details-of-the-Screw-Conveyor-1.webp 720w, https:\/\/fishfoodpelletmachine.com\/wp-content\/uploads\/2023\/10\/details-of-the-Screw-Conveyor-1-300x225.webp 300w\" sizes=\"auto, (max-width: 720px) 100vw, 720px\" \/><figcaption class=\"wp-element-caption\">Detalhes do transportador helicoidal<\/figcaption><\/figure> <\/figure>    <h3 class=\"wp-block-heading\">5. Dispositivo de corte de ar<\/h3>    <ul class=\"wp-block-list\"> <li><strong>Fun\u00e7\u00e3o<\/strong>: Ajusta o fluxo de ar gerado para garantir que o material flua suavemente dentro do britador e para controlar o tamanho das part\u00edculas.<\/li>    <li><strong>Princ\u00edpio de funcionamento<\/strong>Regula a velocidade e a dire\u00e7\u00e3o do fluxo de ar controlando o fluxo de ar do ventilador.<\/li> <\/ul>    <h3 class=\"wp-block-heading\">6. Misturador<\/h3>    <ul class=\"wp-block-list\"> <li><strong>Fun\u00e7\u00e3o<\/strong>: Combina diferentes tipos de mat\u00e9rias-primas de maneira uniforme para garantir um perfil nutricional equilibrado nas ra\u00e7\u00f5es granuladas, melhorando a qualidade da ra\u00e7\u00e3o.<\/li>    <li><strong>Princ\u00edpio de funcionamento<\/strong>: Utiliza dispositivos de mistura mec\u00e2nica para misturar completamente diferentes tipos de mat\u00e9rias-primas.<\/li> <\/ul>    <figure class=\"wp-block-table\"><table><tbody><tr><td>Capacidade<\/td><td>Tamanho<\/td><td>Poder<\/td><td>Peso<\/td><\/tr><tr><td>0,5-1,2T<\/td><td>2100*800*1550mm<\/td><td>4kw<\/td><td>210kg<\/td><\/tr><\/tbody><\/table><\/figure>    <figure class=\"wp-block-image size-full\"><img loading=\"lazy\" decoding=\"async\" width=\"720\" height=\"540\" src=\"https:\/\/fishfoodpelletmachine.com\/wp-content\/uploads\/2023\/10\/mixer-of-the-pellet-production-line-1.webp\" alt=\"misturador da linha de produ\u00e7\u00e3o de pellets\" class=\"wp-image-693\" title=\"\" srcset=\"https:\/\/fishfoodpelletmachine.com\/wp-content\/uploads\/2023\/10\/mixer-of-the-pellet-production-line-1.webp 720w, https:\/\/fishfoodpelletmachine.com\/wp-content\/uploads\/2023\/10\/mixer-of-the-pellet-production-line-1-300x225.webp 300w\" sizes=\"auto, (max-width: 720px) 100vw, 720px\" \/><figcaption class=\"wp-element-caption\">Misturador da linha de produ\u00e7\u00e3o de pellets<\/figcaption><\/figure>    <h3 class=\"wp-block-heading\">7. Rosca Transportadora<\/h3>    <p class=\"translation-block\"><strong>Fun\u00e7\u00e3o<\/strong>: Ele alimenta a ra\u00e7\u00e3o misturada no silo de armazenamento, possibilitando a alimenta\u00e7\u00e3o automatizada de materiais.<\/p>    <h3 class=\"wp-block-heading\">8. Caixa de armazenamento<\/h3>    <ul class=\"wp-block-list\"> <li><strong>Fun\u00e7\u00e3o<\/strong>: Armazena a ra\u00e7\u00e3o misturada para garantir o funcionamento cont\u00ednuo da linha de produ\u00e7\u00e3o.<\/li>    <li><strong>Caracter\u00edsticas<\/strong>: normalmente tem uma certa capacidade para atender \u00e0s necessidades de produ\u00e7\u00e3o por um per\u00edodo de tempo espec\u00edfico.<\/li> <\/ul>    <h3 class=\"wp-block-heading\">9. Dispositivo de alimenta\u00e7\u00e3o<\/h3>    <p class=\"translation-block\"><strong>Fun\u00e7\u00e3o<\/strong>: Ele transporta o p\u00f3 de ra\u00e7\u00e3o misturado para o moinho de pellets para a pelotiza\u00e7\u00e3o.<\/p>    <h3 class=\"wp-block-heading\">10. M\u00e1quina de pellets de alimenta\u00e7\u00e3o<\/h3>    <ul class=\"wp-block-list\"> <li><strong>Fun\u00e7\u00e3o<\/strong>: Comprime a ra\u00e7\u00e3o misturada atrav\u00e9s de uma matriz para formar pellets compactados, melhorando a textura e a capacidade de armazenamento.<\/li>    <li><strong>Princ\u00edpio de funcionamento<\/strong>: Utiliza uma matriz e tratamento t\u00e9rmico para moldar o material misturado em pellets.<\/li> <\/ul>    <figure class=\"wp-block-table\"><table><tbody><tr><td>Capacidade<\/td><td>Tamanho<\/td><td>Poder<\/td><td>Peso<\/td><\/tr><tr><td>80-120 kg\/hora<\/td><td>800*350*670mm<\/td><td>4kw<\/td><td>95\/110kg<\/td><\/tr><\/tbody><\/table><\/figure>    <figure class=\"wp-block-image size-full\"><img loading=\"lazy\" decoding=\"async\" width=\"720\" height=\"540\" src=\"https:\/\/fishfoodpelletmachine.com\/wp-content\/uploads\/2023\/10\/Feed-Pellet-Machine-1.webp\" alt=\"M\u00e1quina de pellets de alimenta\u00e7\u00e3o\" class=\"wp-image-694\" title=\"\" srcset=\"https:\/\/fishfoodpelletmachine.com\/wp-content\/uploads\/2023\/10\/Feed-Pellet-Machine-1.webp 720w, https:\/\/fishfoodpelletmachine.com\/wp-content\/uploads\/2023\/10\/Feed-Pellet-Machine-1-300x225.webp 300w\" sizes=\"auto, (max-width: 720px) 100vw, 720px\" \/><figcaption class=\"wp-element-caption\">M\u00e1quina de pellets de alimenta\u00e7\u00e3o<\/figcaption><\/figure>    <h3 class=\"wp-block-heading\">11. M\u00e1quina de resfriamento<\/h3>    <ul class=\"wp-block-list\"> <li><strong>Fun\u00e7\u00e3o<\/strong>: Remove o excesso de umidade dos pellets rec\u00e9m-extrusados, alcan\u00e7ando o teor de umidade desejado para melhor estabilidade e armazenamento.<\/li>    <li><strong>Princ\u00edpio de funcionamento<\/strong>: Utiliza ar quente para evaporar a umidade dos pellets, reduzindo a umidade.<\/li> <\/ul>    <figure class=\"wp-block-table\"><table><tbody><tr><td>Capacidade<\/td><td>Tamanho<\/td><td>Poder<\/td><td>Peso<\/td><\/tr><tr><td>0-500 kg\/h<\/td><td>1800*750*1100mm<\/td><td>0,75+2,2kw<\/td><td>220+65kg<\/td><\/tr><\/tbody><\/table><\/figure>    <figure class=\"wp-block-image size-full\"><img loading=\"lazy\" decoding=\"async\" width=\"720\" height=\"540\" src=\"https:\/\/fishfoodpelletmachine.com\/wp-content\/uploads\/2023\/10\/Cooling-Machine-1.webp\" alt=\"M\u00e1quina de resfriamento\" class=\"wp-image-695\" title=\"\" srcset=\"https:\/\/fishfoodpelletmachine.com\/wp-content\/uploads\/2023\/10\/Cooling-Machine-1.webp 720w, https:\/\/fishfoodpelletmachine.com\/wp-content\/uploads\/2023\/10\/Cooling-Machine-1-300x225.webp 300w\" sizes=\"auto, (max-width: 720px) 100vw, 720px\" \/><figcaption class=\"wp-element-caption\">M\u00e1quina de resfriamento<\/figcaption><\/figure>    <h3 class=\"wp-block-heading\">12. Transportador de ca\u00e7amba<\/h3>    <p class=\"translation-block\"><strong>Fun\u00e7\u00e3o<\/strong>: Ele transporta pellets para a pr\u00f3xima etapa de processamento ou diretamente para a m\u00e1quina de embalagem, possibilitando o transporte automatizado de pellets.<\/p>    <figure class=\"wp-block-table aligncenter\"><table><tbody><tr><td>Capacidade<\/td><td>Poder<\/td><td>Tamanho<\/td><td>Peso<\/td><\/tr><tr><td>0-2.000 kg<\/td><td>2,2 kW<\/td><td>5600*600*1500mm<\/td><td>300kg<\/td><\/tr><\/tbody><\/table><\/figure>    <h3 class=\"wp-block-heading\">13. M\u00e1quina de pesagem e embalagem<\/h3>    <p class=\"translation-block\"><strong>Fun\u00e7\u00e3o<\/strong>: Ele embala os pellets acabados para armazenamento e transporte, mantendo a qualidade e higiene do produto.<\/p>    <figure class=\"wp-block-table\"><table><tbody><tr><td>Poder<\/td><td>Tamanho<\/td><td>Peso<\/td><\/tr><tr><td>1 kW<\/td><td>1200*1200*2400mm<\/td><td>600kg<\/td><\/tr><\/tbody><\/table><\/figure>    <h2 class=\"wp-block-heading\">Por que escolher comprar a linha de produ\u00e7\u00e3o de pellets de ra\u00e7\u00e3o animal<\/h2>    <p>Optar por investir em uma linha de produ\u00e7\u00e3o de pellets para ra\u00e7\u00e3o animal pode trazer uma infinidade de benef\u00edcios para as empresas envolvidas na pecu\u00e1ria e na agricultura. <\/p>    <ol class=\"wp-block-list\"> <li><strong>Melhor qualidade de alimenta\u00e7\u00e3o<\/strong>: Uma linha de produ\u00e7\u00e3o dedicada garante pellets de ra\u00e7\u00e3o consistentes e de alta qualidade. Isto pode levar a uma pecu\u00e1ria mais saud\u00e1vel e produtiva, resultando em melhores taxas de crescimento, maior produ\u00e7\u00e3o de leite ou ovos e melhor desempenho geral.<\/li>    <li><strong>Personaliza\u00e7\u00e3o e Flexibilidade<\/strong>: Uma linha de produ\u00e7\u00e3o bem projetada permite a personaliza\u00e7\u00e3o de formula\u00e7\u00f5es de ra\u00e7\u00f5es. Esta flexibilidade permite aos agricultores adaptar a alimenta\u00e7\u00e3o para satisfazer as necessidades nutricionais espec\u00edficas dos seus animais, o que \u00e9 crucial para um crescimento e desempenho ideais.<\/li>    <li><strong>Custo-benef\u00edcio<\/strong>: Produzir ra\u00e7\u00e3o internamente pode muitas vezes ser mais rent\u00e1vel a longo prazo em compara\u00e7\u00e3o com a compra de ra\u00e7\u00e3o pr\u00e9-fabricada. Reduz a depend\u00eancia de fornecedores externos e permite a compra a granel de mat\u00e9rias-primas, reduzindo potencialmente os custos globais.<\/li>    <li><strong>Redu\u00e7\u00e3o do desperd\u00edcio de ra\u00e7\u00e3o<\/strong>: Ao produzir ra\u00e7\u00e3o no local, voc\u00ea pode controlar a quantidade e a qualidade da ra\u00e7\u00e3o produzida, minimizando o desperd\u00edcio. Isso pode levar a economia de custos e a uma opera\u00e7\u00e3o mais sustent\u00e1vel.<\/li>    <li><strong>Normas de Higiene e Seguran\u00e7a<\/strong>: Uma linha de produ\u00e7\u00e3o dedicada segue r\u00edgidos padr\u00f5es de higiene e seguran\u00e7a, garantindo que a ra\u00e7\u00e3o esteja livre de contaminantes ou impurezas que possam afetar adversamente a sa\u00fade animal.<\/li>    <li><strong>Rastreabilidade e Controle de Qualidade<\/strong>: Com sua pr\u00f3pria linha de produ\u00e7\u00e3o, voc\u00ea tem controle total sobre a origem e a qualidade das mat\u00e9rias-primas. Isso permite melhor rastreabilidade e controle de qualidade em todo o processo de produ\u00e7\u00e3o.<\/li>    <li><strong>Adaptabilidade \u00e0s necessidades espec\u00edficas dos animais<\/strong>: Diferentes esp\u00e9cies e fases de vida dos animais t\u00eam necessidades diet\u00e9ticas espec\u00edficas. Uma linha de produ\u00e7\u00e3o dedicada permite f\u00e1cil ajuste de formula\u00e7\u00f5es para atender diferentes esp\u00e9cies animais e suas necessidades nutricionais exclusivas.<\/li>    <li><strong>Depend\u00eancia minimizada de fornecedores externos<\/strong>: Possuir uma linha de produ\u00e7\u00e3o reduz a depend\u00eancia de fornecedores externos de ra\u00e7\u00e3o. Isto pode ser particularmente vantajoso em per\u00edodos de perturba\u00e7\u00f5es na cadeia de abastecimento ou flutua\u00e7\u00f5es nos pre\u00e7os dos alimentos para animais.<\/li>    <li><strong>Oportunidades de mercado<\/strong>: Com a capacidade de produzir ra\u00e7\u00f5es, pode haver oportunidades de entrar no mercado de produ\u00e7\u00e3o de ra\u00e7\u00f5es, abastecendo fazendas ou empresas vizinhas. Isto pode diversificar os fluxos de receitas e criar receitas adicionais.<\/li> <\/ol>    <figure class=\"wp-block-image size-full\"><img loading=\"lazy\" decoding=\"async\" width=\"720\" height=\"540\" src=\"https:\/\/fishfoodpelletmachine.com\/wp-content\/uploads\/2023\/10\/industrial-pellet-production-line.webp\" alt=\"linha de produ\u00e7\u00e3o de pellets industriais\" class=\"wp-image-696\" title=\"\" srcset=\"https:\/\/fishfoodpelletmachine.com\/wp-content\/uploads\/2023\/10\/industrial-pellet-production-line.webp 720w, https:\/\/fishfoodpelletmachine.com\/wp-content\/uploads\/2023\/10\/industrial-pellet-production-line-300x225.webp 300w\" sizes=\"auto, (max-width: 720px) 100vw, 720px\" \/><figcaption class=\"wp-element-caption\">Linha de produ\u00e7\u00e3o industrial de pelotas<\/figcaption><\/figure>    <p>Em \u00faltima an\u00e1lise, investir em uma linha de produ\u00e7\u00e3o de pellets para ra\u00e7\u00e3o animal capacita os agricultores com maior controle, flexibilidade e garantia de qualidade em seu processo de produ\u00e7\u00e3o de ra\u00e7\u00e3o, levando a opera\u00e7\u00f5es pecu\u00e1rias mais saud\u00e1veis \u200b\u200be produtivas. Tamb\u00e9m pode contribuir para a redu\u00e7\u00e3o de custos e potenciais oportunidades de expans\u00e3o dos neg\u00f3cios.<\/p>    <h2 class=\"wp-block-heading\">Perguntas frequentes sobre a linha de produ\u00e7\u00e3o de pellets de ra\u00e7\u00e3o<\/h2>   <div id=\"rank-math-faq\" class=\"rank-math-block\"> <div class=\"rank-math-list\"> <div id=\"faq-question-1697791776288\" class=\"rank-math-list-item\"> <h3 class=\"rank-math-question\"><strong>Que tipos de animais podem se beneficiar com as ra\u00e7\u00f5es pellets produzidas por esta linha?<\/strong><\/h3> <div class=\"rank-math-answer\">  <p>Os pellets de ra\u00e7\u00e3o produzidos por esta linha s\u00e3o adequados para uma ampla variedade de animais, incluindo aves (como galinhas, patos e perus), gado (como bovinos, su\u00ednos e ovinos), bem como peixes na aquicultura.<\/p>  <\/div> <\/div> <div id=\"faq-question-1697791796947\" class=\"rank-math-list-item\"> <h3 class=\"rank-math-question\"><strong>Como a linha de produ\u00e7\u00e3o garante a qualidade da ra\u00e7\u00e3o?<\/strong><\/h3> <div class=\"rank-math-answer\">  <p>A linha de produ\u00e7\u00e3o emprega processos precisos e medidas de controle de qualidade em cada etapa. Isso garante que os pellets de ra\u00e7\u00e3o atendam aos requisitos nutricionais e estejam livres de contaminantes.<\/p>  <\/div> <\/div> <div id=\"faq-question-1697791826498\" class=\"rank-math-list-item\"> <h3 class=\"rank-math-question\"><strong>A linha de produ\u00e7\u00e3o pode lidar com diferentes tipos de mat\u00e9rias-primas?<\/strong><\/h3> <div class=\"rank-math-answer\">  <p>Sim, a linha de produ\u00e7\u00e3o foi projetada para lidar com uma variedade de mat\u00e9rias-primas, incluindo gr\u00e3os, fontes de prote\u00edna (como farelo de soja), vitaminas, minerais e aditivos. Pode ser ajustado para acomodar diferentes formula\u00e7\u00f5es.<\/p>  <\/div> <\/div> <div id=\"faq-question-1697791895166\" class=\"rank-math-list-item\"> <h3 class=\"rank-math-question\"><strong>Esta linha de produ\u00e7\u00e3o pode ser usada para opera\u00e7\u00f5es agr\u00edcolas de pequena escala?<\/strong><\/h3> <div class=\"rank-math-answer\">  <p>Sim, a linha de produ\u00e7\u00e3o pode ser adaptada para explora\u00e7\u00f5es agr\u00edcolas de pequena escala. Oferece escalabilidade, permitindo que os agricultores ajustem a capacidade de produ\u00e7\u00e3o para atender \u00e0s suas necessidades espec\u00edficas.<\/p>  <\/div> <\/div> <div id=\"faq-question-1697791954773\" class=\"rank-math-list-item\"> <h3 class=\"rank-math-question\"><strong>Existe treinamento dispon\u00edvel para opera\u00e7\u00e3o e manuten\u00e7\u00e3o da linha de produ\u00e7\u00e3o?<\/strong><\/h3> <div class=\"rank-math-answer\">  <p>Sim, oferecemos treinamento e suporte aos operadores para garantir que eles possam operar e manter a linha de produ\u00e7\u00e3o de maneira eficaz.<\/p>  <\/div> <\/div> <\/div> <\/div>   <figure class=\"wp-block-image size-full\"><img loading=\"lazy\" decoding=\"async\" width=\"720\" height=\"540\" src=\"https:\/\/fishfoodpelletmachine.com\/wp-content\/uploads\/2023\/10\/pellet-production-line-for-sale-1.webp\" alt=\"linha de produ\u00e7\u00e3o de pelotas para venda\" class=\"wp-image-697\" title=\"\" srcset=\"https:\/\/fishfoodpelletmachine.com\/wp-content\/uploads\/2023\/10\/pellet-production-line-for-sale-1.webp 720w, https:\/\/fishfoodpelletmachine.com\/wp-content\/uploads\/2023\/10\/pellet-production-line-for-sale-1-300x225.webp 300w\" sizes=\"auto, (max-width: 720px) 100vw, 720px\" \/><figcaption class=\"wp-element-caption\">Linha de produ\u00e7\u00e3o de pellets para venda<\/figcaption><\/figure>","protected":false},"excerpt":{"rendered":"<p>No dom\u00ednio din\u00e2mico da agricultura moderna, onde a precis\u00e3o e a efici\u00eancia s\u00e3o fundamentais, a Linha de Produ\u00e7\u00e3o de Pellets para Ra\u00e7\u00e3o Animal surge como uma pedra angular da gest\u00e3o pecu\u00e1ria sustent\u00e1vel.<\/p>","protected":false},"author":1,"featured_media":683,"parent":0,"template":"","tags":[],"product-type":[9],"class_list":["post-671","product","type-product","status-publish","has-post-thumbnail","hentry","product-type-production-line"],"_links":{"self":[{"href":"https:\/\/fishfoodpelletmachine.com\/pt\/wp-json\/wp\/v2\/product\/671","targetHints":{"allow":["GET"]}}],"collection":[{"href":"https:\/\/fishfoodpelletmachine.com\/pt\/wp-json\/wp\/v2\/product"}],"about":[{"href":"https:\/\/fishfoodpelletmachine.com\/pt\/wp-json\/wp\/v2\/types\/product"}],"author":[{"embeddable":true,"href":"https:\/\/fishfoodpelletmachine.com\/pt\/wp-json\/wp\/v2\/users\/1"}],"wp:featuredmedia":[{"embeddable":true,"href":"https:\/\/fishfoodpelletmachine.com\/pt\/wp-json\/wp\/v2\/media\/683"}],"wp:attachment":[{"href":"https:\/\/fishfoodpelletmachine.com\/pt\/wp-json\/wp\/v2\/media?parent=671"}],"wp:term":[{"taxonomy":"post_tag","embeddable":true,"href":"https:\/\/fishfoodpelletmachine.com\/pt\/wp-json\/wp\/v2\/tags?post=671"},{"taxonomy":"product-type","embeddable":true,"href":"https:\/\/fishfoodpelletmachine.com\/pt\/wp-json\/wp\/v2\/product-type?post=671"}],"curies":[{"name":"wp","href":"https:\/\/api.w.org\/{rel}","templated":true}]}}