{"id":81,"date":"2022-08-02T07:15:39","date_gmt":"2022-08-02T07:15:39","guid":{"rendered":"https:\/\/fishfoodpelletmachine.com\/?post_type=product&#038;p=81"},"modified":"2024-06-06T10:13:11","modified_gmt":"2024-06-06T02:13:11","slug":"fish-feed-pelletizer","status":"publish","type":"product","link":"https:\/\/fishfoodpelletmachine.com\/pt\/product\/fish-feed-pelletizer\/","title":{"rendered":"Peletizador de ra\u00e7\u00e3o para peixes | Extrusora flutuante de ra\u00e7\u00e3o para peixes"},"content":{"rendered":"<p>O peletizador de ra\u00e7\u00e3o para peixes \u00e9 o ep\u00edtome da precis\u00e3o e efici\u00eancia na produ\u00e7\u00e3o de ra\u00e7\u00f5es nutricionalmente balanceadas para esp\u00e9cies aqu\u00e1ticas. Esta m\u00e1quina de \u00faltima gera\u00e7\u00e3o \u00e9 o centro das aten\u00e7\u00f5es na ind\u00fastria da aquicultura, oferecendo uma abordagem integrada e personalizada para transformar mat\u00e9rias-primas em pellets de alta qualidade.<\/p>    <p>Projetado para atender \u00e0s necessidades nutricionais espec\u00edficas de diversas esp\u00e9cies de peixes, o peletizador de ra\u00e7\u00e3o para peixes estabelece um novo padr\u00e3o para processamento de ra\u00e7\u00f5es, garantindo consist\u00eancia, qualidade e crescimento ideal em opera\u00e7\u00f5es de aquicultura de todas as escalas.<\/p>    <figure class=\"wp-block-embed is-type-video is-provider-youtube wp-block-embed-youtube wp-embed-aspect-16-9 wp-has-aspect-ratio\"><div class=\"wp-block-embed__wrapper\"> <iframe loading=\"lazy\" title=\"Transformando fazendas: o impacto de nossa m\u00e1quina de pellets de ra\u00e7\u00e3o na nutri\u00e7\u00e3o do gado!#feedpelletmachine\" width=\"500\" height=\"281\" src=\"https:\/\/www.youtube.com\/embed\/EmfAHr_INNg?feature=oembed\" frameborder=\"0\" allow=\"accelerometer; autoplay; clipboard-write; encrypted-media; gyroscope; picture-in-picture; web-share\" referrerpolicy=\"strict-origin-when-cross-origin\" allowfullscreen><\/iframe> <\/div><figcaption class=\"wp-element-caption\">processo de trabalho da m\u00e1quina de moagem de ra\u00e7\u00e3o para peixes<\/figcaption><\/figure>    <h2 class=\"wp-block-heading\" id=\"h-what-s-the-fish-feed-pelletizer-s-structure\">Qual \u00e9 a estrutura do pelletizador de ra\u00e7\u00e3o para peixes?<\/h2>    <p>O peletizador de ra\u00e7\u00e3o para peixes cont\u00e9m principalmente uma tremonha, painel de controle, caixa el\u00e9trica, sistema de aquecimento, motor de faca de corte, faca de corte, etc. <\/p>    <p>Toda a m\u00e1quina \u00e9 simples, compacta, ocupa pouco espa\u00e7o e \u00e9 f\u00e1cil de operar.<\/p>    <figure class=\"wp-block-image size-full\"><img loading=\"lazy\" decoding=\"async\" width=\"720\" height=\"540\" src=\"https:\/\/fishfoodpelletmachine.com\/wp-content\/uploads\/2022\/09\/structure-of-the-fish-feed-pelletizer-.webp\" alt=\"estrutura do pelletizador de ra\u00e7\u00e3o para peixes\" class=\"wp-image-365\" title=\"estrutura do pelletizador de ra\u00e7\u00e3o para peixes\" srcset=\"https:\/\/fishfoodpelletmachine.com\/wp-content\/uploads\/2022\/09\/structure-of-the-fish-feed-pelletizer-.webp 720w, https:\/\/fishfoodpelletmachine.com\/wp-content\/uploads\/2022\/09\/structure-of-the-fish-feed-pelletizer--300x225.webp 300w\" sizes=\"auto, (max-width: 720px) 100vw, 720px\" \/><figcaption class=\"wp-element-caption\">Estrutura do peletizador de ra\u00e7\u00e3o para peixes<\/figcaption><\/figure>    <h2 class=\"wp-block-heading\">Por que usar a extrusora flutuante de ra\u00e7\u00e3o para peixes?<\/h2>    <ul class=\"wp-block-list\"> <li>O calor gerado pela extrusora flutuante de ra\u00e7\u00e3o para peixes no processo de peletiza\u00e7\u00e3o pode quebrar o amido da mat\u00e9ria-prima, tornando a mat\u00e9ria-prima mais diger\u00edvel.<\/li>    <li>A ra\u00e7\u00e3o processada por um peletizador de ra\u00e7\u00e3o para peixes n\u00e3o \u00e9 f\u00e1cil de estratificar, o que pode reduzir o desperd\u00edcio de ra\u00e7\u00e3o. Tamb\u00e9m pode melhorar a palatabilidade da ra\u00e7\u00e3o e reduzir o tempo de alimenta\u00e7\u00e3o.<\/li>    <li>O peletizador de ra\u00e7\u00e3o para peixes pode matar algumas bact\u00e9rias patog\u00eanicas e a maioria dos v\u00edrus no processo de sopro e aquecimento, reduzindo assim o n\u00edvel de toxinas nas mat\u00e9rias-primas da ra\u00e7\u00e3o para peixes.<\/li>    <li>As m\u00e1quinas sopradoras de ra\u00e7\u00e3o para peixes podem produzir diferentes tamanhos e formatos de diferentes alimentos aqu\u00e1ticos.<\/li>    <li>A ra\u00e7\u00e3o produzida pela m\u00e1quina de fazer ra\u00e7\u00e3o para peixes n\u00e3o \u00e9 fr\u00e1gil, podendo reduzir o n\u00famero de finos produzidos durante o transporte.<\/li> <\/ul>    <figure class=\"wp-block-gallery has-nested-images columns-default is-cropped wp-block-gallery-2 is-layout-flex wp-block-gallery-is-layout-flex\"> <figure class=\"wp-block-image size-large\"><img loading=\"lazy\" decoding=\"async\" width=\"720\" height=\"540\" data-id=\"362\" src=\"https:\/\/fishfoodpelletmachine.com\/wp-content\/uploads\/2022\/09\/floating-fish-feed-extruder.webp\" alt=\"extrusora flutuante de ra\u00e7\u00e3o para peixes\" class=\"wp-image-362\" title=\"extrusora flutuante de ra\u00e7\u00e3o para peixes\" srcset=\"https:\/\/fishfoodpelletmachine.com\/wp-content\/uploads\/2022\/09\/floating-fish-feed-extruder.webp 720w, https:\/\/fishfoodpelletmachine.com\/wp-content\/uploads\/2022\/09\/floating-fish-feed-extruder-300x225.webp 300w\" sizes=\"auto, (max-width: 720px) 100vw, 720px\" \/><figcaption class=\"wp-element-caption\">Extrusora flutuante de ra\u00e7\u00e3o para peixes<\/figcaption><\/figure>    <figure class=\"wp-block-image size-large\"><img loading=\"lazy\" decoding=\"async\" width=\"720\" height=\"540\" data-id=\"363\" src=\"https:\/\/fishfoodpelletmachine.com\/wp-content\/uploads\/2022\/09\/Fish-feed-pelletizer-1-1.webp\" alt=\"Venda peletizador de ra\u00e7\u00e3o para peixes\" class=\"wp-image-363\" title=\"Peletizador de ra\u00e7\u00e3o para peixes\" srcset=\"https:\/\/fishfoodpelletmachine.com\/wp-content\/uploads\/2022\/09\/Fish-feed-pelletizer-1-1.webp 720w, https:\/\/fishfoodpelletmachine.com\/wp-content\/uploads\/2022\/09\/Fish-feed-pelletizer-1-1-300x225.webp 300w\" sizes=\"auto, (max-width: 720px) 100vw, 720px\" \/><figcaption class=\"wp-element-caption\">Peletizador de ra\u00e7\u00e3o para peixes \u00e0 venda<\/figcaption><\/figure> <\/figure>    <h2 class=\"wp-block-heading\">Principais vantagens da m\u00e1quina de pellets de ra\u00e7\u00e3o para peixes<\/h2>    <ol class=\"wp-block-list\"> <li>Convers\u00e3o Eficiente de Ra\u00e7\u00e3o: O equipamento garante a transforma\u00e7\u00e3o eficaz de mat\u00e9rias-primas em pellets de alta qualidade, maximizando o valor nutricional da ra\u00e7\u00e3o.<\/li>    <li>Personaliza\u00e7\u00e3o de formula\u00e7\u00f5es de ra\u00e7\u00f5es: Os usu\u00e1rios t\u00eam a flexibilidade de adaptar facilmente as formula\u00e7\u00f5es de ra\u00e7\u00f5es para atender \u00e0s necessidades nutricionais espec\u00edficas de diversas esp\u00e9cies de peixes e est\u00e1gios de crescimento, otimizando a sa\u00fade e o desenvolvimento geral.<\/li>    <li>Qualidade consistente do pellet: A consist\u00eancia no tamanho, formato e densidade do pellet \u00e9 mantida pela m\u00e1quina, garantindo qualidade uniforme da ra\u00e7\u00e3o e promovendo uma nutri\u00e7\u00e3o bem balanceada para esp\u00e9cies aqu\u00e1ticas.<\/li>    <li>Melhor reten\u00e7\u00e3o de nutrientes: Atrav\u00e9s do seu processo de extrus\u00e3o, a m\u00e1quina protege a integridade nutricional dos ingredientes da ra\u00e7\u00e3o, resultando em maior reten\u00e7\u00e3o de nutrientes e melhor absor\u00e7\u00e3o pelos peixes.<\/li>    <li>Produ\u00e7\u00e3o Higi\u00eanica e Est\u00e9ril: A produ\u00e7\u00e3o de pellets envolvendo processamento em alta temperatura esteriliza a ra\u00e7\u00e3o, mitigando o risco de doen\u00e7as e contaminantes em ambientes aqu\u00e1ticos.<\/li>    <li>Economia e produtividade: Ao otimizar o processo de produ\u00e7\u00e3o de ra\u00e7\u00e3o, a m\u00e1quina contribui para opera\u00e7\u00f5es econ\u00f4micas e simplificadas, aumentando a produtividade para empreendimentos de aquicultura de diversas escalas.<\/li> <\/ol>    <figure class=\"wp-block-image size-full\"><img loading=\"lazy\" decoding=\"async\" width=\"720\" height=\"540\" src=\"https:\/\/fishfoodpelletmachine.com\/wp-content\/uploads\/2022\/08\/fish-feed-pellet-machine.webp\" alt=\"m\u00e1quina da pelota da alimenta\u00e7\u00e3o dos peixes\" class=\"wp-image-756\" title=\"\" srcset=\"https:\/\/fishfoodpelletmachine.com\/wp-content\/uploads\/2022\/08\/fish-feed-pellet-machine.webp 720w, https:\/\/fishfoodpelletmachine.com\/wp-content\/uploads\/2022\/08\/fish-feed-pellet-machine-300x225.webp 300w\" sizes=\"auto, (max-width: 720px) 100vw, 720px\" \/><figcaption class=\"wp-element-caption\">M\u00e1quina de pellets de ra\u00e7\u00e3o para peixes<\/figcaption><\/figure>    <h2 class=\"wp-block-heading\">Especifica\u00e7\u00f5es t\u00e9cnicas da peletizadora de ra\u00e7\u00e3o para peixes <\/h2>    <figure class=\"wp-block-table\"><table><tbody><tr><td>Modelo<\/td><td>DGP80-B<\/td><\/tr><tr><td>Capacidade (t\/h)<\/td><td>0.2-0.3<\/td><\/tr><tr><td>Pot\u00eancia principal (kW)<\/td><td>22<\/td><\/tr><tr><td>Pot\u00eancia de alimenta\u00e7\u00e3o (kW)<\/td><td>0.6<\/td><\/tr><tr><td>Di\u00e2metro espiral (mm)<\/td><td>\u03c680<\/td><\/tr><tr><td>Pot\u00eancia de corte (kW)<\/td><td>0.6<\/td><\/tr><tr><td>Tamanho (mm)<\/td><td>1800*1450*1300<\/td><\/tr><tr><td>Peso (kg)<\/td><td>695<\/td><\/tr><\/tbody><\/table><figcaption class=\"wp-element-caption\">par\u00e2metros do moinho de pellets de ra\u00e7\u00e3o para peixes<\/figcaption><\/figure>    <figure class=\"wp-block-image size-full\"><img loading=\"lazy\" decoding=\"async\" width=\"720\" height=\"540\" src=\"https:\/\/fishfoodpelletmachine.com\/wp-content\/uploads\/2023\/07\/Fish-feed-pellet-making-machine-.webp\" alt=\"M\u00e1quina de fazer pellets de ra\u00e7\u00e3o para peixes\" class=\"wp-image-655\" title=\"\" srcset=\"https:\/\/fishfoodpelletmachine.com\/wp-content\/uploads\/2023\/07\/Fish-feed-pellet-making-machine-.webp 720w, https:\/\/fishfoodpelletmachine.com\/wp-content\/uploads\/2023\/07\/Fish-feed-pellet-making-machine--300x225.webp 300w\" sizes=\"auto, (max-width: 720px) 100vw, 720px\" \/><figcaption class=\"wp-element-caption\">M\u00e1quina de fazer pelotas de ra\u00e7\u00e3o para peixes<\/figcaption><\/figure>    <h2 class=\"wp-block-heading\">M\u00e1quina flutuante de pellets de ra\u00e7\u00e3o para peixes enviada para Gana<\/h2>    <p>Nosso cliente de Gana, que atua no ramo de cria\u00e7\u00e3o de peixes, precisa de uma m\u00e1quina para fazer um moinho flutuante de pellets de ra\u00e7\u00e3o para peixes. <\/p>    <p class=\"translation-block\">Ele est\u00e1 criando 20.000 peixes. Ele precisa de 1500-2000 kg de ra\u00e7\u00e3o para peixes por dia. Com base nas necessidades do cliente, recomendamos a <a href=\"https:\/\/fishfoodpelletmachine.com\/pt\/product\/fish-feed-mill-machine\/\">m\u00e1quina de moinho de ra\u00e7\u00e3o para peixes DGP70-B<\/a>. A produ\u00e7\u00e3o da m\u00e1quina de ra\u00e7\u00e3o flutuante para peixes \u00e9 de 0,18-0,20t\/h. <\/p>    <p>O cliente est\u00e1 preocupado que a m\u00e1quina deva ser movida por um motor diesel. Ent\u00e3o nosso gerente de vendas forneceu o PI do motor diesel ao cliente, e o cliente ficou satisfeito com todos os aspectos e decidiu pagar. E enviaremos 6 moldes para o cliente. <\/p>    <p>Depois confirmamos o porto de Tema ao cliente. Imediatamente ap\u00f3s a confec\u00e7\u00e3o do peletizador de ra\u00e7\u00e3o para peixes, combinamos o envio da m\u00e1quina para o porto de Tema.<\/p>    <figure class=\"wp-block-gallery has-nested-images columns-default is-cropped wp-block-gallery-3 is-layout-flex wp-block-gallery-is-layout-flex\"> <figure class=\"wp-block-image size-large\"><img loading=\"lazy\" decoding=\"async\" width=\"720\" height=\"540\" data-id=\"367\" src=\"https:\/\/fishfoodpelletmachine.com\/wp-content\/uploads\/2022\/09\/fish-feed-pelleting-machine-.webp\" alt=\"m\u00e1quina de pelotiza\u00e7\u00e3o de ra\u00e7\u00e3o para peixes a um bom pre\u00e7o\" class=\"wp-image-367\" title=\"m\u00e1quina de granula\u00e7\u00e3o de ra\u00e7\u00e3o para peixes\" srcset=\"https:\/\/fishfoodpelletmachine.com\/wp-content\/uploads\/2022\/09\/fish-feed-pelleting-machine-.webp 720w, https:\/\/fishfoodpelletmachine.com\/wp-content\/uploads\/2022\/09\/fish-feed-pelleting-machine--300x225.webp 300w\" sizes=\"auto, (max-width: 720px) 100vw, 720px\" \/><figcaption class=\"wp-element-caption\">Peletizadora de ra\u00e7\u00e3o para peixes com bom pre\u00e7o<\/figcaption><\/figure>    <figure class=\"wp-block-image size-large\"><img loading=\"lazy\" decoding=\"async\" width=\"720\" height=\"540\" data-id=\"369\" src=\"https:\/\/fishfoodpelletmachine.com\/wp-content\/uploads\/2022\/09\/floating-fish-feed-extruder1.webp\" alt=\"extrusora de ra\u00e7\u00e3o flutuante para peixes exportada\" class=\"wp-image-369\" title=\"extrusora flutuante de ra\u00e7\u00e3o para peixes\" srcset=\"https:\/\/fishfoodpelletmachine.com\/wp-content\/uploads\/2022\/09\/floating-fish-feed-extruder1.webp 720w, https:\/\/fishfoodpelletmachine.com\/wp-content\/uploads\/2022\/09\/floating-fish-feed-extruder1-300x225.webp 300w\" sizes=\"auto, (max-width: 720px) 100vw, 720px\" \/><figcaption class=\"wp-element-caption\">Extrusora flutuante de ra\u00e7\u00e3o para peixes exportada<\/figcaption><\/figure> <\/figure>    <h2 class=\"wp-block-heading\">Como operar a m\u00e1quina flutuante de ra\u00e7\u00e3o para peixes com seguran\u00e7a?<\/h2>   <div id=\"rank-math-howto\" class=\"rank-math-block\" > <div class=\"rank-math-howto-description\">  <\/div>  <div class=\"rank-math-steps\"> <div id=\"howto-step-1704964502468\" class=\"rank-math-step\"> <h3 class=\"rank-math-step-title\"><strong>Aviso de seguran\u00e7a<\/strong><\/h3> <div class=\"rank-math-step-content\"><p>Quando os peixes alimentam o material de sa\u00edda do peletizador, a porta de descarga da m\u00e1quina sopradora na frente das pessoas \u00e9 proibida de ficar em p\u00e9.<\/p> <\/div> <\/div> <div id=\"howto-step-1704964520421\" class=\"rank-math-step\"> <h3 class=\"rank-math-step-title\"><strong>Desgaste de prote\u00e7\u00e3o<\/strong><\/h3> <div class=\"rank-math-step-content\"><p>Os operadores devem usar luvas resistentes a altas temperaturas para evitar queimaduras.<\/p> <\/div> <\/div> <div id=\"howto-step-1704964540221\" class=\"rank-math-step\"> <h3 class=\"rank-math-step-title\"><strong>Prepara\u00e7\u00e3o de Equipamentos<\/strong><\/h3> <div class=\"rank-math-step-content\"><p>Antes de iniciar o peletizador de ra\u00e7\u00e3o para peixes, verifique se as ferramentas e outros itens foram removidos da m\u00e1quina de sopro.<\/p> <\/div> <\/div> <div id=\"howto-step-1704964562548\" class=\"rank-math-step\"> <h3 class=\"rank-math-step-title\"><strong>Inspe\u00e7\u00e3o Regular<\/strong><\/h3> <div class=\"rank-math-step-content\"><p>Na opera\u00e7\u00e3o do equipamento, o operador deve inspecionar frequentemente toda a opera\u00e7\u00e3o da unidade e anormalidades encontradas na hora de ajustar.<\/p> <\/div> <\/div> <div id=\"howto-step-1704964571042\" class=\"rank-math-step\"> <h3 class=\"rank-math-step-title\"><strong>Desligamento Seguro<\/strong><\/h3> <div class=\"rank-math-step-content\"><p>Ap\u00f3s o desligamento, a desmontagem da caixa de descarga evita a press\u00e3o interna para que o material soprado junto com a caixa de descarga seja lavado.<\/p> <\/div> <\/div> <\/div> <\/div>       <figure class=\"wp-block-gallery has-nested-images columns-default is-cropped wp-block-gallery-4 is-layout-flex wp-block-gallery-is-layout-flex\"> <figure class=\"wp-block-image size-large\"><img loading=\"lazy\" decoding=\"async\" width=\"720\" height=\"540\" data-id=\"371\" src=\"https:\/\/fishfoodpelletmachine.com\/wp-content\/uploads\/2022\/09\/fish-food-pellet-mill-.webp\" alt=\"moinho de pellets de alimentos para peixes\" class=\"wp-image-371\" title=\"moinho de pellets de alimentos para peixes\" srcset=\"https:\/\/fishfoodpelletmachine.com\/wp-content\/uploads\/2022\/09\/fish-food-pellet-mill-.webp 720w, https:\/\/fishfoodpelletmachine.com\/wp-content\/uploads\/2022\/09\/fish-food-pellet-mill--300x225.webp 300w\" sizes=\"auto, (max-width: 720px) 100vw, 720px\" \/><figcaption class=\"wp-element-caption\">Moinho de pellets para alimentos para peixes<\/figcaption><\/figure>    <figure class=\"wp-block-image size-large\"><img loading=\"lazy\" decoding=\"async\" width=\"720\" height=\"540\" data-id=\"373\" src=\"https:\/\/fishfoodpelletmachine.com\/wp-content\/uploads\/2022\/09\/floating-fish-feed-making-machine-.webp\" alt=\"m\u00e1quina flutuante de fazer ra\u00e7\u00e3o para peixes\" class=\"wp-image-373\" title=\"m\u00e1quina flutuante de fazer ra\u00e7\u00e3o para peixes\" srcset=\"https:\/\/fishfoodpelletmachine.com\/wp-content\/uploads\/2022\/09\/floating-fish-feed-making-machine-.webp 720w, https:\/\/fishfoodpelletmachine.com\/wp-content\/uploads\/2022\/09\/floating-fish-feed-making-machine--300x225.webp 300w\" sizes=\"auto, (max-width: 720px) 100vw, 720px\" \/><figcaption class=\"wp-element-caption\">M\u00e1quina flutuante de fabrica\u00e7\u00e3o de ra\u00e7\u00e3o para peixes<\/figcaption><\/figure> <\/figure>    <h2 class=\"wp-block-heading\">Perguntas frequentes sobre a m\u00e1quina de fazer pellets de peixe<\/h2>   <div id=\"rank-math-faq\" class=\"rank-math-block\"> <div class=\"rank-math-list\"> <div id=\"faq-question-1704964769197\" class=\"rank-math-list-item\"> <h3 class=\"rank-math-question\">Materiais soprados quando o tubo de descarga n\u00e3o descarrega. <\/h3> <div class=\"rank-math-answer\">  <p class=\"translation-block\"><strong>Raz\u00e3o: <\/strong>a configura\u00e7\u00e3o est\u00e1 muito apertada, ajustando o espa\u00e7o c\u00f4nico entre o plugue e o cone do proj\u00e9til est\u00e1 muito pequeno.<br \/><strong>M\u00e9todo:<\/strong> Afrouxe o parafuso, aperte o parafuso de ajuste de volta de 3 a 4 voltas e substitua o plugue de ar.<\/p>  <\/div> <\/div> <div id=\"faq-question-1704964787268\" class=\"rank-math-list-item\"> <h3 class=\"rank-math-question\">A temperatura de infla\u00e7\u00e3o n\u00e3o atende aos requisitos especificados. <\/h3> <div class=\"rank-math-answer\">  <p class=\"translation-block\"><strong>Raz\u00e3o:<\/strong> A configura\u00e7\u00e3o da manga resistente ao desgaste do pelletizador de ra\u00e7\u00e3o para peixes n\u00e3o \u00e9 apropriada, as pe\u00e7as de desgaste est\u00e3o s\u00e9rias.<br \/><strong>M\u00e9todo: <\/strong>Reconfigure a manga resistente ao desgaste; substitua as pe\u00e7as de desgaste.<\/p>  <\/div> <\/div> <div id=\"faq-question-1704964813532\" class=\"rank-math-list-item\"> <h3 class=\"rank-math-question\">A temperatura de infla\u00e7\u00e3o n\u00e3o \u00e9 est\u00e1vel. <\/h3> <div class=\"rank-math-answer\">  <p class=\"translation-block\"><strong>Raz\u00e3o:<\/strong> Material empedrado no funil de alimenta\u00e7\u00e3o, o volume de alimenta\u00e7\u00e3o \u00e9 inst\u00e1vel.<br \/><strong>M\u00e9todo: <\/strong>Verifique o funil e o parafuso.<\/p>  <\/div> <\/div> <div id=\"faq-question-1704964833179\" class=\"rank-math-list-item\"> <h3 class=\"rank-math-question\">De repente, nenhum material ap\u00f3s a opera\u00e7\u00e3o normal. <\/h3> <div class=\"rank-math-answer\">  <p class=\"translation-block\"><strong>Raz\u00e3o:<\/strong> O orif\u00edcio de descarga do pelletizador de ra\u00e7\u00e3o para peixes est\u00e1 bloqueado por metal e outros objetos estranhos.<br \/><strong>M\u00e9todo:<\/strong> Pare a m\u00e1quina e limpe o orif\u00edcio de descarga.<\/p>  <\/div> <\/div> <div id=\"faq-question-1704964851676\" class=\"rank-math-list-item\"> <h3 class=\"rank-math-question\">Spray traseiro de material. Alimenta\u00e7\u00e3o muito r\u00e1pida, muita quantidade no peletizador de ra\u00e7\u00e3o para peixes.<\/h3> <div class=\"rank-math-answer\">  <p class=\"translation-block\"><strong>Raz\u00e3o: <\/strong>O material n\u00e3o est\u00e1 sendo descarregado suavemente e est\u00e1 bloqueado.<br \/><strong>M\u00e9todo: <\/strong>Controle a taxa de alimenta\u00e7\u00e3o. De acordo com o material processado, readapte as partes de extrus\u00e3o.<\/p>  <\/div> <\/div> <\/div> <\/div>   <figure class=\"wp-block-image size-full\"><img loading=\"lazy\" decoding=\"async\" width=\"720\" height=\"540\" src=\"https:\/\/fishfoodpelletmachine.com\/wp-content\/uploads\/2022\/08\/fish-feed-making-machine-for-sale.webp\" alt=\"M\u00e1quina de fazer ra\u00e7\u00e3o para peixes \u00e0 venda\" class=\"wp-image-757\" title=\"\" srcset=\"https:\/\/fishfoodpelletmachine.com\/wp-content\/uploads\/2022\/08\/fish-feed-making-machine-for-sale.webp 720w, https:\/\/fishfoodpelletmachine.com\/wp-content\/uploads\/2022\/08\/fish-feed-making-machine-for-sale-300x225.webp 300w\" sizes=\"auto, (max-width: 720px) 100vw, 720px\" \/><figcaption class=\"wp-element-caption\">M\u00e1quina de fazer ra\u00e7\u00e3o para peixes para venda<\/figcaption><\/figure>    <h2 class=\"wp-block-heading\">Contate-nos<\/h2>    <p class=\"translation-block\">\u00c0 medida que voc\u00ea embarca em sua jornada de aquicultura, nossa <a href=\"https:\/\/taizyfarmequipment.com\/product\/fish-feed-pelleting-machine\/\" data-type=\"link\" data-id=\"https:\/\/taizyfarmequipment.com\/product\/fish-feed-pelleting-machine\/\" target=\"_blank\" rel=\"noopener\">Extrusora de Ra\u00e7\u00e3o Flutuante para Peixes<\/a> est\u00e1 pronta para ser sua companheira de confian\u00e7a, impulsionando seu neg\u00f3cio a novas alturas. Com sua excepcional flutuabilidade, produ\u00e7\u00e3o de ra\u00e7\u00e3o eficiente e not\u00e1vel adaptabilidade, ela se destaca como um jogador de destaque no mercado ferozmente competitivo.<\/p>    <p>Contacte-nos agora para desbloquear novo potencial na aquicultura! Esperamos fornecer solu\u00e7\u00f5es personalizadas para atender \u00e0s necessidades cada vez maiores de seu neg\u00f3cio. Clique no bot\u00e3o de consulta abaixo para se conectar com nossa equipe dedicada e preparar o caminho para um futuro pr\u00f3spero.<\/p>    <figure class=\"wp-block-image size-full\"><img loading=\"lazy\" decoding=\"async\" width=\"720\" height=\"540\" src=\"https:\/\/fishfoodpelletmachine.com\/wp-content\/uploads\/2022\/08\/automatic-fish-feed-pelletizer.webp\" alt=\"peletizador autom\u00e1tico de ra\u00e7\u00e3o para peixes\" class=\"wp-image-758\" title=\"\" srcset=\"https:\/\/fishfoodpelletmachine.com\/wp-content\/uploads\/2022\/08\/automatic-fish-feed-pelletizer.webp 720w, https:\/\/fishfoodpelletmachine.com\/wp-content\/uploads\/2022\/08\/automatic-fish-feed-pelletizer-300x225.webp 300w\" sizes=\"auto, (max-width: 720px) 100vw, 720px\" \/><figcaption class=\"wp-element-caption\">Peletizador autom\u00e1tico de ra\u00e7\u00e3o para peixes<\/figcaption><\/figure>","protected":false},"excerpt":{"rendered":"<p>O peletizador de ra\u00e7\u00e3o para peixes \u00e9 o ep\u00edtome da precis\u00e3o e efici\u00eancia na produ\u00e7\u00e3o de ra\u00e7\u00f5es nutricionalmente balanceadas para esp\u00e9cies aqu\u00e1ticas. <\/p>","protected":false},"author":1,"featured_media":361,"parent":0,"template":"","tags":[18,22,21],"product-type":[5],"class_list":["post-81","product","type-product","status-publish","has-post-thumbnail","hentry","tag-fish-feed-pellet-machine","tag-fish-feed-pelletizer","tag-floating-fish-feed-extruder","product-type-fish-feed-pellet-machine"],"_links":{"self":[{"href":"https:\/\/fishfoodpelletmachine.com\/pt\/wp-json\/wp\/v2\/product\/81","targetHints":{"allow":["GET"]}}],"collection":[{"href":"https:\/\/fishfoodpelletmachine.com\/pt\/wp-json\/wp\/v2\/product"}],"about":[{"href":"https:\/\/fishfoodpelletmachine.com\/pt\/wp-json\/wp\/v2\/types\/product"}],"author":[{"embeddable":true,"href":"https:\/\/fishfoodpelletmachine.com\/pt\/wp-json\/wp\/v2\/users\/1"}],"wp:featuredmedia":[{"embeddable":true,"href":"https:\/\/fishfoodpelletmachine.com\/pt\/wp-json\/wp\/v2\/media\/361"}],"wp:attachment":[{"href":"https:\/\/fishfoodpelletmachine.com\/pt\/wp-json\/wp\/v2\/media?parent=81"}],"wp:term":[{"taxonomy":"post_tag","embeddable":true,"href":"https:\/\/fishfoodpelletmachine.com\/pt\/wp-json\/wp\/v2\/tags?post=81"},{"taxonomy":"product-type","embeddable":true,"href":"https:\/\/fishfoodpelletmachine.com\/pt\/wp-json\/wp\/v2\/product-type?post=81"}],"curies":[{"name":"wp","href":"https:\/\/api.w.org\/{rel}","templated":true}]}}