{"id":956,"date":"2025-07-31T09:31:35","date_gmt":"2025-07-31T01:31:35","guid":{"rendered":"https:\/\/fishfoodpelletmachine.com\/?post_type=product&#038;p=956"},"modified":"2025-08-01T09:33:44","modified_gmt":"2025-08-01T01:33:44","slug":"animal-feed-pellet-making-machine","status":"publish","type":"product","link":"https:\/\/fishfoodpelletmachine.com\/pt\/product\/animal-feed-pellet-making-machine\/","title":{"rendered":"M\u00e1quina de Fabrica\u00e7\u00e3o de Pellets de Ra\u00e7\u00e3o Animal para Aves"},"content":{"rendered":"<p>A m\u00e1quina de fazer pellets de ra\u00e7\u00e3o animal \u00e9 utilizada principalmente para processar pellets de alimento para frangos, patos, vacas e outros animais. O tamanho dos pellets \u00e9 uniforme e a superf\u00edcie \u00e9 lisa. O di\u00e2metro dos pellets pode ser dividido em: \u03c62, \u03c62.5, \u03c63, \u03c63.5, \u03c64, \u03c65, \u03c66, \u03c67, \u03c68 e assim por diante. Tem uma alta efici\u00eancia de processamento com uma capacidade de processamento de 120-1200kg\/h.<\/p>    <p>O moinho de pellets de ra\u00e7\u00e3o \u00e9 principalmente adequado para a agricultura rural, granjas de porcos e outras fam\u00edlias e pequenas propriedades. Existem muitos tipos de mat\u00e9rias-primas dispon\u00edveis, como serragem, casca de arroz, talos de algod\u00e3o, cascas de sementes de algod\u00e3o, farelo de trigo, todos os tipos de farinha de cereais, entre outros.<\/p>    <figure class=\"wp-block-embed is-type-video is-provider-youtube wp-block-embed-youtube wp-embed-aspect-16-9 wp-has-aspect-ratio\"><div class=\"wp-block-embed__wrapper\"> <iframe loading=\"lazy\" title=\"M\u00e1quina de Fazer Pellets de Ra\u00e7\u00e3o para Animais | Como Funciona a M\u00e1quina de Fazer Pellets de Ra\u00e7\u00e3o para Animais?#maquinadepelletsderacao\" width=\"500\" height=\"281\" src=\"https:\/\/www.youtube.com\/embed\/RGDEkrAa6dg?feature=oembed\" frameborder=\"0\" allow=\"accelerometer; autoplay; clipboard-write; encrypted-media; gyroscope; picture-in-picture; web-share\" referrerpolicy=\"strict-origin-when-cross-origin\" allowfullscreen><\/iframe> <\/div><figcaption class=\"wp-element-caption\">o processo de trabalho da m\u00e1quina de pellets de ra\u00e7\u00e3o<\/figcaption><\/figure>    <h2 class=\"wp-block-heading\"><strong>Modelos de moinhos de pellets de ra\u00e7\u00e3o e os seus par\u00e2metros<\/strong><\/h2>    <p>As m\u00e1quinas de fazer pellets de ra\u00e7\u00e3o animal v\u00eam em diferentes modelos com diferentes capacidades de produ\u00e7\u00e3o para atender a diferentes necessidades. Entre elas, os modelos KL-150 e KL-210 s\u00e3o os mais vendidos, sendo muito populares entre os clientes. Estes dois modelos atendem \u00e0s necessidades da maioria das escalas de produ\u00e7\u00e3o.<\/p>    <figure class=\"wp-block-table\"><table class=\"has-fixed-layout\"><tbody><tr><td class=\"has-text-align-center\" data-align=\"center\">Modelo<\/td><td class=\"has-text-align-center\" data-align=\"center\">Poder<\/td><td class=\"has-text-align-center\" data-align=\"center\">Peso<\/td><td class=\"has-text-align-center\" data-align=\"center\">Tamanho<\/td><td class=\"has-text-align-center\" data-align=\"center\">Capacidade<\/td><\/tr><tr><td class=\"has-text-align-center\" data-align=\"center\">KL-120<\/td><td class=\"has-text-align-center\" data-align=\"center\">3 kW<\/td><td class=\"has-text-align-center\" data-align=\"center\">100kg<\/td><td class=\"has-text-align-center\" data-align=\"center\">0.75*0.32*0.61m<\/td><td class=\"has-text-align-center\" data-align=\"center\">120kg\/h<\/td><\/tr><tr><td class=\"has-text-align-center\" data-align=\"center\">KL-150<\/td><td class=\"has-text-align-center\" data-align=\"center\">3 kW<\/td><td class=\"has-text-align-center\" data-align=\"center\">190kg<\/td><td class=\"has-text-align-center\" data-align=\"center\">0,75*0,35*0,65m<\/td><td class=\"has-text-align-center\" data-align=\"center\">150kg\/hora<\/td><\/tr><tr><td class=\"has-text-align-center\" data-align=\"center\">KL-210<\/td><td class=\"has-text-align-center\" data-align=\"center\">7,5 kW<\/td><td class=\"has-text-align-center\" data-align=\"center\">230kg<\/td><td class=\"has-text-align-center\" data-align=\"center\">1,0*0,45*0,96m<\/td><td class=\"has-text-align-center\" data-align=\"center\">400kg\/h<\/td><\/tr><tr><td class=\"has-text-align-center\" data-align=\"center\">KL-260<\/td><td class=\"has-text-align-center\" data-align=\"center\">15 kW<\/td><td class=\"has-text-align-center\" data-align=\"center\">360kg<\/td><td class=\"has-text-align-center\" data-align=\"center\">1,46*0,46*1,15m<\/td><td class=\"has-text-align-center\" data-align=\"center\">800kg\/hora<\/td><\/tr><tr><td class=\"has-text-align-center\" data-align=\"center\">KL-300<\/td><td class=\"has-text-align-center\" data-align=\"center\">22 kW<\/td><td class=\"has-text-align-center\" data-align=\"center\">450kg<\/td><td class=\"has-text-align-center\" data-align=\"center\">1,06*0,57*1,15m<\/td><td class=\"has-text-align-center\" data-align=\"center\">1000-1200kg\/h<\/td><\/tr><\/tbody><\/table><figcaption class=\"wp-element-caption\"><strong>modelos de moinhos de pellets de ra\u00e7\u00e3o e seus par\u00e2metros<\/strong><\/figcaption><\/figure>    <h2 class=\"wp-block-heading\"><strong>Mat\u00e9rias-primas e aplica\u00e7\u00f5es da m\u00e1quina de fabrica\u00e7\u00e3o de pellets de ra\u00e7\u00e3o.<\/strong><\/h2>    <p>Mat\u00e9rias-primas para a m\u00e1quina de fabrica\u00e7\u00e3o de pellets de ra\u00e7\u00e3o animal: v\u00e1rias farinhas de gr\u00e3os, alfafa, talos de milho, farelo de arroz, cascas de algod\u00e3o, farelo de trigo, e assim por diante.<\/p>    <p>Aplica\u00e7\u00e3o da m\u00e1quina de moagem de pellets de ra\u00e7\u00e3o: pode processar as mat\u00e9rias-primas em v\u00e1rias ra\u00e7\u00f5es para animais, como frango, pato, vaca, porco, etc.<\/p>   <div class=\"wp-block-image\"> <figure class=\"aligncenter size-full\"><img loading=\"lazy\" decoding=\"async\" width=\"720\" height=\"540\" src=\"https:\/\/fishfoodpelletmachine.com\/wp-content\/uploads\/2025\/07\/feed-pellet-making-.webp\" alt=\" as mat\u00e9rias-primas e produtos acabados do moinho de pellets de ra\u00e7\u00e3o\" class=\"wp-image-961\" title=\"\" srcset=\"https:\/\/fishfoodpelletmachine.com\/wp-content\/uploads\/2025\/07\/feed-pellet-making-.webp 720w, https:\/\/fishfoodpelletmachine.com\/wp-content\/uploads\/2025\/07\/feed-pellet-making--300x225.webp 300w, https:\/\/fishfoodpelletmachine.com\/wp-content\/uploads\/2025\/07\/feed-pellet-making--16x12.webp 16w\" sizes=\"auto, (max-width: 720px) 100vw, 720px\" \/><figcaption class=\"wp-element-caption\">mat\u00e9rias-primas e produtos acabados do moinho de pellets de ra\u00e7\u00e3o.<\/figcaption><\/figure> <\/div>   <h2 class=\"wp-block-heading\"><strong>Constru\u00e7\u00e3o do moinho de pellets de matriz plana<\/strong><\/h2>    <p>\u00c9 composto principalmente por um funil de alimenta\u00e7\u00e3o, uma porca de ajuste, um motor, uma roda m\u00f3vel, entre outros. A m\u00e1quina de pellets de ra\u00e7\u00e3o \u00e9 bem projetada; n\u00e3o s\u00f3 a efici\u00eancia de produ\u00e7\u00e3o \u00e9 muito boa, mas a opera\u00e7\u00e3o tamb\u00e9m \u00e9 muito simples. Pode ajud\u00e1-lo a economizar muito tempo e energia!<\/p>   <div class=\"wp-block-image\"> <figure class=\"aligncenter size-full\"><img loading=\"lazy\" decoding=\"async\" width=\"720\" height=\"540\" src=\"https:\/\/fishfoodpelletmachine.com\/wp-content\/uploads\/2025\/07\/structure-animal-feed-pellet-mill.webp\" alt=\"estrutura-moinho de pellets de ra\u00e7\u00e3o animal\" class=\"wp-image-965\" title=\"\" srcset=\"https:\/\/fishfoodpelletmachine.com\/wp-content\/uploads\/2025\/07\/structure-animal-feed-pellet-mill.webp 720w, https:\/\/fishfoodpelletmachine.com\/wp-content\/uploads\/2025\/07\/structure-animal-feed-pellet-mill-300x225.webp 300w, https:\/\/fishfoodpelletmachine.com\/wp-content\/uploads\/2025\/07\/structure-animal-feed-pellet-mill-16x12.webp 16w\" sizes=\"auto, (max-width: 720px) 100vw, 720px\" \/><figcaption class=\"wp-element-caption\">estrutura do moinho de pellets de ra\u00e7\u00e3o animal<\/figcaption><\/figure> <\/div>   <p>Esta m\u00e1quina de fazer pellets de ra\u00e7\u00e3o animal pode ser equipada com um motor a diesel, motor a gasolina, PTO e motor el\u00e9trico. \u00c9 adequada para todos os tipos de \u00e1reas e n\u00e3o \u00e9 limitada pela fonte de energia.<\/p>    <figure class=\"wp-block-gallery has-nested-images columns-default is-cropped wp-block-gallery-2 is-layout-flex wp-block-gallery-is-layout-flex\"> <figure class=\"wp-block-image size-large\"><img loading=\"lazy\" decoding=\"async\" width=\"720\" height=\"540\" data-id=\"963\" src=\"https:\/\/fishfoodpelletmachine.com\/wp-content\/uploads\/2025\/07\/food-pellet-maker-with-petrol-engine.webp\" alt=\"m\u00e1quina de pellets de ra\u00e7\u00e3o com motor a gasolina\" class=\"wp-image-963\" title=\"\" srcset=\"https:\/\/fishfoodpelletmachine.com\/wp-content\/uploads\/2025\/07\/food-pellet-maker-with-petrol-engine.webp 720w, https:\/\/fishfoodpelletmachine.com\/wp-content\/uploads\/2025\/07\/food-pellet-maker-with-petrol-engine-300x225.webp 300w, https:\/\/fishfoodpelletmachine.com\/wp-content\/uploads\/2025\/07\/food-pellet-maker-with-petrol-engine-16x12.webp 16w\" sizes=\"auto, (max-width: 720px) 100vw, 720px\" \/><figcaption class=\"wp-element-caption\">M\u00e1quina de pellets de comida com motor a gasolina<\/figcaption><\/figure>    <figure class=\"wp-block-image size-large\"><img loading=\"lazy\" decoding=\"async\" width=\"720\" height=\"540\" data-id=\"960\" src=\"https:\/\/fishfoodpelletmachine.com\/wp-content\/uploads\/2025\/07\/feed-pellet-making-machine-with-pto.webp\" alt=\"m\u00e1quina de produ\u00e7\u00e3o de pellets de ra\u00e7\u00e3o com tomada de for\u00e7a\" class=\"wp-image-960\" title=\"\" srcset=\"https:\/\/fishfoodpelletmachine.com\/wp-content\/uploads\/2025\/07\/feed-pellet-making-machine-with-pto.webp 720w, https:\/\/fishfoodpelletmachine.com\/wp-content\/uploads\/2025\/07\/feed-pellet-making-machine-with-pto-300x225.webp 300w, https:\/\/fishfoodpelletmachine.com\/wp-content\/uploads\/2025\/07\/feed-pellet-making-machine-with-pto-16x12.webp 16w\" sizes=\"auto, (max-width: 720px) 100vw, 720px\" \/><figcaption class=\"wp-element-caption\">M\u00e1quina de fazer pellets de ra\u00e7\u00e3o com PTO<\/figcaption><\/figure> <\/figure>    <figure class=\"wp-block-gallery has-nested-images columns-default is-cropped wp-block-gallery-3 is-layout-flex wp-block-gallery-is-layout-flex\"> <figure class=\"wp-block-image size-large\"><img loading=\"lazy\" decoding=\"async\" width=\"720\" height=\"540\" data-id=\"959\" src=\"https:\/\/fishfoodpelletmachine.com\/wp-content\/uploads\/2025\/07\/feed-pellet-machinewith-electric-motors.webp\" alt=\"m\u00e1quina de pellets de ra\u00e7\u00e3o com motores el\u00e9tricos\" class=\"wp-image-959\" title=\"\" srcset=\"https:\/\/fishfoodpelletmachine.com\/wp-content\/uploads\/2025\/07\/feed-pellet-machinewith-electric-motors.webp 720w, https:\/\/fishfoodpelletmachine.com\/wp-content\/uploads\/2025\/07\/feed-pellet-machinewith-electric-motors-300x225.webp 300w, https:\/\/fishfoodpelletmachine.com\/wp-content\/uploads\/2025\/07\/feed-pellet-machinewith-electric-motors-16x12.webp 16w\" sizes=\"auto, (max-width: 720px) 100vw, 720px\" \/><figcaption class=\"wp-element-caption\">M\u00e1quina de pellets de ra\u00e7\u00e3o com motores el\u00e9tricos<\/figcaption><\/figure>    <figure class=\"wp-block-image size-large\"><img loading=\"lazy\" decoding=\"async\" width=\"720\" height=\"540\" data-id=\"957\" src=\"https:\/\/fishfoodpelletmachine.com\/wp-content\/uploads\/2025\/07\/animal-feed-pellet-machine-with-diesel-engine.webp\" alt=\"m\u00e1quina de pellets de ra\u00e7\u00e3o animal com motor a diesel\" class=\"wp-image-957\" title=\"\" srcset=\"https:\/\/fishfoodpelletmachine.com\/wp-content\/uploads\/2025\/07\/animal-feed-pellet-machine-with-diesel-engine.webp 720w, https:\/\/fishfoodpelletmachine.com\/wp-content\/uploads\/2025\/07\/animal-feed-pellet-machine-with-diesel-engine-300x225.webp 300w, https:\/\/fishfoodpelletmachine.com\/wp-content\/uploads\/2025\/07\/animal-feed-pellet-machine-with-diesel-engine-16x12.webp 16w\" sizes=\"auto, (max-width: 720px) 100vw, 720px\" \/><figcaption class=\"wp-element-caption\">M\u00e1quina de Pellets de Ra\u00e7\u00e3o Animal com Motor a Diesel<\/figcaption><\/figure> <\/figure>    <h2 class=\"wp-block-heading\"><strong>Acess\u00f3rios da m\u00e1quina de fazer pellets de ra\u00e7\u00e3o<\/strong><\/h2>    <p>Os principais acess\u00f3rios da m\u00e1quina de fabrica\u00e7\u00e3o de pellets de ra\u00e7\u00e3o animal s\u00e3o o disco de moagem e o rolo de press\u00e3o.<\/p>    <p>O disco de moagem \u00e9 utilizado principalmente para determinar o di\u00e2metro das part\u00edculas de alimento. O di\u00e2metro dos pellets acabados pode ser dividido em: \u03c62, \u03c62.5, \u03c63, \u03c63.5, \u03c64, \u03c65, \u03c66, \u03c67, \u03c68, e assim por diante. Voc\u00ea pode trocar a placa de moagem de acordo com suas necessidades.<\/p>    <figure class=\"wp-block-gallery has-nested-images columns-default is-cropped wp-block-gallery-4 is-layout-flex wp-block-gallery-is-layout-flex\"> <figure class=\"wp-block-image size-large\"><img loading=\"lazy\" decoding=\"async\" width=\"720\" height=\"540\" data-id=\"964\" src=\"https:\/\/fishfoodpelletmachine.com\/wp-content\/uploads\/2025\/07\/roller-and-mill-plate-of-animal-feed-pelllet-machine-tuya.webp\" alt=\"rolos e placas do moinho da m\u00e1quina de pellets de ra\u00e7\u00e3o animal\" class=\"wp-image-964\" title=\"\" srcset=\"https:\/\/fishfoodpelletmachine.com\/wp-content\/uploads\/2025\/07\/roller-and-mill-plate-of-animal-feed-pelllet-machine-tuya.webp 720w, https:\/\/fishfoodpelletmachine.com\/wp-content\/uploads\/2025\/07\/roller-and-mill-plate-of-animal-feed-pelllet-machine-tuya-300x225.webp 300w, https:\/\/fishfoodpelletmachine.com\/wp-content\/uploads\/2025\/07\/roller-and-mill-plate-of-animal-feed-pelllet-machine-tuya-16x12.webp 16w\" sizes=\"auto, (max-width: 720px) 100vw, 720px\" \/><figcaption class=\"wp-element-caption\">Rolo e Disco de Moagem da M\u00e1quina de Pellets de Ra\u00e7\u00e3o Animal.<\/figcaption><\/figure>    <figure class=\"wp-block-image size-large\"><img loading=\"lazy\" decoding=\"async\" width=\"720\" height=\"540\" data-id=\"958\" src=\"https:\/\/fishfoodpelletmachine.com\/wp-content\/uploads\/2025\/07\/different-sizes-of-grinding-discs-for-feed-pelletizer.webp\" alt=\"os diferentes tamanhos de discos de moagem para o pelletizador de ra\u00e7\u00e3o\" class=\"wp-image-958\" title=\"\" srcset=\"https:\/\/fishfoodpelletmachine.com\/wp-content\/uploads\/2025\/07\/different-sizes-of-grinding-discs-for-feed-pelletizer.webp 720w, https:\/\/fishfoodpelletmachine.com\/wp-content\/uploads\/2025\/07\/different-sizes-of-grinding-discs-for-feed-pelletizer-300x225.webp 300w, https:\/\/fishfoodpelletmachine.com\/wp-content\/uploads\/2025\/07\/different-sizes-of-grinding-discs-for-feed-pelletizer-16x12.webp 16w\" sizes=\"auto, (max-width: 720px) 100vw, 720px\" \/><figcaption class=\"wp-element-caption\">Os Diferentes Tamanhos de Discos de Moagem para o Pellets de Ra\u00e7\u00e3o.<\/figcaption><\/figure> <\/figure>    <h2 class=\"wp-block-heading\"><strong>Vantagens da m\u00e1quina de fabrica\u00e7\u00e3o de pellets de ra\u00e7\u00e3o animal Taiy.<\/strong><\/h2>    <ul class=\"wp-block-list\"> <li><strong>Opera\u00e7\u00e3o simples<\/strong>: a opera\u00e7\u00e3o \u00e9 simples e pode ser realizada por apenas uma pessoa, n\u00e3o sendo necess\u00e1rio um t\u00e9cnico profissional.<\/li>    <li><strong>Alta efici\u00eancia de produ\u00e7\u00e3o<\/strong>: tem uma capacidade de produ\u00e7\u00e3o de 120kg-200kg\/h, o que pode atender \u00e0s necessidades de diferentes escalas de produ\u00e7\u00e3o.<\/li>    <li><strong>Ampla gama de aplica\u00e7\u00f5es<\/strong>: a maioria dos materiais de ra\u00e7\u00e3o, como gr\u00e3os de milho, palha, talos, arroz, trigo e lascas de madeira, s\u00e3o adequados para o nosso moinho de pellets.<\/li>    <li><strong>Dispon\u00edvel com quatro fontes de energia<\/strong>: projetamos nossos modelos de moinho de pellets com motor a gasolina, motor a diesel, motor el\u00e9trico e sa\u00edda de pot\u00eancia PTO.<\/li>    <li><strong>Baixo custo de manuten\u00e7\u00e3o<\/strong>: tem f\u00e1cil substitui\u00e7\u00e3o de pe\u00e7as de reposi\u00e7\u00e3o e baixo custo de rolos e moldes.<\/li>    <li><strong>Vantagem de pre\u00e7o<\/strong>: somos autossuficientes na produ\u00e7\u00e3o e temos uma vantagem de pre\u00e7o no mesmo mercado.<\/li>    <li><strong>Garantia p\u00f3s-venda<\/strong>: a pelotizadora de ra\u00e7\u00e3o Taizy possui uma forte equipe de p\u00f3s-venda e suporte t\u00e9cnico profissional para resolver seus problemas a tempo.<\/li> <\/ul>    <figure class=\"wp-block-gallery has-nested-images columns-default is-cropped wp-block-gallery-5 is-layout-flex wp-block-gallery-is-layout-flex\"> <figure class=\"wp-block-image size-large\"><img loading=\"lazy\" decoding=\"async\" width=\"720\" height=\"540\" data-id=\"962\" src=\"https:\/\/fishfoodpelletmachine.com\/wp-content\/uploads\/2025\/07\/flat-die-pellet-mill.webp\" alt=\"o display da prensa de pellets de matriz plana\" class=\"wp-image-962\" title=\"\" srcset=\"https:\/\/fishfoodpelletmachine.com\/wp-content\/uploads\/2025\/07\/flat-die-pellet-mill.webp 720w, https:\/\/fishfoodpelletmachine.com\/wp-content\/uploads\/2025\/07\/flat-die-pellet-mill-300x225.webp 300w, https:\/\/fishfoodpelletmachine.com\/wp-content\/uploads\/2025\/07\/flat-die-pellet-mill-16x12.webp 16w\" sizes=\"auto, (max-width: 720px) 100vw, 720px\" \/><figcaption class=\"wp-element-caption\">Moinho de Pellets de Matriz Plana<\/figcaption><\/figure> <\/figure>    <h2 class=\"wp-block-heading\"><strong>Sobre o pre\u00e7o da m\u00e1quina de pellets de ra\u00e7\u00e3o animal<\/strong><\/h2>    <p>O pre\u00e7o de um moinho de pellets de ra\u00e7\u00e3o pode ser afetado por uma s\u00e9rie de fatores. Dois dos principais fatores influentes s\u00e3o mostrados a seguir:<\/p>    <p>Pre\u00e7o diferente para diferentes modelos: o pre\u00e7o da m\u00e1quina de fazer pellets de ra\u00e7\u00e3o ser\u00e1 diferente para diferentes modelos. De um modo geral, o pre\u00e7o \u00e9 mais alto para modelos com maior capacidade. Por exemplo, o pre\u00e7o do KL-210 \u00e9 mais alto do que o do KL-150.<\/p>    <p>Pre\u00e7os diferentes para diferentes acess\u00f3rios: por um lado, o n\u00famero de acess\u00f3rios afetar\u00e1 o pre\u00e7o. O pre\u00e7o ser\u00e1 mais alto se houver mais procura por acess\u00f3rios. Por outro lado, acess\u00f3rios personalizados ser\u00e3o mais caros.<\/p>    <h2 class=\"wp-block-heading\"><strong>Linhas de produ\u00e7\u00e3o para a m\u00e1quina pelletizadora de ra\u00e7\u00e3o<\/strong><\/h2>    <p class=\"translation-block\">Para atender \u00e0s necessidades de diferentes clientes, tamb\u00e9m oferecemos a <a href=\"https:\/\/fishfoodpelletmachine.com\/pt\/product\/animal-feed-pellet-production-line\/\">linha de produ\u00e7\u00e3o para m\u00e1quina de fabrica\u00e7\u00e3o de pellets de ra\u00e7\u00e3o animal<\/a>. Isto inclui moinho de martelo, transportador de parafuso, misturador, m\u00e1quina de fabrica\u00e7\u00e3o de pellets de ra\u00e7\u00e3o, m\u00e1quina de resfriamento, m\u00e1quina de pesagem e embalagem, e assim por diante.<\/p>    <p>A linha de produ\u00e7\u00e3o pode economizar muito m\u00e3o de obra e melhorar a efici\u00eancia da produ\u00e7\u00e3o. Permite que voc\u00ea realize um processamento em uma \u00fanica etapa. Se voc\u00ea deseja iniciar um neg\u00f3cio de produ\u00e7\u00e3o de pellets de aves ou continuar a expandir sua produ\u00e7\u00e3o, esta linha de produ\u00e7\u00e3o \u00e9 uma \u00f3tima escolha!<\/p>   <div class=\"wp-block-image\"> <figure class=\"aligncenter size-full\"><img loading=\"lazy\" decoding=\"async\" width=\"720\" height=\"540\" src=\"https:\/\/fishfoodpelletmachine.com\/wp-content\/uploads\/2025\/07\/production-lines-for-the-feed-pelletizer-machine.webp\" alt=\"as linhas de produ\u00e7\u00e3o para a m\u00e1quina pelletizadora de ra\u00e7\u00e3o\" class=\"wp-image-968\" title=\"\" srcset=\"https:\/\/fishfoodpelletmachine.com\/wp-content\/uploads\/2025\/07\/production-lines-for-the-feed-pelletizer-machine.webp 720w, https:\/\/fishfoodpelletmachine.com\/wp-content\/uploads\/2025\/07\/production-lines-for-the-feed-pelletizer-machine-300x225.webp 300w, https:\/\/fishfoodpelletmachine.com\/wp-content\/uploads\/2025\/07\/production-lines-for-the-feed-pelletizer-machine-16x12.webp 16w\" sizes=\"auto, (max-width: 720px) 100vw, 720px\" \/><figcaption class=\"wp-element-caption\">linhas de produ\u00e7\u00e3o para a m\u00e1quina pelletizadora de ra\u00e7\u00e3o<\/figcaption><\/figure> <\/div>   <h2 class=\"wp-block-heading\"><strong>O caso de sucesso da m\u00e1quina de moinho de ra\u00e7\u00e3o em pellet Taizy<\/strong><\/h2>    <p>Em abril, um cliente na Rep\u00fablica Democr\u00e1tica do Congo encomendou uma m\u00e1quina de fazer pellets de ra\u00e7\u00e3o animal KL-210. Atrav\u00e9s da comunica\u00e7\u00e3o, soubemos que este cliente possui uma fazenda. Ele precisa de uma m\u00e1quina de pellets de ra\u00e7\u00e3o animal com uma capacidade de 300-400kg\/h. E espera receber a m\u00e1quina dentro de 15 dias.<\/p>    <p>Com base nas necessidades do cliente. Recomendamos esta m\u00e1quina de fabrica\u00e7\u00e3o de pellets de ra\u00e7\u00e3o ao cliente. Para que o cliente pudesse receber os produtos o mais r\u00e1pido poss\u00edvel, trabalhamos horas extras durante a noite para produzir. Dez dias depois, conclu\u00edmos a produ\u00e7\u00e3o e enviamos as fotos do produto ao cliente. O cliente ficou muito satisfeito e fez o pagamento final.<\/p>    <p>Depois de receber a m\u00e1quina de peletiza\u00e7\u00e3o de ra\u00e7\u00e3o, ele disse que estava muito satisfeito e esperava ter mais coopera\u00e7\u00e3o no futuro! Se precisar de um moinho de pellets de matriz plana, entre em contato conosco imediatamente. N\u00f3s forneceremos o servi\u00e7o e o equipamento mais profissionais!<\/p>","protected":false},"excerpt":{"rendered":"<p>Este artigo trata das vantagens, modelos e seus par\u00e2metros da m\u00e1quina de fabrica\u00e7\u00e3o de pellets de ra\u00e7\u00e3o animal. Esta \u00e9 principalmente adequada para a agricultura rural, fazendas de coelhos e outras pequenas propriedades familiares, com uma capacidade de 120kg-1200kg\/h.<\/p>","protected":false},"author":1,"featured_media":967,"parent":0,"template":"","tags":[51],"product-type":[4],"class_list":["post-956","product","type-product","status-publish","has-post-thumbnail","hentry","tag-feed-pellet","product-type-feed-grinding-machine"],"_links":{"self":[{"href":"https:\/\/fishfoodpelletmachine.com\/pt\/wp-json\/wp\/v2\/product\/956","targetHints":{"allow":["GET"]}}],"collection":[{"href":"https:\/\/fishfoodpelletmachine.com\/pt\/wp-json\/wp\/v2\/product"}],"about":[{"href":"https:\/\/fishfoodpelletmachine.com\/pt\/wp-json\/wp\/v2\/types\/product"}],"author":[{"embeddable":true,"href":"https:\/\/fishfoodpelletmachine.com\/pt\/wp-json\/wp\/v2\/users\/1"}],"wp:featuredmedia":[{"embeddable":true,"href":"https:\/\/fishfoodpelletmachine.com\/pt\/wp-json\/wp\/v2\/media\/967"}],"wp:attachment":[{"href":"https:\/\/fishfoodpelletmachine.com\/pt\/wp-json\/wp\/v2\/media?parent=956"}],"wp:term":[{"taxonomy":"post_tag","embeddable":true,"href":"https:\/\/fishfoodpelletmachine.com\/pt\/wp-json\/wp\/v2\/tags?post=956"},{"taxonomy":"product-type","embeddable":true,"href":"https:\/\/fishfoodpelletmachine.com\/pt\/wp-json\/wp\/v2\/product-type?post=956"}],"curies":[{"name":"wp","href":"https:\/\/api.w.org\/{rel}","templated":true}]}}