{"id":3,"date":"2022-07-28T10:35:48","date_gmt":"2022-07-28T10:35:48","guid":{"rendered":"https:\/\/fishfoodpelletmachine.com\/?page_id=3"},"modified":"2022-09-27T16:35:44","modified_gmt":"2022-09-27T08:35:44","slug":"about-us","status":"publish","type":"page","link":"https:\/\/fishfoodpelletmachine.com\/sw\/about-us\/","title":{"rendered":"Kuhusu sisi"},"content":{"rendered":"<h2 class=\"wp-block-heading\">Vem \u00e4r vi?<\/h2>    <div class=\"wp-block-media-text alignwide is-stacked-on-mobile\"><figure class=\"wp-block-media-text__media\"><img loading=\"lazy\" decoding=\"async\" width=\"720\" height=\"540\" src=\"https:\/\/fishfoodpelletmachine.com\/wp-content\/uploads\/2022\/09\/Taizy-factory-1-1.webp\" alt=\"\" class=\"wp-image-481 size-full\" title=\"\" srcset=\"https:\/\/fishfoodpelletmachine.com\/wp-content\/uploads\/2022\/09\/Taizy-factory-1-1.webp 720w, https:\/\/fishfoodpelletmachine.com\/wp-content\/uploads\/2022\/09\/Taizy-factory-1-1-300x225.webp 300w\" sizes=\"auto, (max-width: 720px) 100vw, 720px\" \/><\/figure><div class=\"wp-block-media-text__content\"> <p>Taizy\u00a0Machinery \u00e4r en mycket professionell och k\u00e4nd tillverkare av fiskmatspiller, husdjurspellets och relaterad maskinvara. Sedan sin grundande har Taizy\u00a0Machinery varit verksam i mer \u00e4n 20 \u00e5r. De huvudsakliga produkterna vi producerar \u00e4r fiskmatspiller maskiner, husdjursmat maskiner, spannm\u00e5lskrossare, blandare, torkare, kryddmaskiner, och s\u00e5 vidare. Under utvecklingsprocessen h\u00e5ller vi oss \u00e0 jour med framstegen inom vetenskap och teknik f\u00f6r att utveckla maskinvara som uppfyller m\u00e4nniskors behov av fiskmatspiller och husdjursmat under olika perioder. Vi \u00e4r engagerade i att producera maskinprodukter som uppfyller allm\u00e4nhetens behov och \u00e4r h\u00e5llbara. Nu exporteras v\u00e5ra maskiner till m\u00e5nga l\u00e4nder, till exempel Peru, Ghana, Niger, Angola, Malaysia, Belgien, och s\u00e5 vidare. P\u00e5 grund av den frekventa exporten till dessa l\u00e4nder har m\u00e5nga av v\u00e5ra kunder blivit v\u00e5ra l\u00e5ngsiktiga kunder.<\/p> <\/div><\/div>    <p>Numera finns det m\u00e5nga fiskodlare i m\u00e5nga omr\u00e5den. Samtidigt, p\u00e5 grund av den h\u00f6ga kostnaden f\u00f6r att k\u00f6pa fiskfoder, vilket inte \u00e4r gynnsamt f\u00f6r att \u00f6ka int\u00e4kterna, v\u00e4ljer nu m\u00e5nga fiskodlare att k\u00f6pa sin egen fiskmatspiller maskin f\u00f6r att g\u00f6ra sitt eget fiskfoder. P\u00e5 detta s\u00e4tt kan n\u00e4ringen i fiskfoderet garanteras, medan det fiskfoder som tillverkas av dem sj\u00e4lva \u00e4r rent och hygieniskt. Detta \u00e4r mer gynnsamt f\u00f6r tillv\u00e4xt och utveckling av fisken. Samtidigt sparar det kostnader och minskar utgifterna f\u00f6r ink\u00f6p av fiskfoder. Numera har m\u00e5nga familjer husdjur, s\u00e5 efterfr\u00e5gan p\u00e5 husdjursmat \u00e4r ocks\u00e5 stor. D\u00e4rf\u00f6r k\u00f6per m\u00e5nga m\u00e4nniskor den n\u00f6dv\u00e4ndiga maskinvaran f\u00f6r att tillverka husdjursmat.<\/p>    <h2 class=\"wp-block-heading\">Vilka \u00e4r v\u00e5ra tj\u00e4nster?<\/h2>    <p>1. Rekommendera en l\u00e4mplig maskin till v\u00e5ra kunder. Innan vi rekommenderar den r\u00e4tta maskinen kommer vi f\u00f6rst att fr\u00e5ga f\u00f6r att fastst\u00e4lla kundens specifika behov, s\u00e5som r\u00e5material, produktion, produkteffekt, osv. Sedan rekommenderar vi den l\u00e4mpliga maskinen enligt kundens svar. Kunder kan ocks\u00e5 v\u00e4lja den utrustning de \u00f6nskar fr\u00e5n de maskiner vi rekommenderar.<\/p>    <p>2. Tillhandah\u00e5lla kunden bilder och videor av maskinen. Vi kommer att skicka relevanta maskinbilder, videor och tekniska parametrar under kommunikationen med kunder s\u00e5 att kunderna f\u00e5r en fullst\u00e4ndig f\u00f6rst\u00e5else av maskinen.<\/p>    <p>3. Vi st\u00f6der anpassade maskiner. Vi kommer att anpassa maskinen enligt kundens specifika behov.<\/p>    <p>4. Vi har olika betalningsmetoder. Till exempel Trade Assurance, T\/T, Money Gram, L\/C, Pay Pal, Western Union, kontanter, osv. Du kan v\u00e4lja den mest bekv\u00e4ma betalningsmetoden.<\/p>    <p>5. Vi kommer att ge dig ett \u00e5rs gratis efterf\u00f6rs\u00e4ljningsservice. Vi kan v\u00e4gleda v\u00e5ra kunder online och hj\u00e4lpa dem att l\u00f6sa olika problem.<\/p>    <figure class=\"wp-block-gallery has-nested-images columns-3 is-cropped wp-block-gallery-2 is-layout-flex wp-block-gallery-is-layout-flex\"> <figure class=\"wp-block-image size-large\"><img loading=\"lazy\" decoding=\"async\" width=\"720\" height=\"540\" data-id=\"482\" src=\"https:\/\/fishfoodpelletmachine.com\/wp-content\/uploads\/2022\/09\/fish-feed-pellet-machine-1-1.webp\" alt=\"ufungashaji wa kesi ya mbao\" class=\"wp-image-482\" title=\"ufungashaji wa kesi ya mbao\" srcset=\"https:\/\/fishfoodpelletmachine.com\/wp-content\/uploads\/2022\/09\/fish-feed-pellet-machine-1-1.webp 720w, https:\/\/fishfoodpelletmachine.com\/wp-content\/uploads\/2022\/09\/fish-feed-pellet-machine-1-1-300x225.webp 300w\" sizes=\"auto, (max-width: 720px) 100vw, 720px\" \/><figcaption>Tr\u00e4fallpackning<\/figcaption><\/figure>    <figure class=\"wp-block-image size-large\"><img loading=\"lazy\" decoding=\"async\" width=\"720\" height=\"540\" data-id=\"483\" src=\"https:\/\/fishfoodpelletmachine.com\/wp-content\/uploads\/2022\/09\/shipping-of-the-machine-.webp\" alt=\"usafirishaji wa mashine\" class=\"wp-image-483\" title=\"usafirishaji wa mashine\" srcset=\"https:\/\/fishfoodpelletmachine.com\/wp-content\/uploads\/2022\/09\/shipping-of-the-machine-.webp 720w, https:\/\/fishfoodpelletmachine.com\/wp-content\/uploads\/2022\/09\/shipping-of-the-machine--300x225.webp 300w\" sizes=\"auto, (max-width: 720px) 100vw, 720px\" \/><figcaption>Frakt av maskinen<\/figcaption><\/figure> <\/figure>    <p><\/p>    <p><\/p>    <p><\/p>    <p><\/p>","protected":false},"excerpt":{"rendered":"<p>Who we are? Taizy\u00a0Machinery is a very professional and famous manufacturer of fish food pellets, pet pellets, and related machinery. Since its establishment, Taizy\u00a0Machinery has been in business for more than 20 years. The main products we produce are fish food pellet machines, pet food machines, grain crushers, mixers, dryers, seasoning machines, and so on. [&hellip;]<\/p>\n","protected":false},"author":1,"featured_media":0,"parent":0,"menu_order":0,"comment_status":"closed","ping_status":"open","template":"","meta":{"footnotes":""},"class_list":["post-3","page","type-page","status-publish","hentry"],"_links":{"self":[{"href":"https:\/\/fishfoodpelletmachine.com\/sw\/wp-json\/wp\/v2\/pages\/3","targetHints":{"allow":["GET"]}}],"collection":[{"href":"https:\/\/fishfoodpelletmachine.com\/sw\/wp-json\/wp\/v2\/pages"}],"about":[{"href":"https:\/\/fishfoodpelletmachine.com\/sw\/wp-json\/wp\/v2\/types\/page"}],"author":[{"embeddable":true,"href":"https:\/\/fishfoodpelletmachine.com\/sw\/wp-json\/wp\/v2\/users\/1"}],"replies":[{"embeddable":true,"href":"https:\/\/fishfoodpelletmachine.com\/sw\/wp-json\/wp\/v2\/comments?post=3"}],"version-history":[{"count":0,"href":"https:\/\/fishfoodpelletmachine.com\/sw\/wp-json\/wp\/v2\/pages\/3\/revisions"}],"wp:attachment":[{"href":"https:\/\/fishfoodpelletmachine.com\/sw\/wp-json\/wp\/v2\/media?parent=3"}],"curies":[{"name":"[\"wp\"]","href":"https:\/\/api.w.org\/{rel}","templated":true}]}}