{"id":103,"date":"2022-08-03T08:46:51","date_gmt":"2022-08-03T08:46:51","guid":{"rendered":"https:\/\/fishfoodpelletmachine.com\/?post_type=product&#038;p=103"},"modified":"2024-02-26T18:08:31","modified_gmt":"2024-02-26T10:08:31","slug":"pet-food-production-line-2","status":"publish","type":"product","link":"https:\/\/fishfoodpelletmachine.com\/sw\/product\/pet-food-production-line-2\/","title":{"rendered":"Mstari wa uzalishaji wa chakula cha wanyama vipenzi\u4e28Mstari wa usindikaji wa extruder wa chakula cha wanyama vipenzi"},"content":{"rendered":"<p>Petfoodproduktionslinjen \u00e4r professionell utrustning som kan producera olika former av pet food. Linjen best\u00e5r generellt av flera maskiner i samarbete med h\u00f6g grad av automation. Och olika modeller kan producera olika utdata. Kunder kan v\u00e4lja r\u00e4tt maskinmodell enligt sina behov. <\/p>    <p>Dessutom har vi olika utsl\u00e4ppformar, s\u00e5 vi kan producera m\u00e5nga olika former. Det finns m\u00e5nga maskiner i v\u00e5r produktionslinje, s\u00e5 kunder kan k\u00f6pa hela satsen eller v\u00e4lja den utrustning de beh\u00f6ver.<\/p>    <h2 class=\"wp-block-heading\" id=\"h-using-scopes-of-pet-food-production-line\">Anv\u00e4ndningsomr\u00e5den f\u00f6r petfoodproduktionslinje<\/h2>    <h3 class=\"wp-block-heading\"><strong>1. R\u00e5material: <\/strong><\/h3>    <p>St\u00e4rkelse r\u00e5material: majsproteinfint, majsflingor, gluten, veteermin, eller malt typ. <\/p>    <p>Protein r\u00e5material: sojab\u00f6nsmj\u00f6l och grovmj\u00f6l, k\u00f6ttmj\u00f6l benmj\u00f6l, f\u00e5gelmj\u00f6l och fiskmj\u00f6l.<\/p>    <h3 class=\"wp-block-heading\"><strong>2. Till\u00e4mpliga husdjur: <\/strong><\/h3>    <p>Hund, Katt, Fisk, F\u00e5gelmat, etc.<\/p>    <h3 class=\"wp-block-heading\"><strong>3. Anv\u00e4ndare: <\/strong><\/h3>    <p>Professionella petfoodtillverkare.<\/p>    <figure class=\"wp-block-gallery has-nested-images columns-default is-cropped wp-block-gallery-2 is-layout-flex wp-block-gallery-is-layout-flex\"> <figure class=\"wp-block-image size-large\"><img loading=\"lazy\" decoding=\"async\" width=\"720\" height=\"540\" data-id=\"422\" src=\"https:\/\/fishfoodpelletmachine.com\/wp-content\/uploads\/2022\/09\/Using-scopes-of-pet-food-production-line-.webp\" alt=\"anv\u00e4dningsomr\u00e5den f\u00f6r husdjursmatsproduktionslinjen\" class=\"wp-image-422\" title=\"anv\u00e4dningsomr\u00e5den f\u00f6r husdjursmatsproduktionslinjen\" srcset=\"https:\/\/fishfoodpelletmachine.com\/wp-content\/uploads\/2022\/09\/Using-scopes-of-pet-food-production-line-.webp 720w, https:\/\/fishfoodpelletmachine.com\/wp-content\/uploads\/2022\/09\/Using-scopes-of-pet-food-production-line--300x225.webp 300w\" sizes=\"auto, (max-width: 720px) 100vw, 720px\" \/><figcaption class=\"wp-element-caption\">Using Scopes Of Pet Food Production Line<\/figcaption><\/figure>    <figure class=\"wp-block-image size-large\"><img loading=\"lazy\" decoding=\"async\" width=\"720\" height=\"540\" data-id=\"423\" src=\"https:\/\/fishfoodpelletmachine.com\/wp-content\/uploads\/2022\/09\/molds-of-the-pet-food-.webp\" alt=\"formar av husdjursmaten\" class=\"wp-image-423\" title=\"formar av husdjursmaten\" srcset=\"https:\/\/fishfoodpelletmachine.com\/wp-content\/uploads\/2022\/09\/molds-of-the-pet-food-.webp 720w, https:\/\/fishfoodpelletmachine.com\/wp-content\/uploads\/2022\/09\/molds-of-the-pet-food--300x225.webp 300w\" sizes=\"auto, (max-width: 720px) 100vw, 720px\" \/><figcaption class=\"wp-element-caption\">Molds Of The Pet Food<\/figcaption><\/figure> <\/figure>    <h2 class=\"wp-block-heading\">Huvudkomponenter i petfoodextruderf\u00f6r\u00e4dlingslinjen <\/h2>    <p>Numera matar fler och fler m\u00e4nniskor sina husdjur. D\u00e4rf\u00f6r \u00f6kar efterfr\u00e5gan p\u00e5 husdjursfoder. Samtidigt blir m\u00e4nniskors behov av n\u00e4ring och kvalitet hos husdjursfoder allt h\u00f6gre och h\u00f6gre. <\/p>    <p>D\u00e4rf\u00f6r \u00e4r anv\u00e4ndningen av professionell och h\u00f6gkvalitativ petfoodproduktionsutrustning ocks\u00e5 en efterfr\u00e5gan fr\u00e5n tillverkare.<\/p>    <p class=\"translation-block\">V\u00e5r <a href=\"https:\/\/pelletmillmachine.com\/pet-food-production-line\/\" target=\"_blank\" rel=\"noopener\">petfoodextruderf\u00f6r\u00e4dlingslinje<\/a> inkluderar en mj\u00f6lsblandare, spiraltransport\u00f6r, dubbelt skruvextruder, lufttransport\u00f6r, kontinuerlig tork-elfektivitet, transportband, smaks\u00e4ttningsmaskin, oljssprutmaskin, kryddtillsats, kylningsmaskin, f\u00f6rpackningsmaskin osv.<\/p>    <figure class=\"wp-block-image size-full\"><img loading=\"lazy\" decoding=\"async\" width=\"720\" height=\"540\" src=\"https:\/\/fishfoodpelletmachine.com\/wp-content\/uploads\/2022\/09\/pet-food-extruder-processing-line-.webp\" alt=\"husdjursmatsextruderingslinje\" class=\"wp-image-424\" title=\"husdjursmatsextruderingslinje\" srcset=\"https:\/\/fishfoodpelletmachine.com\/wp-content\/uploads\/2022\/09\/pet-food-extruder-processing-line-.webp 720w, https:\/\/fishfoodpelletmachine.com\/wp-content\/uploads\/2022\/09\/pet-food-extruder-processing-line--300x225.webp 300w\" sizes=\"auto, (max-width: 720px) 100vw, 720px\" \/><figcaption class=\"wp-element-caption\">Pet Food Extruder Processing Line<\/figcaption><\/figure>    <h2 class=\"wp-block-heading\">Arbetsfl\u00f6de f\u00f6r torrt husdjursfoderproduktion <\/h2>    <p>Processfl\u00f6de: r\u00e5materialsammans\u00e4ttning \u2192 blandning \u2192 transport \u2192 extrusion och puffing \u2192 transport \u2192 torkning \u2192 oljesprutning \u2192 smaks\u00e4ttning \u2192 f\u00f6rpackning. I denna process hanteras varje steg av professionell utrustning.<\/p>    <h2 class=\"wp-block-heading\">Huvudutrustning och funktioner i djurmatf\u00f6r\u00e4dlingslinjen<\/h2>    <h3 class=\"wp-block-heading\">1. Blanda<\/h3>    <p>Denna mj\u00f6lsblandare anv\u00e4nds f\u00f6r att blanda r\u00e5material som majsmj\u00f6l och ris mj\u00f6l med v\u00e4tska och andra tillsatser. Det \u00e4r det andra steget i petfoodproduktionslinjen.<\/p>    <figure class=\"wp-block-image size-full\"><img loading=\"lazy\" decoding=\"async\" width=\"720\" height=\"540\" src=\"https:\/\/fishfoodpelletmachine.com\/wp-content\/uploads\/2022\/09\/mixer-1-1.webp\" alt=\"mixer\" class=\"wp-image-426\" title=\"mixer\" srcset=\"https:\/\/fishfoodpelletmachine.com\/wp-content\/uploads\/2022\/09\/mixer-1-1.webp 720w, https:\/\/fishfoodpelletmachine.com\/wp-content\/uploads\/2022\/09\/mixer-1-1-300x225.webp 300w\" sizes=\"auto, (max-width: 720px) 100vw, 720px\" \/><figcaption class=\"wp-element-caption\">Mchanganyiko<\/figcaption><\/figure>    <figure class=\"wp-block-table\"><table><tbody><tr><td>V\u00fdkon<strong>&nbsp;<\/strong><\/td><td>4KW<strong><\/strong><\/td><\/tr><tr><td>Blandningstid<strong><\/strong><\/td><td>90-120 sekunder per g\u00e5ng<strong>&nbsp;<\/strong><\/td><\/tr><tr><td>Tankvolym<strong><\/strong><\/td><td>30 kg\/tid<strong>&nbsp;<\/strong><\/td><\/tr><tr><td>Dimensioner<\/td><td>1100 x 1050 x 1400 mm<strong>&nbsp;<\/strong><\/td><\/tr><tr><td>Sp\u00e4nning<\/td><td>380V 50Hz trefas, eller enligt k\u00f6parens sp\u00e4nning<\/td><\/tr><\/tbody><\/table><figcaption class=\"wp-element-caption\">Mixerns parameter<\/figcaption><\/figure>    <h3 class=\"wp-block-heading\">2. Spiralb\u00e4rare<\/h3>    <p>Maskinen kan f\u00f6ra den blandade materialet inuti pet grains extruder.<\/p>    <figure class=\"wp-block-image size-full\"><img loading=\"lazy\" decoding=\"async\" width=\"720\" height=\"540\" src=\"https:\/\/fishfoodpelletmachine.com\/wp-content\/uploads\/2022\/08\/screw-feeder-1-1.jpg\" alt=\"skruvtransport\u00f6r\" class=\"wp-image-142\" title=\"skruvtransport\u00f6r\" srcset=\"https:\/\/fishfoodpelletmachine.com\/wp-content\/uploads\/2022\/08\/screw-feeder-1-1.jpg 720w, https:\/\/fishfoodpelletmachine.com\/wp-content\/uploads\/2022\/08\/screw-feeder-1-1-300x225.jpg 300w\" sizes=\"auto, (max-width: 720px) 100vw, 720px\" \/><figcaption class=\"wp-element-caption\">Kipenyo cha Skrubu<\/figcaption><\/figure>    <figure class=\"wp-block-table\"><table><tbody><tr><td>Effekt\uff1a<strong><\/strong><\/td><td>0,75KW<strong><\/strong><\/td><\/tr><tr><td>Dimensioner<strong><\/strong><\/td><td>3100 x 800 x 2000 mm<strong><\/strong><\/td><\/tr><tr><td>Sp\u00e4nning<strong><\/strong><\/td><td>380V 50Hz Tre Faser<strong><\/strong><\/td><\/tr><\/tbody><\/table><figcaption class=\"wp-element-caption\">Transport\u00f6rens tekniska parameter<\/figcaption><\/figure>    <h3 class=\"wp-block-heading\">3. <a href=\"https:\/\/fishfoodpelletmachine.com\/sw\/product\/pet-food-extruder\/\">Extruder ya Screws Mbili<\/a><\/h3>    <p>Denna maskin anv\u00e4nds f\u00f6r kontinuerlig automatisk limning av mj\u00f6l och st\u00e4rkelse. <\/p>    <p>Efter dosering arbetar materialet av tv\u00e5 ko-rotationsskruvar best\u00e5ende av segmenterade moduler med f\u00f6ljande funktioner: fram\u00e5t och bak\u00e5t transport, blandning, tillsats av tillsatser, injicering av v\u00e4tskor, avgasning, matlagning och formning. <\/p>    <p>Det \u00e4r maskinen som producerar petfood i petfoodproduktionslinjen.<\/p>    <figure class=\"wp-block-image size-full\"><img loading=\"lazy\" decoding=\"async\" width=\"720\" height=\"540\" src=\"https:\/\/fishfoodpelletmachine.com\/wp-content\/uploads\/2022\/09\/Double-Screw-Extruder-0.webp\" alt=\"double screw\u00a0extruder\" class=\"wp-image-428\" title=\"double screw\u00a0extruder\" srcset=\"https:\/\/fishfoodpelletmachine.com\/wp-content\/uploads\/2022\/09\/Double-Screw-Extruder-0.webp 720w, https:\/\/fishfoodpelletmachine.com\/wp-content\/uploads\/2022\/09\/Double-Screw-Extruder-0-300x225.webp 300w\" sizes=\"auto, (max-width: 720px) 100vw, 720px\" \/><figcaption class=\"wp-element-caption\"><strong>dubbel skruv extruder<\/strong><\/figcaption><\/figure>    <figure class=\"wp-block-table\"><table><tbody><tr><td>Matokeo<strong><\/strong><\/td><td>120-180kg\/h<strong><\/strong><\/td><\/tr><tr><td>Matarskraft<strong><\/strong><\/td><td>0,75 kW, frekvensstyrning<strong><\/strong><\/td><\/tr><tr><td>Extruderingskraft&nbsp;<strong><\/strong><\/td><td>22 kW, frekvensstyrning, klippning<\/td><\/tr><tr><td>V\u00fdkon<strong><\/strong><\/td><td>0,75kw, frekvensstyrning<strong><\/strong><\/td><\/tr><tr><td>&nbsp;Nguvu ya pampu ya mafuta<strong><\/strong><\/td><td>0.37kw<strong><\/strong><\/td><\/tr><tr><td>&nbsp;Varmekraft<strong><\/strong><\/td><td>10 kW, tre omr\u00e5den kontrolleras separat<\/td><\/tr><tr><td>&nbsp;Fartkontroll <strong><\/strong><\/td><td>Tre frekvensstyrda hastigheter<strong><\/strong><\/td><\/tr><tr><td>&nbsp;Dimensioner<strong><\/strong><\/td><td>2700\u00d71500\u00d71800 mm<strong><\/strong><\/td><\/tr><\/tbody><\/table><figcaption class=\"wp-element-caption\"><strong>Extruder ya Screws Mbili<\/strong>\u2019s parameter<\/figcaption><\/figure>    <h3 class=\"wp-block-heading\">4. Lufttransport\u00f6r<\/h3>    <figure class=\"wp-block-image size-full\"><img loading=\"lazy\" decoding=\"async\" width=\"720\" height=\"540\" src=\"https:\/\/fishfoodpelletmachine.com\/wp-content\/uploads\/2022\/09\/Air-conveyer-0.webp\" alt=\"Kipeperushi cha hewa\" class=\"wp-image-429\" title=\"Kipeperushi cha hewa\" srcset=\"https:\/\/fishfoodpelletmachine.com\/wp-content\/uploads\/2022\/09\/Air-conveyer-0.webp 720w, https:\/\/fishfoodpelletmachine.com\/wp-content\/uploads\/2022\/09\/Air-conveyer-0-300x225.webp 300w\" sizes=\"auto, (max-width: 720px) 100vw, 720px\" \/><figcaption class=\"wp-element-caption\"><strong>Kipeperushi cha hewa<\/strong><\/figcaption><\/figure>    <figure class=\"wp-block-table\"><table><tbody><tr><td>V\u00fdkon<strong><\/strong><\/td><td>0,75KW<strong><\/strong><\/td><\/tr><tr><td>Dimensioner<\/td><td>2900 x 160 x 2300 mm<strong><\/strong><\/td><\/tr><tr><td>Sp\u00e4nning<\/td><td>380V 50Hz Tre Faser<strong><\/strong><\/td><\/tr><\/tbody><\/table><figcaption class=\"wp-element-caption\">Luftb\u00e4rarens parameter<\/figcaption><\/figure>    <h3 class=\"wp-block-heading\">5. Kontinuerlig tork-elkraftstyp<\/h3>    <p>Denna tork i petfoodproduktionslinjen anv\u00e4nds f\u00f6r att rosta den extruderade snacksen, g\u00f6ra den krispigare och torka produkten f\u00f6r att minska fukten, s\u00e5 att snacken f\u00e5r l\u00e4ngre h\u00e5llbarhet och b\u00e4ttre smak.<\/p>    <figure class=\"wp-block-image size-full\"><img loading=\"lazy\" decoding=\"async\" width=\"720\" height=\"540\" src=\"https:\/\/fishfoodpelletmachine.com\/wp-content\/uploads\/2022\/09\/continuousDryer-electricity-type-1.webp\" alt=\"kontinuerlig tork-elkraftstyp\" class=\"wp-image-430\" title=\"kontinuerlig tork-elkraftstyp\" srcset=\"https:\/\/fishfoodpelletmachine.com\/wp-content\/uploads\/2022\/09\/continuousDryer-electricity-type-1.webp 720w, https:\/\/fishfoodpelletmachine.com\/wp-content\/uploads\/2022\/09\/continuousDryer-electricity-type-1-300x225.webp 300w\" sizes=\"auto, (max-width: 720px) 100vw, 720px\" \/><figcaption class=\"wp-element-caption\"><strong>kontinuerlig tork-elkraftstyp<\/strong><\/figcaption><\/figure>    <figure class=\"wp-block-table\"><table><tbody><tr><td>V\u00e4rmetyp &nbsp;<\/td><td>elektrisk uppv\u00e4rmning (om du beh\u00f6ver gas eller diesel eller \u00e5nguppv\u00e4rmning, meddela oss i f\u00f6rv\u00e4g)&nbsp;<\/td><\/tr><tr><td>Motor kraft<\/td><td>1.1KWelekt rcitetyp, Elektrisk uppv\u00e4rmningskraft: 54kW Om gas typ, gasf\u00f6rbrukning: 10-12 m\u00b3\/h Om dieseltyp, dieself\u00f6rbrukning: 6-8 kg\/h<\/td><\/tr><tr><td>Lager<\/td><td>tre lager<\/td><\/tr><tr><td>Dimensioner<\/td><td>5000 x 1100 x 1800 mm<strong><\/strong><\/td><\/tr><tr><td>Sp\u00e4nning<\/td><td>380V 50Hz Tre Faser<\/td><\/tr><\/tbody><\/table><figcaption class=\"wp-element-caption\">Kontinuerlig torkare-Ell\u00e4ntagets parameter<\/figcaption><\/figure>    <h3 class=\"wp-block-heading\">6. Smakmaskin-en-drum<\/h3>    <p>Smaks\u00e4ttningsmaskinen blandar kryddningen och oljan i den roterande trumman.<\/p>    <figure class=\"wp-block-table\"><table><tbody><tr><td>F\u00f6rare kraft<strong>&nbsp;<\/strong><\/td><td>0,55 kW<\/td><\/tr><tr><td>Matarskoppens kraft<\/td><td>0.37kw<\/td><\/tr><tr><td>Rotations damms skruvkraft<\/td><td>0.75kw<\/td><\/tr><tr><td>Dimensioner<\/td><td>3500 x 1100 x 1700 mm<\/td><\/tr><tr><td>Sp\u00e4nning<\/td><td>380V 50Hz Tre Faser<\/td><\/tr><\/tbody><\/table><figcaption class=\"wp-element-caption\">Smakmaskin-en-drum\u2019s parameter<\/figcaption><\/figure>    <h3 class=\"wp-block-heading\">7. OljSprutmaskin<\/h3>    <p>Denna maskin kombineras med smaks\u00e4ttningsmaskinen, pumpen sprutar olja p\u00e5 ytan av snacken.<\/p>    <figure class=\"wp-block-image size-full\"><img loading=\"lazy\" decoding=\"async\" width=\"720\" height=\"541\" src=\"https:\/\/fishfoodpelletmachine.com\/wp-content\/uploads\/2022\/09\/Oil-Spray-Machine-1.webp\" alt=\"oljesprutmaskin\" class=\"wp-image-431\" title=\"oljesprutmaskin\" srcset=\"https:\/\/fishfoodpelletmachine.com\/wp-content\/uploads\/2022\/09\/Oil-Spray-Machine-1.webp 720w, https:\/\/fishfoodpelletmachine.com\/wp-content\/uploads\/2022\/09\/Oil-Spray-Machine-1-300x225.webp 300w\" sizes=\"auto, (max-width: 720px) 100vw, 720px\" \/><figcaption class=\"wp-element-caption\">Oljsprutmaskin<\/figcaption><\/figure>    <figure class=\"wp-block-table\"><table><tbody><tr><td>Pumpskraft<\/td><td>0,75KW<\/td><\/tr><tr><td>Elektrisk uppv\u00e4rmningskraft<\/td><td>3kw<\/td><\/tr><tr><td>Tankvolym<\/td><td>50L<\/td><\/tr><tr><td>Dimensioner<\/td><td>1200 x 1100 x 1300 mm<\/td><\/tr><tr><td>Sp\u00e4nning<\/td><td>380V 50Hz Tre Faser<\/td><\/tr><\/tbody><\/table><figcaption class=\"wp-element-caption\"><strong>Oljsprutmaskin<\/strong>\u2019s parameter <\/figcaption><\/figure>    <h3 class=\"wp-block-heading\">8. Kryddtillsats<\/h3>    <p>Anv\u00e4nds f\u00f6r att tills\u00e4tta pulver p\u00e5 ytan av produkten, skruvmatning och manuell hastighet kan justeras<\/p>    <figure class=\"wp-block-image size-full\"><img loading=\"lazy\" decoding=\"async\" width=\"720\" height=\"540\" src=\"https:\/\/fishfoodpelletmachine.com\/wp-content\/uploads\/2022\/09\/Condiment-adder-1.webp\" alt=\"kryddare\" class=\"wp-image-433\" title=\"kryddare\" srcset=\"https:\/\/fishfoodpelletmachine.com\/wp-content\/uploads\/2022\/09\/Condiment-adder-1.webp 720w, https:\/\/fishfoodpelletmachine.com\/wp-content\/uploads\/2022\/09\/Condiment-adder-1-300x225.webp 300w\" sizes=\"auto, (max-width: 720px) 100vw, 720px\" \/><figcaption class=\"wp-element-caption\">Kryddtillsats<\/figcaption><\/figure>    <figure class=\"wp-block-table\"><table><tbody><tr><td>Sp\u00e4nningsf\u00f6rs\u00f6rjningens sp\u00e4nning<\/td><td>380V\/50HZ<\/td><\/tr><tr><td>Installerad kraft<\/td><td>0,37 kW<\/td><\/tr><tr><td>Hopper volym<\/td><td>10 kg<\/td><\/tr><tr><td>Produktionskapacitet<\/td><td>100-200 Kg\/h<\/td><\/tr><tr><td>Ukubwa<\/td><td>0,7\u00d70,4\u00d70,4 m<\/td><\/tr><\/tbody><\/table><figcaption class=\"wp-element-caption\">Kryddare parameter<\/figcaption><\/figure>    <h3 class=\"wp-block-heading\">9. Kylmaskin<\/h3>    <p>Anv\u00e4nds f\u00f6r f\u00f6rsta nedkylning och transport av produkterna<\/p>    <figure class=\"wp-block-image size-full\"><img loading=\"lazy\" decoding=\"async\" width=\"720\" height=\"540\" src=\"https:\/\/fishfoodpelletmachine.com\/wp-content\/uploads\/2022\/09\/Cooling-machine-1-.webp\" alt=\"kylmaskin\" class=\"wp-image-434\" title=\"kylmaskin\" srcset=\"https:\/\/fishfoodpelletmachine.com\/wp-content\/uploads\/2022\/09\/Cooling-machine-1-.webp 720w, https:\/\/fishfoodpelletmachine.com\/wp-content\/uploads\/2022\/09\/Cooling-machine-1--300x225.webp 300w\" sizes=\"auto, (max-width: 720px) 100vw, 720px\" \/><figcaption class=\"wp-element-caption\">Mashine ya Kupoeza<\/figcaption><\/figure>    <figure class=\"wp-block-table\"><table><tbody><tr><td>Sp\u00e4nningsf\u00f6rs\u00f6rjningens sp\u00e4nning<\/td><td>380V\/50HZ<\/td><\/tr><tr><td>Installerad kraft<\/td><td>0,75KW<\/td><\/tr><tr><td>Fl\u00e4kt<\/td><td>4 0,15 kW\/st<\/td><\/tr><tr><td>Produktionskapacitet<\/td><td>100-300 Kg\/h<\/td><\/tr><tr><td>Ukubwa<\/td><td>5,0\u00d70,4\u00d70,4 m<\/td><\/tr><\/tbody><\/table><figcaption class=\"wp-element-caption\">Kylmaskinens parameter<\/figcaption><\/figure>    <h2 class=\"wp-block-heading\">Kesi iliyofanikiwa<\/h2>    <p>Petfoodproduktionslinjen s\u00e5ldes till Italien. F\u00f6r en tid sedan skickade en kund en f\u00f6rfr\u00e5gan om en pet grain-produktionslinje p\u00e5 150 kg-250 kg\/h. <\/p>    <p>Vi kontaktade kunden omedelbart. Genom v\u00e5r kommunikation f\u00f6rstod vi att kunden var intresserad av husdjurskostindustrin och ville k\u00f6pa motsvarande maskiner till sin verksamhet. Kunden tittade p\u00e5 v\u00e5r offert och best\u00e4mde vilka maskiner han beh\u00f6vde. <\/p>    <p>V\u00e5r s\u00e4ljchef omarbetade sedan offerten f\u00f6r kunden. Efter att ha l\u00e4st den sade kunden att han skulle l\u00e4gga en order n\u00e4sta vecka. Kunden betalade sedan och vi ordnade s\u00e5 att petfoodproduktionslinjen skeppades direkt till Italien.<\/p>    <figure class=\"wp-block-image size-full\"><img loading=\"lazy\" decoding=\"async\" width=\"720\" height=\"540\" src=\"https:\/\/fishfoodpelletmachine.com\/wp-content\/uploads\/2022\/09\/shipping-of-the-pet-food-making-machine-.webp\" alt=\"frakt av husdjursmatsmaskinen\" class=\"wp-image-435\" title=\"frakt av husdjursmatsmaskinen\" srcset=\"https:\/\/fishfoodpelletmachine.com\/wp-content\/uploads\/2022\/09\/shipping-of-the-pet-food-making-machine-.webp 720w, https:\/\/fishfoodpelletmachine.com\/wp-content\/uploads\/2022\/09\/shipping-of-the-pet-food-making-machine--300x225.webp 300w\" sizes=\"auto, (max-width: 720px) 100vw, 720px\" \/><figcaption class=\"wp-element-caption\">Frakt av petfoodtillverkningsmaskinen<\/figcaption><\/figure>    <h2 class=\"wp-block-heading\">FAQ om Shuliy\u2019s husdjursmatsproduktionslinje<\/h2>   <div id=\"rank-math-faq\" class=\"rank-math-block\"> <div class=\"rank-math-list\"> <div id=\"faq-question-1708934562366\" class=\"rank-math-list-item\"> <h3 class=\"rank-math-question\">1. Vad kostar petfoodproduktionslinjen?<\/h3> <div class=\"rank-math-answer\">  <p>Mstari wetu wa uzalishaji wa chakula cha wanyama una mashine kadhaa, kwa hivyo wateja wanaweza kununua zote au kuchagua zile wanazohitaji. <br \/>Kwa hivyo, bei ya mashine hutofautiana kulingana na mchanganyiko wa mashine. <br \/>Tutapendekeza mchanganyiko sahihi wa mashine kwa wateja wetu.<\/p>  <\/div> <\/div> <div id=\"faq-question-1708934575361\" class=\"rank-math-list-item\"> <h3 class=\"rank-math-question\">2. Vilket \u00e4r materialet p\u00e5 maskinen?<\/h3> <div class=\"rank-math-answer\">  <p>Mashine inapofanya chakula, mashine zetu zimetengenezwa kwa chuma cha pua na zinaweza kuwasiliana moja kwa moja na nyenzo za chakula za mashine. Wateja wanaweza kuweka agizo kwa ujasiri.<\/p>  <\/div> <\/div> <div id=\"faq-question-1708935057252\" class=\"rank-math-list-item\"> <h3 class=\"rank-math-question\">3. Vad \u00e4r produktionen av petfoodproduktionslinjen?<\/h3> <div class=\"rank-math-answer\">  <p>Kwa kawaida tumeuza 150KG\/H na 250KG\/H.<\/p>  <\/div> <\/div> <div id=\"faq-question-1708935068618\" class=\"rank-math-list-item\"> <h3 class=\"rank-math-question\">4. Kan maskinen producera olika former av pet food?<\/h3> <div class=\"rank-math-answer\">  <p>Ja, du beh\u00f6ver endast \u00e4ndra formen p\u00e5 utloppformen som du beh\u00f6ver.<\/p>  <\/div> <\/div> <div id=\"faq-question-1708935082034\" class=\"rank-math-list-item\"> <h3 class=\"rank-math-question\">5. Kan du tillhandah\u00e5lla golvyta och layouten f\u00f6r husdjursmatproduktionlinjen?<\/h3> <div class=\"rank-math-answer\">  <p>\u201cJa, det kan du. Vi kommer att tillhandah\u00e5lla motsvarande golvyta och layoutplan om du beh\u00f6ver den.\u201d<\/p>  <\/div> <\/div> <\/div> <\/div>   <figure class=\"wp-block-image size-full\"><img loading=\"lazy\" decoding=\"async\" width=\"720\" height=\"540\" src=\"https:\/\/fishfoodpelletmachine.com\/wp-content\/uploads\/2022\/09\/pet-food-extruder-processing-line-2.webp\" alt=\"husdjursmatsextruderingslinje\" class=\"wp-image-437\" title=\"husdjursmatsextruderingslinje\" srcset=\"https:\/\/fishfoodpelletmachine.com\/wp-content\/uploads\/2022\/09\/pet-food-extruder-processing-line-2.webp 720w, https:\/\/fishfoodpelletmachine.com\/wp-content\/uploads\/2022\/09\/pet-food-extruder-processing-line-2-300x225.webp 300w\" sizes=\"auto, (max-width: 720px) 100vw, 720px\" \/><figcaption class=\"wp-element-caption\">Pet Food Extruder Processing Line<\/figcaption><\/figure>","protected":false},"excerpt":{"rendered":"<p>Mstari wa uzalishaji wa chakula cha wanyama vipenzi ni vifaa vya kitaalamu ambavyo vinaweza kuzalisha maumbo mbalimbali ya chakula cha wanyama vipenzi. Inaundwa na mashine nyingi.  <\/p>","protected":false},"author":1,"featured_media":417,"parent":0,"template":"","tags":[31,34,33],"product-type":[9],"class_list":["post-103","product","type-product","status-publish","has-post-thumbnail","hentry","tag-pet-food-extruder","tag-pet-food-extruder-processing-line","tag-pet-food-production-line","product-type-production-line"],"_links":{"self":[{"href":"https:\/\/fishfoodpelletmachine.com\/sw\/wp-json\/wp\/v2\/product\/103","targetHints":{"allow":["GET"]}}],"collection":[{"href":"https:\/\/fishfoodpelletmachine.com\/sw\/wp-json\/wp\/v2\/product"}],"about":[{"href":"https:\/\/fishfoodpelletmachine.com\/sw\/wp-json\/wp\/v2\/types\/product"}],"author":[{"embeddable":true,"href":"https:\/\/fishfoodpelletmachine.com\/sw\/wp-json\/wp\/v2\/users\/1"}],"wp:featuredmedia":[{"embeddable":true,"href":"https:\/\/fishfoodpelletmachine.com\/sw\/wp-json\/wp\/v2\/media\/417"}],"wp:attachment":[{"href":"https:\/\/fishfoodpelletmachine.com\/sw\/wp-json\/wp\/v2\/media?parent=103"}],"wp:term":[{"taxonomy":"post_tag","embeddable":true,"href":"https:\/\/fishfoodpelletmachine.com\/sw\/wp-json\/wp\/v2\/tags?post=103"},{"taxonomy":"product-type","embeddable":true,"href":"https:\/\/fishfoodpelletmachine.com\/sw\/wp-json\/wp\/v2\/product-type?post=103"}],"curies":[{"name":"[\"wp\"]","href":"https:\/\/api.w.org\/{rel}","templated":true}]}}