{"id":178,"date":"2022-08-08T07:27:58","date_gmt":"2022-08-08T07:27:58","guid":{"rendered":"https:\/\/fishfoodpelletmachine.com\/?post_type=product&#038;p=178"},"modified":"2024-06-03T17:36:32","modified_gmt":"2024-06-03T09:36:32","slug":"automatic-hammer-mill","status":"publish","type":"product","link":"https:\/\/fishfoodpelletmachine.com\/sw\/product\/automatic-hammer-mill\/","title":{"rendered":"Automatisk hammarslip | Foderslipmaskin"},"content":{"rendered":"<p>Automatick\u00fd ml\u00fdnek na klad\u00edvka je stroj, kter\u00fd lid\u00e9 obvykle pou\u017e\u00edvaj\u00ed k drcen\u00ed obil\u00ed. Drt\u00e1 zrna se obvykle pou\u017e\u00edvaj\u00ed k v\u00fdrob\u011b surovin pro r\u016fzn\u00e1 krmiva. Je to ide\u00e1ln\u00ed za\u0159\u00edzen\u00ed na zpracov\u00e1n\u00ed krmiv pro chovn\u00e9 are\u00e1ly a dobr\u00e1 pomo\u0107 pro farm\u00e1\u0159e k zisku. <\/p>    <p class=\"translation-block\">Mlevn\u00edk zrna m\u00e1 jednoduchou konstrukci, snadno se udr\u017euje a je snadn\u00e9 jej pou\u017e\u00edvat. A stroj m\u00e1 kola, co\u017e usnad\u0148uje jeho pohyb. Mlevn\u00edk zrna bude spojen s na\u0161\u00ed <a href=\"https:\/\/fishfoodpelletmachine.com\/sw\/product\/floating-fish-feed-production-line\/\">v\u00fdrobn\u00ed linkou krmiv na ryby<\/a>. Je to nezbytn\u00fd drti\u010d pro v\u00fdrobu pelet krmiv na zpracov\u00e1n\u00ed surovin.<\/p>    <figure class=\"wp-block-embed is-type-video is-provider-youtube wp-block-embed-youtube wp-embed-aspect-16-9 wp-has-aspect-ratio\"><div class=\"wp-block-embed__wrapper\"> <iframe loading=\"lazy\" title=\"Grinding Smarter, Not Harder: Maximizing Output with the Hammer Mill Grinder #corn #maize #agriculture\" width=\"500\" height=\"281\" src=\"https:\/\/www.youtube.com\/embed\/-pw7YuA7Z_E?feature=oembed\" frameborder=\"0\" allow=\"accelerometer; autoplay; clipboard-write; encrypted-media; gyroscope; picture-in-picture; web-share\" referrerpolicy=\"strict-origin-when-cross-origin\" allowfullscreen><\/iframe> <\/div><figcaption class=\"wp-element-caption\">Pr\u016fb\u011bh pr\u00e1ce videa s automatick\u00fdm ml\u00fdnem na klad\u00edvka<\/figcaption><\/figure>    <h2 class=\"wp-block-heading\" id=\"h-what-s-the-automatic-hammer-mill\">Nini kisima cha kukata kiotomatiki?<\/h2>    <p class=\"translation-block\">Vyr\u00e1b\u00edme r\u016fzn\u00e9 modely <a href=\"https:\/\/taizyfarmequipment.com\/product\/hammer-mill-grinder\/\" data-type=\"link\" data-id=\"https:\/\/taizyfarmequipment.com\/product\/hammer-mill-grinder\/\" target=\"_blank\" rel=\"noopener\">ml\u00fdnk\u016f na zrno<\/a>, a r\u016fzn\u00e9 modely maj\u00ed r\u016fzn\u00e9 v\u00fdkony. Z\u00e1kazn\u00edci si mohou vybrat spr\u00e1vn\u00fd model podle sv\u00fdch pot\u0159eb. Co se t\u00fdk\u00e1 v\u00fdkonu, ml\u00fdnek na zrno m\u016f\u017ee pracovat se spalovac\u00edmi motory na naftu, elektromotory a traktory. <\/p>    <p>Dieselov\u00fd motor je vhodn\u00fd pro pou\u017eit\u00ed v oblastech bez elekt\u0159iny. Automatick\u00fd ml\u00fdnek na klad\u00edvka m\u00e1 ve t\u0159\u00edd\u00edc\u00ed komo\u0159e s\u00edto a u\u017eivatel si m\u016f\u017ee vybrat r\u016fzn\u00e9 velikosti ok pro v\u00fdrobu r\u016fzn\u00fdch zrnov\u00fdch pr\u00e1\u0161k\u016f.<\/p>    <figure class=\"wp-block-image size-full\"><img loading=\"lazy\" decoding=\"async\" width=\"720\" height=\"540\" src=\"https:\/\/fishfoodpelletmachine.com\/wp-content\/uploads\/2022\/08\/Automatic-hammer-mill-for-sale.webp\" alt=\"Kikunzi cha nyundo kiotomatiki kinauzwa\" class=\"wp-image-818\" title=\"\" srcset=\"https:\/\/fishfoodpelletmachine.com\/wp-content\/uploads\/2022\/08\/Automatic-hammer-mill-for-sale.webp 720w, https:\/\/fishfoodpelletmachine.com\/wp-content\/uploads\/2022\/08\/Automatic-hammer-mill-for-sale-300x225.webp 300w, https:\/\/fishfoodpelletmachine.com\/wp-content\/uploads\/2022\/08\/Automatic-hammer-mill-for-sale-16x12.webp 16w\" sizes=\"auto, (max-width: 720px) 100vw, 720px\" \/><figcaption class=\"wp-element-caption\">Automatick\u00fd ml\u00fdnek na klad\u00edvka k prodeji<\/figcaption><\/figure>    <p>Krom\u011b toho na\u0161e ml\u00fdny na zrno jsou opat\u0159eny cykl\u00f3nem. Tato konfigurace sb\u00edr\u00e1 prach a ne\u010distoty vznikl\u00e9 b\u011bhem provozu stroje. T\u00edm bude pracovn\u00ed prost\u0159ed\u00ed \u010dist\u011bj\u0161\u00ed, bezpe\u010dn\u011bj\u0161\u00ed a hygieni\u010dt\u011bj\u0161\u00ed. <\/p>    <p>Nyn\u00ed m\u00e1me celkem osm model\u016f ml\u00fdnk\u016f na zrno. Ka\u017ed\u00fd model lze pou\u017e\u00edvat v kombinaci s v\u00fdrobn\u00ed linkou krmiv na ryby.<\/p>    <figure class=\"wp-block-gallery has-nested-images columns-default is-cropped wp-block-gallery-2 is-layout-flex wp-block-gallery-is-layout-flex\"> <figure class=\"wp-block-image size-large\"><img loading=\"lazy\" decoding=\"async\" width=\"720\" height=\"540\" data-id=\"308\" src=\"https:\/\/fishfoodpelletmachine.com\/wp-content\/uploads\/2022\/09\/320-hammer-mill-crusher0.webp\" alt=\"Kikunzi cha nyundo cha 320\" class=\"wp-image-308\" title=\"Kikunzi cha nyundo cha 320\" srcset=\"https:\/\/fishfoodpelletmachine.com\/wp-content\/uploads\/2022\/09\/320-hammer-mill-crusher0.webp 720w, https:\/\/fishfoodpelletmachine.com\/wp-content\/uploads\/2022\/09\/320-hammer-mill-crusher0-300x225.webp 300w\" sizes=\"auto, (max-width: 720px) 100vw, 720px\" \/><figcaption class=\"wp-element-caption\">320 Ml\u00fdnkov\u00fd drti\u010d<\/figcaption><\/figure>    <figure class=\"wp-block-image size-large\"><img loading=\"lazy\" decoding=\"async\" width=\"720\" height=\"540\" data-id=\"309\" src=\"https:\/\/fishfoodpelletmachine.com\/wp-content\/uploads\/2022\/09\/corn-crusher-.webp\" alt=\"crusher ya mahindi\" class=\"wp-image-309\" title=\"crusher ya mahindi\" srcset=\"https:\/\/fishfoodpelletmachine.com\/wp-content\/uploads\/2022\/09\/corn-crusher-.webp 720w, https:\/\/fishfoodpelletmachine.com\/wp-content\/uploads\/2022\/09\/corn-crusher--300x225.webp 300w\" sizes=\"auto, (max-width: 720px) 100vw, 720px\" \/><figcaption class=\"wp-element-caption\">Kuku\u0159i\u010dn\u00fd drti\u010d<\/figcaption><\/figure>    <figure class=\"wp-block-image size-large\"><img loading=\"lazy\" decoding=\"async\" width=\"720\" height=\"540\" data-id=\"310\" src=\"https:\/\/fishfoodpelletmachine.com\/wp-content\/uploads\/2022\/09\/420-hammer-mill-grinder0.webp\" alt=\"Kikunzi cha nyundo cha 420\" class=\"wp-image-310\" title=\"Kikunzi cha nyundo cha 420\" srcset=\"https:\/\/fishfoodpelletmachine.com\/wp-content\/uploads\/2022\/09\/420-hammer-mill-grinder0.webp 720w, https:\/\/fishfoodpelletmachine.com\/wp-content\/uploads\/2022\/09\/420-hammer-mill-grinder0-300x225.webp 300w\" sizes=\"auto, (max-width: 720px) 100vw, 720px\" \/><figcaption class=\"wp-element-caption\">420 Ml\u00fdnkov\u00fd ml\u00fdnek\/grinder<\/figcaption><\/figure>    <figure class=\"wp-block-image size-large\"><img loading=\"lazy\" decoding=\"async\" width=\"720\" height=\"540\" data-id=\"312\" src=\"https:\/\/fishfoodpelletmachine.com\/wp-content\/uploads\/2022\/09\/500-high-speed-hammer-mill-0.webp\" alt=\"Kikunzi cha nyundo cha kasi ya juu cha 500\" class=\"wp-image-312\" title=\"Kikunzi cha nyundo cha kasi ya juu cha 500\" srcset=\"https:\/\/fishfoodpelletmachine.com\/wp-content\/uploads\/2022\/09\/500-high-speed-hammer-mill-0.webp 720w, https:\/\/fishfoodpelletmachine.com\/wp-content\/uploads\/2022\/09\/500-high-speed-hammer-mill-0-300x225.webp 300w\" sizes=\"auto, (max-width: 720px) 100vw, 720px\" \/><figcaption class=\"wp-element-caption\">500 Vysoko rychlostn\u00ed ml\u00fdna<\/figcaption><\/figure>    <figure class=\"wp-block-image size-large\"><img loading=\"lazy\" decoding=\"async\" width=\"720\" height=\"540\" data-id=\"313\" src=\"https:\/\/fishfoodpelletmachine.com\/wp-content\/uploads\/2022\/09\/600-grain-grinder-.webp\" alt=\"Kikunzi cha nafaka cha 600\" class=\"wp-image-313\" title=\"Kikunzi cha nafaka cha 600\" srcset=\"https:\/\/fishfoodpelletmachine.com\/wp-content\/uploads\/2022\/09\/600-grain-grinder-.webp 720w, https:\/\/fishfoodpelletmachine.com\/wp-content\/uploads\/2022\/09\/600-grain-grinder--300x225.webp 300w\" sizes=\"auto, (max-width: 720px) 100vw, 720px\" \/><figcaption class=\"wp-element-caption\">Kikunzi cha Nafaka cha 600<\/figcaption><\/figure>    <figure class=\"wp-block-image size-large\"><img loading=\"lazy\" decoding=\"async\" width=\"720\" height=\"540\" data-id=\"315\" src=\"https:\/\/fishfoodpelletmachine.com\/wp-content\/uploads\/2022\/09\/700-feed-grinder-.webp\" alt=\"Kikunzi cha malisho cha 700\" class=\"wp-image-315\" title=\"Kikunzi cha malisho cha 700\" srcset=\"https:\/\/fishfoodpelletmachine.com\/wp-content\/uploads\/2022\/09\/700-feed-grinder-.webp 720w, https:\/\/fishfoodpelletmachine.com\/wp-content\/uploads\/2022\/09\/700-feed-grinder--300x225.webp 300w\" sizes=\"auto, (max-width: 720px) 100vw, 720px\" \/><figcaption class=\"wp-element-caption\">Kikunzi cha Malisho cha 700<\/figcaption><\/figure> <\/figure>    <h2 class=\"wp-block-heading\">Pou\u017e\u00edv\u00e1n\u00ed ml\u00fdnku na krmiva<\/h2>    <p>Kikunzi cha malisho kinaweza kutumika katika matumizi mbalimbali, kama vile mahindi, mtama, ngano, maharagwe, bua la mahindi, miche ya karanga, miche ya viazi vitamu, maganda ya karanga, magugu makavu, na aina nyingine za malisho makavu, na keki zilizopondwa kwa kiasi kikubwa. <\/p>    <p>Nyenzo zilizopondwa zinaweza kutumika kulisha farasi, ng'ombe, kondoo, nguruwe, sungura, kuku, bata, n.k.<\/p>    <p>Mashine ni yenye nguvu na hudumu, salama na ya kuaminika, rahisi kusakinisha, na yanafaa kwa viwanda mbalimbali vya malisho pekee au kusaidia matumizi.<\/p>    <figure class=\"wp-block-image size-full\"><img loading=\"lazy\" decoding=\"async\" width=\"720\" height=\"540\" src=\"https:\/\/fishfoodpelletmachine.com\/wp-content\/uploads\/2022\/09\/application-of-the-feed-grinder.webp\" alt=\"matumizi ya grinder ya chakula\" class=\"wp-image-316\" title=\"matumizi ya grinder ya chakula\" srcset=\"https:\/\/fishfoodpelletmachine.com\/wp-content\/uploads\/2022\/09\/application-of-the-feed-grinder.webp 720w, https:\/\/fishfoodpelletmachine.com\/wp-content\/uploads\/2022\/09\/application-of-the-feed-grinder-300x225.webp 300w\" sizes=\"auto, (max-width: 720px) 100vw, 720px\" \/><figcaption class=\"wp-element-caption\">Matumizi ya Kikunzi cha Malisho<\/figcaption><\/figure>    <h2 class=\"wp-block-heading\">Sou\u010d\u00e1sti drti\u010de pro dr\u016fbe\u017e<\/h2>    <p>Isipokuwa kwa miundo ya 320, utaratibu wa mashine ni sawa. Hujumuisha sehemu ya kuingilia, kimbunga, chumba cha kusagia, nyundo, kichujio, feni, n.k. Mashine ina muundo wa kuridhisha, rahisi kuendesha, yanafaa kwa viwanda vyote vya malisho au matumizi ya nyumbani.<\/p>    <figure class=\"wp-block-gallery has-nested-images columns-default is-cropped wp-block-gallery-3 is-layout-flex wp-block-gallery-is-layout-flex\"> <figure class=\"wp-block-image size-large\"><img loading=\"lazy\" decoding=\"async\" width=\"720\" height=\"540\" data-id=\"317\" src=\"https:\/\/fishfoodpelletmachine.com\/wp-content\/uploads\/2022\/09\/Automatic-hammer-mill-.webp\" alt=\"kikunzi cha nyundo kiotomatiki\" class=\"wp-image-317\" title=\"kikunzi cha nyundo kiotomatiki\" srcset=\"https:\/\/fishfoodpelletmachine.com\/wp-content\/uploads\/2022\/09\/Automatic-hammer-mill-.webp 720w, https:\/\/fishfoodpelletmachine.com\/wp-content\/uploads\/2022\/09\/Automatic-hammer-mill--300x225.webp 300w\" sizes=\"auto, (max-width: 720px) 100vw, 720px\" \/><figcaption class=\"wp-element-caption\">Kikunzi cha Nyundo cha Kiotomatiki<\/figcaption><\/figure>    <figure class=\"wp-block-image size-large\"><img loading=\"lazy\" decoding=\"async\" width=\"720\" height=\"540\" data-id=\"318\" src=\"https:\/\/fishfoodpelletmachine.com\/wp-content\/uploads\/2022\/09\/structure-poultry-hammer-mill.webp\" alt=\"muundo wa kisima cha kuku\" class=\"wp-image-318\" title=\"muundo wa kisima cha kuku\" srcset=\"https:\/\/fishfoodpelletmachine.com\/wp-content\/uploads\/2022\/09\/structure-poultry-hammer-mill.webp 720w, https:\/\/fishfoodpelletmachine.com\/wp-content\/uploads\/2022\/09\/structure-poultry-hammer-mill-300x225.webp 300w\" sizes=\"auto, (max-width: 720px) 100vw, 720px\" \/><figcaption class=\"wp-element-caption\">Muundo wa Kikunzi cha Nyundo cha Kuku<\/figcaption><\/figure> <\/figure>    <h2 class=\"wp-block-heading\">Nini kanuni ya kufanya kazi ya crusher ya nafaka?<\/h2>    <p>Koti la kikunzi cha nafaka limeunganishwa kwa nyenzo za ubora wa juu, sehemu ya kuingilia iko juu ya kikunzi. Na inaweza kuendana na aina mbalimbali za miundo ya kulisha. Na vile vya nyundo vimewekwa kwa ulinganifu. <\/p>    <p>Kikunzi kinapofanya kazi, nyenzo huingia kwenye chumba cha kusagia. Inasagwa hatua kwa hatua chini ya hatua ya blade ya nyundo inayozunguka kwa kasi ya juu na msuguano wa bamba la kichujio. Chini ya hatua ya nguvu ya centrifugal na mtiririko wa hewa, nyenzo hutolewa kupitia sehemu ya kutoa chini.<\/p>    <figure class=\"wp-block-gallery has-nested-images columns-default is-cropped wp-block-gallery-4 is-layout-flex wp-block-gallery-is-layout-flex\"> <figure class=\"wp-block-image size-large\"><img loading=\"lazy\" decoding=\"async\" width=\"720\" height=\"540\" data-id=\"816\" src=\"https:\/\/fishfoodpelletmachine.com\/wp-content\/uploads\/2022\/08\/9FQ-crushing-machine.webp\" alt=\"Mashine ya kusagia ya 9FQ\" class=\"wp-image-816\" title=\"\" srcset=\"https:\/\/fishfoodpelletmachine.com\/wp-content\/uploads\/2022\/08\/9FQ-crushing-machine.webp 720w, https:\/\/fishfoodpelletmachine.com\/wp-content\/uploads\/2022\/08\/9FQ-crushing-machine-300x225.webp 300w, https:\/\/fishfoodpelletmachine.com\/wp-content\/uploads\/2022\/08\/9FQ-crushing-machine-16x12.webp 16w\" sizes=\"auto, (max-width: 720px) 100vw, 720px\" \/><figcaption class=\"wp-element-caption\">Mashine ya Kusagia ya 9Fq<\/figcaption><\/figure>    <figure class=\"wp-block-image size-large\"><img loading=\"lazy\" decoding=\"async\" width=\"720\" height=\"540\" data-id=\"817\" src=\"https:\/\/fishfoodpelletmachine.com\/wp-content\/uploads\/2022\/08\/Automatic-hammer-mill-for-business.webp\" alt=\"Kikunzi cha nyundo kiotomatiki kwa biashara\" class=\"wp-image-817\" title=\"\" srcset=\"https:\/\/fishfoodpelletmachine.com\/wp-content\/uploads\/2022\/08\/Automatic-hammer-mill-for-business.webp 720w, https:\/\/fishfoodpelletmachine.com\/wp-content\/uploads\/2022\/08\/Automatic-hammer-mill-for-business-300x225.webp 300w, https:\/\/fishfoodpelletmachine.com\/wp-content\/uploads\/2022\/08\/Automatic-hammer-mill-for-business-16x12.webp 16w\" sizes=\"auto, (max-width: 720px) 100vw, 720px\" \/><figcaption class=\"wp-element-caption\">Kikunzi cha Nyundo cha Kiotomatiki kwa Biashara<\/figcaption><\/figure> <\/figure>    <h2 class=\"wp-block-heading\">Jak funguje ml\u00fdnek na kuku\u0159ici?<\/h2>    <figure class=\"wp-block-embed is-type-video is-provider-youtube wp-block-embed-youtube wp-embed-aspect-16-9 wp-has-aspect-ratio\"><div class=\"wp-block-embed__wrapper\"> <iframe loading=\"lazy\" title=\"Maskin nzuri! kiwanda cha kukata nyasi \/ mashine ya ngoma \/ crusher ya mahindi ya mahindi kukanda\" width=\"500\" height=\"281\" src=\"https:\/\/www.youtube.com\/embed\/6ij2mPeRQ9I?feature=oembed\" frameborder=\"0\" allow=\"accelerometer; autoplay; clipboard-write; encrypted-media; gyroscope; picture-in-picture; web-share\" referrerpolicy=\"strict-origin-when-cross-origin\" allowfullscreen><\/iframe> <\/div><figcaption class=\"wp-element-caption\">mchakato wa kufanya kazi wa kikunzi cha nyundo kiotomatiki<\/figcaption><\/figure>    <h2 class=\"wp-block-heading\">Technick\u00e9 parametry ml\u00fdna na klad\u00edvka grinderu<\/h2>    <figure class=\"wp-block-table\"><table><tbody><tr><td><strong>Modell<\/strong><strong><\/strong><\/td><td><strong>V\u00fdkon<\/strong><strong><\/strong><\/td><td><strong>Uzito<\/strong><strong><\/strong><\/td><td><strong>Uwezo<\/strong><strong><\/strong><\/td><td><strong>Nyundo<\/strong><strong><\/strong><\/td><td><strong>Kipenyo<\/strong><strong>&nbsp;<\/strong><strong>ya<\/strong><strong>&nbsp;<\/strong><strong>kichujio<\/strong><strong><\/strong><\/td><td><strong>Ukubwa (mm)<\/strong><strong><\/strong><\/td><\/tr><tr><td>9FQ-320<\/td><td>2.2kw<\/td><td>85kg<\/td><td>200kg\/h<\/td><td>pcs 12<\/td><td>mm 0.5-5<\/td><td>1200*500*1000<\/td><\/tr><tr><td>9FQ-360<\/td><td>5.5kw<\/td><td>130kg<\/td><td>600kg\/h<\/td><td>pcs 12<\/td><td>mm 0.5-5<\/td><td>1200*600*1100<\/td><\/tr><tr><td>9FQ-400<\/td><td>7.5kw<\/td><td>170kg<\/td><td>800kg\/h<\/td><td>pcs 12<\/td><td>mm 1.2-3<\/td><td>1500*800*1400<\/td><\/tr><tr><td>9FQ-420<\/td><td>7.5\/11kw<\/td><td>220kg<\/td><td>1000kg\/h<\/td><td>pcs 16<\/td><td>mm 1.2-3<\/td><td>1500*800*1400<\/td><\/tr><tr><td>9FQ-500<\/td><td>11\/15kw<\/td><td>270kg<\/td><td>1500kg\/h<\/td><td>pcs 16<\/td><td>mm 1.2-3<\/td><td>1500*1000*1600<\/td><\/tr><tr><td>9FQ-600<\/td><td>15\/18.5kw<\/td><td>300kg<\/td><td>2000kg\/h<\/td><td>pcs 24<\/td><td>mm 1.2-3<\/td><td>1600*1000*1600<\/td><\/tr><tr><td>9FQ-750<\/td><td>22kw<\/td><td>320kg<\/td><td>3000kg\/h<\/td><td>pcs 36<\/td><td>mm 1.2-3<\/td><td>1600*1100*1700<\/td><\/tr><\/tbody><\/table><figcaption class=\"wp-element-caption\">parametri ya grinder ya kisima<\/figcaption><\/figure>    <figure class=\"wp-block-image size-full\"><img loading=\"lazy\" decoding=\"async\" width=\"720\" height=\"540\" src=\"https:\/\/fishfoodpelletmachine.com\/wp-content\/uploads\/2022\/08\/straw-crushing-machine-for-sale.webp\" alt=\"mashine ya kusagia majani makavu inauzwa\" class=\"wp-image-820\" title=\"\" srcset=\"https:\/\/fishfoodpelletmachine.com\/wp-content\/uploads\/2022\/08\/straw-crushing-machine-for-sale.webp 720w, https:\/\/fishfoodpelletmachine.com\/wp-content\/uploads\/2022\/08\/straw-crushing-machine-for-sale-300x225.webp 300w, https:\/\/fishfoodpelletmachine.com\/wp-content\/uploads\/2022\/08\/straw-crushing-machine-for-sale-16x12.webp 16w\" sizes=\"auto, (max-width: 720px) 100vw, 720px\" \/><figcaption class=\"wp-element-caption\">Mashine ya Kusagia Majani Makavu Inauzwa<\/figcaption><\/figure>    <h2 class=\"wp-block-heading\">P\u0159ednosti vysokorychlostn\u00edho ml\u00fdna na klad\u00edvka<\/h2>    <ol class=\"wp-block-list\"> <li>Mashine moja kwa matumizi mengi. Mashine inaweza kusaga aina mbalimbali za nafaka na pia inaweza kushughulikia majani makavu, miche ya karanga, maganda ya karanga, magugu, n.k.<\/li>    <li>Rahisi kutumia na kuendesha. Wafanyakazi wanahitaji tu kuweka nyenzo kwenye bandari ya kulisha ya mashine. Kutoka kukata hadi kutolewa bila mikono ya watu.<\/li>    <li>Kikunzi cha nafaka kinachostahimili kuvaa na hudumu, maisha marefu ya huduma ni vifaa bora kwa watu kushughulikia nafaka. Nyundo ya kikunzi chetu cha nafaka imetengenezwa kwa nyenzo za ubora wa juu.<\/li>    <li>Kikunzi chetu cha nafaka ni mashine ya hali ya juu ya kusagia nafaka yenye mtetemo mdogo, matumizi ya chini ya nishati, na kelele ya chini.<\/li> <\/ol>    <figure class=\"wp-block-image size-full\"><img loading=\"lazy\" decoding=\"async\" width=\"720\" height=\"540\" src=\"https:\/\/fishfoodpelletmachine.com\/wp-content\/uploads\/2022\/09\/manufacturer-of-the-grain-hammer-mill-.webp\" alt=\"mtengenezaji wa kisima cha nafaka\" class=\"wp-image-321\" title=\"mtengenezaji wa kisima cha nafaka\" srcset=\"https:\/\/fishfoodpelletmachine.com\/wp-content\/uploads\/2022\/09\/manufacturer-of-the-grain-hammer-mill-.webp 720w, https:\/\/fishfoodpelletmachine.com\/wp-content\/uploads\/2022\/09\/manufacturer-of-the-grain-hammer-mill--300x225.webp 300w\" sizes=\"auto, (max-width: 720px) 100vw, 720px\" \/><figcaption class=\"wp-element-caption\">Mtengenezaji wa Kikunzi cha Nyundo cha Nafaka<\/figcaption><\/figure>    <h2 class=\"wp-block-heading\">Mlet\u00ed zrna v produk\u010dn\u00ed lince krmiv na ryby<\/h2>    <p>Kwa kuwa sehemu kubwa ya vipande vya chakula cha samaki ni unga wa nafaka. Kwa hivyo sharti la kutengeneza vipande vya chakula cha samaki lazima iwe kusaga nafaka mbalimbali. Sehemu ya mbele ya mstari wetu wa uzalishaji wa vipande vya samaki ni kikunzi cha nafaka. <\/p>    <p>Tutaamua mfumo wa kikunzi cha nafaka kulingana na ukubwa wa pato wa mstari wa uzalishaji. Mbali na 9FQ mashine zingine pia zinaweza kutumika, kama vile kikunzi kidogo na kikunzi cha nafaka cha wima.<\/p>    <figure class=\"wp-block-image size-full\"><img loading=\"lazy\" decoding=\"async\" width=\"720\" height=\"540\" src=\"https:\/\/fishfoodpelletmachine.com\/wp-content\/uploads\/2022\/08\/hammer-crushing-machine.webp\" alt=\"mashine ya kusagia nyundo\" class=\"wp-image-819\" title=\"\" srcset=\"https:\/\/fishfoodpelletmachine.com\/wp-content\/uploads\/2022\/08\/hammer-crushing-machine.webp 720w, https:\/\/fishfoodpelletmachine.com\/wp-content\/uploads\/2022\/08\/hammer-crushing-machine-300x225.webp 300w, https:\/\/fishfoodpelletmachine.com\/wp-content\/uploads\/2022\/08\/hammer-crushing-machine-16x12.webp 16w\" sizes=\"auto, (max-width: 720px) 100vw, 720px\" \/><figcaption class=\"wp-element-caption\">Mashine ya Kusagia Nyundo<\/figcaption><\/figure>    <h2 class=\"wp-block-heading\">\u00dasp\u011b\u0161n\u00fd p\u0159\u00edpad automatick\u00e9ho ml\u00fdne na klad\u00edvka<\/h2>    <p>9FQ ilisafirishwa kwenda New Zealand Wiki iliyopita mteja wetu aliagiza mfumo wa 9FQ-320 9FQ kutoka kwetu. Mteja anamiliki shamba la kuku na alitaka kutengeneza chakula chake cha kuku. Alitafuta tovuti yetu na alipendezwa na 9FQ. Kwa hivyo alituwasiliana nasi. Meneja wetu wa mauzo alipendekeza mifumo tofauti ya mashine kwa mteja. <\/p>    <p>Mteja alichagua 9FQ-320, ambayo si yenye tija sana lakini inaweza pia kukidhi mahitaji ya mashamba madogo na matumizi ya nyumbani. Baada ya hapo, voltage ya mashine na nguvu ya motor ziliamuliwa. Baada ya mteja kulipa, tulianza kuandaa mashine kwa ajili ya usafirishaji.<\/p>    <figure class=\"wp-block-gallery has-nested-images columns-default is-cropped wp-block-gallery-5 is-layout-flex wp-block-gallery-is-layout-flex\"> <figure class=\"wp-block-image size-large\"><img loading=\"lazy\" decoding=\"async\" width=\"720\" height=\"540\" data-id=\"322\" src=\"https:\/\/fishfoodpelletmachine.com\/wp-content\/uploads\/2022\/09\/automatic-hammer-mill.webp\" alt=\"kikunzi cha nyundo kiotomatiki\" class=\"wp-image-322\" title=\"kikunzi cha nyundo kiotomatiki\" srcset=\"https:\/\/fishfoodpelletmachine.com\/wp-content\/uploads\/2022\/09\/automatic-hammer-mill.webp 720w, https:\/\/fishfoodpelletmachine.com\/wp-content\/uploads\/2022\/09\/automatic-hammer-mill-300x225.webp 300w\" sizes=\"auto, (max-width: 720px) 100vw, 720px\" \/><figcaption class=\"wp-element-caption\">Kikunzi cha Nyundo cha Kiotomatiki<\/figcaption><\/figure>    <figure class=\"wp-block-image size-large\"><img loading=\"lazy\" decoding=\"async\" width=\"720\" height=\"540\" data-id=\"202\" src=\"https:\/\/fishfoodpelletmachine.com\/wp-content\/uploads\/2022\/08\/wooden-case-packing-of-the-grain-crusher-.jpg\" alt=\"pakiti ya sanduku la kuni ya crusher ya nafaka \" class=\"wp-image-202\" title=\"pakiti ya sanduku la kuni ya crusher ya nafaka \" srcset=\"https:\/\/fishfoodpelletmachine.com\/wp-content\/uploads\/2022\/08\/wooden-case-packing-of-the-grain-crusher-.jpg 720w, https:\/\/fishfoodpelletmachine.com\/wp-content\/uploads\/2022\/08\/wooden-case-packing-of-the-grain-crusher--300x225.jpg 300w\" sizes=\"auto, (max-width: 720px) 100vw, 720px\" \/><figcaption class=\"wp-element-caption\">Ufungashaji wa Kesi ya Mbao wa Kikunzi cha Nafaka<\/figcaption><\/figure> <\/figure>","protected":false},"excerpt":{"rendered":"<p>Kikunzi cha nyundo kiotomatiki ambacho kinaweza kusaga nafaka mbalimbali. Nafaka zilizopondwa hutumiwa kutengeneza malighafi kwa malisho mengi.<\/p>","protected":false},"author":1,"featured_media":323,"parent":0,"template":"","tags":[28,16,29],"product-type":[4],"class_list":["post-178","product","type-product","status-publish","has-post-thumbnail","hentry","tag-automatic-hammer-mill","tag-dry-type-fish-feed-extruder","tag-feed-grinder","product-type-feed-grinding-machine"],"_links":{"self":[{"href":"https:\/\/fishfoodpelletmachine.com\/sw\/wp-json\/wp\/v2\/product\/178","targetHints":{"allow":["GET"]}}],"collection":[{"href":"https:\/\/fishfoodpelletmachine.com\/sw\/wp-json\/wp\/v2\/product"}],"about":[{"href":"https:\/\/fishfoodpelletmachine.com\/sw\/wp-json\/wp\/v2\/types\/product"}],"author":[{"embeddable":true,"href":"https:\/\/fishfoodpelletmachine.com\/sw\/wp-json\/wp\/v2\/users\/1"}],"wp:featuredmedia":[{"embeddable":true,"href":"https:\/\/fishfoodpelletmachine.com\/sw\/wp-json\/wp\/v2\/media\/323"}],"wp:attachment":[{"href":"https:\/\/fishfoodpelletmachine.com\/sw\/wp-json\/wp\/v2\/media?parent=178"}],"wp:term":[{"taxonomy":"post_tag","embeddable":true,"href":"https:\/\/fishfoodpelletmachine.com\/sw\/wp-json\/wp\/v2\/tags?post=178"},{"taxonomy":"product-type","embeddable":true,"href":"https:\/\/fishfoodpelletmachine.com\/sw\/wp-json\/wp\/v2\/product-type?post=178"}],"curies":[{"name":"[\"wp\"]","href":"https:\/\/api.w.org\/{rel}","templated":true}]}}