{"id":237,"date":"2022-08-10T08:39:14","date_gmt":"2022-08-10T08:39:14","guid":{"rendered":"https:\/\/fishfoodpelletmachine.com\/?post_type=product&#038;p=237"},"modified":"2022-09-26T18:37:02","modified_gmt":"2022-09-26T10:37:02","slug":"pet-food-extruder","status":"publish","type":"product","link":"https:\/\/fishfoodpelletmachine.com\/sw\/product\/pet-food-extruder\/","title":{"rendered":"Katt- och hundfoderextruder\u4e28tv\u00e5skruvs extruder"},"content":{"rendered":"<p class=\"translation-block\">Extruder ya chakula cha wanyama wa nyumbani ni mashine inayoweza kushughulikia nafaka mbalimbali kuwa umbo mbalimbali. Extruder ya chakula cha wanyama wa nyumbani pia inaitwa mashine ya kufinya ya screws mbili. Mashine inaweza kutengeneza vitafunwa mbalimbali vya kupasua, unga wa mchele, nafaka, n.k. pamoja na chakula cha wanyama wa nyumbani. Pia kuna mashine moja ya kufinya, ambayo inatumika hasa kwa kufinya chakula, chakula cha mifugo na ndege, au kwa kufinya malighafi moja. Na mashine za kufinya za screws mbili, zinatumika hasa kwa vifaa vya majini vya kiwango cha juu, uzalishaji wa chakula cha wanyama wa nyumbani, na usindikaji, hasa usindikaji wa vifaa vya viscous. Na wateja wanaweza kuchagua <a href=\"https:\/\/fishfoodpelletmachine.com\/sw\/product\/pet-food-production-line-2\/\">mstari wa uzalishaji wa chakula cha wanyama wa nyumbani<\/a> ili kuokoa muda na nguvu nyingi. <\/p>    <h2 class=\"wp-block-heading\" id=\"h-what-is-a-pet-food-extruder\">Extruder ya chakula cha wanyama wa nyumbani ni nini?<\/h2>    <p>Tuna mifano tofauti ya extruders za chakula cha wanyama wa nyumbani. Na nne kati yao ni bidhaa maarufu. Zinatofautiana hasa katika matokeo. Mashine ina automatisering kubwa, mtu mmoja tu anatosha kutoka kulisha hadi bidhaa iliyomalizika. Pia, ina muundo wa kompakt na eneo dogo. Na ni operesheni rahisi ya kujifunza na udhibiti sahihi wa vigezo unahakikisha kuwa bidhaa inamalizika kwa joto, shinikizo, unyevu, na wakati maalum.<\/p>    <figure class=\"wp-block-image size-full\"><img loading=\"lazy\" decoding=\"async\" width=\"720\" height=\"540\" src=\"https:\/\/fishfoodpelletmachine.com\/wp-content\/uploads\/2022\/09\/Pet-food-extruder-2.webp\" alt=\"Extruder ya chakula cha wanyama wa nyumbani\" class=\"wp-image-407\" title=\"Extruder ya chakula cha wanyama wa nyumbani\" srcset=\"https:\/\/fishfoodpelletmachine.com\/wp-content\/uploads\/2022\/09\/Pet-food-extruder-2.webp 720w, https:\/\/fishfoodpelletmachine.com\/wp-content\/uploads\/2022\/09\/Pet-food-extruder-2-300x225.webp 300w\" sizes=\"auto, (max-width: 720px) 100vw, 720px\" \/><figcaption>Extruder ya Chakula cha Wanyama wa Nyumbani<\/figcaption><\/figure>    <h2 class=\"wp-block-heading\">Muktadha wa matumizi ya mashine ya extruder ya screws mbili<\/h2>    <p class=\"translation-block\"><strong>Malighafi:<\/strong> Soja, shayiri, mtama, ngano, mahindi, na nafaka nyingine.<br><strong>Matumizi:<\/strong> Chakula kilichomalizika kinafaa kwa wanyama wa nyumbani tofauti kama vile mbwa, paka, samaki, ndege, sungura, shrimp, mbwa, paka, minki, mbweha, n.k. Inafaa kwa wazalishaji, na viwanda vidogo na vya kati vya chakula.<\/p>    <p>Katika hali ya formula sawa ya chakula, ili gharama ya chakula cha kupasua kilichotengenezwa nyumbani iwe chini kuliko bei ya soko ya 60%-80%. <\/p>    <h2 class=\"wp-block-heading\">Muundo wa extruder ya screws mbili<\/h2>    <p>Maskinen inkluderer hovedsakelig et mate- og f\u00f4rsystem, ekstrudering system, roterende kuttesystem, oppvarmingssystem, transmisjonsystem og kontrollsystem. Og maskinen har avansert skru-ekstruderings puffeteknologi. I tillegg har den h\u00f8y temperatur og trykk for \u00e5 koke materialet til \u00f8nsket form. Videre benytter hovedmaskinen frekvensomformer for \u00e5 sikre stabiliteten i produksjonsprosessen.<\/p>    <figure class=\"wp-block-image size-full\"><img loading=\"lazy\" decoding=\"async\" width=\"720\" height=\"540\" src=\"https:\/\/fishfoodpelletmachine.com\/wp-content\/uploads\/2022\/09\/double-screw-extruder-.webp\" alt=\"dobbelt skru ekstruder\" class=\"wp-image-408\" title=\"dobbelt skru ekstruder\" srcset=\"https:\/\/fishfoodpelletmachine.com\/wp-content\/uploads\/2022\/09\/double-screw-extruder-.webp 720w, https:\/\/fishfoodpelletmachine.com\/wp-content\/uploads\/2022\/09\/double-screw-extruder--300x225.webp 300w\" sizes=\"auto, (max-width: 720px) 100vw, 720px\" \/><figcaption>Extruder ya Screws Mbili<\/figcaption><\/figure>    <h2 class=\"wp-block-heading\">Vigezo vya kiufundi vya extruder ya chakula ya screws mbili<\/h2>    <figure class=\"wp-block-table\"><table><tbody><tr><td><strong>Modell<\/strong><strong><\/strong><\/td><td><strong>DL<\/strong><strong>65<\/strong><strong>-III<\/strong><strong><\/strong><\/td><td><strong>DL65-II<\/strong><strong><\/strong><\/td><td><strong>DL70-II<\/strong><strong><\/strong><\/td><td><strong>DL8<\/strong><strong>0<\/strong><strong>-II<\/strong><strong><\/strong><\/td><\/tr><tr><td><strong>Voltage ya Kuingiza<\/strong><strong><\/strong><\/td><td><strong>380V\/50HZ<\/strong><strong><\/strong><\/td><td><strong>380V\/50HZ<\/strong><strong><\/strong><\/td><td><strong>380V\/50HZ<\/strong><strong><\/strong><\/td><td><strong>380V\/50HZ<\/strong><strong><\/strong><\/td><\/tr><tr><td><strong>Nguvu Iliyowekwa<\/strong><strong><\/strong><\/td><td><strong>35<\/strong><strong>KW<\/strong><strong><\/strong><\/td><td><strong>46KW<\/strong><strong><\/strong><\/td><td><strong>46<\/strong><strong>KW<\/strong><strong><\/strong><\/td><td><strong>90<\/strong><strong>KW<\/strong><strong><\/strong><\/td><\/tr><tr><td><strong>Matumizi ya Nguvu<\/strong><strong><\/strong><\/td><td><strong>22KW<\/strong><strong><\/strong><\/td><td><strong>30KW<\/strong><strong><\/strong><\/td><td><strong>30 KW<\/strong><strong><\/strong><\/td><td><strong>55KW<\/strong><strong><\/strong><\/td><\/tr><tr><td><strong>Matokeo<\/strong><strong><\/strong><\/td><td><strong>1<\/strong><strong>0<\/strong><strong>0-<\/strong><strong>15<\/strong><strong>0Kg\/h<\/strong><strong><\/strong><\/td><td><strong>150-200Kg\/h<\/strong><strong><\/strong><\/td><td><strong>20<\/strong><strong>0<\/strong><strong>\u2013<\/strong><strong>2<\/strong><strong>6<\/strong><strong>0<\/strong><strong>Kg\/h<\/strong><strong><\/strong><\/td><td><strong>300<\/strong><strong>\u2013<\/strong><strong>50<\/strong><strong>0Kg\/h<\/strong><strong><\/strong><\/td><\/tr><tr><td><strong>Ukubwa<\/strong><\/td><td><strong>2.5\u00d70.8\u00d71.8m<\/strong><strong><\/strong><\/td><td><strong>3.2\u00d71.0\u00d71.7m<\/strong><strong><\/strong><\/td><td><strong>3.6\u00d71.0\u00d72m<\/strong><strong><\/strong><\/td><td><strong>4.5\u00d71.2\u00d72.3m<\/strong><strong><\/strong><\/td><\/tr><tr><td><strong>Unene wa chuma cha pua<\/strong><strong><\/strong><\/td><td><strong>1.2mm<\/strong><strong><\/strong><\/td><td><strong>1.2mm<\/strong><strong><\/strong><\/td><td><strong>1.2mm<\/strong><strong><\/strong><\/td><td><strong>1.2mm<\/strong><strong><\/strong><\/td><\/tr><tr><td><strong>Malighafi ya Screws<\/strong><strong><\/strong><\/td><td><strong>38CrMoAL\/38<\/strong><strong><\/strong><\/td><td><strong>38CrMoAL\/38<\/strong><strong><\/strong><\/td><td><strong>38CrMoAL\/38<\/strong><strong><\/strong><\/td><td><strong>38CrMoAL\/38<\/strong><strong><\/strong><\/td><\/tr><tr><td><strong>Urefu wa Screw<\/strong><strong><\/strong><\/td><td><strong>1050mm<\/strong><strong><\/strong><\/td><td><strong>1520mm<\/strong><strong><\/strong><\/td><td><strong>1520mm<\/strong><strong><\/strong><\/td><td><strong>1563mm<\/strong><strong><\/strong><\/td><\/tr><tr><td><strong>Kipenyo cha Screw<\/strong><strong><\/strong><\/td><td><strong>65mm<\/strong><strong><\/strong><\/td><td><strong>65mm<\/strong><strong><\/strong><\/td><td><strong>70mm<\/strong><strong><\/strong><\/td><td><strong>80mm<\/strong><strong><\/strong><\/td><\/tr><tr><td><strong>Nguvu ya Motor<\/strong><strong><\/strong><\/td><td><strong>22kw<\/strong><strong><\/strong><\/td><td><strong>30kw<\/strong><strong><\/strong><\/td><td><strong>30kw<\/strong><strong><\/strong><\/td><td><strong>55kw<\/strong><strong><\/strong><\/td><\/tr><tr><td><strong>Nguvu ya Joto<\/strong><strong><\/strong><\/td><td><strong>2kw*5 10kw<\/strong><strong><\/strong><\/td><td><strong>2kw*5  10kw<\/strong><strong><\/strong><\/td><td><strong>2kw*6  12kw<\/strong><strong><\/strong><\/td><td><strong>3kw*6 18 kw<\/strong><strong><\/strong><\/td><\/tr><tr><td><strong>Nguvu ya Kulisha<\/strong><strong><\/strong><\/td><td><strong>0.75kw<\/strong><strong><\/strong><\/td><td><strong>0.75&nbsp;<\/strong><strong>kw<\/strong><strong><\/strong><\/td><td><strong>0.75kw<\/strong><strong><\/strong><\/td><td><strong>&nbsp;1.5kw<\/strong><strong><\/strong><\/td><\/tr><tr><td><strong>Nguvu ya Kukata<\/strong><\/td><td><strong>0.75kw<\/strong><strong><\/strong><\/td><td><strong>0.75&nbsp;<\/strong><strong>kw<\/strong><strong><\/strong><\/td><td><strong>0.75kw<\/strong><strong><\/strong><\/td><td><strong>&nbsp;1.5kw<\/strong><strong><\/strong><\/td><\/tr><tr><td><strong>Nguvu ya Pampu ya Mafuta<\/strong><\/td><td><strong>0.37kw<\/strong><strong><\/strong><\/td><td><strong>0.37kw<\/strong><strong><\/strong><\/td><td><strong>0.37kw<\/strong><strong><\/strong><\/td><td><strong>0.37 kw<\/strong><strong><\/strong><\/td><\/tr><\/tbody><\/table><figcaption> tvilling-skru f\u00f4renextruderens parameter<\/figcaption><\/figure>    <h2 class=\"wp-block-heading\">Extruder ya chakula ya screws inafanya kazi vipi?<\/h2>    <p>Extruder ya kulisha ina jozi mbili za screws ambazo zinaungana na kuzunguka kwa mwelekeo mmoja. Hivyo, pamoja zinacheza jukumu la kubeba, kufinya kwa msuguano, na kupasha joto. Hivyo, screw inakandamiza, kukata, na kuchanganya malighafi kwenye silinda. Na kisha joto na shinikizo kubwa vitapika vifaa na die ya kutoka itapanua vifaa kuwa umbo mbalimbali.<\/p>    <figure class=\"wp-block-image size-full\"><img loading=\"lazy\" decoding=\"async\" width=\"720\" height=\"540\" src=\"https:\/\/fishfoodpelletmachine.com\/wp-content\/uploads\/2022\/09\/screw-feed-extruder-.webp\" alt=\"skru mateekstruder\" class=\"wp-image-410\" title=\"skru mateekstruder\" srcset=\"https:\/\/fishfoodpelletmachine.com\/wp-content\/uploads\/2022\/09\/screw-feed-extruder-.webp 720w, https:\/\/fishfoodpelletmachine.com\/wp-content\/uploads\/2022\/09\/screw-feed-extruder--300x225.webp 300w\" sizes=\"auto, (max-width: 720px) 100vw, 720px\" \/><figcaption>Extruder ya Kulisha<\/figcaption><\/figure>    <h2 class=\"wp-block-heading\">Ni vipengele gani vya vifaa vya kupasua chakula cha wanyama wa nyumbani?<\/h2>    <ol class=\"wp-block-list\"><li>Inatumia teknolojia ya udhibiti wa kasi wa kubadilisha mara kwa mara, ambayo inafanya vifaa kufanya kazi kwa urahisi zaidi na kuokoa umeme.<\/li><li>Pia, screw na silinda zimepata matibabu ya joto kwa chuma cha aloi, kwa ugumu wa juu na maisha marefu. Na tunaweza kuunganisha muundo wa mchanganyiko wa block bila vizuizi.<\/li><li>I tillegg sikrer det tvungne sm\u00f8resystemet at transmisjonsdelen av utstyret har lengre levetid.<\/li><li>Kisha mfumo wa udhibiti wa joto wa kiotomatiki unafanya udhibiti wa joto kuwa wa moja kwa moja na vigezo kuwa sahihi zaidi.<\/li><li>Pia, pamoja na kazi ya kujisafisha ya screw, hakuna haja ya kuondoa screw ili kuisafisha baada ya kusimama.<\/li><\/ol>    <figure class=\"wp-block-image size-full\"><img loading=\"lazy\" decoding=\"async\" width=\"720\" height=\"540\" src=\"https:\/\/fishfoodpelletmachine.com\/wp-content\/uploads\/2022\/09\/pet-food-extrusion-equipment-.webp\" alt=\"f\u00f4r-ekstruderingsutstyr for kj\u00e6ledyr\" class=\"wp-image-411\" title=\"f\u00f4r-ekstruderingsutstyr for kj\u00e6ledyr\" srcset=\"https:\/\/fishfoodpelletmachine.com\/wp-content\/uploads\/2022\/09\/pet-food-extrusion-equipment-.webp 720w, https:\/\/fishfoodpelletmachine.com\/wp-content\/uploads\/2022\/09\/pet-food-extrusion-equipment--300x225.webp 300w\" sizes=\"auto, (max-width: 720px) 100vw, 720px\" \/><figcaption>Vifaa vya Kupasua Chakula cha Wanyama wa Nyumbani<\/figcaption><\/figure>    <h2 class=\"wp-block-heading\">Kesi iliyofanikiwa <\/h2>    <p class=\"translation-block\">En noen fra Lesotho \u00f8nsket \u00e5 etablere en produksjonsanlegg for kj\u00e6ledyrf\u00f4r. S\u00e5 sendte han oss en foresp\u00f8rsel om maskinen ved \u00e5 bes\u00f8ke nettstedet v\u00e5rt. Og gjennom kommunikasjon forsto vi at kunden \u00f8nsket \u00e5 kj\u00f8pe en <a href=\"https:\/\/pelletmillmachine.com\/pet-food-production-line\/\" target=\"_blank\" rel=\"noopener\">kj\u00e6ledyrf\u00f4rproduksjonslinje<\/a>. S\u00e5, basert p\u00e5 kundens produksjonskrav, sendte vi kunden PI-en for DL65-III og DL65-II-modellene. Og etter \u00e5 ha bladd gjennom, uttrykte kunden sin tilfredshet med maskinparameterne. Senere sa han at prisen p\u00e5 maskinen var h\u00f8y og han trengte tid til \u00e5 skaffe pengene. Og etter to m\u00e5neder kontaktet kunden oss. Han sa at han kunne kj\u00f8pe maskinen. <\/p>    <figure class=\"wp-block-image size-full\"><img loading=\"lazy\" decoding=\"async\" width=\"720\" height=\"540\" src=\"https:\/\/fishfoodpelletmachine.com\/wp-content\/uploads\/2022\/09\/twin-screw-pet-food-extruder-.webp\" alt=\"tvilling-skru f\u00f4r-ekstruder for kj\u00e6ledyr\" class=\"wp-image-412\" title=\"tvilling-skru f\u00f4r-ekstruder for kj\u00e6ledyr\" srcset=\"https:\/\/fishfoodpelletmachine.com\/wp-content\/uploads\/2022\/09\/twin-screw-pet-food-extruder-.webp 720w, https:\/\/fishfoodpelletmachine.com\/wp-content\/uploads\/2022\/09\/twin-screw-pet-food-extruder--300x225.webp 300w\" sizes=\"auto, (max-width: 720px) 100vw, 720px\" \/><figcaption>Extruder ya Chakula cha Wanyama wa Nyumbani ya Screws Mbili<\/figcaption><\/figure>","protected":false},"excerpt":{"rendered":"<p>Extruder ya chakula cha wanyama wa nyumbani inaweza kushughulikia nafaka mbalimbali kuwa umbo mbalimbali. Extruder ya chakula cha wanyama wa nyumbani pia inaitwa mashine ya kufinya ya screws mbili.<\/p>","protected":false},"author":1,"featured_media":405,"parent":0,"template":"","tags":[26,31,32],"product-type":[5],"class_list":["post-237","product","type-product","status-publish","has-post-thumbnail","hentry","tag-feed-grinder-and-mixer","tag-pet-food-extruder","tag-two-screw-extruder-machine","product-type-fish-feed-pellet-machine"],"_links":{"self":[{"href":"https:\/\/fishfoodpelletmachine.com\/sw\/wp-json\/wp\/v2\/product\/237","targetHints":{"allow":["GET"]}}],"collection":[{"href":"https:\/\/fishfoodpelletmachine.com\/sw\/wp-json\/wp\/v2\/product"}],"about":[{"href":"https:\/\/fishfoodpelletmachine.com\/sw\/wp-json\/wp\/v2\/types\/product"}],"author":[{"embeddable":true,"href":"https:\/\/fishfoodpelletmachine.com\/sw\/wp-json\/wp\/v2\/users\/1"}],"wp:featuredmedia":[{"embeddable":true,"href":"https:\/\/fishfoodpelletmachine.com\/sw\/wp-json\/wp\/v2\/media\/405"}],"wp:attachment":[{"href":"https:\/\/fishfoodpelletmachine.com\/sw\/wp-json\/wp\/v2\/media?parent=237"}],"wp:term":[{"taxonomy":"post_tag","embeddable":true,"href":"https:\/\/fishfoodpelletmachine.com\/sw\/wp-json\/wp\/v2\/tags?post=237"},{"taxonomy":"product-type","embeddable":true,"href":"https:\/\/fishfoodpelletmachine.com\/sw\/wp-json\/wp\/v2\/product-type?post=237"}],"curies":[{"name":"[\"wp\"]","href":"https:\/\/api.w.org\/{rel}","templated":true}]}}