{"id":516,"date":"2022-11-24T15:28:51","date_gmt":"2022-11-24T07:28:51","guid":{"rendered":"https:\/\/fishfoodpelletmachine.com\/?post_type=product&#038;p=516"},"modified":"2024-06-03T17:58:06","modified_gmt":"2024-06-03T09:58:06","slug":"maize-meal-grinding-machine","status":"publish","type":"product","link":"https:\/\/fishfoodpelletmachine.com\/sw\/product\/maize-meal-grinding-machine\/","title":{"rendered":"Majsmj\u00f6lsslipmaskin | Kornslipmaskin"},"content":{"rendered":"<p>Kwa maendeleo ya mashine za kilimo, mashine za kusaga mahindi zinaendelea kuwa maarufu zaidi. Familia nyingi sasa zinakua nafaka mbalimbali, kama mahindi, ngano, soya, mchele, n.k. Familia zingine zinahitaji mashine ndogo ya kusaga nafaka ili kutengeneza unga wao. <\/p>    <p class=\"translation-block\">Vi tillverkar kommersiella korn- och s\u00e4desguinare i m\u00e5nga modeller och former. Till exempel finns det tandskrapande crushers, kornkrossar med cykloner, kvarningsrefinerare, etc. Dessutom har vi ocks\u00e5 <a href=\"https:\/\/fishfoodpelletmachine.com\/sw\/product\/automatic-hammer-mill\/\">hammer mill maskin<\/a>, som kan mala korn och krossa stj\u00e4lkar.<\/p>    <figure class=\"wp-block-image size-full\"><img loading=\"lazy\" decoding=\"async\" width=\"720\" height=\"540\" src=\"https:\/\/fishfoodpelletmachine.com\/wp-content\/uploads\/2022\/11\/disk-mill-machine.webp\" alt=\"mashine ya disk mill\" class=\"wp-image-823\" title=\"\" srcset=\"https:\/\/fishfoodpelletmachine.com\/wp-content\/uploads\/2022\/11\/disk-mill-machine.webp 720w, https:\/\/fishfoodpelletmachine.com\/wp-content\/uploads\/2022\/11\/disk-mill-machine-300x225.webp 300w, https:\/\/fishfoodpelletmachine.com\/wp-content\/uploads\/2022\/11\/disk-mill-machine-16x12.webp 16w\" sizes=\"auto, (max-width: 720px) 100vw, 720px\" \/><figcaption class=\"wp-element-caption\">Mashine ya Disk Mill<\/figcaption><\/figure>    <h2 class=\"wp-block-heading\">Aina 1: Vishikizo vya meno<\/h2>    <p>Mashine ya kusaga mahindi ina anuwai pana ya usindikaji. Inaweza sio tu kusaga mahindi, ngano, maharage, nafaka mbalimbali, na malisho mengine. Na inaweza pia kusaga madini yenye ugumu mdogo kama vile gypsum, poda, kemikali, udongo, makaa, n.k. <\/p>    <p>Mashine ya kusaga mahindi ni rahisi na rahisi kutumia na ni moja ya mashine muhimu kwa matumizi ya nyumbani na kibiashara. Kuhusu unene wa bidhaa zilizomalizika, tuna mitambo yenye ukubwa tofauti wa mesh. Hivyo, wateja wanaweza kuchagua kulingana na mahitaji yao.<\/p>    <figure class=\"wp-block-gallery has-nested-images columns-default is-cropped wp-block-gallery-2 is-layout-flex wp-block-gallery-is-layout-flex\"> <figure class=\"wp-block-image size-large\"><img loading=\"lazy\" decoding=\"async\" width=\"720\" height=\"540\" data-id=\"521\" src=\"https:\/\/fishfoodpelletmachine.com\/wp-content\/uploads\/2022\/11\/maize-meal-grinding-machine-1-1.webp\" alt=\"mashine ya kusaga mahindi\" class=\"wp-image-521\" title=\"mashine ya kusaga mahindi\" srcset=\"https:\/\/fishfoodpelletmachine.com\/wp-content\/uploads\/2022\/11\/maize-meal-grinding-machine-1-1.webp 720w, https:\/\/fishfoodpelletmachine.com\/wp-content\/uploads\/2022\/11\/maize-meal-grinding-machine-1-1-300x225.webp 300w\" sizes=\"auto, (max-width: 720px) 100vw, 720px\" \/><figcaption class=\"wp-element-caption\">Mashine ya Kusaga Mahindi<\/figcaption><\/figure>    <figure class=\"wp-block-image size-large\"><img loading=\"lazy\" decoding=\"async\" width=\"720\" height=\"540\" data-id=\"522\" src=\"https:\/\/fishfoodpelletmachine.com\/wp-content\/uploads\/2022\/11\/corn-grinder.webp\" alt=\"majskrossare\" class=\"wp-image-522\" title=\"majskrossare\" srcset=\"https:\/\/fishfoodpelletmachine.com\/wp-content\/uploads\/2022\/11\/corn-grinder.webp 720w, https:\/\/fishfoodpelletmachine.com\/wp-content\/uploads\/2022\/11\/corn-grinder-300x225.webp 300w\" sizes=\"auto, (max-width: 720px) 100vw, 720px\" \/><figcaption class=\"wp-element-caption\">Mashine ya Kusaga Mahindi<\/figcaption><\/figure> <\/figure>    <h3 class=\"wp-block-heading\">Nini malighafi ambazo mashine ya kusaga mahindi inaweza kushughulikia?<\/h3>    <p>Inaweza kusaga mchele, mahindi makavu (mapya), ngano, pilipili kavu (mpya), vifaa vya dawa za Kichina, nafaka nzima, malisho, n.k. Ni chaguo bora kwa kusaga nyumbani na kibiashara.<\/p>    <figure class=\"wp-block-image size-full\"><img loading=\"lazy\" decoding=\"async\" width=\"720\" height=\"540\" src=\"https:\/\/fishfoodpelletmachine.com\/wp-content\/uploads\/2022\/11\/raw-materials-.jpg\" alt=\"r\u00e5material\" class=\"wp-image-523\" title=\"r\u00e5material\" srcset=\"https:\/\/fishfoodpelletmachine.com\/wp-content\/uploads\/2022\/11\/raw-materials-.jpg 720w, https:\/\/fishfoodpelletmachine.com\/wp-content\/uploads\/2022\/11\/raw-materials--300x225.jpg 300w\" sizes=\"auto, (max-width: 720px) 100vw, 720px\" \/><figcaption class=\"wp-element-caption\">Malighafi<\/figcaption><\/figure>    <h3 class=\"wp-block-heading\">Struktura ya mashine ya kusaga mahindi ni nini?<\/h3>    <p>Mashine ya kusaga mahindi ya aina ya claw ina sehemu sita kuu: mwili wa juu, kifuniko cha mashine, mkusanyiko wa rotor, chujio, kifaa cha kulisha, na fremu. <\/p>    <p>Mwili wa mashine na rotor huunda chumba cha kusaga pamoja. Kusaga kwa malighafi kukamilishwa katika chumba cha kusaga.<\/p>    <figure class=\"wp-block-image size-full\"><img loading=\"lazy\" decoding=\"async\" width=\"720\" height=\"540\" src=\"https:\/\/fishfoodpelletmachine.com\/wp-content\/uploads\/2022\/11\/maize-grinder-machine-.jpg\" alt=\"majskrossmaskin\" class=\"wp-image-524\" title=\"majskrossmaskin\" srcset=\"https:\/\/fishfoodpelletmachine.com\/wp-content\/uploads\/2022\/11\/maize-grinder-machine-.jpg 720w, https:\/\/fishfoodpelletmachine.com\/wp-content\/uploads\/2022\/11\/maize-grinder-machine--300x225.jpg 300w\" sizes=\"auto, (max-width: 720px) 100vw, 720px\" \/><figcaption class=\"wp-element-caption\">Mashine ya Kusaga Mahindi<\/figcaption><\/figure>    <h3 class=\"wp-block-heading\">Mashine ya kusaga mahindi inafanya kazi vipi?<\/h3>    <p>Wakati malighafi inaingia chumba cha kusaga, inasagwa haraka kuwa unga mwepesi chini ya athari za mara kwa mara za meno ya mzunguko na meno ya tambarare. wakati huo huo<\/p>    <p>Chini ya athari ya nguvu ya centrifugal na hewa, inapitisha kupitia shimo la chujio na kutolewa kupitia bandari ya kutolewa. Mashine ni rahisi katika muundo na rahisi kusakinisha, kutumia na kudumisha.<\/p>    <figure class=\"wp-block-image size-full\"><img loading=\"lazy\" decoding=\"async\" width=\"720\" height=\"540\" src=\"https:\/\/fishfoodpelletmachine.com\/wp-content\/uploads\/2022\/11\/corn-grinding-machine-.webp\" alt=\"majskrossningsmaskin\" class=\"wp-image-525\" title=\"majskrossningsmaskin\" srcset=\"https:\/\/fishfoodpelletmachine.com\/wp-content\/uploads\/2022\/11\/corn-grinding-machine-.webp 720w, https:\/\/fishfoodpelletmachine.com\/wp-content\/uploads\/2022\/11\/corn-grinding-machine--300x225.webp 300w\" sizes=\"auto, (max-width: 720px) 100vw, 720px\" \/><figcaption class=\"wp-element-caption\">Mashine ya Kusaga Mahindi<\/figcaption><\/figure>    <h3 class=\"wp-block-heading\">Faida za vishikizo vya meno vya nyumbani kwa mahindi ni zipi?<\/h3>    <ol class=\"wp-block-list\"> <li>Eneo pana la matumizi. Mashine ya kusaga nafaka inaweza kusindika malighafi mbalimbali, kama nafaka, nafaka mbalimbali, viazi kavu na fresh, madini yenye ugumu mdogo, dawa za Kichina, n.k.<\/li>    <li>Ukubwa mdogo na nafasi ndogo ya sakafu.<\/li>    <li>Mashine iliyoboreshwa ina muundo rahisi na ni rahisi kutumia na kudumisha.<\/li> <\/ol>    <figure class=\"wp-block-embed is-type-video is-provider-youtube wp-block-embed-youtube wp-embed-aspect-16-9 wp-has-aspect-ratio\"><div class=\"wp-block-embed__wrapper\"> <iframe loading=\"lazy\" title=\"\u201cvery fine powder! Disk or disc mill corn grinding machine\/corn crusher \/ maize grinder machine\u201d\" width=\"500\" height=\"281\" src=\"https:\/\/www.youtube.com\/embed\/GpSOvkaJMOE?feature=oembed\" frameborder=\"0\" allow=\"accelerometer; autoplay; clipboard-write; encrypted-media; gyroscope; picture-in-picture; web-share\" referrerpolicy=\"strict-origin-when-cross-origin\" allowfullscreen><\/iframe> <\/div><figcaption class=\"wp-element-caption\">video ya kazi ya disk mill<\/figcaption><\/figure>    <h2 class=\"wp-block-heading\">Aina 2: Vishikizo vya nafaka vya cyclone<\/h2>    <p>Mashine ya kusaga mahindi yenye cyclone pia ni mchekeshaji mdogo wa nyumbani. Inaweza pia kutumika kwa viungo kwa kusaga piper ya Kichina, pilipili, anise ya nyota, n.k., katika mashine moja yenye kazi nyingi. Mchanga una bomba la kunyonya nafaka na cyclone. <\/p>    <p>Kazi ya mashine ni kwamba bomba la kunyonya nafaka litanyonya kiatomati malighafi ndani ya chumba cha kusaga. Cyclone itakusanya vumbi vinavyotokea wakati mashine inafanya kazi, kwa ufanisi kuzuia uchafuzi wa vumbi.<\/p>    <figure class=\"wp-block-gallery has-nested-images columns-default is-cropped wp-block-gallery-3 is-layout-flex wp-block-gallery-is-layout-flex\"> <figure class=\"wp-block-image size-large\"><img loading=\"lazy\" decoding=\"async\" width=\"720\" height=\"540\" data-id=\"526\" src=\"https:\/\/fishfoodpelletmachine.com\/wp-content\/uploads\/2022\/11\/maize-meal-grinding-machine-1-2.webp\" alt=\"mashine ya kusaga mahindi\" class=\"wp-image-526\" title=\"mashine ya kusaga mahindi\" srcset=\"https:\/\/fishfoodpelletmachine.com\/wp-content\/uploads\/2022\/11\/maize-meal-grinding-machine-1-2.webp 720w, https:\/\/fishfoodpelletmachine.com\/wp-content\/uploads\/2022\/11\/maize-meal-grinding-machine-1-2-300x225.webp 300w\" sizes=\"auto, (max-width: 720px) 100vw, 720px\" \/><figcaption class=\"wp-element-caption\">Mashine ya Kusaga Mahindi<\/figcaption><\/figure>    <figure class=\"wp-block-image size-large\"><img loading=\"lazy\" decoding=\"async\" width=\"720\" height=\"540\" data-id=\"527\" src=\"https:\/\/fishfoodpelletmachine.com\/wp-content\/uploads\/2022\/11\/Grain-crusher-with-cyclone-.webp\" alt=\"vishikizo vya nafaka vya cyclone\" class=\"wp-image-527\" title=\"vishikizo vya nafaka vya cyclone\" srcset=\"https:\/\/fishfoodpelletmachine.com\/wp-content\/uploads\/2022\/11\/Grain-crusher-with-cyclone-.webp 720w, https:\/\/fishfoodpelletmachine.com\/wp-content\/uploads\/2022\/11\/Grain-crusher-with-cyclone--300x225.webp 300w\" sizes=\"auto, (max-width: 720px) 100vw, 720px\" \/><figcaption class=\"wp-element-caption\">Vishikizo vya Nafaka vya Cyclone<\/figcaption><\/figure> <\/figure>    <h3 class=\"wp-block-heading\">Eneo linalofaa la mashine za kusaga nafaka ni nini?<\/h3>    <p class=\"translation-block\"><strong>Uwanja:<\/strong> Mashine ya kusaga nafaka yenye kazi nyingi inatumika sana katika viwanda vya chakula, maduka ya mboga kavu, viwanda vya viungo, na kilimo cha kifamilia.<\/p>    <p class=\"translation-block\"><strong>Malighafi maalum:<\/strong> Ngano, mchele, mtama, mahindi, soya, sesami, soya, shayiri, na nafaka nyingine, pamoja na malighafi nyingine za kemikali. Unene wa usindikaji wa malighafi pia unaweza kubadilishwa.<\/p>    <h3 class=\"wp-block-heading\">Vishikizo vya mahindi vinafanya kazi vipi? <\/h3>    <figure class=\"wp-block-embed is-type-video is-provider-youtube wp-block-embed-youtube wp-embed-aspect-16-9 wp-has-aspect-ratio\"><div class=\"wp-block-embed__wrapper\"> <iframe loading=\"lazy\" title=\"Kinerja luar biasa dari mesin penggiling biji-bijian! Mesin penggiling jagung kecil untuk rumah tangga\" width=\"500\" height=\"281\" src=\"https:\/\/www.youtube.com\/embed\/YV17pcRxD9Q?feature=oembed\" frameborder=\"0\" allow=\"accelerometer; autoplay; clipboard-write; encrypted-media; gyroscope; picture-in-picture; web-share\" referrerpolicy=\"strict-origin-when-cross-origin\" allowfullscreen><\/iframe> <\/div><figcaption class=\"wp-element-caption\">vishikizo vya mahindi katika kazi<\/figcaption><\/figure>    <h3 class=\"wp-block-heading\">Kornkrossmaskinens struktur<\/h3>    <p>Muundo wa mashine hii ya kusaga mahindi ni sawa kabisa na ile ya Aina 1. Inajumuisha mfumo wa kulisha, mchekeshaji wa conical, na mfumo wa kutenganisha, isipokuwa ina bomba moja zaidi la kujiondoa na cyclone moja zaidi kuliko Aina 1. <\/p>    <p>Mashine ina muundo rahisi, teknolojia nzuri ya usindikaji na ufungaji, na ni pulverizer yenye utendaji mzuri.<\/p>    <figure class=\"wp-block-gallery has-nested-images columns-default is-cropped wp-block-gallery-4 is-layout-flex wp-block-gallery-is-layout-flex\"> <figure class=\"wp-block-image size-large\"><img loading=\"lazy\" decoding=\"async\" width=\"720\" height=\"540\" data-id=\"529\" src=\"https:\/\/fishfoodpelletmachine.com\/wp-content\/uploads\/2022\/11\/wheat-grinder\u2018s-structure-1-1.webp\" alt=\"vetegrindmaskinens struktur\" class=\"wp-image-529\" title=\"vetegrindmaskinens struktur\" srcset=\"https:\/\/fishfoodpelletmachine.com\/wp-content\/uploads\/2022\/11\/wheat-grinder\u2018s-structure-1-1.webp 720w, https:\/\/fishfoodpelletmachine.com\/wp-content\/uploads\/2022\/11\/wheat-grinder\u2018s-structure-1-1-300x225.webp 300w\" sizes=\"auto, (max-width: 720px) 100vw, 720px\" \/><figcaption class=\"wp-element-caption\">Vetegrindmaskinens struktur<\/figcaption><\/figure>    <figure class=\"wp-block-image size-large\"><img loading=\"lazy\" decoding=\"async\" width=\"720\" height=\"540\" data-id=\"530\" src=\"https:\/\/fishfoodpelletmachine.com\/wp-content\/uploads\/2022\/11\/inner-structure-of-the-bean-mill-machine-.webp\" alt=\"den inre strukturen av b\u00f6nkvarnsmaskinen\" class=\"wp-image-530\" title=\"inre struktur av b\u00f6nkvarnmaskinen\" srcset=\"https:\/\/fishfoodpelletmachine.com\/wp-content\/uploads\/2022\/11\/inner-structure-of-the-bean-mill-machine-.webp 720w, https:\/\/fishfoodpelletmachine.com\/wp-content\/uploads\/2022\/11\/inner-structure-of-the-bean-mill-machine--300x225.webp 300w\" sizes=\"auto, (max-width: 720px) 100vw, 720px\" \/><figcaption class=\"wp-element-caption\">Muundo wa Ndani wa Mashine ya Mchanga wa Maharage<\/figcaption><\/figure> <\/figure>    <h2 class=\"wp-block-heading\">Aina 3: Mashine ya kusaga na kupunguza nafaka<\/h2>    <p>Mashine ya kusaga mahindi ni vifaa vya kusaga mvua. Sehemu ya kusaga ya mashine imetengenezwa kwa chuma cha pua. Inaweza kutumika kwa kusaga mvua ya malighafi kama vile mchele, soya, mahindi, na viazi. <\/p>    <p>Kwa sababu sehemu ya malighafi ya mashine imetengenezwa kwa chuma cha pua, bidhaa za mwisho zinaweza kuliwa moja kwa moja.<\/p>    <figure class=\"wp-block-gallery has-nested-images columns-default is-cropped wp-block-gallery-5 is-layout-flex wp-block-gallery-is-layout-flex\"> <figure class=\"wp-block-image size-large\"><img loading=\"lazy\" decoding=\"async\" width=\"720\" height=\"540\" data-id=\"531\" src=\"https:\/\/fishfoodpelletmachine.com\/wp-content\/uploads\/2022\/11\/commercial-grain-grinder0.jpg\" alt=\"Mashine ya kusaga na kupunguza nafaka\" class=\"wp-image-531\" title=\"Mashine ya kusaga na kupunguza nafaka\" srcset=\"https:\/\/fishfoodpelletmachine.com\/wp-content\/uploads\/2022\/11\/commercial-grain-grinder0.jpg 720w, https:\/\/fishfoodpelletmachine.com\/wp-content\/uploads\/2022\/11\/commercial-grain-grinder0-300x225.jpg 300w\" sizes=\"auto, (max-width: 720px) 100vw, 720px\" \/><figcaption class=\"wp-element-caption\">Mashine ya Kusaga na Kupunguza Nafaka<\/figcaption><\/figure>    <figure class=\"wp-block-image size-large\"><img loading=\"lazy\" decoding=\"async\" width=\"720\" height=\"540\" data-id=\"532\" src=\"https:\/\/fishfoodpelletmachine.com\/wp-content\/uploads\/2022\/11\/grain-grinder-machine0.jpg\" alt=\"risgrindmaskin \" class=\"wp-image-532\" title=\"risgrindmaskin \" srcset=\"https:\/\/fishfoodpelletmachine.com\/wp-content\/uploads\/2022\/11\/grain-grinder-machine0.jpg 720w, https:\/\/fishfoodpelletmachine.com\/wp-content\/uploads\/2022\/11\/grain-grinder-machine0-300x225.jpg 300w\" sizes=\"auto, (max-width: 720px) 100vw, 720px\" \/><figcaption class=\"wp-element-caption\">Mashine ya Kusaga Mchele <\/figcaption><\/figure> <\/figure>    <h3 class=\"wp-block-heading\">Watu wanaofaa kwa mashine ya kusaga na kuboresha<\/h3>    <p>Mashine hii ya kusaga mahindi inafaa kwa viwanda vya bidhaa za maharage, huduma za chakula, mikahawa, na biashara za mtu binafsi. Kuhusu malighafi zinazotumika, inakabiliwa na aina zote za chakula, dawa, na kadhalika.<\/p>    <h3 class=\"wp-block-heading\">Mashine ya kusaga nafaka inafanya kazi vipi?<\/h3>    <figure class=\"wp-block-embed is-type-video is-provider-youtube wp-block-embed-youtube wp-embed-aspect-16-9 wp-has-aspect-ratio\"><div class=\"wp-block-embed__wrapper\"> <iframe loading=\"lazy\" title=\"Video kerja dari mesin penggiling gandum elektrik berbahaya | penggiling penggiling gandum\" width=\"500\" height=\"281\" src=\"https:\/\/www.youtube.com\/embed\/LrGfvzii4tI?feature=oembed\" frameborder=\"0\" allow=\"accelerometer; autoplay; clipboard-write; encrypted-media; gyroscope; picture-in-picture; web-share\" referrerpolicy=\"strict-origin-when-cross-origin\" allowfullscreen><\/iframe> <\/div><figcaption class=\"wp-element-caption\">mchakato wa kazi wa hammer mill ya nafaka<\/figcaption><\/figure>    <h3 class=\"wp-block-heading\">Kanuni ya kazi ya mashine ya kusaga nafaka yenye cyclone<\/h3>    <p>Wakati malighafi zilizotayarishwa kama kusafisha na kuoshwa zinaingia kwenye mill kutoka kwenye hopper. Zinaingia kati ya sahani za mchanga zinazohamia kwa nguvu ya centrifugal. Athari ya pamoja ya kusugua na kupasua inafanya malighafi kusaga kutoka ndani hadi nje, kutoka mbaya hadi nzuri pamoja na uso wa sahani ya mchanga. <\/p>    <p>Sehemu kuu za mashine ya kusaga mahindi ni hopper ya kulisha, kitufe cha marekebisho ya unene, chumba cha kusaga, nguvu, swichi, fremu, n.k.<\/p>    <h3 class=\"wp-block-heading\">Muundo wa vishikizo vya nafaka kwa mahindi na ngano ni nini?<\/h3>    <p>Muundo wa Electric Grain Mill<\/p>    <figure class=\"wp-block-image size-full\"><img loading=\"lazy\" decoding=\"async\" width=\"720\" height=\"540\" src=\"https:\/\/fishfoodpelletmachine.com\/wp-content\/uploads\/2022\/11\/electric-grain-mill-structure-.webp\" alt=\"elektrisk krosskvarnstruktur\" class=\"wp-image-534\" title=\"elektrisk krosskvarnstruktur\" srcset=\"https:\/\/fishfoodpelletmachine.com\/wp-content\/uploads\/2022\/11\/electric-grain-mill-structure-.webp 720w, https:\/\/fishfoodpelletmachine.com\/wp-content\/uploads\/2022\/11\/electric-grain-mill-structure--300x225.webp 300w\" sizes=\"auto, (max-width: 720px) 100vw, 720px\" \/><figcaption class=\"wp-element-caption\">Ikiwa inatumika kwa kusaga poda, unene wa kusaga unaweza kufikia 80-100 mesh.<\/figcaption><\/figure>    <h2 class=\"wp-block-heading\">Mambo makuu ya kusaga nafaka ya kiwango cha juu ni yapi?<\/h2>    <ol class=\"wp-block-list\"> <li>Mfumo wa milango wa kipekee wa malighafi na chumba cha kusaga unatatua kwa ufanisi tatizo la kuvuja kwa maji ya vifaa.<\/li>    <li>Chumba cha kusaga kilichoundwa vizuri kinaweza kuruhusu mchanganyiko kupita kwa urahisi, huku kukiwa na mkusanyiko mdogo wa malighafi na rahisi kusafisha.<\/li>    <li>Vidonge vya mchanga vya chakula vilivyotengenezwa kwa formula maalum, pato kubwa.<\/li>    <li>Safisha na kuwa na usafi, njia yote ya kazi kutoka kulisha, kusaga hadi kutolewa imetengenezwa kwa chuma cha pua.<\/li>    <li>Sisi ni watengenezaji wa kitaalamu wa mashine za kilimo. Muundo, muundo, na sura ya mashine zote zinaendana na mahitaji ya umma.<\/li> <\/ol>    <h2 class=\"wp-block-heading\">Kornkrossmaskiner \u2013 Taizy Ditt B\u00e4sta Val<\/h2>    <ol class=\"wp-block-list\"> <li>Mashine ya kusaga mahindi inatumia vifaa vya ubora wa juu. Mchakato mzima wa uzalishaji unasimamiwa kwa makini, na mashine zinazotengenezwa ni za ubora wa juu na kiwango cha juu.<\/li>    <li>Tunayo wafanyakazi wa mauzo wa kitaalamu kutoa wateja suluhisho za mashine za kitaalamu.<\/li>    <li>Baada ya mteja kununua mashine, tutawajulisha wateja kuhusu hali ya usafirishaji kwa wakati halisi, ili mteja awe na uhakika.<\/li>    <li>Kiwanda chetu cha mashine ya kusaga nafaka<\/li> <\/ol>    <figure class=\"wp-block-gallery has-nested-images columns-default is-cropped wp-block-gallery-6 is-layout-flex wp-block-gallery-is-layout-flex\"> <figure class=\"wp-block-image size-large\"><img loading=\"lazy\" decoding=\"async\" width=\"720\" height=\"540\" data-id=\"535\" src=\"https:\/\/fishfoodpelletmachine.com\/wp-content\/uploads\/2022\/11\/our-factory-of-the-grain-grinder0.webp\" alt=\"v\u00e5rt f\u00e4bakeri av kornkrossen\" class=\"wp-image-535\" title=\"v\u00e5rt f\u00e4bakeri av kornkrossen\" srcset=\"https:\/\/fishfoodpelletmachine.com\/wp-content\/uploads\/2022\/11\/our-factory-of-the-grain-grinder0.webp 720w, https:\/\/fishfoodpelletmachine.com\/wp-content\/uploads\/2022\/11\/our-factory-of-the-grain-grinder0-300x225.webp 300w\" sizes=\"auto, (max-width: 720px) 100vw, 720px\" \/><figcaption class=\"wp-element-caption\">Hifadhi ya Mashine ya Disk Mill<\/figcaption><\/figure>    <figure class=\"wp-block-image size-large\"><img loading=\"lazy\" decoding=\"async\" width=\"720\" height=\"540\" data-id=\"536\" src=\"https:\/\/fishfoodpelletmachine.com\/wp-content\/uploads\/2022\/11\/stock-of-the-disk-mill-machine0.webp\" alt=\"lager av skivkvarnsmaskinen\" class=\"wp-image-536\" title=\"lager av skivkvarnsmaskinen\" srcset=\"https:\/\/fishfoodpelletmachine.com\/wp-content\/uploads\/2022\/11\/stock-of-the-disk-mill-machine0.webp 720w, https:\/\/fishfoodpelletmachine.com\/wp-content\/uploads\/2022\/11\/stock-of-the-disk-mill-machine0-300x225.webp 300w\" sizes=\"auto, (max-width: 720px) 100vw, 720px\" \/><figcaption class=\"wp-element-caption\">Baada ya kuelewa mahitaji ya mteja, tulimpatia mteja picha, video, na vigezo vya mashine ya kusaga mahindi. Hatimaye, mteja alichagua mashine ya kusaga mahindi Aina 1. Baada ya mteja kulipa, mara moja tunapanga kufunga na kusafirisha mashine kwa mteja.<\/figcaption><\/figure> <\/figure>    <h2 class=\"wp-block-heading\">Mashine ndogo ya kusaga nafaka iliyouzwa Sweden<\/h2>    <p class=\"translation-block\">Mteja wetu kutoka Sweden alinunua <a href=\"https:\/\/taizyfarmequipment.com\/product\/soybean-peeling-machine\/\" target=\"_blank\" rel=\"noopener\">mashine ya kuondoa ganda la soya<\/a> na mashine ndogo ya kusaga nafaka kutoka kwetu. Baada ya kuwasiliana na mteja, nilijua kuwa mteja anataka kutengeneza unga wa soya mwenyewe kwa ajili ya mauzo. Kwa kuwa viungo vya soya vinahitaji kuondolewa ganda, mteja anahitaji mashine ya kusaga mahindi.<\/p>    <p>Efter att ha f\u00f6rst\u00e5tt kundens behov gav vi kunden bilder, videor och parametrar f\u00f6r majsmj\u00f6lkvarnsmaskinen. Slutligen valde kunden Typ 1 majsmj\u00f6lkvarnsmaskinen. N\u00e4r kunden betalar organiserar vi omedelbart paketering och leveransmaskinen \u00e5t kunden.<\/p>    <figure class=\"wp-block-image size-full\"><img loading=\"lazy\" decoding=\"async\" width=\"720\" height=\"540\" src=\"https:\/\/fishfoodpelletmachine.com\/wp-content\/uploads\/2022\/11\/packing-and-shipping-of-the-corn-shredding-machine-.webp\" alt=\"paketering och leverans av majsfr\u00e5dmaskinen\" class=\"wp-image-537\" title=\"paketering och leverans av majsfr\u00e5dmaskinen\" srcset=\"https:\/\/fishfoodpelletmachine.com\/wp-content\/uploads\/2022\/11\/packing-and-shipping-of-the-corn-shredding-machine-.webp 720w, https:\/\/fishfoodpelletmachine.com\/wp-content\/uploads\/2022\/11\/packing-and-shipping-of-the-corn-shredding-machine--300x225.webp 300w\" sizes=\"auto, (max-width: 720px) 100vw, 720px\" \/><figcaption class=\"wp-element-caption\">Pakking och frakt av majsstrimlingsmaskinen<\/figcaption><\/figure>","protected":false},"excerpt":{"rendered":"<p>Kwa maendeleo ya mashine za kilimo, mashine za kusaga mahindi zinaendelea kuwa maarufu zaidi. <\/p>","protected":false},"author":1,"featured_media":520,"parent":0,"template":"","tags":[47,48,49,50,46],"product-type":[4],"class_list":["post-516","product","type-product","status-publish","has-post-thumbnail","hentry","tag-corn","tag-grain","tag-grinder","tag-grinding-machine","tag-maize","product-type-feed-grinding-machine"],"_links":{"self":[{"href":"https:\/\/fishfoodpelletmachine.com\/sw\/wp-json\/wp\/v2\/product\/516","targetHints":{"allow":["GET"]}}],"collection":[{"href":"https:\/\/fishfoodpelletmachine.com\/sw\/wp-json\/wp\/v2\/product"}],"about":[{"href":"https:\/\/fishfoodpelletmachine.com\/sw\/wp-json\/wp\/v2\/types\/product"}],"author":[{"embeddable":true,"href":"https:\/\/fishfoodpelletmachine.com\/sw\/wp-json\/wp\/v2\/users\/1"}],"wp:featuredmedia":[{"embeddable":true,"href":"https:\/\/fishfoodpelletmachine.com\/sw\/wp-json\/wp\/v2\/media\/520"}],"wp:attachment":[{"href":"https:\/\/fishfoodpelletmachine.com\/sw\/wp-json\/wp\/v2\/media?parent=516"}],"wp:term":[{"taxonomy":"post_tag","embeddable":true,"href":"https:\/\/fishfoodpelletmachine.com\/sw\/wp-json\/wp\/v2\/tags?post=516"},{"taxonomy":"product-type","embeddable":true,"href":"https:\/\/fishfoodpelletmachine.com\/sw\/wp-json\/wp\/v2\/product-type?post=516"}],"curies":[{"name":"[\"wp\"]","href":"https:\/\/api.w.org\/{rel}","templated":true}]}}