{"id":62,"date":"2022-08-01T10:24:47","date_gmt":"2022-08-01T10:24:47","guid":{"rendered":"https:\/\/fishfoodpelletmachine.com\/?post_type=product&#038;p=62"},"modified":"2024-01-12T17:25:32","modified_gmt":"2024-01-12T09:25:32","slug":"fish-feed-mill-machine","status":"publish","type":"product","link":"https:\/\/fishfoodpelletmachine.com\/sw\/product\/fish-feed-mill-machine\/","title":{"rendered":"Mashine ya kiwanda cha chakula cha samaki\u4e28Mashine ya kutengeneza pellet za samaki"},"content":{"rendered":"<p>Mashine ya DGP70-B ya kusaga chakula cha samaki inasimama kama mabadiliko katika eneo la kubana pelleti za samaki. Ikitofautiana kwa pato kubwa na kipenyo cha screw kubwa ikilinganishwa na mashine nyingine za kubana chakula cha samaki, mfano huu umeundwa vizuri kwa watengenezaji wa pelleti za samaki wa viwango tofauti, iwe ni shughuli ndogo, za kati, au kubwa. <\/p>    <p>Kile kinachofanya DGP70-B iwe tofauti ni uwezo wake wa kubadilika, ikifanya kuwa chaguo linalopendekezwa katika sekta tofauti za ufugaji wa samaki. Kila wakati, inashangaza jinsi inavyoweza kuunganishwa kwa urahisi na mashine zinazokamilisha kama vile grinders na mixers. <\/p>    <p>Ushirikiano huu unaruhusu DGP70-B kushughulikia kwa ufanisi kiasi kikubwa cha malighafi, ikikidhi mahitaji ya uzalishaji wa chakula cha samaki kwa uwezo mkubwa kwa usahihi na ufanisi usio na kifani.<\/p>    <figure class=\"wp-block-embed is-type-video is-provider-youtube wp-block-embed-youtube wp-embed-aspect-16-9 wp-has-aspect-ratio\"><div class=\"wp-block-embed__wrapper\"> <iframe loading=\"lazy\" title=\"Att \u00f6ka akvakulturen: Rollen av h\u00f6gpresterande fiskfoderfabriksmaskiner #fisk #fiskfoder #foder\" width=\"500\" height=\"281\" src=\"https:\/\/www.youtube.com\/embed\/HuZCsCn3OpY?feature=oembed\" frameborder=\"0\" allow=\"accelerometer; autoplay; clipboard-write; encrypted-media; gyroscope; picture-in-picture; web-share\" referrerpolicy=\"strict-origin-when-cross-origin\" allowfullscreen><\/iframe> <\/div><figcaption class=\"wp-element-caption\">video ya kazi ya extruder ya chakula cha samaki<\/figcaption><\/figure>    <h2 class=\"wp-block-heading\" id=\"h-how-does-the-fish-feed-mill-machine-work\">Jinsi mashine ya kusaga chakula cha samaki inavyofanya kazi?<\/h2>   <div id=\"rank-math-howto\" class=\"rank-math-block\" > <div class=\"rank-math-howto-description\">  <\/div>  <div class=\"rank-math-steps\"> <div id=\"howto-step-1705041036391\" class=\"rank-math-step\"> <h3 class=\"rank-math-step-title\">1. <strong>Utangulizi wa Nyenzo:<\/strong><\/h3> <div class=\"rank-math-step-content\"><p>Mchakato huanza kwa kuingiza malighafi kwenye mashine ya kusaga chakula cha samaki.<\/p> <\/div> <\/div> <div id=\"howto-step-1705041062609\" class=\"rank-math-step\"> <h3 class=\"rank-math-step-title\">2. <strong>Mchanganyiko na Kunyosha:<\/strong><\/h3> <div class=\"rank-math-step-content\"><p>Inom maskinen arbetar en skruv och en hylsa tillsammans f\u00f6r att blanda och kn\u00e5da r\u00e5materialen noggrant.<\/p> <\/div> <\/div> <div id=\"howto-step-1705041078549\" class=\"rank-math-step\"> <h3 class=\"rank-math-step-title\">3. <strong>Uzalishaji wa nje, Kupiga, na Kupiga:<\/strong><\/h3> <div class=\"rank-math-step-content\"><p>Wakati nyenzo mbichi inaingia kwenye pango la kupiga, hupitia hatua za kupitisha, kusugua, na kukata. Hii inasababisha kuongezeka kwa shinikizo la ndani na joto, ikileta mabadiliko katika muundo wa nyenzo.<\/p> <\/div> <\/div> <div id=\"howto-step-1705041096205\" class=\"rank-math-step\"> <h3 class=\"rank-math-step-title\">4. <strong>Kuchanganya kwa Unga wa Wanga:<\/strong><\/h3> <div class=\"rank-math-step-content\"><img loading=\"lazy\" decoding=\"async\" width=\"720\" height=\"540\" src=\"https:\/\/fishfoodpelletmachine.com\/wp-content\/uploads\/2022\/08\/fish-pellet-making-machine-with-a-good-price.webp\" class=\"attachment-full size-full\" alt=\"Mashine ya Kutengeneza Pelleti za Chakula\" srcset=\"https:\/\/fishfoodpelletmachine.com\/wp-content\/uploads\/2022\/08\/fish-pellet-making-machine-with-a-good-price.webp 720w, https:\/\/fishfoodpelletmachine.com\/wp-content\/uploads\/2022\/08\/fish-pellet-making-machine-with-a-good-price-300x225.webp 300w\" sizes=\"auto, (max-width: 720px) 100vw, 720px\" title=\"\"><p>Den stigande temperaturen och trycket underl\u00e4ttar ytterligare st\u00e4rkelsepasta, vilket grundl\u00e4ggande f\u00f6r\u00e4ndrar sammans\u00e4ttningen av materialet.<\/p> <\/div> <\/div> <div id=\"howto-step-1705041119797\" class=\"rank-math-step\"> <h3 class=\"rank-math-step-title\">5. <strong>Uzalishaji wa nje wa Juu wa Joto:<\/strong><\/h3> <div class=\"rank-math-step-content\"><p>Det h\u00f6gtemperatur- och h\u00f6gtrycksmaterialet spolas sedan ut fr\u00e5n avloppsporten. Under denna process genomg\u00e5r vattnet delvis en blixtf\u00f6r\u00e5ngning.<\/p> <\/div> <\/div> <div id=\"howto-step-1705041137915\" class=\"rank-math-step\"> <h3 class=\"rank-math-step-title\">6. <strong>Hatua ya Baridi:<\/strong><\/h3> <div class=\"rank-math-step-content\"><p>Efter extrudering genomg\u00e5r materialet en kylfas. Detta resulterar i en l\u00f6s och por\u00f6s struktur, och det svullna materialet antar formen av deg, flockigt eller grovt smul.<\/p> <\/div> <\/div> <div id=\"howto-step-1705041157438\" class=\"rank-math-step\"> <h3 class=\"rank-math-step-title\">7. <strong>Uundaji wa Pellet:<\/strong><\/h3> <div class=\"rank-math-step-content\"><p>Malighafi, sasa ikiwa katika hali bora, inaundwa kuwa pelleti tofauti za chakula inapopita kupitia ukuta.<\/p> <\/div> <\/div> <\/div> <\/div>       <figure class=\"wp-block-image size-full\"><img loading=\"lazy\" decoding=\"async\" width=\"720\" height=\"540\" src=\"https:\/\/fishfoodpelletmachine.com\/wp-content\/uploads\/2022\/09\/floating-fish-feed-pellet-machines-structure_.webp\" alt=\"muundo wa mashine ya kutengeneza pelleti za samaki\" class=\"wp-image-356\" title=\"muundo wa mashine ya kutengeneza pelleti za samaki\" srcset=\"https:\/\/fishfoodpelletmachine.com\/wp-content\/uploads\/2022\/09\/floating-fish-feed-pellet-machines-structure_.webp 720w, https:\/\/fishfoodpelletmachine.com\/wp-content\/uploads\/2022\/09\/floating-fish-feed-pellet-machines-structure_-300x225.webp 300w\" sizes=\"auto, (max-width: 720px) 100vw, 720px\" \/><figcaption class=\"wp-element-caption\">Muundo wa Mashine ya Kutengeneza Pelleti za Samaki<\/figcaption><\/figure>    <h2 class=\"wp-block-heading\">Taarifa za kina kuhusu mashine ya kutengeneza pelleti za samaki<\/h2>    <figure class=\"wp-block-table\"><table><tbody><tr><td>Modell<\/td><td>DGP70-B<\/td><\/tr><tr><td>Kapacitet (t\/h)<\/td><td>0.18-0.20<\/td><\/tr><tr><td>Huvudeffekt (kW)<\/td><td>18.5<\/td><\/tr><tr><td>Matningseffekt (kW)<\/td><td>0.4<\/td><\/tr><tr><td>Spiraldiameter (mm)<\/td><td>\u03c670<\/td><\/tr><tr><td>Sk\u00e4reffekt<\/td><td>0.4<\/td><\/tr><\/tbody><\/table><figcaption class=\"wp-element-caption\">parameta ya mashine ya kutengeneza pelleti za chakula cha samaki<\/figcaption><\/figure>    <figure class=\"wp-block-image size-full\"><img loading=\"lazy\" decoding=\"async\" width=\"720\" height=\"540\" src=\"https:\/\/fishfoodpelletmachine.com\/wp-content\/uploads\/2022\/09\/Fish-feed-mill-machine-.webp\" alt=\"Mashine ya kiwanda cha chakula cha samaki\" class=\"wp-image-355\" title=\"Mashine ya kiwanda cha chakula cha samaki\" srcset=\"https:\/\/fishfoodpelletmachine.com\/wp-content\/uploads\/2022\/09\/Fish-feed-mill-machine-.webp 720w, https:\/\/fishfoodpelletmachine.com\/wp-content\/uploads\/2022\/09\/Fish-feed-mill-machine--300x225.webp 300w\" sizes=\"auto, (max-width: 720px) 100vw, 720px\" \/><figcaption class=\"wp-element-caption\">Mashine ya kulisha samaki<\/figcaption><\/figure>    <h2 class=\"wp-block-heading\">Malighafi za kutengeneza pelleti za chakula<\/h2>    <p>Uchaguzi wa malighafi unachukua jukumu muhimu katika ubora na muundo wa lishe wa pelleti za chakula cha samaki. Mashine yetu ya pelleti za chakula inaonyesha uwezo bora wa kubadilika, ikiwa na uwezo wa kushughulikia anuwai ya vifaa ili kuhakikisha lishe kamili na yenye usawa katika chakula.<\/p>    <p>Mifupa, unga wa mifupa, na unga wa samaki hadi mbegu za pamba, mahindi, majani ya ngano, na vumbi la mchele ni malighafi zinazofaa. Uwezo huu unaruhusu kubadilisha muundo wa chakula ili kukidhi mahitaji maalum ya lishe ya aina tofauti za samaki na hatua za ukuaji.<\/p>    <figure class=\"wp-block-image size-full\"><img loading=\"lazy\" decoding=\"async\" width=\"720\" height=\"540\" src=\"https:\/\/fishfoodpelletmachine.com\/wp-content\/uploads\/2022\/08\/finished-products-of-feed-pellet-maker.webp\" alt=\"bidhaa zilizokamilika za mtengenezaji wa pelleti za chakula\" class=\"wp-image-766\" title=\"\" srcset=\"https:\/\/fishfoodpelletmachine.com\/wp-content\/uploads\/2022\/08\/finished-products-of-feed-pellet-maker.webp 720w, https:\/\/fishfoodpelletmachine.com\/wp-content\/uploads\/2022\/08\/finished-products-of-feed-pellet-maker-300x225.webp 300w\" sizes=\"auto, (max-width: 720px) 100vw, 720px\" \/><figcaption class=\"wp-element-caption\">F\u00e4rdiga produkter fr\u00e5n foderpelletstillverkare<\/figcaption><\/figure>    <p>Mifupa ya wanyama na unga wa mifupa hutoa protini na madini mengi, huku unga wa samaki ukitoa mafuta muhimu na protini. Vifaa vya msingi vya nafaka kama vile mbegu za pamba, mahindi, majani ya ngano, na vumbi la mchele vinatoa wanga na nyuzi, kuhakikisha muundo mzuri wa lishe.<\/p>    <p>Mashine yetu ya pelleti za chakula, ikitumia michakato ya hali ya juu ya kupitisha, inabadilisha kwa ufanisi nyenzo hizi mbichi kuwa pelleti za kawaida na zinazoweza kufyonzwa kwa urahisi. Iwe unajihusisha na kilimo kidogo au ufugaji mkubwa wa samaki, vifaa vyetu vinakidhi mahitaji ya chakula cha ubora wa juu, kilichobinafsishwa. Kuchagua mchanganyiko sahihi wa nyenzo mbichi kunahakikisha msaada bora wa lishe kwa samaki wako katika kila hatua ya ukuaji.<\/p>    <h2 class=\"wp-block-heading\">Sifa bora za mashine za puffing za chakula cha samaki<\/h2>    <p>1. Inaweza kubadilika kwa mahitaji tofauti ya uzalishaji. <\/p>    <p>Mizani na viwanda vya kati vinaweza kuitumia kwa usindikaji wa malighafi au uzalishaji wa chakula maalum. Kama vile soya nzima ya puffed, mahindi ya puffed, na matibabu ya kutokomeza pamba. <\/p>    <p>Pia, mashine ya puffing ya chakula cha samaki inaweza puff chakula cha pets, chakula cha maji, chakula cha mbweha, nk. Viwanda vidogo vya chakula au mashamba makubwa na ya kati pia vinaweza kutumia mashine hii ya kusaga chakula cha samaki kama vifaa vikuu, kwa uzalishaji wa chakula cha puffed chenye bei kamili.<\/p>    <figure class=\"wp-block-image size-full\"><img loading=\"lazy\" decoding=\"async\" width=\"720\" height=\"540\" src=\"https:\/\/fishfoodpelletmachine.com\/wp-content\/uploads\/2022\/08\/automatic-fish-pellet-making-machine.webp\" alt=\"mashine ya kutengeneza pelleti za samaki kiotomatiki\" class=\"wp-image-761\" title=\"\" srcset=\"https:\/\/fishfoodpelletmachine.com\/wp-content\/uploads\/2022\/08\/automatic-fish-pellet-making-machine.webp 720w, https:\/\/fishfoodpelletmachine.com\/wp-content\/uploads\/2022\/08\/automatic-fish-pellet-making-machine-300x225.webp 300w\" sizes=\"auto, (max-width: 720px) 100vw, 720px\" \/><figcaption class=\"wp-element-caption\">Mashine ya Kutengeneza Pelleti za Samaki ya Kiotomatiki<\/figcaption><\/figure>    <p>2. Mashine ya puffing ya chakula cha samaki inaweza kubadilika kwa vifaa tofauti na hali tofauti za uzalishaji. <\/p>    <p>Mashine ina mlisho wa kasi wa kiotomatiki. Na mashine inaweza kubadilisha kiasi cha kulisha kulingana na hali. Screw ya kubana ni muundo wa mchanganyiko wa sleeve, na sleeve ya screw inachukua muundo wa silinda ya ndani. <\/p>    <p>Hivyo, kulingana na mahitaji tofauti ya puffing, muundo wa kubana screw wa mchanganyiko wa mchanganyiko, kisha inapatikana na vipande tofauti vya kutolea, inaweza kubadilika kwa hali tofauti za usindikaji.<\/p>    <p>3. Muundo wa mashine ya pelleti za chakula ni rahisi, wa vitendo, na rahisi kufanya kazi na kudumisha.<\/p>    <figure class=\"wp-block-image size-full\"><img loading=\"lazy\" decoding=\"async\" width=\"720\" height=\"540\" src=\"https:\/\/fishfoodpelletmachine.com\/wp-content\/uploads\/2022\/09\/molds-and-finished-product-.webp\" alt=\"mifano tofauti za mashine ya kutengeneza pelleti za chakula cha samaki\" class=\"wp-image-352\" title=\"formar och f\u00e4rdigt produkt\" srcset=\"https:\/\/fishfoodpelletmachine.com\/wp-content\/uploads\/2022\/09\/molds-and-finished-product-.webp 720w, https:\/\/fishfoodpelletmachine.com\/wp-content\/uploads\/2022\/09\/molds-and-finished-product--300x225.webp 300w\" sizes=\"auto, (max-width: 720px) 100vw, 720px\" \/><figcaption class=\"wp-element-caption\">Mifumo tofauti ya Mashine ya Pelleti za Chakula cha Samaki<\/figcaption><\/figure>    <h2 class=\"wp-block-heading\">Mashine ambazo zinaweza kuunda mstari wa uzalishaji wa chakula cha samaki<\/h2>    <p>Kwa sababu ya pato kubwa la DGP70-B la mashine ya pelleti za chakula cha samaki, inachukua muda mwingi na nguvu kufanya usindikaji wa malighafi na pelleti za chakula za samaki zinazotoka tu kwenye mashine kwa mikono. <\/p>    <p>Hivyo, inaweza kuunganishwa na vifaa vingine vya kitaalamu kuunda mstari wa uzalishaji ili kuokoa muda wa usindikaji na kuboresha ubora wa pelleti za samaki. <\/p>    <p class=\"translation-block\">Mashine zinajumuisha <a href=\"https:\/\/taizyfarmequipment.com\/product\/hammer-mill-grinder\/\" target=\"_blank\" rel=\"noopener\">kikosi cha nafaka<\/a>, mchanganyiko, lifti ya screw, kavu, lifti ya ndoo, baridi, mashine ya kuimarisha, nk. Tutapendekeza mchanganyiko sahihi wa mistari ya mashine za pelleti za chakula cha samaki kulingana na mahitaji maalum ya wateja wetu.<\/p>    <figure class=\"wp-block-image size-full\"><img loading=\"lazy\" decoding=\"async\" width=\"720\" height=\"540\" src=\"https:\/\/fishfoodpelletmachine.com\/wp-content\/uploads\/2022\/08\/fish-feed-mill-machine-for-sale.webp\" alt=\"mashine ya chakula cha samaki kwa mauzo\" class=\"wp-image-762\" title=\"\" srcset=\"https:\/\/fishfoodpelletmachine.com\/wp-content\/uploads\/2022\/08\/fish-feed-mill-machine-for-sale.webp 720w, https:\/\/fishfoodpelletmachine.com\/wp-content\/uploads\/2022\/08\/fish-feed-mill-machine-for-sale-300x225.webp 300w\" sizes=\"auto, (max-width: 720px) 100vw, 720px\" \/><figcaption class=\"wp-element-caption\">Mashine ya Kusaga Chakula cha Samaki Inauzwa<\/figcaption><\/figure>    <h2 class=\"wp-block-heading\">Mashine ya pelleti za samaki iliyotumwa Beligiji<\/h2>    <p class=\"translation-block\">Mteja wetu kutoka Beligiji alinunua <a href=\"https:\/\/fishfoodpelletmachine.com\/sw\/product\/fish-pellet-making-machine\/\">mashine ya DGP40 ya kusaga chakula cha samaki<\/a> kutoka kwetu wiki iliyopita. Ana mabwawa kadhaa ya samaki ili kulea samaki. Rafiki yake yuko katika sekta hiyo hiyo na sasa anatumia mashine ya pelleti za chakula cha samaki kutengeneza chakula. Hivyo pia alitaka kutengeneza pelleti za chakula cha samaki. <\/p>    <p>Kwa kutafuta, alipata tovuti yetu na kututumia uchunguzi. Hivyo tulipendekeza mlinzi wa chakula cha samaki wa mfano wa 40 kulingana na pato lililohitajika na mteja. Na ilikamilishwa na nguvu ya injini ya dizeli kulingana na hali ya mteja. Baada ya maelezo yote kuthibitishwa, tulianza uzalishaji wa mashine. <\/p>    <figure class=\"wp-block-gallery has-nested-images columns-default is-cropped wp-block-gallery-2 is-layout-flex wp-block-gallery-is-layout-flex\"> <figure class=\"wp-block-image size-large\"><img loading=\"lazy\" decoding=\"async\" width=\"720\" height=\"540\" data-id=\"358\" src=\"https:\/\/fishfoodpelletmachine.com\/wp-content\/uploads\/2022\/09\/fish-feed-pelletizer-0.webp\" alt=\"pakiti ya mashine ya kutengeneza pelleti za chakula cha samaki\" class=\"wp-image-358\" title=\"fiskfoderpelletizer\" srcset=\"https:\/\/fishfoodpelletmachine.com\/wp-content\/uploads\/2022\/09\/fish-feed-pelletizer-0.webp 720w, https:\/\/fishfoodpelletmachine.com\/wp-content\/uploads\/2022\/09\/fish-feed-pelletizer-0-300x225.webp 300w\" sizes=\"auto, (max-width: 720px) 100vw, 720px\" \/><figcaption class=\"wp-element-caption\">Kifurushi cha Mashine ya Pelleti za Chakula cha Samaki<\/figcaption><\/figure>    <figure class=\"wp-block-image size-large\"><img loading=\"lazy\" decoding=\"async\" width=\"720\" height=\"540\" data-id=\"360\" src=\"https:\/\/fishfoodpelletmachine.com\/wp-content\/uploads\/2022\/09\/wooden-case-packing-of-the-fish-feed-mill-machine-.webp\" alt=\"kufunga katika sanduku la mbao la mashine ya chakula cha samaki\" class=\"wp-image-360\" title=\"kufunga katika sanduku la mbao la mashine ya chakula cha samaki\" srcset=\"https:\/\/fishfoodpelletmachine.com\/wp-content\/uploads\/2022\/09\/wooden-case-packing-of-the-fish-feed-mill-machine-.webp 720w, https:\/\/fishfoodpelletmachine.com\/wp-content\/uploads\/2022\/09\/wooden-case-packing-of-the-fish-feed-mill-machine--300x225.webp 300w\" sizes=\"auto, (max-width: 720px) 100vw, 720px\" \/><figcaption class=\"wp-element-caption\">Kufungasha Kesi ya Mbao ya Mashine ya Kusaga Chakula cha Samaki<\/figcaption><\/figure> <\/figure>    <h2 class=\"wp-block-heading\">Wekeza katika mashine yetu ya kusaga chakula cha samaki<\/h2>    <p>Katika eneo la usindikaji wa chakula, Mashine yetu ya Kusaga Chakula cha Samaki imeundwa kutoa suluhisho bora kwa biashara yako ya ufugaji wa samaki. Kuchagua vifaa vyetu si tu kunamaanisha uzalishaji wa chakula cha ubora wa juu bali pia inawakilisha dhamira ya mafanikio ya biashara yako.<\/p>    <p>Timu yetu ya kitaalamu iko tayari kutoa msaada. Ikiwa una mahitaji maalum au mahitaji ya kubinafsishwa, tutapendekeza muundo wa mashine unaofaa zaidi kulingana na mahitaji yako ya kipekee. <\/p>    <p>Wasiliana nasi sasa ili kujifunza zaidi kuhusu Mashine ya Kusaga Chakula cha Samaki na kuanza safari ya uzalishaji wa chakula kilichobinafsishwa, chenye ufanisi, na endelevu. Bonyeza kitufe cha uchunguzi hapa chini kuanzisha njia kuelekea biashara ya ufugaji wa samaki inayofanikiwa.<\/p>    <figure class=\"wp-block-gallery has-nested-images columns-default is-cropped wp-block-gallery-3 is-layout-flex wp-block-gallery-is-layout-flex\"> <figure class=\"wp-block-image size-large\"><img loading=\"lazy\" decoding=\"async\" width=\"720\" height=\"540\" data-id=\"763\" src=\"https:\/\/fishfoodpelletmachine.com\/wp-content\/uploads\/2022\/08\/exported-fish-feed-mill-machine.webp\" alt=\"mashine ya chakula cha samaki iliyosafirishwa\" class=\"wp-image-763\" title=\"\" srcset=\"https:\/\/fishfoodpelletmachine.com\/wp-content\/uploads\/2022\/08\/exported-fish-feed-mill-machine.webp 720w, https:\/\/fishfoodpelletmachine.com\/wp-content\/uploads\/2022\/08\/exported-fish-feed-mill-machine-300x225.webp 300w\" sizes=\"auto, (max-width: 720px) 100vw, 720px\" \/><figcaption class=\"wp-element-caption\">Mashine ya Kusaga Chakula cha Samaki Iliyosafirishwa<\/figcaption><\/figure>    <figure class=\"wp-block-image size-large\"><img loading=\"lazy\" decoding=\"async\" width=\"720\" height=\"540\" data-id=\"764\" src=\"https:\/\/fishfoodpelletmachine.com\/wp-content\/uploads\/2022\/08\/fish-feed-mill-machine-in-stock.webp\" alt=\"fiskfoder-millmaskin i lager\" class=\"wp-image-764\" title=\"\" srcset=\"https:\/\/fishfoodpelletmachine.com\/wp-content\/uploads\/2022\/08\/fish-feed-mill-machine-in-stock.webp 720w, https:\/\/fishfoodpelletmachine.com\/wp-content\/uploads\/2022\/08\/fish-feed-mill-machine-in-stock-300x225.webp 300w\" sizes=\"auto, (max-width: 720px) 100vw, 720px\" \/><figcaption class=\"wp-element-caption\">Mashine ya Kusaga Chakula cha Samaki Iliyo Hifadhiwa<\/figcaption><\/figure> <\/figure>","protected":false},"excerpt":{"rendered":"<p>Mashine ya kiwanda cha chakula cha samaki ya DGP70-B ina pato kubwa zaidi na kipenyo cha skrubu. Kwa hivyo, inafaa kwa watengenezaji wa pellet za samaki wadogo, wa kati, na wakubwa. <\/p>","protected":false},"author":1,"featured_media":353,"parent":0,"template":"","tags":[23,24,25],"product-type":[5],"class_list":["post-62","product","type-product","status-publish","has-post-thumbnail","hentry","tag-fish-feed-mill-machine","tag-fish-pellet-making-machine","tag-small-fish-feed-pellet-machine","product-type-fish-feed-pellet-machine"],"_links":{"self":[{"href":"https:\/\/fishfoodpelletmachine.com\/sw\/wp-json\/wp\/v2\/product\/62","targetHints":{"allow":["GET"]}}],"collection":[{"href":"https:\/\/fishfoodpelletmachine.com\/sw\/wp-json\/wp\/v2\/product"}],"about":[{"href":"https:\/\/fishfoodpelletmachine.com\/sw\/wp-json\/wp\/v2\/types\/product"}],"author":[{"embeddable":true,"href":"https:\/\/fishfoodpelletmachine.com\/sw\/wp-json\/wp\/v2\/users\/1"}],"wp:featuredmedia":[{"embeddable":true,"href":"https:\/\/fishfoodpelletmachine.com\/sw\/wp-json\/wp\/v2\/media\/353"}],"wp:attachment":[{"href":"https:\/\/fishfoodpelletmachine.com\/sw\/wp-json\/wp\/v2\/media?parent=62"}],"wp:term":[{"taxonomy":"post_tag","embeddable":true,"href":"https:\/\/fishfoodpelletmachine.com\/sw\/wp-json\/wp\/v2\/tags?post=62"},{"taxonomy":"product-type","embeddable":true,"href":"https:\/\/fishfoodpelletmachine.com\/sw\/wp-json\/wp\/v2\/product-type?post=62"}],"curies":[{"name":"[\"wp\"]","href":"https:\/\/api.w.org\/{rel}","templated":true}]}}