{"id":81,"date":"2022-08-02T07:15:39","date_gmt":"2022-08-02T07:15:39","guid":{"rendered":"https:\/\/fishfoodpelletmachine.com\/?post_type=product&#038;p=81"},"modified":"2024-06-06T10:13:11","modified_gmt":"2024-06-06T02:13:11","slug":"fish-feed-pelletizer","status":"publish","type":"product","link":"https:\/\/fishfoodpelletmachine.com\/sw\/product\/fish-feed-pelletizer\/","title":{"rendered":"Kipeperushi cha pellet cha chakula cha samaki | Extruder ya chakula cha samaki kinachoelea"},"content":{"rendered":"<p>Fiskfoderpelletizern st\u00e5r som epitomet av precision och effektivitet i produktionen av n\u00e4ringsm\u00e4ssigt balanserat foder f\u00f6r akvatiska arter. Denna banbrytande maskin st\u00e5r i centrum f\u00f6r akvakulturindustrin och erbjuder en s\u00f6ml\u00f6s och skr\u00e4ddarsydd metod f\u00f6r att omvandla r\u00e5varor till h\u00f6gkvalitativa pellets.<\/p>    <p>Designad f\u00f6r att m\u00f6ta de specifika n\u00e4ringskraven hos olika fiskarter, s\u00e4tter fiskfoderpelletizern en ny standard f\u00f6r foderbearbetning, vilket s\u00e4kerst\u00e4ller konsekvens, kvalitet och optimal tillv\u00e4xt i akvakulturoperationer av alla storlekar.<\/p>    <figure class=\"wp-block-embed is-type-video is-provider-youtube wp-block-embed-youtube wp-embed-aspect-16-9 wp-has-aspect-ratio\"><div class=\"wp-block-embed__wrapper\"> <iframe loading=\"lazy\" title=\"Kubadilisha Mashamba: Athari za Mashine Yetu ya Kulisha Nafaka kwenye Lishe ya Mifugo!#feedpelletmachine\" width=\"500\" height=\"281\" src=\"https:\/\/www.youtube.com\/embed\/EmfAHr_INNg?feature=oembed\" frameborder=\"0\" allow=\"accelerometer; autoplay; clipboard-write; encrypted-media; gyroscope; picture-in-picture; web-share\" referrerpolicy=\"strict-origin-when-cross-origin\" allowfullscreen><\/iframe> <\/div><figcaption class=\"wp-element-caption\">arbetsprocess av fiskfoderfabriken<\/figcaption><\/figure>    <h2 class=\"wp-block-heading\" id=\"h-what-s-the-fish-feed-pelletizer-s-structure\">Vad \u00e4r strukturen hos fiskfoderpelletsmaskinen?<\/h2>    <p>Fiskfoderpelletizern inneh\u00e5ller huvudsakligen en tratt, kontrollpanel, elbox, v\u00e4rmesystem, sk\u00e4rknivsmotor, sk\u00e4rkniv, etc. <\/p>    <p>Hela maskinen \u00e4r enkel, kompakt, har liten fotavtryck och \u00e4r l\u00e4tt att anv\u00e4nda.<\/p>    <figure class=\"wp-block-image size-full\"><img loading=\"lazy\" decoding=\"async\" width=\"720\" height=\"540\" src=\"https:\/\/fishfoodpelletmachine.com\/wp-content\/uploads\/2022\/09\/structure-of-the-fish-feed-pelletizer-.webp\" alt=\"struktur av fiskfoderpelletsmaskinen\" class=\"wp-image-365\" title=\"struktur av fiskfoderpelletsmaskinen\" srcset=\"https:\/\/fishfoodpelletmachine.com\/wp-content\/uploads\/2022\/09\/structure-of-the-fish-feed-pelletizer-.webp 720w, https:\/\/fishfoodpelletmachine.com\/wp-content\/uploads\/2022\/09\/structure-of-the-fish-feed-pelletizer--300x225.webp 300w\" sizes=\"auto, (max-width: 720px) 100vw, 720px\" \/><figcaption class=\"wp-element-caption\">Struktur av fiskfoderpelletizer<\/figcaption><\/figure>    <h2 class=\"wp-block-heading\">Varf\u00f6r anv\u00e4nda flytande fiskfoderextruder?<\/h2>    <ul class=\"wp-block-list\"> <li>V\u00e4rmen som genereras av den flytande fiskfoderextrudern i pelletiseringsprocessen kan spr\u00e4cka st\u00e4rkelsen i r\u00e5materialet, vilket g\u00f6r fodermaterialet mer l\u00e4ttsm\u00e4lt.<\/li>    <li>Fodret som bearbetas av en fiskfoderpelletizer \u00e4r inte l\u00e4tt att stratifiera, vilket kan minska avfallet av foder. Det kan ocks\u00e5 f\u00f6rb\u00e4ttra smakligheten av fodret och f\u00f6rkorta fodertiden.<\/li>    <li>Fiskfoderpelletizern kan d\u00f6da vissa patogena bakterier och de flesta virus under puffnings- och v\u00e4rmeprocessen, vilket minskar niv\u00e5n av gifter i r\u00e5materialet f\u00f6r fiskfoder.<\/li>    <li>Maskiner f\u00f6r uppbl\u00e5sning av fiskfoder kan producera olika storlekar och former av olika akvatiska foder.<\/li>    <li>Fodret som produceras av fiskfoderproduktionsmaskinen \u00e4r inte \u00f6mt\u00e5ligt, vilket minskar m\u00e4ngden finfraktioner som produceras under transport.<\/li> <\/ul>    <figure class=\"wp-block-gallery has-nested-images columns-default is-cropped wp-block-gallery-2 is-layout-flex wp-block-gallery-is-layout-flex\"> <figure class=\"wp-block-image size-large\"><img loading=\"lazy\" decoding=\"async\" width=\"720\" height=\"540\" data-id=\"362\" src=\"https:\/\/fishfoodpelletmachine.com\/wp-content\/uploads\/2022\/09\/floating-fish-feed-extruder.webp\" alt=\"flytande fiskfoderextruder\" class=\"wp-image-362\" title=\"flytande fiskfoderextruder\" srcset=\"https:\/\/fishfoodpelletmachine.com\/wp-content\/uploads\/2022\/09\/floating-fish-feed-extruder.webp 720w, https:\/\/fishfoodpelletmachine.com\/wp-content\/uploads\/2022\/09\/floating-fish-feed-extruder-300x225.webp 300w\" sizes=\"auto, (max-width: 720px) 100vw, 720px\" \/><figcaption class=\"wp-element-caption\">Flytande fiskfoderextruder<\/figcaption><\/figure>    <figure class=\"wp-block-image size-large\"><img loading=\"lazy\" decoding=\"async\" width=\"720\" height=\"540\" data-id=\"363\" src=\"https:\/\/fishfoodpelletmachine.com\/wp-content\/uploads\/2022\/09\/Fish-feed-pelletizer-1-1.webp\" alt=\"Fiskfoderpelletizer till salu\" class=\"wp-image-363\" title=\"Kipeperushi cha chakula cha samaki\" srcset=\"https:\/\/fishfoodpelletmachine.com\/wp-content\/uploads\/2022\/09\/Fish-feed-pelletizer-1-1.webp 720w, https:\/\/fishfoodpelletmachine.com\/wp-content\/uploads\/2022\/09\/Fish-feed-pelletizer-1-1-300x225.webp 300w\" sizes=\"auto, (max-width: 720px) 100vw, 720px\" \/><figcaption class=\"wp-element-caption\">Fiskfoderpelletizer till salu<\/figcaption><\/figure> <\/figure>    <h2 class=\"wp-block-heading\">Nyckelf\u00f6rdelar med fiskfoderpelletmaskin<\/h2>    <ol class=\"wp-block-list\"> <li>Effektiv foderomvandling: Utrustningen s\u00e4kerst\u00e4ller den effektiva omvandlingen av r\u00e5varor till pellets av h\u00f6gsta kvalitet, maximera fodrets n\u00e4ringsv\u00e4rde.<\/li>    <li>Anpassning av foderformuleringar: Anv\u00e4ndare har flexibiliteten att l\u00e4tt skr\u00e4ddarsy foderformuleringar f\u00f6r att m\u00f6ta de specifika n\u00e4ringsbehoven hos olika fiskarter och tillv\u00e4xtstadier, vilket optimerar den \u00f6vergripande h\u00e4lsan och utvecklingen.<\/li>    <li>Konsekvent pelletkvalitet: Konsekvens i pelletstorlek, form och densitet uppr\u00e4tth\u00e5lls av maskinen, vilket s\u00e4kerst\u00e4ller enhetlig foderkvalitet och fr\u00e4mjar v\u00e4lbalanserad n\u00e4ring f\u00f6r akvatiska arter.<\/li>    <li>F\u00f6rb\u00e4ttrad n\u00e4ringsretention: Genom sin extruderingsprocess skyddar maskinen den n\u00e4ringsm\u00e4ssiga integriteten hos foderingredienser, vilket resulterar i \u00f6kad n\u00e4ringsretention och f\u00f6rb\u00e4ttrad absorption av fisk.<\/li>    <li>Hygienisk och steril produktion: Pelletproduktion som involverar h\u00f6gtemperaturbearbetning steriliserar fodret, vilket minskar risken f\u00f6r sjukdomar och f\u00f6roreningar i akvatiska milj\u00f6er.<\/li>    <li>Kostnadseffektivitet och produktivitet: Genom att optimera foderproduktionsprocessen bidrar maskinen till kostnadseffektiva och str\u00f6mlinjeformade operationer, vilket \u00f6kar produktiviteten f\u00f6r akvakulturf\u00f6retag av olika storlekar.<\/li> <\/ol>    <figure class=\"wp-block-image size-full\"><img loading=\"lazy\" decoding=\"async\" width=\"720\" height=\"540\" src=\"https:\/\/fishfoodpelletmachine.com\/wp-content\/uploads\/2022\/08\/fish-feed-pellet-machine.webp\" alt=\"mashine ya pellet ya chakula cha samaki\" class=\"wp-image-756\" title=\"\" srcset=\"https:\/\/fishfoodpelletmachine.com\/wp-content\/uploads\/2022\/08\/fish-feed-pellet-machine.webp 720w, https:\/\/fishfoodpelletmachine.com\/wp-content\/uploads\/2022\/08\/fish-feed-pellet-machine-300x225.webp 300w\" sizes=\"auto, (max-width: 720px) 100vw, 720px\" \/><figcaption class=\"wp-element-caption\">Mashine ya Chakula cha Samaki ya Pellet<\/figcaption><\/figure>    <h2 class=\"wp-block-heading\">Tekniska specifikationer f\u00f6r fiskfoderpelletmaskin <\/h2>    <figure class=\"wp-block-table\"><table><tbody><tr><td>Modell<\/td><td>DGP80-B<\/td><\/tr><tr><td>Kapacitet (t\/h)<\/td><td>0.2-0.3<\/td><\/tr><tr><td>Huvudeffekt (kW)<\/td><td>22<\/td><\/tr><tr><td>Matningseffekt (kW)<\/td><td>0.6<\/td><\/tr><tr><td>Spiraldiameter (mm)<\/td><td>\u03c680<\/td><\/tr><tr><td>Sk\u00e4rkraft(kW)<\/td><td>0.6<\/td><\/tr><tr><td>Ukubwa(mm)<\/td><td>1800*1450*1300<\/td><\/tr><tr><td>Uzito(kg)<\/td><td>695<\/td><\/tr><\/tbody><\/table><figcaption class=\"wp-element-caption\">fiskfoderpellets-m\u00e5tt<\/figcaption><\/figure>    <figure class=\"wp-block-image size-full\"><img loading=\"lazy\" decoding=\"async\" width=\"720\" height=\"540\" src=\"https:\/\/fishfoodpelletmachine.com\/wp-content\/uploads\/2023\/07\/Fish-feed-pellet-making-machine-.webp\" alt=\"Mashine ya kutengeneza malisho ya samaki\" class=\"wp-image-655\" title=\"\" srcset=\"https:\/\/fishfoodpelletmachine.com\/wp-content\/uploads\/2023\/07\/Fish-feed-pellet-making-machine-.webp 720w, https:\/\/fishfoodpelletmachine.com\/wp-content\/uploads\/2023\/07\/Fish-feed-pellet-making-machine--300x225.webp 300w\" sizes=\"auto, (max-width: 720px) 100vw, 720px\" \/><figcaption class=\"wp-element-caption\">Fiskfoder pellets tillverkningsmaskin<\/figcaption><\/figure>    <h2 class=\"wp-block-heading\">Flytande fiskfoderpelletmaskin skickad till Ghana<\/h2>    <p>V\u00e5r kund fr\u00e5n Ghana, som \u00e4r verksam inom uppf\u00f6dning av fisk, beh\u00f6ver en maskin f\u00f6r att tillverka en flytande fiskfoderpelletmaskin. <\/p>    <p class=\"translation-block\">Han uppf\u00f6dare 20 000 fiskar. Han beh\u00f6ver 1500-2000 kg fiskfoderpelletsmaskin per dag. Baserat p\u00e5 kundens behov rekommenderar vi <a href=\"https:\/\/fishfoodpelletmachine.com\/sw\/product\/fish-feed-mill-machine\/\">DGP70-B fiskfoder-maltmaskin<\/a>. Utg\u00e5ngen f\u00f6r den flytande fiskfoder-maskinen \u00e4r 0,18-0,20 t\/h. <\/p>    <p>Kunden \u00e4r orolig f\u00f6r att maskinen m\u00e5ste drivas av en dieselmotor. S\u00e5 v\u00e5r f\u00f6rs\u00e4ljningschef gav kunden PI f\u00f6r dieselmotorn, och kunden var n\u00f6jd med alla aspekter och best\u00e4mde sig f\u00f6r att betala. Och vi kommer att skicka 6 formar till kunden. <\/p>    <p>Sedan bekr\u00e4ftade vi hamnen i Tema f\u00f6r kunden. Omedelbart efter att ha tillverkat fiskfoderpelletizern ordnade vi att skicka maskinen till hamnen i Tema.<\/p>    <figure class=\"wp-block-gallery has-nested-images columns-default is-cropped wp-block-gallery-3 is-layout-flex wp-block-gallery-is-layout-flex\"> <figure class=\"wp-block-image size-large\"><img loading=\"lazy\" decoding=\"async\" width=\"720\" height=\"540\" data-id=\"367\" src=\"https:\/\/fishfoodpelletmachine.com\/wp-content\/uploads\/2022\/09\/fish-feed-pelleting-machine-.webp\" alt=\"fiskfoderpelletmaskin med bra pris\" class=\"wp-image-367\" title=\"mashine ya pelleti ya chakula cha samaki\" srcset=\"https:\/\/fishfoodpelletmachine.com\/wp-content\/uploads\/2022\/09\/fish-feed-pelleting-machine-.webp 720w, https:\/\/fishfoodpelletmachine.com\/wp-content\/uploads\/2022\/09\/fish-feed-pelleting-machine--300x225.webp 300w\" sizes=\"auto, (max-width: 720px) 100vw, 720px\" \/><figcaption class=\"wp-element-caption\">Fiskfoderpelletmaskin med ett bra pris<\/figcaption><\/figure>    <figure class=\"wp-block-image size-large\"><img loading=\"lazy\" decoding=\"async\" width=\"720\" height=\"540\" data-id=\"369\" src=\"https:\/\/fishfoodpelletmachine.com\/wp-content\/uploads\/2022\/09\/floating-fish-feed-extruder1.webp\" alt=\"exporterad flytande fiskfoder extruder\" class=\"wp-image-369\" title=\"flytande fiskfoderextruder\" srcset=\"https:\/\/fishfoodpelletmachine.com\/wp-content\/uploads\/2022\/09\/floating-fish-feed-extruder1.webp 720w, https:\/\/fishfoodpelletmachine.com\/wp-content\/uploads\/2022\/09\/floating-fish-feed-extruder1-300x225.webp 300w\" sizes=\"auto, (max-width: 720px) 100vw, 720px\" \/><figcaption class=\"wp-element-caption\">Exporterad flytande fiskfoderextruder<\/figcaption><\/figure> <\/figure>    <h2 class=\"wp-block-heading\">Hur man anv\u00e4nder den flytande fiskfoder maskinen s\u00e4kert?<\/h2>   <div id=\"rank-math-howto\" class=\"rank-math-block\" > <div class=\"rank-math-howto-description\">  <\/div>  <div class=\"rank-math-steps\"> <div id=\"howto-step-1704964502468\" class=\"rank-math-step\"> <h3 class=\"rank-math-step-title\"><strong>Onyo ya Usalama<\/strong><\/h3> <div class=\"rank-math-step-content\"><p>N\u00e4r fiskfoderpelletsproducenten utmatningmaterial, puffmaskinens utlopp framf\u00f6r folk f\u00f6rbjudet att st\u00e5.<\/p> <\/div> <\/div> <div id=\"howto-step-1704964520421\" class=\"rank-math-step\"> <h3 class=\"rank-math-step-title\"><strong>Lindrande Skydd<\/strong><\/h3> <div class=\"rank-math-step-content\"><p>Operat\u00f6rer b\u00f6r b\u00e4ra handskar som t\u00e5l h\u00f6ga temperaturer f\u00f6r att undvika br\u00e4nnskador.<\/p> <\/div> <\/div> <div id=\"howto-step-1704964540221\" class=\"rank-math-step\"> <h3 class=\"rank-math-step-title\"><strong>Maandalizi ya Kifaa<\/strong><\/h3> <div class=\"rank-math-step-content\"><p>Innan du b\u00f6rjar med fiskfoderpelletiseraren b\u00f6r du bekr\u00e4fta att verktyg och andra f\u00f6rem\u00e5l har tagits bort fr\u00e5n puffmaskinen.<\/p> <\/div> <\/div> <div id=\"howto-step-1704964562548\" class=\"rank-math-step\"> <h3 class=\"rank-math-step-title\"><strong>Ukaguzi wa Kawaida<\/strong><\/h3> <div class=\"rank-math-step-content\"><p>Katika uendeshaji wa vifaa, opereta anapaswa kukagua mara kwa mara utendaji mzima wa kitengo, na uharibifu wowote utakaopatikana kwa wakati utarekebishwa.<\/p> <\/div> <\/div> <div id=\"howto-step-1704964571042\" class=\"rank-math-step\"> <h3 class=\"rank-math-step-title\"><strong>Safe Shutdown<\/strong><\/h3> <div class=\"rank-math-step-content\"><p>Efter avst\u00e4ngningen f\u00f6rhindrar demontering av utsl\u00e4ppsl\u00e5dan det interna trycket s\u00e5 att det uppbl\u00e5sta materialet tillsammans med utsl\u00e4ppsl\u00e5dan sk\u00f6ljs ut.<\/p> <\/div> <\/div> <\/div> <\/div>       <figure class=\"wp-block-gallery has-nested-images columns-default is-cropped wp-block-gallery-4 is-layout-flex wp-block-gallery-is-layout-flex\"> <figure class=\"wp-block-image size-large\"><img loading=\"lazy\" decoding=\"async\" width=\"720\" height=\"540\" data-id=\"371\" src=\"https:\/\/fishfoodpelletmachine.com\/wp-content\/uploads\/2022\/09\/fish-food-pellet-mill-.webp\" alt=\"fiskfoderspellemaskin\" class=\"wp-image-371\" title=\"fiskfoderspellemaskin\" srcset=\"https:\/\/fishfoodpelletmachine.com\/wp-content\/uploads\/2022\/09\/fish-food-pellet-mill-.webp 720w, https:\/\/fishfoodpelletmachine.com\/wp-content\/uploads\/2022\/09\/fish-food-pellet-mill--300x225.webp 300w\" sizes=\"auto, (max-width: 720px) 100vw, 720px\" \/><figcaption class=\"wp-element-caption\">Fiskfoderpelletmaskin<\/figcaption><\/figure>    <figure class=\"wp-block-image size-large\"><img loading=\"lazy\" decoding=\"async\" width=\"720\" height=\"540\" data-id=\"373\" src=\"https:\/\/fishfoodpelletmachine.com\/wp-content\/uploads\/2022\/09\/floating-fish-feed-making-machine-.webp\" alt=\"flytande fiskfoderstillverkningsmaskin\" class=\"wp-image-373\" title=\"flytande fiskfoderstillverkningsmaskin\" srcset=\"https:\/\/fishfoodpelletmachine.com\/wp-content\/uploads\/2022\/09\/floating-fish-feed-making-machine-.webp 720w, https:\/\/fishfoodpelletmachine.com\/wp-content\/uploads\/2022\/09\/floating-fish-feed-making-machine--300x225.webp 300w\" sizes=\"auto, (max-width: 720px) 100vw, 720px\" \/><figcaption class=\"wp-element-caption\">Maskin f\u00f6r tillverkning av flytande fiskfoder<\/figcaption><\/figure> <\/figure>    <h2 class=\"wp-block-heading\">\u201eFAQ om fiskpelletsmaskin\u201d<\/h2>   <div id=\"rank-math-faq\" class=\"rank-math-block\"> <div class=\"rank-math-list\"> <div id=\"faq-question-1704964769197\" class=\"rank-math-list-item\"> <h3 class=\"rank-math-question\">Nyenzo za kuvuta moshi wakati bomba la kutolea maji halitoi. <\/h3> <div class=\"rank-math-answer\">  <p class=\"translation-block\"><strong>Anledning: <\/strong>konfigurationen \u00e4r f\u00f6r t\u00e4t, justering av konisk lucka mellan pluggen och konen p\u00e5 kulan \u00e4r f\u00f6r liten.<br \/><strong>Metod:<\/strong> Lossa skruven, dra justeringsskruven tillbaka pluggen till 3-4 varv och ers\u00e4tt luftpluggen.<\/p>  <\/div> <\/div> <div id=\"faq-question-1704964787268\" class=\"rank-math-list-item\"> <h3 class=\"rank-math-question\">Joto la mfumuko wa bei haliwezi kukidhi mahitaji yaliyobainishwa. <\/h3> <div class=\"rank-math-answer\">  <p class=\"translation-block\"><strong>Anledning:<\/strong> Den kraftiga slitsen i fiskfoderpelletsmaskinens slitstarka sleeve-konfiguration \u00e4r inte l\u00e4mplig, slitdelar \u00e4r allvarliga.<br \/><strong>Metod: <\/strong>Omarreglera den slitstarka sleeve;n ers\u00e4tt slitdelarna.<\/p>  <\/div> <\/div> <div id=\"faq-question-1704964813532\" class=\"rank-math-list-item\"> <h3 class=\"rank-math-question\">Inflationstemperaturen \u00e4r inte stabil. <\/h3> <div class=\"rank-math-answer\">  <p class=\"translation-block\"><strong>Anledning:<\/strong> Material klibbar i matarh\u00e5llaren, matningsvolymen \u00e4r instabil.<br \/><strong>Metod: <\/strong>Kontrollera matarh\u00e5llaren och skruven.<\/p>  <\/div> <\/div> <div id=\"faq-question-1704964833179\" class=\"rank-math-list-item\"> <h3 class=\"rank-math-question\">Ghafla hakuna nyenzo baada ya operesheni ya kawaida. <\/h3> <div class=\"rank-math-answer\">  <p class=\"translation-block\"><strong>Anledning:<\/strong> Utdragsventilen p\u00e5 fiskfoderpelletsmaskinen blockeras av metall och andra fr\u00e4mmande f\u00f6rem\u00e5l.<br \/><strong>Metod:<\/strong> Stoppa maskinen och rensa utdragsventilen.<\/p>  <\/div> <\/div> <div id=\"faq-question-1704964851676\" class=\"rank-math-list-item\"> <h3 class=\"rank-math-question\">Material back spray. Feeding too fast, too much in the fish feed pelletizer.<\/h3> <div class=\"rank-math-answer\">  <p class=\"translation-block\"><strong>Anledning: <\/strong> Materialet t\u00f6ms inte j\u00e4mnt och blockerar sig.<br \/><strong>Metod: <\/strong>Kontrollera matningshastigheten. Enligt det bearbetade materialet l\u00e4gg om extruderade puffdelarna.<\/p>  <\/div> <\/div> <\/div> <\/div>   <figure class=\"wp-block-image size-full\"><img loading=\"lazy\" decoding=\"async\" width=\"720\" height=\"540\" src=\"https:\/\/fishfoodpelletmachine.com\/wp-content\/uploads\/2022\/08\/fish-feed-making-machine-for-sale.webp\" alt=\"maskin f\u00f6r tillverkning av fiskfoder till salu\" class=\"wp-image-757\" title=\"\" srcset=\"https:\/\/fishfoodpelletmachine.com\/wp-content\/uploads\/2022\/08\/fish-feed-making-machine-for-sale.webp 720w, https:\/\/fishfoodpelletmachine.com\/wp-content\/uploads\/2022\/08\/fish-feed-making-machine-for-sale-300x225.webp 300w\" sizes=\"auto, (max-width: 720px) 100vw, 720px\" \/><figcaption class=\"wp-element-caption\">Maskin f\u00f6r tillverkning av fiskfoder till salu<\/figcaption><\/figure>    <h2 class=\"wp-block-heading\">Wasiliana nasi<\/h2>    <p class=\"translation-block\">N\u00e4r du p\u00e5b\u00f6rjar din akvakulturresa, st\u00e5r v\u00e5r <a href=\"https:\/\/taizyfarmequipment.com\/product\/fish-feed-pelleting-machine\/\" data-type=\"link\" data-id=\"https:\/\/taizyfarmequipment.com\/product\/fish-feed-pelleting-machine\/\" target=\"_blank\" rel=\"noopener\">Flytande Fiskfoderextruder<\/a> redo att vara din p\u00e5litliga f\u00f6ljeslagare, som driver ditt f\u00f6retag till nya h\u00f6jder. Med sin exceptionella flytkraft, effektiva foderproduktion och anm\u00e4rkningsv\u00e4rda anpassningsf\u00f6rm\u00e5ga, framst\u00e5r den som en framst\u00e5ende akt\u00f6r p\u00e5 den h\u00e5rt konkurrensutsatta marknaden.<\/p>    <p>Kontakta oss nu f\u00f6r att l\u00e5sa upp ny potential inom akvakultur! Vi ser fram emot att erbjuda skr\u00e4ddarsydda l\u00f6sningar f\u00f6r att m\u00f6ta dina st\u00e4ndigt v\u00e4xande aff\u00e4rsbehov. Klicka p\u00e5 f\u00f6rfr\u00e5gningsknappen nedan f\u00f6r att komma i kontakt med v\u00e5rt dedikerade team och bana v\u00e4gen f\u00f6r en framg\u00e5ngsrik framtid.<\/p>    <figure class=\"wp-block-image size-full\"><img loading=\"lazy\" decoding=\"async\" width=\"720\" height=\"540\" src=\"https:\/\/fishfoodpelletmachine.com\/wp-content\/uploads\/2022\/08\/automatic-fish-feed-pelletizer.webp\" alt=\"automatisk fiskfoderpelletizer\" class=\"wp-image-758\" title=\"\" srcset=\"https:\/\/fishfoodpelletmachine.com\/wp-content\/uploads\/2022\/08\/automatic-fish-feed-pelletizer.webp 720w, https:\/\/fishfoodpelletmachine.com\/wp-content\/uploads\/2022\/08\/automatic-fish-feed-pelletizer-300x225.webp 300w\" sizes=\"auto, (max-width: 720px) 100vw, 720px\" \/><figcaption class=\"wp-element-caption\">Automatisk fiskfoderpelletizer<\/figcaption><\/figure>","protected":false},"excerpt":{"rendered":"<p>Kipeperushi cha pellet cha chakula cha samaki kinasimama kama mfano wa usahihi na ufanisi katika uzalishaji wa malisho yenye lishe bora kwa spishi za majini. <\/p>","protected":false},"author":1,"featured_media":361,"parent":0,"template":"","tags":[18,22,21],"product-type":[5],"class_list":["post-81","product","type-product","status-publish","has-post-thumbnail","hentry","tag-fish-feed-pellet-machine","tag-fish-feed-pelletizer","tag-floating-fish-feed-extruder","product-type-fish-feed-pellet-machine"],"_links":{"self":[{"href":"https:\/\/fishfoodpelletmachine.com\/sw\/wp-json\/wp\/v2\/product\/81","targetHints":{"allow":["GET"]}}],"collection":[{"href":"https:\/\/fishfoodpelletmachine.com\/sw\/wp-json\/wp\/v2\/product"}],"about":[{"href":"https:\/\/fishfoodpelletmachine.com\/sw\/wp-json\/wp\/v2\/types\/product"}],"author":[{"embeddable":true,"href":"https:\/\/fishfoodpelletmachine.com\/sw\/wp-json\/wp\/v2\/users\/1"}],"wp:featuredmedia":[{"embeddable":true,"href":"https:\/\/fishfoodpelletmachine.com\/sw\/wp-json\/wp\/v2\/media\/361"}],"wp:attachment":[{"href":"https:\/\/fishfoodpelletmachine.com\/sw\/wp-json\/wp\/v2\/media?parent=81"}],"wp:term":[{"taxonomy":"post_tag","embeddable":true,"href":"https:\/\/fishfoodpelletmachine.com\/sw\/wp-json\/wp\/v2\/tags?post=81"},{"taxonomy":"product-type","embeddable":true,"href":"https:\/\/fishfoodpelletmachine.com\/sw\/wp-json\/wp\/v2\/product-type?post=81"}],"curies":[{"name":"[\"wp\"]","href":"https:\/\/api.w.org\/{rel}","templated":true}]}}