{"id":956,"date":"2025-07-31T09:31:35","date_gmt":"2025-07-31T01:31:35","guid":{"rendered":"https:\/\/fishfoodpelletmachine.com\/?post_type=product&#038;p=956"},"modified":"2025-08-01T09:33:44","modified_gmt":"2025-08-01T01:33:44","slug":"animal-feed-pellet-making-machine","status":"publish","type":"product","link":"https:\/\/fishfoodpelletmachine.com\/sw\/product\/animal-feed-pellet-making-machine\/","title":{"rendered":"Maskin f\u00f6r tillverkning av djurfoderpellets f\u00f6r fj\u00e4derf\u00e4"},"content":{"rendered":"<p>Foderpelletsmaskinen anv\u00e4nds huvudsakligen f\u00f6r att bearbeta foderpelletter f\u00f6r f\u00e5glar som h\u00f6ns, ankor, kor och andra djur. Pelletsens storlek \u00e4r j\u00e4mn, ytan \u00e4r sl\u00e4t. Diametern p\u00e5 pellets kan delas in i: \u03c62, \u03c62.5, \u03c63, \u03c63.5, \u03c64, \u03c65, \u03c66, \u03c67, \u03c68 och s\u00e5 vidare. Den har h\u00f6g bearbetningseffektivitet med en bearbetningskapacitet p\u00e5 120-1200kg\/h.<\/p>    <p>Foderpelletm\u00e5ll \u00e4r fr\u00e4mst l\u00e4mplig f\u00f6r landsbygdsjordbruk, svinfarmer och andra familjer samt sm\u00e5 jordbruk. Det finns m\u00e5nga r\u00e5material tillg\u00e4ngliga, s\u00e5som s\u00e5gsp\u00e5n, risstr\u00e5, bomullsstr\u00e5n, bomullsfr\u00f6skal, vetegrindmj\u00f6l och s\u00e5 vidare.<\/p>    <figure class=\"wp-block-embed is-type-video is-provider-youtube wp-block-embed-youtube wp-embed-aspect-16-9 wp-has-aspect-ratio\"><div class=\"wp-block-embed__wrapper\"> <iframe loading=\"lazy\" title=\"[Animal Feed Pellet Making Machine | How Animal Feed Pellet Making Machine Works?#feedpelletmachine]\" width=\"500\" height=\"281\" src=\"https:\/\/www.youtube.com\/embed\/RGDEkrAa6dg?feature=oembed\" frameborder=\"0\" allow=\"accelerometer; autoplay; clipboard-write; encrypted-media; gyroscope; picture-in-picture; web-share\" referrerpolicy=\"strict-origin-when-cross-origin\" allowfullscreen><\/iframe> <\/div><figcaption class=\"wp-element-caption\">arbetsprocessen f\u00f6r foderpelletmaskinen<\/figcaption><\/figure>    <h2 class=\"wp-block-heading\"><strong>Modeller av foderpelletsmill och deras parametrar<\/strong><\/h2>    <p>Djurfoderpelletmaskiner kommer i olika modeller med olika produktionsegenskaper f\u00f6r att m\u00f6ta olika behov. Bland dem \u00e4r KL-150 och KL-210 heta modeller, som \u00e4r mycket popul\u00e4ra bland kunderna. Dessa tv\u00e5 modeller uppfyller behoven hos de flesta produktionsskalor.<\/p>    <figure class=\"wp-block-table\"><table class=\"has-fixed-layout\"><tbody><tr><td class=\"has-text-align-center\" data-align=\"center\">Modell<\/td><td class=\"has-text-align-center\" data-align=\"center\">V\u00fdkon<\/td><td class=\"has-text-align-center\" data-align=\"center\">Uzito<\/td><td class=\"has-text-align-center\" data-align=\"center\">Ukubwa<\/td><td class=\"has-text-align-center\" data-align=\"center\">Uwezo<\/td><\/tr><tr><td class=\"has-text-align-center\" data-align=\"center\">KL-120<\/td><td class=\"has-text-align-center\" data-align=\"center\">3kw<\/td><td class=\"has-text-align-center\" data-align=\"center\">100kg<\/td><td class=\"has-text-align-center\" data-align=\"center\">0.75*0.32*0.61m<\/td><td class=\"has-text-align-center\" data-align=\"center\">120kg\/h<\/td><\/tr><tr><td class=\"has-text-align-center\" data-align=\"center\">KL-150<\/td><td class=\"has-text-align-center\" data-align=\"center\">3kw<\/td><td class=\"has-text-align-center\" data-align=\"center\">190kg<\/td><td class=\"has-text-align-center\" data-align=\"center\">0.75*0.35*0.65m<\/td><td class=\"has-text-align-center\" data-align=\"center\">150kg\/h<\/td><\/tr><tr><td class=\"has-text-align-center\" data-align=\"center\">KL-210<\/td><td class=\"has-text-align-center\" data-align=\"center\">7.5kw<\/td><td class=\"has-text-align-center\" data-align=\"center\">230kg<\/td><td class=\"has-text-align-center\" data-align=\"center\">1.0*0.45*0.96m<\/td><td class=\"has-text-align-center\" data-align=\"center\">400kg\/h<\/td><\/tr><tr><td class=\"has-text-align-center\" data-align=\"center\">KL-260<\/td><td class=\"has-text-align-center\" data-align=\"center\">15kw<\/td><td class=\"has-text-align-center\" data-align=\"center\">360kg<\/td><td class=\"has-text-align-center\" data-align=\"center\">1.46*0.46*1.15m<\/td><td class=\"has-text-align-center\" data-align=\"center\">800kg\/h<\/td><\/tr><tr><td class=\"has-text-align-center\" data-align=\"center\">KL-300<\/td><td class=\"has-text-align-center\" data-align=\"center\">22kw<\/td><td class=\"has-text-align-center\" data-align=\"center\">450kg<\/td><td class=\"has-text-align-center\" data-align=\"center\">1.06*0.57*1.15m<\/td><td class=\"has-text-align-center\" data-align=\"center\">1000-1200kg\/h<\/td><\/tr><\/tbody><\/table><figcaption class=\"wp-element-caption\"><strong>modeller av foderpelletsmill och deras parametrar<\/strong><\/figcaption><\/figure>    <h2 class=\"wp-block-heading\"><strong>R\u00e5material och till\u00e4mpningar av livsmedels pelletmaskinen<\/strong><\/h2>    <p>R\u00e5material f\u00f6r djurfoderpelletsmaskin: varierande spannmj\u00f6l, kl\u00f6ver, majsk stalks, risbr\u00e4nna, bomullsfr\u00f6-hulls, vete-h\u00e4l, och s\u00e5 vidare.<\/p>    <p>Till\u00e4mpning av livsmedels pelletmaskin: den kan bearbeta r\u00e5material till olika djurfoder s\u00e5som kyckling, anka, ko, gris, osv.<\/p>   <div class=\"wp-block-image\"> <figure class=\"aligncenter size-full\"><img loading=\"lazy\" decoding=\"async\" width=\"720\" height=\"540\" src=\"https:\/\/fishfoodpelletmachine.com\/wp-content\/uploads\/2025\/07\/feed-pellet-making-.webp\" alt=\" r\u00e5material och f\u00e4rdiga produkter av foderpelletmaskin\" class=\"wp-image-961\" title=\"\" srcset=\"https:\/\/fishfoodpelletmachine.com\/wp-content\/uploads\/2025\/07\/feed-pellet-making-.webp 720w, https:\/\/fishfoodpelletmachine.com\/wp-content\/uploads\/2025\/07\/feed-pellet-making--300x225.webp 300w, https:\/\/fishfoodpelletmachine.com\/wp-content\/uploads\/2025\/07\/feed-pellet-making--16x12.webp 16w\" sizes=\"auto, (max-width: 720px) 100vw, 720px\" \/><figcaption class=\"wp-element-caption\">r\u00e5material och f\u00e4rdiga produkter av livsmedels pelletsmill<\/figcaption><\/figure> <\/div>   <h2 class=\"wp-block-heading\"><strong>Konstruktion av flat die pellet mill<\/strong><\/h2>    <p>Det best\u00e5r huvudsakligen av en matningshink, justerbar mutter, en motor, ett r\u00f6rligt hjul och s\u00e5 vidare. Foderpelletmaskinen \u00e4r v\u00e4l utformad; inte bara \u00e4r produktiviteten mycket bra, utan \u00e4ven driften \u00e4r mycket enkel. Det kan hj\u00e4lpa dig spara mycket tid och energi!<\/p>   <div class=\"wp-block-image\"> <figure class=\"aligncenter size-full\"><img loading=\"lazy\" decoding=\"async\" width=\"720\" height=\"540\" src=\"https:\/\/fishfoodpelletmachine.com\/wp-content\/uploads\/2025\/07\/structure-animal-feed-pellet-mill.webp\" alt=\"strukturen-djurfoderpelletsmill\" class=\"wp-image-965\" title=\"\" srcset=\"https:\/\/fishfoodpelletmachine.com\/wp-content\/uploads\/2025\/07\/structure-animal-feed-pellet-mill.webp 720w, https:\/\/fishfoodpelletmachine.com\/wp-content\/uploads\/2025\/07\/structure-animal-feed-pellet-mill-300x225.webp 300w, https:\/\/fishfoodpelletmachine.com\/wp-content\/uploads\/2025\/07\/structure-animal-feed-pellet-mill-16x12.webp 16w\" sizes=\"auto, (max-width: 720px) 100vw, 720px\" \/><figcaption class=\"wp-element-caption\">strukturen av djurfoderpelletsmill<\/figcaption><\/figure> <\/div>   <p>Denna djurfoderpelletmaskin kan utrustas med dieselmotor, bensinmotor, PTO och elmotor. Den \u00e4r l\u00e4mplig f\u00f6r alla typer av omr\u00e5den och \u00e4r inte begr\u00e4nsad av str\u00f6mf\u00f6rs\u00f6rjning.<\/p>    <figure class=\"wp-block-gallery has-nested-images columns-default is-cropped wp-block-gallery-2 is-layout-flex wp-block-gallery-is-layout-flex\"> <figure class=\"wp-block-image size-large\"><img loading=\"lazy\" decoding=\"async\" width=\"720\" height=\"540\" data-id=\"963\" src=\"https:\/\/fishfoodpelletmachine.com\/wp-content\/uploads\/2025\/07\/food-pellet-maker-with-petrol-engine.webp\" alt=\"foderpelletmaskin med bensinmotor\" class=\"wp-image-963\" title=\"\" srcset=\"https:\/\/fishfoodpelletmachine.com\/wp-content\/uploads\/2025\/07\/food-pellet-maker-with-petrol-engine.webp 720w, https:\/\/fishfoodpelletmachine.com\/wp-content\/uploads\/2025\/07\/food-pellet-maker-with-petrol-engine-300x225.webp 300w, https:\/\/fishfoodpelletmachine.com\/wp-content\/uploads\/2025\/07\/food-pellet-maker-with-petrol-engine-16x12.webp 16w\" sizes=\"auto, (max-width: 720px) 100vw, 720px\" \/><figcaption class=\"wp-element-caption\">Fod Pellet Maker med Bensinmotor<\/figcaption><\/figure>    <figure class=\"wp-block-image size-large\"><img loading=\"lazy\" decoding=\"async\" width=\"720\" height=\"540\" data-id=\"960\" src=\"https:\/\/fishfoodpelletmachine.com\/wp-content\/uploads\/2025\/07\/feed-pellet-making-machine-with-pto.webp\" alt=\"foderpelletmaskin med PTO\" class=\"wp-image-960\" title=\"\" srcset=\"https:\/\/fishfoodpelletmachine.com\/wp-content\/uploads\/2025\/07\/feed-pellet-making-machine-with-pto.webp 720w, https:\/\/fishfoodpelletmachine.com\/wp-content\/uploads\/2025\/07\/feed-pellet-making-machine-with-pto-300x225.webp 300w, https:\/\/fishfoodpelletmachine.com\/wp-content\/uploads\/2025\/07\/feed-pellet-making-machine-with-pto-16x12.webp 16w\" sizes=\"auto, (max-width: 720px) 100vw, 720px\" \/><figcaption class=\"wp-element-caption\">Fod Pellet Making Machine med PTO<\/figcaption><\/figure> <\/figure>    <figure class=\"wp-block-gallery has-nested-images columns-default is-cropped wp-block-gallery-3 is-layout-flex wp-block-gallery-is-layout-flex\"> <figure class=\"wp-block-image size-large\"><img loading=\"lazy\" decoding=\"async\" width=\"720\" height=\"540\" data-id=\"959\" src=\"https:\/\/fishfoodpelletmachine.com\/wp-content\/uploads\/2025\/07\/feed-pellet-machinewith-electric-motors.webp\" alt=\"foderpelletmaskin med elmotorer\" class=\"wp-image-959\" title=\"\" srcset=\"https:\/\/fishfoodpelletmachine.com\/wp-content\/uploads\/2025\/07\/feed-pellet-machinewith-electric-motors.webp 720w, https:\/\/fishfoodpelletmachine.com\/wp-content\/uploads\/2025\/07\/feed-pellet-machinewith-electric-motors-300x225.webp 300w, https:\/\/fishfoodpelletmachine.com\/wp-content\/uploads\/2025\/07\/feed-pellet-machinewith-electric-motors-16x12.webp 16w\" sizes=\"auto, (max-width: 720px) 100vw, 720px\" \/><figcaption class=\"wp-element-caption\">Foderpelletmaskin med elmotorer<\/figcaption><\/figure>    <figure class=\"wp-block-image size-large\"><img loading=\"lazy\" decoding=\"async\" width=\"720\" height=\"540\" data-id=\"957\" src=\"https:\/\/fishfoodpelletmachine.com\/wp-content\/uploads\/2025\/07\/animal-feed-pellet-machine-with-diesel-engine.webp\" alt=\"djurfoderpelletmaskin med dieselmotor\" class=\"wp-image-957\" title=\"\" srcset=\"https:\/\/fishfoodpelletmachine.com\/wp-content\/uploads\/2025\/07\/animal-feed-pellet-machine-with-diesel-engine.webp 720w, https:\/\/fishfoodpelletmachine.com\/wp-content\/uploads\/2025\/07\/animal-feed-pellet-machine-with-diesel-engine-300x225.webp 300w, https:\/\/fishfoodpelletmachine.com\/wp-content\/uploads\/2025\/07\/animal-feed-pellet-machine-with-diesel-engine-16x12.webp 16w\" sizes=\"auto, (max-width: 720px) 100vw, 720px\" \/><figcaption class=\"wp-element-caption\">Djurfoderpelletmaskin med dieselmotor<\/figcaption><\/figure> <\/figure>    <h2 class=\"wp-block-heading\"><strong>Tillbeh\u00f6r till foderpelletmaskinen<\/strong><\/h2>    <p>Huvudtillbeh\u00f6ren till djurfoderpelletmaskinen \u00e4r slipning skiva och tryckvals.<\/p>    <p>Slipningsskivan anv\u00e4nds huvudsakligen f\u00f6r att best\u00e4mma diametern p\u00e5 livsmedelspartiklarna. Slutfodrets pellets kan delas in i: \u03c62, \u03c62.5, \u03c63, \u03c63.5, \u03c64, \u03c65, \u03c66, \u03c67, \u03c68, och s\u00e5 vidare. Du kan byta slipplan enligt dina behov.<\/p>    <figure class=\"wp-block-gallery has-nested-images columns-default is-cropped wp-block-gallery-4 is-layout-flex wp-block-gallery-is-layout-flex\"> <figure class=\"wp-block-image size-large\"><img loading=\"lazy\" decoding=\"async\" width=\"720\" height=\"540\" data-id=\"964\" src=\"https:\/\/fishfoodpelletmachine.com\/wp-content\/uploads\/2025\/07\/roller-and-mill-plate-of-animal-feed-pelllet-machine-tuya.webp\" alt=\"rulle och skivor av djurfoderpellmaskin\" class=\"wp-image-964\" title=\"\" srcset=\"https:\/\/fishfoodpelletmachine.com\/wp-content\/uploads\/2025\/07\/roller-and-mill-plate-of-animal-feed-pelllet-machine-tuya.webp 720w, https:\/\/fishfoodpelletmachine.com\/wp-content\/uploads\/2025\/07\/roller-and-mill-plate-of-animal-feed-pelllet-machine-tuya-300x225.webp 300w, https:\/\/fishfoodpelletmachine.com\/wp-content\/uploads\/2025\/07\/roller-and-mill-plate-of-animal-feed-pelllet-machine-tuya-16x12.webp 16w\" sizes=\"auto, (max-width: 720px) 100vw, 720px\" \/><figcaption class=\"wp-element-caption\">Rulle och slipplatta av djurfoderpelletmaskin<\/figcaption><\/figure>    <figure class=\"wp-block-image size-large\"><img loading=\"lazy\" decoding=\"async\" width=\"720\" height=\"540\" data-id=\"958\" src=\"https:\/\/fishfoodpelletmachine.com\/wp-content\/uploads\/2025\/07\/different-sizes-of-grinding-discs-for-feed-pelletizer.webp\" alt=\"de olika storlekarna p\u00e5 slipplattor f\u00f6r foderpelletstillverkaren\" class=\"wp-image-958\" title=\"\" srcset=\"https:\/\/fishfoodpelletmachine.com\/wp-content\/uploads\/2025\/07\/different-sizes-of-grinding-discs-for-feed-pelletizer.webp 720w, https:\/\/fishfoodpelletmachine.com\/wp-content\/uploads\/2025\/07\/different-sizes-of-grinding-discs-for-feed-pelletizer-300x225.webp 300w, https:\/\/fishfoodpelletmachine.com\/wp-content\/uploads\/2025\/07\/different-sizes-of-grinding-discs-for-feed-pelletizer-16x12.webp 16w\" sizes=\"auto, (max-width: 720px) 100vw, 720px\" \/><figcaption class=\"wp-element-caption\">De olika storlekarna p\u00e5 slipplattor f\u00f6r foderpelletmaskinen<\/figcaption><\/figure> <\/figure>    <h2 class=\"wp-block-heading\"><strong>F\u00f6rdelar med Taiy djurfoderpelletmaskin<\/strong><\/h2>    <ul class=\"wp-block-list\"> <li><strong>Operesheni rahisi<\/strong>: operesheni ni rahisi na inaweza kufanywa na mtu mmoja tu, na hakuna fundi maalum anayehitajika.<\/li>    <li><strong>Ufanisi wa juu wa uzalishaji<\/strong>: ina uwezo wa uzalishaji wa 120kg-200kg\/h, ambayo inaweza kukidhi mahitaji ya uzalishaji wa viwango tofauti.<\/li>    <li><strong>Upeo mpana wa matumizi<\/strong>: nyenzo nyingi za kulisha, kama nafaka ya mahindi, majani, vibanzi, mchele, ngano, na vipande vya mbao, vinastahili kwa mashine yetu ya kuchoma pellets.<\/li>    <li><strong>Inapatikana na vyanzo vinne vya nguvu<\/strong>: tumebuni modeli za mashine yetu ya kuchoma pellets zenye injini ya petroli, injini ya dizeli, motor ya umeme, na pato la nguvu la pto.<\/li>    <li><strong>Gharama ya matengenezo ya chini<\/strong>: ina rahisi kubadilisha sehemu za vipuri na gharama ndogo za mzunguko na moldi.<\/li>    <li><strong>Faida ya bei<\/strong>: sisi ni wazalishaji wa ndani na tuna faida ya bei katika soko lile lile.<\/li>    <li><strong>Dhamana ya baada ya mauzo<\/strong>: Taizy feed pelletizer ina timu imara ya huduma baada ya mauzo na msaada wa kitaalamu wa kiufundi ili kutatua matatizo yako kwa wakati.<\/li> <\/ul>    <figure class=\"wp-block-gallery has-nested-images columns-default is-cropped wp-block-gallery-5 is-layout-flex wp-block-gallery-is-layout-flex\"> <figure class=\"wp-block-image size-large\"><img loading=\"lazy\" decoding=\"async\" width=\"720\" height=\"540\" data-id=\"962\" src=\"https:\/\/fishfoodpelletmachine.com\/wp-content\/uploads\/2025\/07\/flat-die-pellet-mill.webp\" alt=\"visningen av flat die pellet mill\" class=\"wp-image-962\" title=\"\" srcset=\"https:\/\/fishfoodpelletmachine.com\/wp-content\/uploads\/2025\/07\/flat-die-pellet-mill.webp 720w, https:\/\/fishfoodpelletmachine.com\/wp-content\/uploads\/2025\/07\/flat-die-pellet-mill-300x225.webp 300w, https:\/\/fishfoodpelletmachine.com\/wp-content\/uploads\/2025\/07\/flat-die-pellet-mill-16x12.webp 16w\" sizes=\"auto, (max-width: 720px) 100vw, 720px\" \/><figcaption class=\"wp-element-caption\">Flat Die Pellet Mill<\/figcaption><\/figure> <\/figure>    <h2 class=\"wp-block-heading\"><strong>Om priset p\u00e5 djurfoderpelletmaskinen<\/strong><\/h2>    <p>Priset p\u00e5 en foderpelletsmill kan p\u00e5verkas av flera faktorer. Tv\u00e5 av de viktigaste p\u00e5verkande faktorerna visas nedan:<\/p>    <p>Olika pris f\u00f6r olika modeller: priset p\u00e5 foderpelletmaskinen kommer att vara olika f\u00f6r olika modeller. Generellt sett \u00e4r priset h\u00f6gre f\u00f6r modeller med st\u00f6rre kapacitet. Till exempel \u00e4r priset p\u00e5 KL-210 h\u00f6gre \u00e4n KL-150.<\/p>    <p>Olika priser f\u00f6r olika tillbeh\u00f6r: \u00e5 ena sidan kommer antalet tillbeh\u00f6r att p\u00e5verka priset. Priset blir h\u00f6gre om det finns st\u00f6rre efterfr\u00e5gan p\u00e5 tillbeh\u00f6r. \u00c5 andra sidan blir anpassade tillbeh\u00f6r dyrare.<\/p>    <h2 class=\"wp-block-heading\"><strong>Produktionslinjer f\u00f6r foderpelletmaskinen<\/strong><\/h2>    <p class=\"translation-block\">F\u00f6r att m\u00f6ta olika kunders behov erbjuder vi \u00e4ven <a href=\"https:\/\/fishfoodpelletmachine.com\/sw\/product\/animal-feed-pellet-production-line\/\">produktion linje f\u00f6r djurfoderpelletmaskin<\/a>. Dessa inkluderar hamrmaskin, skruvtransport\u00f6r, mixer, foderpelletmaskin, kylmaskin, v\u00e4g- ochpackningsmaskin och s\u00e5 vidare.<\/p>    <p>Produktionslinjen kan kraftigt spara arbetskraft och f\u00f6rb\u00e4ttra produktionseffektiviteten. L\u00e5t dig realisera en-mots processing. Oavsett om du vill starta en f\u00e5gelpelletsproduktionsverksamhet eller forts\u00e4tta expandera din produktion, \u00e4r denna produktionslinje ett utm\u00e4rkt val!<\/p>   <div class=\"wp-block-image\"> <figure class=\"aligncenter size-full\"><img loading=\"lazy\" decoding=\"async\" width=\"720\" height=\"540\" src=\"https:\/\/fishfoodpelletmachine.com\/wp-content\/uploads\/2025\/07\/production-lines-for-the-feed-pelletizer-machine.webp\" alt=\"produktionslinjerna f\u00f6r foderpelletmaskinen\" class=\"wp-image-968\" title=\"\" srcset=\"https:\/\/fishfoodpelletmachine.com\/wp-content\/uploads\/2025\/07\/production-lines-for-the-feed-pelletizer-machine.webp 720w, https:\/\/fishfoodpelletmachine.com\/wp-content\/uploads\/2025\/07\/production-lines-for-the-feed-pelletizer-machine-300x225.webp 300w, https:\/\/fishfoodpelletmachine.com\/wp-content\/uploads\/2025\/07\/production-lines-for-the-feed-pelletizer-machine-16x12.webp 16w\" sizes=\"auto, (max-width: 720px) 100vw, 720px\" \/><figcaption class=\"wp-element-caption\">Produktionslinjer f\u00f6r foderpelletmaskinen<\/figcaption><\/figure> <\/div>   <h2 class=\"wp-block-heading\"><strong>Det lyckade fallet med Taizy pelletfoderkvarnmaskin<\/strong><\/h2>    <p>I april best\u00e4llde en kund i Demokratiska republiken Kongo en KL-210 djurfoderpelletmaskin. Genom kommunikationen l\u00e4rde vi oss att kunden har en farm. Han beh\u00f6ver en maskin med kapacitet 300-400kg\/h. Och hoppas f\u00e5 maskinen inom 15 dagar.<\/p>    <p>Baserat p\u00e5 kundens behov rekommenderar vi denna foderpelletmaskin till kunden. F\u00f6r att l\u00e5ta kunden ta emot varorna s\u00e5 snart som m\u00f6jligt arbetade vi \u00f6vertid \u00f6ver natten f\u00f6r att producera. Tio dagar senare f\u00e4rdigst\u00e4lldes produktionen och produktbilderna skickades till kunden. Kundn var mycket n\u00f6jd och betalade slutbetalningen.<\/p>    <p>Efter att han mottagit foderpelletmaskinen sade han att han var mycket n\u00f6jd och hoppades p\u00e5 mer samarbete i framtiden! Om du beh\u00f6ver en flat die pellet mill, v\u00e4nligen kontakta oss omedelbart. Vi kommer att ge dig den mest professionella service och utrustning!<\/p>","protected":false},"excerpt":{"rendered":"<p>Makala hii inahusu faida, mifano, na vigezo vya mashine ya kutengeneza pelleti za chakula cha wanyama. Hii inafaa hasa kwa kilimo cha vijijini, mashamba ya sungura na mashamba mengine madogo ya familia, uwezo wake ni 120kg-1200kg\/h.<\/p>","protected":false},"author":1,"featured_media":967,"parent":0,"template":"","tags":[51],"product-type":[4],"class_list":["post-956","product","type-product","status-publish","has-post-thumbnail","hentry","tag-feed-pellet","product-type-feed-grinding-machine"],"_links":{"self":[{"href":"https:\/\/fishfoodpelletmachine.com\/sw\/wp-json\/wp\/v2\/product\/956","targetHints":{"allow":["GET"]}}],"collection":[{"href":"https:\/\/fishfoodpelletmachine.com\/sw\/wp-json\/wp\/v2\/product"}],"about":[{"href":"https:\/\/fishfoodpelletmachine.com\/sw\/wp-json\/wp\/v2\/types\/product"}],"author":[{"embeddable":true,"href":"https:\/\/fishfoodpelletmachine.com\/sw\/wp-json\/wp\/v2\/users\/1"}],"wp:featuredmedia":[{"embeddable":true,"href":"https:\/\/fishfoodpelletmachine.com\/sw\/wp-json\/wp\/v2\/media\/967"}],"wp:attachment":[{"href":"https:\/\/fishfoodpelletmachine.com\/sw\/wp-json\/wp\/v2\/media?parent=956"}],"wp:term":[{"taxonomy":"post_tag","embeddable":true,"href":"https:\/\/fishfoodpelletmachine.com\/sw\/wp-json\/wp\/v2\/tags?post=956"},{"taxonomy":"product-type","embeddable":true,"href":"https:\/\/fishfoodpelletmachine.com\/sw\/wp-json\/wp\/v2\/product-type?post=956"}],"curies":[{"name":"[\"wp\"]","href":"https:\/\/api.w.org\/{rel}","templated":true}]}}